{"id":1187,"date":"2025-07-26T18:22:55","date_gmt":"2025-07-26T16:22:55","guid":{"rendered":"https:\/\/mysouldrops.eu\/?page_id=1187"},"modified":"2025-07-26T19:03:33","modified_gmt":"2025-07-26T17:03:33","slug":"vegansky-tanusitvany","status":"publish","type":"page","link":"https:\/\/mysouldrops.eu\/cs\/a-souldrops-rol\/vegan-tanusitvany\/","title":{"rendered":"Vegansk\u00fd certifik\u00e1t"},"content":{"rendered":"<section class=\"section\" id=\"section_1327812476\">\n\t\t<div class=\"section-bg fill\" >\n\t\t\t\t\t\t\t\t\t\n\t\t\t\n\n\t\t<\/div>\n\n\t\t\n\n\t\t<div class=\"section-content relative\">\n\t\t\t\n\n<div class=\"row row-collapse row-full-width align-middle align-center\"  id=\"row-693692506\">\n\n\n\t<div id=\"col-1455245732\" class=\"col medium-12 small-12 large-6 medium-col-first\"  >\n\t\t\t\t<div class=\"col-inner\"  >\n\t\t\t\n\t\t\t\n\n\n  <div class=\"banner has-hover has-video has-parallax\" id=\"banner-482224772\">\n          <div class=\"banner-inner fill\">\n        <div class=\"banner-bg fill\" data-parallax=\"-2\" data-parallax-container=\".banner\" data-parallax-background>\n            <img loading=\"lazy\" decoding=\"async\" width=\"1020\" height=\"680\" src=\"https:\/\/mysouldrops.eu\/wp-content\/uploads\/2025\/07\/vegan-food-background-plant-protein-vegetarian-2025-01-29-08-39-32-utc-1200x800.jpg\" class=\"bg attachment-large size-large\" alt=\"\" data-attachment-id=\"1202\" data-permalink=\"https:\/\/mysouldrops.eu\/cs\/a-souldrops-rol\/vegan-tanusitvany\/vegan-food-background-plant-protein-vegetarian-2025-01-29-08-39-32-utc\/#main\" data-orig-file=\"https:\/\/mysouldrops.eu\/wp-content\/uploads\/2025\/07\/vegan-food-background-plant-protein-vegetarian-2025-01-29-08-39-32-utc.jpg\" data-orig-size=\"2500,1667\" data-comments-opened=\"1\" data-image-meta=\"{&quot;aperture&quot;:&quot;9&quot;,&quot;credit&quot;:&quot;Olga Kochina&quot;,&quot;camera&quot;:&quot;X-T3&quot;,&quot;caption&quot;:&quot;Vegan food background. Plant protein., vegetarian nutrition sources. Healthy eating, diet ingredients: legumes, beans, lentils, nuts, soy milk, tofu, cereals, seeds and sprouts. Top view&quot;,&quot;created_timestamp&quot;:&quot;1666361126&quot;,&quot;copyright&quot;:&quot;&quot;,&quot;focal_length&quot;:&quot;23.5&quot;,&quot;iso&quot;:&quot;80&quot;,&quot;shutter_speed&quot;:&quot;0.00625&quot;,&quot;title&quot;:&quot;&quot;,&quot;orientation&quot;:&quot;1&quot;}\" data-image-title=\"vegan-food-background-plant-protein-vegetarian-2025-01-29-08-39-32-utc\" data-image-description=\"\" data-image-caption=\"&lt;p&gt;Vegan food background. Plant protein., vegetarian nutrition sources. Healthy eating, diet ingredients: legumes, beans, lentils, nuts, soy milk, tofu, cereals, seeds and sprouts. Top view&lt;\/p&gt;\" data-large-file=\"https:\/\/mysouldrops.eu\/wp-content\/uploads\/2025\/07\/vegan-food-background-plant-protein-vegetarian-2025-01-29-08-39-32-utc-1200x800.jpg\" \/>            \t<div class=\"video-overlay no-click fill hide-for-medium\"><\/div>\n\t<video class=\"video-bg fill hide-for-medium\" preload playsinline autoplay muted loop>\n\t\t<source src=\"https:\/\/videos.files.wordpress.com\/AQ0RMFgK\/shelves-with-products-in-a-grocery-store-2023-12-14-05-47-01-utc-1.mp4\" type=\"video\/mp4\">\t<\/video>\n            <div class=\"overlay\"><\/div>            \n                    <\/div>\n\t\t\n        <div class=\"banner-layers container\">\n            <div class=\"fill banner-link\"><\/div>            \n\n   <div id=\"text-box-1967418233\" class=\"text-box banner-layer x50 md-x50 lg-x50 y50 md-y50 lg-y50 res-text\">\n                                <div class=\"text-box-content text dark\">\n              \n              <div class=\"text-inner text-center\">\n                  \n\n\t<div class=\"img has-hover x md-x lg-x y md-y lg-y\" id=\"image_1706233790\">\n\t\t\t\t<div data-parallax-fade=\"true\" data-parallax=\"-2\">\t\t<div data-animate=\"fadeInUp\">\t\t<div class=\"img-inner dark\" >\n\t\t\t<img loading=\"lazy\" decoding=\"async\" width=\"1020\" height=\"720\" src=\"https:\/\/mysouldrops.eu\/wp-content\/uploads\/2025\/06\/vegan_logo-1134x800.png\" class=\"attachment-large size-large\" alt=\"\" srcset=\"https:\/\/mysouldrops.eu\/wp-content\/uploads\/2025\/06\/vegan_logo-1134x800.png 1134w, https:\/\/mysouldrops.eu\/wp-content\/uploads\/2025\/06\/vegan_logo-567x400.png 567w, https:\/\/mysouldrops.eu\/wp-content\/uploads\/2025\/06\/vegan_logo-768x542.png 768w, https:\/\/mysouldrops.eu\/wp-content\/uploads\/2025\/06\/vegan_logo-510x360.png 510w, https:\/\/mysouldrops.eu\/wp-content\/uploads\/2025\/06\/vegan_logo.png 1298w\" sizes=\"auto, (max-width: 1020px) 100vw, 1020px\" data-attachment-id=\"886\" data-permalink=\"https:\/\/mysouldrops.eu\/cs\/souldrops-haztartasi-tisztitoszerek\/vegan_logo\/#main\" data-orig-file=\"https:\/\/mysouldrops.eu\/wp-content\/uploads\/2025\/06\/vegan_logo.png\" data-orig-size=\"1298,916\" data-comments-opened=\"1\" data-image-meta=\"{&quot;aperture&quot;:&quot;0&quot;,&quot;credit&quot;:&quot;&quot;,&quot;camera&quot;:&quot;&quot;,&quot;caption&quot;:&quot;&quot;,&quot;created_timestamp&quot;:&quot;0&quot;,&quot;copyright&quot;:&quot;&quot;,&quot;focal_length&quot;:&quot;0&quot;,&quot;iso&quot;:&quot;0&quot;,&quot;shutter_speed&quot;:&quot;0&quot;,&quot;title&quot;:&quot;&quot;,&quot;orientation&quot;:&quot;0&quot;}\" data-image-title=\"vegan_logo\" data-image-description=\"\" data-image-caption=\"\" data-large-file=\"https:\/\/mysouldrops.eu\/wp-content\/uploads\/2025\/06\/vegan_logo-1134x800.png\" \/>\t\t\t\t\t\t\n\t\t\t\t\t<\/div>\n\t\t<\/div>\t\t<\/div>\t\t\t\t\n<style>\n#image_1706233790 {\n  width: 79%;\n}\n<\/style>\n\t<\/div>\n\t\n\n\n              <\/div>\n           <\/div>\n                            \n<style>\n#text-box-1967418233 {\n  width: 60%;\n}\n#text-box-1967418233 .text-box-content {\n  font-size: 100%;\n}\n@media (min-width:550px) {\n  #text-box-1967418233 {\n    width: 60%;\n  }\n}\n<\/style>\n    <\/div>\n \n\n        <\/div>\n      <\/div>\n\n            \n<style>\n#banner-482224772 {\n  padding-top: 300px;\n  background-color: rgba(255, 255, 255, 0);\n}\n#banner-482224772 .overlay {\n  background-color: rgba(255, 255, 255, 0.756);\n}\n#banner-482224772 .banner-bg img {\n  object-position: 67% 25%;\n}\n@media (min-width:550px) {\n  #banner-482224772 {\n    padding-top: 400px;\n  }\n}\n@media (min-width:850px) {\n  #banner-482224772 {\n    padding-top: 550px;\n  }\n}\n<\/style>\n  <\/div>\n\n\n\n\t\t<\/div>\n\t\t\t\t\t<\/div>\n\n\t\n\n\t<div id=\"col-526941374\" class=\"col index-up medium-12 small-11 large-6\"  >\n\t\t\t\t<div class=\"col-inner\"  >\n\t\t\t\n\t\t\t\n\n\t<div id=\"gap-529783997\" class=\"gap-element clearfix\" style=\"display:block; height:auto;\">\n\t\t\n<style>\n#gap-529783997 {\n  padding-top: 30px;\n}\n<\/style>\n\t<\/div>\n\t\n\n<div class=\"row align-center\"  id=\"row-503279231\">\n\n\n\t<div id=\"col-50021438\" class=\"col index-up medium-11 small-12 large-12\"  data-animate=\"fadeInRight\">\n\t\t\t\t<div class=\"col-inner text-center box-shadow-3\" style=\"background-color:rgb(255, 255, 255);\" data-parallax-fade=\"true\" data-parallax=\"2\">\n\t\t\t\n\t\t\t\n\n<h2 class=\"uppercase\" style=\"text-align: center;\">Co je vegansk\u00e9 <br \/>Certifik\u00e1t ochrann\u00e9 zn\u00e1mky?<\/h2>\n<p>A <strong>Souldrops<\/strong> \u010distota pro n\u00e1s neznamen\u00e1 jen \u00fa\u010dinnost na\u0161ich v\u00fdrobk\u016f, ale odr\u00e1\u017e\u00ed tak\u00e9 na\u0161e hodnoty. <strong>jsme obzvl\u00e1\u0161t\u011b hrd\u00ed na to, \u017ee na\u0161e v\u00fdrobky z\u00edskaly jednu z nejzn\u00e1m\u011bj\u0161\u00edch a nejuzn\u00e1van\u011bj\u0161\u00edch vegansk\u00fdch certifikac\u00ed na sv\u011bt\u011b: Vegan Trademark, kterou ud\u011bluje The Vegan Society ve Velk\u00e9 Brit\u00e1nii.<\/strong><\/p>\n\n\t\t<\/div>\n\t\t\t\t\n<style>\n#col-50021438 > .col-inner {\n  padding: 15% 10% 15% 10%;\n  margin: -100px 0px 0px 0px;\n  border-radius: 15px;\n}\n@media (min-width:550px) {\n  #col-50021438 > .col-inner {\n    padding: 6% 6% 6% 6%;\n    margin: -150px 0px 0px 0px;\n  }\n}\n@media (min-width:850px) {\n  #col-50021438 > .col-inner {\n    padding: 7% 10% 7% 10%;\n    margin: 0px 0px 0px -100px;\n  }\n}\n<\/style>\n\t<\/div>\n\n\t\n\n<\/div>\n\n\t\t<\/div>\n\t\t\t\t\n<style>\n#col-526941374 > .col-inner {\n  padding: 10px 0px 20px 0px;\n}\n@media (min-width:550px) {\n  #col-526941374 > .col-inner {\n    padding: 35px 0px 30px 0px;\n  }\n}\n@media (min-width:850px) {\n  #col-526941374 > .col-inner {\n    padding: 0 0px 0px 0px;\n  }\n}\n<\/style>\n\t<\/div>\n\n\t\n\n<\/div>\n\n\t\t<\/div>\n\n\t\t\n<style>\n#section_1327812476 {\n  padding-top: 0px;\n  padding-bottom: 0px;\n  margin-bottom: 0px;\n  background-color: #273647;\n}\n@media (min-width:550px) {\n  #section_1327812476 {\n    padding-top: 0px;\n    padding-bottom: 0px;\n  }\n}\n<\/style>\n\t<\/section>\n\t\n\n\t<section class=\"section\" id=\"section_398862862\">\n\t\t<div class=\"section-bg fill\" >\n\t\t\t\t\t\t\t\t\t\n\t\t\t\n\n\t\t<\/div>\n\n\t\t\n\n\t\t<div class=\"section-content relative\">\n\t\t\t\n\n\t<div id=\"gap-585890313\" class=\"gap-element clearfix\" style=\"display:block; height:auto;\">\n\t\t\n<style>\n#gap-585890313 {\n  padding-top: 20px;\n}\n@media (min-width:550px) {\n  #gap-585890313 {\n    padding-top: 40px;\n  }\n}\n<\/style>\n\t<\/div>\n\t\n\n<div class=\"row\"  id=\"row-981655052\">\n\n\n\t<div id=\"col-1387866303\" class=\"col medium-4 small-12 large-4\"  >\n\t\t\t\t<div class=\"col-inner\"  >\n\t\t\t\n\t\t\t\n\n\t<div id=\"gap-449216784\" class=\"gap-element clearfix hide-for-medium\" style=\"display:block; height:auto;\">\n\t\t\n<style>\n#gap-449216784 {\n  padding-top: 10px;\n}\n<\/style>\n\t<\/div>\n\t\n\n\t<div id=\"text-365822116\" class=\"text\">\n\t\t\n\n<h3 class=\"uppercase\"><span style=\"font-size: 100%;\">Jedna z nejzn\u00e1m\u011bj\u0161\u00edch vegansk\u00fdch zna\u010dek na sv\u011bt\u011b<\/span><\/h3>\n\t\t\n<style>\n#text-365822116 {\n  font-size: 1.75rem;\n  line-height: 1.25;\n}\n@media (min-width:850px) {\n  #text-365822116 {\n    line-height: 1.15;\n  }\n}\n<\/style>\n\t<\/div>\n\t\n\n\t\t<\/div>\n\t\t\t\t\n<style>\n#col-1387866303 > .col-inner {\n  margin: 0px 0px -20px 0px;\n}\n<\/style>\n\t<\/div>\n\n\t\n\n\t<div id=\"col-409986787\" class=\"col medium-8 small-12 large-8\"  >\n\t\t\t\t<div class=\"col-inner\"  >\n\t\t\t\n\t\t\t\n\n<p>Logo slune\u010dnice nen\u00ed jen ochrannou zn\u00e1mkou - je to d\u016fv\u011bryhodn\u00e1 a nez\u00e1visl\u00e1 z\u00e1ruka, \u017ee v\u00fdrobky Souldrops skute\u010dn\u011b spl\u0148uj\u00ed p\u0159\u00edsn\u00e9 po\u017eadavky vegansk\u00e9ho \u017eivotn\u00edho stylu. Certifik\u00e1t zaru\u010duje, \u017ee na\u0161e v\u00fdrobky neobsahuj\u00ed \u017e\u00e1dn\u00e9 \u017eivo\u010di\u0161n\u00e9 slo\u017eky a v \u017e\u00e1dn\u00e9 f\u00e1zi v\u00fdvoje ani v\u00fdroby nebyly testov\u00e1ny na zv\u00ed\u0159atech. V pr\u016fb\u011bhu cel\u00e9ho v\u00fdrobn\u00edho procesu v\u011bnujeme zvl\u00e1\u0161tn\u00ed pozornost tomu, aby p\u0159\u00edsady nebyly p\u0159\u00edmo ani nep\u0159\u00edmo spojeny se \u017eivo\u010di\u0161n\u00fdmi zdroji.<\/p>\n<p>Od roku 1990 pom\u00e1h\u00e1 ochrann\u00e1 zn\u00e1mka Vegan spot\u0159ebitel\u016fm po cel\u00e9m sv\u011bt\u011b d\u011blat etick\u00e1 a informovan\u00e1 n\u00e1kupn\u00ed rozhodnut\u00ed snadno identifikovateln\u00fdm zp\u016fsobem. Za certifikac\u00ed stoj\u00ed Vegansk\u00e1 spole\u010dnost zalo\u017een\u00e1 v roce 1944, kter\u00e1 vymyslela term\u00edn \u201eveganstv\u00ed\u201d. Pro t\u00fdm spole\u010dnosti Souldrops bylo obzvl\u00e1\u0161t\u011b d\u016fle\u017eit\u00e9 b\u00fdt uzn\u00e1n tak presti\u017en\u00ed a d\u016fv\u011bryhodnou organizac\u00ed, proto\u017ee to nen\u00ed jen uzn\u00e1n\u00ed, ale tak\u00e9 odpov\u011bdnost - v\u016f\u010di na\u0161\u00ed planet\u011b, divok\u00e9 p\u0159\u00edrod\u011b a na\u0161im z\u00e1kazn\u00edk\u016fm.<\/p>\n\n\t\t<\/div>\n\t\t\t\t\t<\/div>\n\n\t\n\n<\/div>\n\n\t\t<\/div>\n\n\t\t\n<style>\n#section_398862862 {\n  padding-top: 30px;\n  padding-bottom: 30px;\n}\n<\/style>\n\t<\/section>\n\t\n\n\t<section class=\"section dark\" id=\"section_1594017110\">\n\t\t<div class=\"section-bg fill\" >\n\t\t\t\t\t\t\t\t\t\n\t\t\t\n\n\t\t<\/div>\n\n\t\t\n\n\t\t<div class=\"section-content relative\">\n\t\t\t\n\n<div class=\"row\"  id=\"row-246897014\">\n\n\n\t<div id=\"col-2028447113\" class=\"col small-12 large-12\"  >\n\t\t\t\t<div class=\"col-inner\"  >\n\t\t\t\n\t\t\t\n\n\t<div id=\"gap-1996597848\" class=\"gap-element clearfix\" style=\"display:block; height:auto;\">\n\t\t\n<style>\n#gap-1996597848 {\n  padding-top: 30px;\n}\n<\/style>\n\t<\/div>\n\t\n\n\t<div id=\"stack-2963511185\" class=\"stack stack-row justify-between items-stretch\">\n\t\t\n\n\t<div id=\"text-237474576\" class=\"text\">\n\t\t\n\n<h3 class=\"uppercase\"><span style=\"font-size: 90%;\">\u010cist\u00e1, uv\u011bdom\u011bl\u00e1, vegansk\u00e1 kvalita<\/span><\/h3>\n\t\t\n<style>\n#text-237474576 {\n  font-size: 2rem;\n  line-height: 0.75;\n}\n<\/style>\n\t<\/div>\n\t\n\n\t\t\n<style>\n#stack-2963511185 > * {\n  --stack-gap: 0rem;\n}\n<\/style>\n\t<\/div>\n\t\n\n\t\t<\/div>\n\t\t\t\t\t<\/div>\n\n\t\n\n<\/div>\n<div class=\"row row-large\"  id=\"row-1333611858\">\n\n\n\t<div id=\"col-1544425511\" class=\"col medium-6 small-12 large-6\"  >\n\t\t\t\t<div class=\"col-inner\"  >\n\t\t\t\n\t\t\t\n\n<p>Spot\u0159ebitel\u00e9 si to st\u00e1le v\u00edce uv\u011bdomuj\u00ed a hledaj\u00ed v\u00fdrobky pro dom\u00e1cnost, kter\u00e9 nejen \u010dist\u00ed \u0161etrn\u011b k \u017eivotn\u00edmu prost\u0159ed\u00ed, ale tak\u00e9 spl\u0148uj\u00ed nejvy\u0161\u0161\u00ed etick\u00e9 standardy. A <strong>Vegansk\u00e1 ochrann\u00e1 zn\u00e1mka<\/strong> poskytuje toto uji\u0161t\u011bn\u00ed: v\u0161echny v\u00fdrobky s t\u00edmto logem jsou zaru\u010den\u011b cruelty-free, \u0161etrn\u00e9 ke zv\u00ed\u0159at\u016fm a pln\u011b vegansk\u00e9.<\/p>\n\n\t\t<\/div>\n\t\t\t\t\t<\/div>\n\n\t\n\n\t<div id=\"col-742448836\" class=\"col medium-6 small-12 large-6\"  >\n\t\t\t\t<div class=\"col-inner\"  >\n\t\t\t\n\t\t\t\n\n<p>A <strong>Souldrops<\/strong> chce nab\u00eddnout skute\u010dnou alternativu t\u011bm, pro kter\u00e9 \u010dist\u00fd domov nem\u016f\u017ee znamenat vyko\u0159is\u0165ov\u00e1n\u00ed nebo utrpen\u00ed jin\u00fdch \u017eiv\u00fdch bytost\u00ed. Ochrann\u00e1 zn\u00e1mka Vegan je jedn\u00edm z nejsiln\u011bj\u0161\u00edch symbol\u016f tohoto posl\u00e1n\u00ed. V\u0161echny na\u0161e v\u00fdrobky jsou vyv\u00edjeny s t\u00edmto z\u00e1m\u011brem - abyste m\u011bli \u010distou dom\u00e1cnost a klid na du\u0161i.<\/p>\n\n\t\t<\/div>\n\t\t\t\t\t<\/div>\n\n\t\n\n<\/div>\n\n\t\t<\/div>\n\n\t\t\n<style>\n#section_1594017110 {\n  padding-top: 50px;\n  padding-bottom: 50px;\n  background-color: #273647;\n}\n<\/style>\n\t<\/section>\n\t\n<div class=\"row\"  id=\"row-1627168546\">\n\n\n\t<div id=\"col-1654770381\" class=\"col small-12 large-12\"  >\n\t\t\t\t<div class=\"col-inner text-center\"  >\n\t\t\t\n\t\t\t\n\n\t<div class=\"img has-hover x md-x lg-x y md-y lg-y\" id=\"image_1565465750\">\n\t\t\t\t\t\t<div data-animate=\"fadeInUp\">\t\t<div class=\"img-inner dark\" >\n\t\t\t<img loading=\"lazy\" decoding=\"async\" width=\"1020\" height=\"574\" src=\"https:\/\/mysouldrops.eu\/wp-content\/uploads\/2025\/06\/souldrops_logo_black-1400x788.png\" class=\"attachment-large size-large\" alt=\"\" srcset=\"https:\/\/mysouldrops.eu\/wp-content\/uploads\/2025\/06\/souldrops_logo_black-1400x788.png 1400w, https:\/\/mysouldrops.eu\/wp-content\/uploads\/2025\/06\/souldrops_logo_black-510x287.png 510w, https:\/\/mysouldrops.eu\/wp-content\/uploads\/2025\/06\/souldrops_logo_black-711x400.png 711w, https:\/\/mysouldrops.eu\/wp-content\/uploads\/2025\/06\/souldrops_logo_black-768x432.png 768w, https:\/\/mysouldrops.eu\/wp-content\/uploads\/2025\/06\/souldrops_logo_black-1536x864.png 1536w, https:\/\/mysouldrops.eu\/wp-content\/uploads\/2025\/06\/souldrops_logo_black-18x10.png 18w, https:\/\/mysouldrops.eu\/wp-content\/uploads\/2025\/06\/souldrops_logo_black-1200x675.png 1200w, https:\/\/mysouldrops.eu\/wp-content\/uploads\/2025\/06\/souldrops_logo_black.png 1920w\" sizes=\"auto, (max-width: 1020px) 100vw, 1020px\" data-attachment-id=\"132\" data-permalink=\"https:\/\/mysouldrops.eu\/cs\/souldrops_logo_black\/\" data-orig-file=\"https:\/\/mysouldrops.eu\/wp-content\/uploads\/2025\/06\/souldrops_logo_black.png\" data-orig-size=\"1920,1080\" data-comments-opened=\"1\" data-image-meta=\"{&quot;aperture&quot;:&quot;0&quot;,&quot;credit&quot;:&quot;&quot;,&quot;camera&quot;:&quot;&quot;,&quot;caption&quot;:&quot;&quot;,&quot;created_timestamp&quot;:&quot;0&quot;,&quot;copyright&quot;:&quot;&quot;,&quot;focal_length&quot;:&quot;0&quot;,&quot;iso&quot;:&quot;0&quot;,&quot;shutter_speed&quot;:&quot;0&quot;,&quot;title&quot;:&quot;&quot;,&quot;orientation&quot;:&quot;0&quot;}\" data-image-title=\"souldrops_logo_black\" data-image-description=\"\" data-image-caption=\"\" data-large-file=\"https:\/\/mysouldrops.eu\/wp-content\/uploads\/2025\/06\/souldrops_logo_black-1400x788.png\" \/>\t\t\t\t\t\t\n\t\t\t\t\t<\/div>\n\t\t<\/div>\t\t\t\t\t\t\n<style>\n#image_1565465750 {\n  width: 19%;\n}\n<\/style>\n\t<\/div>\n\t\n\n\n\t\t<\/div>\n\t\t\t\t\t<\/div>\n\n\t\n\n<\/div>","protected":false},"excerpt":{"rendered":"","protected":false},"author":267682164,"featured_media":0,"parent":820,"menu_order":0,"comment_status":"closed","ping_status":"closed","template":"page-blank.php","meta":{"footnotes":""},"class_list":["post-1187","page","type-page","status-publish","hentry"],"yoast_head":"<!-- This site is optimized with the Yoast SEO plugin v27.4 - https:\/\/yoast.com\/product\/yoast-seo-wordpress\/ -->\n<title>Vegan tan\u00fas\u00edtv\u00e1ny - Souldrops International<\/title>\n<meta name=\"robots\" content=\"index, follow, max-snippet:-1, max-image-preview:large, max-video-preview:-1\" \/>\n<link rel=\"canonical\" href=\"https:\/\/mysouldrops.eu\/cs\/souldrop-roll\/vegansky-tanusitvany\/\" \/>\n<meta property=\"og:locale\" content=\"cs_CZ\" \/>\n<meta property=\"og:type\" content=\"article\" \/>\n<meta property=\"og:title\" content=\"Vegan tan\u00fas\u00edtv\u00e1ny - Souldrops International\" \/>\n<meta property=\"og:url\" content=\"https:\/\/mysouldrops.eu\/cs\/souldrop-roll\/vegansky-tanusitvany\/\" \/>\n<meta property=\"og:site_name\" content=\"Souldrops International\" \/>\n<meta property=\"article:modified_time\" content=\"2025-07-26T17:03:33+00:00\" \/>\n<meta name=\"twitter:card\" content=\"summary_large_image\" \/>\n<meta name=\"twitter:label1\" content=\"Odhadovan\u00e1 doba \u010dten\u00ed\" \/>\n\t<meta name=\"twitter:data1\" content=\"2 minuty\" \/>\n<script type=\"application\/ld+json\" class=\"yoast-schema-graph\">{\"@context\":\"https:\\\/\\\/schema.org\",\"@graph\":[{\"@type\":\"WebPage\",\"@id\":\"https:\\\/\\\/mysouldrops.eu\\\/a-souldrops-rol\\\/vegan-tanusitvany\\\/\",\"url\":\"https:\\\/\\\/mysouldrops.eu\\\/a-souldrops-rol\\\/vegan-tanusitvany\\\/\",\"name\":\"Vegan tan\u00fas\u00edtv\u00e1ny - Souldrops International\",\"isPartOf\":{\"@id\":\"https:\\\/\\\/mysouldrops.eu\\\/#website\"},\"datePublished\":\"2025-07-26T16:22:55+00:00\",\"dateModified\":\"2025-07-26T17:03:33+00:00\",\"breadcrumb\":{\"@id\":\"https:\\\/\\\/mysouldrops.eu\\\/a-souldrops-rol\\\/vegan-tanusitvany\\\/#breadcrumb\"},\"inLanguage\":\"cs\",\"potentialAction\":[{\"@type\":\"ReadAction\",\"target\":[\"https:\\\/\\\/mysouldrops.eu\\\/a-souldrops-rol\\\/vegan-tanusitvany\\\/\"]}]},{\"@type\":\"BreadcrumbList\",\"@id\":\"https:\\\/\\\/mysouldrops.eu\\\/a-souldrops-rol\\\/vegan-tanusitvany\\\/#breadcrumb\",\"itemListElement\":[{\"@type\":\"ListItem\",\"position\":1,\"name\":\"Kezd\u0151lap\",\"item\":\"https:\\\/\\\/mysouldrops.eu\\\/\"},{\"@type\":\"ListItem\",\"position\":2,\"name\":\"A Souldrops-r\u00f3l\",\"item\":\"https:\\\/\\\/mysouldrops.eu\\\/a-souldrops-rol\\\/\"},{\"@type\":\"ListItem\",\"position\":3,\"name\":\"Vegan tan\u00fas\u00edtv\u00e1ny\"}]},{\"@type\":\"WebSite\",\"@id\":\"https:\\\/\\\/mysouldrops.eu\\\/#website\",\"url\":\"https:\\\/\\\/mysouldrops.eu\\\/\",\"name\":\"Souldrops International\",\"description\":\"A Souldrops egy k\u00f6rnyezettudatos tiszt\u00edt\u00f3szerm\u00e1rka, amely term\u00e9szetes \u00f6sszetev\u0151kkel \u00e9s st\u00edlusos szeml\u00e9lettel teszi tiszt\u00e1bb\u00e1 a vil\u00e1got \u2013 k\u00edv\u00fcl \u00e9s bel\u00fcl\",\"potentialAction\":[{\"@type\":\"SearchAction\",\"target\":{\"@type\":\"EntryPoint\",\"urlTemplate\":\"https:\\\/\\\/mysouldrops.eu\\\/?s={search_term_string}\"},\"query-input\":{\"@type\":\"PropertyValueSpecification\",\"valueRequired\":true,\"valueName\":\"search_term_string\"}}],\"inLanguage\":\"cs\"}]}<\/script>\n<!-- \/ Yoast SEO plugin. -->","yoast_head_json":{"title":"Vegansk\u00fd certifik\u00e1t - Souldrops International","robots":{"index":"index","follow":"follow","max-snippet":"max-snippet:-1","max-image-preview":"max-image-preview:large","max-video-preview":"max-video-preview:-1"},"canonical":"https:\/\/mysouldrops.eu\/cs\/souldrop-roll\/vegansky-tanusitvany\/","og_locale":"cs_CZ","og_type":"article","og_title":"Vegan tan\u00fas\u00edtv\u00e1ny - Souldrops International","og_url":"https:\/\/mysouldrops.eu\/cs\/souldrop-roll\/vegansky-tanusitvany\/","og_site_name":"Souldrops International","article_modified_time":"2025-07-26T17:03:33+00:00","twitter_card":"summary_large_image","twitter_misc":{"Odhadovan\u00e1 doba \u010dten\u00ed":"2 minuty"},"schema":{"@context":"https:\/\/schema.org","@graph":[{"@type":"WebPage","@id":"https:\/\/mysouldrops.eu\/a-souldrops-rol\/vegan-tanusitvany\/","url":"https:\/\/mysouldrops.eu\/a-souldrops-rol\/vegan-tanusitvany\/","name":"Vegansk\u00fd certifik\u00e1t - Souldrops International","isPartOf":{"@id":"https:\/\/mysouldrops.eu\/#website"},"datePublished":"2025-07-26T16:22:55+00:00","dateModified":"2025-07-26T17:03:33+00:00","breadcrumb":{"@id":"https:\/\/mysouldrops.eu\/a-souldrops-rol\/vegan-tanusitvany\/#breadcrumb"},"inLanguage":"cs","potentialAction":[{"@type":"ReadAction","target":["https:\/\/mysouldrops.eu\/a-souldrops-rol\/vegan-tanusitvany\/"]}]},{"@type":"BreadcrumbList","@id":"https:\/\/mysouldrops.eu\/a-souldrops-rol\/vegan-tanusitvany\/#breadcrumb","itemListElement":[{"@type":"ListItem","position":1,"name":"Kezd\u0151lap","item":"https:\/\/mysouldrops.eu\/"},{"@type":"ListItem","position":2,"name":"A Souldrops-r\u00f3l","item":"https:\/\/mysouldrops.eu\/a-souldrops-rol\/"},{"@type":"ListItem","position":3,"name":"Vegan tan\u00fas\u00edtv\u00e1ny"}]},{"@type":"WebSite","@id":"https:\/\/mysouldrops.eu\/#website","url":"https:\/\/mysouldrops.eu\/","name":"Souldrops International","description":"Souldrops je ekologicky uv\u011bdom\u011bl\u00e1 zna\u010dka \u010distic\u00edch prost\u0159edk\u016f, kter\u00e1 vyu\u017e\u00edv\u00e1 p\u0159\u00edrodn\u00ed ingredience a stylov\u00fd p\u0159\u00edstup k tomu, aby byl sv\u011bt \u010dist\u0161\u00ed - uvnit\u0159 i venku.","potentialAction":[{"@type":"SearchAction","target":{"@type":"EntryPoint","urlTemplate":"https:\/\/mysouldrops.eu\/?s={search_term_string}"},"query-input":{"@type":"PropertyValueSpecification","valueRequired":true,"valueName":"search_term_string"}}],"inLanguage":"cs"}]}},"jetpack_likes_enabled":true,"jetpack_sharing_enabled":true,"jetpack_shortlink":"https:\/\/wp.me\/PgJ65g-j9","_links":{"self":[{"href":"https:\/\/mysouldrops.eu\/cs\/wp-json\/wp\/v2\/pages\/1187","targetHints":{"allow":["GET"]}}],"collection":[{"href":"https:\/\/mysouldrops.eu\/cs\/wp-json\/wp\/v2\/pages"}],"about":[{"href":"https:\/\/mysouldrops.eu\/cs\/wp-json\/wp\/v2\/types\/page"}],"author":[{"embeddable":true,"href":"https:\/\/mysouldrops.eu\/cs\/wp-json\/wp\/v2\/users\/267682164"}],"replies":[{"embeddable":true,"href":"https:\/\/mysouldrops.eu\/cs\/wp-json\/wp\/v2\/comments?post=1187"}],"version-history":[{"count":17,"href":"https:\/\/mysouldrops.eu\/cs\/wp-json\/wp\/v2\/pages\/1187\/revisions"}],"predecessor-version":[{"id":1213,"href":"https:\/\/mysouldrops.eu\/cs\/wp-json\/wp\/v2\/pages\/1187\/revisions\/1213"}],"up":[{"embeddable":true,"href":"https:\/\/mysouldrops.eu\/cs\/wp-json\/wp\/v2\/pages\/820"}],"wp:attachment":[{"href":"https:\/\/mysouldrops.eu\/cs\/wp-json\/wp\/v2\/media?parent=1187"}],"curies":[{"name":"wp","href":"https:\/\/api.w.org\/{rel}","templated":true}]}}