{"id":1080,"date":"2025-07-13T19:38:21","date_gmt":"2025-07-13T17:38:21","guid":{"rendered":"https:\/\/mysouldrops.eu\/?post_type=product&#038;p=1080"},"modified":"2026-02-25T14:04:05","modified_gmt":"2026-02-25T13:04:05","slug":"souldrops-coral-drop-na-prani-sucheho-pradla-3250-ml","status":"publish","type":"product","link":"https:\/\/mysouldrops.eu\/cs\/termek\/souldrops-korallcsepp-mosogel-szines-ruhakhoz-3250-ml\/","title":{"rendered":"Souldrops Coral drop prac\u00ed gel na barevn\u00e9 oble\u010den\u00ed (3250 ml)"},"content":{"rendered":"<p data-start=\"526\" data-end=\"855\">A <strong data-start=\"528\" data-end=\"561\">Prac\u00ed gel Souldrops Coral Drop<\/strong> von\u00ed po sv\u011b\u017eesti a sladkosti tropick\u00fdch raj\u010dat - jako byste odpo\u010d\u00edvali na slunn\u00e9m karibsk\u00e9m ostrov\u011b u mo\u0159e. Jej\u00ed vonn\u00e9 t\u00f3ny jsou dokonalou harmoni\u00ed sv\u011b\u017e\u00edch citrus\u016f, sladk\u00e9ho ovoce a jemn\u00fdch kv\u011btinov\u00fdch akord\u016f, kter\u00e9 vytv\u00e1\u0159ej\u00ed sv\u011b\u017e\u00ed, osv\u011b\u017euj\u00edc\u00ed z\u00e1\u017eitek z myt\u00ed.<\/p>\n<p data-start=\"857\" data-end=\"1101\">Tento prac\u00ed gel nejen \u00fa\u010dinn\u011b \u010dist\u00ed va\u0161e oble\u010den\u00ed, ale tak\u00e9 <strong data-start=\"917\" data-end=\"960\">zachov\u00e1v\u00e1 z\u00e1\u0159iv\u00e9 barvy barevn\u00fdch tkanin.<\/strong> je. D\u00edky n\u011bmu bude va\u0161e oble\u010den\u00ed von\u011bt dlouho a sv\u011b\u017ee a z\u00e1rove\u0148 vytvo\u0159\u00ed ve va\u0161em okol\u00ed p\u0159\u00edjemnou a inspirativn\u00ed atmosf\u00e9ru.<\/p>\n<p data-start=\"1103\" data-end=\"1117\"><strong data-start=\"1103\" data-end=\"1115\">V\u00fdhody:<\/strong><\/p>\n<ul data-start=\"1118\" data-end=\"1327\">\n<li data-start=\"1118\" data-end=\"1173\">\n<p data-start=\"1120\" data-end=\"1173\">Tropick\u00e1 citrusov\u011b-ovocn\u011b-kv\u011btinov\u00e1 kompozice v\u016fn\u011b<\/p>\n<\/li>\n<li data-start=\"1174\" data-end=\"1211\">\n<p data-start=\"1176\" data-end=\"1211\">Zachov\u00e1n\u00ed jasn\u00fdch barev po vypr\u00e1n\u00ed<\/p>\n<\/li>\n<li data-start=\"1212\" data-end=\"1248\">\n<p data-start=\"1214\" data-end=\"1248\">\u00da\u010dinn\u00e9 \u010di\u0161t\u011bn\u00ed a sv\u011b\u017eest<\/p>\n<\/li>\n<li data-start=\"1249\" data-end=\"1298\">\n<p data-start=\"1251\" data-end=\"1298\">Dlouhotrvaj\u00edc\u00ed v\u016fn\u011b v oble\u010den\u00ed a ve vzduchu<\/p>\n<\/li>\n<li data-start=\"1299\" data-end=\"1327\">\n<p data-start=\"1301\" data-end=\"1327\">\u0160etrn\u00e9 k textili\u00edm<\/p>\n<\/li>\n<\/ul>\n<div class=\"_tableContainer_16hzy_1\">\n<div class=\"_tableWrapper_16hzy_14 group flex w-fit flex-col-reverse\" tabindex=\"-1\">\n<table class=\"w-fit min-w-(--thread-content-width)\" data-start=\"1137\" data-end=\"1680\">\n<thead data-start=\"1137\" data-end=\"1204\">\n<tr data-start=\"1137\" data-end=\"1204\">\n<th data-start=\"1137\" data-end=\"1156\" data-col-size=\"sm\">Objem pran\u00ed<\/th>\n<th data-start=\"1156\" data-end=\"1175\" data-col-size=\"sm\">Tvrdost vody<\/th>\n<th data-start=\"1175\" data-end=\"1192\" data-col-size=\"sm\">Kontaminace<\/th>\n<th data-start=\"1192\" data-end=\"1204\" data-col-size=\"sm\">D\u00e1vkov\u00e1n\u00ed<\/th>\n<\/tr>\n<\/thead>\n<tbody data-start=\"1273\" data-end=\"1680\">\n<tr data-start=\"1273\" data-end=\"1340\">\n<td data-start=\"1273\" data-end=\"1292\" data-col-size=\"sm\">4-5 kg<\/td>\n<td data-col-size=\"sm\" data-start=\"1292\" data-end=\"1311\">M\u011bkk\u00fd\/st\u0159edn\u00ed<\/td>\n<td data-col-size=\"sm\" data-start=\"1311\" data-end=\"1328\">Norm\u00e1ln\u00ed<\/td>\n<td data-col-size=\"sm\" data-start=\"1328\" data-end=\"1340\">65 ml<\/td>\n<\/tr>\n<tr data-start=\"1341\" data-end=\"1408\">\n<td data-start=\"1341\" data-end=\"1360\" data-col-size=\"sm\">4-5 kg<\/td>\n<td data-col-size=\"sm\" data-start=\"1360\" data-end=\"1379\">M\u011bkk\u00fd\/st\u0159edn\u00ed<\/td>\n<td data-col-size=\"sm\" data-start=\"1379\" data-end=\"1396\">Siln\u00fd<\/td>\n<td data-col-size=\"sm\" data-start=\"1396\" data-end=\"1408\">100 ml<\/td>\n<\/tr>\n<tr data-start=\"1409\" data-end=\"1476\">\n<td data-start=\"1409\" data-end=\"1428\" data-col-size=\"sm\">4-5 kg<\/td>\n<td data-col-size=\"sm\" data-start=\"1428\" data-end=\"1447\">Hard<\/td>\n<td data-col-size=\"sm\" data-start=\"1447\" data-end=\"1464\">Norm\u00e1ln\u00ed<\/td>\n<td data-col-size=\"sm\" data-start=\"1464\" data-end=\"1476\">75 ml<\/td>\n<\/tr>\n<tr data-start=\"1477\" data-end=\"1544\">\n<td data-start=\"1477\" data-end=\"1496\" data-col-size=\"sm\">4-5 kg<\/td>\n<td data-col-size=\"sm\" data-start=\"1496\" data-end=\"1515\">Hard<\/td>\n<td data-col-size=\"sm\" data-start=\"1515\" data-end=\"1532\">Siln\u00fd<\/td>\n<td data-col-size=\"sm\" data-start=\"1532\" data-end=\"1544\">125 ml<\/td>\n<\/tr>\n<tr data-start=\"1545\" data-end=\"1612\">\n<td data-start=\"1545\" data-end=\"1564\" data-col-size=\"sm\">7-9 kg<\/td>\n<td data-col-size=\"sm\" data-start=\"1564\" data-end=\"1583\">\u2014<\/td>\n<td data-col-size=\"sm\" data-start=\"1583\" data-end=\"1600\">\u2014<\/td>\n<td data-col-size=\"sm\" data-start=\"1600\" data-end=\"1612\">+25 ml<\/td>\n<\/tr>\n<tr data-start=\"1613\" data-end=\"1680\">\n<td data-start=\"1613\" data-end=\"1632\" data-col-size=\"sm\">Ru\u010dn\u00ed pran\u00ed (10 l)<\/td>\n<td data-col-size=\"sm\" data-start=\"1632\" data-end=\"1651\">\u2014<\/td>\n<td data-col-size=\"sm\" data-start=\"1651\" data-end=\"1668\">\u2014<\/td>\n<td data-col-size=\"sm\" data-start=\"1668\" data-end=\"1680\">50 ml<\/td>\n<\/tr>\n<\/tbody>\n<\/table>\n<div class=\"sticky end-(--thread-content-margin) h-0 self-end select-none\">\n<div class=\"absolute end-0 flex items-end\"><\/div>\n<\/div>\n<\/div>\n<\/div>\n<p data-start=\"1687\" data-end=\"1864\">A <strong data-start=\"1421\" data-end=\"1454\">Prac\u00ed gel Souldrops Coral Drop<\/strong> ide\u00e1ln\u00ed, pokud chcete do sv\u00e9ho ka\u017edodenn\u00edho pran\u00ed vn\u00e9st jasn\u00e9 barvy, dlouhotrvaj\u00edc\u00ed tropickou v\u016fni a sv\u011b\u017e\u00ed energii.<\/p>","protected":false},"excerpt":{"rendered":"<p>A <strong data-start=\"163\" data-end=\"196\">Prac\u00ed gel Souldrops Coral Drop<\/strong> s tropickou citrusovou, ovocnou a kv\u011btinovou v\u016fn\u00ed p\u0159in\u00e1\u0161\u00ed sv\u011b\u017e\u00ed a energizuj\u00edc\u00ed z\u00e1\u017eitek. \u00da\u010dinn\u011b \u010dist\u00ed, zachov\u00e1v\u00e1 \u017eivost barevn\u00e9ho oble\u010den\u00ed a napln\u00ed v\u00e1\u0161 domov dlouhotrvaj\u00edc\u00ed p\u0159\u00edjemnou v\u016fn\u00ed.<\/p>","protected":false},"featured_media":3106,"comment_status":"open","ping_status":"closed","template":"","meta":[],"product_brand":[1377],"product_cat":[1378],"product_tag":[1494,1496,1454,1480,1471,1492,1493,1495,1474,1462,1491,1465,1473,1497,1498,1468,1439,1490,1464,1466],"class_list":{"0":"post-1080","1":"product","2":"type-product","3":"status-publish","4":"has-post-thumbnail","6":"product_brand-souldrops","7":"product_cat-mosogel","8":"product_tag-1300ml","9":"product_tag-allergiabarat","10":"product_tag-erzekeny-borre","11":"product_tag-erzekeny-textiliakhoz","12":"product_tag-okohatekony","13":"product_tag-bababarat","14":"product_tag-borbarat-mososzer","15":"product_tag-folyekony-mososzer","16":"product_tag-foszfatmentes","17":"product_tag-hipoallergen","18":"product_tag-illatmentes","19":"product_tag-kornyezetbarat","20":"product_tag-klormentes","21":"product_tag-magyar-termek","22":"product_tag-mososzer-erzekeny-borre","23":"product_tag-sls-mentes","24":"product_tag-souldrops","25":"product_tag-szenzitiv-mosogel","26":"product_tag-termeszetes-mososzer","27":"product_tag-vegan-termek","29":"first","30":"instock","31":"taxable","32":"shipping-taxable","33":"product-type-simple"},"yoast_head":"<!-- This site is optimized with the Yoast SEO plugin v27.4 - https:\/\/yoast.com\/product\/yoast-seo-wordpress\/ -->\n<title>Souldrops Korallcsepp mos\u00f3g\u00e9l sz\u00ednes ruh\u00e1khoz (3250 ml) - Souldrops International<\/title>\n<meta name=\"description\" content=\"A Souldrops Felh\u0151csepp mos\u00f3g\u00e9l \u00e9rz\u00e9keny b\u0151rre k\u00e9sz\u00fclt, dermatol\u00f3giailag tesztelt formula. N\u00f6v\u00e9nyi eredet\u0171, term\u00e9szetesen leboml\u00f3 \u00f6sszetev\u0151i k\u00edm\u00e9letesek a b\u0151rh\u00f6z \u00e9s a k\u00f6rnyezethez.\" \/>\n<meta name=\"robots\" content=\"index, follow, max-snippet:-1, max-image-preview:large, max-video-preview:-1\" \/>\n<link rel=\"canonical\" href=\"https:\/\/mysouldrops.eu\/cs\/produkt\/souldrops-coral-drop-na-prani-sucheho-pradla-3250-ml\/\" \/>\n<meta property=\"og:locale\" content=\"cs_CZ\" \/>\n<meta property=\"og:type\" content=\"article\" \/>\n<meta property=\"og:title\" content=\"Souldrops Korallcsepp mos\u00f3g\u00e9l sz\u00ednes ruh\u00e1khoz (3250 ml) - Souldrops International\" \/>\n<meta property=\"og:description\" content=\"A Souldrops Felh\u0151csepp mos\u00f3g\u00e9l \u00e9rz\u00e9keny b\u0151rre k\u00e9sz\u00fclt, dermatol\u00f3giailag tesztelt formula. N\u00f6v\u00e9nyi eredet\u0171, term\u00e9szetesen leboml\u00f3 \u00f6sszetev\u0151i k\u00edm\u00e9letesek a b\u0151rh\u00f6z \u00e9s a k\u00f6rnyezethez.\" \/>\n<meta property=\"og:url\" content=\"https:\/\/mysouldrops.eu\/cs\/produkt\/souldrops-coral-drop-na-prani-sucheho-pradla-3250-ml\/\" \/>\n<meta property=\"og:site_name\" content=\"Souldrops International\" \/>\n<meta property=\"article:modified_time\" content=\"2026-02-25T13:04:05+00:00\" \/>\n<meta property=\"og:image\" content=\"https:\/\/mysouldrops.eu\/wp-content\/uploads\/2026\/02\/K32_EN_REG-F-PAN177_SZ-FEHER_INV_v5.png\" \/>\n\t<meta property=\"og:image:width\" content=\"2400\" \/>\n\t<meta property=\"og:image:height\" content=\"2400\" \/>\n\t<meta property=\"og:image:type\" content=\"image\/png\" \/>\n<meta name=\"twitter:card\" content=\"summary_large_image\" \/>\n<meta name=\"twitter:label1\" content=\"Odhadovan\u00e1 doba \u010dten\u00ed\" \/>\n\t<meta name=\"twitter:data1\" content=\"1 minuta\" \/>\n<script type=\"application\/ld+json\" class=\"yoast-schema-graph\">{\"@context\":\"https:\\\/\\\/schema.org\",\"@graph\":[{\"@type\":\"WebPage\",\"@id\":\"https:\\\/\\\/mysouldrops.eu\\\/termek\\\/souldrops-korallcsepp-mosogel-szines-ruhakhoz-3250-ml\\\/\",\"url\":\"https:\\\/\\\/mysouldrops.eu\\\/termek\\\/souldrops-korallcsepp-mosogel-szines-ruhakhoz-3250-ml\\\/\",\"name\":\"Souldrops Korallcsepp mos\u00f3g\u00e9l sz\u00ednes ruh\u00e1khoz (3250 ml) - Souldrops International\",\"isPartOf\":{\"@id\":\"https:\\\/\\\/mysouldrops.eu\\\/#website\"},\"primaryImageOfPage\":{\"@id\":\"https:\\\/\\\/mysouldrops.eu\\\/termek\\\/souldrops-korallcsepp-mosogel-szines-ruhakhoz-3250-ml\\\/#primaryimage\"},\"image\":{\"@id\":\"https:\\\/\\\/mysouldrops.eu\\\/termek\\\/souldrops-korallcsepp-mosogel-szines-ruhakhoz-3250-ml\\\/#primaryimage\"},\"thumbnailUrl\":\"https:\\\/\\\/mysouldrops.eu\\\/wp-content\\\/uploads\\\/2026\\\/02\\\/K32_EN_REG-F-PAN177_SZ-FEHER_INV_v5.png\",\"datePublished\":\"2025-07-13T17:38:21+00:00\",\"dateModified\":\"2026-02-25T13:04:05+00:00\",\"description\":\"A Souldrops Felh\u0151csepp mos\u00f3g\u00e9l \u00e9rz\u00e9keny b\u0151rre k\u00e9sz\u00fclt, dermatol\u00f3giailag tesztelt formula. N\u00f6v\u00e9nyi eredet\u0171, term\u00e9szetesen leboml\u00f3 \u00f6sszetev\u0151i k\u00edm\u00e9letesek a b\u0151rh\u00f6z \u00e9s a k\u00f6rnyezethez.\",\"breadcrumb\":{\"@id\":\"https:\\\/\\\/mysouldrops.eu\\\/termek\\\/souldrops-korallcsepp-mosogel-szines-ruhakhoz-3250-ml\\\/#breadcrumb\"},\"inLanguage\":\"cs\",\"potentialAction\":[{\"@type\":\"ReadAction\",\"target\":[\"https:\\\/\\\/mysouldrops.eu\\\/termek\\\/souldrops-korallcsepp-mosogel-szines-ruhakhoz-3250-ml\\\/\"]}]},{\"@type\":\"ImageObject\",\"inLanguage\":\"cs\",\"@id\":\"https:\\\/\\\/mysouldrops.eu\\\/termek\\\/souldrops-korallcsepp-mosogel-szines-ruhakhoz-3250-ml\\\/#primaryimage\",\"url\":\"https:\\\/\\\/mysouldrops.eu\\\/wp-content\\\/uploads\\\/2026\\\/02\\\/K32_EN_REG-F-PAN177_SZ-FEHER_INV_v5.png\",\"contentUrl\":\"https:\\\/\\\/mysouldrops.eu\\\/wp-content\\\/uploads\\\/2026\\\/02\\\/K32_EN_REG-F-PAN177_SZ-FEHER_INV_v5.png\",\"width\":2400,\"height\":2400},{\"@type\":\"BreadcrumbList\",\"@id\":\"https:\\\/\\\/mysouldrops.eu\\\/termek\\\/souldrops-korallcsepp-mosogel-szines-ruhakhoz-3250-ml\\\/#breadcrumb\",\"itemListElement\":[{\"@type\":\"ListItem\",\"position\":1,\"name\":\"Kezd\u0151lap\",\"item\":\"https:\\\/\\\/mysouldrops.eu\\\/\"},{\"@type\":\"ListItem\",\"position\":2,\"name\":\"Shop\",\"item\":\"https:\\\/\\\/mysouldrops.eu\\\/uzlet\\\/\"},{\"@type\":\"ListItem\",\"position\":3,\"name\":\"Souldrops Korallcsepp mos\u00f3g\u00e9l sz\u00ednes ruh\u00e1khoz (3250 ml)\"}]},{\"@type\":\"WebSite\",\"@id\":\"https:\\\/\\\/mysouldrops.eu\\\/#website\",\"url\":\"https:\\\/\\\/mysouldrops.eu\\\/\",\"name\":\"Souldrops International\",\"description\":\"A Souldrops egy k\u00f6rnyezettudatos tiszt\u00edt\u00f3szerm\u00e1rka, amely term\u00e9szetes \u00f6sszetev\u0151kkel \u00e9s st\u00edlusos szeml\u00e9lettel teszi tiszt\u00e1bb\u00e1 a vil\u00e1got \u2013 k\u00edv\u00fcl \u00e9s bel\u00fcl\",\"potentialAction\":[{\"@type\":\"SearchAction\",\"target\":{\"@type\":\"EntryPoint\",\"urlTemplate\":\"https:\\\/\\\/mysouldrops.eu\\\/?s={search_term_string}\"},\"query-input\":{\"@type\":\"PropertyValueSpecification\",\"valueRequired\":true,\"valueName\":\"search_term_string\"}}],\"inLanguage\":\"cs\"}]}<\/script>\n<!-- \/ Yoast SEO plugin. -->","yoast_head_json":{"title":"Souldrops Coral Drop prac\u00ed gel na barevn\u00e9 pr\u00e1dlo (3250 ml) - Souldrops International","description":"Myc\u00ed gel Souldrops Clouddrop je dermatologicky testovan\u00fd p\u0159\u00edpravek pro citlivou poko\u017eku. Jeho p\u0159irozen\u011b odbourateln\u00e9 slo\u017eky rostlinn\u00e9ho p\u016fvodu jsou \u0161etrn\u00e9 k poko\u017ece i \u017eivotn\u00edmu prost\u0159ed\u00ed.","robots":{"index":"index","follow":"follow","max-snippet":"max-snippet:-1","max-image-preview":"max-image-preview:large","max-video-preview":"max-video-preview:-1"},"canonical":"https:\/\/mysouldrops.eu\/cs\/produkt\/souldrops-coral-drop-na-prani-sucheho-pradla-3250-ml\/","og_locale":"cs_CZ","og_type":"article","og_title":"Souldrops Korallcsepp mos\u00f3g\u00e9l sz\u00ednes ruh\u00e1khoz (3250 ml) - Souldrops International","og_description":"A Souldrops Felh\u0151csepp mos\u00f3g\u00e9l \u00e9rz\u00e9keny b\u0151rre k\u00e9sz\u00fclt, dermatol\u00f3giailag tesztelt formula. N\u00f6v\u00e9nyi eredet\u0171, term\u00e9szetesen leboml\u00f3 \u00f6sszetev\u0151i k\u00edm\u00e9letesek a b\u0151rh\u00f6z \u00e9s a k\u00f6rnyezethez.","og_url":"https:\/\/mysouldrops.eu\/cs\/produkt\/souldrops-coral-drop-na-prani-sucheho-pradla-3250-ml\/","og_site_name":"Souldrops International","article_modified_time":"2026-02-25T13:04:05+00:00","og_image":[{"width":2400,"height":2400,"url":"https:\/\/mysouldrops.eu\/wp-content\/uploads\/2026\/02\/K32_EN_REG-F-PAN177_SZ-FEHER_INV_v5.png","type":"image\/png"}],"twitter_card":"summary_large_image","twitter_misc":{"Odhadovan\u00e1 doba \u010dten\u00ed":"1 minuta"},"schema":{"@context":"https:\/\/schema.org","@graph":[{"@type":"WebPage","@id":"https:\/\/mysouldrops.eu\/termek\/souldrops-korallcsepp-mosogel-szines-ruhakhoz-3250-ml\/","url":"https:\/\/mysouldrops.eu\/termek\/souldrops-korallcsepp-mosogel-szines-ruhakhoz-3250-ml\/","name":"Souldrops Coral Drop prac\u00ed gel na barevn\u00e9 pr\u00e1dlo (3250 ml) - Souldrops International","isPartOf":{"@id":"https:\/\/mysouldrops.eu\/#website"},"primaryImageOfPage":{"@id":"https:\/\/mysouldrops.eu\/termek\/souldrops-korallcsepp-mosogel-szines-ruhakhoz-3250-ml\/#primaryimage"},"image":{"@id":"https:\/\/mysouldrops.eu\/termek\/souldrops-korallcsepp-mosogel-szines-ruhakhoz-3250-ml\/#primaryimage"},"thumbnailUrl":"https:\/\/mysouldrops.eu\/wp-content\/uploads\/2026\/02\/K32_EN_REG-F-PAN177_SZ-FEHER_INV_v5.png","datePublished":"2025-07-13T17:38:21+00:00","dateModified":"2026-02-25T13:04:05+00:00","description":"Myc\u00ed gel Souldrops Clouddrop je dermatologicky testovan\u00fd p\u0159\u00edpravek pro citlivou poko\u017eku. Jeho p\u0159irozen\u011b odbourateln\u00e9 slo\u017eky rostlinn\u00e9ho p\u016fvodu jsou \u0161etrn\u00e9 k poko\u017ece i \u017eivotn\u00edmu prost\u0159ed\u00ed.","breadcrumb":{"@id":"https:\/\/mysouldrops.eu\/termek\/souldrops-korallcsepp-mosogel-szines-ruhakhoz-3250-ml\/#breadcrumb"},"inLanguage":"cs","potentialAction":[{"@type":"ReadAction","target":["https:\/\/mysouldrops.eu\/termek\/souldrops-korallcsepp-mosogel-szines-ruhakhoz-3250-ml\/"]}]},{"@type":"ImageObject","inLanguage":"cs","@id":"https:\/\/mysouldrops.eu\/termek\/souldrops-korallcsepp-mosogel-szines-ruhakhoz-3250-ml\/#primaryimage","url":"https:\/\/mysouldrops.eu\/wp-content\/uploads\/2026\/02\/K32_EN_REG-F-PAN177_SZ-FEHER_INV_v5.png","contentUrl":"https:\/\/mysouldrops.eu\/wp-content\/uploads\/2026\/02\/K32_EN_REG-F-PAN177_SZ-FEHER_INV_v5.png","width":2400,"height":2400},{"@type":"BreadcrumbList","@id":"https:\/\/mysouldrops.eu\/termek\/souldrops-korallcsepp-mosogel-szines-ruhakhoz-3250-ml\/#breadcrumb","itemListElement":[{"@type":"ListItem","position":1,"name":"Kezd\u0151lap","item":"https:\/\/mysouldrops.eu\/"},{"@type":"ListItem","position":2,"name":"Shop","item":"https:\/\/mysouldrops.eu\/uzlet\/"},{"@type":"ListItem","position":3,"name":"Souldrops Korallcsepp mos\u00f3g\u00e9l sz\u00ednes ruh\u00e1khoz (3250 ml)"}]},{"@type":"WebSite","@id":"https:\/\/mysouldrops.eu\/#website","url":"https:\/\/mysouldrops.eu\/","name":"Souldrops International","description":"Souldrops je ekologicky uv\u011bdom\u011bl\u00e1 zna\u010dka \u010distic\u00edch prost\u0159edk\u016f, kter\u00e1 vyu\u017e\u00edv\u00e1 p\u0159\u00edrodn\u00ed ingredience a stylov\u00fd p\u0159\u00edstup k tomu, aby byl sv\u011bt \u010dist\u0161\u00ed - uvnit\u0159 i venku.","potentialAction":[{"@type":"SearchAction","target":{"@type":"EntryPoint","urlTemplate":"https:\/\/mysouldrops.eu\/?s={search_term_string}"},"query-input":{"@type":"PropertyValueSpecification","valueRequired":true,"valueName":"search_term_string"}}],"inLanguage":"cs"}]}},"jetpack_likes_enabled":true,"jetpack_sharing_enabled":true,"_links":{"self":[{"href":"https:\/\/mysouldrops.eu\/cs\/wp-json\/wp\/v2\/product\/1080","targetHints":{"allow":["GET"]}}],"collection":[{"href":"https:\/\/mysouldrops.eu\/cs\/wp-json\/wp\/v2\/product"}],"about":[{"href":"https:\/\/mysouldrops.eu\/cs\/wp-json\/wp\/v2\/types\/product"}],"replies":[{"embeddable":true,"href":"https:\/\/mysouldrops.eu\/cs\/wp-json\/wp\/v2\/comments?post=1080"}],"wp:featuredmedia":[{"embeddable":true,"href":"https:\/\/mysouldrops.eu\/cs\/wp-json\/wp\/v2\/media\/3106"}],"wp:attachment":[{"href":"https:\/\/mysouldrops.eu\/cs\/wp-json\/wp\/v2\/media?parent=1080"}],"wp:term":[{"taxonomy":"product_brand","embeddable":true,"href":"https:\/\/mysouldrops.eu\/cs\/wp-json\/wp\/v2\/product_brand?post=1080"},{"taxonomy":"product_cat","embeddable":true,"href":"https:\/\/mysouldrops.eu\/cs\/wp-json\/wp\/v2\/product_cat?post=1080"},{"taxonomy":"product_tag","embeddable":true,"href":"https:\/\/mysouldrops.eu\/cs\/wp-json\/wp\/v2\/product_tag?post=1080"}],"curies":[{"name":"wp","href":"https:\/\/api.w.org\/{rel}","templated":true}]}}