{"id":879,"date":"2025-06-24T17:07:53","date_gmt":"2025-06-24T15:07:53","guid":{"rendered":"https:\/\/mysouldrops.eu\/?post_type=product&#038;p=879"},"modified":"2025-10-09T14:02:03","modified_gmt":"2025-10-09T12:02:03","slug":"souldrops-healthdrop-tekute-mydlo","status":"publish","type":"product","link":"https:\/\/mysouldrops.eu\/cs\/termek\/souldrops-healthdrop-folyekony-szappan\/","title":{"rendered":"Tekut\u00e9 m\u00fddlo Souldrops Healthdrop (750 ml)"},"content":{"rendered":"<p>\u010cistota a p\u0159irozenost v ka\u017ed\u00e9 kapce<\/p>\n<p>Souldrops Healthdrop je tekut\u00e9 m\u00fddlo \u0161etrn\u00e9 k \u017eivotn\u00edmu prost\u0159ed\u00ed a poko\u017ece, kter\u00e9 je ide\u00e1ln\u00ed pro ka\u017edodenn\u00ed myt\u00ed rukou a p\u00e9\u010di o poko\u017eku. D\u00edky rostlinn\u00fdm slo\u017ek\u00e1m a \u0161etrn\u00e9mu slo\u017een\u00ed nevysu\u0161uje poko\u017eku, tak\u017ee je bezpe\u010dn\u00e9 i pro osoby s citlivou poko\u017ekou. Balen\u00ed o objemu 750 ml nab\u00edz\u00ed ekonomick\u00e9 \u0159e\u0161en\u00ed pro dom\u00e1c\u00ed, a dokonce i kancel\u00e1\u0159sk\u00e9 pou\u017eit\u00ed.<\/p>\n<p>Kl\u00ed\u010dov\u00e9 vlastnosti:<\/p>\n<ul>\n<li>Vyrobeno z p\u0159\u00edrodn\u00edch slo\u017eek<\/li>\n<li>Dermatologicky testov\u00e1no - doporu\u010deno i pro citlivou poko\u017eku<\/li>\n<li>\u0160etrn\u00e9, ale \u00fa\u010dinn\u00e9 \u010di\u0161t\u011bn\u00ed<\/li>\n<li>Vegansk\u00e9 a bez zv\u00ed\u0159at<\/li>\n<li>Ekologicky \u0161etrn\u00e9 obaly<\/li>\n<\/ul>\n<p><strong>Pou\u017eit\u00ed:<\/strong><\/p>\n<p>Naneste mal\u00e9 mno\u017estv\u00ed na mokr\u00e9 ruce, nap\u011b\u0148te a d\u016fkladn\u011b opl\u00e1chn\u011bte. Ide\u00e1ln\u00ed tak\u00e9 pro \u010dast\u00e9 pou\u017e\u00edv\u00e1n\u00ed.<\/p>\n<p><strong>Pov\u011bdom\u00ed o \u017eivotn\u00edm prost\u0159ed\u00ed:<\/strong><\/p>\n<p>Filozofi\u00ed spole\u010dnosti Souldrops je udr\u017eitelnost a \u010dist\u00fd \u017eivot. Tekut\u00e9 m\u00fddlo Healthdrop je prosp\u011b\u0161n\u00e9 nejen pro va\u0161e t\u011blo, ale tak\u00e9 pro \u017eivotn\u00ed prost\u0159ed\u00ed.<\/p>","protected":false},"excerpt":{"rendered":"<p>Jemn\u00e9 tekut\u00e9 m\u00fddlo na p\u0159\u00edrodn\u00ed b\u00e1zi o objemu 750 ml, vhodn\u00e9 i pro citlivou poko\u017eku. Slo\u017een\u00ed Souldrops Healthdrop, kter\u00e9 je \u0161etrn\u00e9 k poko\u017ece, \u00fa\u010dinn\u011b \u010dist\u00ed a z\u00e1rove\u0148 zachov\u00e1v\u00e1 p\u0159irozenou hydrataci poko\u017eky. Ide\u00e1ln\u00ed pro ka\u017edodenn\u00ed pou\u017eit\u00ed pro celou rodinu.<\/p>","protected":false},"featured_media":100,"comment_status":"open","ping_status":"closed","template":"","meta":[],"product_brand":[1377],"product_cat":[1384],"product_tag":[1479,1509,1454,1471,1508,1449,1450,1462,1491,1511,1507,1510,1497,1513,1512,1468,1439,1500,1514,1466],"class_list":{"0":"post-879","1":"product","2":"type-product","3":"status-publish","4":"has-post-thumbnail","6":"product_brand-souldrops","7":"product_cat-folyekony-szappan","8":"product_tag-750ml","9":"product_tag-antibakterialis-hatas","10":"product_tag-erzekeny-borre","11":"product_tag-okohatekony","12":"product_tag-borbarat-szappan","13":"product_tag-folyekony-szappan","14":"product_tag-healthdrop","15":"product_tag-hipoallergen","16":"product_tag-illatmentes","17":"product_tag-kezhigienia","18":"product_tag-kezmoso","19":"product_tag-kornyezetbarat-tisztalkodas","20":"product_tag-magyar-termek","21":"product_tag-napi-hasznalatra","22":"product_tag-parabenmentes","23":"product_tag-sls-mentes","24":"product_tag-souldrops","25":"product_tag-termeszetes-osszetevok","26":"product_tag-tiszta-kez","27":"product_tag-vegan-termek","29":"first","30":"instock","31":"taxable","32":"shipping-taxable","33":"product-type-simple"},"yoast_head":"<!-- This site is optimized with the Yoast SEO plugin v27.4 - https:\/\/yoast.com\/product\/yoast-seo-wordpress\/ -->\n<title>Souldrops Healthdrop Foly\u00e9kony Szappan (750 ml) - Souldrops International<\/title>\n<meta name=\"description\" content=\"Term\u00e9szetes alap\u00fa, k\u00edm\u00e9letes foly\u00e9kony szappan 750 ml-es kiszerel\u00e9sben, \u00e9rz\u00e9keny b\u0151rre is. A Souldrops Healthdrop b\u0151rbar\u00e1t formul\u00e1ja hat\u00e9konyan tiszt\u00edt, mik\u00f6zben meg\u0151rzi a b\u0151r term\u00e9szetes hidrat\u00e1lts\u00e1g\u00e1t. Ide\u00e1lis napi haszn\u00e1latra az eg\u00e9sz csal\u00e1d sz\u00e1m\u00e1ra.\" \/>\n<meta name=\"robots\" content=\"index, follow, max-snippet:-1, max-image-preview:large, max-video-preview:-1\" \/>\n<link rel=\"canonical\" href=\"https:\/\/mysouldrops.eu\/cs\/produkt\/souldrops-healthdrop-tekute-mydlo\/\" \/>\n<meta property=\"og:locale\" content=\"cs_CZ\" \/>\n<meta property=\"og:type\" content=\"article\" \/>\n<meta property=\"og:title\" content=\"Souldrops Healthdrop Foly\u00e9kony Szappan (750 ml) - Souldrops International\" \/>\n<meta property=\"og:description\" content=\"Term\u00e9szetes alap\u00fa, k\u00edm\u00e9letes foly\u00e9kony szappan 750 ml-es kiszerel\u00e9sben, \u00e9rz\u00e9keny b\u0151rre is. A Souldrops Healthdrop b\u0151rbar\u00e1t formul\u00e1ja hat\u00e9konyan tiszt\u00edt, mik\u00f6zben meg\u0151rzi a b\u0151r term\u00e9szetes hidrat\u00e1lts\u00e1g\u00e1t. Ide\u00e1lis napi haszn\u00e1latra az eg\u00e9sz csal\u00e1d sz\u00e1m\u00e1ra.\" \/>\n<meta property=\"og:url\" content=\"https:\/\/mysouldrops.eu\/cs\/produkt\/souldrops-healthdrop-tekute-mydlo\/\" \/>\n<meta property=\"og:site_name\" content=\"Souldrops International\" \/>\n<meta property=\"article:modified_time\" content=\"2025-10-09T12:02:03+00:00\" \/>\n<meta property=\"og:image\" content=\"https:\/\/mysouldrops.eu\/wp-content\/uploads\/2025\/06\/HE_450_HU_R_F-Feher_C-PAN368_v4.png\" \/>\n\t<meta property=\"og:image:width\" content=\"3425\" \/>\n\t<meta property=\"og:image:height\" content=\"3425\" \/>\n\t<meta property=\"og:image:type\" content=\"image\/png\" \/>\n<meta name=\"twitter:card\" content=\"summary_large_image\" \/>\n<meta name=\"twitter:label1\" content=\"Odhadovan\u00e1 doba \u010dten\u00ed\" \/>\n\t<meta name=\"twitter:data1\" content=\"1 minuta\" \/>\n<script type=\"application\/ld+json\" class=\"yoast-schema-graph\">{\"@context\":\"https:\\\/\\\/schema.org\",\"@graph\":[{\"@type\":\"WebPage\",\"@id\":\"https:\\\/\\\/mysouldrops.eu\\\/termek\\\/souldrops-healthdrop-folyekony-szappan\\\/\",\"url\":\"https:\\\/\\\/mysouldrops.eu\\\/termek\\\/souldrops-healthdrop-folyekony-szappan\\\/\",\"name\":\"Souldrops Healthdrop Foly\u00e9kony Szappan (750 ml) - Souldrops International\",\"isPartOf\":{\"@id\":\"https:\\\/\\\/mysouldrops.eu\\\/#website\"},\"primaryImageOfPage\":{\"@id\":\"https:\\\/\\\/mysouldrops.eu\\\/termek\\\/souldrops-healthdrop-folyekony-szappan\\\/#primaryimage\"},\"image\":{\"@id\":\"https:\\\/\\\/mysouldrops.eu\\\/termek\\\/souldrops-healthdrop-folyekony-szappan\\\/#primaryimage\"},\"thumbnailUrl\":\"https:\\\/\\\/mysouldrops.eu\\\/wp-content\\\/uploads\\\/2025\\\/06\\\/HE_450_HU_R_F-Feher_C-PAN368_v4.png\",\"datePublished\":\"2025-06-24T15:07:53+00:00\",\"dateModified\":\"2025-10-09T12:02:03+00:00\",\"description\":\"Term\u00e9szetes alap\u00fa, k\u00edm\u00e9letes foly\u00e9kony szappan 750 ml-es kiszerel\u00e9sben, \u00e9rz\u00e9keny b\u0151rre is. A Souldrops Healthdrop b\u0151rbar\u00e1t formul\u00e1ja hat\u00e9konyan tiszt\u00edt, mik\u00f6zben meg\u0151rzi a b\u0151r term\u00e9szetes hidrat\u00e1lts\u00e1g\u00e1t. Ide\u00e1lis napi haszn\u00e1latra az eg\u00e9sz csal\u00e1d sz\u00e1m\u00e1ra.\",\"breadcrumb\":{\"@id\":\"https:\\\/\\\/mysouldrops.eu\\\/termek\\\/souldrops-healthdrop-folyekony-szappan\\\/#breadcrumb\"},\"inLanguage\":\"cs\",\"potentialAction\":[{\"@type\":\"ReadAction\",\"target\":[\"https:\\\/\\\/mysouldrops.eu\\\/termek\\\/souldrops-healthdrop-folyekony-szappan\\\/\"]}]},{\"@type\":\"ImageObject\",\"inLanguage\":\"cs\",\"@id\":\"https:\\\/\\\/mysouldrops.eu\\\/termek\\\/souldrops-healthdrop-folyekony-szappan\\\/#primaryimage\",\"url\":\"https:\\\/\\\/mysouldrops.eu\\\/wp-content\\\/uploads\\\/2025\\\/06\\\/HE_450_HU_R_F-Feher_C-PAN368_v4.png\",\"contentUrl\":\"https:\\\/\\\/mysouldrops.eu\\\/wp-content\\\/uploads\\\/2025\\\/06\\\/HE_450_HU_R_F-Feher_C-PAN368_v4.png\",\"width\":3425,\"height\":3425},{\"@type\":\"BreadcrumbList\",\"@id\":\"https:\\\/\\\/mysouldrops.eu\\\/termek\\\/souldrops-healthdrop-folyekony-szappan\\\/#breadcrumb\",\"itemListElement\":[{\"@type\":\"ListItem\",\"position\":1,\"name\":\"Kezd\u0151lap\",\"item\":\"https:\\\/\\\/mysouldrops.eu\\\/\"},{\"@type\":\"ListItem\",\"position\":2,\"name\":\"Shop\",\"item\":\"https:\\\/\\\/mysouldrops.eu\\\/uzlet\\\/\"},{\"@type\":\"ListItem\",\"position\":3,\"name\":\"Souldrops Healthdrop Foly\u00e9kony Szappan (750 ml)\"}]},{\"@type\":\"WebSite\",\"@id\":\"https:\\\/\\\/mysouldrops.eu\\\/#website\",\"url\":\"https:\\\/\\\/mysouldrops.eu\\\/\",\"name\":\"Souldrops International\",\"description\":\"A Souldrops egy k\u00f6rnyezettudatos tiszt\u00edt\u00f3szerm\u00e1rka, amely term\u00e9szetes \u00f6sszetev\u0151kkel \u00e9s st\u00edlusos szeml\u00e9lettel teszi tiszt\u00e1bb\u00e1 a vil\u00e1got \u2013 k\u00edv\u00fcl \u00e9s bel\u00fcl\",\"potentialAction\":[{\"@type\":\"SearchAction\",\"target\":{\"@type\":\"EntryPoint\",\"urlTemplate\":\"https:\\\/\\\/mysouldrops.eu\\\/?s={search_term_string}\"},\"query-input\":{\"@type\":\"PropertyValueSpecification\",\"valueRequired\":true,\"valueName\":\"search_term_string\"}}],\"inLanguage\":\"cs\"}]}<\/script>\n<!-- \/ Yoast SEO plugin. -->","yoast_head_json":{"title":"Souldrops Healthdrop tekut\u00e9 m\u00fddlo (750 ml) - Souldrops International","description":"Jemn\u00e9 tekut\u00e9 m\u00fddlo na p\u0159\u00edrodn\u00ed b\u00e1zi o objemu 750 ml, vhodn\u00e9 i pro citlivou poko\u017eku. Slo\u017een\u00ed Souldrops Healthdrop, kter\u00e9 je \u0161etrn\u00e9 k poko\u017ece, \u00fa\u010dinn\u011b \u010dist\u00ed a z\u00e1rove\u0148 zachov\u00e1v\u00e1 p\u0159irozenou hydrataci poko\u017eky. Ide\u00e1ln\u00ed pro ka\u017edodenn\u00ed pou\u017eit\u00ed pro celou rodinu.","robots":{"index":"index","follow":"follow","max-snippet":"max-snippet:-1","max-image-preview":"max-image-preview:large","max-video-preview":"max-video-preview:-1"},"canonical":"https:\/\/mysouldrops.eu\/cs\/produkt\/souldrops-healthdrop-tekute-mydlo\/","og_locale":"cs_CZ","og_type":"article","og_title":"Souldrops Healthdrop Foly\u00e9kony Szappan (750 ml) - Souldrops International","og_description":"Term\u00e9szetes alap\u00fa, k\u00edm\u00e9letes foly\u00e9kony szappan 750 ml-es kiszerel\u00e9sben, \u00e9rz\u00e9keny b\u0151rre is. A Souldrops Healthdrop b\u0151rbar\u00e1t formul\u00e1ja hat\u00e9konyan tiszt\u00edt, mik\u00f6zben meg\u0151rzi a b\u0151r term\u00e9szetes hidrat\u00e1lts\u00e1g\u00e1t. Ide\u00e1lis napi haszn\u00e1latra az eg\u00e9sz csal\u00e1d sz\u00e1m\u00e1ra.","og_url":"https:\/\/mysouldrops.eu\/cs\/produkt\/souldrops-healthdrop-tekute-mydlo\/","og_site_name":"Souldrops International","article_modified_time":"2025-10-09T12:02:03+00:00","og_image":[{"width":3425,"height":3425,"url":"https:\/\/mysouldrops.eu\/wp-content\/uploads\/2025\/06\/HE_450_HU_R_F-Feher_C-PAN368_v4.png","type":"image\/png"}],"twitter_card":"summary_large_image","twitter_misc":{"Odhadovan\u00e1 doba \u010dten\u00ed":"1 minuta"},"schema":{"@context":"https:\/\/schema.org","@graph":[{"@type":"WebPage","@id":"https:\/\/mysouldrops.eu\/termek\/souldrops-healthdrop-folyekony-szappan\/","url":"https:\/\/mysouldrops.eu\/termek\/souldrops-healthdrop-folyekony-szappan\/","name":"Souldrops Healthdrop tekut\u00e9 m\u00fddlo (750 ml) - Souldrops International","isPartOf":{"@id":"https:\/\/mysouldrops.eu\/#website"},"primaryImageOfPage":{"@id":"https:\/\/mysouldrops.eu\/termek\/souldrops-healthdrop-folyekony-szappan\/#primaryimage"},"image":{"@id":"https:\/\/mysouldrops.eu\/termek\/souldrops-healthdrop-folyekony-szappan\/#primaryimage"},"thumbnailUrl":"https:\/\/mysouldrops.eu\/wp-content\/uploads\/2025\/06\/HE_450_HU_R_F-Feher_C-PAN368_v4.png","datePublished":"2025-06-24T15:07:53+00:00","dateModified":"2025-10-09T12:02:03+00:00","description":"Jemn\u00e9 tekut\u00e9 m\u00fddlo na p\u0159\u00edrodn\u00ed b\u00e1zi o objemu 750 ml, vhodn\u00e9 i pro citlivou poko\u017eku. Slo\u017een\u00ed Souldrops Healthdrop, kter\u00e9 je \u0161etrn\u00e9 k poko\u017ece, \u00fa\u010dinn\u011b \u010dist\u00ed a z\u00e1rove\u0148 zachov\u00e1v\u00e1 p\u0159irozenou hydrataci poko\u017eky. Ide\u00e1ln\u00ed pro ka\u017edodenn\u00ed pou\u017eit\u00ed pro celou rodinu.","breadcrumb":{"@id":"https:\/\/mysouldrops.eu\/termek\/souldrops-healthdrop-folyekony-szappan\/#breadcrumb"},"inLanguage":"cs","potentialAction":[{"@type":"ReadAction","target":["https:\/\/mysouldrops.eu\/termek\/souldrops-healthdrop-folyekony-szappan\/"]}]},{"@type":"ImageObject","inLanguage":"cs","@id":"https:\/\/mysouldrops.eu\/termek\/souldrops-healthdrop-folyekony-szappan\/#primaryimage","url":"https:\/\/mysouldrops.eu\/wp-content\/uploads\/2025\/06\/HE_450_HU_R_F-Feher_C-PAN368_v4.png","contentUrl":"https:\/\/mysouldrops.eu\/wp-content\/uploads\/2025\/06\/HE_450_HU_R_F-Feher_C-PAN368_v4.png","width":3425,"height":3425},{"@type":"BreadcrumbList","@id":"https:\/\/mysouldrops.eu\/termek\/souldrops-healthdrop-folyekony-szappan\/#breadcrumb","itemListElement":[{"@type":"ListItem","position":1,"name":"Kezd\u0151lap","item":"https:\/\/mysouldrops.eu\/"},{"@type":"ListItem","position":2,"name":"Shop","item":"https:\/\/mysouldrops.eu\/uzlet\/"},{"@type":"ListItem","position":3,"name":"Souldrops Healthdrop Foly\u00e9kony Szappan (750 ml)"}]},{"@type":"WebSite","@id":"https:\/\/mysouldrops.eu\/#website","url":"https:\/\/mysouldrops.eu\/","name":"Souldrops International","description":"Souldrops je ekologicky uv\u011bdom\u011bl\u00e1 zna\u010dka \u010distic\u00edch prost\u0159edk\u016f, kter\u00e1 vyu\u017e\u00edv\u00e1 p\u0159\u00edrodn\u00ed ingredience a stylov\u00fd p\u0159\u00edstup k tomu, aby byl sv\u011bt \u010dist\u0161\u00ed - uvnit\u0159 i venku.","potentialAction":[{"@type":"SearchAction","target":{"@type":"EntryPoint","urlTemplate":"https:\/\/mysouldrops.eu\/?s={search_term_string}"},"query-input":{"@type":"PropertyValueSpecification","valueRequired":true,"valueName":"search_term_string"}}],"inLanguage":"cs"}]}},"jetpack_likes_enabled":true,"jetpack_sharing_enabled":true,"_links":{"self":[{"href":"https:\/\/mysouldrops.eu\/cs\/wp-json\/wp\/v2\/product\/879","targetHints":{"allow":["GET"]}}],"collection":[{"href":"https:\/\/mysouldrops.eu\/cs\/wp-json\/wp\/v2\/product"}],"about":[{"href":"https:\/\/mysouldrops.eu\/cs\/wp-json\/wp\/v2\/types\/product"}],"replies":[{"embeddable":true,"href":"https:\/\/mysouldrops.eu\/cs\/wp-json\/wp\/v2\/comments?post=879"}],"wp:featuredmedia":[{"embeddable":true,"href":"https:\/\/mysouldrops.eu\/cs\/wp-json\/wp\/v2\/media\/100"}],"wp:attachment":[{"href":"https:\/\/mysouldrops.eu\/cs\/wp-json\/wp\/v2\/media?parent=879"}],"wp:term":[{"taxonomy":"product_brand","embeddable":true,"href":"https:\/\/mysouldrops.eu\/cs\/wp-json\/wp\/v2\/product_brand?post=879"},{"taxonomy":"product_cat","embeddable":true,"href":"https:\/\/mysouldrops.eu\/cs\/wp-json\/wp\/v2\/product_cat?post=879"},{"taxonomy":"product_tag","embeddable":true,"href":"https:\/\/mysouldrops.eu\/cs\/wp-json\/wp\/v2\/product_tag?post=879"}],"curies":[{"name":"wp","href":"https:\/\/api.w.org\/{rel}","templated":true}]}}