{"id":1152,"date":"2025-07-26T15:00:54","date_gmt":"2025-07-26T13:00:54","guid":{"rendered":"https:\/\/mysouldrops.eu\/?page_id=1152"},"modified":"2025-07-26T16:26:51","modified_gmt":"2025-07-26T14:26:51","slug":"peta-godkendt-vegansk-tanusitvany","status":"publish","type":"page","link":"https:\/\/mysouldrops.eu\/da\/a-souldrops-rol\/peta-approved-vegan-tanusitvany\/","title":{"rendered":"PETA-godkendt vegansk certifikat"},"content":{"rendered":"<section class=\"section has-parallax\" id=\"section_1759558224\">\n\t\t<div class=\"section-bg fill\" data-parallax-container=\".section\" data-parallax-background data-parallax=\"-1\">\n\t\t\t<img loading=\"lazy\" decoding=\"async\" width=\"2500\" height=\"1667\" src=\"https:\/\/mysouldrops.eu\/wp-content\/uploads\/2025\/07\/veterinarian-performing-a-checkup-on-a-large-white-2025-04-04-12-43-49-utc.jpg\" class=\"bg attachment- size-\" alt=\"\" data-attachment-id=\"1168\" data-permalink=\"https:\/\/mysouldrops.eu\/da\/a-souldrops-rol\/peta-approved-vegan-tanusitvany\/veterinarian-performing-a-checkup-on-a-large-white-rabbit\/#main\" data-orig-file=\"https:\/\/mysouldrops.eu\/wp-content\/uploads\/2025\/07\/veterinarian-performing-a-checkup-on-a-large-white-2025-04-04-12-43-49-utc.jpg\" data-orig-size=\"2500,1667\" data-comments-opened=\"1\" data-image-meta=\"{&quot;aperture&quot;:&quot;0&quot;,&quot;credit&quot;:&quot;Stuart Pearce&quot;,&quot;camera&quot;:&quot;&quot;,&quot;caption&quot;:&quot;Veterinarian performing a checkup on a large white rabbit&quot;,&quot;created_timestamp&quot;:&quot;1516842000&quot;,&quot;copyright&quot;:&quot;ImageSource&quot;,&quot;focal_length&quot;:&quot;0&quot;,&quot;iso&quot;:&quot;0&quot;,&quot;shutter_speed&quot;:&quot;0&quot;,&quot;title&quot;:&quot;Veterinarian performing a checkup on a large white rabbit&quot;,&quot;orientation&quot;:&quot;1&quot;}\" data-image-title=\"Veterinarian performing a checkup on a large white rabbit\" data-image-description=\"\" data-image-caption=\"&lt;p&gt;Veterinarian performing a checkup on a large white rabbit&lt;\/p&gt;\" data-large-file=\"https:\/\/mysouldrops.eu\/wp-content\/uploads\/2025\/07\/veterinarian-performing-a-checkup-on-a-large-white-2025-04-04-12-43-49-utc-1200x800.jpg\" \/>\t\t\t\t\t\t<div class=\"section-bg-overlay absolute fill\"><\/div>\n\t\t\t\n\n\t\t<\/div>\n\n\t\t\n\n\t\t<div class=\"section-content relative\">\n\t\t\t\n\n<div class=\"row\"  id=\"row-934352573\">\n\n\n\t<div id=\"col-858295407\" class=\"col small-12 large-12\"  >\n\t\t\t\t<div class=\"col-inner text-center\"  >\n\t\t\t\n\t\t\t\n\n\t<div class=\"img has-hover x md-x lg-x y md-y lg-y\" id=\"image_844450535\">\n\t\t\t\t\t\t<div data-animate=\"fadeInUp\">\t\t<div class=\"img-inner dark\" style=\"margin:0px 0px 20% 0px;\">\n\t\t\t<img loading=\"lazy\" decoding=\"async\" width=\"1020\" height=\"348\" src=\"https:\/\/mysouldrops.eu\/wp-content\/uploads\/2025\/06\/peta_logo-1400x478.png\" class=\"attachment-large size-large\" alt=\"\" srcset=\"https:\/\/mysouldrops.eu\/wp-content\/uploads\/2025\/06\/peta_logo-1400x478.png 1400w, https:\/\/mysouldrops.eu\/wp-content\/uploads\/2025\/06\/peta_logo-800x273.png 800w, https:\/\/mysouldrops.eu\/wp-content\/uploads\/2025\/06\/peta_logo-768x262.png 768w, https:\/\/mysouldrops.eu\/wp-content\/uploads\/2025\/06\/peta_logo-1536x524.png 1536w, https:\/\/mysouldrops.eu\/wp-content\/uploads\/2025\/06\/peta_logo-510x174.png 510w, https:\/\/mysouldrops.eu\/wp-content\/uploads\/2025\/06\/peta_logo.png 1940w\" sizes=\"auto, (max-width: 1020px) 100vw, 1020px\" data-attachment-id=\"885\" data-permalink=\"https:\/\/mysouldrops.eu\/da\/souldrops-haztartasi-tisztitoszerek\/peta_logo\/#main\" data-orig-file=\"https:\/\/mysouldrops.eu\/wp-content\/uploads\/2025\/06\/peta_logo.png\" data-orig-size=\"1940,662\" data-comments-opened=\"1\" data-image-meta=\"{&quot;aperture&quot;:&quot;0&quot;,&quot;credit&quot;:&quot;&quot;,&quot;camera&quot;:&quot;&quot;,&quot;caption&quot;:&quot;&quot;,&quot;created_timestamp&quot;:&quot;0&quot;,&quot;copyright&quot;:&quot;&quot;,&quot;focal_length&quot;:&quot;0&quot;,&quot;iso&quot;:&quot;0&quot;,&quot;shutter_speed&quot;:&quot;0&quot;,&quot;title&quot;:&quot;&quot;,&quot;orientation&quot;:&quot;0&quot;}\" data-image-title=\"peta_logo\" data-image-description=\"\" data-image-caption=\"\" data-large-file=\"https:\/\/mysouldrops.eu\/wp-content\/uploads\/2025\/06\/peta_logo-1400x478.png\" \/>\t\t\t\t\t\t\n\t\t\t\t\t<\/div>\n\t\t<\/div>\t\t\t\t\t\t\n<style>\n#image_844450535 {\n  width: 36%;\n}\n<\/style>\n\t<\/div>\n\t\n\n\n\t\t<\/div>\n\t\t\t\t\t<\/div>\n\n\t\n\n<\/div>\n\n\t\t<\/div>\n\n\t\t\n<style>\n#section_1759558224 {\n  padding-top: 30px;\n  padding-bottom: 30px;\n  min-height: 400px;\n}\n#section_1759558224 .section-bg-overlay {\n  background-color: rgba(255, 255, 255, 0.174);\n}\n@media (min-width:550px) {\n  #section_1759558224 {\n    min-height: 600px;\n  }\n}\n<\/style>\n\t<\/section>\n\t\n\n\t<section class=\"section\" id=\"section_1304687314\">\n\t\t<div class=\"section-bg fill\" >\n\t\t\t\t\t\t\t\t\t\n\t\t\t\n\n\t\t<\/div>\n\n\t\t\n\n\t\t<div class=\"section-content relative\">\n\t\t\t\n\n<div class=\"row row-collapse row-full-width\"  id=\"row-2079217548\">\n\n\n\t<div id=\"col-380007239\" class=\"col medium-10 small-12 large-6\"  >\n\t\t\t\t<div class=\"col-inner\" style=\"background-color:rgba(246, 219, 232, 0.988);\" >\n\t\t\t\n\t\t\t\n\n\t<div id=\"gap-1243902606\" class=\"gap-element clearfix\" style=\"display:block; height:auto;\">\n\t\t\n<style>\n#gap-1243902606 {\n  padding-top: 700px;\n}\n<\/style>\n\t<\/div>\n\t\n\n\n\t\t<\/div>\n\t\t\t\t\n<style>\n#col-380007239 > .col-inner {\n  margin: -100px 0px 0px 0px;\n  border-radius: 23px;\n}\n@media (min-width:550px) {\n  #col-380007239 > .col-inner {\n    margin: -260px 0px 0px 20px;\n  }\n}\n<\/style>\n\t<\/div>\n\n\t\n\n<\/div>\n<div class=\"row\" style=\"max-width:1300px\" id=\"row-1227013262\">\n\n\n\t<div id=\"col-1811456772\" class=\"col medium-8 small-12 large-5\"  >\n\t\t\t\t<div class=\"col-inner\"  >\n\t\t\t\n\t\t\t\n\n\t<div id=\"text-1142948592\" class=\"text\">\n\t\t\n\n<h3>Hvad betyder status som PETA-godkendt veganer?<\/h3>\n\t\t\n<style>\n#text-1142948592 {\n  font-size: 1.75rem;\n}\n<\/style>\n\t<\/div>\n\t\n<p class=\"lead\">A <strong>Souldrops<\/strong> produkter er nu officielt <strong>PETA-godkendt Vegansk certificeret<\/strong> - Det betyder, at <strong>vores reng\u00f8ringsprodukter er helt veganske og testet uden brug af dyr<\/strong>. Det er ikke bare et certifikat - det er et v\u00e6rdivalg i overensstemmelse med m\u00e6rkets mission: renhed uden kompromis.<\/p>\n\n\t\t<\/div>\n\t\t\t\t\n<style>\n#col-1811456772 > .col-inner {\n  margin: -600px 0px 0px 0px;\n}\n<\/style>\n\t<\/div>\n\n\t\n\n\t<div id=\"col-1105845581\" class=\"col medium-9 small-12 large-6\"  >\n\t\t\t\t<div class=\"col-inner\"  >\n\t\t\t\n\t\t\t\n\n\t<div id=\"text-3208102721\" class=\"text\">\n\t\t\n\n<h3>Essensen af PETA-godkendt vegansk certificering<\/h3>\n\t\t\n<style>\n#text-3208102721 {\n  font-size: 1.75rem;\n}\n<\/style>\n\t<\/div>\n\t\n<p><span style=\"font-size: 120%;\">PETA (People for the Ethical Treatment of Animals) er en globalt anerkendt dyrerettighedsorganisation. Logoet \u201ePETA-Approved Vegan\u201d garanterer det:<br \/><\/span><\/p>\n<ul>\n<li><strong><span style=\"font-size: 120%;\">Ingen ingredienser af animalsk oprindelse i produkterne<\/span><\/strong><\/li>\n<li><strong><span style=\"font-size: 120%;\">Ingen dyrefors\u00f8g under udvikling og produktion<\/span><\/strong><\/li>\n<li><strong><span style=\"font-size: 120%;\">Hele produktionsprocessen er etisk og ansvarlig<\/span><\/strong><\/li>\n<\/ul>\n<p><span style=\"font-size: 120%;\">Dette logo er din sikkerhed for, at du tr\u00e6ffer et informeret valg, n\u00e5r du v\u00e6lger Souldrops.<\/span><\/p>\n<p>\u00a0<\/p>\n\n\t\t<\/div>\n\t\t\t\t\n<style>\n#col-1105845581 > .col-inner {\n  margin: -400px 0px 0px 0px;\n}\n@media (min-width:850px) {\n  #col-1105845581 > .col-inner {\n    margin: -450px 0px 0px 150px;\n  }\n}\n<\/style>\n\t<\/div>\n\n\t\n\n<\/div>\n\n\t\t<\/div>\n\n\t\t\n<style>\n#section_1304687314 {\n  padding-top: 30px;\n  padding-bottom: 30px;\n}\n<\/style>\n\t<\/section>\n\t\n\n\t<section class=\"section\" id=\"section_1904734894\">\n\t\t<div class=\"section-bg fill\" >\n\t\t\t\t\t\t\t\t\t\n\t\t\t\n\n\t\t<\/div>\n\n\t\t\n\n\t\t<div class=\"section-content relative\">\n\t\t\t\n\n\t<div id=\"text-1686894054\" class=\"text\">\n\t\t\n\n<h3>Hvad betyder status som PETA-godkendt veganer?<\/h3>\n\t\t\n<style>\n#text-1686894054 {\n  font-size: 1.75rem;\n}\n<\/style>\n\t<\/div>\n\t\n<div class=\"row row-collapse row-full-width\"  id=\"row-1129163108\">\n\n\n\t<div id=\"col-1135154924\" class=\"col small-12 large-12\"  >\n\t\t\t\t<div class=\"col-inner\"  >\n\t\t\t\n\t\t\t\n\n\n  <div class=\"banner has-hover has-video has-parallax\" id=\"banner-89315499\">\n          <div class=\"banner-inner fill\">\n        <div class=\"banner-bg fill\" data-parallax=\"-10\" data-parallax-container=\".banner\" data-parallax-background>\n            <img loading=\"lazy\" decoding=\"async\" width=\"1020\" height=\"653\" src=\"https:\/\/mysouldrops.eu\/wp-content\/uploads\/2025\/07\/boy-are-stand-holding-seedlings-are-in-dry-land-in-2025-01-16-15-44-16-utc-1250x800.jpg\" class=\"bg attachment-large size-large\" alt=\"\" data-attachment-id=\"1170\" data-permalink=\"https:\/\/mysouldrops.eu\/da\/a-souldrops-rol\/peta-approved-vegan-tanusitvany\/boy-are-stand-holding-seedlings-are-in-dry-land-in-a-warming-world\/#main\" data-orig-file=\"https:\/\/mysouldrops.eu\/wp-content\/uploads\/2025\/07\/boy-are-stand-holding-seedlings-are-in-dry-land-in-2025-01-16-15-44-16-utc.jpg\" data-orig-size=\"2500,1600\" data-comments-opened=\"1\" data-image-meta=\"{&quot;aperture&quot;:&quot;2.8&quot;,&quot;credit&quot;:&quot;&quot;,&quot;camera&quot;:&quot;NIKON Z 6&quot;,&quot;caption&quot;:&quot;boy are stand holding seedlings are in dry land in a warming world.&quot;,&quot;created_timestamp&quot;:&quot;1529427315&quot;,&quot;copyright&quot;:&quot;&quot;,&quot;focal_length&quot;:&quot;28&quot;,&quot;iso&quot;:&quot;100&quot;,&quot;shutter_speed&quot;:&quot;0.00125&quot;,&quot;title&quot;:&quot;boy are stand holding seedlings are in dry land in a warming world.&quot;,&quot;orientation&quot;:&quot;1&quot;}\" data-image-title=\"boy are stand holding seedlings are in dry land in a warming world.\" data-image-description=\"\" data-image-caption=\"&lt;p&gt;boy are stand holding seedlings are in dry land in a warming world.&lt;\/p&gt;\" data-large-file=\"https:\/\/mysouldrops.eu\/wp-content\/uploads\/2025\/07\/boy-are-stand-holding-seedlings-are-in-dry-land-in-2025-01-16-15-44-16-utc-1250x800.jpg\" \/>            \t<div class=\"video-overlay no-click fill visible\"><\/div>\n\t<video class=\"video-bg fill visible\" preload playsinline autoplay muted loop>\n\t\t<source src=\"https:\/\/videos.files.wordpress.com\/p2gQm53C\/agriculture-and-seedling-concept-female-hand-water-2023-12-28-16-20-42-utc.mp4\" type=\"video\/mp4\">\t<\/video>\n            <div class=\"overlay\"><\/div>            \n\t<div class=\"is-border\"\n\t\tstyle=\"border-width:0px 0px 0px 0px;margin:0px 0px 0px 0px;\">\n\t<\/div>\n                    <\/div>\n\t\t\n        <div class=\"banner-layers container\">\n            <div class=\"fill banner-link\"><\/div>            \n\n   <div id=\"text-box-1656310415\" class=\"text-box banner-layer x50 md-x50 lg-x50 y50 md-y50 lg-y50 res-text\">\n                                <div class=\"text-box-content text dark\">\n              \n              <div class=\"text-inner text-center\">\n                  \n\n\t<div id=\"text-3100418251\" class=\"text\">\n\t\t\n\n<h3 style=\"text-align: center;\"><strong>Hvorfor er det vigtigt for Souldrops?<\/strong><\/h3>\n\t\t\n<style>\n#text-3100418251 {\n  text-align: center;\n  color: rgb(255,255,255);\n}\n#text-3100418251 > * {\n  color: rgb(255,255,255);\n}\n<\/style>\n\t<\/div>\n\t\n\t<div id=\"text-710581993\" class=\"text\">\n\t\t\n\n<p style=\"text-align: center;\">For os er etisk og milj\u00f8m\u00e6ssig ansvarlig drift ikke en mulighed, men et princip. PETA-godkendt status bekr\u00e6fter det:<\/p>\n<p style=\"text-align: center;\"><strong>Vi beskytter ikke kun milj\u00f8et, men ogs\u00e5 dyrene<\/strong><\/p>\n<p style=\"text-align: center;\"><strong>Du kan bruge alle vores produkter uden d\u00e5rlig samvittighed<\/strong><\/p>\n<p style=\"text-align: center;\"><strong>Vi er forpligtet til en b\u00e6redygtig og grusomhedsfri fremtid<\/strong><\/p>\n<p style=\"text-align: center;\">For os er vegansk certificering endnu et skridt mod en bedre verden - hvor der ikke g\u00e5s p\u00e5 kompromis med renheden.<\/p>\n<p style=\"text-align: center;\">\u00a0<\/p>\n\t\t\n<style>\n#text-710581993 {\n  color: rgb(255,255,255);\n}\n#text-710581993 > * {\n  color: rgb(255,255,255);\n}\n<\/style>\n\t<\/div>\n\t\n\n              <\/div>\n           <\/div>\n                            \n<style>\n#text-box-1656310415 {\n  width: 60%;\n}\n#text-box-1656310415 .text-box-content {\n  font-size: 100%;\n}\n@media (min-width:550px) {\n  #text-box-1656310415 {\n    width: 80%;\n  }\n}\n<\/style>\n    <\/div>\n \n\n        <\/div>\n      <\/div>\n\n            \n<style>\n#banner-89315499 {\n  padding-top: 300px;\n  background-color: rgb(255, 255, 255);\n}\n#banner-89315499 .overlay {\n  background-color: rgba(0,0,0,.5);\n}\n@media (min-width:550px) {\n  #banner-89315499 {\n    padding-top: 500px;\n  }\n}\n<\/style>\n  <\/div>\n\n\n\n\t\t<\/div>\n\t\t\t\t\n<style>\n#col-1135154924 > .col-inner {\n  margin: -130px 0px 0px 0px;\n}\n@media (min-width:850px) {\n  #col-1135154924 > .col-inner {\n    margin: -100px 0px 0px 0px;\n  }\n}\n<\/style>\n\t<\/div>\n\n\t\n\n<\/div>\n\n\t\t<\/div>\n\n\t\t\n<style>\n#section_1904734894 {\n  padding-top: 30px;\n  padding-bottom: 30px;\n}\n<\/style>\n\t<\/section>\n\t\n\n\t<section class=\"section\" id=\"section_1232704362\">\n\t\t<div class=\"section-bg fill\" >\n\t\t\t\t\t\t\t\t\t\n\t\t\t\n\n\t\t<\/div>\n\n\t\t\n\n\t\t<div class=\"section-content relative\">\n\t\t\t\n\n\t<div id=\"gap-328459359\" class=\"gap-element clearfix\" style=\"display:block; height:auto;\">\n\t\t\n<style>\n#gap-328459359 {\n  padding-top: 30px;\n}\n<\/style>\n\t<\/div>\n\t\n\n<div class=\"row\"  id=\"row-314405320\">\n\n\n\t<div id=\"col-1314051168\" class=\"col medium-4 small-12 large-4\"  >\n\t\t\t\t<div class=\"col-inner\"  >\n\t\t\t\n\t\t\t\n\n\t<div id=\"text-4240524206\" class=\"text\">\n\t\t\n\n<h3>Hvorfor betyder det noget for dig?<\/h3>\n\t\t\n<style>\n#text-4240524206 {\n  font-size: 1.75rem;\n}\n<\/style>\n\t<\/div>\n\t\n\n\t\t<\/div>\n\t\t\t\t\t<\/div>\n\n\t\n\n\t<div id=\"col-1426938552\" class=\"col medium-8 small-12 large-8\"  >\n\t\t\t\t<div class=\"col-inner\"  >\n\t\t\t\n\t\t\t\n\n<p>PETA-Approved Vegan-logoet hj\u00e6lper dig med at navigere i en verden af bevidst shopping. Hvis det er vigtigt for dig:<\/p>\n<ul>\n<li><strong>Den veganske livsstil<\/strong><\/li>\n<li><strong>Dyrevelf\u00e6rd<\/strong><\/li>\n<li><strong>En bevidst og ansvarlig husholdning<\/strong><\/li>\n<\/ul>\n<p>A <strong>Souldrops<\/strong> produkter opfylder disse krav. Du beh\u00f8ver ikke at v\u00e6lge mellem effektivitet og etik - vi giver dig begge dele.<\/p>\n\n\t\t<\/div>\n\t\t\t\t\t<\/div>\n\n\t\n\n<\/div>\n<p style=\"text-align: center;\" data-start=\"2082\" data-end=\"2165\">Dette certifikat st\u00e5r bag en masse <strong data-start=\"2115\" data-end=\"2158\">arbejde, bevidsthed og ansvar<\/strong> tilg\u00e6ngelig:<\/p>\n<p style=\"text-align: center;\" data-start=\"2168\" data-end=\"2214\"><strong>Omhyggeligt udvalgte, dyrefrie ingredienser, en gennemsigtig produktionsproces og en forpligtelse til en verden, hvor renhed kommer fra respekt for naturen.<\/strong><\/p>\n<div class=\"row\"  id=\"row-1102919220\">\n\n\n\t<div id=\"col-137444074\" class=\"col small-12 large-12\"  >\n\t\t\t\t<div class=\"col-inner text-center\"  >\n\t\t\t\n\t\t\t\n\n\t<div class=\"img has-hover x md-x lg-x y md-y lg-y\" id=\"image_1826684661\">\n\t\t\t\t<div data-parallax-fade=\"true\" data-parallax=\"-1\">\t\t<div data-animate=\"fadeInUp\">\t\t<div class=\"img-inner dark\" style=\"margin:50px 0px 0px 0px;\">\n\t\t\t<img loading=\"lazy\" decoding=\"async\" width=\"1020\" height=\"574\" src=\"https:\/\/mysouldrops.eu\/wp-content\/uploads\/2025\/06\/souldrops_logo_black-1400x788.png\" class=\"attachment-large size-large\" alt=\"\" srcset=\"https:\/\/mysouldrops.eu\/wp-content\/uploads\/2025\/06\/souldrops_logo_black-1400x788.png 1400w, https:\/\/mysouldrops.eu\/wp-content\/uploads\/2025\/06\/souldrops_logo_black-510x287.png 510w, https:\/\/mysouldrops.eu\/wp-content\/uploads\/2025\/06\/souldrops_logo_black-711x400.png 711w, https:\/\/mysouldrops.eu\/wp-content\/uploads\/2025\/06\/souldrops_logo_black-768x432.png 768w, https:\/\/mysouldrops.eu\/wp-content\/uploads\/2025\/06\/souldrops_logo_black-1536x864.png 1536w, https:\/\/mysouldrops.eu\/wp-content\/uploads\/2025\/06\/souldrops_logo_black-18x10.png 18w, https:\/\/mysouldrops.eu\/wp-content\/uploads\/2025\/06\/souldrops_logo_black-1200x675.png 1200w, https:\/\/mysouldrops.eu\/wp-content\/uploads\/2025\/06\/souldrops_logo_black.png 1920w\" sizes=\"auto, (max-width: 1020px) 100vw, 1020px\" data-attachment-id=\"132\" data-permalink=\"https:\/\/mysouldrops.eu\/da\/souldrops_logo_black\/\" data-orig-file=\"https:\/\/mysouldrops.eu\/wp-content\/uploads\/2025\/06\/souldrops_logo_black.png\" data-orig-size=\"1920,1080\" data-comments-opened=\"1\" data-image-meta=\"{&quot;aperture&quot;:&quot;0&quot;,&quot;credit&quot;:&quot;&quot;,&quot;camera&quot;:&quot;&quot;,&quot;caption&quot;:&quot;&quot;,&quot;created_timestamp&quot;:&quot;0&quot;,&quot;copyright&quot;:&quot;&quot;,&quot;focal_length&quot;:&quot;0&quot;,&quot;iso&quot;:&quot;0&quot;,&quot;shutter_speed&quot;:&quot;0&quot;,&quot;title&quot;:&quot;&quot;,&quot;orientation&quot;:&quot;0&quot;}\" data-image-title=\"souldrops_logo_black\" data-image-description=\"\" data-image-caption=\"\" data-large-file=\"https:\/\/mysouldrops.eu\/wp-content\/uploads\/2025\/06\/souldrops_logo_black-1400x788.png\" \/>\t\t\t\t\t\t\n\t\t\t\t\t<\/div>\n\t\t<\/div>\t\t<\/div>\t\t\t\t\n<style>\n#image_1826684661 {\n  width: 13%;\n}\n<\/style>\n\t<\/div>\n\t\n\n\n\t\t<\/div>\n\t\t\t\t\t<\/div>\n\n\t\n\n<\/div>\n\n\t\t<\/div>\n\n\t\t\n<style>\n#section_1232704362 {\n  padding-top: 30px;\n  padding-bottom: 30px;\n}\n<\/style>\n\t<\/section>","protected":false},"excerpt":{"rendered":"","protected":false},"author":267682164,"featured_media":0,"parent":820,"menu_order":0,"comment_status":"closed","ping_status":"closed","template":"page-blank.php","meta":{"footnotes":""},"class_list":["post-1152","page","type-page","status-publish","hentry"],"yoast_head":"<!-- This site is optimized with the Yoast SEO plugin v27.4 - https:\/\/yoast.com\/product\/yoast-seo-wordpress\/ -->\n<title>PETA-Approved Vegan tan\u00fas\u00edtv\u00e1ny - Souldrops International<\/title>\n<meta name=\"robots\" content=\"index, follow, max-snippet:-1, max-image-preview:large, max-video-preview:-1\" \/>\n<link rel=\"canonical\" href=\"https:\/\/mysouldrops.eu\/da\/en-souldrop-rulle\/peta-godkendt-vegansk-tanusitvany\/\" \/>\n<meta property=\"og:locale\" content=\"da_DK\" \/>\n<meta property=\"og:type\" content=\"article\" \/>\n<meta property=\"og:title\" content=\"PETA-Approved Vegan tan\u00fas\u00edtv\u00e1ny - Souldrops International\" \/>\n<meta property=\"og:url\" content=\"https:\/\/mysouldrops.eu\/da\/en-souldrop-rulle\/peta-godkendt-vegansk-tanusitvany\/\" \/>\n<meta property=\"og:site_name\" content=\"Souldrops International\" \/>\n<meta property=\"article:modified_time\" content=\"2025-07-26T14:26:51+00:00\" \/>\n<meta name=\"twitter:card\" content=\"summary_large_image\" \/>\n<meta name=\"twitter:label1\" content=\"Estimeret l\u00e6setid\" \/>\n\t<meta name=\"twitter:data1\" content=\"4 minutter\" \/>\n<script type=\"application\/ld+json\" class=\"yoast-schema-graph\">{\"@context\":\"https:\\\/\\\/schema.org\",\"@graph\":[{\"@type\":\"WebPage\",\"@id\":\"https:\\\/\\\/mysouldrops.eu\\\/a-souldrops-rol\\\/peta-approved-vegan-tanusitvany\\\/\",\"url\":\"https:\\\/\\\/mysouldrops.eu\\\/a-souldrops-rol\\\/peta-approved-vegan-tanusitvany\\\/\",\"name\":\"PETA-Approved Vegan tan\u00fas\u00edtv\u00e1ny - Souldrops International\",\"isPartOf\":{\"@id\":\"https:\\\/\\\/mysouldrops.eu\\\/#website\"},\"datePublished\":\"2025-07-26T13:00:54+00:00\",\"dateModified\":\"2025-07-26T14:26:51+00:00\",\"breadcrumb\":{\"@id\":\"https:\\\/\\\/mysouldrops.eu\\\/a-souldrops-rol\\\/peta-approved-vegan-tanusitvany\\\/#breadcrumb\"},\"inLanguage\":\"da-DK\",\"potentialAction\":[{\"@type\":\"ReadAction\",\"target\":[\"https:\\\/\\\/mysouldrops.eu\\\/a-souldrops-rol\\\/peta-approved-vegan-tanusitvany\\\/\"]}]},{\"@type\":\"BreadcrumbList\",\"@id\":\"https:\\\/\\\/mysouldrops.eu\\\/a-souldrops-rol\\\/peta-approved-vegan-tanusitvany\\\/#breadcrumb\",\"itemListElement\":[{\"@type\":\"ListItem\",\"position\":1,\"name\":\"Kezd\u0151lap\",\"item\":\"https:\\\/\\\/mysouldrops.eu\\\/\"},{\"@type\":\"ListItem\",\"position\":2,\"name\":\"A Souldrops-r\u00f3l\",\"item\":\"https:\\\/\\\/mysouldrops.eu\\\/a-souldrops-rol\\\/\"},{\"@type\":\"ListItem\",\"position\":3,\"name\":\"PETA-Approved Vegan tan\u00fas\u00edtv\u00e1ny\"}]},{\"@type\":\"WebSite\",\"@id\":\"https:\\\/\\\/mysouldrops.eu\\\/#website\",\"url\":\"https:\\\/\\\/mysouldrops.eu\\\/\",\"name\":\"Souldrops International\",\"description\":\"A Souldrops egy k\u00f6rnyezettudatos tiszt\u00edt\u00f3szerm\u00e1rka, amely term\u00e9szetes \u00f6sszetev\u0151kkel \u00e9s st\u00edlusos szeml\u00e9lettel teszi tiszt\u00e1bb\u00e1 a vil\u00e1got \u2013 k\u00edv\u00fcl \u00e9s bel\u00fcl\",\"potentialAction\":[{\"@type\":\"SearchAction\",\"target\":{\"@type\":\"EntryPoint\",\"urlTemplate\":\"https:\\\/\\\/mysouldrops.eu\\\/?s={search_term_string}\"},\"query-input\":{\"@type\":\"PropertyValueSpecification\",\"valueRequired\":true,\"valueName\":\"search_term_string\"}}],\"inLanguage\":\"da-DK\"}]}<\/script>\n<!-- \/ Yoast SEO plugin. -->","yoast_head_json":{"title":"PETA-godkendt vegansk certifikat - Souldrops International","robots":{"index":"index","follow":"follow","max-snippet":"max-snippet:-1","max-image-preview":"max-image-preview:large","max-video-preview":"max-video-preview:-1"},"canonical":"https:\/\/mysouldrops.eu\/da\/en-souldrop-rulle\/peta-godkendt-vegansk-tanusitvany\/","og_locale":"da_DK","og_type":"article","og_title":"PETA-Approved Vegan tan\u00fas\u00edtv\u00e1ny - Souldrops International","og_url":"https:\/\/mysouldrops.eu\/da\/en-souldrop-rulle\/peta-godkendt-vegansk-tanusitvany\/","og_site_name":"Souldrops International","article_modified_time":"2025-07-26T14:26:51+00:00","twitter_card":"summary_large_image","twitter_misc":{"Estimeret l\u00e6setid":"4 minutter"},"schema":{"@context":"https:\/\/schema.org","@graph":[{"@type":"WebPage","@id":"https:\/\/mysouldrops.eu\/a-souldrops-rol\/peta-approved-vegan-tanusitvany\/","url":"https:\/\/mysouldrops.eu\/a-souldrops-rol\/peta-approved-vegan-tanusitvany\/","name":"PETA-godkendt vegansk certifikat - Souldrops International","isPartOf":{"@id":"https:\/\/mysouldrops.eu\/#website"},"datePublished":"2025-07-26T13:00:54+00:00","dateModified":"2025-07-26T14:26:51+00:00","breadcrumb":{"@id":"https:\/\/mysouldrops.eu\/a-souldrops-rol\/peta-approved-vegan-tanusitvany\/#breadcrumb"},"inLanguage":"da-DK","potentialAction":[{"@type":"ReadAction","target":["https:\/\/mysouldrops.eu\/a-souldrops-rol\/peta-approved-vegan-tanusitvany\/"]}]},{"@type":"BreadcrumbList","@id":"https:\/\/mysouldrops.eu\/a-souldrops-rol\/peta-approved-vegan-tanusitvany\/#breadcrumb","itemListElement":[{"@type":"ListItem","position":1,"name":"Kezd\u0151lap","item":"https:\/\/mysouldrops.eu\/"},{"@type":"ListItem","position":2,"name":"A Souldrops-r\u00f3l","item":"https:\/\/mysouldrops.eu\/a-souldrops-rol\/"},{"@type":"ListItem","position":3,"name":"PETA-Approved Vegan tan\u00fas\u00edtv\u00e1ny"}]},{"@type":"WebSite","@id":"https:\/\/mysouldrops.eu\/#website","url":"https:\/\/mysouldrops.eu\/","name":"Souldrops International","description":"Souldrops er et milj\u00f8bevidst reng\u00f8ringsm\u00e6rke, der bruger naturlige ingredienser og en stilfuld tilgang til at g\u00f8re verden til et renere sted - b\u00e5de indvendigt og udvendigt.","potentialAction":[{"@type":"SearchAction","target":{"@type":"EntryPoint","urlTemplate":"https:\/\/mysouldrops.eu\/?s={search_term_string}"},"query-input":{"@type":"PropertyValueSpecification","valueRequired":true,"valueName":"search_term_string"}}],"inLanguage":"da-DK"}]}},"jetpack_likes_enabled":true,"jetpack_sharing_enabled":true,"jetpack_shortlink":"https:\/\/wp.me\/PgJ65g-iA","_links":{"self":[{"href":"https:\/\/mysouldrops.eu\/da\/wp-json\/wp\/v2\/pages\/1152","targetHints":{"allow":["GET"]}}],"collection":[{"href":"https:\/\/mysouldrops.eu\/da\/wp-json\/wp\/v2\/pages"}],"about":[{"href":"https:\/\/mysouldrops.eu\/da\/wp-json\/wp\/v2\/types\/page"}],"author":[{"embeddable":true,"href":"https:\/\/mysouldrops.eu\/da\/wp-json\/wp\/v2\/users\/267682164"}],"replies":[{"embeddable":true,"href":"https:\/\/mysouldrops.eu\/da\/wp-json\/wp\/v2\/comments?post=1152"}],"version-history":[{"count":19,"href":"https:\/\/mysouldrops.eu\/da\/wp-json\/wp\/v2\/pages\/1152\/revisions"}],"predecessor-version":[{"id":1179,"href":"https:\/\/mysouldrops.eu\/da\/wp-json\/wp\/v2\/pages\/1152\/revisions\/1179"}],"up":[{"embeddable":true,"href":"https:\/\/mysouldrops.eu\/da\/wp-json\/wp\/v2\/pages\/820"}],"wp:attachment":[{"href":"https:\/\/mysouldrops.eu\/da\/wp-json\/wp\/v2\/media?parent=1152"}],"curies":[{"name":"wp","href":"https:\/\/api.w.org\/{rel}","templated":true}]}}