{"id":788,"date":"2025-06-23T10:49:55","date_gmt":"2025-06-23T08:49:55","guid":{"rendered":"https:\/\/mysouldrops.eu\/?page_id=788"},"modified":"2025-07-09T12:43:00","modified_gmt":"2025-07-09T10:43:00","slug":"opvaskemidler","status":"publish","type":"page","link":"https:\/\/mysouldrops.eu\/da\/mosogatoszerek\/","title":{"rendered":"Produkter til opvask"},"content":{"rendered":"<div id=\"page-header-1988248716\" class=\"page-header-wrapper\">\n  <div class=\"page-title light normal-title\">\n\n    \n    <div class=\"page-title-inner container align-center text-center flex-row-col medium-flex-wrap\" >\n              <div class=\"title-wrapper uppercase flex-col\">\n          <h1 class=\"entry-title mb-0\">\n            Produkter til opvask          <\/h1>\n        <\/div>\n                    <div class=\"title-content flex-col\">\n        <div class=\"title-share pt-half pb-half\"><div class=\"social-icons share-icons share-row relative icon-style-outline-round\" ><a href=\"https:\/\/www.facebook.com\/sharer.php?u=https:\/\/mysouldrops.eu\/da\/mosogatoszerek\/\" data-label=\"Facebook\" onclick=\"window.open(this.href,this.title,'width=500,height=500,top=300px,left=300px'); return false;\" target=\"_blank\" class=\"icon button round is-outline tooltip facebook\" title=\"Del p\u00e5 Facebook\" aria-label=\"Del p\u00e5 Facebook\" rel=\"noopener nofollow\"><i class=\"icon-facebook\" aria-hidden=\"true\"><\/i><\/a><a href=\"mailto:?subject=Mosogat%C3%B3szerek&body=Tjek%20dette%20ud%3A%20https%3A%2F%2Fmysouldrops.eu%2Fda%2Fmosogatoszerek%2F\" class=\"icon button round is-outline tooltip email\" title=\"E-mail en ven\" aria-label=\"E-mail en ven\" rel=\"nofollow\"><i class=\"icon-envelop\" aria-hidden=\"true\"><\/i><\/a><\/div><\/div>      <\/div>\n    <\/div>\n\n       <\/div>\n    <\/div>\n  \n\n\n\t<section class=\"section\" id=\"section_1379635943\">\n\t\t<div class=\"section-bg fill\" >\n\t\t\t\t\t\t\t\t\t\n\t\t\t\n\n\t\t<\/div>\n\n\t\t\n\n\t\t<div class=\"section-content relative\">\n\t\t\t\n\n\t\n  \n    <div id=\"product-grid-538598636\" class=\"row  equalize-box large-columns-3 medium-columns- small-columns-2 row-small row-masonry\" data-packery-options='{\"itemSelector\": \".col\", \"gutter\": 0, \"presentageWidth\" : true}'>\n\n  \n\t     <div class=\"product-small col has-hover product type-product post-991 status-publish first instock product_cat-mosogatoszer product_tag-750ml product_tag-erzekeny-borre product_tag-okohatekony product_tag-borbarat product_tag-foszfatmentes product_tag-hipoallergen product_tag-holdcsepp product_tag-illatmentes product_tag-kezkimelo-mosogatoszer product_tag-kornyezetbarat-tisztitoszer product_tag-kornyezetkimelo-haztartas product_tag-klormentes product_tag-magyar-termek product_tag-mosogatoszer product_tag-sls-mentes product_tag-souldrops product_tag-termeszetes-osszetevok product_tag-vegan-termek product_tag-vegyszermentes product_tag-zsiroldo-hatas has-post-thumbnail taxable shipping-taxable product-type-simple\">\n\t<div class=\"col-inner\">\n\t\n<div class=\"badge-container absolute left top z-1\">\n\n<\/div>\n\t<div class=\"product-small box\">\n\t\t<div class=\"box-image\">\n\t\t\t<div class=\"image-fade_in_back\">\n\t\t\t\t<a href=\"https:\/\/mysouldrops.eu\/da\/termek\/souldrops-holdcsepp-mosogatoszer\/\">\n\t\t\t\t\t<img loading=\"lazy\" decoding=\"async\" width=\"247\" height=\"247\" src=\"https:\/\/mysouldrops.eu\/wp-content\/uploads\/2025\/09\/H075_REG-ECOLABEL_F-PAN317_SZ-PANBlack7_NINV_v6-247x247.png?crop=1\" class=\"attachment-woocommerce_thumbnail size-woocommerce_thumbnail\" alt=\"Souldrops Holddrop Opvaskemiddel (750 ml)\" srcset=\"https:\/\/mysouldrops.eu\/wp-content\/uploads\/2025\/09\/H075_REG-ECOLABEL_F-PAN317_SZ-PANBlack7_NINV_v6-247x247.png?crop=1 247w, https:\/\/mysouldrops.eu\/wp-content\/uploads\/2025\/09\/H075_REG-ECOLABEL_F-PAN317_SZ-PANBlack7_NINV_v6-400x400.png?crop=1 400w, https:\/\/mysouldrops.eu\/wp-content\/uploads\/2025\/09\/H075_REG-ECOLABEL_F-PAN317_SZ-PANBlack7_NINV_v6-800x800.png?crop=1 800w, https:\/\/mysouldrops.eu\/wp-content\/uploads\/2025\/09\/H075_REG-ECOLABEL_F-PAN317_SZ-PANBlack7_NINV_v6-280x280.png?crop=1 280w, https:\/\/mysouldrops.eu\/wp-content\/uploads\/2025\/09\/H075_REG-ECOLABEL_F-PAN317_SZ-PANBlack7_NINV_v6-768x768.png 768w, https:\/\/mysouldrops.eu\/wp-content\/uploads\/2025\/09\/H075_REG-ECOLABEL_F-PAN317_SZ-PANBlack7_NINV_v6-1536x1536.png 1536w, https:\/\/mysouldrops.eu\/wp-content\/uploads\/2025\/09\/H075_REG-ECOLABEL_F-PAN317_SZ-PANBlack7_NINV_v6-2048x2048.png 2048w, https:\/\/mysouldrops.eu\/wp-content\/uploads\/2025\/09\/H075_REG-ECOLABEL_F-PAN317_SZ-PANBlack7_NINV_v6-510x510.png 510w, https:\/\/mysouldrops.eu\/wp-content\/uploads\/2025\/09\/H075_REG-ECOLABEL_F-PAN317_SZ-PANBlack7_NINV_v6-100x100.png?crop=1 100w, https:\/\/mysouldrops.eu\/wp-content\/uploads\/2025\/09\/H075_REG-ECOLABEL_F-PAN317_SZ-PANBlack7_NINV_v6-460x460.png 460w\" sizes=\"auto, (max-width: 247px) 100vw, 247px\" data-attachment-id=\"2326\" data-permalink=\"https:\/\/mysouldrops.eu\/da\/?attachment_id=2326\" data-orig-file=\"https:\/\/mysouldrops.eu\/wp-content\/uploads\/2025\/09\/H075_REG-ECOLABEL_F-PAN317_SZ-PANBlack7_NINV_v6.png\" data-orig-size=\"3425,3425\" data-comments-opened=\"1\" data-image-meta=\"{&quot;aperture&quot;:&quot;0&quot;,&quot;credit&quot;:&quot;&quot;,&quot;camera&quot;:&quot;&quot;,&quot;caption&quot;:&quot;&quot;,&quot;created_timestamp&quot;:&quot;0&quot;,&quot;copyright&quot;:&quot;&quot;,&quot;focal_length&quot;:&quot;0&quot;,&quot;iso&quot;:&quot;0&quot;,&quot;shutter_speed&quot;:&quot;0&quot;,&quot;title&quot;:&quot;&quot;,&quot;orientation&quot;:&quot;0&quot;}\" data-image-title=\"H075_REG-ECOLABEL_F-PAN317_SZ-PANBlack7_NINV_v6\" data-image-description=\"\" data-image-caption=\"\" data-large-file=\"https:\/\/mysouldrops.eu\/wp-content\/uploads\/2025\/09\/H075_REG-ECOLABEL_F-PAN317_SZ-PANBlack7_NINV_v6-800x800.png?crop=1\" \/>\t\t\t\t<\/a>\n\t\t\t<\/div>\n\t\t\t<div class=\"image-tools is-small top right show-on-hover\">\n\t\t\t\t\t\t\t<\/div>\n\t\t\t<div class=\"image-tools is-small hide-for-small bottom left show-on-hover\">\n\t\t\t\t\t\t\t<\/div>\n\t\t\t<div class=\"image-tools grid-tools text-center hide-for-small bottom hover-slide-in show-on-hover\">\n\t\t\t\t<a href=\"#quick-view\" class=\"quick-view\" role=\"button\" data-prod=\"991\" aria-haspopup=\"dialog\" aria-expanded=\"false\" data-flatsome-role-button>Vis<\/a>\t\t\t<\/div>\n\t\t\t\t\t<\/div>\n\n\t\t<div class=\"box-text box-text-products text-center grid-style-2\">\n\t\t\t<div class=\"title-wrapper\"><p class=\"name product-title woocommerce-loop-product__title\"><a href=\"https:\/\/mysouldrops.eu\/da\/termek\/souldrops-holdcsepp-mosogatoszer\/\" class=\"woocommerce-LoopProduct-link woocommerce-loop-product__link\">Souldrops Holddrop Opvaskemiddel (750 ml)<\/a><\/p><\/div><div class=\"price-wrapper\"><\/div><div class=\"add-to-cart-button\"><a href=\"https:\/\/mysouldrops.eu\/da\/termek\/souldrops-holdcsepp-mosogatoszer\/\" aria-describedby=\"woocommerce_loop_add_to_cart_link_describedby_991\" data-quantity=\"1\" class=\"primary is-small mb-0 button product_type_simple is-underline\" data-product_id=\"991\" data-product_sku=\"H075RHU\" aria-label=\"L\u00e6s mere om \u201cSouldrops Holdcsepp Mosogat\u00f3szer (750 ml)\u201d\" rel=\"nofollow\" data-success_message=\"\" data-no-translation=\"\" data-trp-gettext=\"\" data-no-translation-aria-label=\"\">L\u00e6s mere<\/a><\/div>\t<span id=\"woocommerce_loop_add_to_cart_link_describedby_991\" class=\"screen-reader-text\">\n\t\t\t<\/span>\n\t\t<\/div>\n\t<\/div>\n\t\t<\/div>\n<\/div><div class=\"product-small col has-hover product type-product post-780 status-publish instock product_cat-mosogatoszer product_tag-750ml product_tag-erzekeny-borre product_tag-okohatekony product_tag-borbarat product_tag-foszfatmentes product_tag-hipoallergen product_tag-holdcsepp product_tag-illatmentes product_tag-kezkimelo-mosogatoszer product_tag-kornyezetbarat-tisztitoszer product_tag-kornyezetkimelo-haztartas product_tag-klormentes product_tag-magyar-termek product_tag-mosogatoszer product_tag-sls-mentes product_tag-souldrops product_tag-termeszetes-osszetevok product_tag-vegan-termek product_tag-vegyszermentes product_tag-zsiroldo-hatas has-post-thumbnail taxable shipping-taxable product-type-simple\">\n\t<div class=\"col-inner\">\n\t\n<div class=\"badge-container absolute left top z-1\">\n\n<\/div>\n\t<div class=\"product-small box\">\n\t\t<div class=\"box-image\">\n\t\t\t<div class=\"image-fade_in_back\">\n\t\t\t\t<a href=\"https:\/\/mysouldrops.eu\/da\/termek\/souldrops-foldcsepp-mosogatoszer-750ml\/\">\n\t\t\t\t\t<img loading=\"lazy\" decoding=\"async\" width=\"247\" height=\"247\" src=\"https:\/\/mysouldrops.eu\/wp-content\/uploads\/2026\/02\/F075_EN_REG-ECOLABEL_F_SZ-PANBlack7_NINV_v3-247x247.png?crop=1\" class=\"attachment-woocommerce_thumbnail size-woocommerce_thumbnail\" alt=\"Souldrops Earth Drops Opvaskemiddel (750 ml)\" srcset=\"https:\/\/mysouldrops.eu\/wp-content\/uploads\/2026\/02\/F075_EN_REG-ECOLABEL_F_SZ-PANBlack7_NINV_v3-247x247.png?crop=1 247w, https:\/\/mysouldrops.eu\/wp-content\/uploads\/2026\/02\/F075_EN_REG-ECOLABEL_F_SZ-PANBlack7_NINV_v3-400x400.png?crop=1 400w, https:\/\/mysouldrops.eu\/wp-content\/uploads\/2026\/02\/F075_EN_REG-ECOLABEL_F_SZ-PANBlack7_NINV_v3-800x800.png?crop=1 800w, https:\/\/mysouldrops.eu\/wp-content\/uploads\/2026\/02\/F075_EN_REG-ECOLABEL_F_SZ-PANBlack7_NINV_v3-280x280.png?crop=1 280w, https:\/\/mysouldrops.eu\/wp-content\/uploads\/2026\/02\/F075_EN_REG-ECOLABEL_F_SZ-PANBlack7_NINV_v3-768x768.png 768w, https:\/\/mysouldrops.eu\/wp-content\/uploads\/2026\/02\/F075_EN_REG-ECOLABEL_F_SZ-PANBlack7_NINV_v3-1536x1536.png 1536w, https:\/\/mysouldrops.eu\/wp-content\/uploads\/2026\/02\/F075_EN_REG-ECOLABEL_F_SZ-PANBlack7_NINV_v3-12x12.png 12w, https:\/\/mysouldrops.eu\/wp-content\/uploads\/2026\/02\/F075_EN_REG-ECOLABEL_F_SZ-PANBlack7_NINV_v3-510x510.png 510w, https:\/\/mysouldrops.eu\/wp-content\/uploads\/2026\/02\/F075_EN_REG-ECOLABEL_F_SZ-PANBlack7_NINV_v3-100x100.png?crop=1 100w, https:\/\/mysouldrops.eu\/wp-content\/uploads\/2026\/02\/F075_EN_REG-ECOLABEL_F_SZ-PANBlack7_NINV_v3.png 2000w\" sizes=\"auto, (max-width: 247px) 100vw, 247px\" data-attachment-id=\"3101\" data-permalink=\"https:\/\/mysouldrops.eu\/da\/?attachment_id=3101\" data-orig-file=\"https:\/\/mysouldrops.eu\/wp-content\/uploads\/2026\/02\/F075_EN_REG-ECOLABEL_F_SZ-PANBlack7_NINV_v3.png\" data-orig-size=\"2000,2000\" data-comments-opened=\"1\" data-image-meta=\"{&quot;aperture&quot;:&quot;0&quot;,&quot;credit&quot;:&quot;&quot;,&quot;camera&quot;:&quot;&quot;,&quot;caption&quot;:&quot;&quot;,&quot;created_timestamp&quot;:&quot;0&quot;,&quot;copyright&quot;:&quot;&quot;,&quot;focal_length&quot;:&quot;0&quot;,&quot;iso&quot;:&quot;0&quot;,&quot;shutter_speed&quot;:&quot;0&quot;,&quot;title&quot;:&quot;&quot;,&quot;orientation&quot;:&quot;0&quot;}\" data-image-title=\"F075_EN_REG-ECOLABEL_F_SZ-PANBlack7_NINV_v3\" data-image-description=\"\" data-image-caption=\"\" data-large-file=\"https:\/\/mysouldrops.eu\/wp-content\/uploads\/2026\/02\/F075_EN_REG-ECOLABEL_F_SZ-PANBlack7_NINV_v3-800x800.png?crop=1\" \/>\t\t\t\t<\/a>\n\t\t\t<\/div>\n\t\t\t<div class=\"image-tools is-small top right show-on-hover\">\n\t\t\t\t\t\t\t<\/div>\n\t\t\t<div class=\"image-tools is-small hide-for-small bottom left show-on-hover\">\n\t\t\t\t\t\t\t<\/div>\n\t\t\t<div class=\"image-tools grid-tools text-center hide-for-small bottom hover-slide-in show-on-hover\">\n\t\t\t\t<a href=\"#quick-view\" class=\"quick-view\" role=\"button\" data-prod=\"780\" aria-haspopup=\"dialog\" aria-expanded=\"false\" data-flatsome-role-button>Vis<\/a>\t\t\t<\/div>\n\t\t\t\t\t<\/div>\n\n\t\t<div class=\"box-text box-text-products text-center grid-style-2\">\n\t\t\t<div class=\"title-wrapper\"><p class=\"name product-title woocommerce-loop-product__title\"><a href=\"https:\/\/mysouldrops.eu\/da\/termek\/souldrops-foldcsepp-mosogatoszer-750ml\/\" class=\"woocommerce-LoopProduct-link woocommerce-loop-product__link\">Souldrops Earth Drops Opvaskemiddel (750 ml)<\/a><\/p><\/div><div class=\"price-wrapper\"><\/div><div class=\"add-to-cart-button\"><a href=\"https:\/\/mysouldrops.eu\/da\/termek\/souldrops-foldcsepp-mosogatoszer-750ml\/\" aria-describedby=\"woocommerce_loop_add_to_cart_link_describedby_780\" data-quantity=\"1\" class=\"primary is-small mb-0 button product_type_simple is-underline\" data-product_id=\"780\" data-product_sku=\"F075RHU\" aria-label=\"L\u00e6s mere om \u201cSouldrops F\u00f6ldcsepp Mosogat\u00f3szer (750 ml)\u201d\" rel=\"nofollow\" data-success_message=\"\" data-no-translation=\"\" data-trp-gettext=\"\" data-no-translation-aria-label=\"\">L\u00e6s mere<\/a><\/div>\t<span id=\"woocommerce_loop_add_to_cart_link_describedby_780\" class=\"screen-reader-text\">\n\t\t\t<\/span>\n\t\t<\/div>\n\t<\/div>\n\t\t<\/div>\n<\/div><\/div>\n\n\n\t\t<\/div>\n\n\t\t\n<style>\n#section_1379635943 {\n  padding-top: 30px;\n  padding-bottom: 30px;\n}\n<\/style>\n\t<\/section>","protected":false},"excerpt":{"rendered":"","protected":false},"author":267682164,"featured_media":0,"parent":0,"menu_order":0,"comment_status":"closed","ping_status":"closed","template":"page-blank.php","meta":{"footnotes":""},"class_list":["post-788","page","type-page","status-publish","hentry"],"yoast_head":"<!-- This site is optimized with the Yoast SEO plugin v27.4 - https:\/\/yoast.com\/product\/yoast-seo-wordpress\/ -->\n<title>Mosogat\u00f3szerek - Souldrops International<\/title>\n<meta name=\"robots\" content=\"index, follow, max-snippet:-1, max-image-preview:large, max-video-preview:-1\" \/>\n<link rel=\"canonical\" href=\"https:\/\/mysouldrops.eu\/da\/opvaskemidler\/\" \/>\n<meta property=\"og:locale\" content=\"da_DK\" \/>\n<meta property=\"og:type\" content=\"article\" \/>\n<meta property=\"og:title\" content=\"Mosogat\u00f3szerek - Souldrops International\" \/>\n<meta property=\"og:url\" content=\"https:\/\/mysouldrops.eu\/da\/opvaskemidler\/\" \/>\n<meta property=\"og:site_name\" content=\"Souldrops International\" \/>\n<meta property=\"article:modified_time\" content=\"2025-07-09T10:43:00+00:00\" \/>\n<meta name=\"twitter:card\" content=\"summary_large_image\" \/>\n<meta name=\"twitter:label1\" content=\"Estimeret l\u00e6setid\" \/>\n\t<meta name=\"twitter:data1\" content=\"1 minut\" \/>\n<script type=\"application\/ld+json\" class=\"yoast-schema-graph\">{\"@context\":\"https:\\\/\\\/schema.org\",\"@graph\":[{\"@type\":\"WebPage\",\"@id\":\"https:\\\/\\\/mysouldrops.eu\\\/mosogatoszerek\\\/\",\"url\":\"https:\\\/\\\/mysouldrops.eu\\\/mosogatoszerek\\\/\",\"name\":\"Mosogat\u00f3szerek - Souldrops International\",\"isPartOf\":{\"@id\":\"https:\\\/\\\/mysouldrops.eu\\\/#website\"},\"datePublished\":\"2025-06-23T08:49:55+00:00\",\"dateModified\":\"2025-07-09T10:43:00+00:00\",\"breadcrumb\":{\"@id\":\"https:\\\/\\\/mysouldrops.eu\\\/mosogatoszerek\\\/#breadcrumb\"},\"inLanguage\":\"da-DK\",\"potentialAction\":[{\"@type\":\"ReadAction\",\"target\":[\"https:\\\/\\\/mysouldrops.eu\\\/mosogatoszerek\\\/\"]}]},{\"@type\":\"BreadcrumbList\",\"@id\":\"https:\\\/\\\/mysouldrops.eu\\\/mosogatoszerek\\\/#breadcrumb\",\"itemListElement\":[{\"@type\":\"ListItem\",\"position\":1,\"name\":\"Kezd\u0151lap\",\"item\":\"https:\\\/\\\/mysouldrops.eu\\\/\"},{\"@type\":\"ListItem\",\"position\":2,\"name\":\"Mosogat\u00f3szerek\"}]},{\"@type\":\"WebSite\",\"@id\":\"https:\\\/\\\/mysouldrops.eu\\\/#website\",\"url\":\"https:\\\/\\\/mysouldrops.eu\\\/\",\"name\":\"Souldrops International\",\"description\":\"A Souldrops egy k\u00f6rnyezettudatos tiszt\u00edt\u00f3szerm\u00e1rka, amely term\u00e9szetes \u00f6sszetev\u0151kkel \u00e9s st\u00edlusos szeml\u00e9lettel teszi tiszt\u00e1bb\u00e1 a vil\u00e1got \u2013 k\u00edv\u00fcl \u00e9s bel\u00fcl\",\"potentialAction\":[{\"@type\":\"SearchAction\",\"target\":{\"@type\":\"EntryPoint\",\"urlTemplate\":\"https:\\\/\\\/mysouldrops.eu\\\/?s={search_term_string}\"},\"query-input\":{\"@type\":\"PropertyValueSpecification\",\"valueRequired\":true,\"valueName\":\"search_term_string\"}}],\"inLanguage\":\"da-DK\"}]}<\/script>\n<!-- \/ Yoast SEO plugin. -->","yoast_head_json":{"title":"Opvaskemidler - Souldrops International","robots":{"index":"index","follow":"follow","max-snippet":"max-snippet:-1","max-image-preview":"max-image-preview:large","max-video-preview":"max-video-preview:-1"},"canonical":"https:\/\/mysouldrops.eu\/da\/opvaskemidler\/","og_locale":"da_DK","og_type":"article","og_title":"Mosogat\u00f3szerek - Souldrops International","og_url":"https:\/\/mysouldrops.eu\/da\/opvaskemidler\/","og_site_name":"Souldrops International","article_modified_time":"2025-07-09T10:43:00+00:00","twitter_card":"summary_large_image","twitter_misc":{"Estimeret l\u00e6setid":"1 minut"},"schema":{"@context":"https:\/\/schema.org","@graph":[{"@type":"WebPage","@id":"https:\/\/mysouldrops.eu\/mosogatoszerek\/","url":"https:\/\/mysouldrops.eu\/mosogatoszerek\/","name":"Opvaskemidler - Souldrops International","isPartOf":{"@id":"https:\/\/mysouldrops.eu\/#website"},"datePublished":"2025-06-23T08:49:55+00:00","dateModified":"2025-07-09T10:43:00+00:00","breadcrumb":{"@id":"https:\/\/mysouldrops.eu\/mosogatoszerek\/#breadcrumb"},"inLanguage":"da-DK","potentialAction":[{"@type":"ReadAction","target":["https:\/\/mysouldrops.eu\/mosogatoszerek\/"]}]},{"@type":"BreadcrumbList","@id":"https:\/\/mysouldrops.eu\/mosogatoszerek\/#breadcrumb","itemListElement":[{"@type":"ListItem","position":1,"name":"Kezd\u0151lap","item":"https:\/\/mysouldrops.eu\/"},{"@type":"ListItem","position":2,"name":"Mosogat\u00f3szerek"}]},{"@type":"WebSite","@id":"https:\/\/mysouldrops.eu\/#website","url":"https:\/\/mysouldrops.eu\/","name":"Souldrops International","description":"Souldrops er et milj\u00f8bevidst reng\u00f8ringsm\u00e6rke, der bruger naturlige ingredienser og en stilfuld tilgang til at g\u00f8re verden til et renere sted - b\u00e5de indvendigt og udvendigt.","potentialAction":[{"@type":"SearchAction","target":{"@type":"EntryPoint","urlTemplate":"https:\/\/mysouldrops.eu\/?s={search_term_string}"},"query-input":{"@type":"PropertyValueSpecification","valueRequired":true,"valueName":"search_term_string"}}],"inLanguage":"da-DK"}]}},"jetpack_likes_enabled":true,"jetpack_sharing_enabled":true,"jetpack_shortlink":"https:\/\/wp.me\/PgJ65g-cI","_links":{"self":[{"href":"https:\/\/mysouldrops.eu\/da\/wp-json\/wp\/v2\/pages\/788","targetHints":{"allow":["GET"]}}],"collection":[{"href":"https:\/\/mysouldrops.eu\/da\/wp-json\/wp\/v2\/pages"}],"about":[{"href":"https:\/\/mysouldrops.eu\/da\/wp-json\/wp\/v2\/types\/page"}],"author":[{"embeddable":true,"href":"https:\/\/mysouldrops.eu\/da\/wp-json\/wp\/v2\/users\/267682164"}],"replies":[{"embeddable":true,"href":"https:\/\/mysouldrops.eu\/da\/wp-json\/wp\/v2\/comments?post=788"}],"version-history":[{"count":2,"href":"https:\/\/mysouldrops.eu\/da\/wp-json\/wp\/v2\/pages\/788\/revisions"}],"predecessor-version":[{"id":790,"href":"https:\/\/mysouldrops.eu\/da\/wp-json\/wp\/v2\/pages\/788\/revisions\/790"}],"wp:attachment":[{"href":"https:\/\/mysouldrops.eu\/da\/wp-json\/wp\/v2\/media?parent=788"}],"curies":[{"name":"wp","href":"https:\/\/api.w.org\/{rel}","templated":true}]}}