{"id":1152,"date":"2025-07-26T15:00:54","date_gmt":"2025-07-26T13:00:54","guid":{"rendered":"https:\/\/mysouldrops.eu\/?page_id=1152"},"modified":"2025-07-26T16:26:51","modified_gmt":"2025-07-26T14:26:51","slug":"peta-geprufte-vegane-tanusitvany","status":"publish","type":"page","link":"https:\/\/mysouldrops.eu\/de\/a-souldrops-rol\/peta-approved-vegan-tanusitvany\/","title":{"rendered":"PETA-gepr\u00fcftes Veganer-Zertifikat"},"content":{"rendered":"<section class=\"section has-parallax\" id=\"section_352089037\">\n\t\t<div class=\"section-bg fill\" data-parallax-container=\".section\" data-parallax-background data-parallax=\"-1\">\n\t\t\t<img loading=\"lazy\" decoding=\"async\" width=\"2500\" height=\"1667\" src=\"https:\/\/mysouldrops.eu\/wp-content\/uploads\/2025\/07\/veterinarian-performing-a-checkup-on-a-large-white-2025-04-04-12-43-49-utc.jpg\" class=\"bg attachment- size-\" alt=\"\" data-attachment-id=\"1168\" data-permalink=\"https:\/\/mysouldrops.eu\/de\/a-souldrops-rol\/peta-approved-vegan-tanusitvany\/veterinarian-performing-a-checkup-on-a-large-white-rabbit\/#main\" data-orig-file=\"https:\/\/mysouldrops.eu\/wp-content\/uploads\/2025\/07\/veterinarian-performing-a-checkup-on-a-large-white-2025-04-04-12-43-49-utc.jpg\" data-orig-size=\"2500,1667\" data-comments-opened=\"1\" data-image-meta=\"{&quot;aperture&quot;:&quot;0&quot;,&quot;credit&quot;:&quot;Stuart Pearce&quot;,&quot;camera&quot;:&quot;&quot;,&quot;caption&quot;:&quot;Veterinarian performing a checkup on a large white rabbit&quot;,&quot;created_timestamp&quot;:&quot;1516842000&quot;,&quot;copyright&quot;:&quot;ImageSource&quot;,&quot;focal_length&quot;:&quot;0&quot;,&quot;iso&quot;:&quot;0&quot;,&quot;shutter_speed&quot;:&quot;0&quot;,&quot;title&quot;:&quot;Veterinarian performing a checkup on a large white rabbit&quot;,&quot;orientation&quot;:&quot;1&quot;}\" data-image-title=\"Veterinarian performing a checkup on a large white rabbit\" data-image-description=\"\" data-image-caption=\"&lt;p&gt;Veterinarian performing a checkup on a large white rabbit&lt;\/p&gt;\" data-large-file=\"https:\/\/mysouldrops.eu\/wp-content\/uploads\/2025\/07\/veterinarian-performing-a-checkup-on-a-large-white-2025-04-04-12-43-49-utc-1200x800.jpg\" \/>\t\t\t\t\t\t<div class=\"section-bg-overlay absolute fill\"><\/div>\n\t\t\t\n\n\t\t<\/div>\n\n\t\t\n\n\t\t<div class=\"section-content relative\">\n\t\t\t\n\n<div class=\"row\"  id=\"row-351844472\">\n\n\n\t<div id=\"col-1211253321\" class=\"col small-12 large-12\"  >\n\t\t\t\t<div class=\"col-inner text-center\"  >\n\t\t\t\n\t\t\t\n\n\t<div class=\"img has-hover x md-x lg-x y md-y lg-y\" id=\"image_127543564\">\n\t\t\t\t\t\t<div data-animate=\"fadeInUp\">\t\t<div class=\"img-inner dark\" style=\"margin:0px 0px 20% 0px;\">\n\t\t\t<img loading=\"lazy\" decoding=\"async\" width=\"1020\" height=\"348\" src=\"https:\/\/mysouldrops.eu\/wp-content\/uploads\/2025\/06\/peta_logo-1400x478.png\" class=\"attachment-large size-large\" alt=\"\" srcset=\"https:\/\/mysouldrops.eu\/wp-content\/uploads\/2025\/06\/peta_logo-1400x478.png 1400w, https:\/\/mysouldrops.eu\/wp-content\/uploads\/2025\/06\/peta_logo-800x273.png 800w, https:\/\/mysouldrops.eu\/wp-content\/uploads\/2025\/06\/peta_logo-768x262.png 768w, https:\/\/mysouldrops.eu\/wp-content\/uploads\/2025\/06\/peta_logo-1536x524.png 1536w, https:\/\/mysouldrops.eu\/wp-content\/uploads\/2025\/06\/peta_logo-510x174.png 510w, https:\/\/mysouldrops.eu\/wp-content\/uploads\/2025\/06\/peta_logo.png 1940w\" sizes=\"auto, (max-width: 1020px) 100vw, 1020px\" data-attachment-id=\"885\" data-permalink=\"https:\/\/mysouldrops.eu\/de\/souldrops-haztartasi-tisztitoszerek\/peta_logo\/#main\" data-orig-file=\"https:\/\/mysouldrops.eu\/wp-content\/uploads\/2025\/06\/peta_logo.png\" data-orig-size=\"1940,662\" data-comments-opened=\"1\" data-image-meta=\"{&quot;aperture&quot;:&quot;0&quot;,&quot;credit&quot;:&quot;&quot;,&quot;camera&quot;:&quot;&quot;,&quot;caption&quot;:&quot;&quot;,&quot;created_timestamp&quot;:&quot;0&quot;,&quot;copyright&quot;:&quot;&quot;,&quot;focal_length&quot;:&quot;0&quot;,&quot;iso&quot;:&quot;0&quot;,&quot;shutter_speed&quot;:&quot;0&quot;,&quot;title&quot;:&quot;&quot;,&quot;orientation&quot;:&quot;0&quot;}\" data-image-title=\"peta_logo\" data-image-description=\"\" data-image-caption=\"\" data-large-file=\"https:\/\/mysouldrops.eu\/wp-content\/uploads\/2025\/06\/peta_logo-1400x478.png\" \/>\t\t\t\t\t\t\n\t\t\t\t\t<\/div>\n\t\t<\/div>\t\t\t\t\t\t\n<style>\n#image_127543564 {\n  width: 36%;\n}\n<\/style>\n\t<\/div>\n\t\n\n\n\t\t<\/div>\n\t\t\t\t\t<\/div>\n\n\t\n\n<\/div>\n\n\t\t<\/div>\n\n\t\t\n<style>\n#section_352089037 {\n  padding-top: 30px;\n  padding-bottom: 30px;\n  min-height: 400px;\n}\n#section_352089037 .section-bg-overlay {\n  background-color: rgba(255, 255, 255, 0.174);\n}\n@media (min-width:550px) {\n  #section_352089037 {\n    min-height: 600px;\n  }\n}\n<\/style>\n\t<\/section>\n\t\n\n\t<section class=\"section\" id=\"section_1555786153\">\n\t\t<div class=\"section-bg fill\" >\n\t\t\t\t\t\t\t\t\t\n\t\t\t\n\n\t\t<\/div>\n\n\t\t\n\n\t\t<div class=\"section-content relative\">\n\t\t\t\n\n<div class=\"row row-collapse row-full-width\"  id=\"row-2133744694\">\n\n\n\t<div id=\"col-1568952868\" class=\"col medium-10 small-12 large-6\"  >\n\t\t\t\t<div class=\"col-inner\" style=\"background-color:rgba(246, 219, 232, 0.988);\" >\n\t\t\t\n\t\t\t\n\n\t<div id=\"gap-158163916\" class=\"gap-element clearfix\" style=\"display:block; height:auto;\">\n\t\t\n<style>\n#gap-158163916 {\n  padding-top: 700px;\n}\n<\/style>\n\t<\/div>\n\t\n\n\n\t\t<\/div>\n\t\t\t\t\n<style>\n#col-1568952868 > .col-inner {\n  margin: -100px 0px 0px 0px;\n  border-radius: 23px;\n}\n@media (min-width:550px) {\n  #col-1568952868 > .col-inner {\n    margin: -260px 0px 0px 20px;\n  }\n}\n<\/style>\n\t<\/div>\n\n\t\n\n<\/div>\n<div class=\"row\" style=\"max-width:1300px\" id=\"row-477394617\">\n\n\n\t<div id=\"col-1063675863\" class=\"col medium-8 small-12 large-5\"  >\n\t\t\t\t<div class=\"col-inner\"  >\n\t\t\t\n\t\t\t\n\n\t<div id=\"text-1260150667\" class=\"text\">\n\t\t\n\n<h3>Was bedeutet der Status \"PETA-gepr\u00fcfter Veganer\"?<\/h3>\n\t\t\n<style>\n#text-1260150667 {\n  font-size: 1.75rem;\n}\n<\/style>\n\t<\/div>\n\t\n<p class=\"lead\">A <strong>Souldrops<\/strong> Produkte sind jetzt offiziell <strong>PETA-gepr\u00fcft Vegan zertifiziert<\/strong> - Dies bedeutet, dass <strong>unsere Reinigungsprodukte sind vollst\u00e4ndig vegan und nicht an Tieren getestet<\/strong>. Es handelt sich nicht nur um ein Zertifikat, sondern um eine Wertentscheidung im Einklang mit der Mission der Marke: Reinheit ohne Kompromisse.<\/p>\n\n\t\t<\/div>\n\t\t\t\t\n<style>\n#col-1063675863 > .col-inner {\n  margin: -600px 0px 0px 0px;\n}\n<\/style>\n\t<\/div>\n\n\t\n\n\t<div id=\"col-176380731\" class=\"col medium-9 small-12 large-6\"  >\n\t\t\t\t<div class=\"col-inner\"  >\n\t\t\t\n\t\t\t\n\n\t<div id=\"text-1281759126\" class=\"text\">\n\t\t\n\n<h3>Das Wesentliche der PETA-gepr\u00fcften Veganer-Zertifizierung<\/h3>\n\t\t\n<style>\n#text-1281759126 {\n  font-size: 1.75rem;\n}\n<\/style>\n\t<\/div>\n\t\n<p><span style=\"font-size: 120%;\">PETA (People for the Ethical Treatment of Animals) ist eine weltweit anerkannte Tierrechtsorganisation. Das \u201ePETA-Approved Vegan\u201d-Logo garantiert das:<br \/><\/span><\/p>\n<ul>\n<li><strong><span style=\"font-size: 120%;\">Keine Bestandteile tierischen Ursprungs in den Produkten<\/span><\/strong><\/li>\n<li><strong><span style=\"font-size: 120%;\">Keine Tierversuche w\u00e4hrend der Entwicklung und Produktion<\/span><\/strong><\/li>\n<li><strong><span style=\"font-size: 120%;\">Der gesamte Produktionsprozess ist ethisch und verantwortungsvoll<\/span><\/strong><\/li>\n<\/ul>\n<p><span style=\"font-size: 120%;\">Dieses Logo gibt Ihnen die Gewissheit, dass Sie eine fundierte Entscheidung treffen, wenn Sie sich f\u00fcr Souldrops entscheiden.<\/span><\/p>\n<p>\u00a0<\/p>\n\n\t\t<\/div>\n\t\t\t\t\n<style>\n#col-176380731 > .col-inner {\n  margin: -400px 0px 0px 0px;\n}\n@media (min-width:850px) {\n  #col-176380731 > .col-inner {\n    margin: -450px 0px 0px 150px;\n  }\n}\n<\/style>\n\t<\/div>\n\n\t\n\n<\/div>\n\n\t\t<\/div>\n\n\t\t\n<style>\n#section_1555786153 {\n  padding-top: 30px;\n  padding-bottom: 30px;\n}\n<\/style>\n\t<\/section>\n\t\n\n\t<section class=\"section\" id=\"section_1731767526\">\n\t\t<div class=\"section-bg fill\" >\n\t\t\t\t\t\t\t\t\t\n\t\t\t\n\n\t\t<\/div>\n\n\t\t\n\n\t\t<div class=\"section-content relative\">\n\t\t\t\n\n\t<div id=\"text-940301734\" class=\"text\">\n\t\t\n\n<h3>Was bedeutet der Status \"PETA-gepr\u00fcfter Veganer\"?<\/h3>\n\t\t\n<style>\n#text-940301734 {\n  font-size: 1.75rem;\n}\n<\/style>\n\t<\/div>\n\t\n<div class=\"row row-collapse row-full-width\"  id=\"row-1582710961\">\n\n\n\t<div id=\"col-695267550\" class=\"col small-12 large-12\"  >\n\t\t\t\t<div class=\"col-inner\"  >\n\t\t\t\n\t\t\t\n\n\n  <div class=\"banner has-hover has-video has-parallax\" id=\"banner-1877100004\">\n          <div class=\"banner-inner fill\">\n        <div class=\"banner-bg fill\" data-parallax=\"-10\" data-parallax-container=\".banner\" data-parallax-background>\n            <img loading=\"lazy\" decoding=\"async\" width=\"1020\" height=\"653\" src=\"https:\/\/mysouldrops.eu\/wp-content\/uploads\/2025\/07\/boy-are-stand-holding-seedlings-are-in-dry-land-in-2025-01-16-15-44-16-utc-1250x800.jpg\" class=\"bg attachment-large size-large\" alt=\"\" data-attachment-id=\"1170\" data-permalink=\"https:\/\/mysouldrops.eu\/de\/a-souldrops-rol\/peta-approved-vegan-tanusitvany\/boy-are-stand-holding-seedlings-are-in-dry-land-in-a-warming-world\/#main\" data-orig-file=\"https:\/\/mysouldrops.eu\/wp-content\/uploads\/2025\/07\/boy-are-stand-holding-seedlings-are-in-dry-land-in-2025-01-16-15-44-16-utc.jpg\" data-orig-size=\"2500,1600\" data-comments-opened=\"1\" data-image-meta=\"{&quot;aperture&quot;:&quot;2.8&quot;,&quot;credit&quot;:&quot;&quot;,&quot;camera&quot;:&quot;NIKON Z 6&quot;,&quot;caption&quot;:&quot;boy are stand holding seedlings are in dry land in a warming world.&quot;,&quot;created_timestamp&quot;:&quot;1529427315&quot;,&quot;copyright&quot;:&quot;&quot;,&quot;focal_length&quot;:&quot;28&quot;,&quot;iso&quot;:&quot;100&quot;,&quot;shutter_speed&quot;:&quot;0.00125&quot;,&quot;title&quot;:&quot;boy are stand holding seedlings are in dry land in a warming world.&quot;,&quot;orientation&quot;:&quot;1&quot;}\" data-image-title=\"boy are stand holding seedlings are in dry land in a warming world.\" data-image-description=\"\" data-image-caption=\"&lt;p&gt;boy are stand holding seedlings are in dry land in a warming world.&lt;\/p&gt;\" data-large-file=\"https:\/\/mysouldrops.eu\/wp-content\/uploads\/2025\/07\/boy-are-stand-holding-seedlings-are-in-dry-land-in-2025-01-16-15-44-16-utc-1250x800.jpg\" \/>            \t<div class=\"video-overlay no-click fill visible\"><\/div>\n\t<video class=\"video-bg fill visible\" preload playsinline autoplay muted loop>\n\t\t<source src=\"https:\/\/videos.files.wordpress.com\/p2gQm53C\/agriculture-and-seedling-concept-female-hand-water-2023-12-28-16-20-42-utc.mp4\" type=\"video\/mp4\">\t<\/video>\n            <div class=\"overlay\"><\/div>            \n\t<div class=\"is-border\"\n\t\tstyle=\"border-width:0px 0px 0px 0px;margin:0px 0px 0px 0px;\">\n\t<\/div>\n                    <\/div>\n\t\t\n        <div class=\"banner-layers container\">\n            <div class=\"fill banner-link\"><\/div>            \n\n   <div id=\"text-box-881296147\" class=\"text-box banner-layer x50 md-x50 lg-x50 y50 md-y50 lg-y50 res-text\">\n                                <div class=\"text-box-content text dark\">\n              \n              <div class=\"text-inner text-center\">\n                  \n\n\t<div id=\"text-925322796\" class=\"text\">\n\t\t\n\n<h3 style=\"text-align: center;\"><strong>Warum ist dies f\u00fcr Souldrops wichtig?<\/strong><\/h3>\n\t\t\n<style>\n#text-925322796 {\n  text-align: center;\n  color: rgb(255,255,255);\n}\n#text-925322796 > * {\n  color: rgb(255,255,255);\n}\n<\/style>\n\t<\/div>\n\t\n\t<div id=\"text-2442630848\" class=\"text\">\n\t\t\n\n<p style=\"text-align: center;\">F\u00fcr uns ist ethisches und umweltbewusstes Handeln keine Option, sondern ein Prinzip. Der PETA-Approved-Status best\u00e4tigt dies:<\/p>\n<p style=\"text-align: center;\"><strong>Wir sch\u00fctzen nicht nur die Umwelt, sondern auch die Tiere<\/strong><\/p>\n<p style=\"text-align: center;\"><strong>Sie k\u00f6nnen alle unsere Produkte ohne schlechtes Gewissen verwenden<\/strong><\/p>\n<p style=\"text-align: center;\"><strong>Wir engagieren uns f\u00fcr eine nachhaltige und grausamkeitsfreie Zukunft<\/strong><\/p>\n<p style=\"text-align: center;\">F\u00fcr uns ist die Vegan-Zertifizierung ein weiterer Schritt in Richtung einer besseren Welt, in der die Reinheit nicht gef\u00e4hrdet ist.<\/p>\n<p style=\"text-align: center;\">\u00a0<\/p>\n\t\t\n<style>\n#text-2442630848 {\n  color: rgb(255,255,255);\n}\n#text-2442630848 > * {\n  color: rgb(255,255,255);\n}\n<\/style>\n\t<\/div>\n\t\n\n              <\/div>\n           <\/div>\n                            \n<style>\n#text-box-881296147 {\n  width: 60%;\n}\n#text-box-881296147 .text-box-content {\n  font-size: 100%;\n}\n@media (min-width:550px) {\n  #text-box-881296147 {\n    width: 80%;\n  }\n}\n<\/style>\n    <\/div>\n \n\n        <\/div>\n      <\/div>\n\n            \n<style>\n#banner-1877100004 {\n  padding-top: 300px;\n  background-color: rgb(255, 255, 255);\n}\n#banner-1877100004 .overlay {\n  background-color: rgba(0,0,0,.5);\n}\n@media (min-width:550px) {\n  #banner-1877100004 {\n    padding-top: 500px;\n  }\n}\n<\/style>\n  <\/div>\n\n\n\n\t\t<\/div>\n\t\t\t\t\n<style>\n#col-695267550 > .col-inner {\n  margin: -130px 0px 0px 0px;\n}\n@media (min-width:850px) {\n  #col-695267550 > .col-inner {\n    margin: -100px 0px 0px 0px;\n  }\n}\n<\/style>\n\t<\/div>\n\n\t\n\n<\/div>\n\n\t\t<\/div>\n\n\t\t\n<style>\n#section_1731767526 {\n  padding-top: 30px;\n  padding-bottom: 30px;\n}\n<\/style>\n\t<\/section>\n\t\n\n\t<section class=\"section\" id=\"section_400474987\">\n\t\t<div class=\"section-bg fill\" >\n\t\t\t\t\t\t\t\t\t\n\t\t\t\n\n\t\t<\/div>\n\n\t\t\n\n\t\t<div class=\"section-content relative\">\n\t\t\t\n\n\t<div id=\"gap-718386593\" class=\"gap-element clearfix\" style=\"display:block; height:auto;\">\n\t\t\n<style>\n#gap-718386593 {\n  padding-top: 30px;\n}\n<\/style>\n\t<\/div>\n\t\n\n<div class=\"row\"  id=\"row-1318044922\">\n\n\n\t<div id=\"col-1083728275\" class=\"col medium-4 small-12 large-4\"  >\n\t\t\t\t<div class=\"col-inner\"  >\n\t\t\t\n\t\t\t\n\n\t<div id=\"text-3189804681\" class=\"text\">\n\t\t\n\n<h3>Warum ist das f\u00fcr Sie wichtig?<\/h3>\n\t\t\n<style>\n#text-3189804681 {\n  font-size: 1.75rem;\n}\n<\/style>\n\t<\/div>\n\t\n\n\t\t<\/div>\n\t\t\t\t\t<\/div>\n\n\t\n\n\t<div id=\"col-2059981734\" class=\"col medium-8 small-12 large-8\"  >\n\t\t\t\t<div class=\"col-inner\"  >\n\t\t\t\n\t\t\t\n\n<p>Das PETA-Approved Vegan-Logo hilft Ihnen, sich in der Welt des bewussten Einkaufens zurechtzufinden. Wenn es f\u00fcr Sie wichtig ist:<\/p>\n<ul>\n<li><strong>Die vegane Lebensweise<\/strong><\/li>\n<li><strong>Tierschutz<\/strong><\/li>\n<li><strong>Ein bewusster und verantwortungsvoller Haushalt<\/strong><\/li>\n<\/ul>\n<p>A <strong>Souldrops<\/strong> Produkte erf\u00fcllen diese Anforderungen. Sie m\u00fcssen nicht zwischen Effizienz und Ethik w\u00e4hlen - wir bieten Ihnen beides.<\/p>\n\n\t\t<\/div>\n\t\t\t\t\t<\/div>\n\n\t\n\n<\/div>\n<p style=\"text-align: center;\" data-start=\"2082\" data-end=\"2165\">Dieses Zertifikat steht hinter einer Vielzahl von <strong data-start=\"2115\" data-end=\"2158\">Arbeit, Bewusstsein und Verantwortung<\/strong> verf\u00fcgbar:<\/p>\n<p style=\"text-align: center;\" data-start=\"2168\" data-end=\"2214\"><strong>Sorgf\u00e4ltig ausgew\u00e4hlte, tierfreie Zutaten, ein transparenter Produktionsprozess und das Engagement f\u00fcr eine Welt, in der Reinheit aus Respekt vor der Natur entsteht<\/strong><\/p>\n<div class=\"row\"  id=\"row-1451578613\">\n\n\n\t<div id=\"col-1406394798\" class=\"col small-12 large-12\"  >\n\t\t\t\t<div class=\"col-inner text-center\"  >\n\t\t\t\n\t\t\t\n\n\t<div class=\"img has-hover x md-x lg-x y md-y lg-y\" id=\"image_1018090181\">\n\t\t\t\t<div data-parallax-fade=\"true\" data-parallax=\"-1\">\t\t<div data-animate=\"fadeInUp\">\t\t<div class=\"img-inner dark\" style=\"margin:50px 0px 0px 0px;\">\n\t\t\t<img loading=\"lazy\" decoding=\"async\" width=\"1020\" height=\"574\" src=\"https:\/\/mysouldrops.eu\/wp-content\/uploads\/2025\/06\/souldrops_logo_black-1400x788.png\" class=\"attachment-large size-large\" alt=\"\" srcset=\"https:\/\/mysouldrops.eu\/wp-content\/uploads\/2025\/06\/souldrops_logo_black-1400x788.png 1400w, https:\/\/mysouldrops.eu\/wp-content\/uploads\/2025\/06\/souldrops_logo_black-510x287.png 510w, https:\/\/mysouldrops.eu\/wp-content\/uploads\/2025\/06\/souldrops_logo_black-711x400.png 711w, https:\/\/mysouldrops.eu\/wp-content\/uploads\/2025\/06\/souldrops_logo_black-768x432.png 768w, https:\/\/mysouldrops.eu\/wp-content\/uploads\/2025\/06\/souldrops_logo_black-1536x864.png 1536w, https:\/\/mysouldrops.eu\/wp-content\/uploads\/2025\/06\/souldrops_logo_black-18x10.png 18w, https:\/\/mysouldrops.eu\/wp-content\/uploads\/2025\/06\/souldrops_logo_black-1200x675.png 1200w, https:\/\/mysouldrops.eu\/wp-content\/uploads\/2025\/06\/souldrops_logo_black.png 1920w\" sizes=\"auto, (max-width: 1020px) 100vw, 1020px\" data-attachment-id=\"132\" data-permalink=\"https:\/\/mysouldrops.eu\/de\/souldrops_logo_black\/\" data-orig-file=\"https:\/\/mysouldrops.eu\/wp-content\/uploads\/2025\/06\/souldrops_logo_black.png\" data-orig-size=\"1920,1080\" data-comments-opened=\"1\" data-image-meta=\"{&quot;aperture&quot;:&quot;0&quot;,&quot;credit&quot;:&quot;&quot;,&quot;camera&quot;:&quot;&quot;,&quot;caption&quot;:&quot;&quot;,&quot;created_timestamp&quot;:&quot;0&quot;,&quot;copyright&quot;:&quot;&quot;,&quot;focal_length&quot;:&quot;0&quot;,&quot;iso&quot;:&quot;0&quot;,&quot;shutter_speed&quot;:&quot;0&quot;,&quot;title&quot;:&quot;&quot;,&quot;orientation&quot;:&quot;0&quot;}\" data-image-title=\"souldrops_logo_black\" data-image-description=\"\" data-image-caption=\"\" data-large-file=\"https:\/\/mysouldrops.eu\/wp-content\/uploads\/2025\/06\/souldrops_logo_black-1400x788.png\" \/>\t\t\t\t\t\t\n\t\t\t\t\t<\/div>\n\t\t<\/div>\t\t<\/div>\t\t\t\t\n<style>\n#image_1018090181 {\n  width: 13%;\n}\n<\/style>\n\t<\/div>\n\t\n\n\n\t\t<\/div>\n\t\t\t\t\t<\/div>\n\n\t\n\n<\/div>\n\n\t\t<\/div>\n\n\t\t\n<style>\n#section_400474987 {\n  padding-top: 30px;\n  padding-bottom: 30px;\n}\n<\/style>\n\t<\/section>","protected":false},"excerpt":{"rendered":"","protected":false},"author":267682164,"featured_media":0,"parent":820,"menu_order":0,"comment_status":"closed","ping_status":"closed","template":"page-blank.php","meta":{"footnotes":""},"class_list":["post-1152","page","type-page","status-publish","hentry"],"yoast_head":"<!-- This site is optimized with the Yoast SEO plugin v27.4 - https:\/\/yoast.com\/product\/yoast-seo-wordpress\/ -->\n<title>PETA-Approved Vegan tan\u00fas\u00edtv\u00e1ny - Souldrops International<\/title>\n<meta name=\"robots\" content=\"index, follow, max-snippet:-1, max-image-preview:large, max-video-preview:-1\" \/>\n<link rel=\"canonical\" href=\"https:\/\/mysouldrops.eu\/de\/eine-souldrop-rolle\/peta-geprufte-vegane-tanusitvany\/\" \/>\n<meta property=\"og:locale\" content=\"de_DE\" \/>\n<meta property=\"og:type\" content=\"article\" \/>\n<meta property=\"og:title\" content=\"PETA-Approved Vegan tan\u00fas\u00edtv\u00e1ny - Souldrops International\" \/>\n<meta property=\"og:url\" content=\"https:\/\/mysouldrops.eu\/de\/eine-souldrop-rolle\/peta-geprufte-vegane-tanusitvany\/\" \/>\n<meta property=\"og:site_name\" content=\"Souldrops International\" \/>\n<meta property=\"article:modified_time\" content=\"2025-07-26T14:26:51+00:00\" \/>\n<meta name=\"twitter:card\" content=\"summary_large_image\" \/>\n<meta name=\"twitter:label1\" content=\"Gesch\u00e4tzte Lesezeit\" \/>\n\t<meta name=\"twitter:data1\" content=\"4\u00a0Minuten\" \/>\n<script type=\"application\/ld+json\" class=\"yoast-schema-graph\">{\"@context\":\"https:\\\/\\\/schema.org\",\"@graph\":[{\"@type\":\"WebPage\",\"@id\":\"https:\\\/\\\/mysouldrops.eu\\\/a-souldrops-rol\\\/peta-approved-vegan-tanusitvany\\\/\",\"url\":\"https:\\\/\\\/mysouldrops.eu\\\/a-souldrops-rol\\\/peta-approved-vegan-tanusitvany\\\/\",\"name\":\"PETA-Approved Vegan tan\u00fas\u00edtv\u00e1ny - Souldrops International\",\"isPartOf\":{\"@id\":\"https:\\\/\\\/mysouldrops.eu\\\/#website\"},\"datePublished\":\"2025-07-26T13:00:54+00:00\",\"dateModified\":\"2025-07-26T14:26:51+00:00\",\"breadcrumb\":{\"@id\":\"https:\\\/\\\/mysouldrops.eu\\\/a-souldrops-rol\\\/peta-approved-vegan-tanusitvany\\\/#breadcrumb\"},\"inLanguage\":\"de\",\"potentialAction\":[{\"@type\":\"ReadAction\",\"target\":[\"https:\\\/\\\/mysouldrops.eu\\\/a-souldrops-rol\\\/peta-approved-vegan-tanusitvany\\\/\"]}]},{\"@type\":\"BreadcrumbList\",\"@id\":\"https:\\\/\\\/mysouldrops.eu\\\/a-souldrops-rol\\\/peta-approved-vegan-tanusitvany\\\/#breadcrumb\",\"itemListElement\":[{\"@type\":\"ListItem\",\"position\":1,\"name\":\"Kezd\u0151lap\",\"item\":\"https:\\\/\\\/mysouldrops.eu\\\/\"},{\"@type\":\"ListItem\",\"position\":2,\"name\":\"A Souldrops-r\u00f3l\",\"item\":\"https:\\\/\\\/mysouldrops.eu\\\/a-souldrops-rol\\\/\"},{\"@type\":\"ListItem\",\"position\":3,\"name\":\"PETA-Approved Vegan tan\u00fas\u00edtv\u00e1ny\"}]},{\"@type\":\"WebSite\",\"@id\":\"https:\\\/\\\/mysouldrops.eu\\\/#website\",\"url\":\"https:\\\/\\\/mysouldrops.eu\\\/\",\"name\":\"Souldrops International\",\"description\":\"A Souldrops egy k\u00f6rnyezettudatos tiszt\u00edt\u00f3szerm\u00e1rka, amely term\u00e9szetes \u00f6sszetev\u0151kkel \u00e9s st\u00edlusos szeml\u00e9lettel teszi tiszt\u00e1bb\u00e1 a vil\u00e1got \u2013 k\u00edv\u00fcl \u00e9s bel\u00fcl\",\"potentialAction\":[{\"@type\":\"SearchAction\",\"target\":{\"@type\":\"EntryPoint\",\"urlTemplate\":\"https:\\\/\\\/mysouldrops.eu\\\/?s={search_term_string}\"},\"query-input\":{\"@type\":\"PropertyValueSpecification\",\"valueRequired\":true,\"valueName\":\"search_term_string\"}}],\"inLanguage\":\"de\"}]}<\/script>\n<!-- \/ Yoast SEO plugin. -->","yoast_head_json":{"title":"PETA-gepr\u00fcftes Veganer-Zertifikat - Souldrops International","robots":{"index":"index","follow":"follow","max-snippet":"max-snippet:-1","max-image-preview":"max-image-preview:large","max-video-preview":"max-video-preview:-1"},"canonical":"https:\/\/mysouldrops.eu\/de\/eine-souldrop-rolle\/peta-geprufte-vegane-tanusitvany\/","og_locale":"de_DE","og_type":"article","og_title":"PETA-Approved Vegan tan\u00fas\u00edtv\u00e1ny - Souldrops International","og_url":"https:\/\/mysouldrops.eu\/de\/eine-souldrop-rolle\/peta-geprufte-vegane-tanusitvany\/","og_site_name":"Souldrops International","article_modified_time":"2025-07-26T14:26:51+00:00","twitter_card":"summary_large_image","twitter_misc":{"Gesch\u00e4tzte Lesezeit":"4\u00a0Minuten"},"schema":{"@context":"https:\/\/schema.org","@graph":[{"@type":"WebPage","@id":"https:\/\/mysouldrops.eu\/a-souldrops-rol\/peta-approved-vegan-tanusitvany\/","url":"https:\/\/mysouldrops.eu\/a-souldrops-rol\/peta-approved-vegan-tanusitvany\/","name":"PETA-gepr\u00fcftes Veganer-Zertifikat - Souldrops International","isPartOf":{"@id":"https:\/\/mysouldrops.eu\/#website"},"datePublished":"2025-07-26T13:00:54+00:00","dateModified":"2025-07-26T14:26:51+00:00","breadcrumb":{"@id":"https:\/\/mysouldrops.eu\/a-souldrops-rol\/peta-approved-vegan-tanusitvany\/#breadcrumb"},"inLanguage":"de","potentialAction":[{"@type":"ReadAction","target":["https:\/\/mysouldrops.eu\/a-souldrops-rol\/peta-approved-vegan-tanusitvany\/"]}]},{"@type":"BreadcrumbList","@id":"https:\/\/mysouldrops.eu\/a-souldrops-rol\/peta-approved-vegan-tanusitvany\/#breadcrumb","itemListElement":[{"@type":"ListItem","position":1,"name":"Kezd\u0151lap","item":"https:\/\/mysouldrops.eu\/"},{"@type":"ListItem","position":2,"name":"A Souldrops-r\u00f3l","item":"https:\/\/mysouldrops.eu\/a-souldrops-rol\/"},{"@type":"ListItem","position":3,"name":"PETA-Approved Vegan tan\u00fas\u00edtv\u00e1ny"}]},{"@type":"WebSite","@id":"https:\/\/mysouldrops.eu\/#website","url":"https:\/\/mysouldrops.eu\/","name":"Souldrops International","description":"Souldrops ist eine umweltbewusste Reinigungsmarke, die nat\u00fcrliche Inhaltsstoffe und einen stilvollen Ansatz verwendet, um die Welt sauberer zu machen - innen und au\u00dfen.","potentialAction":[{"@type":"SearchAction","target":{"@type":"EntryPoint","urlTemplate":"https:\/\/mysouldrops.eu\/?s={search_term_string}"},"query-input":{"@type":"PropertyValueSpecification","valueRequired":true,"valueName":"search_term_string"}}],"inLanguage":"de"}]}},"jetpack_likes_enabled":true,"jetpack_sharing_enabled":true,"jetpack_shortlink":"https:\/\/wp.me\/PgJ65g-iA","_links":{"self":[{"href":"https:\/\/mysouldrops.eu\/de\/wp-json\/wp\/v2\/pages\/1152","targetHints":{"allow":["GET"]}}],"collection":[{"href":"https:\/\/mysouldrops.eu\/de\/wp-json\/wp\/v2\/pages"}],"about":[{"href":"https:\/\/mysouldrops.eu\/de\/wp-json\/wp\/v2\/types\/page"}],"author":[{"embeddable":true,"href":"https:\/\/mysouldrops.eu\/de\/wp-json\/wp\/v2\/users\/267682164"}],"replies":[{"embeddable":true,"href":"https:\/\/mysouldrops.eu\/de\/wp-json\/wp\/v2\/comments?post=1152"}],"version-history":[{"count":19,"href":"https:\/\/mysouldrops.eu\/de\/wp-json\/wp\/v2\/pages\/1152\/revisions"}],"predecessor-version":[{"id":1179,"href":"https:\/\/mysouldrops.eu\/de\/wp-json\/wp\/v2\/pages\/1152\/revisions\/1179"}],"up":[{"embeddable":true,"href":"https:\/\/mysouldrops.eu\/de\/wp-json\/wp\/v2\/pages\/820"}],"wp:attachment":[{"href":"https:\/\/mysouldrops.eu\/de\/wp-json\/wp\/v2\/media?parent=1152"}],"curies":[{"name":"wp","href":"https:\/\/api.w.org\/{rel}","templated":true}]}}