{"id":1013,"date":"2025-07-04T14:35:02","date_gmt":"2025-07-04T12:35:02","guid":{"rendered":"https:\/\/mysouldrops.eu\/?post_type=product&#038;p=1013"},"modified":"2025-10-10T12:05:38","modified_gmt":"2025-10-10T10:05:38","slug":"souldrops-baby-madchen-tropfen-fur-hypoallergene-empfindliche-textil-babykleidung","status":"publish","type":"product","link":"https:\/\/mysouldrops.eu\/de\/termek\/souldrops-baby-girl-drop-hipoallergen-szenzitiv-textiloblito-babaruhakhoz\/","title":{"rendered":"Souldrops Baby M\u00e4dchen Tropfen hypoallergen-empfindliche Gewebesp\u00fclung f\u00fcr Babykleidung (1000 ml)"},"content":{"rendered":"<p>Dieser hypoallergene Weichsp\u00fcler, der speziell f\u00fcr Baby- und Kinderkleidung mit empfindlicher Haut entwickelt wurde, pflegt sanft die Haut des Babys und sch\u00fctzt gleichzeitig die Bed\u00fcrfnisse der empfindlichsten Haut.<\/p>\n<p><strong>Die wichtigsten Vorteile:<\/strong><\/p>\n<ul>\n<li>Hautfreundliche Formel: enth\u00e4lt keine allergenen Enzyme oder Duftstoffe - sicher f\u00fcr Kinder<\/li>\n<li>Lang anhaltender, blumiger Duft, der auf der Kleidung verbleibt und ein angenehmes und nicht reizendes Gef\u00fchl hinterl\u00e4sst<\/li>\n<li>Macht die Stoffe weich und antistatisch, ideal f\u00fcr Babykleidung<\/li>\n<li>Babyhautfreundliche Inhaltsstoffe in einer sorgf\u00e4ltig ausgew\u00e4hlten, dermatologisch getesteten Formel<\/li>\n<\/ul>\n<p><strong>Gebrauchsanweisung:<\/strong><\/p>\n<ul>\n<li>In der Waschmaschine: in das Waschmittelfach oder direkt auf die W\u00e4sche geben.<\/li>\n<li>Zum H\u00e4ndewaschen: etwa 25 ml in 5-10 l Wasser verwenden.<\/li>\n<li>Dosierung: f\u00fcr eine 4-5 kg schwere W\u00e4sche reichen ca. 25 ml aus - genug f\u00fcr ca. 40 W\u00e4schen.<\/li>\n<\/ul>\n<p><strong>F\u00fcr wen ist es gedacht?<\/strong><\/p>\n<ul>\n<li>F\u00fcr empfindliche, hypoallergene Babykleidung<\/li>\n<li>F\u00fcr Kinder mit Hautallergien oder atopischer Haut<\/li>\n<li>F\u00fcr Familien mit einem nachhaltigen, veganen Lebensstil<\/li>\n<\/ul>","protected":false},"excerpt":{"rendered":"<p>&nbsp;<\/p>\n<p>Sanftes, blumig duftendes, hypoallergenes Waschmittel f\u00fcr Babykleidung - macht die Kleidung weich, antistatisch, lang anhaltende Duftformel mit einer absolut hautfreundlichen Formel.<\/p>","protected":false},"featured_media":86,"comment_status":"open","ping_status":"closed","template":"","meta":[],"product_brand":[1377],"product_cat":[1385],"product_tag":[1487,1486,1454,1484,1482,1485,1481,1478,1483,1488],"class_list":{"0":"post-1013","1":"product","2":"type-product","3":"status-publish","4":"has-post-thumbnail","6":"product_brand-souldrops","7":"product_cat-souldrops-baby","8":"product_tag-1000ml-oblito","9":"product_tag-antisztatikus-textiloblito","10":"product_tag-erzekeny-borre","11":"product_tag-baba-girl-drop","12":"product_tag-babamosas","13":"product_tag-babaruhakhoz-oblito","14":"product_tag-hipoallergen-textiloblito","15":"product_tag-souldrops-baby","16":"product_tag-vegan-textiloblito","17":"product_tag-viragos-illatu-babamoso","19":"first","20":"instock","21":"taxable","22":"shipping-taxable","23":"product-type-simple"},"yoast_head":"<!-- This site is optimized with the Yoast SEO plugin v27.4 - https:\/\/yoast.com\/product\/yoast-seo-wordpress\/ -->\n<title>Souldrops baby girl drop hipoallerg\u00e9n-szenzit\u00edv textil\u00f6bl\u00edt\u0151 babaruh\u00e1khoz (1000 ml) - Souldrops International<\/title>\n<meta name=\"description\" content=\"\u201eK\u00edm\u00e9letes, vir\u00e1gos illat\u00fa hipoallerg\u00e9n textil\u00f6bl\u00edt\u0151 babaruh\u00e1khoz \u2013 puh\u00e1v\u00e1 teszi a ruh\u00e1kat, antisztatikus, hossz\u00fa illattart\u00f3ss\u00e1g\u00fa formula, teljesen b\u0151rbar\u00e1t \u00f6sszet\u00e9tellel.\u201d\" \/>\n<meta name=\"robots\" content=\"index, follow, max-snippet:-1, max-image-preview:large, max-video-preview:-1\" \/>\n<link rel=\"canonical\" href=\"https:\/\/mysouldrops.eu\/de\/produkt\/souldrops-baby-madchen-tropfen-fur-hypoallergene-empfindliche-textil-babykleidung\/\" \/>\n<meta property=\"og:locale\" content=\"de_DE\" \/>\n<meta property=\"og:type\" content=\"article\" \/>\n<meta property=\"og:title\" content=\"Souldrops baby girl drop hipoallerg\u00e9n-szenzit\u00edv textil\u00f6bl\u00edt\u0151 babaruh\u00e1khoz (1000 ml) - Souldrops International\" \/>\n<meta property=\"og:description\" content=\"\u201eK\u00edm\u00e9letes, vir\u00e1gos illat\u00fa hipoallerg\u00e9n textil\u00f6bl\u00edt\u0151 babaruh\u00e1khoz \u2013 puh\u00e1v\u00e1 teszi a ruh\u00e1kat, antisztatikus, hossz\u00fa illattart\u00f3ss\u00e1g\u00fa formula, teljesen b\u0151rbar\u00e1t \u00f6sszet\u00e9tellel.\u201d\" \/>\n<meta property=\"og:url\" content=\"https:\/\/mysouldrops.eu\/de\/produkt\/souldrops-baby-madchen-tropfen-fur-hypoallergene-empfindliche-textil-babykleidung\/\" \/>\n<meta property=\"og:site_name\" content=\"Souldrops International\" \/>\n<meta property=\"article:modified_time\" content=\"2025-10-10T10:05:38+00:00\" \/>\n<meta property=\"og:image\" content=\"https:\/\/mysouldrops.eu\/wp-content\/uploads\/2025\/06\/BOGIRL10_REG__F-PAN700_SZ-FEHER_NINV_v5.png\" \/>\n\t<meta property=\"og:image:width\" content=\"2000\" \/>\n\t<meta property=\"og:image:height\" content=\"2000\" \/>\n\t<meta property=\"og:image:type\" content=\"image\/png\" \/>\n<meta name=\"twitter:card\" content=\"summary_large_image\" \/>\n<meta name=\"twitter:label1\" content=\"Gesch\u00e4tzte Lesezeit\" \/>\n\t<meta name=\"twitter:data1\" content=\"1\u00a0Minute\" \/>\n<script type=\"application\/ld+json\" class=\"yoast-schema-graph\">{\"@context\":\"https:\\\/\\\/schema.org\",\"@graph\":[{\"@type\":\"WebPage\",\"@id\":\"https:\\\/\\\/mysouldrops.eu\\\/termek\\\/souldrops-baby-girl-drop-hipoallergen-szenzitiv-textiloblito-babaruhakhoz\\\/\",\"url\":\"https:\\\/\\\/mysouldrops.eu\\\/termek\\\/souldrops-baby-girl-drop-hipoallergen-szenzitiv-textiloblito-babaruhakhoz\\\/\",\"name\":\"Souldrops baby girl drop hipoallerg\u00e9n-szenzit\u00edv textil\u00f6bl\u00edt\u0151 babaruh\u00e1khoz (1000 ml) - Souldrops International\",\"isPartOf\":{\"@id\":\"https:\\\/\\\/mysouldrops.eu\\\/#website\"},\"primaryImageOfPage\":{\"@id\":\"https:\\\/\\\/mysouldrops.eu\\\/termek\\\/souldrops-baby-girl-drop-hipoallergen-szenzitiv-textiloblito-babaruhakhoz\\\/#primaryimage\"},\"image\":{\"@id\":\"https:\\\/\\\/mysouldrops.eu\\\/termek\\\/souldrops-baby-girl-drop-hipoallergen-szenzitiv-textiloblito-babaruhakhoz\\\/#primaryimage\"},\"thumbnailUrl\":\"https:\\\/\\\/mysouldrops.eu\\\/wp-content\\\/uploads\\\/2025\\\/06\\\/BOGIRL10_REG__F-PAN700_SZ-FEHER_NINV_v5.png\",\"datePublished\":\"2025-07-04T12:35:02+00:00\",\"dateModified\":\"2025-10-10T10:05:38+00:00\",\"description\":\"\u201eK\u00edm\u00e9letes, vir\u00e1gos illat\u00fa hipoallerg\u00e9n textil\u00f6bl\u00edt\u0151 babaruh\u00e1khoz \u2013 puh\u00e1v\u00e1 teszi a ruh\u00e1kat, antisztatikus, hossz\u00fa illattart\u00f3ss\u00e1g\u00fa formula, teljesen b\u0151rbar\u00e1t \u00f6sszet\u00e9tellel.\u201d\",\"breadcrumb\":{\"@id\":\"https:\\\/\\\/mysouldrops.eu\\\/termek\\\/souldrops-baby-girl-drop-hipoallergen-szenzitiv-textiloblito-babaruhakhoz\\\/#breadcrumb\"},\"inLanguage\":\"de\",\"potentialAction\":[{\"@type\":\"ReadAction\",\"target\":[\"https:\\\/\\\/mysouldrops.eu\\\/termek\\\/souldrops-baby-girl-drop-hipoallergen-szenzitiv-textiloblito-babaruhakhoz\\\/\"]}]},{\"@type\":\"ImageObject\",\"inLanguage\":\"de\",\"@id\":\"https:\\\/\\\/mysouldrops.eu\\\/termek\\\/souldrops-baby-girl-drop-hipoallergen-szenzitiv-textiloblito-babaruhakhoz\\\/#primaryimage\",\"url\":\"https:\\\/\\\/mysouldrops.eu\\\/wp-content\\\/uploads\\\/2025\\\/06\\\/BOGIRL10_REG__F-PAN700_SZ-FEHER_NINV_v5.png\",\"contentUrl\":\"https:\\\/\\\/mysouldrops.eu\\\/wp-content\\\/uploads\\\/2025\\\/06\\\/BOGIRL10_REG__F-PAN700_SZ-FEHER_NINV_v5.png\",\"width\":2000,\"height\":2000},{\"@type\":\"BreadcrumbList\",\"@id\":\"https:\\\/\\\/mysouldrops.eu\\\/termek\\\/souldrops-baby-girl-drop-hipoallergen-szenzitiv-textiloblito-babaruhakhoz\\\/#breadcrumb\",\"itemListElement\":[{\"@type\":\"ListItem\",\"position\":1,\"name\":\"Kezd\u0151lap\",\"item\":\"https:\\\/\\\/mysouldrops.eu\\\/\"},{\"@type\":\"ListItem\",\"position\":2,\"name\":\"Shop\",\"item\":\"https:\\\/\\\/mysouldrops.eu\\\/uzlet\\\/\"},{\"@type\":\"ListItem\",\"position\":3,\"name\":\"Souldrops baby girl drop hipoallerg\u00e9n-szenzit\u00edv textil\u00f6bl\u00edt\u0151 babaruh\u00e1khoz (1000 ml)\"}]},{\"@type\":\"WebSite\",\"@id\":\"https:\\\/\\\/mysouldrops.eu\\\/#website\",\"url\":\"https:\\\/\\\/mysouldrops.eu\\\/\",\"name\":\"Souldrops International\",\"description\":\"A Souldrops egy k\u00f6rnyezettudatos tiszt\u00edt\u00f3szerm\u00e1rka, amely term\u00e9szetes \u00f6sszetev\u0151kkel \u00e9s st\u00edlusos szeml\u00e9lettel teszi tiszt\u00e1bb\u00e1 a vil\u00e1got \u2013 k\u00edv\u00fcl \u00e9s bel\u00fcl\",\"potentialAction\":[{\"@type\":\"SearchAction\",\"target\":{\"@type\":\"EntryPoint\",\"urlTemplate\":\"https:\\\/\\\/mysouldrops.eu\\\/?s={search_term_string}\"},\"query-input\":{\"@type\":\"PropertyValueSpecification\",\"valueRequired\":true,\"valueName\":\"search_term_string\"}}],\"inLanguage\":\"de\"}]}<\/script>\n<!-- \/ Yoast SEO plugin. -->","yoast_head_json":{"title":"Souldrops baby girl drop hypoallergenes Weichsp\u00fclmittel f\u00fcr Babykleidung (1000 ml) - Souldrops International","description":"\u201eSanfter, blumig duftender, hypoallergener Weichsp\u00fcler f\u00fcr Babykleidung - macht die Kleidung weich, antistatisch, lang anhaltende Duftformel mit absolut hautfreundlicher Formel.\u201d","robots":{"index":"index","follow":"follow","max-snippet":"max-snippet:-1","max-image-preview":"max-image-preview:large","max-video-preview":"max-video-preview:-1"},"canonical":"https:\/\/mysouldrops.eu\/de\/produkt\/souldrops-baby-madchen-tropfen-fur-hypoallergene-empfindliche-textil-babykleidung\/","og_locale":"de_DE","og_type":"article","og_title":"Souldrops baby girl drop hipoallerg\u00e9n-szenzit\u00edv textil\u00f6bl\u00edt\u0151 babaruh\u00e1khoz (1000 ml) - Souldrops International","og_description":"\u201eK\u00edm\u00e9letes, vir\u00e1gos illat\u00fa hipoallerg\u00e9n textil\u00f6bl\u00edt\u0151 babaruh\u00e1khoz \u2013 puh\u00e1v\u00e1 teszi a ruh\u00e1kat, antisztatikus, hossz\u00fa illattart\u00f3ss\u00e1g\u00fa formula, teljesen b\u0151rbar\u00e1t \u00f6sszet\u00e9tellel.\u201d","og_url":"https:\/\/mysouldrops.eu\/de\/produkt\/souldrops-baby-madchen-tropfen-fur-hypoallergene-empfindliche-textil-babykleidung\/","og_site_name":"Souldrops International","article_modified_time":"2025-10-10T10:05:38+00:00","og_image":[{"width":2000,"height":2000,"url":"https:\/\/mysouldrops.eu\/wp-content\/uploads\/2025\/06\/BOGIRL10_REG__F-PAN700_SZ-FEHER_NINV_v5.png","type":"image\/png"}],"twitter_card":"summary_large_image","twitter_misc":{"Gesch\u00e4tzte Lesezeit":"1\u00a0Minute"},"schema":{"@context":"https:\/\/schema.org","@graph":[{"@type":"WebPage","@id":"https:\/\/mysouldrops.eu\/termek\/souldrops-baby-girl-drop-hipoallergen-szenzitiv-textiloblito-babaruhakhoz\/","url":"https:\/\/mysouldrops.eu\/termek\/souldrops-baby-girl-drop-hipoallergen-szenzitiv-textiloblito-babaruhakhoz\/","name":"Souldrops baby girl drop hypoallergenes Weichsp\u00fclmittel f\u00fcr Babykleidung (1000 ml) - Souldrops International","isPartOf":{"@id":"https:\/\/mysouldrops.eu\/#website"},"primaryImageOfPage":{"@id":"https:\/\/mysouldrops.eu\/termek\/souldrops-baby-girl-drop-hipoallergen-szenzitiv-textiloblito-babaruhakhoz\/#primaryimage"},"image":{"@id":"https:\/\/mysouldrops.eu\/termek\/souldrops-baby-girl-drop-hipoallergen-szenzitiv-textiloblito-babaruhakhoz\/#primaryimage"},"thumbnailUrl":"https:\/\/mysouldrops.eu\/wp-content\/uploads\/2025\/06\/BOGIRL10_REG__F-PAN700_SZ-FEHER_NINV_v5.png","datePublished":"2025-07-04T12:35:02+00:00","dateModified":"2025-10-10T10:05:38+00:00","description":"\u201eSanfter, blumig duftender, hypoallergener Weichsp\u00fcler f\u00fcr Babykleidung - macht die Kleidung weich, antistatisch, lang anhaltende Duftformel mit absolut hautfreundlicher Formel.\u201d","breadcrumb":{"@id":"https:\/\/mysouldrops.eu\/termek\/souldrops-baby-girl-drop-hipoallergen-szenzitiv-textiloblito-babaruhakhoz\/#breadcrumb"},"inLanguage":"de","potentialAction":[{"@type":"ReadAction","target":["https:\/\/mysouldrops.eu\/termek\/souldrops-baby-girl-drop-hipoallergen-szenzitiv-textiloblito-babaruhakhoz\/"]}]},{"@type":"ImageObject","inLanguage":"de","@id":"https:\/\/mysouldrops.eu\/termek\/souldrops-baby-girl-drop-hipoallergen-szenzitiv-textiloblito-babaruhakhoz\/#primaryimage","url":"https:\/\/mysouldrops.eu\/wp-content\/uploads\/2025\/06\/BOGIRL10_REG__F-PAN700_SZ-FEHER_NINV_v5.png","contentUrl":"https:\/\/mysouldrops.eu\/wp-content\/uploads\/2025\/06\/BOGIRL10_REG__F-PAN700_SZ-FEHER_NINV_v5.png","width":2000,"height":2000},{"@type":"BreadcrumbList","@id":"https:\/\/mysouldrops.eu\/termek\/souldrops-baby-girl-drop-hipoallergen-szenzitiv-textiloblito-babaruhakhoz\/#breadcrumb","itemListElement":[{"@type":"ListItem","position":1,"name":"Kezd\u0151lap","item":"https:\/\/mysouldrops.eu\/"},{"@type":"ListItem","position":2,"name":"Shop","item":"https:\/\/mysouldrops.eu\/uzlet\/"},{"@type":"ListItem","position":3,"name":"Souldrops baby girl drop hipoallerg\u00e9n-szenzit\u00edv textil\u00f6bl\u00edt\u0151 babaruh\u00e1khoz (1000 ml)"}]},{"@type":"WebSite","@id":"https:\/\/mysouldrops.eu\/#website","url":"https:\/\/mysouldrops.eu\/","name":"Souldrops International","description":"Souldrops ist eine umweltbewusste Reinigungsmarke, die nat\u00fcrliche Inhaltsstoffe und einen stilvollen Ansatz verwendet, um die Welt sauberer zu machen - innen und au\u00dfen.","potentialAction":[{"@type":"SearchAction","target":{"@type":"EntryPoint","urlTemplate":"https:\/\/mysouldrops.eu\/?s={search_term_string}"},"query-input":{"@type":"PropertyValueSpecification","valueRequired":true,"valueName":"search_term_string"}}],"inLanguage":"de"}]}},"jetpack_likes_enabled":true,"jetpack_sharing_enabled":true,"_links":{"self":[{"href":"https:\/\/mysouldrops.eu\/de\/wp-json\/wp\/v2\/product\/1013","targetHints":{"allow":["GET"]}}],"collection":[{"href":"https:\/\/mysouldrops.eu\/de\/wp-json\/wp\/v2\/product"}],"about":[{"href":"https:\/\/mysouldrops.eu\/de\/wp-json\/wp\/v2\/types\/product"}],"replies":[{"embeddable":true,"href":"https:\/\/mysouldrops.eu\/de\/wp-json\/wp\/v2\/comments?post=1013"}],"wp:featuredmedia":[{"embeddable":true,"href":"https:\/\/mysouldrops.eu\/de\/wp-json\/wp\/v2\/media\/86"}],"wp:attachment":[{"href":"https:\/\/mysouldrops.eu\/de\/wp-json\/wp\/v2\/media?parent=1013"}],"wp:term":[{"taxonomy":"product_brand","embeddable":true,"href":"https:\/\/mysouldrops.eu\/de\/wp-json\/wp\/v2\/product_brand?post=1013"},{"taxonomy":"product_cat","embeddable":true,"href":"https:\/\/mysouldrops.eu\/de\/wp-json\/wp\/v2\/product_cat?post=1013"},{"taxonomy":"product_tag","embeddable":true,"href":"https:\/\/mysouldrops.eu\/de\/wp-json\/wp\/v2\/product_tag?post=1013"}],"curies":[{"name":"wp","href":"https:\/\/api.w.org\/{rel}","templated":true}]}}