{"id":982,"date":"2025-07-04T13:11:35","date_gmt":"2025-07-04T11:11:35","guid":{"rendered":"https:\/\/mysouldrops.eu\/?post_type=product&#038;p=982"},"modified":"2026-02-25T14:49:34","modified_gmt":"2026-02-25T13:49:34","slug":"souldrops-kristallseife-oblito","status":"publish","type":"product","link":"https:\/\/mysouldrops.eu\/de\/termek\/souldrops-kristalycsepp-oblito\/","title":{"rendered":"Souldrops Kristall-Tropfensp\u00fclung (2000 ml)"},"content":{"rendered":"<p data-start=\"575\" data-end=\"948\">A <strong data-start=\"577\" data-end=\"611\">Souldrops Kristall-Tropfensp\u00fclung<\/strong> die perfekte Verbindung von raffinierter Eleganz und frischer Reinheit. Sein Duft ist eine kristallklare und doch seidig tiefe Parf\u00fcmkomposition, die auf Textilien ein lang anhaltendes, diskretes, luxuri\u00f6ses Gef\u00fchl hinterl\u00e4sst. Seine frischen mineralischen Noten und subtilen pudrigen T\u00f6ne verschmelzen mit der Kleidung wie eine elegante Umarmung - erfrischend und beruhigend zugleich.<\/p>\n<p data-start=\"950\" data-end=\"1223\">Seine spezielle Formel ist sanft zu empfindlicher Haut und mit nat\u00fcrlichen Inhaltsstoffen angereichert. <strong data-start=\"1037\" data-end=\"1069\">Vegan, sanft und wirksam<\/strong>, Das macht sie zur idealen Wahl f\u00fcr bewusste Nutzer, die nicht nur die Weichheit und Frische der Kleidung sch\u00e4tzen, sondern auch die umweltfreundliche Zusammensetzung.<\/p>\n<p data-start=\"1376\" data-end=\"1390\"><strong data-start=\"1376\" data-end=\"1388\">Vorteile:<\/strong><\/p>\n<ul data-start=\"1391\" data-end=\"1639\">\n<li data-start=\"1391\" data-end=\"1443\">\n<p data-start=\"1393\" data-end=\"1443\">Kristallklare, mineralisch-pulvrige Duftkomposition<\/p>\n<\/li>\n<li data-start=\"1444\" data-end=\"1496\">\n<p data-start=\"1446\" data-end=\"1496\">Lang anhaltender, diskreter Luxus auf Textilien<\/p>\n<\/li>\n<li data-start=\"1497\" data-end=\"1553\">\n<p data-start=\"1499\" data-end=\"1553\">Sanfte, nat\u00fcrliche Inhaltsstoffe f\u00fcr empfindliche Haut<\/p>\n<\/li>\n<li data-start=\"1554\" data-end=\"1589\">\n<p data-start=\"1556\" data-end=\"1589\">Vegane und umweltfreundliche Formel<\/p>\n<\/li>\n<li data-start=\"1590\" data-end=\"1639\">\n<p data-start=\"1592\" data-end=\"1639\">H\u00e4lt die Kleidung weich und frisch<\/p>\n<\/li>\n<\/ul>\n<p>&nbsp;<\/p>\n<div class=\"_tableContainer_16hzy_1\">\n<div class=\"_tableWrapper_16hzy_14 group flex w-fit flex-col-reverse\" tabindex=\"-1\">\n<table class=\"w-fit min-w-(--thread-content-width)\" data-start=\"212\" data-end=\"619\">\n<thead data-start=\"212\" data-end=\"291\">\n<tr data-start=\"212\" data-end=\"291\">\n<th data-start=\"212\" data-end=\"235\" data-col-size=\"sm\">Wie zu verwenden<\/th>\n<th data-start=\"235\" data-end=\"266\" data-col-size=\"sm\">Menge der Kleidung \/ Menge des Wassers<\/th>\n<th data-start=\"266\" data-end=\"291\" data-col-size=\"sm\">Empfohlene Dosierung<\/th>\n<\/tr>\n<\/thead>\n<tbody data-start=\"374\" data-end=\"619\">\n<tr data-start=\"374\" data-end=\"455\">\n<td data-start=\"374\" data-end=\"397\" data-col-size=\"sm\"><strong data-start=\"376\" data-end=\"390\">Waschen in der Maschine<\/strong><\/td>\n<td data-col-size=\"sm\" data-start=\"397\" data-end=\"429\">f\u00fcr 4-5 kg Kleidung<\/td>\n<td data-col-size=\"sm\" data-start=\"429\" data-end=\"455\">1-2 Kappen (25-50 ml)<\/td>\n<\/tr>\n<tr data-start=\"456\" data-end=\"537\">\n<td data-start=\"456\" data-end=\"479\" data-col-size=\"sm\"><strong data-start=\"458\" data-end=\"472\">Waschen in der Maschine<\/strong><\/td>\n<td data-col-size=\"sm\" data-start=\"479\" data-end=\"511\">f\u00fcr 7-9 kg Kleidung<\/td>\n<td data-col-size=\"sm\" data-start=\"511\" data-end=\"537\">3-4 Kappen (75-100 ml)<\/td>\n<\/tr>\n<tr data-start=\"538\" data-end=\"619\">\n<td data-start=\"538\" data-end=\"561\" data-col-size=\"sm\"><strong data-start=\"540\" data-end=\"554\">H\u00e4ndewaschen<\/strong><\/td>\n<td data-col-size=\"sm\" data-start=\"561\" data-end=\"593\">10 l Wasser<\/td>\n<td data-col-size=\"sm\" data-start=\"593\" data-end=\"619\">2 Kappen (50 ml)<\/td>\n<\/tr>\n<\/tbody>\n<\/table>\n<\/div>\n<\/div>\n<p>&nbsp;<\/p>\n<p>A <strong data-start=\"1731\" data-end=\"1765\">Souldrops Kristall-Tropfensp\u00fclung<\/strong> ist die ideale Wahl, wenn Sie Ihrer Kleidung einen Hauch von Eleganz und olfaktorischer Raffinesse sowie Sauberkeit verleihen m\u00f6chten.<\/p>","protected":false},"excerpt":{"rendered":"<p>A <strong data-start=\"164\" data-end=\"198\">Souldrops Kristall-Tropfensp\u00fclung<\/strong> verleiht der Kleidung mit seinem kristallklaren und doch sehr eleganten Duft einen diskreten Luxus. Seine frischen mineralischen und subtilen pudrigen Noten sind sanft zu empfindlicher Haut, mit nat\u00fcrlichen Inhaltsstoffen. Vegan, sanft und effektiv - f\u00fcr stilvolle Frische.<\/p>","protected":false},"featured_media":3105,"comment_status":"open","ping_status":"closed","template":"","meta":[],"product_brand":[1377],"product_cat":[1382],"product_tag":[1503,1496,1454,1446,1502,1471,1445,1470,1474,1505,1506,1501,1465,1473,1457,1504,1497,1447,1468,1439,1500,1499,1466],"class_list":{"0":"post-982","1":"product","2":"type-product","3":"status-publish","4":"has-post-thumbnail","6":"product_brand-souldrops","7":"product_cat-oblito","8":"product_tag-1000ml","9":"product_tag-allergiabarat","10":"product_tag-erzekeny-borre","11":"product_tag-oblito","12":"product_tag-oko-textiloblito","13":"product_tag-okohatekony","14":"product_tag-balzsamcsepp","15":"product_tag-borbarat","16":"product_tag-foszfatmentes","17":"product_tag-friss-illat","18":"product_tag-gyenged-oblito","19":"product_tag-illatos-oblito","20":"product_tag-kornyezetbarat","21":"product_tag-klormentes","22":"product_tag-kristalycsepp","23":"product_tag-lagy-ruhak","24":"product_tag-magyar-termek","25":"product_tag-sensitive","26":"product_tag-sls-mentes","27":"product_tag-souldrops","28":"product_tag-termeszetes-osszetevok","29":"product_tag-textiloblito","30":"product_tag-vegan-termek","32":"first","33":"instock","34":"taxable","35":"shipping-taxable","36":"product-type-simple"},"yoast_head":"<!-- This site is optimized with the Yoast SEO plugin v27.4 - https:\/\/yoast.com\/product\/yoast-seo-wordpress\/ -->\n<title>Souldrops Krist\u00e1lycsepp \u00d6bl\u00edt\u0151 (2000 ml) - Souldrops International<\/title>\n<meta name=\"description\" content=\"K\u00edm\u00e9letes, szenzit\u00edv textil\u00f6bl\u00edt\u0151, 1\u202f000\u202fml kiszerel\u00e9sben, amely puh\u00e1v\u00e1, antisztatikuss\u00e1 var\u00e1zsolja a ruh\u00e1kat, mik\u00f6zben hosszan tart\u00f3, diszkr\u00e9t illatot k\u00f6lcs\u00f6n\u00f6z.\" \/>\n<meta name=\"robots\" content=\"index, follow, max-snippet:-1, max-image-preview:large, max-video-preview:-1\" \/>\n<link rel=\"canonical\" href=\"https:\/\/mysouldrops.eu\/de\/produkt\/souldrops-kristallseife-oblito\/\" \/>\n<meta property=\"og:locale\" content=\"de_DE\" \/>\n<meta property=\"og:type\" content=\"article\" \/>\n<meta property=\"og:title\" content=\"Souldrops Krist\u00e1lycsepp \u00d6bl\u00edt\u0151 (2000 ml) - Souldrops International\" \/>\n<meta property=\"og:description\" content=\"K\u00edm\u00e9letes, szenzit\u00edv textil\u00f6bl\u00edt\u0151, 1\u202f000\u202fml kiszerel\u00e9sben, amely puh\u00e1v\u00e1, antisztatikuss\u00e1 var\u00e1zsolja a ruh\u00e1kat, mik\u00f6zben hosszan tart\u00f3, diszkr\u00e9t illatot k\u00f6lcs\u00f6n\u00f6z.\" \/>\n<meta property=\"og:url\" content=\"https:\/\/mysouldrops.eu\/de\/produkt\/souldrops-kristallseife-oblito\/\" \/>\n<meta property=\"og:site_name\" content=\"Souldrops International\" \/>\n<meta property=\"article:modified_time\" content=\"2026-02-25T13:49:34+00:00\" \/>\n<meta property=\"og:image\" content=\"https:\/\/mysouldrops.eu\/wp-content\/uploads\/2026\/02\/K20_EN_REG_F-PAN700_SZ-PAN208_NINV_v4-800x800.png?crop=1\" \/>\n\t<meta property=\"og:image:width\" content=\"800\" \/>\n\t<meta property=\"og:image:height\" content=\"800\" \/>\n\t<meta property=\"og:image:type\" content=\"image\/png\" \/>\n<meta name=\"twitter:card\" content=\"summary_large_image\" \/>\n<meta name=\"twitter:label1\" content=\"Gesch\u00e4tzte Lesezeit\" \/>\n\t<meta name=\"twitter:data1\" content=\"1\u00a0Minute\" \/>\n<script type=\"application\/ld+json\" class=\"yoast-schema-graph\">{\"@context\":\"https:\\\/\\\/schema.org\",\"@graph\":[{\"@type\":\"WebPage\",\"@id\":\"https:\\\/\\\/mysouldrops.eu\\\/termek\\\/souldrops-kristalycsepp-oblito\\\/\",\"url\":\"https:\\\/\\\/mysouldrops.eu\\\/termek\\\/souldrops-kristalycsepp-oblito\\\/\",\"name\":\"Souldrops Krist\u00e1lycsepp \u00d6bl\u00edt\u0151 (2000 ml) - Souldrops International\",\"isPartOf\":{\"@id\":\"https:\\\/\\\/mysouldrops.eu\\\/#website\"},\"primaryImageOfPage\":{\"@id\":\"https:\\\/\\\/mysouldrops.eu\\\/termek\\\/souldrops-kristalycsepp-oblito\\\/#primaryimage\"},\"image\":{\"@id\":\"https:\\\/\\\/mysouldrops.eu\\\/termek\\\/souldrops-kristalycsepp-oblito\\\/#primaryimage\"},\"thumbnailUrl\":\"https:\\\/\\\/mysouldrops.eu\\\/wp-content\\\/uploads\\\/2026\\\/02\\\/K20_EN_REG_F-PAN700_SZ-PAN208_NINV_v4.png\",\"datePublished\":\"2025-07-04T11:11:35+00:00\",\"dateModified\":\"2026-02-25T13:49:34+00:00\",\"description\":\"K\u00edm\u00e9letes, szenzit\u00edv textil\u00f6bl\u00edt\u0151, 1\u202f000\u202fml kiszerel\u00e9sben, amely puh\u00e1v\u00e1, antisztatikuss\u00e1 var\u00e1zsolja a ruh\u00e1kat, mik\u00f6zben hosszan tart\u00f3, diszkr\u00e9t illatot k\u00f6lcs\u00f6n\u00f6z.\",\"breadcrumb\":{\"@id\":\"https:\\\/\\\/mysouldrops.eu\\\/termek\\\/souldrops-kristalycsepp-oblito\\\/#breadcrumb\"},\"inLanguage\":\"de\",\"potentialAction\":[{\"@type\":\"ReadAction\",\"target\":[\"https:\\\/\\\/mysouldrops.eu\\\/termek\\\/souldrops-kristalycsepp-oblito\\\/\"]}]},{\"@type\":\"ImageObject\",\"inLanguage\":\"de\",\"@id\":\"https:\\\/\\\/mysouldrops.eu\\\/termek\\\/souldrops-kristalycsepp-oblito\\\/#primaryimage\",\"url\":\"https:\\\/\\\/mysouldrops.eu\\\/wp-content\\\/uploads\\\/2026\\\/02\\\/K20_EN_REG_F-PAN700_SZ-PAN208_NINV_v4.png\",\"contentUrl\":\"https:\\\/\\\/mysouldrops.eu\\\/wp-content\\\/uploads\\\/2026\\\/02\\\/K20_EN_REG_F-PAN700_SZ-PAN208_NINV_v4.png\",\"width\":3425,\"height\":3425},{\"@type\":\"BreadcrumbList\",\"@id\":\"https:\\\/\\\/mysouldrops.eu\\\/termek\\\/souldrops-kristalycsepp-oblito\\\/#breadcrumb\",\"itemListElement\":[{\"@type\":\"ListItem\",\"position\":1,\"name\":\"Kezd\u0151lap\",\"item\":\"https:\\\/\\\/mysouldrops.eu\\\/\"},{\"@type\":\"ListItem\",\"position\":2,\"name\":\"Shop\",\"item\":\"https:\\\/\\\/mysouldrops.eu\\\/uzlet\\\/\"},{\"@type\":\"ListItem\",\"position\":3,\"name\":\"Souldrops Krist\u00e1lycsepp \u00d6bl\u00edt\u0151 (2000 ml)\"}]},{\"@type\":\"WebSite\",\"@id\":\"https:\\\/\\\/mysouldrops.eu\\\/#website\",\"url\":\"https:\\\/\\\/mysouldrops.eu\\\/\",\"name\":\"Souldrops International\",\"description\":\"A Souldrops egy k\u00f6rnyezettudatos tiszt\u00edt\u00f3szerm\u00e1rka, amely term\u00e9szetes \u00f6sszetev\u0151kkel \u00e9s st\u00edlusos szeml\u00e9lettel teszi tiszt\u00e1bb\u00e1 a vil\u00e1got \u2013 k\u00edv\u00fcl \u00e9s bel\u00fcl\",\"potentialAction\":[{\"@type\":\"SearchAction\",\"target\":{\"@type\":\"EntryPoint\",\"urlTemplate\":\"https:\\\/\\\/mysouldrops.eu\\\/?s={search_term_string}\"},\"query-input\":{\"@type\":\"PropertyValueSpecification\",\"valueRequired\":true,\"valueName\":\"search_term_string\"}}],\"inLanguage\":\"de\"}]}<\/script>\n<!-- \/ Yoast SEO plugin. -->","yoast_head_json":{"title":"Souldrops Kristall-Tropfsp\u00fclung (2000 ml) - Souldrops Deutschland","description":"Sanftes, empfindliches Weichsp\u00fclmittel in 1 000 ml, das die Kleidung weich und antistatisch macht und gleichzeitig einen lang anhaltenden, dezenten Duft hinterl\u00e4sst.","robots":{"index":"index","follow":"follow","max-snippet":"max-snippet:-1","max-image-preview":"max-image-preview:large","max-video-preview":"max-video-preview:-1"},"canonical":"https:\/\/mysouldrops.eu\/de\/produkt\/souldrops-kristallseife-oblito\/","og_locale":"de_DE","og_type":"article","og_title":"Souldrops Krist\u00e1lycsepp \u00d6bl\u00edt\u0151 (2000 ml) - Souldrops International","og_description":"K\u00edm\u00e9letes, szenzit\u00edv textil\u00f6bl\u00edt\u0151, 1\u202f000\u202fml kiszerel\u00e9sben, amely puh\u00e1v\u00e1, antisztatikuss\u00e1 var\u00e1zsolja a ruh\u00e1kat, mik\u00f6zben hosszan tart\u00f3, diszkr\u00e9t illatot k\u00f6lcs\u00f6n\u00f6z.","og_url":"https:\/\/mysouldrops.eu\/de\/produkt\/souldrops-kristallseife-oblito\/","og_site_name":"Souldrops International","article_modified_time":"2026-02-25T13:49:34+00:00","og_image":[{"width":800,"height":800,"url":"https:\/\/mysouldrops.eu\/wp-content\/uploads\/2026\/02\/K20_EN_REG_F-PAN700_SZ-PAN208_NINV_v4-800x800.png?crop=1","type":"image\/png"}],"twitter_card":"summary_large_image","twitter_misc":{"Gesch\u00e4tzte Lesezeit":"1\u00a0Minute"},"schema":{"@context":"https:\/\/schema.org","@graph":[{"@type":"WebPage","@id":"https:\/\/mysouldrops.eu\/termek\/souldrops-kristalycsepp-oblito\/","url":"https:\/\/mysouldrops.eu\/termek\/souldrops-kristalycsepp-oblito\/","name":"Souldrops Kristall-Tropfsp\u00fclung (2000 ml) - Souldrops Deutschland","isPartOf":{"@id":"https:\/\/mysouldrops.eu\/#website"},"primaryImageOfPage":{"@id":"https:\/\/mysouldrops.eu\/termek\/souldrops-kristalycsepp-oblito\/#primaryimage"},"image":{"@id":"https:\/\/mysouldrops.eu\/termek\/souldrops-kristalycsepp-oblito\/#primaryimage"},"thumbnailUrl":"https:\/\/mysouldrops.eu\/wp-content\/uploads\/2026\/02\/K20_EN_REG_F-PAN700_SZ-PAN208_NINV_v4.png","datePublished":"2025-07-04T11:11:35+00:00","dateModified":"2026-02-25T13:49:34+00:00","description":"Sanftes, empfindliches Weichsp\u00fclmittel in 1 000 ml, das die Kleidung weich und antistatisch macht und gleichzeitig einen lang anhaltenden, dezenten Duft hinterl\u00e4sst.","breadcrumb":{"@id":"https:\/\/mysouldrops.eu\/termek\/souldrops-kristalycsepp-oblito\/#breadcrumb"},"inLanguage":"de","potentialAction":[{"@type":"ReadAction","target":["https:\/\/mysouldrops.eu\/termek\/souldrops-kristalycsepp-oblito\/"]}]},{"@type":"ImageObject","inLanguage":"de","@id":"https:\/\/mysouldrops.eu\/termek\/souldrops-kristalycsepp-oblito\/#primaryimage","url":"https:\/\/mysouldrops.eu\/wp-content\/uploads\/2026\/02\/K20_EN_REG_F-PAN700_SZ-PAN208_NINV_v4.png","contentUrl":"https:\/\/mysouldrops.eu\/wp-content\/uploads\/2026\/02\/K20_EN_REG_F-PAN700_SZ-PAN208_NINV_v4.png","width":3425,"height":3425},{"@type":"BreadcrumbList","@id":"https:\/\/mysouldrops.eu\/termek\/souldrops-kristalycsepp-oblito\/#breadcrumb","itemListElement":[{"@type":"ListItem","position":1,"name":"Kezd\u0151lap","item":"https:\/\/mysouldrops.eu\/"},{"@type":"ListItem","position":2,"name":"Shop","item":"https:\/\/mysouldrops.eu\/uzlet\/"},{"@type":"ListItem","position":3,"name":"Souldrops Krist\u00e1lycsepp \u00d6bl\u00edt\u0151 (2000 ml)"}]},{"@type":"WebSite","@id":"https:\/\/mysouldrops.eu\/#website","url":"https:\/\/mysouldrops.eu\/","name":"Souldrops International","description":"Souldrops ist eine umweltbewusste Reinigungsmarke, die nat\u00fcrliche Inhaltsstoffe und einen stilvollen Ansatz verwendet, um die Welt sauberer zu machen - innen und au\u00dfen.","potentialAction":[{"@type":"SearchAction","target":{"@type":"EntryPoint","urlTemplate":"https:\/\/mysouldrops.eu\/?s={search_term_string}"},"query-input":{"@type":"PropertyValueSpecification","valueRequired":true,"valueName":"search_term_string"}}],"inLanguage":"de"}]}},"jetpack_likes_enabled":true,"jetpack_sharing_enabled":true,"_links":{"self":[{"href":"https:\/\/mysouldrops.eu\/de\/wp-json\/wp\/v2\/product\/982","targetHints":{"allow":["GET"]}}],"collection":[{"href":"https:\/\/mysouldrops.eu\/de\/wp-json\/wp\/v2\/product"}],"about":[{"href":"https:\/\/mysouldrops.eu\/de\/wp-json\/wp\/v2\/types\/product"}],"replies":[{"embeddable":true,"href":"https:\/\/mysouldrops.eu\/de\/wp-json\/wp\/v2\/comments?post=982"}],"wp:featuredmedia":[{"embeddable":true,"href":"https:\/\/mysouldrops.eu\/de\/wp-json\/wp\/v2\/media\/3105"}],"wp:attachment":[{"href":"https:\/\/mysouldrops.eu\/de\/wp-json\/wp\/v2\/media?parent=982"}],"wp:term":[{"taxonomy":"product_brand","embeddable":true,"href":"https:\/\/mysouldrops.eu\/de\/wp-json\/wp\/v2\/product_brand?post=982"},{"taxonomy":"product_cat","embeddable":true,"href":"https:\/\/mysouldrops.eu\/de\/wp-json\/wp\/v2\/product_cat?post=982"},{"taxonomy":"product_tag","embeddable":true,"href":"https:\/\/mysouldrops.eu\/de\/wp-json\/wp\/v2\/product_tag?post=982"}],"curies":[{"name":"wp","href":"https:\/\/api.w.org\/{rel}","templated":true}]}}