{"id":991,"date":"2025-07-04T13:26:15","date_gmt":"2025-07-04T11:26:15","guid":{"rendered":"https:\/\/mysouldrops.eu\/?post_type=product&#038;p=991"},"modified":"2026-02-25T14:31:18","modified_gmt":"2026-02-25T13:31:18","slug":"souldrops-holdcsepp-geschirrspuler","status":"publish","type":"product","link":"https:\/\/mysouldrops.eu\/de\/termek\/souldrops-holdcsepp-mosogatoszer\/","title":{"rendered":"Souldrops Holddrop-Geschirrsp\u00fclmittel (750 ml)"},"content":{"rendered":"<p data-start=\"385\" data-end=\"875\">A <strong data-start=\"387\" data-end=\"432\">Souldrops Earth Drop Geschirrsp\u00fclmittel <\/strong>ist sowohl sanft als auch effizient, ideal f\u00fcr umweltbewusste Haushalte. Es enth\u00e4lt anionische und amphotere Tenside auf pflanzlicher Basis, die fettigen Schmutz schnell und gr\u00fcndlich entfernen und gleichzeitig die Haut und die Umwelt vor sch\u00e4dlichen Substanzen sch\u00fctzen. Seine aus Erd\u00f6l gewonnene, phosphor- und polymerfreie Formel wurde sorgf\u00e4ltig ausgew\u00e4hlt und mit einem nebelfreien Gr\u00fcnteeduft versehen, der den Abwasch zu einem erfrischenden Erlebnis macht.<\/p>\n<p data-start=\"877\" data-end=\"896\"><strong data-start=\"877\" data-end=\"896\">Wesentliche Merkmale:<\/strong><\/p>\n<ul>\n<li data-start=\"899\" data-end=\"946\">&lt; 5 % anionische und amphotere Tenside<\/li>\n<li data-start=\"899\" data-end=\"946\">Aroma: gr\u00fcner Tee<\/li>\n<li data-start=\"899\" data-end=\"946\">Konservierungsstoffe: Natriumbenzoat, Kaliumsorbat<\/li>\n<li data-start=\"899\" data-end=\"946\">Biologisch abbaubar, vegan, ohne Tierversuche<\/li>\n<\/ul>\n<p data-start=\"1074\" data-end=\"1100\"><strong data-start=\"1074\" data-end=\"1098\">Gebrauchsanweisung:<\/strong><\/p>\n<ul>\n<li data-start=\"1103\" data-end=\"1157\">Bei durchschnittlicher Verschmutzung: 2 ml Geschirrsp\u00fclmittel \/ 1 l Wasser<\/li>\n<li data-start=\"1103\" data-end=\"1157\">Bei starker Verschmutzung: 4 ml Geschirrsp\u00fclmittel \/ 1 l Wasser<\/li>\n<\/ul>\n<p data-start=\"1213\" data-end=\"1312\"><em>Die richtige Dosierung hilft, Wasser und Energie zu sparen und die Umweltbelastung zu verringern.<\/em><\/p>\n<p data-start=\"1314\" data-end=\"1341\"><strong data-start=\"1314\" data-end=\"1339\">Sicherheit und Lagerung:<\/strong><\/p>\n<ul>\n<li data-start=\"1344\" data-end=\"1376\">Au\u00dferhalb der Reichweite von Kindern aufbewahren.<\/li>\n<li data-start=\"1344\" data-end=\"1376\">Bei Ber\u00fchrung sofort mit viel Wasser absp\u00fclen.<\/li>\n<li data-start=\"1344\" data-end=\"1376\">Lagertemperatur: 5-25 \u00b0C<\/li>\n<li data-start=\"1344\" data-end=\"1376\">Die Verpackung besteht aus recycelbarem Kunststoff und sollte gem\u00e4\u00df den \u00f6rtlichen Abfallentsorgungsvorschriften entsorgt werden.<\/li>\n<\/ul>","protected":false},"excerpt":{"rendered":"<p>Ein wirksames Geschirrsp\u00fclmittel auf pflanzlicher Basis in 750 ml - eine erd\u00f6lfreie, biologisch abbaubare und nicht an Tieren getestete Formel mit einem dezenten Gr\u00fcnteeduft, der das umweltfreundliche Sp\u00fclerlebnis bewahrt.<\/p>","protected":false},"featured_media":2326,"comment_status":"open","ping_status":"closed","template":"","meta":[],"product_brand":[1377],"product_cat":[1383],"product_tag":[1479,1454,1471,1470,1474,1462,1461,1491,1516,1515,1519,1473,1497,1460,1468,1439,1500,1466,1518,1517],"class_list":{"0":"post-991","1":"product","2":"type-product","3":"status-publish","4":"has-post-thumbnail","6":"product_brand-souldrops","7":"product_cat-mosogatoszer","8":"product_tag-750ml","9":"product_tag-erzekeny-borre","10":"product_tag-okohatekony","11":"product_tag-borbarat","12":"product_tag-foszfatmentes","13":"product_tag-hipoallergen","14":"product_tag-holdcsepp","15":"product_tag-illatmentes","16":"product_tag-kezkimelo-mosogatoszer","17":"product_tag-kornyezetbarat-tisztitoszer","18":"product_tag-kornyezetkimelo-haztartas","19":"product_tag-klormentes","20":"product_tag-magyar-termek","21":"product_tag-mosogatoszer","22":"product_tag-sls-mentes","23":"product_tag-souldrops","24":"product_tag-termeszetes-osszetevok","25":"product_tag-vegan-termek","26":"product_tag-vegyszermentes","27":"product_tag-zsiroldo-hatas","29":"first","30":"instock","31":"taxable","32":"shipping-taxable","33":"product-type-simple"},"yoast_head":"<!-- This site is optimized with the Yoast SEO plugin v27.4 - https:\/\/yoast.com\/product\/yoast-seo-wordpress\/ -->\n<title>Souldrops Holdcsepp Mosogat\u00f3szer (750 ml) - Souldrops International<\/title>\n<meta name=\"description\" content=\"Hat\u00e9kony, n\u00f6v\u00e9nyi alap\u00fa mosogat\u00f3szer 750\u202fml kiszerel\u00e9sben \u2013 k\u0151olajmentes, biol\u00f3giailag leboml\u00f3 \u00e9s \u00e1llatk\u00eds\u00e9rlet-mentes formula, diszkr\u00e9t, z\u00f6ld tea illattal, amely megtartja a k\u00f6rnyezetbar\u00e1t mosogat\u00e1s \u00e9lm\u00e9ny\u00e9t.\" \/>\n<meta name=\"robots\" content=\"index, follow, max-snippet:-1, max-image-preview:large, max-video-preview:-1\" \/>\n<link rel=\"canonical\" href=\"https:\/\/mysouldrops.eu\/de\/produkt\/souldrops-holdcsepp-geschirrspuler\/\" \/>\n<meta property=\"og:locale\" content=\"de_DE\" \/>\n<meta property=\"og:type\" content=\"article\" \/>\n<meta property=\"og:title\" content=\"Souldrops Holdcsepp Mosogat\u00f3szer (750 ml) - Souldrops International\" \/>\n<meta property=\"og:description\" content=\"Hat\u00e9kony, n\u00f6v\u00e9nyi alap\u00fa mosogat\u00f3szer 750\u202fml kiszerel\u00e9sben \u2013 k\u0151olajmentes, biol\u00f3giailag leboml\u00f3 \u00e9s \u00e1llatk\u00eds\u00e9rlet-mentes formula, diszkr\u00e9t, z\u00f6ld tea illattal, amely megtartja a k\u00f6rnyezetbar\u00e1t mosogat\u00e1s \u00e9lm\u00e9ny\u00e9t.\" \/>\n<meta property=\"og:url\" content=\"https:\/\/mysouldrops.eu\/de\/produkt\/souldrops-holdcsepp-geschirrspuler\/\" \/>\n<meta property=\"og:site_name\" content=\"Souldrops International\" \/>\n<meta property=\"article:modified_time\" content=\"2026-02-25T13:31:18+00:00\" \/>\n<meta property=\"og:image\" content=\"https:\/\/mysouldrops.eu\/wp-content\/uploads\/2025\/09\/H075_REG-ECOLABEL_F-PAN317_SZ-PANBlack7_NINV_v6.png\" \/>\n\t<meta property=\"og:image:width\" content=\"3425\" \/>\n\t<meta property=\"og:image:height\" content=\"3425\" \/>\n\t<meta property=\"og:image:type\" content=\"image\/png\" \/>\n<meta name=\"twitter:card\" content=\"summary_large_image\" \/>\n<meta name=\"twitter:label1\" content=\"Gesch\u00e4tzte Lesezeit\" \/>\n\t<meta name=\"twitter:data1\" content=\"1\u00a0Minute\" \/>\n<script type=\"application\/ld+json\" class=\"yoast-schema-graph\">{\"@context\":\"https:\\\/\\\/schema.org\",\"@graph\":[{\"@type\":\"WebPage\",\"@id\":\"https:\\\/\\\/mysouldrops.eu\\\/termek\\\/souldrops-holdcsepp-mosogatoszer\\\/\",\"url\":\"https:\\\/\\\/mysouldrops.eu\\\/termek\\\/souldrops-holdcsepp-mosogatoszer\\\/\",\"name\":\"Souldrops Holdcsepp Mosogat\u00f3szer (750 ml) - Souldrops International\",\"isPartOf\":{\"@id\":\"https:\\\/\\\/mysouldrops.eu\\\/#website\"},\"primaryImageOfPage\":{\"@id\":\"https:\\\/\\\/mysouldrops.eu\\\/termek\\\/souldrops-holdcsepp-mosogatoszer\\\/#primaryimage\"},\"image\":{\"@id\":\"https:\\\/\\\/mysouldrops.eu\\\/termek\\\/souldrops-holdcsepp-mosogatoszer\\\/#primaryimage\"},\"thumbnailUrl\":\"https:\\\/\\\/mysouldrops.eu\\\/wp-content\\\/uploads\\\/2025\\\/09\\\/H075_REG-ECOLABEL_F-PAN317_SZ-PANBlack7_NINV_v6.png\",\"datePublished\":\"2025-07-04T11:26:15+00:00\",\"dateModified\":\"2026-02-25T13:31:18+00:00\",\"description\":\"Hat\u00e9kony, n\u00f6v\u00e9nyi alap\u00fa mosogat\u00f3szer 750\u202fml kiszerel\u00e9sben \u2013 k\u0151olajmentes, biol\u00f3giailag leboml\u00f3 \u00e9s \u00e1llatk\u00eds\u00e9rlet-mentes formula, diszkr\u00e9t, z\u00f6ld tea illattal, amely megtartja a k\u00f6rnyezetbar\u00e1t mosogat\u00e1s \u00e9lm\u00e9ny\u00e9t.\",\"breadcrumb\":{\"@id\":\"https:\\\/\\\/mysouldrops.eu\\\/termek\\\/souldrops-holdcsepp-mosogatoszer\\\/#breadcrumb\"},\"inLanguage\":\"de\",\"potentialAction\":[{\"@type\":\"ReadAction\",\"target\":[\"https:\\\/\\\/mysouldrops.eu\\\/termek\\\/souldrops-holdcsepp-mosogatoszer\\\/\"]}]},{\"@type\":\"ImageObject\",\"inLanguage\":\"de\",\"@id\":\"https:\\\/\\\/mysouldrops.eu\\\/termek\\\/souldrops-holdcsepp-mosogatoszer\\\/#primaryimage\",\"url\":\"https:\\\/\\\/mysouldrops.eu\\\/wp-content\\\/uploads\\\/2025\\\/09\\\/H075_REG-ECOLABEL_F-PAN317_SZ-PANBlack7_NINV_v6.png\",\"contentUrl\":\"https:\\\/\\\/mysouldrops.eu\\\/wp-content\\\/uploads\\\/2025\\\/09\\\/H075_REG-ECOLABEL_F-PAN317_SZ-PANBlack7_NINV_v6.png\",\"width\":3425,\"height\":3425},{\"@type\":\"BreadcrumbList\",\"@id\":\"https:\\\/\\\/mysouldrops.eu\\\/termek\\\/souldrops-holdcsepp-mosogatoszer\\\/#breadcrumb\",\"itemListElement\":[{\"@type\":\"ListItem\",\"position\":1,\"name\":\"Kezd\u0151lap\",\"item\":\"https:\\\/\\\/mysouldrops.eu\\\/\"},{\"@type\":\"ListItem\",\"position\":2,\"name\":\"Shop\",\"item\":\"https:\\\/\\\/mysouldrops.eu\\\/uzlet\\\/\"},{\"@type\":\"ListItem\",\"position\":3,\"name\":\"Souldrops Holdcsepp Mosogat\u00f3szer (750 ml)\"}]},{\"@type\":\"WebSite\",\"@id\":\"https:\\\/\\\/mysouldrops.eu\\\/#website\",\"url\":\"https:\\\/\\\/mysouldrops.eu\\\/\",\"name\":\"Souldrops International\",\"description\":\"A Souldrops egy k\u00f6rnyezettudatos tiszt\u00edt\u00f3szerm\u00e1rka, amely term\u00e9szetes \u00f6sszetev\u0151kkel \u00e9s st\u00edlusos szeml\u00e9lettel teszi tiszt\u00e1bb\u00e1 a vil\u00e1got \u2013 k\u00edv\u00fcl \u00e9s bel\u00fcl\",\"potentialAction\":[{\"@type\":\"SearchAction\",\"target\":{\"@type\":\"EntryPoint\",\"urlTemplate\":\"https:\\\/\\\/mysouldrops.eu\\\/?s={search_term_string}\"},\"query-input\":{\"@type\":\"PropertyValueSpecification\",\"valueRequired\":true,\"valueName\":\"search_term_string\"}}],\"inLanguage\":\"de\"}]}<\/script>\n<!-- \/ Yoast SEO plugin. -->","yoast_head_json":{"title":"Souldrops Holddrop-Geschirrsp\u00fclmittel (750 ml) - Souldrops International","description":"Ein wirksames Geschirrsp\u00fclmittel auf pflanzlicher Basis in 750 ml - eine erd\u00f6lfreie, biologisch abbaubare und nicht an Tieren getestete Formel mit einem dezenten Gr\u00fcnteeduft, der das umweltfreundliche Sp\u00fclerlebnis bewahrt.","robots":{"index":"index","follow":"follow","max-snippet":"max-snippet:-1","max-image-preview":"max-image-preview:large","max-video-preview":"max-video-preview:-1"},"canonical":"https:\/\/mysouldrops.eu\/de\/produkt\/souldrops-holdcsepp-geschirrspuler\/","og_locale":"de_DE","og_type":"article","og_title":"Souldrops Holdcsepp Mosogat\u00f3szer (750 ml) - Souldrops International","og_description":"Hat\u00e9kony, n\u00f6v\u00e9nyi alap\u00fa mosogat\u00f3szer 750\u202fml kiszerel\u00e9sben \u2013 k\u0151olajmentes, biol\u00f3giailag leboml\u00f3 \u00e9s \u00e1llatk\u00eds\u00e9rlet-mentes formula, diszkr\u00e9t, z\u00f6ld tea illattal, amely megtartja a k\u00f6rnyezetbar\u00e1t mosogat\u00e1s \u00e9lm\u00e9ny\u00e9t.","og_url":"https:\/\/mysouldrops.eu\/de\/produkt\/souldrops-holdcsepp-geschirrspuler\/","og_site_name":"Souldrops International","article_modified_time":"2026-02-25T13:31:18+00:00","og_image":[{"width":3425,"height":3425,"url":"https:\/\/mysouldrops.eu\/wp-content\/uploads\/2025\/09\/H075_REG-ECOLABEL_F-PAN317_SZ-PANBlack7_NINV_v6.png","type":"image\/png"}],"twitter_card":"summary_large_image","twitter_misc":{"Gesch\u00e4tzte Lesezeit":"1\u00a0Minute"},"schema":{"@context":"https:\/\/schema.org","@graph":[{"@type":"WebPage","@id":"https:\/\/mysouldrops.eu\/termek\/souldrops-holdcsepp-mosogatoszer\/","url":"https:\/\/mysouldrops.eu\/termek\/souldrops-holdcsepp-mosogatoszer\/","name":"Souldrops Holddrop-Geschirrsp\u00fclmittel (750 ml) - Souldrops International","isPartOf":{"@id":"https:\/\/mysouldrops.eu\/#website"},"primaryImageOfPage":{"@id":"https:\/\/mysouldrops.eu\/termek\/souldrops-holdcsepp-mosogatoszer\/#primaryimage"},"image":{"@id":"https:\/\/mysouldrops.eu\/termek\/souldrops-holdcsepp-mosogatoszer\/#primaryimage"},"thumbnailUrl":"https:\/\/mysouldrops.eu\/wp-content\/uploads\/2025\/09\/H075_REG-ECOLABEL_F-PAN317_SZ-PANBlack7_NINV_v6.png","datePublished":"2025-07-04T11:26:15+00:00","dateModified":"2026-02-25T13:31:18+00:00","description":"Ein wirksames Geschirrsp\u00fclmittel auf pflanzlicher Basis in 750 ml - eine erd\u00f6lfreie, biologisch abbaubare und nicht an Tieren getestete Formel mit einem dezenten Gr\u00fcnteeduft, der das umweltfreundliche Sp\u00fclerlebnis bewahrt.","breadcrumb":{"@id":"https:\/\/mysouldrops.eu\/termek\/souldrops-holdcsepp-mosogatoszer\/#breadcrumb"},"inLanguage":"de","potentialAction":[{"@type":"ReadAction","target":["https:\/\/mysouldrops.eu\/termek\/souldrops-holdcsepp-mosogatoszer\/"]}]},{"@type":"ImageObject","inLanguage":"de","@id":"https:\/\/mysouldrops.eu\/termek\/souldrops-holdcsepp-mosogatoszer\/#primaryimage","url":"https:\/\/mysouldrops.eu\/wp-content\/uploads\/2025\/09\/H075_REG-ECOLABEL_F-PAN317_SZ-PANBlack7_NINV_v6.png","contentUrl":"https:\/\/mysouldrops.eu\/wp-content\/uploads\/2025\/09\/H075_REG-ECOLABEL_F-PAN317_SZ-PANBlack7_NINV_v6.png","width":3425,"height":3425},{"@type":"BreadcrumbList","@id":"https:\/\/mysouldrops.eu\/termek\/souldrops-holdcsepp-mosogatoszer\/#breadcrumb","itemListElement":[{"@type":"ListItem","position":1,"name":"Kezd\u0151lap","item":"https:\/\/mysouldrops.eu\/"},{"@type":"ListItem","position":2,"name":"Shop","item":"https:\/\/mysouldrops.eu\/uzlet\/"},{"@type":"ListItem","position":3,"name":"Souldrops Holdcsepp Mosogat\u00f3szer (750 ml)"}]},{"@type":"WebSite","@id":"https:\/\/mysouldrops.eu\/#website","url":"https:\/\/mysouldrops.eu\/","name":"Souldrops International","description":"Souldrops ist eine umweltbewusste Reinigungsmarke, die nat\u00fcrliche Inhaltsstoffe und einen stilvollen Ansatz verwendet, um die Welt sauberer zu machen - innen und au\u00dfen.","potentialAction":[{"@type":"SearchAction","target":{"@type":"EntryPoint","urlTemplate":"https:\/\/mysouldrops.eu\/?s={search_term_string}"},"query-input":{"@type":"PropertyValueSpecification","valueRequired":true,"valueName":"search_term_string"}}],"inLanguage":"de"}]}},"jetpack_likes_enabled":true,"jetpack_sharing_enabled":true,"_links":{"self":[{"href":"https:\/\/mysouldrops.eu\/de\/wp-json\/wp\/v2\/product\/991","targetHints":{"allow":["GET"]}}],"collection":[{"href":"https:\/\/mysouldrops.eu\/de\/wp-json\/wp\/v2\/product"}],"about":[{"href":"https:\/\/mysouldrops.eu\/de\/wp-json\/wp\/v2\/types\/product"}],"replies":[{"embeddable":true,"href":"https:\/\/mysouldrops.eu\/de\/wp-json\/wp\/v2\/comments?post=991"}],"wp:featuredmedia":[{"embeddable":true,"href":"https:\/\/mysouldrops.eu\/de\/wp-json\/wp\/v2\/media\/2326"}],"wp:attachment":[{"href":"https:\/\/mysouldrops.eu\/de\/wp-json\/wp\/v2\/media?parent=991"}],"wp:term":[{"taxonomy":"product_brand","embeddable":true,"href":"https:\/\/mysouldrops.eu\/de\/wp-json\/wp\/v2\/product_brand?post=991"},{"taxonomy":"product_cat","embeddable":true,"href":"https:\/\/mysouldrops.eu\/de\/wp-json\/wp\/v2\/product_cat?post=991"},{"taxonomy":"product_tag","embeddable":true,"href":"https:\/\/mysouldrops.eu\/de\/wp-json\/wp\/v2\/product_tag?post=991"}],"curies":[{"name":"wp","href":"https:\/\/api.w.org\/{rel}","templated":true}]}}