{"id":1007,"date":"2025-07-04T14:23:26","date_gmt":"2025-07-04T12:23:26","guid":{"rendered":"https:\/\/mysouldrops.eu\/?post_type=product&#038;p=1007"},"modified":"2025-12-01T10:52:31","modified_gmt":"2025-12-01T09:52:31","slug":"souldrops-baby-drop-hypoallergenic-sensitive-wash-gel-for-baby-clothes","status":"publish","type":"product","link":"https:\/\/mysouldrops.eu\/en\/termek\/souldrops-baby-drop-hipoallergen-szenzitiv-mosogel-babaruhakhoz\/","title":{"rendered":"Souldrops baby drop hypoallergenic-sensitive washing gel for baby clothes (1000 ml)"},"content":{"rendered":"<p><strong>The ideal choice if you are looking for a clean and natural solution for your baby's clothes! The Souldrops Baby Washing Gel:<\/strong><\/p>\n<p>Gentle yet effective formula - contains sugar-based surfactants that deep clean at low temperatures of 20\u00b0C.<br \/>\nHypoallergenic and vegan, SLS\/SLES, fragrance-free, chlorine-free and phosphate-free - serious consideration for sensitive skin.<br \/>\nEnvironmentally friendly packaging - recycled HDPE plastic liner and biodegradable ingredients.<br \/>\nSafety certifications - dermatologically tested, ECOGARANTIE, European Vegan Society certified.<\/p>\n<p><strong>Instructions for use<\/strong><\/p>\n<ul>\n<li>Load it into the dispenser compartment of the washing machine or directly onto the clothes.<\/li>\n<li>Use about 50 ml (1 capful) for a medium wash (4-5 kg).<\/li>\n<li>Cold or moderate (20-40 \u00b0C) washing is recommended for delicate garments.<\/li>\n<li>For handwashing, 1 capful of gel is enough for about 10 litres of water.<\/li>\n<\/ul>\n<p><strong>Sustainability features<\/strong><\/p>\n<ul>\n<li>Sugar-based natural surfactants, plant enzymes and water solution-based formula.<\/li>\n<li>No SLS\/SLES, phosphates, chlorine or artificial fragrances - gentle on the skin and the environment.<\/li>\n<li>Vegan and cruelty-free, the ingredients are EWG certified.<\/li>\n<\/ul>","protected":false},"excerpt":{"rendered":"<p>&nbsp;<\/p>\n<p>Gentle, vegan and environmentally friendly baby wash gel for baby clothes - cleans effectively while protecting sensitive skin. Chlorine-, SLS- and fragrance-free formula in recycled packaging.<\/p>","protected":false},"featured_media":82,"comment_status":"open","ping_status":"closed","template":"","meta":[],"product_brand":[1377],"product_cat":[1378,1385],"product_tag":[1479,1454,1480,1471,1477,1467,1463,1470,1475,1476,1474,1462,1469,1465,1473,1472,1468,1478,1464,1466],"class_list":{"0":"post-1007","1":"product","2":"type-product","3":"status-publish","4":"has-post-thumbnail","6":"product_brand-souldrops","7":"product_cat-mosogel","8":"product_cat-souldrops-baby","9":"product_tag-750ml","10":"product_tag-erzekeny-borre","11":"product_tag-erzekeny-textiliakhoz","12":"product_tag-okohatekony","13":"product_tag-ujrahasznositott-csomagolas","14":"product_tag-baba-mosogel","15":"product_tag-babamososzer","16":"product_tag-borbarat","17":"product_tag-cruelty-free","18":"product_tag-eco-mososzer","19":"product_tag-foszfatmentes","20":"product_tag-hipoallergen","21":"product_tag-illatanyagmentes","22":"product_tag-kornyezetbarat","23":"product_tag-klormentes","24":"product_tag-mosogel-babaknak","25":"product_tag-sls-mentes","26":"product_tag-souldrops-baby","27":"product_tag-termeszetes-mososzer","28":"product_tag-vegan-termek","30":"first","31":"instock","32":"taxable","33":"shipping-taxable","34":"product-type-simple"},"yoast_head":"<!-- This site is optimized with the Yoast SEO plugin v27.4 - https:\/\/yoast.com\/product\/yoast-seo-wordpress\/ -->\n<title>Souldrops baby drop hipoallerg\u00e9n-szenzit\u00edv mos\u00f3g\u00e9l babaruh\u00e1khoz (1000 ml) - Souldrops International<\/title>\n<meta name=\"description\" content=\"Hat\u00e9kony, n\u00f6v\u00e9nyi alap\u00fa mosogat\u00f3szer 750\u202fml kiszerel\u00e9sben \u2013 k\u0151olajmentes, biol\u00f3giailag leboml\u00f3 \u00e9s \u00e1llatk\u00eds\u00e9rlet-mentes formula, diszkr\u00e9t, z\u00f6ld tea illattal, amely megtartja a k\u00f6rnyezetbar\u00e1t mosogat\u00e1s \u00e9lm\u00e9ny\u00e9t.\" \/>\n<meta name=\"robots\" content=\"index, follow, max-snippet:-1, max-image-preview:large, max-video-preview:-1\" \/>\n<link rel=\"canonical\" href=\"https:\/\/mysouldrops.eu\/en\/product\/souldrops-baby-drop-hypoallergenic-sensitive-wash-gel-for-baby-clothes\/\" \/>\n<meta property=\"og:locale\" content=\"en_GB\" \/>\n<meta property=\"og:type\" content=\"article\" \/>\n<meta property=\"og:title\" content=\"Souldrops baby drop hipoallerg\u00e9n-szenzit\u00edv mos\u00f3g\u00e9l babaruh\u00e1khoz (1000 ml) - Souldrops International\" \/>\n<meta property=\"og:description\" content=\"Hat\u00e9kony, n\u00f6v\u00e9nyi alap\u00fa mosogat\u00f3szer 750\u202fml kiszerel\u00e9sben \u2013 k\u0151olajmentes, biol\u00f3giailag leboml\u00f3 \u00e9s \u00e1llatk\u00eds\u00e9rlet-mentes formula, diszkr\u00e9t, z\u00f6ld tea illattal, amely megtartja a k\u00f6rnyezetbar\u00e1t mosogat\u00e1s \u00e9lm\u00e9ny\u00e9t.\" \/>\n<meta property=\"og:url\" content=\"https:\/\/mysouldrops.eu\/en\/product\/souldrops-baby-drop-hypoallergenic-sensitive-wash-gel-for-baby-clothes\/\" \/>\n<meta property=\"og:site_name\" content=\"Souldrops International\" \/>\n<meta property=\"article:modified_time\" content=\"2025-12-01T09:52:31+00:00\" \/>\n<meta property=\"og:image\" content=\"https:\/\/mysouldrops.eu\/wp-content\/uploads\/2025\/06\/BG10_REG_-F-PAN636_SZ-PAN2736-_NINV_v4.png\" \/>\n\t<meta property=\"og:image:width\" content=\"2000\" \/>\n\t<meta property=\"og:image:height\" content=\"2000\" \/>\n\t<meta property=\"og:image:type\" content=\"image\/png\" \/>\n<meta name=\"twitter:card\" content=\"summary_large_image\" \/>\n<meta name=\"twitter:label1\" content=\"Estimated reading time\" \/>\n\t<meta name=\"twitter:data1\" content=\"1 minute\" \/>\n<script type=\"application\/ld+json\" class=\"yoast-schema-graph\">{\"@context\":\"https:\\\/\\\/schema.org\",\"@graph\":[{\"@type\":\"WebPage\",\"@id\":\"https:\\\/\\\/mysouldrops.eu\\\/termek\\\/souldrops-baby-drop-hipoallergen-szenzitiv-mosogel-babaruhakhoz\\\/\",\"url\":\"https:\\\/\\\/mysouldrops.eu\\\/termek\\\/souldrops-baby-drop-hipoallergen-szenzitiv-mosogel-babaruhakhoz\\\/\",\"name\":\"Souldrops baby drop hipoallerg\u00e9n-szenzit\u00edv mos\u00f3g\u00e9l babaruh\u00e1khoz (1000 ml) - Souldrops International\",\"isPartOf\":{\"@id\":\"https:\\\/\\\/mysouldrops.eu\\\/#website\"},\"primaryImageOfPage\":{\"@id\":\"https:\\\/\\\/mysouldrops.eu\\\/termek\\\/souldrops-baby-drop-hipoallergen-szenzitiv-mosogel-babaruhakhoz\\\/#primaryimage\"},\"image\":{\"@id\":\"https:\\\/\\\/mysouldrops.eu\\\/termek\\\/souldrops-baby-drop-hipoallergen-szenzitiv-mosogel-babaruhakhoz\\\/#primaryimage\"},\"thumbnailUrl\":\"https:\\\/\\\/mysouldrops.eu\\\/wp-content\\\/uploads\\\/2025\\\/06\\\/BG10_REG_-F-PAN636_SZ-PAN2736-_NINV_v4.png\",\"datePublished\":\"2025-07-04T12:23:26+00:00\",\"dateModified\":\"2025-12-01T09:52:31+00:00\",\"description\":\"Hat\u00e9kony, n\u00f6v\u00e9nyi alap\u00fa mosogat\u00f3szer 750\u202fml kiszerel\u00e9sben \u2013 k\u0151olajmentes, biol\u00f3giailag leboml\u00f3 \u00e9s \u00e1llatk\u00eds\u00e9rlet-mentes formula, diszkr\u00e9t, z\u00f6ld tea illattal, amely megtartja a k\u00f6rnyezetbar\u00e1t mosogat\u00e1s \u00e9lm\u00e9ny\u00e9t.\",\"breadcrumb\":{\"@id\":\"https:\\\/\\\/mysouldrops.eu\\\/termek\\\/souldrops-baby-drop-hipoallergen-szenzitiv-mosogel-babaruhakhoz\\\/#breadcrumb\"},\"inLanguage\":\"en-GB\",\"potentialAction\":[{\"@type\":\"ReadAction\",\"target\":[\"https:\\\/\\\/mysouldrops.eu\\\/termek\\\/souldrops-baby-drop-hipoallergen-szenzitiv-mosogel-babaruhakhoz\\\/\"]}]},{\"@type\":\"ImageObject\",\"inLanguage\":\"en-GB\",\"@id\":\"https:\\\/\\\/mysouldrops.eu\\\/termek\\\/souldrops-baby-drop-hipoallergen-szenzitiv-mosogel-babaruhakhoz\\\/#primaryimage\",\"url\":\"https:\\\/\\\/mysouldrops.eu\\\/wp-content\\\/uploads\\\/2025\\\/06\\\/BG10_REG_-F-PAN636_SZ-PAN2736-_NINV_v4.png\",\"contentUrl\":\"https:\\\/\\\/mysouldrops.eu\\\/wp-content\\\/uploads\\\/2025\\\/06\\\/BG10_REG_-F-PAN636_SZ-PAN2736-_NINV_v4.png\",\"width\":2000,\"height\":2000},{\"@type\":\"BreadcrumbList\",\"@id\":\"https:\\\/\\\/mysouldrops.eu\\\/termek\\\/souldrops-baby-drop-hipoallergen-szenzitiv-mosogel-babaruhakhoz\\\/#breadcrumb\",\"itemListElement\":[{\"@type\":\"ListItem\",\"position\":1,\"name\":\"Kezd\u0151lap\",\"item\":\"https:\\\/\\\/mysouldrops.eu\\\/\"},{\"@type\":\"ListItem\",\"position\":2,\"name\":\"Shop\",\"item\":\"https:\\\/\\\/mysouldrops.eu\\\/uzlet\\\/\"},{\"@type\":\"ListItem\",\"position\":3,\"name\":\"Souldrops baby drop hipoallerg\u00e9n-szenzit\u00edv mos\u00f3g\u00e9l babaruh\u00e1khoz (1000 ml)\"}]},{\"@type\":\"WebSite\",\"@id\":\"https:\\\/\\\/mysouldrops.eu\\\/#website\",\"url\":\"https:\\\/\\\/mysouldrops.eu\\\/\",\"name\":\"Souldrops International\",\"description\":\"A Souldrops egy k\u00f6rnyezettudatos tiszt\u00edt\u00f3szerm\u00e1rka, amely term\u00e9szetes \u00f6sszetev\u0151kkel \u00e9s st\u00edlusos szeml\u00e9lettel teszi tiszt\u00e1bb\u00e1 a vil\u00e1got \u2013 k\u00edv\u00fcl \u00e9s bel\u00fcl\",\"potentialAction\":[{\"@type\":\"SearchAction\",\"target\":{\"@type\":\"EntryPoint\",\"urlTemplate\":\"https:\\\/\\\/mysouldrops.eu\\\/?s={search_term_string}\"},\"query-input\":{\"@type\":\"PropertyValueSpecification\",\"valueRequired\":true,\"valueName\":\"search_term_string\"}}],\"inLanguage\":\"en-GB\"}]}<\/script>\n<!-- \/ Yoast SEO plugin. -->","yoast_head_json":{"title":"Souldrops baby drop hypoallergenic-sensitive washing gel for baby clothes (1000 ml) - Souldrops International","description":"An effective, plant-based dishwashing detergent in 750 ml - petroleum-free, biodegradable and non-animal-tested formula with a discreet green tea fragrance that retains the eco-friendly dishwashing experience.","robots":{"index":"index","follow":"follow","max-snippet":"max-snippet:-1","max-image-preview":"max-image-preview:large","max-video-preview":"max-video-preview:-1"},"canonical":"https:\/\/mysouldrops.eu\/en\/product\/souldrops-baby-drop-hypoallergenic-sensitive-wash-gel-for-baby-clothes\/","og_locale":"en_GB","og_type":"article","og_title":"Souldrops baby drop hipoallerg\u00e9n-szenzit\u00edv mos\u00f3g\u00e9l babaruh\u00e1khoz (1000 ml) - Souldrops International","og_description":"Hat\u00e9kony, n\u00f6v\u00e9nyi alap\u00fa mosogat\u00f3szer 750\u202fml kiszerel\u00e9sben \u2013 k\u0151olajmentes, biol\u00f3giailag leboml\u00f3 \u00e9s \u00e1llatk\u00eds\u00e9rlet-mentes formula, diszkr\u00e9t, z\u00f6ld tea illattal, amely megtartja a k\u00f6rnyezetbar\u00e1t mosogat\u00e1s \u00e9lm\u00e9ny\u00e9t.","og_url":"https:\/\/mysouldrops.eu\/en\/product\/souldrops-baby-drop-hypoallergenic-sensitive-wash-gel-for-baby-clothes\/","og_site_name":"Souldrops International","article_modified_time":"2025-12-01T09:52:31+00:00","og_image":[{"width":2000,"height":2000,"url":"https:\/\/mysouldrops.eu\/wp-content\/uploads\/2025\/06\/BG10_REG_-F-PAN636_SZ-PAN2736-_NINV_v4.png","type":"image\/png"}],"twitter_card":"summary_large_image","twitter_misc":{"Estimated reading time":"1 minute"},"schema":{"@context":"https:\/\/schema.org","@graph":[{"@type":"WebPage","@id":"https:\/\/mysouldrops.eu\/termek\/souldrops-baby-drop-hipoallergen-szenzitiv-mosogel-babaruhakhoz\/","url":"https:\/\/mysouldrops.eu\/termek\/souldrops-baby-drop-hipoallergen-szenzitiv-mosogel-babaruhakhoz\/","name":"Souldrops baby drop hypoallergenic-sensitive washing gel for baby clothes (1000 ml) - Souldrops International","isPartOf":{"@id":"https:\/\/mysouldrops.eu\/#website"},"primaryImageOfPage":{"@id":"https:\/\/mysouldrops.eu\/termek\/souldrops-baby-drop-hipoallergen-szenzitiv-mosogel-babaruhakhoz\/#primaryimage"},"image":{"@id":"https:\/\/mysouldrops.eu\/termek\/souldrops-baby-drop-hipoallergen-szenzitiv-mosogel-babaruhakhoz\/#primaryimage"},"thumbnailUrl":"https:\/\/mysouldrops.eu\/wp-content\/uploads\/2025\/06\/BG10_REG_-F-PAN636_SZ-PAN2736-_NINV_v4.png","datePublished":"2025-07-04T12:23:26+00:00","dateModified":"2025-12-01T09:52:31+00:00","description":"An effective, plant-based dishwashing detergent in 750 ml - petroleum-free, biodegradable and non-animal-tested formula with a discreet green tea fragrance that retains the eco-friendly dishwashing experience.","breadcrumb":{"@id":"https:\/\/mysouldrops.eu\/termek\/souldrops-baby-drop-hipoallergen-szenzitiv-mosogel-babaruhakhoz\/#breadcrumb"},"inLanguage":"en-GB","potentialAction":[{"@type":"ReadAction","target":["https:\/\/mysouldrops.eu\/termek\/souldrops-baby-drop-hipoallergen-szenzitiv-mosogel-babaruhakhoz\/"]}]},{"@type":"ImageObject","inLanguage":"en-GB","@id":"https:\/\/mysouldrops.eu\/termek\/souldrops-baby-drop-hipoallergen-szenzitiv-mosogel-babaruhakhoz\/#primaryimage","url":"https:\/\/mysouldrops.eu\/wp-content\/uploads\/2025\/06\/BG10_REG_-F-PAN636_SZ-PAN2736-_NINV_v4.png","contentUrl":"https:\/\/mysouldrops.eu\/wp-content\/uploads\/2025\/06\/BG10_REG_-F-PAN636_SZ-PAN2736-_NINV_v4.png","width":2000,"height":2000},{"@type":"BreadcrumbList","@id":"https:\/\/mysouldrops.eu\/termek\/souldrops-baby-drop-hipoallergen-szenzitiv-mosogel-babaruhakhoz\/#breadcrumb","itemListElement":[{"@type":"ListItem","position":1,"name":"Kezd\u0151lap","item":"https:\/\/mysouldrops.eu\/"},{"@type":"ListItem","position":2,"name":"Shop","item":"https:\/\/mysouldrops.eu\/uzlet\/"},{"@type":"ListItem","position":3,"name":"Souldrops baby drop hipoallerg\u00e9n-szenzit\u00edv mos\u00f3g\u00e9l babaruh\u00e1khoz (1000 ml)"}]},{"@type":"WebSite","@id":"https:\/\/mysouldrops.eu\/#website","url":"https:\/\/mysouldrops.eu\/","name":"Souldrops International","description":"Souldrops is an eco-conscious cleaning brand that uses natural ingredients and a stylish approach to make the world a cleaner place - inside and out","potentialAction":[{"@type":"SearchAction","target":{"@type":"EntryPoint","urlTemplate":"https:\/\/mysouldrops.eu\/?s={search_term_string}"},"query-input":{"@type":"PropertyValueSpecification","valueRequired":true,"valueName":"search_term_string"}}],"inLanguage":"en-GB"}]}},"jetpack_likes_enabled":true,"jetpack_sharing_enabled":true,"_links":{"self":[{"href":"https:\/\/mysouldrops.eu\/en\/wp-json\/wp\/v2\/product\/1007","targetHints":{"allow":["GET"]}}],"collection":[{"href":"https:\/\/mysouldrops.eu\/en\/wp-json\/wp\/v2\/product"}],"about":[{"href":"https:\/\/mysouldrops.eu\/en\/wp-json\/wp\/v2\/types\/product"}],"replies":[{"embeddable":true,"href":"https:\/\/mysouldrops.eu\/en\/wp-json\/wp\/v2\/comments?post=1007"}],"wp:featuredmedia":[{"embeddable":true,"href":"https:\/\/mysouldrops.eu\/en\/wp-json\/wp\/v2\/media\/82"}],"wp:attachment":[{"href":"https:\/\/mysouldrops.eu\/en\/wp-json\/wp\/v2\/media?parent=1007"}],"wp:term":[{"taxonomy":"product_brand","embeddable":true,"href":"https:\/\/mysouldrops.eu\/en\/wp-json\/wp\/v2\/product_brand?post=1007"},{"taxonomy":"product_cat","embeddable":true,"href":"https:\/\/mysouldrops.eu\/en\/wp-json\/wp\/v2\/product_cat?post=1007"},{"taxonomy":"product_tag","embeddable":true,"href":"https:\/\/mysouldrops.eu\/en\/wp-json\/wp\/v2\/product_tag?post=1007"}],"curies":[{"name":"wp","href":"https:\/\/api.w.org\/{rel}","templated":true}]}}