{"id":1084,"date":"2025-07-13T19:58:10","date_gmt":"2025-07-13T17:58:10","guid":{"rendered":"https:\/\/mysouldrops.eu\/?post_type=product&#038;p=1084"},"modified":"2026-02-25T14:03:15","modified_gmt":"2026-02-25T13:03:15","slug":"souldrops-balsamo-jabon-oblito-1000-ml","status":"publish","type":"product","link":"https:\/\/mysouldrops.eu\/es\/termek\/souldrops-balzsamcsepp-oblito-1000-ml\/","title":{"rendered":"Souldrops B\u00e1lsamo Gotas Enjuague (1000 ml)"},"content":{"rendered":"<p data-start=\"580\" data-end=\"880\">A <strong data-start=\"582\" data-end=\"615\">Souldrops B\u00e1lsamo Gotas Enjuague<\/strong> evoca la esencia de la frescura y la pureza, logrando el equilibrio perfecto entre suavidad natural y pureza elegante. El sedoso aroma de las flores de algod\u00f3n evoca la sensaci\u00f3n de una soleada y ventosa tarde de verano.<\/p>\n<p data-start=\"882\" data-end=\"1182\">La fragancia se abre con tonos ligeros y vaporosos de lino reci\u00e9n lavado, suavizados por un trasfondo ligeramente dulce y empolvado. En el coraz\u00f3n de la composici\u00f3n, se despliegan discretas notas florales que se mezclan armoniosamente con la aterciopelada fragancia del algod\u00f3n, manteniendo su car\u00e1cter fresco y limpio.<\/p>\n<p data-start=\"1184\" data-end=\"1376\">Este aclarado no es ostentoso: su nube de fragancia es limpia, flota delicadamente y es duradera. Deja los tejidos con un soplo de sol primaveral y brisa fresca despu\u00e9s de cada lavado.<\/p>\n<p data-start=\"1378\" data-end=\"1392\"><strong data-start=\"1378\" data-end=\"1390\">Ventajas:<\/strong><\/p>\n<ul data-start=\"1393\" data-end=\"1625\">\n<li data-start=\"1393\" data-end=\"1449\">\n<p data-start=\"1395\" data-end=\"1449\">Composici\u00f3n de fragancia suavemente empolvada, floral-algodonosa<\/p>\n<\/li>\n<li data-start=\"1450\" data-end=\"1488\">\n<p data-start=\"1452\" data-end=\"1488\">Frescor duradero en la ropa<\/p>\n<\/li>\n<li data-start=\"1489\" data-end=\"1538\">\n<p data-start=\"1491\" data-end=\"1538\">Suavidad natural y fragancia sofisticada<\/p>\n<\/li>\n<li data-start=\"1539\" data-end=\"1581\">\n<p data-start=\"1541\" data-end=\"1581\">F\u00f3rmula suave para pieles sensibles<\/p>\n<\/li>\n<li data-start=\"1582\" data-end=\"1625\">\n<p data-start=\"1584\" data-end=\"1625\">Preservar la suavidad y el color de la ropa<\/p>\n<\/li>\n<\/ul>\n<p>&nbsp;<\/p>\n<div class=\"_tableContainer_16hzy_1\">\n<div class=\"_tableWrapper_16hzy_14 group flex w-fit flex-col-reverse\" tabindex=\"-1\">\n<table class=\"w-fit min-w-(--thread-content-width)\" data-start=\"212\" data-end=\"619\">\n<thead data-start=\"212\" data-end=\"291\">\n<tr data-start=\"212\" data-end=\"291\">\n<th data-start=\"212\" data-end=\"235\" data-col-size=\"sm\">C\u00f3mo utilizarlo<\/th>\n<th data-start=\"235\" data-end=\"266\" data-col-size=\"sm\">Cantidad de ropa \/ Cantidad de agua<\/th>\n<th data-start=\"266\" data-end=\"291\" data-col-size=\"sm\">Dosis recomendada<\/th>\n<\/tr>\n<\/thead>\n<tbody data-start=\"374\" data-end=\"619\">\n<tr data-start=\"374\" data-end=\"455\">\n<td data-start=\"374\" data-end=\"397\" data-col-size=\"sm\"><strong data-start=\"376\" data-end=\"390\">Lavado a m\u00e1quina<\/strong><\/td>\n<td data-col-size=\"sm\" data-start=\"397\" data-end=\"429\">para 4-5 kg de ropa<\/td>\n<td data-col-size=\"sm\" data-start=\"429\" data-end=\"455\">1-2 tapones (25-50 ml)<\/td>\n<\/tr>\n<tr data-start=\"456\" data-end=\"537\">\n<td data-start=\"456\" data-end=\"479\" data-col-size=\"sm\"><strong data-start=\"458\" data-end=\"472\">Lavado a m\u00e1quina<\/strong><\/td>\n<td data-col-size=\"sm\" data-start=\"479\" data-end=\"511\">para 7-9 kg de ropa<\/td>\n<td data-col-size=\"sm\" data-start=\"511\" data-end=\"537\">3-4 tapones (75-100 ml)<\/td>\n<\/tr>\n<tr data-start=\"538\" data-end=\"619\">\n<td data-start=\"538\" data-end=\"561\" data-col-size=\"sm\"><strong data-start=\"540\" data-end=\"554\">Lavado de manos<\/strong><\/td>\n<td data-col-size=\"sm\" data-start=\"561\" data-end=\"593\">10 l de agua<\/td>\n<td data-col-size=\"sm\" data-start=\"593\" data-end=\"619\">2 tapones (50 ml)<\/td>\n<\/tr>\n<\/tbody>\n<\/table>\n<\/div>\n<\/div>\n<p>&nbsp;<\/p>\n<p>A <strong data-start=\"1717\" data-end=\"1750\">Souldrops B\u00e1lsamo Gotas Enjuague<\/strong> ideal para quienes desean aportar frescor natural a su hogar de forma elegante y armoniosa.<\/p>","protected":false},"excerpt":{"rendered":"<p>A <strong data-start=\"181\" data-end=\"214\">Souldrops B\u00e1lsamo Gotas Enjuague<\/strong> ofrece un elegante equilibrio de frescor y pureza. Su fragancia floral discreta y suavemente empolvada, que recuerda a las flores de algod\u00f3n, aporta un frescor sutil y duradero a los tejidos, de forma natural y sofisticada.<\/p>","protected":false},"featured_media":3095,"comment_status":"open","ping_status":"closed","template":"","meta":[],"product_brand":[1377],"product_cat":[1382],"product_tag":[1503,1496,1454,1446,1502,1471,1445,1470,1474,1505,1506,1501,1465,1473,1504,1497,1447,1468,1439,1500,1499,1466],"class_list":{"0":"post-1084","1":"product","2":"type-product","3":"status-publish","4":"has-post-thumbnail","6":"product_brand-souldrops","7":"product_cat-oblito","8":"product_tag-1000ml","9":"product_tag-allergiabarat","10":"product_tag-erzekeny-borre","11":"product_tag-oblito","12":"product_tag-oko-textiloblito","13":"product_tag-okohatekony","14":"product_tag-balzsamcsepp","15":"product_tag-borbarat","16":"product_tag-foszfatmentes","17":"product_tag-friss-illat","18":"product_tag-gyenged-oblito","19":"product_tag-illatos-oblito","20":"product_tag-kornyezetbarat","21":"product_tag-klormentes","22":"product_tag-lagy-ruhak","23":"product_tag-magyar-termek","24":"product_tag-sensitive","25":"product_tag-sls-mentes","26":"product_tag-souldrops","27":"product_tag-termeszetes-osszetevok","28":"product_tag-textiloblito","29":"product_tag-vegan-termek","31":"first","32":"instock","33":"taxable","34":"shipping-taxable","35":"product-type-simple"},"yoast_head":"<!-- This site is optimized with the Yoast SEO plugin v27.4 - https:\/\/yoast.com\/product\/yoast-seo-wordpress\/ -->\n<title>Souldrops Balzsamcsepp \u00d6bl\u00edt\u0151 (1000 ml) - Souldrops International<\/title>\n<meta name=\"description\" content=\"K\u00edm\u00e9letes, szenzit\u00edv textil\u00f6bl\u00edt\u0151, 1\u202f000\u202fml kiszerel\u00e9sben, amely puh\u00e1v\u00e1, antisztatikuss\u00e1 var\u00e1zsolja a ruh\u00e1kat, mik\u00f6zben hosszan tart\u00f3, diszkr\u00e9t illatot k\u00f6lcs\u00f6n\u00f6z.\" \/>\n<meta name=\"robots\" content=\"index, follow, max-snippet:-1, max-image-preview:large, max-video-preview:-1\" \/>\n<link rel=\"canonical\" href=\"https:\/\/mysouldrops.eu\/es\/producto\/souldrops-balsamo-jabon-oblito-1000-ml\/\" \/>\n<meta property=\"og:locale\" content=\"es_ES\" \/>\n<meta property=\"og:type\" content=\"article\" \/>\n<meta property=\"og:title\" content=\"Souldrops Balzsamcsepp \u00d6bl\u00edt\u0151 (1000 ml) - Souldrops International\" \/>\n<meta property=\"og:description\" content=\"K\u00edm\u00e9letes, szenzit\u00edv textil\u00f6bl\u00edt\u0151, 1\u202f000\u202fml kiszerel\u00e9sben, amely puh\u00e1v\u00e1, antisztatikuss\u00e1 var\u00e1zsolja a ruh\u00e1kat, mik\u00f6zben hosszan tart\u00f3, diszkr\u00e9t illatot k\u00f6lcs\u00f6n\u00f6z.\" \/>\n<meta property=\"og:url\" content=\"https:\/\/mysouldrops.eu\/es\/producto\/souldrops-balsamo-jabon-oblito-1000-ml\/\" \/>\n<meta property=\"og:site_name\" content=\"Souldrops International\" \/>\n<meta property=\"article:modified_time\" content=\"2026-02-25T13:03:15+00:00\" \/>\n<meta property=\"og:image\" content=\"https:\/\/mysouldrops.eu\/wp-content\/uploads\/2026\/02\/B10_EN_F-RAL6034_SZ-FEHER_NINV_v6.png\" \/>\n\t<meta property=\"og:image:width\" content=\"3425\" \/>\n\t<meta property=\"og:image:height\" content=\"3425\" \/>\n\t<meta property=\"og:image:type\" content=\"image\/png\" \/>\n<meta name=\"twitter:card\" content=\"summary_large_image\" \/>\n<meta name=\"twitter:label1\" content=\"Tiempo de lectura\" \/>\n\t<meta name=\"twitter:data1\" content=\"1 minuto\" \/>\n<script type=\"application\/ld+json\" class=\"yoast-schema-graph\">{\"@context\":\"https:\\\/\\\/schema.org\",\"@graph\":[{\"@type\":\"WebPage\",\"@id\":\"https:\\\/\\\/mysouldrops.eu\\\/termek\\\/souldrops-balzsamcsepp-oblito-1000-ml\\\/\",\"url\":\"https:\\\/\\\/mysouldrops.eu\\\/termek\\\/souldrops-balzsamcsepp-oblito-1000-ml\\\/\",\"name\":\"Souldrops Balzsamcsepp \u00d6bl\u00edt\u0151 (1000 ml) - Souldrops International\",\"isPartOf\":{\"@id\":\"https:\\\/\\\/mysouldrops.eu\\\/#website\"},\"primaryImageOfPage\":{\"@id\":\"https:\\\/\\\/mysouldrops.eu\\\/termek\\\/souldrops-balzsamcsepp-oblito-1000-ml\\\/#primaryimage\"},\"image\":{\"@id\":\"https:\\\/\\\/mysouldrops.eu\\\/termek\\\/souldrops-balzsamcsepp-oblito-1000-ml\\\/#primaryimage\"},\"thumbnailUrl\":\"https:\\\/\\\/mysouldrops.eu\\\/wp-content\\\/uploads\\\/2026\\\/02\\\/B10_EN_F-RAL6034_SZ-FEHER_NINV_v6.png\",\"datePublished\":\"2025-07-13T17:58:10+00:00\",\"dateModified\":\"2026-02-25T13:03:15+00:00\",\"description\":\"K\u00edm\u00e9letes, szenzit\u00edv textil\u00f6bl\u00edt\u0151, 1\u202f000\u202fml kiszerel\u00e9sben, amely puh\u00e1v\u00e1, antisztatikuss\u00e1 var\u00e1zsolja a ruh\u00e1kat, mik\u00f6zben hosszan tart\u00f3, diszkr\u00e9t illatot k\u00f6lcs\u00f6n\u00f6z.\",\"breadcrumb\":{\"@id\":\"https:\\\/\\\/mysouldrops.eu\\\/termek\\\/souldrops-balzsamcsepp-oblito-1000-ml\\\/#breadcrumb\"},\"inLanguage\":\"es\",\"potentialAction\":[{\"@type\":\"ReadAction\",\"target\":[\"https:\\\/\\\/mysouldrops.eu\\\/termek\\\/souldrops-balzsamcsepp-oblito-1000-ml\\\/\"]}]},{\"@type\":\"ImageObject\",\"inLanguage\":\"es\",\"@id\":\"https:\\\/\\\/mysouldrops.eu\\\/termek\\\/souldrops-balzsamcsepp-oblito-1000-ml\\\/#primaryimage\",\"url\":\"https:\\\/\\\/mysouldrops.eu\\\/wp-content\\\/uploads\\\/2026\\\/02\\\/B10_EN_F-RAL6034_SZ-FEHER_NINV_v6.png\",\"contentUrl\":\"https:\\\/\\\/mysouldrops.eu\\\/wp-content\\\/uploads\\\/2026\\\/02\\\/B10_EN_F-RAL6034_SZ-FEHER_NINV_v6.png\",\"width\":3425,\"height\":3425},{\"@type\":\"BreadcrumbList\",\"@id\":\"https:\\\/\\\/mysouldrops.eu\\\/termek\\\/souldrops-balzsamcsepp-oblito-1000-ml\\\/#breadcrumb\",\"itemListElement\":[{\"@type\":\"ListItem\",\"position\":1,\"name\":\"Kezd\u0151lap\",\"item\":\"https:\\\/\\\/mysouldrops.eu\\\/\"},{\"@type\":\"ListItem\",\"position\":2,\"name\":\"Shop\",\"item\":\"https:\\\/\\\/mysouldrops.eu\\\/uzlet\\\/\"},{\"@type\":\"ListItem\",\"position\":3,\"name\":\"Souldrops Balzsamcsepp \u00d6bl\u00edt\u0151 (1000 ml)\"}]},{\"@type\":\"WebSite\",\"@id\":\"https:\\\/\\\/mysouldrops.eu\\\/#website\",\"url\":\"https:\\\/\\\/mysouldrops.eu\\\/\",\"name\":\"Souldrops International\",\"description\":\"A Souldrops egy k\u00f6rnyezettudatos tiszt\u00edt\u00f3szerm\u00e1rka, amely term\u00e9szetes \u00f6sszetev\u0151kkel \u00e9s st\u00edlusos szeml\u00e9lettel teszi tiszt\u00e1bb\u00e1 a vil\u00e1got \u2013 k\u00edv\u00fcl \u00e9s bel\u00fcl\",\"potentialAction\":[{\"@type\":\"SearchAction\",\"target\":{\"@type\":\"EntryPoint\",\"urlTemplate\":\"https:\\\/\\\/mysouldrops.eu\\\/?s={search_term_string}\"},\"query-input\":{\"@type\":\"PropertyValueSpecification\",\"valueRequired\":true,\"valueName\":\"search_term_string\"}}],\"inLanguage\":\"es\"}]}<\/script>\n<!-- \/ Yoast SEO plugin. -->","yoast_head_json":{"title":"Souldrops B\u00e1lsamo Gotas Enjuague (1000 ml) - Souldrops Internacional","description":"Enjuague suave y delicado para tejidos en 1 000 ml, que deja la ropa suave y antiest\u00e1tica, al tiempo que deja una fragancia duradera y discreta.","robots":{"index":"index","follow":"follow","max-snippet":"max-snippet:-1","max-image-preview":"max-image-preview:large","max-video-preview":"max-video-preview:-1"},"canonical":"https:\/\/mysouldrops.eu\/es\/producto\/souldrops-balsamo-jabon-oblito-1000-ml\/","og_locale":"es_ES","og_type":"article","og_title":"Souldrops Balzsamcsepp \u00d6bl\u00edt\u0151 (1000 ml) - Souldrops International","og_description":"K\u00edm\u00e9letes, szenzit\u00edv textil\u00f6bl\u00edt\u0151, 1\u202f000\u202fml kiszerel\u00e9sben, amely puh\u00e1v\u00e1, antisztatikuss\u00e1 var\u00e1zsolja a ruh\u00e1kat, mik\u00f6zben hosszan tart\u00f3, diszkr\u00e9t illatot k\u00f6lcs\u00f6n\u00f6z.","og_url":"https:\/\/mysouldrops.eu\/es\/producto\/souldrops-balsamo-jabon-oblito-1000-ml\/","og_site_name":"Souldrops International","article_modified_time":"2026-02-25T13:03:15+00:00","og_image":[{"width":3425,"height":3425,"url":"https:\/\/mysouldrops.eu\/wp-content\/uploads\/2026\/02\/B10_EN_F-RAL6034_SZ-FEHER_NINV_v6.png","type":"image\/png"}],"twitter_card":"summary_large_image","twitter_misc":{"Tiempo de lectura":"1 minuto"},"schema":{"@context":"https:\/\/schema.org","@graph":[{"@type":"WebPage","@id":"https:\/\/mysouldrops.eu\/termek\/souldrops-balzsamcsepp-oblito-1000-ml\/","url":"https:\/\/mysouldrops.eu\/termek\/souldrops-balzsamcsepp-oblito-1000-ml\/","name":"Souldrops B\u00e1lsamo Gotas Enjuague (1000 ml) - Souldrops Internacional","isPartOf":{"@id":"https:\/\/mysouldrops.eu\/#website"},"primaryImageOfPage":{"@id":"https:\/\/mysouldrops.eu\/termek\/souldrops-balzsamcsepp-oblito-1000-ml\/#primaryimage"},"image":{"@id":"https:\/\/mysouldrops.eu\/termek\/souldrops-balzsamcsepp-oblito-1000-ml\/#primaryimage"},"thumbnailUrl":"https:\/\/mysouldrops.eu\/wp-content\/uploads\/2026\/02\/B10_EN_F-RAL6034_SZ-FEHER_NINV_v6.png","datePublished":"2025-07-13T17:58:10+00:00","dateModified":"2026-02-25T13:03:15+00:00","description":"Enjuague suave y delicado para tejidos en 1 000 ml, que deja la ropa suave y antiest\u00e1tica, al tiempo que deja una fragancia duradera y discreta.","breadcrumb":{"@id":"https:\/\/mysouldrops.eu\/termek\/souldrops-balzsamcsepp-oblito-1000-ml\/#breadcrumb"},"inLanguage":"es","potentialAction":[{"@type":"ReadAction","target":["https:\/\/mysouldrops.eu\/termek\/souldrops-balzsamcsepp-oblito-1000-ml\/"]}]},{"@type":"ImageObject","inLanguage":"es","@id":"https:\/\/mysouldrops.eu\/termek\/souldrops-balzsamcsepp-oblito-1000-ml\/#primaryimage","url":"https:\/\/mysouldrops.eu\/wp-content\/uploads\/2026\/02\/B10_EN_F-RAL6034_SZ-FEHER_NINV_v6.png","contentUrl":"https:\/\/mysouldrops.eu\/wp-content\/uploads\/2026\/02\/B10_EN_F-RAL6034_SZ-FEHER_NINV_v6.png","width":3425,"height":3425},{"@type":"BreadcrumbList","@id":"https:\/\/mysouldrops.eu\/termek\/souldrops-balzsamcsepp-oblito-1000-ml\/#breadcrumb","itemListElement":[{"@type":"ListItem","position":1,"name":"Kezd\u0151lap","item":"https:\/\/mysouldrops.eu\/"},{"@type":"ListItem","position":2,"name":"Shop","item":"https:\/\/mysouldrops.eu\/uzlet\/"},{"@type":"ListItem","position":3,"name":"Souldrops Balzsamcsepp \u00d6bl\u00edt\u0151 (1000 ml)"}]},{"@type":"WebSite","@id":"https:\/\/mysouldrops.eu\/#website","url":"https:\/\/mysouldrops.eu\/","name":"Souldrops Internacional","description":"Souldrops es una marca de limpieza ecol\u00f3gica que utiliza ingredientes naturales y un enfoque elegante para hacer del mundo un lugar m\u00e1s limpio, por dentro y por fuera.","potentialAction":[{"@type":"SearchAction","target":{"@type":"EntryPoint","urlTemplate":"https:\/\/mysouldrops.eu\/?s={search_term_string}"},"query-input":{"@type":"PropertyValueSpecification","valueRequired":true,"valueName":"search_term_string"}}],"inLanguage":"es"}]}},"jetpack_likes_enabled":true,"jetpack_sharing_enabled":true,"_links":{"self":[{"href":"https:\/\/mysouldrops.eu\/es\/wp-json\/wp\/v2\/product\/1084","targetHints":{"allow":["GET"]}}],"collection":[{"href":"https:\/\/mysouldrops.eu\/es\/wp-json\/wp\/v2\/product"}],"about":[{"href":"https:\/\/mysouldrops.eu\/es\/wp-json\/wp\/v2\/types\/product"}],"replies":[{"embeddable":true,"href":"https:\/\/mysouldrops.eu\/es\/wp-json\/wp\/v2\/comments?post=1084"}],"wp:featuredmedia":[{"embeddable":true,"href":"https:\/\/mysouldrops.eu\/es\/wp-json\/wp\/v2\/media\/3095"}],"wp:attachment":[{"href":"https:\/\/mysouldrops.eu\/es\/wp-json\/wp\/v2\/media?parent=1084"}],"wp:term":[{"taxonomy":"product_brand","embeddable":true,"href":"https:\/\/mysouldrops.eu\/es\/wp-json\/wp\/v2\/product_brand?post=1084"},{"taxonomy":"product_cat","embeddable":true,"href":"https:\/\/mysouldrops.eu\/es\/wp-json\/wp\/v2\/product_cat?post=1084"},{"taxonomy":"product_tag","embeddable":true,"href":"https:\/\/mysouldrops.eu\/es\/wp-json\/wp\/v2\/product_tag?post=1084"}],"curies":[{"name":"wp","href":"https:\/\/api.w.org\/{rel}","templated":true}]}}