{"id":1187,"date":"2025-07-26T18:22:55","date_gmt":"2025-07-26T16:22:55","guid":{"rendered":"https:\/\/mysouldrops.eu\/?page_id=1187"},"modified":"2025-07-26T19:03:33","modified_gmt":"2025-07-26T17:03:33","slug":"vegaani-tanusitvany","status":"publish","type":"page","link":"https:\/\/mysouldrops.eu\/fi\/a-souldrops-rol\/vegan-tanusitvany\/","title":{"rendered":"Vegaanitodistus"},"content":{"rendered":"<section class=\"section\" id=\"section_98748921\">\n\t\t<div class=\"section-bg fill\" >\n\t\t\t\t\t\t\t\t\t\n\t\t\t\n\n\t\t<\/div>\n\n\t\t\n\n\t\t<div class=\"section-content relative\">\n\t\t\t\n\n<div class=\"row row-collapse row-full-width align-middle align-center\"  id=\"row-1247472935\">\n\n\n\t<div id=\"col-1101331693\" class=\"col medium-12 small-12 large-6 medium-col-first\"  >\n\t\t\t\t<div class=\"col-inner\"  >\n\t\t\t\n\t\t\t\n\n\n  <div class=\"banner has-hover has-video has-parallax\" id=\"banner-551524483\">\n          <div class=\"banner-inner fill\">\n        <div class=\"banner-bg fill\" data-parallax=\"-2\" data-parallax-container=\".banner\" data-parallax-background>\n            <img loading=\"lazy\" decoding=\"async\" width=\"1020\" height=\"680\" src=\"https:\/\/mysouldrops.eu\/wp-content\/uploads\/2025\/07\/vegan-food-background-plant-protein-vegetarian-2025-01-29-08-39-32-utc-1200x800.jpg\" class=\"bg attachment-large size-large\" alt=\"\" data-attachment-id=\"1202\" data-permalink=\"https:\/\/mysouldrops.eu\/fi\/a-souldrops-rol\/vegan-tanusitvany\/vegan-food-background-plant-protein-vegetarian-2025-01-29-08-39-32-utc\/#main\" data-orig-file=\"https:\/\/mysouldrops.eu\/wp-content\/uploads\/2025\/07\/vegan-food-background-plant-protein-vegetarian-2025-01-29-08-39-32-utc.jpg\" data-orig-size=\"2500,1667\" data-comments-opened=\"1\" data-image-meta=\"{&quot;aperture&quot;:&quot;9&quot;,&quot;credit&quot;:&quot;Olga Kochina&quot;,&quot;camera&quot;:&quot;X-T3&quot;,&quot;caption&quot;:&quot;Vegan food background. Plant protein., vegetarian nutrition sources. Healthy eating, diet ingredients: legumes, beans, lentils, nuts, soy milk, tofu, cereals, seeds and sprouts. Top view&quot;,&quot;created_timestamp&quot;:&quot;1666361126&quot;,&quot;copyright&quot;:&quot;&quot;,&quot;focal_length&quot;:&quot;23.5&quot;,&quot;iso&quot;:&quot;80&quot;,&quot;shutter_speed&quot;:&quot;0.00625&quot;,&quot;title&quot;:&quot;&quot;,&quot;orientation&quot;:&quot;1&quot;}\" data-image-title=\"vegan-food-background-plant-protein-vegetarian-2025-01-29-08-39-32-utc\" data-image-description=\"\" data-image-caption=\"&lt;p&gt;Vegan food background. Plant protein., vegetarian nutrition sources. Healthy eating, diet ingredients: legumes, beans, lentils, nuts, soy milk, tofu, cereals, seeds and sprouts. Top view&lt;\/p&gt;\" data-large-file=\"https:\/\/mysouldrops.eu\/wp-content\/uploads\/2025\/07\/vegan-food-background-plant-protein-vegetarian-2025-01-29-08-39-32-utc-1200x800.jpg\" \/>            \t<div class=\"video-overlay no-click fill hide-for-medium\"><\/div>\n\t<video class=\"video-bg fill hide-for-medium\" preload playsinline autoplay muted loop>\n\t\t<source src=\"https:\/\/videos.files.wordpress.com\/AQ0RMFgK\/shelves-with-products-in-a-grocery-store-2023-12-14-05-47-01-utc-1.mp4\" type=\"video\/mp4\">\t<\/video>\n            <div class=\"overlay\"><\/div>            \n                    <\/div>\n\t\t\n        <div class=\"banner-layers container\">\n            <div class=\"fill banner-link\"><\/div>            \n\n   <div id=\"text-box-514271705\" class=\"text-box banner-layer x50 md-x50 lg-x50 y50 md-y50 lg-y50 res-text\">\n                                <div class=\"text-box-content text dark\">\n              \n              <div class=\"text-inner text-center\">\n                  \n\n\t<div class=\"img has-hover x md-x lg-x y md-y lg-y\" id=\"image_1802743788\">\n\t\t\t\t<div data-parallax-fade=\"true\" data-parallax=\"-2\">\t\t<div data-animate=\"fadeInUp\">\t\t<div class=\"img-inner dark\" >\n\t\t\t<img loading=\"lazy\" decoding=\"async\" width=\"1020\" height=\"720\" src=\"https:\/\/mysouldrops.eu\/wp-content\/uploads\/2025\/06\/vegan_logo-1134x800.png\" class=\"attachment-large size-large\" alt=\"\" srcset=\"https:\/\/mysouldrops.eu\/wp-content\/uploads\/2025\/06\/vegan_logo-1134x800.png 1134w, https:\/\/mysouldrops.eu\/wp-content\/uploads\/2025\/06\/vegan_logo-567x400.png 567w, https:\/\/mysouldrops.eu\/wp-content\/uploads\/2025\/06\/vegan_logo-768x542.png 768w, https:\/\/mysouldrops.eu\/wp-content\/uploads\/2025\/06\/vegan_logo-510x360.png 510w, https:\/\/mysouldrops.eu\/wp-content\/uploads\/2025\/06\/vegan_logo.png 1298w\" sizes=\"auto, (max-width: 1020px) 100vw, 1020px\" data-attachment-id=\"886\" data-permalink=\"https:\/\/mysouldrops.eu\/fi\/souldrops-haztartasi-tisztitoszerek\/vegan_logo\/#main\" data-orig-file=\"https:\/\/mysouldrops.eu\/wp-content\/uploads\/2025\/06\/vegan_logo.png\" data-orig-size=\"1298,916\" data-comments-opened=\"1\" data-image-meta=\"{&quot;aperture&quot;:&quot;0&quot;,&quot;credit&quot;:&quot;&quot;,&quot;camera&quot;:&quot;&quot;,&quot;caption&quot;:&quot;&quot;,&quot;created_timestamp&quot;:&quot;0&quot;,&quot;copyright&quot;:&quot;&quot;,&quot;focal_length&quot;:&quot;0&quot;,&quot;iso&quot;:&quot;0&quot;,&quot;shutter_speed&quot;:&quot;0&quot;,&quot;title&quot;:&quot;&quot;,&quot;orientation&quot;:&quot;0&quot;}\" data-image-title=\"vegan_logo\" data-image-description=\"\" data-image-caption=\"\" data-large-file=\"https:\/\/mysouldrops.eu\/wp-content\/uploads\/2025\/06\/vegan_logo-1134x800.png\" \/>\t\t\t\t\t\t\n\t\t\t\t\t<\/div>\n\t\t<\/div>\t\t<\/div>\t\t\t\t\n<style>\n#image_1802743788 {\n  width: 79%;\n}\n<\/style>\n\t<\/div>\n\t\n\n\n              <\/div>\n           <\/div>\n                            \n<style>\n#text-box-514271705 {\n  width: 60%;\n}\n#text-box-514271705 .text-box-content {\n  font-size: 100%;\n}\n@media (min-width:550px) {\n  #text-box-514271705 {\n    width: 60%;\n  }\n}\n<\/style>\n    <\/div>\n \n\n        <\/div>\n      <\/div>\n\n            \n<style>\n#banner-551524483 {\n  padding-top: 300px;\n  background-color: rgba(255, 255, 255, 0);\n}\n#banner-551524483 .overlay {\n  background-color: rgba(255, 255, 255, 0.756);\n}\n#banner-551524483 .banner-bg img {\n  object-position: 67% 25%;\n}\n@media (min-width:550px) {\n  #banner-551524483 {\n    padding-top: 400px;\n  }\n}\n@media (min-width:850px) {\n  #banner-551524483 {\n    padding-top: 550px;\n  }\n}\n<\/style>\n  <\/div>\n\n\n\n\t\t<\/div>\n\t\t\t\t\t<\/div>\n\n\t\n\n\t<div id=\"col-271974849\" class=\"col index-up medium-12 small-11 large-6\"  >\n\t\t\t\t<div class=\"col-inner\"  >\n\t\t\t\n\t\t\t\n\n\t<div id=\"gap-440870803\" class=\"gap-element clearfix\" style=\"display:block; height:auto;\">\n\t\t\n<style>\n#gap-440870803 {\n  padding-top: 30px;\n}\n<\/style>\n\t<\/div>\n\t\n\n<div class=\"row align-center\"  id=\"row-677506024\">\n\n\n\t<div id=\"col-753014219\" class=\"col index-up medium-11 small-12 large-12\"  data-animate=\"fadeInRight\">\n\t\t\t\t<div class=\"col-inner text-center box-shadow-3\" style=\"background-color:rgb(255, 255, 255);\" data-parallax-fade=\"true\" data-parallax=\"2\">\n\t\t\t\n\t\t\t\n\n<h2 class=\"uppercase\" style=\"text-align: center;\">Mik\u00e4 on vegaani <br \/>Tavaramerkkitodistus?<\/h2>\n<p>A <strong>Souldrops<\/strong> Meille puhtaus ei merkitse vain tuotteidemme tehokkuutta, vaan se heijastaa my\u00f6s arvojamme. <strong>Olemme erityisen ylpeit\u00e4 siit\u00e4, ett\u00e4 tuotteillemme on my\u00f6nnetty yksi maailman tunnetuimmista ja arvostetuimmista vegaanisertifikaateista: Vegan Trademark, jonka my\u00f6nt\u00e4\u00e4 The Vegan Society Yhdistyneess\u00e4 kuningaskunnassa.<\/strong><\/p>\n\n\t\t<\/div>\n\t\t\t\t\n<style>\n#col-753014219 > .col-inner {\n  padding: 15% 10% 15% 10%;\n  margin: -100px 0px 0px 0px;\n  border-radius: 15px;\n}\n@media (min-width:550px) {\n  #col-753014219 > .col-inner {\n    padding: 6% 6% 6% 6%;\n    margin: -150px 0px 0px 0px;\n  }\n}\n@media (min-width:850px) {\n  #col-753014219 > .col-inner {\n    padding: 7% 10% 7% 10%;\n    margin: 0px 0px 0px -100px;\n  }\n}\n<\/style>\n\t<\/div>\n\n\t\n\n<\/div>\n\n\t\t<\/div>\n\t\t\t\t\n<style>\n#col-271974849 > .col-inner {\n  padding: 10px 0px 20px 0px;\n}\n@media (min-width:550px) {\n  #col-271974849 > .col-inner {\n    padding: 35px 0px 30px 0px;\n  }\n}\n@media (min-width:850px) {\n  #col-271974849 > .col-inner {\n    padding: 0 0px 0px 0px;\n  }\n}\n<\/style>\n\t<\/div>\n\n\t\n\n<\/div>\n\n\t\t<\/div>\n\n\t\t\n<style>\n#section_98748921 {\n  padding-top: 0px;\n  padding-bottom: 0px;\n  margin-bottom: 0px;\n  background-color: #273647;\n}\n@media (min-width:550px) {\n  #section_98748921 {\n    padding-top: 0px;\n    padding-bottom: 0px;\n  }\n}\n<\/style>\n\t<\/section>\n\t\n\n\t<section class=\"section\" id=\"section_96998338\">\n\t\t<div class=\"section-bg fill\" >\n\t\t\t\t\t\t\t\t\t\n\t\t\t\n\n\t\t<\/div>\n\n\t\t\n\n\t\t<div class=\"section-content relative\">\n\t\t\t\n\n\t<div id=\"gap-1064487363\" class=\"gap-element clearfix\" style=\"display:block; height:auto;\">\n\t\t\n<style>\n#gap-1064487363 {\n  padding-top: 20px;\n}\n@media (min-width:550px) {\n  #gap-1064487363 {\n    padding-top: 40px;\n  }\n}\n<\/style>\n\t<\/div>\n\t\n\n<div class=\"row\"  id=\"row-303473302\">\n\n\n\t<div id=\"col-1282756177\" class=\"col medium-4 small-12 large-4\"  >\n\t\t\t\t<div class=\"col-inner\"  >\n\t\t\t\n\t\t\t\n\n\t<div id=\"gap-151011576\" class=\"gap-element clearfix hide-for-medium\" style=\"display:block; height:auto;\">\n\t\t\n<style>\n#gap-151011576 {\n  padding-top: 10px;\n}\n<\/style>\n\t<\/div>\n\t\n\n\t<div id=\"text-3914482510\" class=\"text\">\n\t\t\n\n<h3 class=\"uppercase\"><span style=\"font-size: 100%;\">Yksi maailman tunnetuimmista vegaanibr\u00e4ndeist\u00e4.<\/span><\/h3>\n\t\t\n<style>\n#text-3914482510 {\n  font-size: 1.75rem;\n  line-height: 1.25;\n}\n@media (min-width:850px) {\n  #text-3914482510 {\n    line-height: 1.15;\n  }\n}\n<\/style>\n\t<\/div>\n\t\n\n\t\t<\/div>\n\t\t\t\t\n<style>\n#col-1282756177 > .col-inner {\n  margin: 0px 0px -20px 0px;\n}\n<\/style>\n\t<\/div>\n\n\t\n\n\t<div id=\"col-231971741\" class=\"col medium-8 small-12 large-8\"  >\n\t\t\t\t<div class=\"col-inner\"  >\n\t\t\t\n\t\t\t\n\n<p>T\u00e4m\u00e4 auringonkukka-logo ei ole vain tavaramerkki - se on uskottava, riippumaton takuu siit\u00e4, ett\u00e4 Souldrops-tuotteet todella t\u00e4ytt\u00e4v\u00e4t vegaanisen el\u00e4m\u00e4ntavan tiukat vaatimukset. Sertifikaatti takaa, ett\u00e4 tuotteemme eiv\u00e4t sis\u00e4ll\u00e4 el\u00e4inper\u00e4isi\u00e4 ainesosia eik\u00e4 niit\u00e4 ole testattu el\u00e4imill\u00e4 miss\u00e4\u00e4n kehitys- tai tuotantovaiheessa. Koko tuotantoprosessin ajan pid\u00e4mme erityist\u00e4 huolta siit\u00e4, ett\u00e4 ainesosat eiv\u00e4t suoraan tai v\u00e4lillisesti liity el\u00e4inper\u00e4isiin l\u00e4hteisiin.<\/p>\n<p>Vuodesta 1990 l\u00e4htien Vegan Trademark on auttanut kuluttajia maailmanlaajuisesti tekem\u00e4\u00e4n eettisi\u00e4 ja tietoon perustuvia ostop\u00e4\u00e4t\u00f6ksi\u00e4 helposti tunnistettavalla tavalla. Sertifikaatin takana on vuonna 1944 perustettu Vegan Society, joka loi termin \u201eveganismi\u201d. Souldropsin tiimille oli erityisen t\u00e4rke\u00e4\u00e4 saada n\u00e4in arvostetun ja uskottavan organisaation tunnustus, sill\u00e4 se ei ole vain tunnustus vaan my\u00f6s vastuu - planeetallemme, villiel\u00e4imille ja asiakkaillemme.<\/p>\n\n\t\t<\/div>\n\t\t\t\t\t<\/div>\n\n\t\n\n<\/div>\n\n\t\t<\/div>\n\n\t\t\n<style>\n#section_96998338 {\n  padding-top: 30px;\n  padding-bottom: 30px;\n}\n<\/style>\n\t<\/section>\n\t\n\n\t<section class=\"section dark\" id=\"section_1389980551\">\n\t\t<div class=\"section-bg fill\" >\n\t\t\t\t\t\t\t\t\t\n\t\t\t\n\n\t\t<\/div>\n\n\t\t\n\n\t\t<div class=\"section-content relative\">\n\t\t\t\n\n<div class=\"row\"  id=\"row-299446855\">\n\n\n\t<div id=\"col-661150736\" class=\"col small-12 large-12\"  >\n\t\t\t\t<div class=\"col-inner\"  >\n\t\t\t\n\t\t\t\n\n\t<div id=\"gap-1851680196\" class=\"gap-element clearfix\" style=\"display:block; height:auto;\">\n\t\t\n<style>\n#gap-1851680196 {\n  padding-top: 30px;\n}\n<\/style>\n\t<\/div>\n\t\n\n\t<div id=\"stack-2320056855\" class=\"stack stack-row justify-between items-stretch\">\n\t\t\n\n\t<div id=\"text-3577772950\" class=\"text\">\n\t\t\n\n<h3 class=\"uppercase\"><span style=\"font-size: 90%;\">Puhdas, tietoinen, vegaaninen laatu<\/span><\/h3>\n\t\t\n<style>\n#text-3577772950 {\n  font-size: 2rem;\n  line-height: 0.75;\n}\n<\/style>\n\t<\/div>\n\t\n\n\t\t\n<style>\n#stack-2320056855 > * {\n  --stack-gap: 0rem;\n}\n<\/style>\n\t<\/div>\n\t\n\n\t\t<\/div>\n\t\t\t\t\t<\/div>\n\n\t\n\n<\/div>\n<div class=\"row row-large\"  id=\"row-1046794588\">\n\n\n\t<div id=\"col-472565274\" class=\"col medium-6 small-12 large-6\"  >\n\t\t\t\t<div class=\"col-inner\"  >\n\t\t\t\n\t\t\t\n\n<p>Kuluttajat ovat yh\u00e4 tietoisempia t\u00e4st\u00e4 ja etsiv\u00e4t kotitaloustuotteita, jotka paitsi puhdistavat ymp\u00e4rist\u00f6yst\u00e4v\u00e4llisesti my\u00f6s t\u00e4ytt\u00e4v\u00e4t korkeimmat eettiset vaatimukset. A <strong>Vegaani tavaramerkki<\/strong> antaa t\u00e4m\u00e4n vakuutuksen: kaikki tuotteet, joissa on t\u00e4m\u00e4 logo, ovat taatusti julmuudesta vapaita, el\u00e4inyst\u00e4v\u00e4llisi\u00e4 ja t\u00e4ysin vegaanisia.<\/p>\n\n\t\t<\/div>\n\t\t\t\t\t<\/div>\n\n\t\n\n\t<div id=\"col-506342804\" class=\"col medium-6 small-12 large-6\"  >\n\t\t\t\t<div class=\"col-inner\"  >\n\t\t\t\n\t\t\t\n\n<p>A <strong>Souldrops<\/strong> pyrkii tarjoamaan todellisen vaihtoehdon niille, joille puhdas koti ei voi merkit\u00e4 muiden el\u00e4vien olentojen hyv\u00e4ksik\u00e4ytt\u00f6\u00e4 tai k\u00e4rsimyst\u00e4. Vegan-tuotemerkki on yksi t\u00e4m\u00e4n mission vahvimmista symboleista. Kaikki tuotteemme on kehitetty t\u00e4t\u00e4 silm\u00e4ll\u00e4 pit\u00e4en - antamaan sinulle puhtaan kodin ja mielenrauhan.<\/p>\n\n\t\t<\/div>\n\t\t\t\t\t<\/div>\n\n\t\n\n<\/div>\n\n\t\t<\/div>\n\n\t\t\n<style>\n#section_1389980551 {\n  padding-top: 50px;\n  padding-bottom: 50px;\n  background-color: #273647;\n}\n<\/style>\n\t<\/section>\n\t\n<div class=\"row\"  id=\"row-1660314809\">\n\n\n\t<div id=\"col-1793014350\" class=\"col small-12 large-12\"  >\n\t\t\t\t<div class=\"col-inner text-center\"  >\n\t\t\t\n\t\t\t\n\n\t<div class=\"img has-hover x md-x lg-x y md-y lg-y\" id=\"image_1992365924\">\n\t\t\t\t\t\t<div data-animate=\"fadeInUp\">\t\t<div class=\"img-inner dark\" >\n\t\t\t<img loading=\"lazy\" decoding=\"async\" width=\"1020\" height=\"574\" src=\"https:\/\/mysouldrops.eu\/wp-content\/uploads\/2025\/06\/souldrops_logo_black-1400x788.png\" class=\"attachment-large size-large\" alt=\"\" srcset=\"https:\/\/mysouldrops.eu\/wp-content\/uploads\/2025\/06\/souldrops_logo_black-1400x788.png 1400w, https:\/\/mysouldrops.eu\/wp-content\/uploads\/2025\/06\/souldrops_logo_black-510x287.png 510w, https:\/\/mysouldrops.eu\/wp-content\/uploads\/2025\/06\/souldrops_logo_black-711x400.png 711w, https:\/\/mysouldrops.eu\/wp-content\/uploads\/2025\/06\/souldrops_logo_black-768x432.png 768w, https:\/\/mysouldrops.eu\/wp-content\/uploads\/2025\/06\/souldrops_logo_black-1536x864.png 1536w, https:\/\/mysouldrops.eu\/wp-content\/uploads\/2025\/06\/souldrops_logo_black-18x10.png 18w, https:\/\/mysouldrops.eu\/wp-content\/uploads\/2025\/06\/souldrops_logo_black-1200x675.png 1200w, https:\/\/mysouldrops.eu\/wp-content\/uploads\/2025\/06\/souldrops_logo_black.png 1920w\" sizes=\"auto, (max-width: 1020px) 100vw, 1020px\" data-attachment-id=\"132\" data-permalink=\"https:\/\/mysouldrops.eu\/fi\/souldrops_logo_black\/\" data-orig-file=\"https:\/\/mysouldrops.eu\/wp-content\/uploads\/2025\/06\/souldrops_logo_black.png\" data-orig-size=\"1920,1080\" data-comments-opened=\"1\" data-image-meta=\"{&quot;aperture&quot;:&quot;0&quot;,&quot;credit&quot;:&quot;&quot;,&quot;camera&quot;:&quot;&quot;,&quot;caption&quot;:&quot;&quot;,&quot;created_timestamp&quot;:&quot;0&quot;,&quot;copyright&quot;:&quot;&quot;,&quot;focal_length&quot;:&quot;0&quot;,&quot;iso&quot;:&quot;0&quot;,&quot;shutter_speed&quot;:&quot;0&quot;,&quot;title&quot;:&quot;&quot;,&quot;orientation&quot;:&quot;0&quot;}\" data-image-title=\"souldrops_logo_black\" data-image-description=\"\" data-image-caption=\"\" data-large-file=\"https:\/\/mysouldrops.eu\/wp-content\/uploads\/2025\/06\/souldrops_logo_black-1400x788.png\" \/>\t\t\t\t\t\t\n\t\t\t\t\t<\/div>\n\t\t<\/div>\t\t\t\t\t\t\n<style>\n#image_1992365924 {\n  width: 19%;\n}\n<\/style>\n\t<\/div>\n\t\n\n\n\t\t<\/div>\n\t\t\t\t\t<\/div>\n\n\t\n\n<\/div>","protected":false},"excerpt":{"rendered":"","protected":false},"author":267682164,"featured_media":0,"parent":820,"menu_order":0,"comment_status":"closed","ping_status":"closed","template":"page-blank.php","meta":{"footnotes":""},"class_list":["post-1187","page","type-page","status-publish","hentry"],"yoast_head":"<!-- This site is optimized with the Yoast SEO plugin v27.4 - https:\/\/yoast.com\/product\/yoast-seo-wordpress\/ -->\n<title>Vegan tan\u00fas\u00edtv\u00e1ny - Souldrops International<\/title>\n<meta name=\"robots\" content=\"index, follow, max-snippet:-1, max-image-preview:large, max-video-preview:-1\" \/>\n<link rel=\"canonical\" href=\"https:\/\/mysouldrops.eu\/fi\/souldrop-roll\/vegaani-tanusitvany\/\" \/>\n<meta property=\"og:locale\" content=\"fi_FI\" \/>\n<meta property=\"og:type\" content=\"article\" \/>\n<meta property=\"og:title\" content=\"Vegan tan\u00fas\u00edtv\u00e1ny - Souldrops International\" \/>\n<meta property=\"og:url\" content=\"https:\/\/mysouldrops.eu\/fi\/souldrop-roll\/vegaani-tanusitvany\/\" \/>\n<meta property=\"og:site_name\" content=\"Souldrops International\" \/>\n<meta property=\"article:modified_time\" content=\"2025-07-26T17:03:33+00:00\" \/>\n<meta name=\"twitter:card\" content=\"summary_large_image\" \/>\n<meta name=\"twitter:label1\" content=\"Arvioitu lukuaika\" \/>\n\t<meta name=\"twitter:data1\" content=\"2 minuuttia\" \/>\n<script type=\"application\/ld+json\" class=\"yoast-schema-graph\">{\"@context\":\"https:\\\/\\\/schema.org\",\"@graph\":[{\"@type\":\"WebPage\",\"@id\":\"https:\\\/\\\/mysouldrops.eu\\\/a-souldrops-rol\\\/vegan-tanusitvany\\\/\",\"url\":\"https:\\\/\\\/mysouldrops.eu\\\/a-souldrops-rol\\\/vegan-tanusitvany\\\/\",\"name\":\"Vegan tan\u00fas\u00edtv\u00e1ny - Souldrops International\",\"isPartOf\":{\"@id\":\"https:\\\/\\\/mysouldrops.eu\\\/#website\"},\"datePublished\":\"2025-07-26T16:22:55+00:00\",\"dateModified\":\"2025-07-26T17:03:33+00:00\",\"breadcrumb\":{\"@id\":\"https:\\\/\\\/mysouldrops.eu\\\/a-souldrops-rol\\\/vegan-tanusitvany\\\/#breadcrumb\"},\"inLanguage\":\"fi\",\"potentialAction\":[{\"@type\":\"ReadAction\",\"target\":[\"https:\\\/\\\/mysouldrops.eu\\\/a-souldrops-rol\\\/vegan-tanusitvany\\\/\"]}]},{\"@type\":\"BreadcrumbList\",\"@id\":\"https:\\\/\\\/mysouldrops.eu\\\/a-souldrops-rol\\\/vegan-tanusitvany\\\/#breadcrumb\",\"itemListElement\":[{\"@type\":\"ListItem\",\"position\":1,\"name\":\"Kezd\u0151lap\",\"item\":\"https:\\\/\\\/mysouldrops.eu\\\/\"},{\"@type\":\"ListItem\",\"position\":2,\"name\":\"A Souldrops-r\u00f3l\",\"item\":\"https:\\\/\\\/mysouldrops.eu\\\/a-souldrops-rol\\\/\"},{\"@type\":\"ListItem\",\"position\":3,\"name\":\"Vegan tan\u00fas\u00edtv\u00e1ny\"}]},{\"@type\":\"WebSite\",\"@id\":\"https:\\\/\\\/mysouldrops.eu\\\/#website\",\"url\":\"https:\\\/\\\/mysouldrops.eu\\\/\",\"name\":\"Souldrops International\",\"description\":\"A Souldrops egy k\u00f6rnyezettudatos tiszt\u00edt\u00f3szerm\u00e1rka, amely term\u00e9szetes \u00f6sszetev\u0151kkel \u00e9s st\u00edlusos szeml\u00e9lettel teszi tiszt\u00e1bb\u00e1 a vil\u00e1got \u2013 k\u00edv\u00fcl \u00e9s bel\u00fcl\",\"potentialAction\":[{\"@type\":\"SearchAction\",\"target\":{\"@type\":\"EntryPoint\",\"urlTemplate\":\"https:\\\/\\\/mysouldrops.eu\\\/?s={search_term_string}\"},\"query-input\":{\"@type\":\"PropertyValueSpecification\",\"valueRequired\":true,\"valueName\":\"search_term_string\"}}],\"inLanguage\":\"fi\"}]}<\/script>\n<!-- \/ Yoast SEO plugin. -->","yoast_head_json":{"title":"Vegaanitodistus - Souldrops International","robots":{"index":"index","follow":"follow","max-snippet":"max-snippet:-1","max-image-preview":"max-image-preview:large","max-video-preview":"max-video-preview:-1"},"canonical":"https:\/\/mysouldrops.eu\/fi\/souldrop-roll\/vegaani-tanusitvany\/","og_locale":"fi_FI","og_type":"article","og_title":"Vegan tan\u00fas\u00edtv\u00e1ny - Souldrops International","og_url":"https:\/\/mysouldrops.eu\/fi\/souldrop-roll\/vegaani-tanusitvany\/","og_site_name":"Souldrops International","article_modified_time":"2025-07-26T17:03:33+00:00","twitter_card":"summary_large_image","twitter_misc":{"Arvioitu lukuaika":"2 minuuttia"},"schema":{"@context":"https:\/\/schema.org","@graph":[{"@type":"WebPage","@id":"https:\/\/mysouldrops.eu\/a-souldrops-rol\/vegan-tanusitvany\/","url":"https:\/\/mysouldrops.eu\/a-souldrops-rol\/vegan-tanusitvany\/","name":"Vegaanitodistus - Souldrops International","isPartOf":{"@id":"https:\/\/mysouldrops.eu\/#website"},"datePublished":"2025-07-26T16:22:55+00:00","dateModified":"2025-07-26T17:03:33+00:00","breadcrumb":{"@id":"https:\/\/mysouldrops.eu\/a-souldrops-rol\/vegan-tanusitvany\/#breadcrumb"},"inLanguage":"fi","potentialAction":[{"@type":"ReadAction","target":["https:\/\/mysouldrops.eu\/a-souldrops-rol\/vegan-tanusitvany\/"]}]},{"@type":"BreadcrumbList","@id":"https:\/\/mysouldrops.eu\/a-souldrops-rol\/vegan-tanusitvany\/#breadcrumb","itemListElement":[{"@type":"ListItem","position":1,"name":"Kezd\u0151lap","item":"https:\/\/mysouldrops.eu\/"},{"@type":"ListItem","position":2,"name":"A Souldrops-r\u00f3l","item":"https:\/\/mysouldrops.eu\/a-souldrops-rol\/"},{"@type":"ListItem","position":3,"name":"Vegan tan\u00fas\u00edtv\u00e1ny"}]},{"@type":"WebSite","@id":"https:\/\/mysouldrops.eu\/#website","url":"https:\/\/mysouldrops.eu\/","name":"Souldrops International","description":"Souldrops on ekotietoinen puhdistusmerkki, joka k\u00e4ytt\u00e4\u00e4 luonnollisia ainesosia ja tyylik\u00e4st\u00e4 l\u00e4hestymistapaa tehd\u00e4kseen maailmasta puhtaamman paikan - sis\u00e4lt\u00e4 ja ulkoa.","potentialAction":[{"@type":"SearchAction","target":{"@type":"EntryPoint","urlTemplate":"https:\/\/mysouldrops.eu\/?s={search_term_string}"},"query-input":{"@type":"PropertyValueSpecification","valueRequired":true,"valueName":"search_term_string"}}],"inLanguage":"fi"}]}},"jetpack_likes_enabled":true,"jetpack_sharing_enabled":true,"jetpack_shortlink":"https:\/\/wp.me\/PgJ65g-j9","_links":{"self":[{"href":"https:\/\/mysouldrops.eu\/fi\/wp-json\/wp\/v2\/pages\/1187","targetHints":{"allow":["GET"]}}],"collection":[{"href":"https:\/\/mysouldrops.eu\/fi\/wp-json\/wp\/v2\/pages"}],"about":[{"href":"https:\/\/mysouldrops.eu\/fi\/wp-json\/wp\/v2\/types\/page"}],"author":[{"embeddable":true,"href":"https:\/\/mysouldrops.eu\/fi\/wp-json\/wp\/v2\/users\/267682164"}],"replies":[{"embeddable":true,"href":"https:\/\/mysouldrops.eu\/fi\/wp-json\/wp\/v2\/comments?post=1187"}],"version-history":[{"count":17,"href":"https:\/\/mysouldrops.eu\/fi\/wp-json\/wp\/v2\/pages\/1187\/revisions"}],"predecessor-version":[{"id":1213,"href":"https:\/\/mysouldrops.eu\/fi\/wp-json\/wp\/v2\/pages\/1187\/revisions\/1213"}],"up":[{"embeddable":true,"href":"https:\/\/mysouldrops.eu\/fi\/wp-json\/wp\/v2\/pages\/820"}],"wp:attachment":[{"href":"https:\/\/mysouldrops.eu\/fi\/wp-json\/wp\/v2\/media?parent=1187"}],"curies":[{"name":"wp","href":"https:\/\/api.w.org\/{rel}","templated":true}]}}