{"id":1013,"date":"2025-07-04T14:35:02","date_gmt":"2025-07-04T12:35:02","guid":{"rendered":"https:\/\/mysouldrops.eu\/?post_type=product&#038;p=1013"},"modified":"2025-10-10T12:05:38","modified_gmt":"2025-10-10T10:05:38","slug":"souldrops-bebe-fille-goutte-deau-pour-textile-sensible-hypoallergenique-vetements-pour-bebe","status":"publish","type":"product","link":"https:\/\/mysouldrops.eu\/fr\/termek\/souldrops-baby-girl-drop-hipoallergen-szenzitiv-textiloblito-babaruhakhoz\/","title":{"rendered":"Souldrops b\u00e9b\u00e9 fille goutte hypoallerg\u00e9nique - rin\u00e7age des tissus sensibles pour les v\u00eatements de b\u00e9b\u00e9 (1000 ml)"},"content":{"rendered":"<p>Sp\u00e9cialement formul\u00e9 pour les v\u00eatements de b\u00e9b\u00e9s et d'enfants \u00e0 la peau sensible, cet assouplissant hypoallerg\u00e9nique prend soin de la peau de b\u00e9b\u00e9 tout en prot\u00e9geant les besoins des peaux les plus d\u00e9licates.<\/p>\n<p><strong>Principaux avantages :<\/strong><\/p>\n<ul>\n<li>Formule respectueuse de la peau : ne contient pas d'enzymes allerg\u00e8nes ni de parfums - sans danger pour les enfants<\/li>\n<li>Le parfum floral de longue dur\u00e9e persiste sur les v\u00eatements et laisse une sensation agr\u00e9able et non irritante.<\/li>\n<li>Rend les tissus doux et antistatiques, id\u00e9al pour les v\u00eatements de b\u00e9b\u00e9.<\/li>\n<li>Ingr\u00e9dients respectueux de la peau des b\u00e9b\u00e9s dans une formule soigneusement s\u00e9lectionn\u00e9e et test\u00e9e sous contr\u00f4le dermatologique<\/li>\n<\/ul>\n<p><strong>Mode d'emploi :<\/strong><\/p>\n<ul>\n<li>Dans la machine \u00e0 laver : verser dans le compartiment \u00e0 d\u00e9tergent ou directement sur le linge.<\/li>\n<li>Pour le lavage des mains : utiliser environ 25 ml dans 5-10 l d'eau.<\/li>\n<li>Dosage : pour un linge de 4-5 kg, environ 25 ml suffisent - pour environ 40 lavages.<\/li>\n<\/ul>\n<p><strong>\u00c0 qui s'adresse-t-il ?<\/strong><\/p>\n<ul>\n<li>Pour les v\u00eatements de b\u00e9b\u00e9 sensibles et hypoallerg\u00e9niques<\/li>\n<li>Pour les enfants souffrant d'allergies cutan\u00e9es ou de peau atopique<\/li>\n<li>Pour les familles ayant un mode de vie durable et v\u00e9g\u00e9talien<\/li>\n<\/ul>","protected":false},"excerpt":{"rendered":"<p>&nbsp;<\/p>\n<p>Rin\u00e7age hypoallerg\u00e9nique doux et parfum\u00e9 pour les v\u00eatements de b\u00e9b\u00e9 - rend les v\u00eatements doux, antistatique, parfum de longue dur\u00e9e avec une formule totalement respectueuse de la peau.<\/p>","protected":false},"featured_media":86,"comment_status":"open","ping_status":"closed","template":"","meta":[],"product_brand":[1377],"product_cat":[1385],"product_tag":[1487,1486,1454,1484,1482,1485,1481,1478,1483,1488],"class_list":{"0":"post-1013","1":"product","2":"type-product","3":"status-publish","4":"has-post-thumbnail","6":"product_brand-souldrops","7":"product_cat-souldrops-baby","8":"product_tag-1000ml-oblito","9":"product_tag-antisztatikus-textiloblito","10":"product_tag-erzekeny-borre","11":"product_tag-baba-girl-drop","12":"product_tag-babamosas","13":"product_tag-babaruhakhoz-oblito","14":"product_tag-hipoallergen-textiloblito","15":"product_tag-souldrops-baby","16":"product_tag-vegan-textiloblito","17":"product_tag-viragos-illatu-babamoso","19":"first","20":"instock","21":"taxable","22":"shipping-taxable","23":"product-type-simple"},"yoast_head":"<!-- This site is optimized with the Yoast SEO plugin v27.4 - https:\/\/yoast.com\/product\/yoast-seo-wordpress\/ -->\n<title>Souldrops baby girl drop hipoallerg\u00e9n-szenzit\u00edv textil\u00f6bl\u00edt\u0151 babaruh\u00e1khoz (1000 ml) - Souldrops International<\/title>\n<meta name=\"description\" content=\"\u201eK\u00edm\u00e9letes, vir\u00e1gos illat\u00fa hipoallerg\u00e9n textil\u00f6bl\u00edt\u0151 babaruh\u00e1khoz \u2013 puh\u00e1v\u00e1 teszi a ruh\u00e1kat, antisztatikus, hossz\u00fa illattart\u00f3ss\u00e1g\u00fa formula, teljesen b\u0151rbar\u00e1t \u00f6sszet\u00e9tellel.\u201d\" \/>\n<meta name=\"robots\" content=\"index, follow, max-snippet:-1, max-image-preview:large, max-video-preview:-1\" \/>\n<link rel=\"canonical\" href=\"https:\/\/mysouldrops.eu\/fr\/produit\/souldrops-bebe-fille-goutte-deau-pour-textile-sensible-hypoallergenique-vetements-pour-bebe\/\" \/>\n<meta property=\"og:locale\" content=\"fr_FR\" \/>\n<meta property=\"og:type\" content=\"article\" \/>\n<meta property=\"og:title\" content=\"Souldrops baby girl drop hipoallerg\u00e9n-szenzit\u00edv textil\u00f6bl\u00edt\u0151 babaruh\u00e1khoz (1000 ml) - Souldrops International\" \/>\n<meta property=\"og:description\" content=\"\u201eK\u00edm\u00e9letes, vir\u00e1gos illat\u00fa hipoallerg\u00e9n textil\u00f6bl\u00edt\u0151 babaruh\u00e1khoz \u2013 puh\u00e1v\u00e1 teszi a ruh\u00e1kat, antisztatikus, hossz\u00fa illattart\u00f3ss\u00e1g\u00fa formula, teljesen b\u0151rbar\u00e1t \u00f6sszet\u00e9tellel.\u201d\" \/>\n<meta property=\"og:url\" content=\"https:\/\/mysouldrops.eu\/fr\/produit\/souldrops-bebe-fille-goutte-deau-pour-textile-sensible-hypoallergenique-vetements-pour-bebe\/\" \/>\n<meta property=\"og:site_name\" content=\"Souldrops International\" \/>\n<meta property=\"article:modified_time\" content=\"2025-10-10T10:05:38+00:00\" \/>\n<meta property=\"og:image\" content=\"https:\/\/mysouldrops.eu\/wp-content\/uploads\/2025\/06\/BOGIRL10_REG__F-PAN700_SZ-FEHER_NINV_v5.png\" \/>\n\t<meta property=\"og:image:width\" content=\"2000\" \/>\n\t<meta property=\"og:image:height\" content=\"2000\" \/>\n\t<meta property=\"og:image:type\" content=\"image\/png\" \/>\n<meta name=\"twitter:card\" content=\"summary_large_image\" \/>\n<meta name=\"twitter:label1\" content=\"Dur\u00e9e de lecture estim\u00e9e\" \/>\n\t<meta name=\"twitter:data1\" content=\"1 minute\" \/>\n<script type=\"application\/ld+json\" class=\"yoast-schema-graph\">{\"@context\":\"https:\\\/\\\/schema.org\",\"@graph\":[{\"@type\":\"WebPage\",\"@id\":\"https:\\\/\\\/mysouldrops.eu\\\/termek\\\/souldrops-baby-girl-drop-hipoallergen-szenzitiv-textiloblito-babaruhakhoz\\\/\",\"url\":\"https:\\\/\\\/mysouldrops.eu\\\/termek\\\/souldrops-baby-girl-drop-hipoallergen-szenzitiv-textiloblito-babaruhakhoz\\\/\",\"name\":\"Souldrops baby girl drop hipoallerg\u00e9n-szenzit\u00edv textil\u00f6bl\u00edt\u0151 babaruh\u00e1khoz (1000 ml) - Souldrops International\",\"isPartOf\":{\"@id\":\"https:\\\/\\\/mysouldrops.eu\\\/#website\"},\"primaryImageOfPage\":{\"@id\":\"https:\\\/\\\/mysouldrops.eu\\\/termek\\\/souldrops-baby-girl-drop-hipoallergen-szenzitiv-textiloblito-babaruhakhoz\\\/#primaryimage\"},\"image\":{\"@id\":\"https:\\\/\\\/mysouldrops.eu\\\/termek\\\/souldrops-baby-girl-drop-hipoallergen-szenzitiv-textiloblito-babaruhakhoz\\\/#primaryimage\"},\"thumbnailUrl\":\"https:\\\/\\\/mysouldrops.eu\\\/wp-content\\\/uploads\\\/2025\\\/06\\\/BOGIRL10_REG__F-PAN700_SZ-FEHER_NINV_v5.png\",\"datePublished\":\"2025-07-04T12:35:02+00:00\",\"dateModified\":\"2025-10-10T10:05:38+00:00\",\"description\":\"\u201eK\u00edm\u00e9letes, vir\u00e1gos illat\u00fa hipoallerg\u00e9n textil\u00f6bl\u00edt\u0151 babaruh\u00e1khoz \u2013 puh\u00e1v\u00e1 teszi a ruh\u00e1kat, antisztatikus, hossz\u00fa illattart\u00f3ss\u00e1g\u00fa formula, teljesen b\u0151rbar\u00e1t \u00f6sszet\u00e9tellel.\u201d\",\"breadcrumb\":{\"@id\":\"https:\\\/\\\/mysouldrops.eu\\\/termek\\\/souldrops-baby-girl-drop-hipoallergen-szenzitiv-textiloblito-babaruhakhoz\\\/#breadcrumb\"},\"inLanguage\":\"fr-FR\",\"potentialAction\":[{\"@type\":\"ReadAction\",\"target\":[\"https:\\\/\\\/mysouldrops.eu\\\/termek\\\/souldrops-baby-girl-drop-hipoallergen-szenzitiv-textiloblito-babaruhakhoz\\\/\"]}]},{\"@type\":\"ImageObject\",\"inLanguage\":\"fr-FR\",\"@id\":\"https:\\\/\\\/mysouldrops.eu\\\/termek\\\/souldrops-baby-girl-drop-hipoallergen-szenzitiv-textiloblito-babaruhakhoz\\\/#primaryimage\",\"url\":\"https:\\\/\\\/mysouldrops.eu\\\/wp-content\\\/uploads\\\/2025\\\/06\\\/BOGIRL10_REG__F-PAN700_SZ-FEHER_NINV_v5.png\",\"contentUrl\":\"https:\\\/\\\/mysouldrops.eu\\\/wp-content\\\/uploads\\\/2025\\\/06\\\/BOGIRL10_REG__F-PAN700_SZ-FEHER_NINV_v5.png\",\"width\":2000,\"height\":2000},{\"@type\":\"BreadcrumbList\",\"@id\":\"https:\\\/\\\/mysouldrops.eu\\\/termek\\\/souldrops-baby-girl-drop-hipoallergen-szenzitiv-textiloblito-babaruhakhoz\\\/#breadcrumb\",\"itemListElement\":[{\"@type\":\"ListItem\",\"position\":1,\"name\":\"Kezd\u0151lap\",\"item\":\"https:\\\/\\\/mysouldrops.eu\\\/\"},{\"@type\":\"ListItem\",\"position\":2,\"name\":\"Shop\",\"item\":\"https:\\\/\\\/mysouldrops.eu\\\/uzlet\\\/\"},{\"@type\":\"ListItem\",\"position\":3,\"name\":\"Souldrops baby girl drop hipoallerg\u00e9n-szenzit\u00edv textil\u00f6bl\u00edt\u0151 babaruh\u00e1khoz (1000 ml)\"}]},{\"@type\":\"WebSite\",\"@id\":\"https:\\\/\\\/mysouldrops.eu\\\/#website\",\"url\":\"https:\\\/\\\/mysouldrops.eu\\\/\",\"name\":\"Souldrops International\",\"description\":\"A Souldrops egy k\u00f6rnyezettudatos tiszt\u00edt\u00f3szerm\u00e1rka, amely term\u00e9szetes \u00f6sszetev\u0151kkel \u00e9s st\u00edlusos szeml\u00e9lettel teszi tiszt\u00e1bb\u00e1 a vil\u00e1got \u2013 k\u00edv\u00fcl \u00e9s bel\u00fcl\",\"potentialAction\":[{\"@type\":\"SearchAction\",\"target\":{\"@type\":\"EntryPoint\",\"urlTemplate\":\"https:\\\/\\\/mysouldrops.eu\\\/?s={search_term_string}\"},\"query-input\":{\"@type\":\"PropertyValueSpecification\",\"valueRequired\":true,\"valueName\":\"search_term_string\"}}],\"inLanguage\":\"fr-FR\"}]}<\/script>\n<!-- \/ Yoast SEO plugin. -->","yoast_head_json":{"title":"Souldrops goutte b\u00e9b\u00e9 fille rin\u00e7age hypoallerg\u00e9nique pour v\u00eatements de b\u00e9b\u00e9 (1000 ml) - Souldrops International","description":"\u201eAssouplissant hypoallerg\u00e9nique doux et parfum\u00e9 pour les v\u00eatements de b\u00e9b\u00e9 - laisse les v\u00eatements doux, antistatique, parfum de longue dur\u00e9e avec une formule totalement respectueuse de la peau.\u201d","robots":{"index":"index","follow":"follow","max-snippet":"max-snippet:-1","max-image-preview":"max-image-preview:large","max-video-preview":"max-video-preview:-1"},"canonical":"https:\/\/mysouldrops.eu\/fr\/produit\/souldrops-bebe-fille-goutte-deau-pour-textile-sensible-hypoallergenique-vetements-pour-bebe\/","og_locale":"fr_FR","og_type":"article","og_title":"Souldrops baby girl drop hipoallerg\u00e9n-szenzit\u00edv textil\u00f6bl\u00edt\u0151 babaruh\u00e1khoz (1000 ml) - Souldrops International","og_description":"\u201eK\u00edm\u00e9letes, vir\u00e1gos illat\u00fa hipoallerg\u00e9n textil\u00f6bl\u00edt\u0151 babaruh\u00e1khoz \u2013 puh\u00e1v\u00e1 teszi a ruh\u00e1kat, antisztatikus, hossz\u00fa illattart\u00f3ss\u00e1g\u00fa formula, teljesen b\u0151rbar\u00e1t \u00f6sszet\u00e9tellel.\u201d","og_url":"https:\/\/mysouldrops.eu\/fr\/produit\/souldrops-bebe-fille-goutte-deau-pour-textile-sensible-hypoallergenique-vetements-pour-bebe\/","og_site_name":"Souldrops International","article_modified_time":"2025-10-10T10:05:38+00:00","og_image":[{"width":2000,"height":2000,"url":"https:\/\/mysouldrops.eu\/wp-content\/uploads\/2025\/06\/BOGIRL10_REG__F-PAN700_SZ-FEHER_NINV_v5.png","type":"image\/png"}],"twitter_card":"summary_large_image","twitter_misc":{"Dur\u00e9e de lecture estim\u00e9e":"1 minute"},"schema":{"@context":"https:\/\/schema.org","@graph":[{"@type":"WebPage","@id":"https:\/\/mysouldrops.eu\/termek\/souldrops-baby-girl-drop-hipoallergen-szenzitiv-textiloblito-babaruhakhoz\/","url":"https:\/\/mysouldrops.eu\/termek\/souldrops-baby-girl-drop-hipoallergen-szenzitiv-textiloblito-babaruhakhoz\/","name":"Souldrops goutte b\u00e9b\u00e9 fille rin\u00e7age hypoallerg\u00e9nique pour v\u00eatements de b\u00e9b\u00e9 (1000 ml) - Souldrops International","isPartOf":{"@id":"https:\/\/mysouldrops.eu\/#website"},"primaryImageOfPage":{"@id":"https:\/\/mysouldrops.eu\/termek\/souldrops-baby-girl-drop-hipoallergen-szenzitiv-textiloblito-babaruhakhoz\/#primaryimage"},"image":{"@id":"https:\/\/mysouldrops.eu\/termek\/souldrops-baby-girl-drop-hipoallergen-szenzitiv-textiloblito-babaruhakhoz\/#primaryimage"},"thumbnailUrl":"https:\/\/mysouldrops.eu\/wp-content\/uploads\/2025\/06\/BOGIRL10_REG__F-PAN700_SZ-FEHER_NINV_v5.png","datePublished":"2025-07-04T12:35:02+00:00","dateModified":"2025-10-10T10:05:38+00:00","description":"\u201eAssouplissant hypoallerg\u00e9nique doux et parfum\u00e9 pour les v\u00eatements de b\u00e9b\u00e9 - laisse les v\u00eatements doux, antistatique, parfum de longue dur\u00e9e avec une formule totalement respectueuse de la peau.\u201d","breadcrumb":{"@id":"https:\/\/mysouldrops.eu\/termek\/souldrops-baby-girl-drop-hipoallergen-szenzitiv-textiloblito-babaruhakhoz\/#breadcrumb"},"inLanguage":"fr-FR","potentialAction":[{"@type":"ReadAction","target":["https:\/\/mysouldrops.eu\/termek\/souldrops-baby-girl-drop-hipoallergen-szenzitiv-textiloblito-babaruhakhoz\/"]}]},{"@type":"ImageObject","inLanguage":"fr-FR","@id":"https:\/\/mysouldrops.eu\/termek\/souldrops-baby-girl-drop-hipoallergen-szenzitiv-textiloblito-babaruhakhoz\/#primaryimage","url":"https:\/\/mysouldrops.eu\/wp-content\/uploads\/2025\/06\/BOGIRL10_REG__F-PAN700_SZ-FEHER_NINV_v5.png","contentUrl":"https:\/\/mysouldrops.eu\/wp-content\/uploads\/2025\/06\/BOGIRL10_REG__F-PAN700_SZ-FEHER_NINV_v5.png","width":2000,"height":2000},{"@type":"BreadcrumbList","@id":"https:\/\/mysouldrops.eu\/termek\/souldrops-baby-girl-drop-hipoallergen-szenzitiv-textiloblito-babaruhakhoz\/#breadcrumb","itemListElement":[{"@type":"ListItem","position":1,"name":"Kezd\u0151lap","item":"https:\/\/mysouldrops.eu\/"},{"@type":"ListItem","position":2,"name":"Shop","item":"https:\/\/mysouldrops.eu\/uzlet\/"},{"@type":"ListItem","position":3,"name":"Souldrops baby girl drop hipoallerg\u00e9n-szenzit\u00edv textil\u00f6bl\u00edt\u0151 babaruh\u00e1khoz (1000 ml)"}]},{"@type":"WebSite","@id":"https:\/\/mysouldrops.eu\/#website","url":"https:\/\/mysouldrops.eu\/","name":"Souldrops International","description":"Souldrops est une marque de produits d'entretien respectueuse de l'environnement qui utilise des ingr\u00e9dients naturels et une approche \u00e9l\u00e9gante pour rendre le monde plus propre, \u00e0 l'int\u00e9rieur comme \u00e0 l'ext\u00e9rieur.","potentialAction":[{"@type":"SearchAction","target":{"@type":"EntryPoint","urlTemplate":"https:\/\/mysouldrops.eu\/?s={search_term_string}"},"query-input":{"@type":"PropertyValueSpecification","valueRequired":true,"valueName":"search_term_string"}}],"inLanguage":"fr-FR"}]}},"jetpack_likes_enabled":true,"jetpack_sharing_enabled":true,"_links":{"self":[{"href":"https:\/\/mysouldrops.eu\/fr\/wp-json\/wp\/v2\/product\/1013","targetHints":{"allow":["GET"]}}],"collection":[{"href":"https:\/\/mysouldrops.eu\/fr\/wp-json\/wp\/v2\/product"}],"about":[{"href":"https:\/\/mysouldrops.eu\/fr\/wp-json\/wp\/v2\/types\/product"}],"replies":[{"embeddable":true,"href":"https:\/\/mysouldrops.eu\/fr\/wp-json\/wp\/v2\/comments?post=1013"}],"wp:featuredmedia":[{"embeddable":true,"href":"https:\/\/mysouldrops.eu\/fr\/wp-json\/wp\/v2\/media\/86"}],"wp:attachment":[{"href":"https:\/\/mysouldrops.eu\/fr\/wp-json\/wp\/v2\/media?parent=1013"}],"wp:term":[{"taxonomy":"product_brand","embeddable":true,"href":"https:\/\/mysouldrops.eu\/fr\/wp-json\/wp\/v2\/product_brand?post=1013"},{"taxonomy":"product_cat","embeddable":true,"href":"https:\/\/mysouldrops.eu\/fr\/wp-json\/wp\/v2\/product_cat?post=1013"},{"taxonomy":"product_tag","embeddable":true,"href":"https:\/\/mysouldrops.eu\/fr\/wp-json\/wp\/v2\/product_tag?post=1013"}],"curies":[{"name":"wp","href":"https:\/\/api.w.org\/{rel}","templated":true}]}}