{"id":1073,"date":"2025-07-13T19:30:40","date_gmt":"2025-07-13T17:30:40","guid":{"rendered":"https:\/\/mysouldrops.eu\/?post_type=product&#038;p=1073"},"modified":"2026-02-25T14:08:49","modified_gmt":"2026-02-25T13:08:49","slug":"souldrops-savon-universel-mosogel-3250-ml","status":"publish","type":"product","link":"https:\/\/mysouldrops.eu\/fr\/termek\/souldrops-felhocsepp-univerzalis-mosogel-3250-ml\/","title":{"rendered":"Souldrops Cloud Drop Sensitive Washing Gel (1300 ml)"},"content":{"rendered":"<p data-start=\"567\" data-end=\"656\"><strong data-start=\"567\" data-end=\"654\">Souldrops Felh\u0151csepp szenzit\u00edv mos\u00f3g\u00e9l \u2013 Gyeng\u00e9d tisztas\u00e1g, \u00e9rz\u00e9keny b\u0151rre tervezve<\/strong><\/p>\n<p data-start=\"658\" data-end=\"1042\">A <strong data-start=\"660\" data-end=\"702\">Souldrops Felh\u0151csepp szenzit\u00edv mos\u00f3g\u00e9l<\/strong> illata a frissess\u00e9g \u00e9s tisztas\u00e1g esszenci\u00e1j\u00e1t id\u00e9zi \u2013 mintha egy felh\u0151n lebegve szippantan\u00e1nk a tiszta, friss leveg\u0151t. Illatkompoz\u00edci\u00f3ja a p\u00faderes, l\u00e1gyan szappanos jegyek \u00e9s a finom feh\u00e9r vir\u00e1gok eleg\u00e1ns harm\u00f3ni\u00e1j\u00e1n alapul, amely a ruh\u00e1k mellett a lelket is megsimogatja. Nem tolakod\u00f3, hanem bens\u0151s\u00e9ges illat, amely hosszan veled marad.<\/p>\n<p data-start=\"1044\" data-end=\"1393\">Ez a mos\u00f3g\u00e9l <strong data-start=\"1057\" data-end=\"1093\">k\u00fcl\u00f6n\u00f6sen \u00e9rz\u00e9keny b\u0151rre k\u00e9sz\u00fclt<\/strong>, kompromisszumok n\u00e9lk\u00fcl. Formul\u00e1ja mentes az illatallerg\u00e9nekt\u0151l, sz\u00ednez\u00e9kekt\u0151l, SLS-t\u0151l \u00e9s parab\u00e9nekt\u0151l, \u00edgy k\u00edm\u00e9letesen tiszt\u00edtja a text\u00edli\u00e1kat, mik\u00f6zben luxus\u00e9rzetet ny\u00fajt minden mos\u00e1sn\u00e1l. A <strong data-start=\"1287\" data-end=\"1301\">Felh\u0151csepp<\/strong> egy l\u00e1gy \u00f6lel\u00e9s, amely meg\u0151rzi a ruh\u00e1k frissess\u00e9g\u00e9t \u00e9s tisztas\u00e1g\u00e1t, mik\u00f6zben \u00f3vja a b\u0151rt.<\/p>\n<p data-start=\"1395\" data-end=\"1409\"><strong data-start=\"1395\" data-end=\"1407\">El\u0151ny\u00f6k:<\/strong><\/p>\n<ul data-start=\"1410\" data-end=\"1650\">\n<li data-start=\"1410\" data-end=\"1460\">\n<p data-start=\"1412\" data-end=\"1460\">K\u00edm\u00e9letes, hipoallerg\u00e9n formula \u00e9rz\u00e9keny b\u0151rre<\/p>\n<\/li>\n<li data-start=\"1461\" data-end=\"1516\">\n<p data-start=\"1463\" data-end=\"1516\">P\u00faderes, szappanos \u00e9s feh\u00e9r vir\u00e1gos illatkompoz\u00edci\u00f3<\/p>\n<\/li>\n<li data-start=\"1517\" data-end=\"1569\">\n<p data-start=\"1519\" data-end=\"1569\">Illatallerg\u00e9n-, sz\u00ednez\u00e9k-, SLS- \u00e9s parab\u00e9nmentes<\/p>\n<\/li>\n<li data-start=\"1570\" data-end=\"1621\">\n<p data-start=\"1572\" data-end=\"1621\">Hat\u00e9kony tiszt\u00edt\u00e1s sz\u00ednes \u00e9s feh\u00e9r text\u00edli\u00e1khoz<\/p>\n<\/li>\n<li data-start=\"1622\" data-end=\"1650\">\n<p data-start=\"1624\" data-end=\"1650\">Hosszan tart\u00f3 frissess\u00e9g<\/p>\n<\/li>\n<\/ul>\n<div class=\"_tableContainer_16hzy_1\">\n<div class=\"_tableWrapper_16hzy_14 group flex w-fit flex-col-reverse\" tabindex=\"-1\">\n<table class=\"w-fit min-w-(--thread-content-width)\" data-start=\"640\" data-end=\"1339\">\n<thead data-start=\"640\" data-end=\"704\">\n<tr data-start=\"640\" data-end=\"704\">\n<th data-start=\"640\" data-end=\"659\" data-col-size=\"sm\">Mos\u00e1si mennyis\u00e9g<\/th>\n<th data-start=\"659\" data-end=\"674\" data-col-size=\"sm\">V\u00edzkem\u00e9nys\u00e9g<\/th>\n<th data-start=\"674\" data-end=\"691\" data-col-size=\"sm\">Szennyezetts\u00e9g<\/th>\n<th data-start=\"691\" data-end=\"704\" data-col-size=\"sm\">Adag (ml)<\/th>\n<\/tr>\n<\/thead>\n<tbody data-start=\"769\" data-end=\"1339\">\n<tr data-start=\"769\" data-end=\"865\">\n<td data-start=\"769\" data-end=\"821\" data-col-size=\"sm\"><span class=\"relative -mx-px my-[-0.2rem] rounded px-px py-[0.2rem] transition-colors duration-100 ease-in-out\">4\u20135\u202fkg<\/span><\/td>\n<td data-start=\"821\" data-end=\"835\" data-col-size=\"sm\">L\u00e1gy\/K\u00f6zepes<\/td>\n<td data-start=\"835\" data-end=\"852\" data-col-size=\"sm\">Norm\u00e1l<\/td>\n<td data-start=\"852\" data-end=\"865\" data-col-size=\"sm\">65\u202fml<\/td>\n<\/tr>\n<tr data-start=\"866\" data-end=\"962\">\n<td data-start=\"866\" data-end=\"918\" data-col-size=\"sm\"><span class=\"relative -mx-px my-[-0.2rem] rounded px-px py-[0.2rem] transition-colors duration-100 ease-in-out\">4\u20135\u202fkg<\/span><\/td>\n<td data-col-size=\"sm\" data-start=\"918\" data-end=\"932\">L\u00e1gy\/K\u00f6zepes<\/td>\n<td data-col-size=\"sm\" data-start=\"932\" data-end=\"949\">Er\u0151s<\/td>\n<td data-col-size=\"sm\" data-start=\"949\" data-end=\"962\">100\u202fml<\/td>\n<\/tr>\n<tr data-start=\"963\" data-end=\"1059\">\n<td data-start=\"963\" data-end=\"1015\" data-col-size=\"sm\"><span class=\"relative -mx-px my-[-0.2rem] rounded px-px py-[0.2rem] transition-colors duration-100 ease-in-out\">4\u20135\u202fkg<\/span><\/td>\n<td data-col-size=\"sm\" data-start=\"1015\" data-end=\"1029\">Kem\u00e9ny<\/td>\n<td data-col-size=\"sm\" data-start=\"1029\" data-end=\"1046\">Norm\u00e1l<\/td>\n<td data-col-size=\"sm\" data-start=\"1046\" data-end=\"1059\">75\u202fml<\/td>\n<\/tr>\n<tr data-start=\"1060\" data-end=\"1156\">\n<td data-start=\"1060\" data-end=\"1112\" data-col-size=\"sm\"><span class=\"relative -mx-px my-[-0.2rem] rounded px-px py-[0.2rem] transition-colors duration-100 ease-in-out\">4\u20135\u202fkg<\/span><\/td>\n<td data-col-size=\"sm\" data-start=\"1112\" data-end=\"1126\">Kem\u00e9ny<\/td>\n<td data-col-size=\"sm\" data-start=\"1126\" data-end=\"1143\">Er\u0151s<\/td>\n<td data-col-size=\"sm\" data-start=\"1143\" data-end=\"1156\">125\u202fml<\/td>\n<\/tr>\n<tr data-start=\"1157\" data-end=\"1253\">\n<td data-start=\"1157\" data-end=\"1209\" data-col-size=\"sm\"><span class=\"relative -mx-px my-[-0.2rem] rounded px-px py-[0.2rem] transition-colors duration-100 ease-in-out\">7\u20139\u202fkg<\/span><\/td>\n<td data-col-size=\"sm\" data-start=\"1209\" data-end=\"1223\">\u2014<\/td>\n<td data-col-size=\"sm\" data-start=\"1223\" data-end=\"1240\">\u2014<\/td>\n<td data-col-size=\"sm\" data-start=\"1240\" data-end=\"1253\">+25\u202fml<\/td>\n<\/tr>\n<tr data-start=\"1254\" data-end=\"1339\">\n<td data-start=\"1254\" data-end=\"1295\" data-col-size=\"sm\"><span class=\"relative -mx-px my-[-0.2rem] rounded px-px py-[0.2rem] transition-colors duration-100 ease-in-out\">K\u00e9zi mos\u00e1s (10\u202fl)<\/span><\/td>\n<td data-col-size=\"sm\" data-start=\"1295\" data-end=\"1309\">\u2014<\/td>\n<td data-col-size=\"sm\" data-start=\"1309\" data-end=\"1326\">\u2014<\/td>\n<td data-col-size=\"sm\" data-start=\"1326\" data-end=\"1339\">50\u202fml<\/td>\n<\/tr>\n<\/tbody>\n<\/table>\n<div class=\"sticky end-(--thread-content-margin) h-0 self-end select-none\">\n<div class=\"absolute end-0 flex items-end\"><\/div>\n<\/div>\n<\/div>\n<\/div>\n<p data-start=\"1341\" data-end=\"1421\">A <strong data-start=\"1760\" data-end=\"1802\">Souldrops Felh\u0151csepp szenzit\u00edv mos\u00f3g\u00e9l<\/strong> t\u00f6k\u00e9letes v\u00e1laszt\u00e1s mindazoknak, akik a ruh\u00e1ik \u00e9s b\u0151r\u00fck tisztas\u00e1g\u00e1t egyar\u00e1nt fontosnak tartj\u00e1k \u2013 gyeng\u00e9den, term\u00e9szetesen, kompromisszumok n\u00e9lk\u00fcl.<\/p>\n","protected":false},"excerpt":{"rendered":"<p>Nettoyage doux mais efficace pour les peaux sensibles. A <strong data-start=\"282\" data-end=\"324\">Souldrops Cloud Drop Gel lavant sensible<\/strong> avec son savon doux et poudr\u00e9 et son parfum de fleurs blanches, procure une sensation de propret\u00e9 et de confort, tout en \u00e9tant exempt d'allerg\u00e8nes de parfum, de colorants, de SLS et de parab\u00e8nes.<\/p>","protected":false},"featured_media":3099,"comment_status":"open","ping_status":"closed","template":"","meta":[],"product_brand":[1377],"product_cat":[1378],"product_tag":[1494,1496,1454,1480,1471,1492,1493,1495,1474,1462,1491,1465,1473,1497,1498,1468,1439,1490,1464,1466],"class_list":{"0":"post-1073","1":"product","2":"type-product","3":"status-publish","4":"has-post-thumbnail","6":"product_brand-souldrops","7":"product_cat-mosogel","8":"product_tag-1300ml","9":"product_tag-allergiabarat","10":"product_tag-erzekeny-borre","11":"product_tag-erzekeny-textiliakhoz","12":"product_tag-okohatekony","13":"product_tag-bababarat","14":"product_tag-borbarat-mososzer","15":"product_tag-folyekony-mososzer","16":"product_tag-foszfatmentes","17":"product_tag-hipoallergen","18":"product_tag-illatmentes","19":"product_tag-kornyezetbarat","20":"product_tag-klormentes","21":"product_tag-magyar-termek","22":"product_tag-mososzer-erzekeny-borre","23":"product_tag-sls-mentes","24":"product_tag-souldrops","25":"product_tag-szenzitiv-mosogel","26":"product_tag-termeszetes-mososzer","27":"product_tag-vegan-termek","29":"first","30":"instock","31":"taxable","32":"shipping-taxable","33":"product-type-simple"},"yoast_head":"<!-- This site is optimized with the Yoast SEO plugin v27.4 - https:\/\/yoast.com\/product\/yoast-seo-wordpress\/ -->\n<title>Souldrops Felh\u0151csepp szenzit\u00edv mos\u00f3g\u00e9l (1300 ml) - Souldrops International<\/title>\n<meta name=\"description\" content=\"A Souldrops Felh\u0151csepp mos\u00f3g\u00e9l \u00e9rz\u00e9keny b\u0151rre k\u00e9sz\u00fclt, dermatol\u00f3giailag tesztelt formula. N\u00f6v\u00e9nyi eredet\u0171, term\u00e9szetesen leboml\u00f3 \u00f6sszetev\u0151i k\u00edm\u00e9letesek a b\u0151rh\u00f6z \u00e9s a k\u00f6rnyezethez \u2013 \u00e1llatk\u00eds\u00e9rletek n\u00e9lk\u00fcl, k\u0151olajsz\u00e1rmaz\u00e9k-mentesen.\" \/>\n<meta name=\"robots\" content=\"index, follow, max-snippet:-1, max-image-preview:large, max-video-preview:-1\" \/>\n<link rel=\"canonical\" href=\"https:\/\/mysouldrops.eu\/fr\/produit\/souldrops-savon-universel-mosogel-3250-ml\/\" \/>\n<meta property=\"og:locale\" content=\"fr_FR\" \/>\n<meta property=\"og:type\" content=\"article\" \/>\n<meta property=\"og:title\" content=\"Souldrops Felh\u0151csepp szenzit\u00edv mos\u00f3g\u00e9l (1300 ml) - Souldrops International\" \/>\n<meta property=\"og:description\" content=\"A Souldrops Felh\u0151csepp mos\u00f3g\u00e9l \u00e9rz\u00e9keny b\u0151rre k\u00e9sz\u00fclt, dermatol\u00f3giailag tesztelt formula. N\u00f6v\u00e9nyi eredet\u0171, term\u00e9szetesen leboml\u00f3 \u00f6sszetev\u0151i k\u00edm\u00e9letesek a b\u0151rh\u00f6z \u00e9s a k\u00f6rnyezethez \u2013 \u00e1llatk\u00eds\u00e9rletek n\u00e9lk\u00fcl, k\u0151olajsz\u00e1rmaz\u00e9k-mentesen.\" \/>\n<meta property=\"og:url\" content=\"https:\/\/mysouldrops.eu\/fr\/produit\/souldrops-savon-universel-mosogel-3250-ml\/\" \/>\n<meta property=\"og:site_name\" content=\"Souldrops International\" \/>\n<meta property=\"article:modified_time\" content=\"2026-02-25T13:08:49+00:00\" \/>\n<meta property=\"og:image\" content=\"https:\/\/mysouldrops.eu\/wp-content\/uploads\/2026\/02\/F13_EN_ECOLABEL_F-RAL6024_SZ-FEHER_NINV_v9.png\" \/>\n\t<meta property=\"og:image:width\" content=\"2000\" \/>\n\t<meta property=\"og:image:height\" content=\"2000\" \/>\n\t<meta property=\"og:image:type\" content=\"image\/png\" \/>\n<meta name=\"twitter:card\" content=\"summary_large_image\" \/>\n<meta name=\"twitter:label1\" content=\"Dur\u00e9e de lecture estim\u00e9e\" \/>\n\t<meta name=\"twitter:data1\" content=\"2 minutes\" \/>\n<script type=\"application\/ld+json\" class=\"yoast-schema-graph\">{\"@context\":\"https:\\\/\\\/schema.org\",\"@graph\":[{\"@type\":\"WebPage\",\"@id\":\"https:\\\/\\\/mysouldrops.eu\\\/termek\\\/souldrops-felhocsepp-univerzalis-mosogel-3250-ml\\\/\",\"url\":\"https:\\\/\\\/mysouldrops.eu\\\/termek\\\/souldrops-felhocsepp-univerzalis-mosogel-3250-ml\\\/\",\"name\":\"Souldrops Felh\u0151csepp szenzit\u00edv mos\u00f3g\u00e9l (1300 ml) - Souldrops International\",\"isPartOf\":{\"@id\":\"https:\\\/\\\/mysouldrops.eu\\\/#website\"},\"primaryImageOfPage\":{\"@id\":\"https:\\\/\\\/mysouldrops.eu\\\/termek\\\/souldrops-felhocsepp-univerzalis-mosogel-3250-ml\\\/#primaryimage\"},\"image\":{\"@id\":\"https:\\\/\\\/mysouldrops.eu\\\/termek\\\/souldrops-felhocsepp-univerzalis-mosogel-3250-ml\\\/#primaryimage\"},\"thumbnailUrl\":\"https:\\\/\\\/mysouldrops.eu\\\/wp-content\\\/uploads\\\/2026\\\/02\\\/F13_EN_ECOLABEL_F-RAL6024_SZ-FEHER_NINV_v9.png\",\"datePublished\":\"2025-07-13T17:30:40+00:00\",\"dateModified\":\"2026-02-25T13:08:49+00:00\",\"description\":\"A Souldrops Felh\u0151csepp mos\u00f3g\u00e9l \u00e9rz\u00e9keny b\u0151rre k\u00e9sz\u00fclt, dermatol\u00f3giailag tesztelt formula. N\u00f6v\u00e9nyi eredet\u0171, term\u00e9szetesen leboml\u00f3 \u00f6sszetev\u0151i k\u00edm\u00e9letesek a b\u0151rh\u00f6z \u00e9s a k\u00f6rnyezethez \u2013 \u00e1llatk\u00eds\u00e9rletek n\u00e9lk\u00fcl, k\u0151olajsz\u00e1rmaz\u00e9k-mentesen.\",\"breadcrumb\":{\"@id\":\"https:\\\/\\\/mysouldrops.eu\\\/termek\\\/souldrops-felhocsepp-univerzalis-mosogel-3250-ml\\\/#breadcrumb\"},\"inLanguage\":\"fr-FR\",\"potentialAction\":[{\"@type\":\"ReadAction\",\"target\":[\"https:\\\/\\\/mysouldrops.eu\\\/termek\\\/souldrops-felhocsepp-univerzalis-mosogel-3250-ml\\\/\"]}]},{\"@type\":\"ImageObject\",\"inLanguage\":\"fr-FR\",\"@id\":\"https:\\\/\\\/mysouldrops.eu\\\/termek\\\/souldrops-felhocsepp-univerzalis-mosogel-3250-ml\\\/#primaryimage\",\"url\":\"https:\\\/\\\/mysouldrops.eu\\\/wp-content\\\/uploads\\\/2026\\\/02\\\/F13_EN_ECOLABEL_F-RAL6024_SZ-FEHER_NINV_v9.png\",\"contentUrl\":\"https:\\\/\\\/mysouldrops.eu\\\/wp-content\\\/uploads\\\/2026\\\/02\\\/F13_EN_ECOLABEL_F-RAL6024_SZ-FEHER_NINV_v9.png\",\"width\":2000,\"height\":2000},{\"@type\":\"BreadcrumbList\",\"@id\":\"https:\\\/\\\/mysouldrops.eu\\\/termek\\\/souldrops-felhocsepp-univerzalis-mosogel-3250-ml\\\/#breadcrumb\",\"itemListElement\":[{\"@type\":\"ListItem\",\"position\":1,\"name\":\"Kezd\u0151lap\",\"item\":\"https:\\\/\\\/mysouldrops.eu\\\/\"},{\"@type\":\"ListItem\",\"position\":2,\"name\":\"Shop\",\"item\":\"https:\\\/\\\/mysouldrops.eu\\\/uzlet\\\/\"},{\"@type\":\"ListItem\",\"position\":3,\"name\":\"Souldrops Felh\u0151csepp szenzit\u00edv mos\u00f3g\u00e9l (1300 ml)\"}]},{\"@type\":\"WebSite\",\"@id\":\"https:\\\/\\\/mysouldrops.eu\\\/#website\",\"url\":\"https:\\\/\\\/mysouldrops.eu\\\/\",\"name\":\"Souldrops International\",\"description\":\"A Souldrops egy k\u00f6rnyezettudatos tiszt\u00edt\u00f3szerm\u00e1rka, amely term\u00e9szetes \u00f6sszetev\u0151kkel \u00e9s st\u00edlusos szeml\u00e9lettel teszi tiszt\u00e1bb\u00e1 a vil\u00e1got \u2013 k\u00edv\u00fcl \u00e9s bel\u00fcl\",\"potentialAction\":[{\"@type\":\"SearchAction\",\"target\":{\"@type\":\"EntryPoint\",\"urlTemplate\":\"https:\\\/\\\/mysouldrops.eu\\\/?s={search_term_string}\"},\"query-input\":{\"@type\":\"PropertyValueSpecification\",\"valueRequired\":true,\"valueName\":\"search_term_string\"}}],\"inLanguage\":\"fr-FR\"}]}<\/script>\n<!-- \/ Yoast SEO plugin. -->","yoast_head_json":{"title":"Souldrops Cloud Drops Gel lavant sensible (1300 ml) - Souldrops International","description":"Le gel lavant Souldrops Clouddrop est une formule test\u00e9e dermatologiquement pour les peaux sensibles. Ses ingr\u00e9dients d'origine v\u00e9g\u00e9tale, naturellement d\u00e9gradables, sont doux pour la peau et l'environnement - pas de tests sur les animaux, pas de p\u00e9trole.","robots":{"index":"index","follow":"follow","max-snippet":"max-snippet:-1","max-image-preview":"max-image-preview:large","max-video-preview":"max-video-preview:-1"},"canonical":"https:\/\/mysouldrops.eu\/fr\/produit\/souldrops-savon-universel-mosogel-3250-ml\/","og_locale":"fr_FR","og_type":"article","og_title":"Souldrops Felh\u0151csepp szenzit\u00edv mos\u00f3g\u00e9l (1300 ml) - Souldrops International","og_description":"A Souldrops Felh\u0151csepp mos\u00f3g\u00e9l \u00e9rz\u00e9keny b\u0151rre k\u00e9sz\u00fclt, dermatol\u00f3giailag tesztelt formula. N\u00f6v\u00e9nyi eredet\u0171, term\u00e9szetesen leboml\u00f3 \u00f6sszetev\u0151i k\u00edm\u00e9letesek a b\u0151rh\u00f6z \u00e9s a k\u00f6rnyezethez \u2013 \u00e1llatk\u00eds\u00e9rletek n\u00e9lk\u00fcl, k\u0151olajsz\u00e1rmaz\u00e9k-mentesen.","og_url":"https:\/\/mysouldrops.eu\/fr\/produit\/souldrops-savon-universel-mosogel-3250-ml\/","og_site_name":"Souldrops International","article_modified_time":"2026-02-25T13:08:49+00:00","og_image":[{"width":2000,"height":2000,"url":"https:\/\/mysouldrops.eu\/wp-content\/uploads\/2026\/02\/F13_EN_ECOLABEL_F-RAL6024_SZ-FEHER_NINV_v9.png","type":"image\/png"}],"twitter_card":"summary_large_image","twitter_misc":{"Dur\u00e9e de lecture estim\u00e9e":"2 minutes"},"schema":{"@context":"https:\/\/schema.org","@graph":[{"@type":"WebPage","@id":"https:\/\/mysouldrops.eu\/termek\/souldrops-felhocsepp-univerzalis-mosogel-3250-ml\/","url":"https:\/\/mysouldrops.eu\/termek\/souldrops-felhocsepp-univerzalis-mosogel-3250-ml\/","name":"Souldrops Cloud Drops Gel lavant sensible (1300 ml) - Souldrops International","isPartOf":{"@id":"https:\/\/mysouldrops.eu\/#website"},"primaryImageOfPage":{"@id":"https:\/\/mysouldrops.eu\/termek\/souldrops-felhocsepp-univerzalis-mosogel-3250-ml\/#primaryimage"},"image":{"@id":"https:\/\/mysouldrops.eu\/termek\/souldrops-felhocsepp-univerzalis-mosogel-3250-ml\/#primaryimage"},"thumbnailUrl":"https:\/\/mysouldrops.eu\/wp-content\/uploads\/2026\/02\/F13_EN_ECOLABEL_F-RAL6024_SZ-FEHER_NINV_v9.png","datePublished":"2025-07-13T17:30:40+00:00","dateModified":"2026-02-25T13:08:49+00:00","description":"Le gel lavant Souldrops Clouddrop est une formule test\u00e9e dermatologiquement pour les peaux sensibles. Ses ingr\u00e9dients d'origine v\u00e9g\u00e9tale, naturellement d\u00e9gradables, sont doux pour la peau et l'environnement - pas de tests sur les animaux, pas de p\u00e9trole.","breadcrumb":{"@id":"https:\/\/mysouldrops.eu\/termek\/souldrops-felhocsepp-univerzalis-mosogel-3250-ml\/#breadcrumb"},"inLanguage":"fr-FR","potentialAction":[{"@type":"ReadAction","target":["https:\/\/mysouldrops.eu\/termek\/souldrops-felhocsepp-univerzalis-mosogel-3250-ml\/"]}]},{"@type":"ImageObject","inLanguage":"fr-FR","@id":"https:\/\/mysouldrops.eu\/termek\/souldrops-felhocsepp-univerzalis-mosogel-3250-ml\/#primaryimage","url":"https:\/\/mysouldrops.eu\/wp-content\/uploads\/2026\/02\/F13_EN_ECOLABEL_F-RAL6024_SZ-FEHER_NINV_v9.png","contentUrl":"https:\/\/mysouldrops.eu\/wp-content\/uploads\/2026\/02\/F13_EN_ECOLABEL_F-RAL6024_SZ-FEHER_NINV_v9.png","width":2000,"height":2000},{"@type":"BreadcrumbList","@id":"https:\/\/mysouldrops.eu\/termek\/souldrops-felhocsepp-univerzalis-mosogel-3250-ml\/#breadcrumb","itemListElement":[{"@type":"ListItem","position":1,"name":"Kezd\u0151lap","item":"https:\/\/mysouldrops.eu\/"},{"@type":"ListItem","position":2,"name":"Shop","item":"https:\/\/mysouldrops.eu\/uzlet\/"},{"@type":"ListItem","position":3,"name":"Souldrops Felh\u0151csepp szenzit\u00edv mos\u00f3g\u00e9l (1300 ml)"}]},{"@type":"WebSite","@id":"https:\/\/mysouldrops.eu\/#website","url":"https:\/\/mysouldrops.eu\/","name":"Souldrops International","description":"Souldrops est une marque de produits d'entretien respectueuse de l'environnement qui utilise des ingr\u00e9dients naturels et une approche \u00e9l\u00e9gante pour rendre le monde plus propre, \u00e0 l'int\u00e9rieur comme \u00e0 l'ext\u00e9rieur.","potentialAction":[{"@type":"SearchAction","target":{"@type":"EntryPoint","urlTemplate":"https:\/\/mysouldrops.eu\/?s={search_term_string}"},"query-input":{"@type":"PropertyValueSpecification","valueRequired":true,"valueName":"search_term_string"}}],"inLanguage":"fr-FR"}]}},"jetpack_likes_enabled":true,"jetpack_sharing_enabled":true,"_links":{"self":[{"href":"https:\/\/mysouldrops.eu\/fr\/wp-json\/wp\/v2\/product\/1073","targetHints":{"allow":["GET"]}}],"collection":[{"href":"https:\/\/mysouldrops.eu\/fr\/wp-json\/wp\/v2\/product"}],"about":[{"href":"https:\/\/mysouldrops.eu\/fr\/wp-json\/wp\/v2\/types\/product"}],"replies":[{"embeddable":true,"href":"https:\/\/mysouldrops.eu\/fr\/wp-json\/wp\/v2\/comments?post=1073"}],"wp:featuredmedia":[{"embeddable":true,"href":"https:\/\/mysouldrops.eu\/fr\/wp-json\/wp\/v2\/media\/3099"}],"wp:attachment":[{"href":"https:\/\/mysouldrops.eu\/fr\/wp-json\/wp\/v2\/media?parent=1073"}],"wp:term":[{"taxonomy":"product_brand","embeddable":true,"href":"https:\/\/mysouldrops.eu\/fr\/wp-json\/wp\/v2\/product_brand?post=1073"},{"taxonomy":"product_cat","embeddable":true,"href":"https:\/\/mysouldrops.eu\/fr\/wp-json\/wp\/v2\/product_cat?post=1073"},{"taxonomy":"product_tag","embeddable":true,"href":"https:\/\/mysouldrops.eu\/fr\/wp-json\/wp\/v2\/product_tag?post=1073"}],"curies":[{"name":"wp","href":"https:\/\/api.w.org\/{rel}","templated":true}]}}