{"id":1080,"date":"2025-07-13T19:38:21","date_gmt":"2025-07-13T17:38:21","guid":{"rendered":"https:\/\/mysouldrops.eu\/?post_type=product&#038;p=1080"},"modified":"2026-02-25T14:04:05","modified_gmt":"2026-02-25T13:04:05","slug":"souldrops-coral-drop-for-washing-dry-clean-clothes-3250-ml","status":"publish","type":"product","link":"https:\/\/mysouldrops.eu\/fr\/termek\/souldrops-korallcsepp-mosogel-szines-ruhakhoz-3250-ml\/","title":{"rendered":"Souldrops Coral drop gel de lavage pour v\u00eatements de couleur (3250 ml)"},"content":{"rendered":"<p data-start=\"526\" data-end=\"855\">A <strong data-start=\"528\" data-end=\"561\">Gel lavant Souldrops Coral Drop<\/strong> sent la fra\u00eecheur et la douceur d'une tomate tropicale - comme si vous vous d\u00e9tendiez sur une \u00eele ensoleill\u00e9e des Cara\u00efbes, au bord de la mer. Ses notes parfum\u00e9es sont une harmonie parfaite d'agrumes frais, de fruits sucr\u00e9s et d'accords floraux doux, cr\u00e9ant une exp\u00e9rience de lavage fra\u00eeche et revigorante.<\/p>\n<p data-start=\"857\" data-end=\"1101\">Ce gel de lavage ne nettoie pas seulement vos v\u00eatements de mani\u00e8re efficace, mais aussi <strong data-start=\"917\" data-end=\"960\">pr\u00e9serve les couleurs \u00e9clatantes des tissus color\u00e9s<\/strong> est. Il conf\u00e8re aux v\u00eatements un parfum frais et durable tout en cr\u00e9ant une atmosph\u00e8re agr\u00e9able et inspirante dans votre environnement.<\/p>\n<p data-start=\"1103\" data-end=\"1117\"><strong data-start=\"1103\" data-end=\"1115\">Avantages :<\/strong><\/p>\n<ul data-start=\"1118\" data-end=\"1327\">\n<li data-start=\"1118\" data-end=\"1173\">\n<p data-start=\"1120\" data-end=\"1173\">Composition parfum\u00e9e tropicale agrumes-fruits-floraux<\/p>\n<\/li>\n<li data-start=\"1174\" data-end=\"1211\">\n<p data-start=\"1176\" data-end=\"1211\">Pr\u00e9serve les couleurs vives apr\u00e8s le lavage<\/p>\n<\/li>\n<li data-start=\"1212\" data-end=\"1248\">\n<p data-start=\"1214\" data-end=\"1248\">Nettoyage et fra\u00eecheur efficaces<\/p>\n<\/li>\n<li data-start=\"1249\" data-end=\"1298\">\n<p data-start=\"1251\" data-end=\"1298\">Parfum longue dur\u00e9e dans les v\u00eatements et dans l'air<\/p>\n<\/li>\n<li data-start=\"1299\" data-end=\"1327\">\n<p data-start=\"1301\" data-end=\"1327\">Doux pour les textiles<\/p>\n<\/li>\n<\/ul>\n<div class=\"_tableContainer_16hzy_1\">\n<div class=\"_tableWrapper_16hzy_14 group flex w-fit flex-col-reverse\" tabindex=\"-1\">\n<table class=\"w-fit min-w-(--thread-content-width)\" data-start=\"1137\" data-end=\"1680\">\n<thead data-start=\"1137\" data-end=\"1204\">\n<tr data-start=\"1137\" data-end=\"1204\">\n<th data-start=\"1137\" data-end=\"1156\" data-col-size=\"sm\">Volume de lavage<\/th>\n<th data-start=\"1156\" data-end=\"1175\" data-col-size=\"sm\">Duret\u00e9 de l'eau<\/th>\n<th data-start=\"1175\" data-end=\"1192\" data-col-size=\"sm\">Contamination<\/th>\n<th data-start=\"1192\" data-end=\"1204\" data-col-size=\"sm\">Dosage<\/th>\n<\/tr>\n<\/thead>\n<tbody data-start=\"1273\" data-end=\"1680\">\n<tr data-start=\"1273\" data-end=\"1340\">\n<td data-start=\"1273\" data-end=\"1292\" data-col-size=\"sm\">4-5 kg<\/td>\n<td data-col-size=\"sm\" data-start=\"1292\" data-end=\"1311\">Doux\/moyen<\/td>\n<td data-col-size=\"sm\" data-start=\"1311\" data-end=\"1328\">Normal<\/td>\n<td data-col-size=\"sm\" data-start=\"1328\" data-end=\"1340\">65 ml<\/td>\n<\/tr>\n<tr data-start=\"1341\" data-end=\"1408\">\n<td data-start=\"1341\" data-end=\"1360\" data-col-size=\"sm\">4-5 kg<\/td>\n<td data-col-size=\"sm\" data-start=\"1360\" data-end=\"1379\">Doux\/moyen<\/td>\n<td data-col-size=\"sm\" data-start=\"1379\" data-end=\"1396\">Fort<\/td>\n<td data-col-size=\"sm\" data-start=\"1396\" data-end=\"1408\">100 ml<\/td>\n<\/tr>\n<tr data-start=\"1409\" data-end=\"1476\">\n<td data-start=\"1409\" data-end=\"1428\" data-col-size=\"sm\">4-5 kg<\/td>\n<td data-col-size=\"sm\" data-start=\"1428\" data-end=\"1447\">Dur<\/td>\n<td data-col-size=\"sm\" data-start=\"1447\" data-end=\"1464\">Normal<\/td>\n<td data-col-size=\"sm\" data-start=\"1464\" data-end=\"1476\">75 ml<\/td>\n<\/tr>\n<tr data-start=\"1477\" data-end=\"1544\">\n<td data-start=\"1477\" data-end=\"1496\" data-col-size=\"sm\">4-5 kg<\/td>\n<td data-col-size=\"sm\" data-start=\"1496\" data-end=\"1515\">Dur<\/td>\n<td data-col-size=\"sm\" data-start=\"1515\" data-end=\"1532\">Fort<\/td>\n<td data-col-size=\"sm\" data-start=\"1532\" data-end=\"1544\">125 ml<\/td>\n<\/tr>\n<tr data-start=\"1545\" data-end=\"1612\">\n<td data-start=\"1545\" data-end=\"1564\" data-col-size=\"sm\">7-9 kg<\/td>\n<td data-col-size=\"sm\" data-start=\"1564\" data-end=\"1583\">\u2014<\/td>\n<td data-col-size=\"sm\" data-start=\"1583\" data-end=\"1600\">\u2014<\/td>\n<td data-col-size=\"sm\" data-start=\"1600\" data-end=\"1612\">+25 ml<\/td>\n<\/tr>\n<tr data-start=\"1613\" data-end=\"1680\">\n<td data-start=\"1613\" data-end=\"1632\" data-col-size=\"sm\">Lavage \u00e0 la main (10 l)<\/td>\n<td data-col-size=\"sm\" data-start=\"1632\" data-end=\"1651\">\u2014<\/td>\n<td data-col-size=\"sm\" data-start=\"1651\" data-end=\"1668\">\u2014<\/td>\n<td data-col-size=\"sm\" data-start=\"1668\" data-end=\"1680\">50 ml<\/td>\n<\/tr>\n<\/tbody>\n<\/table>\n<div class=\"sticky end-(--thread-content-margin) h-0 self-end select-none\">\n<div class=\"absolute end-0 flex items-end\"><\/div>\n<\/div>\n<\/div>\n<\/div>\n<p data-start=\"1687\" data-end=\"1864\">A <strong data-start=\"1421\" data-end=\"1454\">Gel lavant Souldrops Coral Drop<\/strong> Id\u00e9al si vous souhaitez apporter des couleurs vives, un parfum tropical durable et une \u00e9nergie fra\u00eeche \u00e0 votre linge de tous les jours.<\/p>","protected":false},"excerpt":{"rendered":"<p>A <strong data-start=\"163\" data-end=\"196\">Gel lavant Souldrops Coral Drop<\/strong> avec son parfum tropical d'agrumes, fruit\u00e9 et floral, procure une exp\u00e9rience fra\u00eeche et \u00e9nergisante. Il nettoie efficacement, pr\u00e9serve l'\u00e9clat des v\u00eatements color\u00e9s et impr\u00e8gne votre maison d'un parfum agr\u00e9able et durable.<\/p>","protected":false},"featured_media":3106,"comment_status":"open","ping_status":"closed","template":"","meta":[],"product_brand":[1377],"product_cat":[1378],"product_tag":[1494,1496,1454,1480,1471,1492,1493,1495,1474,1462,1491,1465,1473,1497,1498,1468,1439,1490,1464,1466],"class_list":{"0":"post-1080","1":"product","2":"type-product","3":"status-publish","4":"has-post-thumbnail","6":"product_brand-souldrops","7":"product_cat-mosogel","8":"product_tag-1300ml","9":"product_tag-allergiabarat","10":"product_tag-erzekeny-borre","11":"product_tag-erzekeny-textiliakhoz","12":"product_tag-okohatekony","13":"product_tag-bababarat","14":"product_tag-borbarat-mososzer","15":"product_tag-folyekony-mososzer","16":"product_tag-foszfatmentes","17":"product_tag-hipoallergen","18":"product_tag-illatmentes","19":"product_tag-kornyezetbarat","20":"product_tag-klormentes","21":"product_tag-magyar-termek","22":"product_tag-mososzer-erzekeny-borre","23":"product_tag-sls-mentes","24":"product_tag-souldrops","25":"product_tag-szenzitiv-mosogel","26":"product_tag-termeszetes-mososzer","27":"product_tag-vegan-termek","29":"first","30":"instock","31":"taxable","32":"shipping-taxable","33":"product-type-simple"},"yoast_head":"<!-- This site is optimized with the Yoast SEO plugin v27.4 - https:\/\/yoast.com\/product\/yoast-seo-wordpress\/ -->\n<title>Souldrops Korallcsepp mos\u00f3g\u00e9l sz\u00ednes ruh\u00e1khoz (3250 ml) - Souldrops International<\/title>\n<meta name=\"description\" content=\"A Souldrops Felh\u0151csepp mos\u00f3g\u00e9l \u00e9rz\u00e9keny b\u0151rre k\u00e9sz\u00fclt, dermatol\u00f3giailag tesztelt formula. N\u00f6v\u00e9nyi eredet\u0171, term\u00e9szetesen leboml\u00f3 \u00f6sszetev\u0151i k\u00edm\u00e9letesek a b\u0151rh\u00f6z \u00e9s a k\u00f6rnyezethez.\" \/>\n<meta name=\"robots\" content=\"index, follow, max-snippet:-1, max-image-preview:large, max-video-preview:-1\" \/>\n<link rel=\"canonical\" href=\"https:\/\/mysouldrops.eu\/fr\/produit\/souldrops-coral-drop-for-washing-dry-clean-clothes-3250-ml\/\" \/>\n<meta property=\"og:locale\" content=\"fr_FR\" \/>\n<meta property=\"og:type\" content=\"article\" \/>\n<meta property=\"og:title\" content=\"Souldrops Korallcsepp mos\u00f3g\u00e9l sz\u00ednes ruh\u00e1khoz (3250 ml) - Souldrops International\" \/>\n<meta property=\"og:description\" content=\"A Souldrops Felh\u0151csepp mos\u00f3g\u00e9l \u00e9rz\u00e9keny b\u0151rre k\u00e9sz\u00fclt, dermatol\u00f3giailag tesztelt formula. N\u00f6v\u00e9nyi eredet\u0171, term\u00e9szetesen leboml\u00f3 \u00f6sszetev\u0151i k\u00edm\u00e9letesek a b\u0151rh\u00f6z \u00e9s a k\u00f6rnyezethez.\" \/>\n<meta property=\"og:url\" content=\"https:\/\/mysouldrops.eu\/fr\/produit\/souldrops-coral-drop-for-washing-dry-clean-clothes-3250-ml\/\" \/>\n<meta property=\"og:site_name\" content=\"Souldrops International\" \/>\n<meta property=\"article:modified_time\" content=\"2026-02-25T13:04:05+00:00\" \/>\n<meta property=\"og:image\" content=\"https:\/\/mysouldrops.eu\/wp-content\/uploads\/2026\/02\/K32_EN_REG-F-PAN177_SZ-FEHER_INV_v5.png\" \/>\n\t<meta property=\"og:image:width\" content=\"2400\" \/>\n\t<meta property=\"og:image:height\" content=\"2400\" \/>\n\t<meta property=\"og:image:type\" content=\"image\/png\" \/>\n<meta name=\"twitter:card\" content=\"summary_large_image\" \/>\n<meta name=\"twitter:label1\" content=\"Dur\u00e9e de lecture estim\u00e9e\" \/>\n\t<meta name=\"twitter:data1\" content=\"1 minute\" \/>\n<script type=\"application\/ld+json\" class=\"yoast-schema-graph\">{\"@context\":\"https:\\\/\\\/schema.org\",\"@graph\":[{\"@type\":\"WebPage\",\"@id\":\"https:\\\/\\\/mysouldrops.eu\\\/termek\\\/souldrops-korallcsepp-mosogel-szines-ruhakhoz-3250-ml\\\/\",\"url\":\"https:\\\/\\\/mysouldrops.eu\\\/termek\\\/souldrops-korallcsepp-mosogel-szines-ruhakhoz-3250-ml\\\/\",\"name\":\"Souldrops Korallcsepp mos\u00f3g\u00e9l sz\u00ednes ruh\u00e1khoz (3250 ml) - Souldrops International\",\"isPartOf\":{\"@id\":\"https:\\\/\\\/mysouldrops.eu\\\/#website\"},\"primaryImageOfPage\":{\"@id\":\"https:\\\/\\\/mysouldrops.eu\\\/termek\\\/souldrops-korallcsepp-mosogel-szines-ruhakhoz-3250-ml\\\/#primaryimage\"},\"image\":{\"@id\":\"https:\\\/\\\/mysouldrops.eu\\\/termek\\\/souldrops-korallcsepp-mosogel-szines-ruhakhoz-3250-ml\\\/#primaryimage\"},\"thumbnailUrl\":\"https:\\\/\\\/mysouldrops.eu\\\/wp-content\\\/uploads\\\/2026\\\/02\\\/K32_EN_REG-F-PAN177_SZ-FEHER_INV_v5.png\",\"datePublished\":\"2025-07-13T17:38:21+00:00\",\"dateModified\":\"2026-02-25T13:04:05+00:00\",\"description\":\"A Souldrops Felh\u0151csepp mos\u00f3g\u00e9l \u00e9rz\u00e9keny b\u0151rre k\u00e9sz\u00fclt, dermatol\u00f3giailag tesztelt formula. N\u00f6v\u00e9nyi eredet\u0171, term\u00e9szetesen leboml\u00f3 \u00f6sszetev\u0151i k\u00edm\u00e9letesek a b\u0151rh\u00f6z \u00e9s a k\u00f6rnyezethez.\",\"breadcrumb\":{\"@id\":\"https:\\\/\\\/mysouldrops.eu\\\/termek\\\/souldrops-korallcsepp-mosogel-szines-ruhakhoz-3250-ml\\\/#breadcrumb\"},\"inLanguage\":\"fr-FR\",\"potentialAction\":[{\"@type\":\"ReadAction\",\"target\":[\"https:\\\/\\\/mysouldrops.eu\\\/termek\\\/souldrops-korallcsepp-mosogel-szines-ruhakhoz-3250-ml\\\/\"]}]},{\"@type\":\"ImageObject\",\"inLanguage\":\"fr-FR\",\"@id\":\"https:\\\/\\\/mysouldrops.eu\\\/termek\\\/souldrops-korallcsepp-mosogel-szines-ruhakhoz-3250-ml\\\/#primaryimage\",\"url\":\"https:\\\/\\\/mysouldrops.eu\\\/wp-content\\\/uploads\\\/2026\\\/02\\\/K32_EN_REG-F-PAN177_SZ-FEHER_INV_v5.png\",\"contentUrl\":\"https:\\\/\\\/mysouldrops.eu\\\/wp-content\\\/uploads\\\/2026\\\/02\\\/K32_EN_REG-F-PAN177_SZ-FEHER_INV_v5.png\",\"width\":2400,\"height\":2400},{\"@type\":\"BreadcrumbList\",\"@id\":\"https:\\\/\\\/mysouldrops.eu\\\/termek\\\/souldrops-korallcsepp-mosogel-szines-ruhakhoz-3250-ml\\\/#breadcrumb\",\"itemListElement\":[{\"@type\":\"ListItem\",\"position\":1,\"name\":\"Kezd\u0151lap\",\"item\":\"https:\\\/\\\/mysouldrops.eu\\\/\"},{\"@type\":\"ListItem\",\"position\":2,\"name\":\"Shop\",\"item\":\"https:\\\/\\\/mysouldrops.eu\\\/uzlet\\\/\"},{\"@type\":\"ListItem\",\"position\":3,\"name\":\"Souldrops Korallcsepp mos\u00f3g\u00e9l sz\u00ednes ruh\u00e1khoz (3250 ml)\"}]},{\"@type\":\"WebSite\",\"@id\":\"https:\\\/\\\/mysouldrops.eu\\\/#website\",\"url\":\"https:\\\/\\\/mysouldrops.eu\\\/\",\"name\":\"Souldrops International\",\"description\":\"A Souldrops egy k\u00f6rnyezettudatos tiszt\u00edt\u00f3szerm\u00e1rka, amely term\u00e9szetes \u00f6sszetev\u0151kkel \u00e9s st\u00edlusos szeml\u00e9lettel teszi tiszt\u00e1bb\u00e1 a vil\u00e1got \u2013 k\u00edv\u00fcl \u00e9s bel\u00fcl\",\"potentialAction\":[{\"@type\":\"SearchAction\",\"target\":{\"@type\":\"EntryPoint\",\"urlTemplate\":\"https:\\\/\\\/mysouldrops.eu\\\/?s={search_term_string}\"},\"query-input\":{\"@type\":\"PropertyValueSpecification\",\"valueRequired\":true,\"valueName\":\"search_term_string\"}}],\"inLanguage\":\"fr-FR\"}]}<\/script>\n<!-- \/ Yoast SEO plugin. -->","yoast_head_json":{"title":"Souldrops Coral Drop Gel de lavage pour v\u00eatements de couleur (3250 ml) - Souldrops International","description":"Le gel lavant Souldrops Clouddrop est une formule test\u00e9e dermatologiquement pour les peaux sensibles. Ses ingr\u00e9dients d'origine v\u00e9g\u00e9tale, naturellement d\u00e9gradables, respectent la peau et l'environnement.","robots":{"index":"index","follow":"follow","max-snippet":"max-snippet:-1","max-image-preview":"max-image-preview:large","max-video-preview":"max-video-preview:-1"},"canonical":"https:\/\/mysouldrops.eu\/fr\/produit\/souldrops-coral-drop-for-washing-dry-clean-clothes-3250-ml\/","og_locale":"fr_FR","og_type":"article","og_title":"Souldrops Korallcsepp mos\u00f3g\u00e9l sz\u00ednes ruh\u00e1khoz (3250 ml) - Souldrops International","og_description":"A Souldrops Felh\u0151csepp mos\u00f3g\u00e9l \u00e9rz\u00e9keny b\u0151rre k\u00e9sz\u00fclt, dermatol\u00f3giailag tesztelt formula. N\u00f6v\u00e9nyi eredet\u0171, term\u00e9szetesen leboml\u00f3 \u00f6sszetev\u0151i k\u00edm\u00e9letesek a b\u0151rh\u00f6z \u00e9s a k\u00f6rnyezethez.","og_url":"https:\/\/mysouldrops.eu\/fr\/produit\/souldrops-coral-drop-for-washing-dry-clean-clothes-3250-ml\/","og_site_name":"Souldrops International","article_modified_time":"2026-02-25T13:04:05+00:00","og_image":[{"width":2400,"height":2400,"url":"https:\/\/mysouldrops.eu\/wp-content\/uploads\/2026\/02\/K32_EN_REG-F-PAN177_SZ-FEHER_INV_v5.png","type":"image\/png"}],"twitter_card":"summary_large_image","twitter_misc":{"Dur\u00e9e de lecture estim\u00e9e":"1 minute"},"schema":{"@context":"https:\/\/schema.org","@graph":[{"@type":"WebPage","@id":"https:\/\/mysouldrops.eu\/termek\/souldrops-korallcsepp-mosogel-szines-ruhakhoz-3250-ml\/","url":"https:\/\/mysouldrops.eu\/termek\/souldrops-korallcsepp-mosogel-szines-ruhakhoz-3250-ml\/","name":"Souldrops Coral Drop Gel de lavage pour v\u00eatements de couleur (3250 ml) - Souldrops International","isPartOf":{"@id":"https:\/\/mysouldrops.eu\/#website"},"primaryImageOfPage":{"@id":"https:\/\/mysouldrops.eu\/termek\/souldrops-korallcsepp-mosogel-szines-ruhakhoz-3250-ml\/#primaryimage"},"image":{"@id":"https:\/\/mysouldrops.eu\/termek\/souldrops-korallcsepp-mosogel-szines-ruhakhoz-3250-ml\/#primaryimage"},"thumbnailUrl":"https:\/\/mysouldrops.eu\/wp-content\/uploads\/2026\/02\/K32_EN_REG-F-PAN177_SZ-FEHER_INV_v5.png","datePublished":"2025-07-13T17:38:21+00:00","dateModified":"2026-02-25T13:04:05+00:00","description":"Le gel lavant Souldrops Clouddrop est une formule test\u00e9e dermatologiquement pour les peaux sensibles. Ses ingr\u00e9dients d'origine v\u00e9g\u00e9tale, naturellement d\u00e9gradables, respectent la peau et l'environnement.","breadcrumb":{"@id":"https:\/\/mysouldrops.eu\/termek\/souldrops-korallcsepp-mosogel-szines-ruhakhoz-3250-ml\/#breadcrumb"},"inLanguage":"fr-FR","potentialAction":[{"@type":"ReadAction","target":["https:\/\/mysouldrops.eu\/termek\/souldrops-korallcsepp-mosogel-szines-ruhakhoz-3250-ml\/"]}]},{"@type":"ImageObject","inLanguage":"fr-FR","@id":"https:\/\/mysouldrops.eu\/termek\/souldrops-korallcsepp-mosogel-szines-ruhakhoz-3250-ml\/#primaryimage","url":"https:\/\/mysouldrops.eu\/wp-content\/uploads\/2026\/02\/K32_EN_REG-F-PAN177_SZ-FEHER_INV_v5.png","contentUrl":"https:\/\/mysouldrops.eu\/wp-content\/uploads\/2026\/02\/K32_EN_REG-F-PAN177_SZ-FEHER_INV_v5.png","width":2400,"height":2400},{"@type":"BreadcrumbList","@id":"https:\/\/mysouldrops.eu\/termek\/souldrops-korallcsepp-mosogel-szines-ruhakhoz-3250-ml\/#breadcrumb","itemListElement":[{"@type":"ListItem","position":1,"name":"Kezd\u0151lap","item":"https:\/\/mysouldrops.eu\/"},{"@type":"ListItem","position":2,"name":"Shop","item":"https:\/\/mysouldrops.eu\/uzlet\/"},{"@type":"ListItem","position":3,"name":"Souldrops Korallcsepp mos\u00f3g\u00e9l sz\u00ednes ruh\u00e1khoz (3250 ml)"}]},{"@type":"WebSite","@id":"https:\/\/mysouldrops.eu\/#website","url":"https:\/\/mysouldrops.eu\/","name":"Souldrops International","description":"Souldrops est une marque de produits d'entretien respectueuse de l'environnement qui utilise des ingr\u00e9dients naturels et une approche \u00e9l\u00e9gante pour rendre le monde plus propre, \u00e0 l'int\u00e9rieur comme \u00e0 l'ext\u00e9rieur.","potentialAction":[{"@type":"SearchAction","target":{"@type":"EntryPoint","urlTemplate":"https:\/\/mysouldrops.eu\/?s={search_term_string}"},"query-input":{"@type":"PropertyValueSpecification","valueRequired":true,"valueName":"search_term_string"}}],"inLanguage":"fr-FR"}]}},"jetpack_likes_enabled":true,"jetpack_sharing_enabled":true,"_links":{"self":[{"href":"https:\/\/mysouldrops.eu\/fr\/wp-json\/wp\/v2\/product\/1080","targetHints":{"allow":["GET"]}}],"collection":[{"href":"https:\/\/mysouldrops.eu\/fr\/wp-json\/wp\/v2\/product"}],"about":[{"href":"https:\/\/mysouldrops.eu\/fr\/wp-json\/wp\/v2\/types\/product"}],"replies":[{"embeddable":true,"href":"https:\/\/mysouldrops.eu\/fr\/wp-json\/wp\/v2\/comments?post=1080"}],"wp:featuredmedia":[{"embeddable":true,"href":"https:\/\/mysouldrops.eu\/fr\/wp-json\/wp\/v2\/media\/3106"}],"wp:attachment":[{"href":"https:\/\/mysouldrops.eu\/fr\/wp-json\/wp\/v2\/media?parent=1080"}],"wp:term":[{"taxonomy":"product_brand","embeddable":true,"href":"https:\/\/mysouldrops.eu\/fr\/wp-json\/wp\/v2\/product_brand?post=1080"},{"taxonomy":"product_cat","embeddable":true,"href":"https:\/\/mysouldrops.eu\/fr\/wp-json\/wp\/v2\/product_cat?post=1080"},{"taxonomy":"product_tag","embeddable":true,"href":"https:\/\/mysouldrops.eu\/fr\/wp-json\/wp\/v2\/product_tag?post=1080"}],"curies":[{"name":"wp","href":"https:\/\/api.w.org\/{rel}","templated":true}]}}