{"id":879,"date":"2025-06-24T17:07:53","date_gmt":"2025-06-24T15:07:53","guid":{"rendered":"https:\/\/mysouldrops.eu\/?post_type=product&#038;p=879"},"modified":"2025-10-09T14:02:03","modified_gmt":"2025-10-09T12:02:03","slug":"savon-liquide-souldrops-healthdrop","status":"publish","type":"product","link":"https:\/\/mysouldrops.eu\/fr\/termek\/souldrops-healthdrop-folyekony-szappan\/","title":{"rendered":"Savon liquide Souldrops Healthdrop (750 ml)"},"content":{"rendered":"<p>Puret\u00e9 et naturel dans chaque goutte<\/p>\n<p>Souldrops Healthdrop est un savon liquide respectueux de l'environnement et de la peau, id\u00e9al pour le lavage quotidien des mains et le soin de la peau. Gr\u00e2ce \u00e0 ses ingr\u00e9dients d'origine v\u00e9g\u00e9tale et \u00e0 sa formule douce, il ne dess\u00e8che pas la peau et peut donc \u00eatre utilis\u00e9 en toute s\u00e9curit\u00e9, m\u00eame par les personnes \u00e0 la peau sensible. Le conditionnement de 750 ml offre une solution \u00e9conomique pour une utilisation \u00e0 la maison et m\u00eame au bureau.<\/p>\n<p>Caract\u00e9ristiques principales :<\/p>\n<ul>\n<li>Fabriqu\u00e9 \u00e0 partir d'ingr\u00e9dients naturels<\/li>\n<li>Test\u00e9 dermatologiquement - \u00e9galement recommand\u00e9 pour les peaux sensibles<\/li>\n<li>Nettoyage doux mais efficace<\/li>\n<li>Vegan et sans animaux<\/li>\n<li>Emballage respectueux de l'environnement<\/li>\n<\/ul>\n<p><strong>Utilisation :<\/strong><\/p>\n<p>Appliquer une petite quantit\u00e9 sur les mains mouill\u00e9es, faire mousser et rincer abondamment. Id\u00e9al \u00e9galement pour un usage fr\u00e9quent.<\/p>\n<p><strong>Sensibilisation \u00e0 l'environnement :<\/strong><\/p>\n<p>La philosophie de Souldrops est ax\u00e9e sur la durabilit\u00e9 et un mode de vie propre. Le savon liquide Healthdrop n'est pas seulement bon pour votre corps, mais aussi pour l'environnement.<\/p>","protected":false},"excerpt":{"rendered":"<p>Savon liquide doux \u00e0 base naturelle en 750 ml, \u00e9galement pour les peaux sensibles. La formule respectueuse de la peau de Souldrops Healthdrop nettoie efficacement tout en pr\u00e9servant l'hydratation naturelle de la peau. Id\u00e9al pour un usage quotidien pour toute la famille.<\/p>","protected":false},"featured_media":100,"comment_status":"open","ping_status":"closed","template":"","meta":[],"product_brand":[1377],"product_cat":[1384],"product_tag":[1479,1509,1454,1471,1508,1449,1450,1462,1491,1511,1507,1510,1497,1513,1512,1468,1439,1500,1514,1466],"class_list":{"0":"post-879","1":"product","2":"type-product","3":"status-publish","4":"has-post-thumbnail","6":"product_brand-souldrops","7":"product_cat-folyekony-szappan","8":"product_tag-750ml","9":"product_tag-antibakterialis-hatas","10":"product_tag-erzekeny-borre","11":"product_tag-okohatekony","12":"product_tag-borbarat-szappan","13":"product_tag-folyekony-szappan","14":"product_tag-healthdrop","15":"product_tag-hipoallergen","16":"product_tag-illatmentes","17":"product_tag-kezhigienia","18":"product_tag-kezmoso","19":"product_tag-kornyezetbarat-tisztalkodas","20":"product_tag-magyar-termek","21":"product_tag-napi-hasznalatra","22":"product_tag-parabenmentes","23":"product_tag-sls-mentes","24":"product_tag-souldrops","25":"product_tag-termeszetes-osszetevok","26":"product_tag-tiszta-kez","27":"product_tag-vegan-termek","29":"first","30":"instock","31":"taxable","32":"shipping-taxable","33":"product-type-simple"},"yoast_head":"<!-- This site is optimized with the Yoast SEO plugin v27.4 - https:\/\/yoast.com\/product\/yoast-seo-wordpress\/ -->\n<title>Souldrops Healthdrop Foly\u00e9kony Szappan (750 ml) - Souldrops International<\/title>\n<meta name=\"description\" content=\"Term\u00e9szetes alap\u00fa, k\u00edm\u00e9letes foly\u00e9kony szappan 750 ml-es kiszerel\u00e9sben, \u00e9rz\u00e9keny b\u0151rre is. A Souldrops Healthdrop b\u0151rbar\u00e1t formul\u00e1ja hat\u00e9konyan tiszt\u00edt, mik\u00f6zben meg\u0151rzi a b\u0151r term\u00e9szetes hidrat\u00e1lts\u00e1g\u00e1t. Ide\u00e1lis napi haszn\u00e1latra az eg\u00e9sz csal\u00e1d sz\u00e1m\u00e1ra.\" \/>\n<meta name=\"robots\" content=\"index, follow, max-snippet:-1, max-image-preview:large, max-video-preview:-1\" \/>\n<link rel=\"canonical\" href=\"https:\/\/mysouldrops.eu\/fr\/produit\/savon-liquide-souldrops-healthdrop\/\" \/>\n<meta property=\"og:locale\" content=\"fr_FR\" \/>\n<meta property=\"og:type\" content=\"article\" \/>\n<meta property=\"og:title\" content=\"Souldrops Healthdrop Foly\u00e9kony Szappan (750 ml) - Souldrops International\" \/>\n<meta property=\"og:description\" content=\"Term\u00e9szetes alap\u00fa, k\u00edm\u00e9letes foly\u00e9kony szappan 750 ml-es kiszerel\u00e9sben, \u00e9rz\u00e9keny b\u0151rre is. A Souldrops Healthdrop b\u0151rbar\u00e1t formul\u00e1ja hat\u00e9konyan tiszt\u00edt, mik\u00f6zben meg\u0151rzi a b\u0151r term\u00e9szetes hidrat\u00e1lts\u00e1g\u00e1t. Ide\u00e1lis napi haszn\u00e1latra az eg\u00e9sz csal\u00e1d sz\u00e1m\u00e1ra.\" \/>\n<meta property=\"og:url\" content=\"https:\/\/mysouldrops.eu\/fr\/produit\/savon-liquide-souldrops-healthdrop\/\" \/>\n<meta property=\"og:site_name\" content=\"Souldrops International\" \/>\n<meta property=\"article:modified_time\" content=\"2025-10-09T12:02:03+00:00\" \/>\n<meta property=\"og:image\" content=\"https:\/\/mysouldrops.eu\/wp-content\/uploads\/2025\/06\/HE_450_HU_R_F-Feher_C-PAN368_v4.png\" \/>\n\t<meta property=\"og:image:width\" content=\"3425\" \/>\n\t<meta property=\"og:image:height\" content=\"3425\" \/>\n\t<meta property=\"og:image:type\" content=\"image\/png\" \/>\n<meta name=\"twitter:card\" content=\"summary_large_image\" \/>\n<meta name=\"twitter:label1\" content=\"Dur\u00e9e de lecture estim\u00e9e\" \/>\n\t<meta name=\"twitter:data1\" content=\"1 minute\" \/>\n<script type=\"application\/ld+json\" class=\"yoast-schema-graph\">{\"@context\":\"https:\\\/\\\/schema.org\",\"@graph\":[{\"@type\":\"WebPage\",\"@id\":\"https:\\\/\\\/mysouldrops.eu\\\/termek\\\/souldrops-healthdrop-folyekony-szappan\\\/\",\"url\":\"https:\\\/\\\/mysouldrops.eu\\\/termek\\\/souldrops-healthdrop-folyekony-szappan\\\/\",\"name\":\"Souldrops Healthdrop Foly\u00e9kony Szappan (750 ml) - Souldrops International\",\"isPartOf\":{\"@id\":\"https:\\\/\\\/mysouldrops.eu\\\/#website\"},\"primaryImageOfPage\":{\"@id\":\"https:\\\/\\\/mysouldrops.eu\\\/termek\\\/souldrops-healthdrop-folyekony-szappan\\\/#primaryimage\"},\"image\":{\"@id\":\"https:\\\/\\\/mysouldrops.eu\\\/termek\\\/souldrops-healthdrop-folyekony-szappan\\\/#primaryimage\"},\"thumbnailUrl\":\"https:\\\/\\\/mysouldrops.eu\\\/wp-content\\\/uploads\\\/2025\\\/06\\\/HE_450_HU_R_F-Feher_C-PAN368_v4.png\",\"datePublished\":\"2025-06-24T15:07:53+00:00\",\"dateModified\":\"2025-10-09T12:02:03+00:00\",\"description\":\"Term\u00e9szetes alap\u00fa, k\u00edm\u00e9letes foly\u00e9kony szappan 750 ml-es kiszerel\u00e9sben, \u00e9rz\u00e9keny b\u0151rre is. A Souldrops Healthdrop b\u0151rbar\u00e1t formul\u00e1ja hat\u00e9konyan tiszt\u00edt, mik\u00f6zben meg\u0151rzi a b\u0151r term\u00e9szetes hidrat\u00e1lts\u00e1g\u00e1t. Ide\u00e1lis napi haszn\u00e1latra az eg\u00e9sz csal\u00e1d sz\u00e1m\u00e1ra.\",\"breadcrumb\":{\"@id\":\"https:\\\/\\\/mysouldrops.eu\\\/termek\\\/souldrops-healthdrop-folyekony-szappan\\\/#breadcrumb\"},\"inLanguage\":\"fr-FR\",\"potentialAction\":[{\"@type\":\"ReadAction\",\"target\":[\"https:\\\/\\\/mysouldrops.eu\\\/termek\\\/souldrops-healthdrop-folyekony-szappan\\\/\"]}]},{\"@type\":\"ImageObject\",\"inLanguage\":\"fr-FR\",\"@id\":\"https:\\\/\\\/mysouldrops.eu\\\/termek\\\/souldrops-healthdrop-folyekony-szappan\\\/#primaryimage\",\"url\":\"https:\\\/\\\/mysouldrops.eu\\\/wp-content\\\/uploads\\\/2025\\\/06\\\/HE_450_HU_R_F-Feher_C-PAN368_v4.png\",\"contentUrl\":\"https:\\\/\\\/mysouldrops.eu\\\/wp-content\\\/uploads\\\/2025\\\/06\\\/HE_450_HU_R_F-Feher_C-PAN368_v4.png\",\"width\":3425,\"height\":3425},{\"@type\":\"BreadcrumbList\",\"@id\":\"https:\\\/\\\/mysouldrops.eu\\\/termek\\\/souldrops-healthdrop-folyekony-szappan\\\/#breadcrumb\",\"itemListElement\":[{\"@type\":\"ListItem\",\"position\":1,\"name\":\"Kezd\u0151lap\",\"item\":\"https:\\\/\\\/mysouldrops.eu\\\/\"},{\"@type\":\"ListItem\",\"position\":2,\"name\":\"Shop\",\"item\":\"https:\\\/\\\/mysouldrops.eu\\\/uzlet\\\/\"},{\"@type\":\"ListItem\",\"position\":3,\"name\":\"Souldrops Healthdrop Foly\u00e9kony Szappan (750 ml)\"}]},{\"@type\":\"WebSite\",\"@id\":\"https:\\\/\\\/mysouldrops.eu\\\/#website\",\"url\":\"https:\\\/\\\/mysouldrops.eu\\\/\",\"name\":\"Souldrops International\",\"description\":\"A Souldrops egy k\u00f6rnyezettudatos tiszt\u00edt\u00f3szerm\u00e1rka, amely term\u00e9szetes \u00f6sszetev\u0151kkel \u00e9s st\u00edlusos szeml\u00e9lettel teszi tiszt\u00e1bb\u00e1 a vil\u00e1got \u2013 k\u00edv\u00fcl \u00e9s bel\u00fcl\",\"potentialAction\":[{\"@type\":\"SearchAction\",\"target\":{\"@type\":\"EntryPoint\",\"urlTemplate\":\"https:\\\/\\\/mysouldrops.eu\\\/?s={search_term_string}\"},\"query-input\":{\"@type\":\"PropertyValueSpecification\",\"valueRequired\":true,\"valueName\":\"search_term_string\"}}],\"inLanguage\":\"fr-FR\"}]}<\/script>\n<!-- \/ Yoast SEO plugin. -->","yoast_head_json":{"title":"Savon liquide Souldrops Healthdrop (750 ml) - Souldrops International","description":"Savon liquide doux \u00e0 base naturelle en 750 ml, \u00e9galement pour les peaux sensibles. La formule respectueuse de la peau de Souldrops Healthdrop nettoie efficacement tout en pr\u00e9servant l'hydratation naturelle de la peau. Id\u00e9al pour un usage quotidien pour toute la famille.","robots":{"index":"index","follow":"follow","max-snippet":"max-snippet:-1","max-image-preview":"max-image-preview:large","max-video-preview":"max-video-preview:-1"},"canonical":"https:\/\/mysouldrops.eu\/fr\/produit\/savon-liquide-souldrops-healthdrop\/","og_locale":"fr_FR","og_type":"article","og_title":"Souldrops Healthdrop Foly\u00e9kony Szappan (750 ml) - Souldrops International","og_description":"Term\u00e9szetes alap\u00fa, k\u00edm\u00e9letes foly\u00e9kony szappan 750 ml-es kiszerel\u00e9sben, \u00e9rz\u00e9keny b\u0151rre is. A Souldrops Healthdrop b\u0151rbar\u00e1t formul\u00e1ja hat\u00e9konyan tiszt\u00edt, mik\u00f6zben meg\u0151rzi a b\u0151r term\u00e9szetes hidrat\u00e1lts\u00e1g\u00e1t. Ide\u00e1lis napi haszn\u00e1latra az eg\u00e9sz csal\u00e1d sz\u00e1m\u00e1ra.","og_url":"https:\/\/mysouldrops.eu\/fr\/produit\/savon-liquide-souldrops-healthdrop\/","og_site_name":"Souldrops International","article_modified_time":"2025-10-09T12:02:03+00:00","og_image":[{"width":3425,"height":3425,"url":"https:\/\/mysouldrops.eu\/wp-content\/uploads\/2025\/06\/HE_450_HU_R_F-Feher_C-PAN368_v4.png","type":"image\/png"}],"twitter_card":"summary_large_image","twitter_misc":{"Dur\u00e9e de lecture estim\u00e9e":"1 minute"},"schema":{"@context":"https:\/\/schema.org","@graph":[{"@type":"WebPage","@id":"https:\/\/mysouldrops.eu\/termek\/souldrops-healthdrop-folyekony-szappan\/","url":"https:\/\/mysouldrops.eu\/termek\/souldrops-healthdrop-folyekony-szappan\/","name":"Savon liquide Souldrops Healthdrop (750 ml) - Souldrops International","isPartOf":{"@id":"https:\/\/mysouldrops.eu\/#website"},"primaryImageOfPage":{"@id":"https:\/\/mysouldrops.eu\/termek\/souldrops-healthdrop-folyekony-szappan\/#primaryimage"},"image":{"@id":"https:\/\/mysouldrops.eu\/termek\/souldrops-healthdrop-folyekony-szappan\/#primaryimage"},"thumbnailUrl":"https:\/\/mysouldrops.eu\/wp-content\/uploads\/2025\/06\/HE_450_HU_R_F-Feher_C-PAN368_v4.png","datePublished":"2025-06-24T15:07:53+00:00","dateModified":"2025-10-09T12:02:03+00:00","description":"Savon liquide doux \u00e0 base naturelle en 750 ml, \u00e9galement pour les peaux sensibles. La formule respectueuse de la peau de Souldrops Healthdrop nettoie efficacement tout en pr\u00e9servant l'hydratation naturelle de la peau. Id\u00e9al pour un usage quotidien pour toute la famille.","breadcrumb":{"@id":"https:\/\/mysouldrops.eu\/termek\/souldrops-healthdrop-folyekony-szappan\/#breadcrumb"},"inLanguage":"fr-FR","potentialAction":[{"@type":"ReadAction","target":["https:\/\/mysouldrops.eu\/termek\/souldrops-healthdrop-folyekony-szappan\/"]}]},{"@type":"ImageObject","inLanguage":"fr-FR","@id":"https:\/\/mysouldrops.eu\/termek\/souldrops-healthdrop-folyekony-szappan\/#primaryimage","url":"https:\/\/mysouldrops.eu\/wp-content\/uploads\/2025\/06\/HE_450_HU_R_F-Feher_C-PAN368_v4.png","contentUrl":"https:\/\/mysouldrops.eu\/wp-content\/uploads\/2025\/06\/HE_450_HU_R_F-Feher_C-PAN368_v4.png","width":3425,"height":3425},{"@type":"BreadcrumbList","@id":"https:\/\/mysouldrops.eu\/termek\/souldrops-healthdrop-folyekony-szappan\/#breadcrumb","itemListElement":[{"@type":"ListItem","position":1,"name":"Kezd\u0151lap","item":"https:\/\/mysouldrops.eu\/"},{"@type":"ListItem","position":2,"name":"Shop","item":"https:\/\/mysouldrops.eu\/uzlet\/"},{"@type":"ListItem","position":3,"name":"Souldrops Healthdrop Foly\u00e9kony Szappan (750 ml)"}]},{"@type":"WebSite","@id":"https:\/\/mysouldrops.eu\/#website","url":"https:\/\/mysouldrops.eu\/","name":"Souldrops International","description":"Souldrops est une marque de produits d'entretien respectueuse de l'environnement qui utilise des ingr\u00e9dients naturels et une approche \u00e9l\u00e9gante pour rendre le monde plus propre, \u00e0 l'int\u00e9rieur comme \u00e0 l'ext\u00e9rieur.","potentialAction":[{"@type":"SearchAction","target":{"@type":"EntryPoint","urlTemplate":"https:\/\/mysouldrops.eu\/?s={search_term_string}"},"query-input":{"@type":"PropertyValueSpecification","valueRequired":true,"valueName":"search_term_string"}}],"inLanguage":"fr-FR"}]}},"jetpack_likes_enabled":true,"jetpack_sharing_enabled":true,"_links":{"self":[{"href":"https:\/\/mysouldrops.eu\/fr\/wp-json\/wp\/v2\/product\/879","targetHints":{"allow":["GET"]}}],"collection":[{"href":"https:\/\/mysouldrops.eu\/fr\/wp-json\/wp\/v2\/product"}],"about":[{"href":"https:\/\/mysouldrops.eu\/fr\/wp-json\/wp\/v2\/types\/product"}],"replies":[{"embeddable":true,"href":"https:\/\/mysouldrops.eu\/fr\/wp-json\/wp\/v2\/comments?post=879"}],"wp:featuredmedia":[{"embeddable":true,"href":"https:\/\/mysouldrops.eu\/fr\/wp-json\/wp\/v2\/media\/100"}],"wp:attachment":[{"href":"https:\/\/mysouldrops.eu\/fr\/wp-json\/wp\/v2\/media?parent=879"}],"wp:term":[{"taxonomy":"product_brand","embeddable":true,"href":"https:\/\/mysouldrops.eu\/fr\/wp-json\/wp\/v2\/product_brand?post=879"},{"taxonomy":"product_cat","embeddable":true,"href":"https:\/\/mysouldrops.eu\/fr\/wp-json\/wp\/v2\/product_cat?post=879"},{"taxonomy":"product_tag","embeddable":true,"href":"https:\/\/mysouldrops.eu\/fr\/wp-json\/wp\/v2\/product_tag?post=879"}],"curies":[{"name":"wp","href":"https:\/\/api.w.org\/{rel}","templated":true}]}}