{"id":976,"date":"2025-07-04T12:59:35","date_gmt":"2025-07-04T10:59:35","guid":{"rendered":"https:\/\/mysouldrops.eu\/?post_type=product&#038;p=976"},"modified":"2026-02-25T14:41:08","modified_gmt":"2026-02-25T13:41:08","slug":"souldrops-esocsepp-oblito","status":"publish","type":"product","link":"https:\/\/mysouldrops.eu\/fr\/termek\/souldrops-esocsepp-oblito\/","title":{"rendered":"Souldrops Gouttes de pluie Rin\u00e7age (1000 ml)"},"content":{"rendered":"<p data-start=\"456\" data-end=\"535\"><strong data-start=\"456\" data-end=\"533\">Souldrops Rain Drop Rinse - Fra\u00eecheur printani\u00e8re et soins naturels<\/strong><\/p>\n<p data-start=\"537\" data-end=\"879\">A <strong data-start=\"539\" data-end=\"568\">Souldrops Rin\u00e7age de la goutte de pluie<\/strong> apporte la fra\u00eecheur d'une douche de printemps dans votre maison. Ses notes parfum\u00e9es rappellent l'harmonie des fleurs fra\u00eeches et de l'air pur, rafra\u00eechissant vos sens apr\u00e8s chaque lavage et cr\u00e9ant une atmosph\u00e8re \u00e9nergisante et agr\u00e9able. Non seulement les v\u00eatements sentent bon, mais ils restent doux et soyeux au toucher.<\/p>\n<p data-start=\"881\" data-end=\"1179\">Ce rin\u00e7age <strong data-start=\"894\" data-end=\"943\">fabriqu\u00e9 \u00e0 partir d'ingr\u00e9dients respectueux de l'environnement et d'origine v\u00e9g\u00e9tale<\/strong> et ne contient ni d\u00e9riv\u00e9s du p\u00e9trole, ni parab\u00e8nes, ni SLS. Il est donc doux pour les tissus, la peau et l'environnement, ce qui en fait un choix id\u00e9al pour ceux qui veulent des v\u00eatements propres et doux, mais qui souhaitent \u00e9galement un d\u00e9veloppement durable.<\/p>\n<p data-start=\"1181\" data-end=\"1195\"><strong data-start=\"1181\" data-end=\"1193\">Avantages :<\/strong><\/p>\n<ul data-start=\"1196\" data-end=\"1404\">\n<li data-start=\"1196\" data-end=\"1247\">\n<p data-start=\"1198\" data-end=\"1247\">Composition d'un parfum de fleurs fra\u00eeches et d'air pur<\/p>\n<\/li>\n<li data-start=\"1248\" data-end=\"1286\">\n<p data-start=\"1250\" data-end=\"1286\">Parfum frais et durable sur les v\u00eatements<\/p>\n<\/li>\n<li data-start=\"1287\" data-end=\"1333\">\n<p data-start=\"1289\" data-end=\"1333\">Donne aux textiles un toucher doux et agr\u00e9able<\/p>\n<\/li>\n<li data-start=\"1334\" data-end=\"1359\">\n<p data-start=\"1336\" data-end=\"1359\">Formule \u00e0 base de plantes<\/p>\n<\/li>\n<li data-start=\"1360\" data-end=\"1404\">\n<p data-start=\"1362\" data-end=\"1404\">Sans d\u00e9riv\u00e9s du p\u00e9trole, parab\u00e8nes et SLS<\/p>\n<\/li>\n<\/ul>\n<p>&nbsp;<\/p>\n<div class=\"_tableContainer_16hzy_1\">\n<div class=\"_tableWrapper_16hzy_14 group flex w-fit flex-col-reverse\" tabindex=\"-1\">\n<table class=\"w-fit min-w-(--thread-content-width)\" data-start=\"212\" data-end=\"619\">\n<thead data-start=\"212\" data-end=\"291\">\n<tr data-start=\"212\" data-end=\"291\">\n<th data-start=\"212\" data-end=\"235\" data-col-size=\"sm\">Comment l'utiliser ?<\/th>\n<th data-start=\"235\" data-end=\"266\" data-col-size=\"sm\">Quantit\u00e9 de v\u00eatements \/ Quantit\u00e9 d'eau<\/th>\n<th data-start=\"266\" data-end=\"291\" data-col-size=\"sm\">Dosage recommand\u00e9<\/th>\n<\/tr>\n<\/thead>\n<tbody data-start=\"374\" data-end=\"619\">\n<tr data-start=\"374\" data-end=\"455\">\n<td data-start=\"374\" data-end=\"397\" data-col-size=\"sm\"><strong data-start=\"376\" data-end=\"390\">Lavage en machine<\/strong><\/td>\n<td data-col-size=\"sm\" data-start=\"397\" data-end=\"429\">pour 4-5 kg de v\u00eatements<\/td>\n<td data-col-size=\"sm\" data-start=\"429\" data-end=\"455\">1-2 capsules (25-50 ml)<\/td>\n<\/tr>\n<tr data-start=\"456\" data-end=\"537\">\n<td data-start=\"456\" data-end=\"479\" data-col-size=\"sm\"><strong data-start=\"458\" data-end=\"472\">Lavage en machine<\/strong><\/td>\n<td data-col-size=\"sm\" data-start=\"479\" data-end=\"511\">pour 7-9 kg de v\u00eatements<\/td>\n<td data-col-size=\"sm\" data-start=\"511\" data-end=\"537\">3-4 g\u00e9lules (75-100 ml)<\/td>\n<\/tr>\n<tr data-start=\"538\" data-end=\"619\">\n<td data-start=\"538\" data-end=\"561\" data-col-size=\"sm\"><strong data-start=\"540\" data-end=\"554\">Lavage \u00e0 la main<\/strong><\/td>\n<td data-col-size=\"sm\" data-start=\"561\" data-end=\"593\">10 l d'eau<\/td>\n<td data-col-size=\"sm\" data-start=\"593\" data-end=\"619\">2 bouchons (50 ml)<\/td>\n<\/tr>\n<\/tbody>\n<\/table>\n<\/div>\n<\/div>\n<p>&nbsp;<\/p>\n<p>A <strong data-start=\"1496\" data-end=\"1525\">Souldrops Rin\u00e7age de la goutte de pluie<\/strong> le choix parfait pour une harmonie de fra\u00eecheur, de douceur et de respect de l'environnement.<\/p>","protected":false},"excerpt":{"rendered":"<p>Un parfum frais rappelant une douche de printemps qui rafra\u00eechit les v\u00eatements et leur donne un toucher doux. A <strong data-start=\"264\" data-end=\"293\">Souldrops Rin\u00e7age de la goutte de pluie<\/strong> \u00e0 base de plantes, sans d\u00e9riv\u00e9s de p\u00e9trole, sans parab\u00e8nes et sans SLS, pour le plus grand respect de la peau et de l'environnement.<\/p>","protected":false},"featured_media":3097,"comment_status":"open","ping_status":"closed","template":"","meta":[],"product_brand":[1377],"product_cat":[1382],"product_tag":[1503,1496,1454,1446,1502,1471,1445,1470,1456,1474,1505,1506,1501,1465,1473,1504,1497,1447,1468,1439,1500,1499,1466],"class_list":{"0":"post-976","1":"product","2":"type-product","3":"status-publish","4":"has-post-thumbnail","6":"product_brand-souldrops","7":"product_cat-oblito","8":"product_tag-1000ml","9":"product_tag-allergiabarat","10":"product_tag-erzekeny-borre","11":"product_tag-oblito","12":"product_tag-oko-textiloblito","13":"product_tag-okohatekony","14":"product_tag-balzsamcsepp","15":"product_tag-borbarat","16":"product_tag-esocsepp","17":"product_tag-foszfatmentes","18":"product_tag-friss-illat","19":"product_tag-gyenged-oblito","20":"product_tag-illatos-oblito","21":"product_tag-kornyezetbarat","22":"product_tag-klormentes","23":"product_tag-lagy-ruhak","24":"product_tag-magyar-termek","25":"product_tag-sensitive","26":"product_tag-sls-mentes","27":"product_tag-souldrops","28":"product_tag-termeszetes-osszetevok","29":"product_tag-textiloblito","30":"product_tag-vegan-termek","32":"first","33":"instock","34":"taxable","35":"shipping-taxable","36":"product-type-simple"},"yoast_head":"<!-- This site is optimized with the Yoast SEO plugin v27.4 - https:\/\/yoast.com\/product\/yoast-seo-wordpress\/ -->\n<title>Souldrops Es\u0151csepp \u00d6bl\u00edt\u0151 (1000 ml) - Souldrops International<\/title>\n<meta name=\"description\" content=\"K\u00edm\u00e9letes, szenzit\u00edv textil\u00f6bl\u00edt\u0151, 1\u202f000\u202fml kiszerel\u00e9sben, amely puh\u00e1v\u00e1, antisztatikuss\u00e1 var\u00e1zsolja a ruh\u00e1kat, mik\u00f6zben hosszan tart\u00f3, diszkr\u00e9t illatot k\u00f6lcs\u00f6n\u00f6z.\" \/>\n<meta name=\"robots\" content=\"index, follow, max-snippet:-1, max-image-preview:large, max-video-preview:-1\" \/>\n<link rel=\"canonical\" href=\"https:\/\/mysouldrops.eu\/fr\/produit\/souldrops-esocsepp-oblito\/\" \/>\n<meta property=\"og:locale\" content=\"fr_FR\" \/>\n<meta property=\"og:type\" content=\"article\" \/>\n<meta property=\"og:title\" content=\"Souldrops Es\u0151csepp \u00d6bl\u00edt\u0151 (1000 ml) - Souldrops International\" \/>\n<meta property=\"og:description\" content=\"K\u00edm\u00e9letes, szenzit\u00edv textil\u00f6bl\u00edt\u0151, 1\u202f000\u202fml kiszerel\u00e9sben, amely puh\u00e1v\u00e1, antisztatikuss\u00e1 var\u00e1zsolja a ruh\u00e1kat, mik\u00f6zben hosszan tart\u00f3, diszkr\u00e9t illatot k\u00f6lcs\u00f6n\u00f6z.\" \/>\n<meta property=\"og:url\" content=\"https:\/\/mysouldrops.eu\/fr\/produit\/souldrops-esocsepp-oblito\/\" \/>\n<meta property=\"og:site_name\" content=\"Souldrops International\" \/>\n<meta property=\"article:modified_time\" content=\"2026-02-25T13:41:08+00:00\" \/>\n<meta property=\"og:image\" content=\"https:\/\/mysouldrops.eu\/wp-content\/uploads\/2026\/02\/E10_EN_F-RAL5012_SZ-FEHER_NINV_v6-800x800.png?crop=1\" \/>\n\t<meta property=\"og:image:width\" content=\"800\" \/>\n\t<meta property=\"og:image:height\" content=\"800\" \/>\n\t<meta property=\"og:image:type\" content=\"image\/png\" \/>\n<meta name=\"twitter:card\" content=\"summary_large_image\" \/>\n<meta name=\"twitter:label1\" content=\"Dur\u00e9e de lecture estim\u00e9e\" \/>\n\t<meta name=\"twitter:data1\" content=\"1 minute\" \/>\n<script type=\"application\/ld+json\" class=\"yoast-schema-graph\">{\"@context\":\"https:\\\/\\\/schema.org\",\"@graph\":[{\"@type\":\"WebPage\",\"@id\":\"https:\\\/\\\/mysouldrops.eu\\\/termek\\\/souldrops-esocsepp-oblito\\\/\",\"url\":\"https:\\\/\\\/mysouldrops.eu\\\/termek\\\/souldrops-esocsepp-oblito\\\/\",\"name\":\"Souldrops Es\u0151csepp \u00d6bl\u00edt\u0151 (1000 ml) - Souldrops International\",\"isPartOf\":{\"@id\":\"https:\\\/\\\/mysouldrops.eu\\\/#website\"},\"primaryImageOfPage\":{\"@id\":\"https:\\\/\\\/mysouldrops.eu\\\/termek\\\/souldrops-esocsepp-oblito\\\/#primaryimage\"},\"image\":{\"@id\":\"https:\\\/\\\/mysouldrops.eu\\\/termek\\\/souldrops-esocsepp-oblito\\\/#primaryimage\"},\"thumbnailUrl\":\"https:\\\/\\\/mysouldrops.eu\\\/wp-content\\\/uploads\\\/2026\\\/02\\\/E10_EN_F-RAL5012_SZ-FEHER_NINV_v6.png\",\"datePublished\":\"2025-07-04T10:59:35+00:00\",\"dateModified\":\"2026-02-25T13:41:08+00:00\",\"description\":\"K\u00edm\u00e9letes, szenzit\u00edv textil\u00f6bl\u00edt\u0151, 1\u202f000\u202fml kiszerel\u00e9sben, amely puh\u00e1v\u00e1, antisztatikuss\u00e1 var\u00e1zsolja a ruh\u00e1kat, mik\u00f6zben hosszan tart\u00f3, diszkr\u00e9t illatot k\u00f6lcs\u00f6n\u00f6z.\",\"breadcrumb\":{\"@id\":\"https:\\\/\\\/mysouldrops.eu\\\/termek\\\/souldrops-esocsepp-oblito\\\/#breadcrumb\"},\"inLanguage\":\"fr-FR\",\"potentialAction\":[{\"@type\":\"ReadAction\",\"target\":[\"https:\\\/\\\/mysouldrops.eu\\\/termek\\\/souldrops-esocsepp-oblito\\\/\"]}]},{\"@type\":\"ImageObject\",\"inLanguage\":\"fr-FR\",\"@id\":\"https:\\\/\\\/mysouldrops.eu\\\/termek\\\/souldrops-esocsepp-oblito\\\/#primaryimage\",\"url\":\"https:\\\/\\\/mysouldrops.eu\\\/wp-content\\\/uploads\\\/2026\\\/02\\\/E10_EN_F-RAL5012_SZ-FEHER_NINV_v6.png\",\"contentUrl\":\"https:\\\/\\\/mysouldrops.eu\\\/wp-content\\\/uploads\\\/2026\\\/02\\\/E10_EN_F-RAL5012_SZ-FEHER_NINV_v6.png\",\"width\":3425,\"height\":3425},{\"@type\":\"BreadcrumbList\",\"@id\":\"https:\\\/\\\/mysouldrops.eu\\\/termek\\\/souldrops-esocsepp-oblito\\\/#breadcrumb\",\"itemListElement\":[{\"@type\":\"ListItem\",\"position\":1,\"name\":\"Kezd\u0151lap\",\"item\":\"https:\\\/\\\/mysouldrops.eu\\\/\"},{\"@type\":\"ListItem\",\"position\":2,\"name\":\"Shop\",\"item\":\"https:\\\/\\\/mysouldrops.eu\\\/uzlet\\\/\"},{\"@type\":\"ListItem\",\"position\":3,\"name\":\"Souldrops Es\u0151csepp \u00d6bl\u00edt\u0151 (1000 ml)\"}]},{\"@type\":\"WebSite\",\"@id\":\"https:\\\/\\\/mysouldrops.eu\\\/#website\",\"url\":\"https:\\\/\\\/mysouldrops.eu\\\/\",\"name\":\"Souldrops International\",\"description\":\"A Souldrops egy k\u00f6rnyezettudatos tiszt\u00edt\u00f3szerm\u00e1rka, amely term\u00e9szetes \u00f6sszetev\u0151kkel \u00e9s st\u00edlusos szeml\u00e9lettel teszi tiszt\u00e1bb\u00e1 a vil\u00e1got \u2013 k\u00edv\u00fcl \u00e9s bel\u00fcl\",\"potentialAction\":[{\"@type\":\"SearchAction\",\"target\":{\"@type\":\"EntryPoint\",\"urlTemplate\":\"https:\\\/\\\/mysouldrops.eu\\\/?s={search_term_string}\"},\"query-input\":{\"@type\":\"PropertyValueSpecification\",\"valueRequired\":true,\"valueName\":\"search_term_string\"}}],\"inLanguage\":\"fr-FR\"}]}<\/script>\n<!-- \/ Yoast SEO plugin. -->","yoast_head_json":{"title":"Souldrops Rin\u00e7age des gouttes de pluie (1000 ml) - Souldrops International","description":"Rin\u00e7age doux et sensible des tissus en 1 000 ml, qui rend les v\u00eatements doux et antistatiques, tout en laissant un parfum discret et durable.","robots":{"index":"index","follow":"follow","max-snippet":"max-snippet:-1","max-image-preview":"max-image-preview:large","max-video-preview":"max-video-preview:-1"},"canonical":"https:\/\/mysouldrops.eu\/fr\/produit\/souldrops-esocsepp-oblito\/","og_locale":"fr_FR","og_type":"article","og_title":"Souldrops Es\u0151csepp \u00d6bl\u00edt\u0151 (1000 ml) - Souldrops International","og_description":"K\u00edm\u00e9letes, szenzit\u00edv textil\u00f6bl\u00edt\u0151, 1\u202f000\u202fml kiszerel\u00e9sben, amely puh\u00e1v\u00e1, antisztatikuss\u00e1 var\u00e1zsolja a ruh\u00e1kat, mik\u00f6zben hosszan tart\u00f3, diszkr\u00e9t illatot k\u00f6lcs\u00f6n\u00f6z.","og_url":"https:\/\/mysouldrops.eu\/fr\/produit\/souldrops-esocsepp-oblito\/","og_site_name":"Souldrops International","article_modified_time":"2026-02-25T13:41:08+00:00","og_image":[{"width":800,"height":800,"url":"https:\/\/mysouldrops.eu\/wp-content\/uploads\/2026\/02\/E10_EN_F-RAL5012_SZ-FEHER_NINV_v6-800x800.png?crop=1","type":"image\/png"}],"twitter_card":"summary_large_image","twitter_misc":{"Dur\u00e9e de lecture estim\u00e9e":"1 minute"},"schema":{"@context":"https:\/\/schema.org","@graph":[{"@type":"WebPage","@id":"https:\/\/mysouldrops.eu\/termek\/souldrops-esocsepp-oblito\/","url":"https:\/\/mysouldrops.eu\/termek\/souldrops-esocsepp-oblito\/","name":"Souldrops Rin\u00e7age des gouttes de pluie (1000 ml) - Souldrops International","isPartOf":{"@id":"https:\/\/mysouldrops.eu\/#website"},"primaryImageOfPage":{"@id":"https:\/\/mysouldrops.eu\/termek\/souldrops-esocsepp-oblito\/#primaryimage"},"image":{"@id":"https:\/\/mysouldrops.eu\/termek\/souldrops-esocsepp-oblito\/#primaryimage"},"thumbnailUrl":"https:\/\/mysouldrops.eu\/wp-content\/uploads\/2026\/02\/E10_EN_F-RAL5012_SZ-FEHER_NINV_v6.png","datePublished":"2025-07-04T10:59:35+00:00","dateModified":"2026-02-25T13:41:08+00:00","description":"Rin\u00e7age doux et sensible des tissus en 1 000 ml, qui rend les v\u00eatements doux et antistatiques, tout en laissant un parfum discret et durable.","breadcrumb":{"@id":"https:\/\/mysouldrops.eu\/termek\/souldrops-esocsepp-oblito\/#breadcrumb"},"inLanguage":"fr-FR","potentialAction":[{"@type":"ReadAction","target":["https:\/\/mysouldrops.eu\/termek\/souldrops-esocsepp-oblito\/"]}]},{"@type":"ImageObject","inLanguage":"fr-FR","@id":"https:\/\/mysouldrops.eu\/termek\/souldrops-esocsepp-oblito\/#primaryimage","url":"https:\/\/mysouldrops.eu\/wp-content\/uploads\/2026\/02\/E10_EN_F-RAL5012_SZ-FEHER_NINV_v6.png","contentUrl":"https:\/\/mysouldrops.eu\/wp-content\/uploads\/2026\/02\/E10_EN_F-RAL5012_SZ-FEHER_NINV_v6.png","width":3425,"height":3425},{"@type":"BreadcrumbList","@id":"https:\/\/mysouldrops.eu\/termek\/souldrops-esocsepp-oblito\/#breadcrumb","itemListElement":[{"@type":"ListItem","position":1,"name":"Kezd\u0151lap","item":"https:\/\/mysouldrops.eu\/"},{"@type":"ListItem","position":2,"name":"Shop","item":"https:\/\/mysouldrops.eu\/uzlet\/"},{"@type":"ListItem","position":3,"name":"Souldrops Es\u0151csepp \u00d6bl\u00edt\u0151 (1000 ml)"}]},{"@type":"WebSite","@id":"https:\/\/mysouldrops.eu\/#website","url":"https:\/\/mysouldrops.eu\/","name":"Souldrops International","description":"Souldrops est une marque de produits d'entretien respectueuse de l'environnement qui utilise des ingr\u00e9dients naturels et une approche \u00e9l\u00e9gante pour rendre le monde plus propre, \u00e0 l'int\u00e9rieur comme \u00e0 l'ext\u00e9rieur.","potentialAction":[{"@type":"SearchAction","target":{"@type":"EntryPoint","urlTemplate":"https:\/\/mysouldrops.eu\/?s={search_term_string}"},"query-input":{"@type":"PropertyValueSpecification","valueRequired":true,"valueName":"search_term_string"}}],"inLanguage":"fr-FR"}]}},"jetpack_likes_enabled":true,"jetpack_sharing_enabled":true,"_links":{"self":[{"href":"https:\/\/mysouldrops.eu\/fr\/wp-json\/wp\/v2\/product\/976","targetHints":{"allow":["GET"]}}],"collection":[{"href":"https:\/\/mysouldrops.eu\/fr\/wp-json\/wp\/v2\/product"}],"about":[{"href":"https:\/\/mysouldrops.eu\/fr\/wp-json\/wp\/v2\/types\/product"}],"replies":[{"embeddable":true,"href":"https:\/\/mysouldrops.eu\/fr\/wp-json\/wp\/v2\/comments?post=976"}],"wp:featuredmedia":[{"embeddable":true,"href":"https:\/\/mysouldrops.eu\/fr\/wp-json\/wp\/v2\/media\/3097"}],"wp:attachment":[{"href":"https:\/\/mysouldrops.eu\/fr\/wp-json\/wp\/v2\/media?parent=976"}],"wp:term":[{"taxonomy":"product_brand","embeddable":true,"href":"https:\/\/mysouldrops.eu\/fr\/wp-json\/wp\/v2\/product_brand?post=976"},{"taxonomy":"product_cat","embeddable":true,"href":"https:\/\/mysouldrops.eu\/fr\/wp-json\/wp\/v2\/product_cat?post=976"},{"taxonomy":"product_tag","embeddable":true,"href":"https:\/\/mysouldrops.eu\/fr\/wp-json\/wp\/v2\/product_tag?post=976"}],"curies":[{"name":"wp","href":"https:\/\/api.w.org\/{rel}","templated":true}]}}