{"id":1187,"date":"2025-07-26T18:22:55","date_gmt":"2025-07-26T16:22:55","guid":{"rendered":"https:\/\/mysouldrops.eu\/?page_id=1187"},"modified":"2025-07-26T19:03:33","modified_gmt":"2025-07-26T17:03:33","slug":"veganski-certifikat","status":"publish","type":"page","link":"https:\/\/mysouldrops.eu\/hr\/a-souldrops-rol\/vegan-tanusitvany\/","title":{"rendered":"Veganski certifikat"},"content":{"rendered":"<section class=\"section\" id=\"section_99717746\">\n\t\t<div class=\"section-bg fill\" >\n\t\t\t\t\t\t\t\t\t\n\t\t\t\n\n\t\t<\/div>\n\n\t\t\n\n\t\t<div class=\"section-content relative\">\n\t\t\t\n\n<div class=\"row row-collapse row-full-width align-middle align-center\"  id=\"row-620310007\">\n\n\n\t<div id=\"col-491250353\" class=\"col medium-12 small-12 large-6 medium-col-first\"  >\n\t\t\t\t<div class=\"col-inner\"  >\n\t\t\t\n\t\t\t\n\n\n  <div class=\"banner has-hover has-video has-parallax\" id=\"banner-1823733579\">\n          <div class=\"banner-inner fill\">\n        <div class=\"banner-bg fill\" data-parallax=\"-2\" data-parallax-container=\".banner\" data-parallax-background>\n            <img loading=\"lazy\" decoding=\"async\" width=\"1020\" height=\"680\" src=\"https:\/\/mysouldrops.eu\/wp-content\/uploads\/2025\/07\/vegan-food-background-plant-protein-vegetarian-2025-01-29-08-39-32-utc-1200x800.jpg\" class=\"bg attachment-large size-large\" alt=\"\" data-attachment-id=\"1202\" data-permalink=\"https:\/\/mysouldrops.eu\/hr\/a-souldrops-rol\/vegan-tanusitvany\/vegan-food-background-plant-protein-vegetarian-2025-01-29-08-39-32-utc\/#main\" data-orig-file=\"https:\/\/mysouldrops.eu\/wp-content\/uploads\/2025\/07\/vegan-food-background-plant-protein-vegetarian-2025-01-29-08-39-32-utc.jpg\" data-orig-size=\"2500,1667\" data-comments-opened=\"1\" data-image-meta=\"{&quot;aperture&quot;:&quot;9&quot;,&quot;credit&quot;:&quot;Olga Kochina&quot;,&quot;camera&quot;:&quot;X-T3&quot;,&quot;caption&quot;:&quot;Vegan food background. Plant protein., vegetarian nutrition sources. Healthy eating, diet ingredients: legumes, beans, lentils, nuts, soy milk, tofu, cereals, seeds and sprouts. Top view&quot;,&quot;created_timestamp&quot;:&quot;1666361126&quot;,&quot;copyright&quot;:&quot;&quot;,&quot;focal_length&quot;:&quot;23.5&quot;,&quot;iso&quot;:&quot;80&quot;,&quot;shutter_speed&quot;:&quot;0.00625&quot;,&quot;title&quot;:&quot;&quot;,&quot;orientation&quot;:&quot;1&quot;}\" data-image-title=\"vegan-food-background-plant-protein-vegetarian-2025-01-29-08-39-32-utc\" data-image-description=\"\" data-image-caption=\"&lt;p&gt;Vegan food background. Plant protein., vegetarian nutrition sources. Healthy eating, diet ingredients: legumes, beans, lentils, nuts, soy milk, tofu, cereals, seeds and sprouts. Top view&lt;\/p&gt;\" data-large-file=\"https:\/\/mysouldrops.eu\/wp-content\/uploads\/2025\/07\/vegan-food-background-plant-protein-vegetarian-2025-01-29-08-39-32-utc-1200x800.jpg\" \/>            \t<div class=\"video-overlay no-click fill hide-for-medium\"><\/div>\n\t<video class=\"video-bg fill hide-for-medium\" preload playsinline autoplay muted loop>\n\t\t<source src=\"https:\/\/videos.files.wordpress.com\/AQ0RMFgK\/shelves-with-products-in-a-grocery-store-2023-12-14-05-47-01-utc-1.mp4\" type=\"video\/mp4\">\t<\/video>\n            <div class=\"overlay\"><\/div>            \n                    <\/div>\n\t\t\n        <div class=\"banner-layers container\">\n            <div class=\"fill banner-link\"><\/div>            \n\n   <div id=\"text-box-441420364\" class=\"text-box banner-layer x50 md-x50 lg-x50 y50 md-y50 lg-y50 res-text\">\n                                <div class=\"text-box-content text dark\">\n              \n              <div class=\"text-inner text-center\">\n                  \n\n\t<div class=\"img has-hover x md-x lg-x y md-y lg-y\" id=\"image_1330673723\">\n\t\t\t\t<div data-parallax-fade=\"true\" data-parallax=\"-2\">\t\t<div data-animate=\"fadeInUp\">\t\t<div class=\"img-inner dark\" >\n\t\t\t<img loading=\"lazy\" decoding=\"async\" width=\"1020\" height=\"720\" src=\"https:\/\/mysouldrops.eu\/wp-content\/uploads\/2025\/06\/vegan_logo-1134x800.png\" class=\"attachment-large size-large\" alt=\"\" srcset=\"https:\/\/mysouldrops.eu\/wp-content\/uploads\/2025\/06\/vegan_logo-1134x800.png 1134w, https:\/\/mysouldrops.eu\/wp-content\/uploads\/2025\/06\/vegan_logo-567x400.png 567w, https:\/\/mysouldrops.eu\/wp-content\/uploads\/2025\/06\/vegan_logo-768x542.png 768w, https:\/\/mysouldrops.eu\/wp-content\/uploads\/2025\/06\/vegan_logo-510x360.png 510w, https:\/\/mysouldrops.eu\/wp-content\/uploads\/2025\/06\/vegan_logo.png 1298w\" sizes=\"auto, (max-width: 1020px) 100vw, 1020px\" data-attachment-id=\"886\" data-permalink=\"https:\/\/mysouldrops.eu\/hr\/souldrops-haztartasi-tisztitoszerek\/vegan_logo\/#main\" data-orig-file=\"https:\/\/mysouldrops.eu\/wp-content\/uploads\/2025\/06\/vegan_logo.png\" data-orig-size=\"1298,916\" data-comments-opened=\"1\" data-image-meta=\"{&quot;aperture&quot;:&quot;0&quot;,&quot;credit&quot;:&quot;&quot;,&quot;camera&quot;:&quot;&quot;,&quot;caption&quot;:&quot;&quot;,&quot;created_timestamp&quot;:&quot;0&quot;,&quot;copyright&quot;:&quot;&quot;,&quot;focal_length&quot;:&quot;0&quot;,&quot;iso&quot;:&quot;0&quot;,&quot;shutter_speed&quot;:&quot;0&quot;,&quot;title&quot;:&quot;&quot;,&quot;orientation&quot;:&quot;0&quot;}\" data-image-title=\"vegan_logo\" data-image-description=\"\" data-image-caption=\"\" data-large-file=\"https:\/\/mysouldrops.eu\/wp-content\/uploads\/2025\/06\/vegan_logo-1134x800.png\" \/>\t\t\t\t\t\t\n\t\t\t\t\t<\/div>\n\t\t<\/div>\t\t<\/div>\t\t\t\t\n<style>\n#image_1330673723 {\n  width: 79%;\n}\n<\/style>\n\t<\/div>\n\t\n\n\n              <\/div>\n           <\/div>\n                            \n<style>\n#text-box-441420364 {\n  width: 60%;\n}\n#text-box-441420364 .text-box-content {\n  font-size: 100%;\n}\n@media (min-width:550px) {\n  #text-box-441420364 {\n    width: 60%;\n  }\n}\n<\/style>\n    <\/div>\n \n\n        <\/div>\n      <\/div>\n\n            \n<style>\n#banner-1823733579 {\n  padding-top: 300px;\n  background-color: rgba(255, 255, 255, 0);\n}\n#banner-1823733579 .overlay {\n  background-color: rgba(255, 255, 255, 0.756);\n}\n#banner-1823733579 .banner-bg img {\n  object-position: 67% 25%;\n}\n@media (min-width:550px) {\n  #banner-1823733579 {\n    padding-top: 400px;\n  }\n}\n@media (min-width:850px) {\n  #banner-1823733579 {\n    padding-top: 550px;\n  }\n}\n<\/style>\n  <\/div>\n\n\n\n\t\t<\/div>\n\t\t\t\t\t<\/div>\n\n\t\n\n\t<div id=\"col-562264351\" class=\"col index-up medium-12 small-11 large-6\"  >\n\t\t\t\t<div class=\"col-inner\"  >\n\t\t\t\n\t\t\t\n\n\t<div id=\"gap-831764947\" class=\"gap-element clearfix\" style=\"display:block; height:auto;\">\n\t\t\n<style>\n#gap-831764947 {\n  padding-top: 30px;\n}\n<\/style>\n\t<\/div>\n\t\n\n<div class=\"row align-center\"  id=\"row-125742888\">\n\n\n\t<div id=\"col-625622770\" class=\"col index-up medium-11 small-12 large-12\"  data-animate=\"fadeInRight\">\n\t\t\t\t<div class=\"col-inner text-center box-shadow-3\" style=\"background-color:rgb(255, 255, 255);\" data-parallax-fade=\"true\" data-parallax=\"2\">\n\t\t\t\n\t\t\t\n\n<h2 class=\"uppercase\" style=\"text-align: center;\">\u0160to zna\u010di Vegan? <br \/>Certifikat za\u0161titnog znaka?<\/h2>\n<p>A <strong>Kapljice du\u0161a<\/strong> Za nas, \u010disto\u0107a ne zna\u010di samo u\u010dinkovitost na\u0161ih proizvoda, ve\u0107 i odra\u017eava na\u0161e vrijednosti. Stoga <strong>Posebno smo ponosni \u0161to su na\u0161i proizvodi dobili jedan od najpoznatijih i najuglednijih veganskih certifikata na svijetu: veganski za\u0161titni znak, koji izdaje britansko Vegansko dru\u0161tvo.<\/strong><\/p>\n\n\t\t<\/div>\n\t\t\t\t\n<style>\n#col-625622770 > .col-inner {\n  padding: 15% 10% 15% 10%;\n  margin: -100px 0px 0px 0px;\n  border-radius: 15px;\n}\n@media (min-width:550px) {\n  #col-625622770 > .col-inner {\n    padding: 6% 6% 6% 6%;\n    margin: -150px 0px 0px 0px;\n  }\n}\n@media (min-width:850px) {\n  #col-625622770 > .col-inner {\n    padding: 7% 10% 7% 10%;\n    margin: 0px 0px 0px -100px;\n  }\n}\n<\/style>\n\t<\/div>\n\n\t\n\n<\/div>\n\n\t\t<\/div>\n\t\t\t\t\n<style>\n#col-562264351 > .col-inner {\n  padding: 10px 0px 20px 0px;\n}\n@media (min-width:550px) {\n  #col-562264351 > .col-inner {\n    padding: 35px 0px 30px 0px;\n  }\n}\n@media (min-width:850px) {\n  #col-562264351 > .col-inner {\n    padding: 0 0px 0px 0px;\n  }\n}\n<\/style>\n\t<\/div>\n\n\t\n\n<\/div>\n\n\t\t<\/div>\n\n\t\t\n<style>\n#section_99717746 {\n  padding-top: 0px;\n  padding-bottom: 0px;\n  margin-bottom: 0px;\n  background-color: #273647;\n}\n@media (min-width:550px) {\n  #section_99717746 {\n    padding-top: 0px;\n    padding-bottom: 0px;\n  }\n}\n<\/style>\n\t<\/section>\n\t\n\n\t<section class=\"section\" id=\"section_2081307207\">\n\t\t<div class=\"section-bg fill\" >\n\t\t\t\t\t\t\t\t\t\n\t\t\t\n\n\t\t<\/div>\n\n\t\t\n\n\t\t<div class=\"section-content relative\">\n\t\t\t\n\n\t<div id=\"gap-2079568344\" class=\"gap-element clearfix\" style=\"display:block; height:auto;\">\n\t\t\n<style>\n#gap-2079568344 {\n  padding-top: 20px;\n}\n@media (min-width:550px) {\n  #gap-2079568344 {\n    padding-top: 40px;\n  }\n}\n<\/style>\n\t<\/div>\n\t\n\n<div class=\"row\"  id=\"row-1274284857\">\n\n\n\t<div id=\"col-1156835528\" class=\"col medium-4 small-12 large-4\"  >\n\t\t\t\t<div class=\"col-inner\"  >\n\t\t\t\n\t\t\t\n\n\t<div id=\"gap-186507059\" class=\"gap-element clearfix hide-for-medium\" style=\"display:block; height:auto;\">\n\t\t\n<style>\n#gap-186507059 {\n  padding-top: 10px;\n}\n<\/style>\n\t<\/div>\n\t\n\n\t<div id=\"text-3396492791\" class=\"text\">\n\t\t\n\n<h3 class=\"uppercase\"><span style=\"font-size: 100%;\">Jedan od najpoznatijih veganskih brendova na svijetu<\/span><\/h3>\n\t\t\n<style>\n#text-3396492791 {\n  font-size: 1.75rem;\n  line-height: 1.25;\n}\n@media (min-width:850px) {\n  #text-3396492791 {\n    line-height: 1.15;\n  }\n}\n<\/style>\n\t<\/div>\n\t\n\n\t\t<\/div>\n\t\t\t\t\n<style>\n#col-1156835528 > .col-inner {\n  margin: 0px 0px -20px 0px;\n}\n<\/style>\n\t<\/div>\n\n\t\n\n\t<div id=\"col-994873464\" class=\"col medium-8 small-12 large-8\"  >\n\t\t\t\t<div class=\"col-inner\"  >\n\t\t\t\n\t\t\t\n\n<p>Ovaj logotip suncokreta nije samo za\u0161titni znak \u2013 to je vjerodostojno, neovisno jamstvo da Souldrops proizvodi zaista ispunjavaju stroge zahtjeve veganskog na\u010dina \u017eivota. Certifikat osigurava da na\u0161i proizvodi ne sadr\u017ee nikakve \u017eivotinjske sastojke i da nisu testirani na \u017eivotinjama ni u jednoj fazi razvoja ili proizvodnje. Tijekom cijelog proizvodnog procesa posebnu pozornost posve\u0107ujemo osiguravanju da sastojci nisu izravno ili neizravno povezani sa \u017eivotinjskim izvorima.<\/p>\n<p>Veganski za\u0161titni znak poma\u017ee potro\u0161a\u010dima diljem svijeta da donose eti\u010dne i svjesne odluke o kupnji na lako prepoznatljiv na\u010din od 1990. godine. Certifikaciju podr\u017eava Vegansko dru\u0161tvo, osnovano 1944. godine, koje je i skovalo pojam \u201eveganstvo\u201d. Za Souldrops tim bilo je posebno va\u017eno dobiti za\u0161titni znak koji priznaje tako presti\u017ena i vjerodostojna organizacija, jer to nije samo priznanje ve\u0107 i odgovornost \u2013 prema na\u0161em planetu, divljim \u017eivotinjama i na\u0161im kupcima.<\/p>\n\n\t\t<\/div>\n\t\t\t\t\t<\/div>\n\n\t\n\n<\/div>\n\n\t\t<\/div>\n\n\t\t\n<style>\n#section_2081307207 {\n  padding-top: 30px;\n  padding-bottom: 30px;\n}\n<\/style>\n\t<\/section>\n\t\n\n\t<section class=\"section dark\" id=\"section_310896533\">\n\t\t<div class=\"section-bg fill\" >\n\t\t\t\t\t\t\t\t\t\n\t\t\t\n\n\t\t<\/div>\n\n\t\t\n\n\t\t<div class=\"section-content relative\">\n\t\t\t\n\n<div class=\"row\"  id=\"row-1281541181\">\n\n\n\t<div id=\"col-1719887802\" class=\"col small-12 large-12\"  >\n\t\t\t\t<div class=\"col-inner\"  >\n\t\t\t\n\t\t\t\n\n\t<div id=\"gap-1381802276\" class=\"gap-element clearfix\" style=\"display:block; height:auto;\">\n\t\t\n<style>\n#gap-1381802276 {\n  padding-top: 30px;\n}\n<\/style>\n\t<\/div>\n\t\n\n\t<div id=\"stack-3625380136\" class=\"stack stack-row justify-between items-stretch\">\n\t\t\n\n\t<div id=\"text-3922244780\" class=\"text\">\n\t\t\n\n<h3 class=\"uppercase\"><span style=\"font-size: 90%;\">\u010cisto\u0107a, osvije\u0161tenost, veganska kvaliteta<\/span><\/h3>\n\t\t\n<style>\n#text-3922244780 {\n  font-size: 2rem;\n  line-height: 0.75;\n}\n<\/style>\n\t<\/div>\n\t\n\n\t\t\n<style>\n#stack-3625380136 > * {\n  --stack-gap: 0rem;\n}\n<\/style>\n\t<\/div>\n\t\n\n\t\t<\/div>\n\t\t\t\t\t<\/div>\n\n\t\n\n<\/div>\n<div class=\"row row-large\"  id=\"row-440876565\">\n\n\n\t<div id=\"col-464053433\" class=\"col medium-6 small-12 large-6\"  >\n\t\t\t\t<div class=\"col-inner\"  >\n\t\t\t\n\t\t\t\n\n<p>Potro\u0161a\u010di postaju sve svjesniji i sve vi\u0161e tra\u017ee ku\u0107anske proizvode koji ne samo da \u010diste na ekolo\u0161ki prihvatljiv na\u010din, ve\u0107 i zadovoljavaju najvi\u0161e eti\u010dke standarde. <strong>Veganski za\u0161titni znak<\/strong> pru\u017ea ovu sigurnost: svi proizvodi s ovim logotipom zajam\u010deno su bez okrutnosti, prilago\u0111eni \u017eivotinjama i potpuno veganski.<\/p>\n\n\t\t<\/div>\n\t\t\t\t\t<\/div>\n\n\t\n\n\t<div id=\"col-957110094\" class=\"col medium-6 small-12 large-6\"  >\n\t\t\t\t<div class=\"col-inner\"  >\n\t\t\t\n\t\t\t\n\n<p>A <strong>Kapljice du\u0161a<\/strong> ima za cilj ponuditi pravu alternativu svima onima za koje \u010dist dom ne mo\u017ee zna\u010diti iskori\u0161tavanje ili patnju drugih \u017eivih bi\u0107a. Veganski za\u0161titni znak jedan je od najja\u010dih simbola ove misije. Nastavljamo razvijati sve na\u0161e proizvode u tom duhu - kako bi va\u0161 dom bio \u010dist, a va\u0161a savjest mirna.<\/p>\n\n\t\t<\/div>\n\t\t\t\t\t<\/div>\n\n\t\n\n<\/div>\n\n\t\t<\/div>\n\n\t\t\n<style>\n#section_310896533 {\n  padding-top: 50px;\n  padding-bottom: 50px;\n  background-color: #273647;\n}\n<\/style>\n\t<\/section>\n\t\n<div class=\"row\"  id=\"row-498469102\">\n\n\n\t<div id=\"col-1893759373\" class=\"col small-12 large-12\"  >\n\t\t\t\t<div class=\"col-inner text-center\"  >\n\t\t\t\n\t\t\t\n\n\t<div class=\"img has-hover x md-x lg-x y md-y lg-y\" id=\"image_327491358\">\n\t\t\t\t\t\t<div data-animate=\"fadeInUp\">\t\t<div class=\"img-inner dark\" >\n\t\t\t<img loading=\"lazy\" decoding=\"async\" width=\"1020\" height=\"574\" src=\"https:\/\/mysouldrops.eu\/wp-content\/uploads\/2025\/06\/souldrops_logo_black-1400x788.png\" class=\"attachment-large size-large\" alt=\"\" srcset=\"https:\/\/mysouldrops.eu\/wp-content\/uploads\/2025\/06\/souldrops_logo_black-1400x788.png 1400w, https:\/\/mysouldrops.eu\/wp-content\/uploads\/2025\/06\/souldrops_logo_black-510x287.png 510w, https:\/\/mysouldrops.eu\/wp-content\/uploads\/2025\/06\/souldrops_logo_black-711x400.png 711w, https:\/\/mysouldrops.eu\/wp-content\/uploads\/2025\/06\/souldrops_logo_black-768x432.png 768w, https:\/\/mysouldrops.eu\/wp-content\/uploads\/2025\/06\/souldrops_logo_black-1536x864.png 1536w, https:\/\/mysouldrops.eu\/wp-content\/uploads\/2025\/06\/souldrops_logo_black-18x10.png 18w, https:\/\/mysouldrops.eu\/wp-content\/uploads\/2025\/06\/souldrops_logo_black-1200x675.png 1200w, https:\/\/mysouldrops.eu\/wp-content\/uploads\/2025\/06\/souldrops_logo_black.png 1920w\" sizes=\"auto, (max-width: 1020px) 100vw, 1020px\" data-attachment-id=\"132\" data-permalink=\"https:\/\/mysouldrops.eu\/hr\/souldrops_logo_black\/\" data-orig-file=\"https:\/\/mysouldrops.eu\/wp-content\/uploads\/2025\/06\/souldrops_logo_black.png\" data-orig-size=\"1920,1080\" data-comments-opened=\"1\" data-image-meta=\"{&quot;aperture&quot;:&quot;0&quot;,&quot;credit&quot;:&quot;&quot;,&quot;camera&quot;:&quot;&quot;,&quot;caption&quot;:&quot;&quot;,&quot;created_timestamp&quot;:&quot;0&quot;,&quot;copyright&quot;:&quot;&quot;,&quot;focal_length&quot;:&quot;0&quot;,&quot;iso&quot;:&quot;0&quot;,&quot;shutter_speed&quot;:&quot;0&quot;,&quot;title&quot;:&quot;&quot;,&quot;orientation&quot;:&quot;0&quot;}\" data-image-title=\"souldrops_logo_black\" data-image-description=\"\" data-image-caption=\"\" data-large-file=\"https:\/\/mysouldrops.eu\/wp-content\/uploads\/2025\/06\/souldrops_logo_black-1400x788.png\" \/>\t\t\t\t\t\t\n\t\t\t\t\t<\/div>\n\t\t<\/div>\t\t\t\t\t\t\n<style>\n#image_327491358 {\n  width: 19%;\n}\n<\/style>\n\t<\/div>\n\t\n\n\n\t\t<\/div>\n\t\t\t\t\t<\/div>\n\n\t\n\n<\/div>","protected":false},"excerpt":{"rendered":"","protected":false},"author":267682164,"featured_media":0,"parent":820,"menu_order":0,"comment_status":"closed","ping_status":"closed","template":"page-blank.php","meta":{"footnotes":""},"class_list":["post-1187","page","type-page","status-publish","hentry"],"yoast_head":"<!-- This site is optimized with the Yoast SEO plugin v27.4 - https:\/\/yoast.com\/product\/yoast-seo-wordpress\/ -->\n<title>Vegan tan\u00fas\u00edtv\u00e1ny - Souldrops International<\/title>\n<meta name=\"robots\" content=\"index, follow, max-snippet:-1, max-image-preview:large, max-video-preview:-1\" \/>\n<link rel=\"canonical\" href=\"https:\/\/mysouldrops.eu\/hr\/o-kapljicama-duse\/veganski-certifikat\/\" \/>\n<meta property=\"og:locale\" content=\"hr_HR\" \/>\n<meta property=\"og:type\" content=\"article\" \/>\n<meta property=\"og:title\" content=\"Vegan tan\u00fas\u00edtv\u00e1ny - Souldrops International\" \/>\n<meta property=\"og:url\" content=\"https:\/\/mysouldrops.eu\/hr\/o-kapljicama-duse\/veganski-certifikat\/\" \/>\n<meta property=\"og:site_name\" content=\"Souldrops International\" \/>\n<meta property=\"article:modified_time\" content=\"2025-07-26T17:03:33+00:00\" \/>\n<meta name=\"twitter:card\" content=\"summary_large_image\" \/>\n<meta name=\"twitter:label1\" content=\"Procijenjeno vrijeme \u010ditanja\" \/>\n\t<meta name=\"twitter:data1\" content=\"2 minute\" \/>\n<script type=\"application\/ld+json\" class=\"yoast-schema-graph\">{\"@context\":\"https:\\\/\\\/schema.org\",\"@graph\":[{\"@type\":\"WebPage\",\"@id\":\"https:\\\/\\\/mysouldrops.eu\\\/a-souldrops-rol\\\/vegan-tanusitvany\\\/\",\"url\":\"https:\\\/\\\/mysouldrops.eu\\\/a-souldrops-rol\\\/vegan-tanusitvany\\\/\",\"name\":\"Vegan tan\u00fas\u00edtv\u00e1ny - Souldrops International\",\"isPartOf\":{\"@id\":\"https:\\\/\\\/mysouldrops.eu\\\/#website\"},\"datePublished\":\"2025-07-26T16:22:55+00:00\",\"dateModified\":\"2025-07-26T17:03:33+00:00\",\"breadcrumb\":{\"@id\":\"https:\\\/\\\/mysouldrops.eu\\\/a-souldrops-rol\\\/vegan-tanusitvany\\\/#breadcrumb\"},\"inLanguage\":\"hr\",\"potentialAction\":[{\"@type\":\"ReadAction\",\"target\":[\"https:\\\/\\\/mysouldrops.eu\\\/a-souldrops-rol\\\/vegan-tanusitvany\\\/\"]}]},{\"@type\":\"BreadcrumbList\",\"@id\":\"https:\\\/\\\/mysouldrops.eu\\\/a-souldrops-rol\\\/vegan-tanusitvany\\\/#breadcrumb\",\"itemListElement\":[{\"@type\":\"ListItem\",\"position\":1,\"name\":\"Kezd\u0151lap\",\"item\":\"https:\\\/\\\/mysouldrops.eu\\\/\"},{\"@type\":\"ListItem\",\"position\":2,\"name\":\"A Souldrops-r\u00f3l\",\"item\":\"https:\\\/\\\/mysouldrops.eu\\\/a-souldrops-rol\\\/\"},{\"@type\":\"ListItem\",\"position\":3,\"name\":\"Vegan tan\u00fas\u00edtv\u00e1ny\"}]},{\"@type\":\"WebSite\",\"@id\":\"https:\\\/\\\/mysouldrops.eu\\\/#website\",\"url\":\"https:\\\/\\\/mysouldrops.eu\\\/\",\"name\":\"Souldrops International\",\"description\":\"A Souldrops egy k\u00f6rnyezettudatos tiszt\u00edt\u00f3szerm\u00e1rka, amely term\u00e9szetes \u00f6sszetev\u0151kkel \u00e9s st\u00edlusos szeml\u00e9lettel teszi tiszt\u00e1bb\u00e1 a vil\u00e1got \u2013 k\u00edv\u00fcl \u00e9s bel\u00fcl\",\"potentialAction\":[{\"@type\":\"SearchAction\",\"target\":{\"@type\":\"EntryPoint\",\"urlTemplate\":\"https:\\\/\\\/mysouldrops.eu\\\/?s={search_term_string}\"},\"query-input\":{\"@type\":\"PropertyValueSpecification\",\"valueRequired\":true,\"valueName\":\"search_term_string\"}}],\"inLanguage\":\"hr\"}]}<\/script>\n<!-- \/ Yoast SEO plugin. -->","yoast_head_json":{"title":"Veganski certifikat - Souldrops International","robots":{"index":"index","follow":"follow","max-snippet":"max-snippet:-1","max-image-preview":"max-image-preview:large","max-video-preview":"max-video-preview:-1"},"canonical":"https:\/\/mysouldrops.eu\/hr\/o-kapljicama-duse\/veganski-certifikat\/","og_locale":"hr_HR","og_type":"article","og_title":"Vegan tan\u00fas\u00edtv\u00e1ny - Souldrops International","og_url":"https:\/\/mysouldrops.eu\/hr\/o-kapljicama-duse\/veganski-certifikat\/","og_site_name":"Souldrops International","article_modified_time":"2025-07-26T17:03:33+00:00","twitter_card":"summary_large_image","twitter_misc":{"Procijenjeno vrijeme \u010ditanja":"2 minute"},"schema":{"@context":"https:\/\/schema.org","@graph":[{"@type":"WebPage","@id":"https:\/\/mysouldrops.eu\/a-souldrops-rol\/vegan-tanusitvany\/","url":"https:\/\/mysouldrops.eu\/a-souldrops-rol\/vegan-tanusitvany\/","name":"Veganski certifikat - Souldrops International","isPartOf":{"@id":"https:\/\/mysouldrops.eu\/#website"},"datePublished":"2025-07-26T16:22:55+00:00","dateModified":"2025-07-26T17:03:33+00:00","breadcrumb":{"@id":"https:\/\/mysouldrops.eu\/a-souldrops-rol\/vegan-tanusitvany\/#breadcrumb"},"inLanguage":"hr","potentialAction":[{"@type":"ReadAction","target":["https:\/\/mysouldrops.eu\/a-souldrops-rol\/vegan-tanusitvany\/"]}]},{"@type":"BreadcrumbList","@id":"https:\/\/mysouldrops.eu\/a-souldrops-rol\/vegan-tanusitvany\/#breadcrumb","itemListElement":[{"@type":"ListItem","position":1,"name":"Kezd\u0151lap","item":"https:\/\/mysouldrops.eu\/"},{"@type":"ListItem","position":2,"name":"A Souldrops-r\u00f3l","item":"https:\/\/mysouldrops.eu\/a-souldrops-rol\/"},{"@type":"ListItem","position":3,"name":"Vegan tan\u00fas\u00edtv\u00e1ny"}]},{"@type":"WebSite","@id":"https:\/\/mysouldrops.eu\/#website","url":"https:\/\/mysouldrops.eu\/","name":"Souldrops International","description":"Souldrops je ekolo\u0161ki osvije\u0161ten brend sredstava za \u010di\u0161\u0107enje koji koristi prirodne sastojke i elegantan pristup kako bi svijet u\u010dinio \u010di\u0161\u0107im \u2013 iznutra i izvana.","potentialAction":[{"@type":"SearchAction","target":{"@type":"EntryPoint","urlTemplate":"https:\/\/mysouldrops.eu\/?s={search_term_string}"},"query-input":{"@type":"PropertyValueSpecification","valueRequired":true,"valueName":"search_term_string"}}],"inLanguage":"hr"}]}},"jetpack_likes_enabled":true,"jetpack_sharing_enabled":true,"jetpack_shortlink":"https:\/\/wp.me\/PgJ65g-j9","_links":{"self":[{"href":"https:\/\/mysouldrops.eu\/hr\/wp-json\/wp\/v2\/pages\/1187","targetHints":{"allow":["GET"]}}],"collection":[{"href":"https:\/\/mysouldrops.eu\/hr\/wp-json\/wp\/v2\/pages"}],"about":[{"href":"https:\/\/mysouldrops.eu\/hr\/wp-json\/wp\/v2\/types\/page"}],"author":[{"embeddable":true,"href":"https:\/\/mysouldrops.eu\/hr\/wp-json\/wp\/v2\/users\/267682164"}],"replies":[{"embeddable":true,"href":"https:\/\/mysouldrops.eu\/hr\/wp-json\/wp\/v2\/comments?post=1187"}],"version-history":[{"count":17,"href":"https:\/\/mysouldrops.eu\/hr\/wp-json\/wp\/v2\/pages\/1187\/revisions"}],"predecessor-version":[{"id":1213,"href":"https:\/\/mysouldrops.eu\/hr\/wp-json\/wp\/v2\/pages\/1187\/revisions\/1213"}],"up":[{"embeddable":true,"href":"https:\/\/mysouldrops.eu\/hr\/wp-json\/wp\/v2\/pages\/820"}],"wp:attachment":[{"href":"https:\/\/mysouldrops.eu\/hr\/wp-json\/wp\/v2\/media?parent=1187"}],"curies":[{"name":"radni list","href":"https:\/\/api.w.org\/{rel}","templated":true}]}}