{"id":1007,"date":"2025-07-04T14:23:26","date_gmt":"2025-07-04T12:23:26","guid":{"rendered":"https:\/\/mysouldrops.eu\/?post_type=product&#038;p=1007"},"modified":"2025-12-01T10:52:31","modified_gmt":"2025-12-01T09:52:31","slug":"souldrops-baby-drop-hipoalergeni-deterdzent-za-osjetljivu-djecju-odjecu","status":"publish","type":"product","link":"https:\/\/mysouldrops.eu\/hr\/termek\/souldrops-baby-drop-hipoallergen-szenzitiv-mosogel-babaruhakhoz\/","title":{"rendered":"Souldrops baby drop hipoalergeni gel za pranje osjetljive dje\u010dje odje\u0107e (1000 ml)"},"content":{"rendered":"<p><strong>Idealan izbor ako tra\u017eite \u010disto i prirodno rje\u0161enje za odje\u0107u va\u0161e bebe! Souldrops gel za pranje dje\u010dje odje\u0107e:<\/strong><\/p>\n<p>Nje\u017ena, ali u\u010dinkovita formula \u2013 sadr\u017ei surfaktante na bazi \u0161e\u0107era koji dubinski \u010diste na niskoj temperaturi od 20\u00b0C.<br \/>\nHipoalergeno i vegansko, bez SLS\/SLES-a, mirisa, klora i fosfata \u2013 ozbiljna pa\u017enja prema osjetljivoj ko\u017ei.<br \/>\nEkolo\u0161ki prihvatljivo pakiranje \u2013 ku\u0107i\u0161te od reciklirane HDPE plastike i biorazgradivi sastojci.<br \/>\nSigurnosni certifikati \u2013 dermatolo\u0161ki testirano, ECOGARANTIE, certificirano od strane Europskog veganskog dru\u0161tva.<\/p>\n<p><strong>Korisni\u010dki priru\u010dnik<\/strong><\/p>\n<ul>\n<li>Ulijte ga u ladicu dozatora perilice rublja ili direktno na odje\u0107u.<\/li>\n<li>Za srednje veliko punjenje (4-5 kg) koristite otprilike 50 ml (1 \u010dep).<\/li>\n<li>Za osjetljivu odje\u0107u preporu\u010duje se pranje u hladnoj ili umjerenoj vodi (20-40\u00b0C).<\/li>\n<li>Za ru\u010dno pranje, 1 \u010dep gela za pranje dovoljan je za otprilike 10 litara vode.<\/li>\n<\/ul>\n<p><strong>Zna\u010dajke odr\u017eivosti<\/strong><\/p>\n<ul>\n<li>Prirodni surfaktanti na bazi \u0161e\u0107era, biljni enzimi i formula na bazi vodene otopine.<\/li>\n<li>Bez SLS\/SLES, fosfata, klora ili umjetnih mirisa \u2013 nje\u017eno za ko\u017eu i okoli\u0161.<\/li>\n<li>Veganski i bez okrutnosti prema \u017eivotinjama, sastojci imaju EWG certifikat.<\/li>\n<\/ul>","protected":false},"excerpt":{"rendered":"<p>&nbsp;<\/p>\n<p>Nje\u017ean, veganski i ekolo\u0161ki prihvatljiv gel za pranje dje\u010dje odje\u0107e - u\u010dinkovito \u010disti i \u0161titi osjetljivu ko\u017eu. Formula bez klora, SLS-a i mirisa, u recikliranom pakiranju.<\/p>","protected":false},"featured_media":82,"comment_status":"open","ping_status":"closed","template":"","meta":[],"product_brand":[1377],"product_cat":[1378,1385],"product_tag":[1479,1454,1480,1471,1477,1467,1463,1470,1475,1476,1474,1462,1469,1465,1473,1472,1468,1478,1464,1466],"class_list":{"0":"post-1007","1":"product","2":"type-product","3":"status-publish","4":"has-post-thumbnail","6":"product_brand-souldrops","7":"product_cat-mosogel","8":"product_cat-souldrops-baby","9":"product_tag-750ml","10":"product_tag-erzekeny-borre","11":"product_tag-erzekeny-textiliakhoz","12":"product_tag-okohatekony","13":"product_tag-ujrahasznositott-csomagolas","14":"product_tag-baba-mosogel","15":"product_tag-babamososzer","16":"product_tag-borbarat","17":"product_tag-cruelty-free","18":"product_tag-eco-mososzer","19":"product_tag-foszfatmentes","20":"product_tag-hipoallergen","21":"product_tag-illatanyagmentes","22":"product_tag-kornyezetbarat","23":"product_tag-klormentes","24":"product_tag-mosogel-babaknak","25":"product_tag-sls-mentes","26":"product_tag-souldrops-baby","27":"product_tag-termeszetes-mososzer","28":"product_tag-vegan-termek","30":"first","31":"instock","32":"taxable","33":"shipping-taxable","34":"product-type-simple"},"yoast_head":"<!-- This site is optimized with the Yoast SEO plugin v27.4 - https:\/\/yoast.com\/product\/yoast-seo-wordpress\/ -->\n<title>Souldrops baby drop hipoallerg\u00e9n-szenzit\u00edv mos\u00f3g\u00e9l babaruh\u00e1khoz (1000 ml) - Souldrops International<\/title>\n<meta name=\"description\" content=\"Hat\u00e9kony, n\u00f6v\u00e9nyi alap\u00fa mosogat\u00f3szer 750\u202fml kiszerel\u00e9sben \u2013 k\u0151olajmentes, biol\u00f3giailag leboml\u00f3 \u00e9s \u00e1llatk\u00eds\u00e9rlet-mentes formula, diszkr\u00e9t, z\u00f6ld tea illattal, amely megtartja a k\u00f6rnyezetbar\u00e1t mosogat\u00e1s \u00e9lm\u00e9ny\u00e9t.\" \/>\n<meta name=\"robots\" content=\"index, follow, max-snippet:-1, max-image-preview:large, max-video-preview:-1\" \/>\n<link rel=\"canonical\" href=\"https:\/\/mysouldrops.eu\/hr\/proizvod\/souldrops-baby-drop-hipoalergeni-deterdzent-za-osjetljivu-djecju-odjecu\/\" \/>\n<meta property=\"og:locale\" content=\"hr_HR\" \/>\n<meta property=\"og:type\" content=\"article\" \/>\n<meta property=\"og:title\" content=\"Souldrops baby drop hipoallerg\u00e9n-szenzit\u00edv mos\u00f3g\u00e9l babaruh\u00e1khoz (1000 ml) - Souldrops International\" \/>\n<meta property=\"og:description\" content=\"Hat\u00e9kony, n\u00f6v\u00e9nyi alap\u00fa mosogat\u00f3szer 750\u202fml kiszerel\u00e9sben \u2013 k\u0151olajmentes, biol\u00f3giailag leboml\u00f3 \u00e9s \u00e1llatk\u00eds\u00e9rlet-mentes formula, diszkr\u00e9t, z\u00f6ld tea illattal, amely megtartja a k\u00f6rnyezetbar\u00e1t mosogat\u00e1s \u00e9lm\u00e9ny\u00e9t.\" \/>\n<meta property=\"og:url\" content=\"https:\/\/mysouldrops.eu\/hr\/proizvod\/souldrops-baby-drop-hipoalergeni-deterdzent-za-osjetljivu-djecju-odjecu\/\" \/>\n<meta property=\"og:site_name\" content=\"Souldrops International\" \/>\n<meta property=\"article:modified_time\" content=\"2025-12-01T09:52:31+00:00\" \/>\n<meta property=\"og:image\" content=\"https:\/\/mysouldrops.eu\/wp-content\/uploads\/2025\/06\/BG10_REG_-F-PAN636_SZ-PAN2736-_NINV_v4.png\" \/>\n\t<meta property=\"og:image:width\" content=\"2000\" \/>\n\t<meta property=\"og:image:height\" content=\"2000\" \/>\n\t<meta property=\"og:image:type\" content=\"image\/png\" \/>\n<meta name=\"twitter:card\" content=\"summary_large_image\" \/>\n<meta name=\"twitter:label1\" content=\"Procijenjeno vrijeme \u010ditanja\" \/>\n\t<meta name=\"twitter:data1\" content=\"1 minuta\" \/>\n<script type=\"application\/ld+json\" class=\"yoast-schema-graph\">{\"@context\":\"https:\\\/\\\/schema.org\",\"@graph\":[{\"@type\":\"WebPage\",\"@id\":\"https:\\\/\\\/mysouldrops.eu\\\/termek\\\/souldrops-baby-drop-hipoallergen-szenzitiv-mosogel-babaruhakhoz\\\/\",\"url\":\"https:\\\/\\\/mysouldrops.eu\\\/termek\\\/souldrops-baby-drop-hipoallergen-szenzitiv-mosogel-babaruhakhoz\\\/\",\"name\":\"Souldrops baby drop hipoallerg\u00e9n-szenzit\u00edv mos\u00f3g\u00e9l babaruh\u00e1khoz (1000 ml) - Souldrops International\",\"isPartOf\":{\"@id\":\"https:\\\/\\\/mysouldrops.eu\\\/#website\"},\"primaryImageOfPage\":{\"@id\":\"https:\\\/\\\/mysouldrops.eu\\\/termek\\\/souldrops-baby-drop-hipoallergen-szenzitiv-mosogel-babaruhakhoz\\\/#primaryimage\"},\"image\":{\"@id\":\"https:\\\/\\\/mysouldrops.eu\\\/termek\\\/souldrops-baby-drop-hipoallergen-szenzitiv-mosogel-babaruhakhoz\\\/#primaryimage\"},\"thumbnailUrl\":\"https:\\\/\\\/mysouldrops.eu\\\/wp-content\\\/uploads\\\/2025\\\/06\\\/BG10_REG_-F-PAN636_SZ-PAN2736-_NINV_v4.png\",\"datePublished\":\"2025-07-04T12:23:26+00:00\",\"dateModified\":\"2025-12-01T09:52:31+00:00\",\"description\":\"Hat\u00e9kony, n\u00f6v\u00e9nyi alap\u00fa mosogat\u00f3szer 750\u202fml kiszerel\u00e9sben \u2013 k\u0151olajmentes, biol\u00f3giailag leboml\u00f3 \u00e9s \u00e1llatk\u00eds\u00e9rlet-mentes formula, diszkr\u00e9t, z\u00f6ld tea illattal, amely megtartja a k\u00f6rnyezetbar\u00e1t mosogat\u00e1s \u00e9lm\u00e9ny\u00e9t.\",\"breadcrumb\":{\"@id\":\"https:\\\/\\\/mysouldrops.eu\\\/termek\\\/souldrops-baby-drop-hipoallergen-szenzitiv-mosogel-babaruhakhoz\\\/#breadcrumb\"},\"inLanguage\":\"hr\",\"potentialAction\":[{\"@type\":\"ReadAction\",\"target\":[\"https:\\\/\\\/mysouldrops.eu\\\/termek\\\/souldrops-baby-drop-hipoallergen-szenzitiv-mosogel-babaruhakhoz\\\/\"]}]},{\"@type\":\"ImageObject\",\"inLanguage\":\"hr\",\"@id\":\"https:\\\/\\\/mysouldrops.eu\\\/termek\\\/souldrops-baby-drop-hipoallergen-szenzitiv-mosogel-babaruhakhoz\\\/#primaryimage\",\"url\":\"https:\\\/\\\/mysouldrops.eu\\\/wp-content\\\/uploads\\\/2025\\\/06\\\/BG10_REG_-F-PAN636_SZ-PAN2736-_NINV_v4.png\",\"contentUrl\":\"https:\\\/\\\/mysouldrops.eu\\\/wp-content\\\/uploads\\\/2025\\\/06\\\/BG10_REG_-F-PAN636_SZ-PAN2736-_NINV_v4.png\",\"width\":2000,\"height\":2000},{\"@type\":\"BreadcrumbList\",\"@id\":\"https:\\\/\\\/mysouldrops.eu\\\/termek\\\/souldrops-baby-drop-hipoallergen-szenzitiv-mosogel-babaruhakhoz\\\/#breadcrumb\",\"itemListElement\":[{\"@type\":\"ListItem\",\"position\":1,\"name\":\"Kezd\u0151lap\",\"item\":\"https:\\\/\\\/mysouldrops.eu\\\/\"},{\"@type\":\"ListItem\",\"position\":2,\"name\":\"Shop\",\"item\":\"https:\\\/\\\/mysouldrops.eu\\\/uzlet\\\/\"},{\"@type\":\"ListItem\",\"position\":3,\"name\":\"Souldrops baby drop hipoallerg\u00e9n-szenzit\u00edv mos\u00f3g\u00e9l babaruh\u00e1khoz (1000 ml)\"}]},{\"@type\":\"WebSite\",\"@id\":\"https:\\\/\\\/mysouldrops.eu\\\/#website\",\"url\":\"https:\\\/\\\/mysouldrops.eu\\\/\",\"name\":\"Souldrops International\",\"description\":\"A Souldrops egy k\u00f6rnyezettudatos tiszt\u00edt\u00f3szerm\u00e1rka, amely term\u00e9szetes \u00f6sszetev\u0151kkel \u00e9s st\u00edlusos szeml\u00e9lettel teszi tiszt\u00e1bb\u00e1 a vil\u00e1got \u2013 k\u00edv\u00fcl \u00e9s bel\u00fcl\",\"potentialAction\":[{\"@type\":\"SearchAction\",\"target\":{\"@type\":\"EntryPoint\",\"urlTemplate\":\"https:\\\/\\\/mysouldrops.eu\\\/?s={search_term_string}\"},\"query-input\":{\"@type\":\"PropertyValueSpecification\",\"valueRequired\":true,\"valueName\":\"search_term_string\"}}],\"inLanguage\":\"hr\"}]}<\/script>\n<!-- \/ Yoast SEO plugin. -->","yoast_head_json":{"title":"Souldrops baby drop hipoalergeni gel za pranje osjetljive dje\u010dje odje\u0107e (1000 ml) - Souldrops International","description":"U\u010dinkovit deterd\u017eent za pranje posu\u0111a na biljnoj bazi u pakiranju od 750 ml - formula bez nafte, biorazgradiva i nije testirana na \u017eivotinjama, s diskretnim mirisom zelenog \u010daja koji odr\u017eava ekolo\u0161ki prihvatljivo iskustvo pranja posu\u0111a.","robots":{"index":"index","follow":"follow","max-snippet":"max-snippet:-1","max-image-preview":"max-image-preview:large","max-video-preview":"max-video-preview:-1"},"canonical":"https:\/\/mysouldrops.eu\/hr\/proizvod\/souldrops-baby-drop-hipoalergeni-deterdzent-za-osjetljivu-djecju-odjecu\/","og_locale":"hr_HR","og_type":"article","og_title":"Souldrops baby drop hipoallerg\u00e9n-szenzit\u00edv mos\u00f3g\u00e9l babaruh\u00e1khoz (1000 ml) - Souldrops International","og_description":"Hat\u00e9kony, n\u00f6v\u00e9nyi alap\u00fa mosogat\u00f3szer 750\u202fml kiszerel\u00e9sben \u2013 k\u0151olajmentes, biol\u00f3giailag leboml\u00f3 \u00e9s \u00e1llatk\u00eds\u00e9rlet-mentes formula, diszkr\u00e9t, z\u00f6ld tea illattal, amely megtartja a k\u00f6rnyezetbar\u00e1t mosogat\u00e1s \u00e9lm\u00e9ny\u00e9t.","og_url":"https:\/\/mysouldrops.eu\/hr\/proizvod\/souldrops-baby-drop-hipoalergeni-deterdzent-za-osjetljivu-djecju-odjecu\/","og_site_name":"Souldrops International","article_modified_time":"2025-12-01T09:52:31+00:00","og_image":[{"width":2000,"height":2000,"url":"https:\/\/mysouldrops.eu\/wp-content\/uploads\/2025\/06\/BG10_REG_-F-PAN636_SZ-PAN2736-_NINV_v4.png","type":"image\/png"}],"twitter_card":"summary_large_image","twitter_misc":{"Procijenjeno vrijeme \u010ditanja":"1 minuta"},"schema":{"@context":"https:\/\/schema.org","@graph":[{"@type":"WebPage","@id":"https:\/\/mysouldrops.eu\/termek\/souldrops-baby-drop-hipoallergen-szenzitiv-mosogel-babaruhakhoz\/","url":"https:\/\/mysouldrops.eu\/termek\/souldrops-baby-drop-hipoallergen-szenzitiv-mosogel-babaruhakhoz\/","name":"Souldrops baby drop hipoalergeni gel za pranje osjetljive dje\u010dje odje\u0107e (1000 ml) - Souldrops International","isPartOf":{"@id":"https:\/\/mysouldrops.eu\/#website"},"primaryImageOfPage":{"@id":"https:\/\/mysouldrops.eu\/termek\/souldrops-baby-drop-hipoallergen-szenzitiv-mosogel-babaruhakhoz\/#primaryimage"},"image":{"@id":"https:\/\/mysouldrops.eu\/termek\/souldrops-baby-drop-hipoallergen-szenzitiv-mosogel-babaruhakhoz\/#primaryimage"},"thumbnailUrl":"https:\/\/mysouldrops.eu\/wp-content\/uploads\/2025\/06\/BG10_REG_-F-PAN636_SZ-PAN2736-_NINV_v4.png","datePublished":"2025-07-04T12:23:26+00:00","dateModified":"2025-12-01T09:52:31+00:00","description":"U\u010dinkovit deterd\u017eent za pranje posu\u0111a na biljnoj bazi u pakiranju od 750 ml - formula bez nafte, biorazgradiva i nije testirana na \u017eivotinjama, s diskretnim mirisom zelenog \u010daja koji odr\u017eava ekolo\u0161ki prihvatljivo iskustvo pranja posu\u0111a.","breadcrumb":{"@id":"https:\/\/mysouldrops.eu\/termek\/souldrops-baby-drop-hipoallergen-szenzitiv-mosogel-babaruhakhoz\/#breadcrumb"},"inLanguage":"hr","potentialAction":[{"@type":"ReadAction","target":["https:\/\/mysouldrops.eu\/termek\/souldrops-baby-drop-hipoallergen-szenzitiv-mosogel-babaruhakhoz\/"]}]},{"@type":"ImageObject","inLanguage":"hr","@id":"https:\/\/mysouldrops.eu\/termek\/souldrops-baby-drop-hipoallergen-szenzitiv-mosogel-babaruhakhoz\/#primaryimage","url":"https:\/\/mysouldrops.eu\/wp-content\/uploads\/2025\/06\/BG10_REG_-F-PAN636_SZ-PAN2736-_NINV_v4.png","contentUrl":"https:\/\/mysouldrops.eu\/wp-content\/uploads\/2025\/06\/BG10_REG_-F-PAN636_SZ-PAN2736-_NINV_v4.png","width":2000,"height":2000},{"@type":"BreadcrumbList","@id":"https:\/\/mysouldrops.eu\/termek\/souldrops-baby-drop-hipoallergen-szenzitiv-mosogel-babaruhakhoz\/#breadcrumb","itemListElement":[{"@type":"ListItem","position":1,"name":"Kezd\u0151lap","item":"https:\/\/mysouldrops.eu\/"},{"@type":"ListItem","position":2,"name":"Shop","item":"https:\/\/mysouldrops.eu\/uzlet\/"},{"@type":"ListItem","position":3,"name":"Souldrops baby drop hipoallerg\u00e9n-szenzit\u00edv mos\u00f3g\u00e9l babaruh\u00e1khoz (1000 ml)"}]},{"@type":"WebSite","@id":"https:\/\/mysouldrops.eu\/#website","url":"https:\/\/mysouldrops.eu\/","name":"Souldrops International","description":"Souldrops je ekolo\u0161ki osvije\u0161ten brend sredstava za \u010di\u0161\u0107enje koji koristi prirodne sastojke i elegantan pristup kako bi svijet u\u010dinio \u010di\u0161\u0107im \u2013 iznutra i izvana.","potentialAction":[{"@type":"SearchAction","target":{"@type":"EntryPoint","urlTemplate":"https:\/\/mysouldrops.eu\/?s={search_term_string}"},"query-input":{"@type":"PropertyValueSpecification","valueRequired":true,"valueName":"search_term_string"}}],"inLanguage":"hr"}]}},"jetpack_likes_enabled":true,"jetpack_sharing_enabled":true,"_links":{"self":[{"href":"https:\/\/mysouldrops.eu\/hr\/wp-json\/wp\/v2\/product\/1007","targetHints":{"allow":["GET"]}}],"collection":[{"href":"https:\/\/mysouldrops.eu\/hr\/wp-json\/wp\/v2\/product"}],"about":[{"href":"https:\/\/mysouldrops.eu\/hr\/wp-json\/wp\/v2\/types\/product"}],"replies":[{"embeddable":true,"href":"https:\/\/mysouldrops.eu\/hr\/wp-json\/wp\/v2\/comments?post=1007"}],"wp:featuredmedia":[{"embeddable":true,"href":"https:\/\/mysouldrops.eu\/hr\/wp-json\/wp\/v2\/media\/82"}],"wp:attachment":[{"href":"https:\/\/mysouldrops.eu\/hr\/wp-json\/wp\/v2\/media?parent=1007"}],"wp:term":[{"taxonomy":"product_brand","embeddable":true,"href":"https:\/\/mysouldrops.eu\/hr\/wp-json\/wp\/v2\/product_brand?post=1007"},{"taxonomy":"product_cat","embeddable":true,"href":"https:\/\/mysouldrops.eu\/hr\/wp-json\/wp\/v2\/product_cat?post=1007"},{"taxonomy":"product_tag","embeddable":true,"href":"https:\/\/mysouldrops.eu\/hr\/wp-json\/wp\/v2\/product_tag?post=1007"}],"curies":[{"name":"radni list","href":"https:\/\/api.w.org\/{rel}","templated":true}]}}