{"id":879,"date":"2025-06-24T17:07:53","date_gmt":"2025-06-24T15:07:53","guid":{"rendered":"https:\/\/mysouldrops.eu\/?post_type=product&#038;p=879"},"modified":"2025-10-09T14:02:03","modified_gmt":"2025-10-09T12:02:03","slug":"tekuci-sapun-souldrops-healthdrop","status":"publish","type":"product","link":"https:\/\/mysouldrops.eu\/hr\/termek\/souldrops-healthdrop-folyekony-szappan\/","title":{"rendered":"Teku\u0107i sapun Souldrops Healthdrop (750 ml)"},"content":{"rendered":"<p>\u010cisto\u0107a i prirodnost u svakoj kapi<\/p>\n<p>Souldrops Healthdrop je ekolo\u0161ki osvije\u0161ten i ko\u017ei prijazan teku\u0107i sapun, idealan izbor za svakodnevno pranje ruku i njegu ko\u017ee. Zahvaljuju\u0107i sastojcima na biljnoj bazi i nje\u017enoj formuli, ne isu\u0161uje ko\u017eu, pa ga mogu koristiti i osobe s osjetljivom ko\u017eom. Pakiranje od 750 ml nudi ekonomi\u010dno rje\u0161enje za ku\u0107nu, pa \u010dak i uredsku upotrebu.<\/p>\n<p>Glavne zna\u010dajke:<\/p>\n<ul>\n<li>Napravljeno od prirodnih sastojaka<\/li>\n<li>Dermatolo\u0161ki testirano \u2013 preporu\u010duje se i za osjetljivu ko\u017eu<\/li>\n<li>Nje\u017eno, ali u\u010dinkovito \u010di\u0161\u0107enje<\/li>\n<li>Veganski i bez okrutnosti prema \u017eivotinjama<\/li>\n<li>Ekolo\u0161ki prihvatljiva ambala\u017ea<\/li>\n<\/ul>\n<p><strong>Koristiti:<\/strong><\/p>\n<p>Nanesite malu koli\u010dinu na mokre ruke, napravite pjenu, a zatim temeljito isperite. Idealno za \u010destu upotrebu.<\/p>\n<p><strong>Ekolo\u0161ka osvije\u0161tenost:<\/strong><\/p>\n<p>Souldropsova filozofija je odr\u017eivost i \u010dist \u017eivot. Teku\u0107i sapun Healthdrop nije dobar samo za va\u0161e tijelo, ve\u0107 i za okoli\u0161.<\/p>","protected":false},"excerpt":{"rendered":"<p>Prirodni, nje\u017eni teku\u0107i sapun u pakiranju od 750 ml, tako\u0111er za osjetljivu ko\u017eu. Souldrops Healthdropova formula prilago\u0111ena ko\u017ei u\u010dinkovito \u010disti i odr\u017eava prirodnu hidrataciju ko\u017ee. Idealan za svakodnevnu upotrebu za cijelu obitelj.<\/p>","protected":false},"featured_media":100,"comment_status":"open","ping_status":"closed","template":"","meta":[],"product_brand":[1377],"product_cat":[1384],"product_tag":[1479,1509,1454,1471,1508,1449,1450,1462,1491,1511,1507,1510,1497,1513,1512,1468,1439,1500,1514,1466],"class_list":{"0":"post-879","1":"product","2":"type-product","3":"status-publish","4":"has-post-thumbnail","6":"product_brand-souldrops","7":"product_cat-folyekony-szappan","8":"product_tag-750ml","9":"product_tag-antibakterialis-hatas","10":"product_tag-erzekeny-borre","11":"product_tag-okohatekony","12":"product_tag-borbarat-szappan","13":"product_tag-folyekony-szappan","14":"product_tag-healthdrop","15":"product_tag-hipoallergen","16":"product_tag-illatmentes","17":"product_tag-kezhigienia","18":"product_tag-kezmoso","19":"product_tag-kornyezetbarat-tisztalkodas","20":"product_tag-magyar-termek","21":"product_tag-napi-hasznalatra","22":"product_tag-parabenmentes","23":"product_tag-sls-mentes","24":"product_tag-souldrops","25":"product_tag-termeszetes-osszetevok","26":"product_tag-tiszta-kez","27":"product_tag-vegan-termek","29":"first","30":"instock","31":"taxable","32":"shipping-taxable","33":"product-type-simple"},"yoast_head":"<!-- This site is optimized with the Yoast SEO plugin v27.4 - https:\/\/yoast.com\/product\/yoast-seo-wordpress\/ -->\n<title>Souldrops Healthdrop Foly\u00e9kony Szappan (750 ml) - Souldrops International<\/title>\n<meta name=\"description\" content=\"Term\u00e9szetes alap\u00fa, k\u00edm\u00e9letes foly\u00e9kony szappan 750 ml-es kiszerel\u00e9sben, \u00e9rz\u00e9keny b\u0151rre is. A Souldrops Healthdrop b\u0151rbar\u00e1t formul\u00e1ja hat\u00e9konyan tiszt\u00edt, mik\u00f6zben meg\u0151rzi a b\u0151r term\u00e9szetes hidrat\u00e1lts\u00e1g\u00e1t. Ide\u00e1lis napi haszn\u00e1latra az eg\u00e9sz csal\u00e1d sz\u00e1m\u00e1ra.\" \/>\n<meta name=\"robots\" content=\"index, follow, max-snippet:-1, max-image-preview:large, max-video-preview:-1\" \/>\n<link rel=\"canonical\" href=\"https:\/\/mysouldrops.eu\/hr\/proizvod\/tekuci-sapun-souldrops-healthdrop\/\" \/>\n<meta property=\"og:locale\" content=\"hr_HR\" \/>\n<meta property=\"og:type\" content=\"article\" \/>\n<meta property=\"og:title\" content=\"Souldrops Healthdrop Foly\u00e9kony Szappan (750 ml) - Souldrops International\" \/>\n<meta property=\"og:description\" content=\"Term\u00e9szetes alap\u00fa, k\u00edm\u00e9letes foly\u00e9kony szappan 750 ml-es kiszerel\u00e9sben, \u00e9rz\u00e9keny b\u0151rre is. A Souldrops Healthdrop b\u0151rbar\u00e1t formul\u00e1ja hat\u00e9konyan tiszt\u00edt, mik\u00f6zben meg\u0151rzi a b\u0151r term\u00e9szetes hidrat\u00e1lts\u00e1g\u00e1t. Ide\u00e1lis napi haszn\u00e1latra az eg\u00e9sz csal\u00e1d sz\u00e1m\u00e1ra.\" \/>\n<meta property=\"og:url\" content=\"https:\/\/mysouldrops.eu\/hr\/proizvod\/tekuci-sapun-souldrops-healthdrop\/\" \/>\n<meta property=\"og:site_name\" content=\"Souldrops International\" \/>\n<meta property=\"article:modified_time\" content=\"2025-10-09T12:02:03+00:00\" \/>\n<meta property=\"og:image\" content=\"https:\/\/mysouldrops.eu\/wp-content\/uploads\/2025\/06\/HE_450_HU_R_F-Feher_C-PAN368_v4.png\" \/>\n\t<meta property=\"og:image:width\" content=\"3425\" \/>\n\t<meta property=\"og:image:height\" content=\"3425\" \/>\n\t<meta property=\"og:image:type\" content=\"image\/png\" \/>\n<meta name=\"twitter:card\" content=\"summary_large_image\" \/>\n<meta name=\"twitter:label1\" content=\"Procijenjeno vrijeme \u010ditanja\" \/>\n\t<meta name=\"twitter:data1\" content=\"1 minuta\" \/>\n<script type=\"application\/ld+json\" class=\"yoast-schema-graph\">{\"@context\":\"https:\\\/\\\/schema.org\",\"@graph\":[{\"@type\":\"WebPage\",\"@id\":\"https:\\\/\\\/mysouldrops.eu\\\/termek\\\/souldrops-healthdrop-folyekony-szappan\\\/\",\"url\":\"https:\\\/\\\/mysouldrops.eu\\\/termek\\\/souldrops-healthdrop-folyekony-szappan\\\/\",\"name\":\"Souldrops Healthdrop Foly\u00e9kony Szappan (750 ml) - Souldrops International\",\"isPartOf\":{\"@id\":\"https:\\\/\\\/mysouldrops.eu\\\/#website\"},\"primaryImageOfPage\":{\"@id\":\"https:\\\/\\\/mysouldrops.eu\\\/termek\\\/souldrops-healthdrop-folyekony-szappan\\\/#primaryimage\"},\"image\":{\"@id\":\"https:\\\/\\\/mysouldrops.eu\\\/termek\\\/souldrops-healthdrop-folyekony-szappan\\\/#primaryimage\"},\"thumbnailUrl\":\"https:\\\/\\\/mysouldrops.eu\\\/wp-content\\\/uploads\\\/2025\\\/06\\\/HE_450_HU_R_F-Feher_C-PAN368_v4.png\",\"datePublished\":\"2025-06-24T15:07:53+00:00\",\"dateModified\":\"2025-10-09T12:02:03+00:00\",\"description\":\"Term\u00e9szetes alap\u00fa, k\u00edm\u00e9letes foly\u00e9kony szappan 750 ml-es kiszerel\u00e9sben, \u00e9rz\u00e9keny b\u0151rre is. A Souldrops Healthdrop b\u0151rbar\u00e1t formul\u00e1ja hat\u00e9konyan tiszt\u00edt, mik\u00f6zben meg\u0151rzi a b\u0151r term\u00e9szetes hidrat\u00e1lts\u00e1g\u00e1t. Ide\u00e1lis napi haszn\u00e1latra az eg\u00e9sz csal\u00e1d sz\u00e1m\u00e1ra.\",\"breadcrumb\":{\"@id\":\"https:\\\/\\\/mysouldrops.eu\\\/termek\\\/souldrops-healthdrop-folyekony-szappan\\\/#breadcrumb\"},\"inLanguage\":\"hr\",\"potentialAction\":[{\"@type\":\"ReadAction\",\"target\":[\"https:\\\/\\\/mysouldrops.eu\\\/termek\\\/souldrops-healthdrop-folyekony-szappan\\\/\"]}]},{\"@type\":\"ImageObject\",\"inLanguage\":\"hr\",\"@id\":\"https:\\\/\\\/mysouldrops.eu\\\/termek\\\/souldrops-healthdrop-folyekony-szappan\\\/#primaryimage\",\"url\":\"https:\\\/\\\/mysouldrops.eu\\\/wp-content\\\/uploads\\\/2025\\\/06\\\/HE_450_HU_R_F-Feher_C-PAN368_v4.png\",\"contentUrl\":\"https:\\\/\\\/mysouldrops.eu\\\/wp-content\\\/uploads\\\/2025\\\/06\\\/HE_450_HU_R_F-Feher_C-PAN368_v4.png\",\"width\":3425,\"height\":3425},{\"@type\":\"BreadcrumbList\",\"@id\":\"https:\\\/\\\/mysouldrops.eu\\\/termek\\\/souldrops-healthdrop-folyekony-szappan\\\/#breadcrumb\",\"itemListElement\":[{\"@type\":\"ListItem\",\"position\":1,\"name\":\"Kezd\u0151lap\",\"item\":\"https:\\\/\\\/mysouldrops.eu\\\/\"},{\"@type\":\"ListItem\",\"position\":2,\"name\":\"Shop\",\"item\":\"https:\\\/\\\/mysouldrops.eu\\\/uzlet\\\/\"},{\"@type\":\"ListItem\",\"position\":3,\"name\":\"Souldrops Healthdrop Foly\u00e9kony Szappan (750 ml)\"}]},{\"@type\":\"WebSite\",\"@id\":\"https:\\\/\\\/mysouldrops.eu\\\/#website\",\"url\":\"https:\\\/\\\/mysouldrops.eu\\\/\",\"name\":\"Souldrops International\",\"description\":\"A Souldrops egy k\u00f6rnyezettudatos tiszt\u00edt\u00f3szerm\u00e1rka, amely term\u00e9szetes \u00f6sszetev\u0151kkel \u00e9s st\u00edlusos szeml\u00e9lettel teszi tiszt\u00e1bb\u00e1 a vil\u00e1got \u2013 k\u00edv\u00fcl \u00e9s bel\u00fcl\",\"potentialAction\":[{\"@type\":\"SearchAction\",\"target\":{\"@type\":\"EntryPoint\",\"urlTemplate\":\"https:\\\/\\\/mysouldrops.eu\\\/?s={search_term_string}\"},\"query-input\":{\"@type\":\"PropertyValueSpecification\",\"valueRequired\":true,\"valueName\":\"search_term_string\"}}],\"inLanguage\":\"hr\"}]}<\/script>\n<!-- \/ Yoast SEO plugin. -->","yoast_head_json":{"title":"Souldrops Healthdrop teku\u0107i sapun (750 ml) - Souldrops International","description":"Prirodni, nje\u017eni teku\u0107i sapun u pakiranju od 750 ml, tako\u0111er za osjetljivu ko\u017eu. Souldrops Healthdropova formula prilago\u0111ena ko\u017ei u\u010dinkovito \u010disti i odr\u017eava prirodnu hidrataciju ko\u017ee. Idealan za svakodnevnu upotrebu za cijelu obitelj.","robots":{"index":"index","follow":"follow","max-snippet":"max-snippet:-1","max-image-preview":"max-image-preview:large","max-video-preview":"max-video-preview:-1"},"canonical":"https:\/\/mysouldrops.eu\/hr\/proizvod\/tekuci-sapun-souldrops-healthdrop\/","og_locale":"hr_HR","og_type":"article","og_title":"Souldrops Healthdrop Foly\u00e9kony Szappan (750 ml) - Souldrops International","og_description":"Term\u00e9szetes alap\u00fa, k\u00edm\u00e9letes foly\u00e9kony szappan 750 ml-es kiszerel\u00e9sben, \u00e9rz\u00e9keny b\u0151rre is. A Souldrops Healthdrop b\u0151rbar\u00e1t formul\u00e1ja hat\u00e9konyan tiszt\u00edt, mik\u00f6zben meg\u0151rzi a b\u0151r term\u00e9szetes hidrat\u00e1lts\u00e1g\u00e1t. Ide\u00e1lis napi haszn\u00e1latra az eg\u00e9sz csal\u00e1d sz\u00e1m\u00e1ra.","og_url":"https:\/\/mysouldrops.eu\/hr\/proizvod\/tekuci-sapun-souldrops-healthdrop\/","og_site_name":"Souldrops International","article_modified_time":"2025-10-09T12:02:03+00:00","og_image":[{"width":3425,"height":3425,"url":"https:\/\/mysouldrops.eu\/wp-content\/uploads\/2025\/06\/HE_450_HU_R_F-Feher_C-PAN368_v4.png","type":"image\/png"}],"twitter_card":"summary_large_image","twitter_misc":{"Procijenjeno vrijeme \u010ditanja":"1 minuta"},"schema":{"@context":"https:\/\/schema.org","@graph":[{"@type":"WebPage","@id":"https:\/\/mysouldrops.eu\/termek\/souldrops-healthdrop-folyekony-szappan\/","url":"https:\/\/mysouldrops.eu\/termek\/souldrops-healthdrop-folyekony-szappan\/","name":"Souldrops Healthdrop teku\u0107i sapun (750 ml) - Souldrops International","isPartOf":{"@id":"https:\/\/mysouldrops.eu\/#website"},"primaryImageOfPage":{"@id":"https:\/\/mysouldrops.eu\/termek\/souldrops-healthdrop-folyekony-szappan\/#primaryimage"},"image":{"@id":"https:\/\/mysouldrops.eu\/termek\/souldrops-healthdrop-folyekony-szappan\/#primaryimage"},"thumbnailUrl":"https:\/\/mysouldrops.eu\/wp-content\/uploads\/2025\/06\/HE_450_HU_R_F-Feher_C-PAN368_v4.png","datePublished":"2025-06-24T15:07:53+00:00","dateModified":"2025-10-09T12:02:03+00:00","description":"Prirodni, nje\u017eni teku\u0107i sapun u pakiranju od 750 ml, tako\u0111er za osjetljivu ko\u017eu. Souldrops Healthdropova formula prilago\u0111ena ko\u017ei u\u010dinkovito \u010disti i odr\u017eava prirodnu hidrataciju ko\u017ee. Idealan za svakodnevnu upotrebu za cijelu obitelj.","breadcrumb":{"@id":"https:\/\/mysouldrops.eu\/termek\/souldrops-healthdrop-folyekony-szappan\/#breadcrumb"},"inLanguage":"hr","potentialAction":[{"@type":"ReadAction","target":["https:\/\/mysouldrops.eu\/termek\/souldrops-healthdrop-folyekony-szappan\/"]}]},{"@type":"ImageObject","inLanguage":"hr","@id":"https:\/\/mysouldrops.eu\/termek\/souldrops-healthdrop-folyekony-szappan\/#primaryimage","url":"https:\/\/mysouldrops.eu\/wp-content\/uploads\/2025\/06\/HE_450_HU_R_F-Feher_C-PAN368_v4.png","contentUrl":"https:\/\/mysouldrops.eu\/wp-content\/uploads\/2025\/06\/HE_450_HU_R_F-Feher_C-PAN368_v4.png","width":3425,"height":3425},{"@type":"BreadcrumbList","@id":"https:\/\/mysouldrops.eu\/termek\/souldrops-healthdrop-folyekony-szappan\/#breadcrumb","itemListElement":[{"@type":"ListItem","position":1,"name":"Kezd\u0151lap","item":"https:\/\/mysouldrops.eu\/"},{"@type":"ListItem","position":2,"name":"Shop","item":"https:\/\/mysouldrops.eu\/uzlet\/"},{"@type":"ListItem","position":3,"name":"Souldrops Healthdrop Foly\u00e9kony Szappan (750 ml)"}]},{"@type":"WebSite","@id":"https:\/\/mysouldrops.eu\/#website","url":"https:\/\/mysouldrops.eu\/","name":"Souldrops International","description":"Souldrops je ekolo\u0161ki osvije\u0161ten brend sredstava za \u010di\u0161\u0107enje koji koristi prirodne sastojke i elegantan pristup kako bi svijet u\u010dinio \u010di\u0161\u0107im \u2013 iznutra i izvana.","potentialAction":[{"@type":"SearchAction","target":{"@type":"EntryPoint","urlTemplate":"https:\/\/mysouldrops.eu\/?s={search_term_string}"},"query-input":{"@type":"PropertyValueSpecification","valueRequired":true,"valueName":"search_term_string"}}],"inLanguage":"hr"}]}},"jetpack_likes_enabled":true,"jetpack_sharing_enabled":true,"_links":{"self":[{"href":"https:\/\/mysouldrops.eu\/hr\/wp-json\/wp\/v2\/product\/879","targetHints":{"allow":["GET"]}}],"collection":[{"href":"https:\/\/mysouldrops.eu\/hr\/wp-json\/wp\/v2\/product"}],"about":[{"href":"https:\/\/mysouldrops.eu\/hr\/wp-json\/wp\/v2\/types\/product"}],"replies":[{"embeddable":true,"href":"https:\/\/mysouldrops.eu\/hr\/wp-json\/wp\/v2\/comments?post=879"}],"wp:featuredmedia":[{"embeddable":true,"href":"https:\/\/mysouldrops.eu\/hr\/wp-json\/wp\/v2\/media\/100"}],"wp:attachment":[{"href":"https:\/\/mysouldrops.eu\/hr\/wp-json\/wp\/v2\/media?parent=879"}],"wp:term":[{"taxonomy":"product_brand","embeddable":true,"href":"https:\/\/mysouldrops.eu\/hr\/wp-json\/wp\/v2\/product_brand?post=879"},{"taxonomy":"product_cat","embeddable":true,"href":"https:\/\/mysouldrops.eu\/hr\/wp-json\/wp\/v2\/product_cat?post=879"},{"taxonomy":"product_tag","embeddable":true,"href":"https:\/\/mysouldrops.eu\/hr\/wp-json\/wp\/v2\/product_tag?post=879"}],"curies":[{"name":"radni list","href":"https:\/\/api.w.org\/{rel}","templated":true}]}}