{"id":1013,"date":"2025-07-04T14:35:02","date_gmt":"2025-07-04T12:35:02","guid":{"rendered":"https:\/\/mysouldrops.eu\/?post_type=product&#038;p=1013"},"modified":"2025-10-10T12:05:38","modified_gmt":"2025-10-10T10:05:38","slug":"souldrops-goccia-per-bambina-per-abbigliamento-ipoallergenico-per-neonati-in-tessuto-sensibile","status":"publish","type":"product","link":"https:\/\/mysouldrops.eu\/it\/termek\/souldrops-baby-girl-drop-hipoallergen-szenzitiv-textiloblito-babaruhakhoz\/","title":{"rendered":"Souldrops baby girl drop risciacquo ipoallergenico per tessuti sensibili per i vestiti dei bambini (1000 ml)"},"content":{"rendered":"<p>Appositamente formulato per i vestiti dei neonati e dei bambini con pelle sensibile, questo ammorbidente ipoallergenico si prende cura delicatamente della pelle del bambino proteggendo le esigenze delle pelli pi\u00f9 delicate.<\/p>\n<p><strong>Vantaggi principali:<\/strong><\/p>\n<ul>\n<li>Formula delicata per la pelle: non contiene enzimi o fragranze allergeniche - sicura per i bambini<\/li>\n<li>La fragranza floreale di lunga durata persiste sui vestiti, lasciando una sensazione piacevole e non irritante.<\/li>\n<li>Rende i tessuti morbidi e antistatici, ideali per l'abbigliamento dei bambini<\/li>\n<li>Ingredienti rispettosi della pelle del bambino in una formula accuratamente selezionata e dermatologicamente testata<\/li>\n<\/ul>\n<p><strong>Istruzioni per l'uso:<\/strong><\/p>\n<ul>\n<li>In lavatrice: versare nello scomparto del detersivo o direttamente sulla biancheria.<\/li>\n<li>Per il lavaggio delle mani: utilizzare circa 25 ml in 5-10 l di acqua.<\/li>\n<li>Dosaggio: per un lavaggio di 4-5 kg sono sufficienti circa 25 ml, sufficienti per circa 40 lavaggi.<\/li>\n<\/ul>\n<p><strong>A chi \u00e8 rivolto?<\/strong><\/p>\n<ul>\n<li>Per capi sensibili e ipoallergenici per bambini<\/li>\n<li>Per i bambini con allergie cutanee o pelle atopica<\/li>\n<li>Per le famiglie con uno stile di vita sostenibile e vegano<\/li>\n<\/ul>","protected":false},"excerpt":{"rendered":"<p>&nbsp;<\/p>\n<p>Risciacquo delicato per tessuti ipoallergenici al profumo di fiori per i vestiti dei bambini - rende i vestiti morbidi, antistatici, con una fragranza di lunga durata e una formula completamente rispettosa della pelle.<\/p>","protected":false},"featured_media":86,"comment_status":"open","ping_status":"closed","template":"","meta":[],"product_brand":[1377],"product_cat":[1385],"product_tag":[1487,1486,1454,1484,1482,1485,1481,1478,1483,1488],"class_list":{"0":"post-1013","1":"product","2":"type-product","3":"status-publish","4":"has-post-thumbnail","6":"product_brand-souldrops","7":"product_cat-souldrops-baby","8":"product_tag-1000ml-oblito","9":"product_tag-antisztatikus-textiloblito","10":"product_tag-erzekeny-borre","11":"product_tag-baba-girl-drop","12":"product_tag-babamosas","13":"product_tag-babaruhakhoz-oblito","14":"product_tag-hipoallergen-textiloblito","15":"product_tag-souldrops-baby","16":"product_tag-vegan-textiloblito","17":"product_tag-viragos-illatu-babamoso","19":"first","20":"instock","21":"taxable","22":"shipping-taxable","23":"product-type-simple"},"yoast_head":"<!-- This site is optimized with the Yoast SEO plugin v27.4 - https:\/\/yoast.com\/product\/yoast-seo-wordpress\/ -->\n<title>Souldrops baby girl drop hipoallerg\u00e9n-szenzit\u00edv textil\u00f6bl\u00edt\u0151 babaruh\u00e1khoz (1000 ml) - Souldrops International<\/title>\n<meta name=\"description\" content=\"\u201eK\u00edm\u00e9letes, vir\u00e1gos illat\u00fa hipoallerg\u00e9n textil\u00f6bl\u00edt\u0151 babaruh\u00e1khoz \u2013 puh\u00e1v\u00e1 teszi a ruh\u00e1kat, antisztatikus, hossz\u00fa illattart\u00f3ss\u00e1g\u00fa formula, teljesen b\u0151rbar\u00e1t \u00f6sszet\u00e9tellel.\u201d\" \/>\n<meta name=\"robots\" content=\"index, follow, max-snippet:-1, max-image-preview:large, max-video-preview:-1\" \/>\n<link rel=\"canonical\" href=\"https:\/\/mysouldrops.eu\/it\/prodotto\/souldrops-goccia-per-bambina-per-abbigliamento-ipoallergenico-per-neonati-in-tessuto-sensibile\/\" \/>\n<meta property=\"og:locale\" content=\"it_IT\" \/>\n<meta property=\"og:type\" content=\"article\" \/>\n<meta property=\"og:title\" content=\"Souldrops baby girl drop hipoallerg\u00e9n-szenzit\u00edv textil\u00f6bl\u00edt\u0151 babaruh\u00e1khoz (1000 ml) - Souldrops International\" \/>\n<meta property=\"og:description\" content=\"\u201eK\u00edm\u00e9letes, vir\u00e1gos illat\u00fa hipoallerg\u00e9n textil\u00f6bl\u00edt\u0151 babaruh\u00e1khoz \u2013 puh\u00e1v\u00e1 teszi a ruh\u00e1kat, antisztatikus, hossz\u00fa illattart\u00f3ss\u00e1g\u00fa formula, teljesen b\u0151rbar\u00e1t \u00f6sszet\u00e9tellel.\u201d\" \/>\n<meta property=\"og:url\" content=\"https:\/\/mysouldrops.eu\/it\/prodotto\/souldrops-goccia-per-bambina-per-abbigliamento-ipoallergenico-per-neonati-in-tessuto-sensibile\/\" \/>\n<meta property=\"og:site_name\" content=\"Souldrops International\" \/>\n<meta property=\"article:modified_time\" content=\"2025-10-10T10:05:38+00:00\" \/>\n<meta property=\"og:image\" content=\"https:\/\/mysouldrops.eu\/wp-content\/uploads\/2025\/06\/BOGIRL10_REG__F-PAN700_SZ-FEHER_NINV_v5.png\" \/>\n\t<meta property=\"og:image:width\" content=\"2000\" \/>\n\t<meta property=\"og:image:height\" content=\"2000\" \/>\n\t<meta property=\"og:image:type\" content=\"image\/png\" \/>\n<meta name=\"twitter:card\" content=\"summary_large_image\" \/>\n<meta name=\"twitter:label1\" content=\"Tempo di lettura stimato\" \/>\n\t<meta name=\"twitter:data1\" content=\"1 minuto\" \/>\n<script type=\"application\/ld+json\" class=\"yoast-schema-graph\">{\"@context\":\"https:\\\/\\\/schema.org\",\"@graph\":[{\"@type\":\"WebPage\",\"@id\":\"https:\\\/\\\/mysouldrops.eu\\\/termek\\\/souldrops-baby-girl-drop-hipoallergen-szenzitiv-textiloblito-babaruhakhoz\\\/\",\"url\":\"https:\\\/\\\/mysouldrops.eu\\\/termek\\\/souldrops-baby-girl-drop-hipoallergen-szenzitiv-textiloblito-babaruhakhoz\\\/\",\"name\":\"Souldrops baby girl drop hipoallerg\u00e9n-szenzit\u00edv textil\u00f6bl\u00edt\u0151 babaruh\u00e1khoz (1000 ml) - Souldrops International\",\"isPartOf\":{\"@id\":\"https:\\\/\\\/mysouldrops.eu\\\/#website\"},\"primaryImageOfPage\":{\"@id\":\"https:\\\/\\\/mysouldrops.eu\\\/termek\\\/souldrops-baby-girl-drop-hipoallergen-szenzitiv-textiloblito-babaruhakhoz\\\/#primaryimage\"},\"image\":{\"@id\":\"https:\\\/\\\/mysouldrops.eu\\\/termek\\\/souldrops-baby-girl-drop-hipoallergen-szenzitiv-textiloblito-babaruhakhoz\\\/#primaryimage\"},\"thumbnailUrl\":\"https:\\\/\\\/mysouldrops.eu\\\/wp-content\\\/uploads\\\/2025\\\/06\\\/BOGIRL10_REG__F-PAN700_SZ-FEHER_NINV_v5.png\",\"datePublished\":\"2025-07-04T12:35:02+00:00\",\"dateModified\":\"2025-10-10T10:05:38+00:00\",\"description\":\"\u201eK\u00edm\u00e9letes, vir\u00e1gos illat\u00fa hipoallerg\u00e9n textil\u00f6bl\u00edt\u0151 babaruh\u00e1khoz \u2013 puh\u00e1v\u00e1 teszi a ruh\u00e1kat, antisztatikus, hossz\u00fa illattart\u00f3ss\u00e1g\u00fa formula, teljesen b\u0151rbar\u00e1t \u00f6sszet\u00e9tellel.\u201d\",\"breadcrumb\":{\"@id\":\"https:\\\/\\\/mysouldrops.eu\\\/termek\\\/souldrops-baby-girl-drop-hipoallergen-szenzitiv-textiloblito-babaruhakhoz\\\/#breadcrumb\"},\"inLanguage\":\"it-IT\",\"potentialAction\":[{\"@type\":\"ReadAction\",\"target\":[\"https:\\\/\\\/mysouldrops.eu\\\/termek\\\/souldrops-baby-girl-drop-hipoallergen-szenzitiv-textiloblito-babaruhakhoz\\\/\"]}]},{\"@type\":\"ImageObject\",\"inLanguage\":\"it-IT\",\"@id\":\"https:\\\/\\\/mysouldrops.eu\\\/termek\\\/souldrops-baby-girl-drop-hipoallergen-szenzitiv-textiloblito-babaruhakhoz\\\/#primaryimage\",\"url\":\"https:\\\/\\\/mysouldrops.eu\\\/wp-content\\\/uploads\\\/2025\\\/06\\\/BOGIRL10_REG__F-PAN700_SZ-FEHER_NINV_v5.png\",\"contentUrl\":\"https:\\\/\\\/mysouldrops.eu\\\/wp-content\\\/uploads\\\/2025\\\/06\\\/BOGIRL10_REG__F-PAN700_SZ-FEHER_NINV_v5.png\",\"width\":2000,\"height\":2000},{\"@type\":\"BreadcrumbList\",\"@id\":\"https:\\\/\\\/mysouldrops.eu\\\/termek\\\/souldrops-baby-girl-drop-hipoallergen-szenzitiv-textiloblito-babaruhakhoz\\\/#breadcrumb\",\"itemListElement\":[{\"@type\":\"ListItem\",\"position\":1,\"name\":\"Kezd\u0151lap\",\"item\":\"https:\\\/\\\/mysouldrops.eu\\\/\"},{\"@type\":\"ListItem\",\"position\":2,\"name\":\"Shop\",\"item\":\"https:\\\/\\\/mysouldrops.eu\\\/uzlet\\\/\"},{\"@type\":\"ListItem\",\"position\":3,\"name\":\"Souldrops baby girl drop hipoallerg\u00e9n-szenzit\u00edv textil\u00f6bl\u00edt\u0151 babaruh\u00e1khoz (1000 ml)\"}]},{\"@type\":\"WebSite\",\"@id\":\"https:\\\/\\\/mysouldrops.eu\\\/#website\",\"url\":\"https:\\\/\\\/mysouldrops.eu\\\/\",\"name\":\"Souldrops International\",\"description\":\"A Souldrops egy k\u00f6rnyezettudatos tiszt\u00edt\u00f3szerm\u00e1rka, amely term\u00e9szetes \u00f6sszetev\u0151kkel \u00e9s st\u00edlusos szeml\u00e9lettel teszi tiszt\u00e1bb\u00e1 a vil\u00e1got \u2013 k\u00edv\u00fcl \u00e9s bel\u00fcl\",\"potentialAction\":[{\"@type\":\"SearchAction\",\"target\":{\"@type\":\"EntryPoint\",\"urlTemplate\":\"https:\\\/\\\/mysouldrops.eu\\\/?s={search_term_string}\"},\"query-input\":{\"@type\":\"PropertyValueSpecification\",\"valueRequired\":true,\"valueName\":\"search_term_string\"}}],\"inLanguage\":\"it-IT\"}]}<\/script>\n<!-- \/ Yoast SEO plugin. -->","yoast_head_json":{"title":"Souldrops baby girl drop risciacquo ipoallergenico per tessuti sensibili per i vestiti dei bambini (1000 ml) - Souldrops International","description":"\u201eDelicato ammorbidente ipoallergenico al profumo di fiori per i vestiti dei bambini - lascia i vestiti morbidi, antistatico, con una fragranza di lunga durata e una formula completamente rispettosa della pelle.\u201d","robots":{"index":"index","follow":"follow","max-snippet":"max-snippet:-1","max-image-preview":"max-image-preview:large","max-video-preview":"max-video-preview:-1"},"canonical":"https:\/\/mysouldrops.eu\/it\/prodotto\/souldrops-goccia-per-bambina-per-abbigliamento-ipoallergenico-per-neonati-in-tessuto-sensibile\/","og_locale":"it_IT","og_type":"article","og_title":"Souldrops baby girl drop hipoallerg\u00e9n-szenzit\u00edv textil\u00f6bl\u00edt\u0151 babaruh\u00e1khoz (1000 ml) - Souldrops International","og_description":"\u201eK\u00edm\u00e9letes, vir\u00e1gos illat\u00fa hipoallerg\u00e9n textil\u00f6bl\u00edt\u0151 babaruh\u00e1khoz \u2013 puh\u00e1v\u00e1 teszi a ruh\u00e1kat, antisztatikus, hossz\u00fa illattart\u00f3ss\u00e1g\u00fa formula, teljesen b\u0151rbar\u00e1t \u00f6sszet\u00e9tellel.\u201d","og_url":"https:\/\/mysouldrops.eu\/it\/prodotto\/souldrops-goccia-per-bambina-per-abbigliamento-ipoallergenico-per-neonati-in-tessuto-sensibile\/","og_site_name":"Souldrops International","article_modified_time":"2025-10-10T10:05:38+00:00","og_image":[{"width":2000,"height":2000,"url":"https:\/\/mysouldrops.eu\/wp-content\/uploads\/2025\/06\/BOGIRL10_REG__F-PAN700_SZ-FEHER_NINV_v5.png","type":"image\/png"}],"twitter_card":"summary_large_image","twitter_misc":{"Tempo di lettura stimato":"1 minuto"},"schema":{"@context":"https:\/\/schema.org","@graph":[{"@type":"WebPage","@id":"https:\/\/mysouldrops.eu\/termek\/souldrops-baby-girl-drop-hipoallergen-szenzitiv-textiloblito-babaruhakhoz\/","url":"https:\/\/mysouldrops.eu\/termek\/souldrops-baby-girl-drop-hipoallergen-szenzitiv-textiloblito-babaruhakhoz\/","name":"Souldrops baby girl drop risciacquo ipoallergenico per tessuti sensibili per i vestiti dei bambini (1000 ml) - Souldrops International","isPartOf":{"@id":"https:\/\/mysouldrops.eu\/#website"},"primaryImageOfPage":{"@id":"https:\/\/mysouldrops.eu\/termek\/souldrops-baby-girl-drop-hipoallergen-szenzitiv-textiloblito-babaruhakhoz\/#primaryimage"},"image":{"@id":"https:\/\/mysouldrops.eu\/termek\/souldrops-baby-girl-drop-hipoallergen-szenzitiv-textiloblito-babaruhakhoz\/#primaryimage"},"thumbnailUrl":"https:\/\/mysouldrops.eu\/wp-content\/uploads\/2025\/06\/BOGIRL10_REG__F-PAN700_SZ-FEHER_NINV_v5.png","datePublished":"2025-07-04T12:35:02+00:00","dateModified":"2025-10-10T10:05:38+00:00","description":"\u201eDelicato ammorbidente ipoallergenico al profumo di fiori per i vestiti dei bambini - lascia i vestiti morbidi, antistatico, con una fragranza di lunga durata e una formula completamente rispettosa della pelle.\u201d","breadcrumb":{"@id":"https:\/\/mysouldrops.eu\/termek\/souldrops-baby-girl-drop-hipoallergen-szenzitiv-textiloblito-babaruhakhoz\/#breadcrumb"},"inLanguage":"it-IT","potentialAction":[{"@type":"ReadAction","target":["https:\/\/mysouldrops.eu\/termek\/souldrops-baby-girl-drop-hipoallergen-szenzitiv-textiloblito-babaruhakhoz\/"]}]},{"@type":"ImageObject","inLanguage":"it-IT","@id":"https:\/\/mysouldrops.eu\/termek\/souldrops-baby-girl-drop-hipoallergen-szenzitiv-textiloblito-babaruhakhoz\/#primaryimage","url":"https:\/\/mysouldrops.eu\/wp-content\/uploads\/2025\/06\/BOGIRL10_REG__F-PAN700_SZ-FEHER_NINV_v5.png","contentUrl":"https:\/\/mysouldrops.eu\/wp-content\/uploads\/2025\/06\/BOGIRL10_REG__F-PAN700_SZ-FEHER_NINV_v5.png","width":2000,"height":2000},{"@type":"BreadcrumbList","@id":"https:\/\/mysouldrops.eu\/termek\/souldrops-baby-girl-drop-hipoallergen-szenzitiv-textiloblito-babaruhakhoz\/#breadcrumb","itemListElement":[{"@type":"ListItem","position":1,"name":"Kezd\u0151lap","item":"https:\/\/mysouldrops.eu\/"},{"@type":"ListItem","position":2,"name":"Shop","item":"https:\/\/mysouldrops.eu\/uzlet\/"},{"@type":"ListItem","position":3,"name":"Souldrops baby girl drop hipoallerg\u00e9n-szenzit\u00edv textil\u00f6bl\u00edt\u0151 babaruh\u00e1khoz (1000 ml)"}]},{"@type":"WebSite","@id":"https:\/\/mysouldrops.eu\/#website","url":"https:\/\/mysouldrops.eu\/","name":"Souldrops International","description":"Souldrops \u00e8 un marchio di pulizia eco-consapevole che utilizza ingredienti naturali e un approccio elegante per rendere il mondo pi\u00f9 pulito, dentro e fuori.","potentialAction":[{"@type":"SearchAction","target":{"@type":"EntryPoint","urlTemplate":"https:\/\/mysouldrops.eu\/?s={search_term_string}"},"query-input":{"@type":"PropertyValueSpecification","valueRequired":true,"valueName":"search_term_string"}}],"inLanguage":"it-IT"}]}},"jetpack_likes_enabled":true,"jetpack_sharing_enabled":true,"_links":{"self":[{"href":"https:\/\/mysouldrops.eu\/it\/wp-json\/wp\/v2\/product\/1013","targetHints":{"allow":["GET"]}}],"collection":[{"href":"https:\/\/mysouldrops.eu\/it\/wp-json\/wp\/v2\/product"}],"about":[{"href":"https:\/\/mysouldrops.eu\/it\/wp-json\/wp\/v2\/types\/product"}],"replies":[{"embeddable":true,"href":"https:\/\/mysouldrops.eu\/it\/wp-json\/wp\/v2\/comments?post=1013"}],"wp:featuredmedia":[{"embeddable":true,"href":"https:\/\/mysouldrops.eu\/it\/wp-json\/wp\/v2\/media\/86"}],"wp:attachment":[{"href":"https:\/\/mysouldrops.eu\/it\/wp-json\/wp\/v2\/media?parent=1013"}],"wp:term":[{"taxonomy":"product_brand","embeddable":true,"href":"https:\/\/mysouldrops.eu\/it\/wp-json\/wp\/v2\/product_brand?post=1013"},{"taxonomy":"product_cat","embeddable":true,"href":"https:\/\/mysouldrops.eu\/it\/wp-json\/wp\/v2\/product_cat?post=1013"},{"taxonomy":"product_tag","embeddable":true,"href":"https:\/\/mysouldrops.eu\/it\/wp-json\/wp\/v2\/product_tag?post=1013"}],"curies":[{"name":"wp","href":"https:\/\/api.w.org\/{rel}","templated":true}]}}