{"id":1080,"date":"2025-07-13T19:38:21","date_gmt":"2025-07-13T17:38:21","guid":{"rendered":"https:\/\/mysouldrops.eu\/?post_type=product&#038;p=1080"},"modified":"2026-02-25T14:04:05","modified_gmt":"2026-02-25T13:04:05","slug":"souldrops-coral-drop-per-il-lavaggio-di-capi-asciutti-3250-ml","status":"publish","type":"product","link":"https:\/\/mysouldrops.eu\/it\/termek\/souldrops-korallcsepp-mosogel-szines-ruhakhoz-3250-ml\/","title":{"rendered":"Souldrops Coral drop gel lavante per capi colorati (3250 ml)"},"content":{"rendered":"<p data-start=\"526\" data-end=\"855\">A <strong data-start=\"528\" data-end=\"561\">Gel lavante Souldrops Coral Drop<\/strong> profuma della freschezza e della dolcezza di un pomodoro tropicale, come se ci si stesse rilassando su un'assolata isola caraibica in riva al mare. Le sue note di profumo sono una perfetta armonia di agrumi freschi, frutta dolce e morbidi accordi floreali, che creano un'esperienza di lavaggio fresca e rinvigorente.<\/p>\n<p data-start=\"857\" data-end=\"1101\">Questo gel di lavaggio non solo pulisce efficacemente i vostri capi, ma anche <strong data-start=\"917\" data-end=\"960\">preserva la vivacit\u00e0 dei colori dei tessuti colorati<\/strong> \u00e8. Utilizzandolo, i vostri vestiti avranno un profumo fresco e duraturo, creando al contempo un'atmosfera piacevole e stimolante nell'ambiente circostante.<\/p>\n<p data-start=\"1103\" data-end=\"1117\"><strong data-start=\"1103\" data-end=\"1115\">Vantaggi:<\/strong><\/p>\n<ul data-start=\"1118\" data-end=\"1327\">\n<li data-start=\"1118\" data-end=\"1173\">\n<p data-start=\"1120\" data-end=\"1173\">Composizione della fragranza agrumata-fruttata-floreale tropicale<\/p>\n<\/li>\n<li data-start=\"1174\" data-end=\"1211\">\n<p data-start=\"1176\" data-end=\"1211\">Conserva i colori brillanti dopo il lavaggio<\/p>\n<\/li>\n<li data-start=\"1212\" data-end=\"1248\">\n<p data-start=\"1214\" data-end=\"1248\">Pulizia e freschezza efficaci<\/p>\n<\/li>\n<li data-start=\"1249\" data-end=\"1298\">\n<p data-start=\"1251\" data-end=\"1298\">Profumo di lunga durata nei vestiti e nell'aria<\/p>\n<\/li>\n<li data-start=\"1299\" data-end=\"1327\">\n<p data-start=\"1301\" data-end=\"1327\">Delicato sui tessuti<\/p>\n<\/li>\n<\/ul>\n<div class=\"_tableContainer_16hzy_1\">\n<div class=\"_tableWrapper_16hzy_14 group flex w-fit flex-col-reverse\" tabindex=\"-1\">\n<table class=\"w-fit min-w-(--thread-content-width)\" data-start=\"1137\" data-end=\"1680\">\n<thead data-start=\"1137\" data-end=\"1204\">\n<tr data-start=\"1137\" data-end=\"1204\">\n<th data-start=\"1137\" data-end=\"1156\" data-col-size=\"sm\">Volume di lavaggio<\/th>\n<th data-start=\"1156\" data-end=\"1175\" data-col-size=\"sm\">Durezza dell'acqua<\/th>\n<th data-start=\"1175\" data-end=\"1192\" data-col-size=\"sm\">Contaminazione<\/th>\n<th data-start=\"1192\" data-end=\"1204\" data-col-size=\"sm\">Dosaggio<\/th>\n<\/tr>\n<\/thead>\n<tbody data-start=\"1273\" data-end=\"1680\">\n<tr data-start=\"1273\" data-end=\"1340\">\n<td data-start=\"1273\" data-end=\"1292\" data-col-size=\"sm\">4-5 kg<\/td>\n<td data-col-size=\"sm\" data-start=\"1292\" data-end=\"1311\">Morbido\/Medio<\/td>\n<td data-col-size=\"sm\" data-start=\"1311\" data-end=\"1328\">Normale<\/td>\n<td data-col-size=\"sm\" data-start=\"1328\" data-end=\"1340\">65 ml<\/td>\n<\/tr>\n<tr data-start=\"1341\" data-end=\"1408\">\n<td data-start=\"1341\" data-end=\"1360\" data-col-size=\"sm\">4-5 kg<\/td>\n<td data-col-size=\"sm\" data-start=\"1360\" data-end=\"1379\">Morbido\/Medio<\/td>\n<td data-col-size=\"sm\" data-start=\"1379\" data-end=\"1396\">Forte<\/td>\n<td data-col-size=\"sm\" data-start=\"1396\" data-end=\"1408\">100 ml<\/td>\n<\/tr>\n<tr data-start=\"1409\" data-end=\"1476\">\n<td data-start=\"1409\" data-end=\"1428\" data-col-size=\"sm\">4-5 kg<\/td>\n<td data-col-size=\"sm\" data-start=\"1428\" data-end=\"1447\">Duro<\/td>\n<td data-col-size=\"sm\" data-start=\"1447\" data-end=\"1464\">Normale<\/td>\n<td data-col-size=\"sm\" data-start=\"1464\" data-end=\"1476\">75 ml<\/td>\n<\/tr>\n<tr data-start=\"1477\" data-end=\"1544\">\n<td data-start=\"1477\" data-end=\"1496\" data-col-size=\"sm\">4-5 kg<\/td>\n<td data-col-size=\"sm\" data-start=\"1496\" data-end=\"1515\">Duro<\/td>\n<td data-col-size=\"sm\" data-start=\"1515\" data-end=\"1532\">Forte<\/td>\n<td data-col-size=\"sm\" data-start=\"1532\" data-end=\"1544\">125 ml<\/td>\n<\/tr>\n<tr data-start=\"1545\" data-end=\"1612\">\n<td data-start=\"1545\" data-end=\"1564\" data-col-size=\"sm\">7-9 kg<\/td>\n<td data-col-size=\"sm\" data-start=\"1564\" data-end=\"1583\">\u2014<\/td>\n<td data-col-size=\"sm\" data-start=\"1583\" data-end=\"1600\">\u2014<\/td>\n<td data-col-size=\"sm\" data-start=\"1600\" data-end=\"1612\">+25 ml<\/td>\n<\/tr>\n<tr data-start=\"1613\" data-end=\"1680\">\n<td data-start=\"1613\" data-end=\"1632\" data-col-size=\"sm\">Lavaggio a mano (10 l)<\/td>\n<td data-col-size=\"sm\" data-start=\"1632\" data-end=\"1651\">\u2014<\/td>\n<td data-col-size=\"sm\" data-start=\"1651\" data-end=\"1668\">\u2014<\/td>\n<td data-col-size=\"sm\" data-start=\"1668\" data-end=\"1680\">50 ml<\/td>\n<\/tr>\n<\/tbody>\n<\/table>\n<div class=\"sticky end-(--thread-content-margin) h-0 self-end select-none\">\n<div class=\"absolute end-0 flex items-end\"><\/div>\n<\/div>\n<\/div>\n<\/div>\n<p data-start=\"1687\" data-end=\"1864\">A <strong data-start=\"1421\" data-end=\"1454\">Gel lavante Souldrops Coral Drop<\/strong> Ideale per chi vuole portare colori vivaci, una fragranza tropicale di lunga durata e una fresca energia nel bucato di tutti i giorni.<\/p>","protected":false},"excerpt":{"rendered":"<p>A <strong data-start=\"163\" data-end=\"196\">Gel lavante Souldrops Coral Drop<\/strong> con la sua fragranza tropicale agrumata, fruttata e floreale, offre un'esperienza fresca ed energizzante. Pulisce efficacemente, preserva la vivacit\u00e0 dei capi colorati e riempie la casa con una piacevole fragranza di lunga durata.<\/p>","protected":false},"featured_media":3106,"comment_status":"open","ping_status":"closed","template":"","meta":[],"product_brand":[1377],"product_cat":[1378],"product_tag":[1494,1496,1454,1480,1471,1492,1493,1495,1474,1462,1491,1465,1473,1497,1498,1468,1439,1490,1464,1466],"class_list":{"0":"post-1080","1":"product","2":"type-product","3":"status-publish","4":"has-post-thumbnail","6":"product_brand-souldrops","7":"product_cat-mosogel","8":"product_tag-1300ml","9":"product_tag-allergiabarat","10":"product_tag-erzekeny-borre","11":"product_tag-erzekeny-textiliakhoz","12":"product_tag-okohatekony","13":"product_tag-bababarat","14":"product_tag-borbarat-mososzer","15":"product_tag-folyekony-mososzer","16":"product_tag-foszfatmentes","17":"product_tag-hipoallergen","18":"product_tag-illatmentes","19":"product_tag-kornyezetbarat","20":"product_tag-klormentes","21":"product_tag-magyar-termek","22":"product_tag-mososzer-erzekeny-borre","23":"product_tag-sls-mentes","24":"product_tag-souldrops","25":"product_tag-szenzitiv-mosogel","26":"product_tag-termeszetes-mososzer","27":"product_tag-vegan-termek","29":"first","30":"instock","31":"taxable","32":"shipping-taxable","33":"product-type-simple"},"yoast_head":"<!-- This site is optimized with the Yoast SEO plugin v27.4 - https:\/\/yoast.com\/product\/yoast-seo-wordpress\/ -->\n<title>Souldrops Korallcsepp mos\u00f3g\u00e9l sz\u00ednes ruh\u00e1khoz (3250 ml) - Souldrops International<\/title>\n<meta name=\"description\" content=\"A Souldrops Felh\u0151csepp mos\u00f3g\u00e9l \u00e9rz\u00e9keny b\u0151rre k\u00e9sz\u00fclt, dermatol\u00f3giailag tesztelt formula. N\u00f6v\u00e9nyi eredet\u0171, term\u00e9szetesen leboml\u00f3 \u00f6sszetev\u0151i k\u00edm\u00e9letesek a b\u0151rh\u00f6z \u00e9s a k\u00f6rnyezethez.\" \/>\n<meta name=\"robots\" content=\"index, follow, max-snippet:-1, max-image-preview:large, max-video-preview:-1\" \/>\n<link rel=\"canonical\" href=\"https:\/\/mysouldrops.eu\/it\/prodotto\/souldrops-coral-drop-per-il-lavaggio-di-capi-asciutti-3250-ml\/\" \/>\n<meta property=\"og:locale\" content=\"it_IT\" \/>\n<meta property=\"og:type\" content=\"article\" \/>\n<meta property=\"og:title\" content=\"Souldrops Korallcsepp mos\u00f3g\u00e9l sz\u00ednes ruh\u00e1khoz (3250 ml) - Souldrops International\" \/>\n<meta property=\"og:description\" content=\"A Souldrops Felh\u0151csepp mos\u00f3g\u00e9l \u00e9rz\u00e9keny b\u0151rre k\u00e9sz\u00fclt, dermatol\u00f3giailag tesztelt formula. N\u00f6v\u00e9nyi eredet\u0171, term\u00e9szetesen leboml\u00f3 \u00f6sszetev\u0151i k\u00edm\u00e9letesek a b\u0151rh\u00f6z \u00e9s a k\u00f6rnyezethez.\" \/>\n<meta property=\"og:url\" content=\"https:\/\/mysouldrops.eu\/it\/prodotto\/souldrops-coral-drop-per-il-lavaggio-di-capi-asciutti-3250-ml\/\" \/>\n<meta property=\"og:site_name\" content=\"Souldrops International\" \/>\n<meta property=\"article:modified_time\" content=\"2026-02-25T13:04:05+00:00\" \/>\n<meta property=\"og:image\" content=\"https:\/\/mysouldrops.eu\/wp-content\/uploads\/2026\/02\/K32_EN_REG-F-PAN177_SZ-FEHER_INV_v5.png\" \/>\n\t<meta property=\"og:image:width\" content=\"2400\" \/>\n\t<meta property=\"og:image:height\" content=\"2400\" \/>\n\t<meta property=\"og:image:type\" content=\"image\/png\" \/>\n<meta name=\"twitter:card\" content=\"summary_large_image\" \/>\n<meta name=\"twitter:label1\" content=\"Tempo di lettura stimato\" \/>\n\t<meta name=\"twitter:data1\" content=\"1 minuto\" \/>\n<script type=\"application\/ld+json\" class=\"yoast-schema-graph\">{\"@context\":\"https:\\\/\\\/schema.org\",\"@graph\":[{\"@type\":\"WebPage\",\"@id\":\"https:\\\/\\\/mysouldrops.eu\\\/termek\\\/souldrops-korallcsepp-mosogel-szines-ruhakhoz-3250-ml\\\/\",\"url\":\"https:\\\/\\\/mysouldrops.eu\\\/termek\\\/souldrops-korallcsepp-mosogel-szines-ruhakhoz-3250-ml\\\/\",\"name\":\"Souldrops Korallcsepp mos\u00f3g\u00e9l sz\u00ednes ruh\u00e1khoz (3250 ml) - Souldrops International\",\"isPartOf\":{\"@id\":\"https:\\\/\\\/mysouldrops.eu\\\/#website\"},\"primaryImageOfPage\":{\"@id\":\"https:\\\/\\\/mysouldrops.eu\\\/termek\\\/souldrops-korallcsepp-mosogel-szines-ruhakhoz-3250-ml\\\/#primaryimage\"},\"image\":{\"@id\":\"https:\\\/\\\/mysouldrops.eu\\\/termek\\\/souldrops-korallcsepp-mosogel-szines-ruhakhoz-3250-ml\\\/#primaryimage\"},\"thumbnailUrl\":\"https:\\\/\\\/mysouldrops.eu\\\/wp-content\\\/uploads\\\/2026\\\/02\\\/K32_EN_REG-F-PAN177_SZ-FEHER_INV_v5.png\",\"datePublished\":\"2025-07-13T17:38:21+00:00\",\"dateModified\":\"2026-02-25T13:04:05+00:00\",\"description\":\"A Souldrops Felh\u0151csepp mos\u00f3g\u00e9l \u00e9rz\u00e9keny b\u0151rre k\u00e9sz\u00fclt, dermatol\u00f3giailag tesztelt formula. N\u00f6v\u00e9nyi eredet\u0171, term\u00e9szetesen leboml\u00f3 \u00f6sszetev\u0151i k\u00edm\u00e9letesek a b\u0151rh\u00f6z \u00e9s a k\u00f6rnyezethez.\",\"breadcrumb\":{\"@id\":\"https:\\\/\\\/mysouldrops.eu\\\/termek\\\/souldrops-korallcsepp-mosogel-szines-ruhakhoz-3250-ml\\\/#breadcrumb\"},\"inLanguage\":\"it-IT\",\"potentialAction\":[{\"@type\":\"ReadAction\",\"target\":[\"https:\\\/\\\/mysouldrops.eu\\\/termek\\\/souldrops-korallcsepp-mosogel-szines-ruhakhoz-3250-ml\\\/\"]}]},{\"@type\":\"ImageObject\",\"inLanguage\":\"it-IT\",\"@id\":\"https:\\\/\\\/mysouldrops.eu\\\/termek\\\/souldrops-korallcsepp-mosogel-szines-ruhakhoz-3250-ml\\\/#primaryimage\",\"url\":\"https:\\\/\\\/mysouldrops.eu\\\/wp-content\\\/uploads\\\/2026\\\/02\\\/K32_EN_REG-F-PAN177_SZ-FEHER_INV_v5.png\",\"contentUrl\":\"https:\\\/\\\/mysouldrops.eu\\\/wp-content\\\/uploads\\\/2026\\\/02\\\/K32_EN_REG-F-PAN177_SZ-FEHER_INV_v5.png\",\"width\":2400,\"height\":2400},{\"@type\":\"BreadcrumbList\",\"@id\":\"https:\\\/\\\/mysouldrops.eu\\\/termek\\\/souldrops-korallcsepp-mosogel-szines-ruhakhoz-3250-ml\\\/#breadcrumb\",\"itemListElement\":[{\"@type\":\"ListItem\",\"position\":1,\"name\":\"Kezd\u0151lap\",\"item\":\"https:\\\/\\\/mysouldrops.eu\\\/\"},{\"@type\":\"ListItem\",\"position\":2,\"name\":\"Shop\",\"item\":\"https:\\\/\\\/mysouldrops.eu\\\/uzlet\\\/\"},{\"@type\":\"ListItem\",\"position\":3,\"name\":\"Souldrops Korallcsepp mos\u00f3g\u00e9l sz\u00ednes ruh\u00e1khoz (3250 ml)\"}]},{\"@type\":\"WebSite\",\"@id\":\"https:\\\/\\\/mysouldrops.eu\\\/#website\",\"url\":\"https:\\\/\\\/mysouldrops.eu\\\/\",\"name\":\"Souldrops International\",\"description\":\"A Souldrops egy k\u00f6rnyezettudatos tiszt\u00edt\u00f3szerm\u00e1rka, amely term\u00e9szetes \u00f6sszetev\u0151kkel \u00e9s st\u00edlusos szeml\u00e9lettel teszi tiszt\u00e1bb\u00e1 a vil\u00e1got \u2013 k\u00edv\u00fcl \u00e9s bel\u00fcl\",\"potentialAction\":[{\"@type\":\"SearchAction\",\"target\":{\"@type\":\"EntryPoint\",\"urlTemplate\":\"https:\\\/\\\/mysouldrops.eu\\\/?s={search_term_string}\"},\"query-input\":{\"@type\":\"PropertyValueSpecification\",\"valueRequired\":true,\"valueName\":\"search_term_string\"}}],\"inLanguage\":\"it-IT\"}]}<\/script>\n<!-- \/ Yoast SEO plugin. -->","yoast_head_json":{"title":"Souldrops Coral Drop Gel di lavaggio per capi colorati (3250 ml) - Souldrops Italia","description":"Souldrops Clouddrop Washing Gel \u00e8 una formula dermatologicamente testata per pelli sensibili. I suoi ingredienti di origine vegetale e naturalmente degradabili sono delicati per la pelle e per l'ambiente.","robots":{"index":"index","follow":"follow","max-snippet":"max-snippet:-1","max-image-preview":"max-image-preview:large","max-video-preview":"max-video-preview:-1"},"canonical":"https:\/\/mysouldrops.eu\/it\/prodotto\/souldrops-coral-drop-per-il-lavaggio-di-capi-asciutti-3250-ml\/","og_locale":"it_IT","og_type":"article","og_title":"Souldrops Korallcsepp mos\u00f3g\u00e9l sz\u00ednes ruh\u00e1khoz (3250 ml) - Souldrops International","og_description":"A Souldrops Felh\u0151csepp mos\u00f3g\u00e9l \u00e9rz\u00e9keny b\u0151rre k\u00e9sz\u00fclt, dermatol\u00f3giailag tesztelt formula. N\u00f6v\u00e9nyi eredet\u0171, term\u00e9szetesen leboml\u00f3 \u00f6sszetev\u0151i k\u00edm\u00e9letesek a b\u0151rh\u00f6z \u00e9s a k\u00f6rnyezethez.","og_url":"https:\/\/mysouldrops.eu\/it\/prodotto\/souldrops-coral-drop-per-il-lavaggio-di-capi-asciutti-3250-ml\/","og_site_name":"Souldrops International","article_modified_time":"2026-02-25T13:04:05+00:00","og_image":[{"width":2400,"height":2400,"url":"https:\/\/mysouldrops.eu\/wp-content\/uploads\/2026\/02\/K32_EN_REG-F-PAN177_SZ-FEHER_INV_v5.png","type":"image\/png"}],"twitter_card":"summary_large_image","twitter_misc":{"Tempo di lettura stimato":"1 minuto"},"schema":{"@context":"https:\/\/schema.org","@graph":[{"@type":"WebPage","@id":"https:\/\/mysouldrops.eu\/termek\/souldrops-korallcsepp-mosogel-szines-ruhakhoz-3250-ml\/","url":"https:\/\/mysouldrops.eu\/termek\/souldrops-korallcsepp-mosogel-szines-ruhakhoz-3250-ml\/","name":"Souldrops Coral Drop Gel di lavaggio per capi colorati (3250 ml) - Souldrops Italia","isPartOf":{"@id":"https:\/\/mysouldrops.eu\/#website"},"primaryImageOfPage":{"@id":"https:\/\/mysouldrops.eu\/termek\/souldrops-korallcsepp-mosogel-szines-ruhakhoz-3250-ml\/#primaryimage"},"image":{"@id":"https:\/\/mysouldrops.eu\/termek\/souldrops-korallcsepp-mosogel-szines-ruhakhoz-3250-ml\/#primaryimage"},"thumbnailUrl":"https:\/\/mysouldrops.eu\/wp-content\/uploads\/2026\/02\/K32_EN_REG-F-PAN177_SZ-FEHER_INV_v5.png","datePublished":"2025-07-13T17:38:21+00:00","dateModified":"2026-02-25T13:04:05+00:00","description":"Souldrops Clouddrop Washing Gel \u00e8 una formula dermatologicamente testata per pelli sensibili. I suoi ingredienti di origine vegetale e naturalmente degradabili sono delicati per la pelle e per l'ambiente.","breadcrumb":{"@id":"https:\/\/mysouldrops.eu\/termek\/souldrops-korallcsepp-mosogel-szines-ruhakhoz-3250-ml\/#breadcrumb"},"inLanguage":"it-IT","potentialAction":[{"@type":"ReadAction","target":["https:\/\/mysouldrops.eu\/termek\/souldrops-korallcsepp-mosogel-szines-ruhakhoz-3250-ml\/"]}]},{"@type":"ImageObject","inLanguage":"it-IT","@id":"https:\/\/mysouldrops.eu\/termek\/souldrops-korallcsepp-mosogel-szines-ruhakhoz-3250-ml\/#primaryimage","url":"https:\/\/mysouldrops.eu\/wp-content\/uploads\/2026\/02\/K32_EN_REG-F-PAN177_SZ-FEHER_INV_v5.png","contentUrl":"https:\/\/mysouldrops.eu\/wp-content\/uploads\/2026\/02\/K32_EN_REG-F-PAN177_SZ-FEHER_INV_v5.png","width":2400,"height":2400},{"@type":"BreadcrumbList","@id":"https:\/\/mysouldrops.eu\/termek\/souldrops-korallcsepp-mosogel-szines-ruhakhoz-3250-ml\/#breadcrumb","itemListElement":[{"@type":"ListItem","position":1,"name":"Kezd\u0151lap","item":"https:\/\/mysouldrops.eu\/"},{"@type":"ListItem","position":2,"name":"Shop","item":"https:\/\/mysouldrops.eu\/uzlet\/"},{"@type":"ListItem","position":3,"name":"Souldrops Korallcsepp mos\u00f3g\u00e9l sz\u00ednes ruh\u00e1khoz (3250 ml)"}]},{"@type":"WebSite","@id":"https:\/\/mysouldrops.eu\/#website","url":"https:\/\/mysouldrops.eu\/","name":"Souldrops International","description":"Souldrops \u00e8 un marchio di pulizia eco-consapevole che utilizza ingredienti naturali e un approccio elegante per rendere il mondo pi\u00f9 pulito, dentro e fuori.","potentialAction":[{"@type":"SearchAction","target":{"@type":"EntryPoint","urlTemplate":"https:\/\/mysouldrops.eu\/?s={search_term_string}"},"query-input":{"@type":"PropertyValueSpecification","valueRequired":true,"valueName":"search_term_string"}}],"inLanguage":"it-IT"}]}},"jetpack_likes_enabled":true,"jetpack_sharing_enabled":true,"_links":{"self":[{"href":"https:\/\/mysouldrops.eu\/it\/wp-json\/wp\/v2\/product\/1080","targetHints":{"allow":["GET"]}}],"collection":[{"href":"https:\/\/mysouldrops.eu\/it\/wp-json\/wp\/v2\/product"}],"about":[{"href":"https:\/\/mysouldrops.eu\/it\/wp-json\/wp\/v2\/types\/product"}],"replies":[{"embeddable":true,"href":"https:\/\/mysouldrops.eu\/it\/wp-json\/wp\/v2\/comments?post=1080"}],"wp:featuredmedia":[{"embeddable":true,"href":"https:\/\/mysouldrops.eu\/it\/wp-json\/wp\/v2\/media\/3106"}],"wp:attachment":[{"href":"https:\/\/mysouldrops.eu\/it\/wp-json\/wp\/v2\/media?parent=1080"}],"wp:term":[{"taxonomy":"product_brand","embeddable":true,"href":"https:\/\/mysouldrops.eu\/it\/wp-json\/wp\/v2\/product_brand?post=1080"},{"taxonomy":"product_cat","embeddable":true,"href":"https:\/\/mysouldrops.eu\/it\/wp-json\/wp\/v2\/product_cat?post=1080"},{"taxonomy":"product_tag","embeddable":true,"href":"https:\/\/mysouldrops.eu\/it\/wp-json\/wp\/v2\/product_tag?post=1080"}],"curies":[{"name":"wp","href":"https:\/\/api.w.org\/{rel}","templated":true}]}}