{"id":1087,"date":"2025-07-13T20:04:12","date_gmt":"2025-07-13T18:04:12","guid":{"rendered":"https:\/\/mysouldrops.eu\/?post_type=product&#038;p=1087"},"modified":"2026-02-25T09:40:08","modified_gmt":"2026-02-25T08:40:08","slug":"sapone-di-cristallo-souldrops-oblito-1000-ml","status":"publish","type":"product","link":"https:\/\/mysouldrops.eu\/it\/termek\/souldrops-kristalycsepp-oblito-1000-ml\/","title":{"rendered":"Souldrops Crystal Drip Rinse (1000 ml)"},"content":{"rendered":"<p data-start=\"575\" data-end=\"948\">A <strong data-start=\"577\" data-end=\"611\">Souldrops Crystal Drip Rinse<\/strong> l'incontro perfetto tra eleganza raffinata e fresca purezza. La sua fragranza \u00e8 una composizione profumata cristallina ma profonda come la seta, che lascia una sensazione di lusso discreto e duraturo sui tessuti. Le sue fresche note minerali e i sottili toni cipriati si fondono con gli abiti come un elegante abbraccio, rinfrescante e rilassante al tempo stesso.<\/p>\n<p data-start=\"950\" data-end=\"1223\">La sua speciale formula \u00e8 delicata per la pelle sensibile, arricchita con ingredienti naturali. <strong data-start=\"1037\" data-end=\"1069\">Vegano, delicato ed efficace<\/strong>, e questo lo rende una scelta ideale per gli utenti consapevoli che apprezzano non solo la morbidezza e la freschezza dei capi, ma anche la composizione ecologica.<\/p>\n<p data-start=\"1376\" data-end=\"1390\"><strong data-start=\"1376\" data-end=\"1388\">Vantaggi:<\/strong><\/p>\n<ul data-start=\"1391\" data-end=\"1639\">\n<li data-start=\"1391\" data-end=\"1443\">\n<p data-start=\"1393\" data-end=\"1443\">Composizione di fragranza cristallina, minerale e polverosa<\/p>\n<\/li>\n<li data-start=\"1444\" data-end=\"1496\">\n<p data-start=\"1446\" data-end=\"1496\">Lusso discreto e duraturo sui tessuti<\/p>\n<\/li>\n<li data-start=\"1497\" data-end=\"1553\">\n<p data-start=\"1499\" data-end=\"1553\">Ingredienti delicati e naturali per pelli sensibili<\/p>\n<\/li>\n<li data-start=\"1554\" data-end=\"1589\">\n<p data-start=\"1556\" data-end=\"1589\">Formula vegana ed ecologica<\/p>\n<\/li>\n<li data-start=\"1590\" data-end=\"1639\">\n<p data-start=\"1592\" data-end=\"1639\">Mantenere i vestiti morbidi e freschi<\/p>\n<\/li>\n<\/ul>\n<p>&nbsp;<\/p>\n<div class=\"_tableContainer_16hzy_1\">\n<div class=\"_tableWrapper_16hzy_14 group flex w-fit flex-col-reverse\" tabindex=\"-1\">\n<table class=\"w-fit min-w-(--thread-content-width)\" data-start=\"212\" data-end=\"619\">\n<thead data-start=\"212\" data-end=\"291\">\n<tr data-start=\"212\" data-end=\"291\">\n<th data-start=\"212\" data-end=\"235\" data-col-size=\"sm\">Come si usa<\/th>\n<th data-start=\"235\" data-end=\"266\" data-col-size=\"sm\">Quantit\u00e0 di vestiti \/ Quantit\u00e0 di acqua<\/th>\n<th data-start=\"266\" data-end=\"291\" data-col-size=\"sm\">Dosaggio consigliato<\/th>\n<\/tr>\n<\/thead>\n<tbody data-start=\"374\" data-end=\"619\">\n<tr data-start=\"374\" data-end=\"455\">\n<td data-start=\"374\" data-end=\"397\" data-col-size=\"sm\"><strong data-start=\"376\" data-end=\"390\">Lavaggio in lavatrice<\/strong><\/td>\n<td data-col-size=\"sm\" data-start=\"397\" data-end=\"429\">per 4-5 kg di abbigliamento<\/td>\n<td data-col-size=\"sm\" data-start=\"429\" data-end=\"455\">1-2 tappi (25-50 ml)<\/td>\n<\/tr>\n<tr data-start=\"456\" data-end=\"537\">\n<td data-start=\"456\" data-end=\"479\" data-col-size=\"sm\"><strong data-start=\"458\" data-end=\"472\">Lavaggio in lavatrice<\/strong><\/td>\n<td data-col-size=\"sm\" data-start=\"479\" data-end=\"511\">per 7-9 kg di abbigliamento<\/td>\n<td data-col-size=\"sm\" data-start=\"511\" data-end=\"537\">3-4 tappi (75-100 ml)<\/td>\n<\/tr>\n<tr data-start=\"538\" data-end=\"619\">\n<td data-start=\"538\" data-end=\"561\" data-col-size=\"sm\"><strong data-start=\"540\" data-end=\"554\">Lavaggio a mano<\/strong><\/td>\n<td data-col-size=\"sm\" data-start=\"561\" data-end=\"593\">10 l di acqua<\/td>\n<td data-col-size=\"sm\" data-start=\"593\" data-end=\"619\">2 tappi (50 ml)<\/td>\n<\/tr>\n<\/tbody>\n<\/table>\n<\/div>\n<\/div>\n<p>&nbsp;<\/p>\n<p>A <strong data-start=\"1731\" data-end=\"1765\">Souldrops Crystal Drip Rinse<\/strong> \u00e8 la scelta ideale se volete aggiungere un tocco di eleganza e raffinatezza olfattiva ai vostri abiti, oltre che di pulizia.<\/p>","protected":false},"excerpt":{"rendered":"<p>A <strong data-start=\"164\" data-end=\"198\">Souldrops Crystal Drip Rinse<\/strong> conferisce un lusso discreto agli abiti con la sua fragranza cristallina ma profondamente elegante. Le sue fresche note minerali e le sottili note cipriate sono delicate per la pelle sensibile, grazie agli ingredienti naturali. Vegano, delicato ed efficace - per una freschezza di stile.<\/p>","protected":false},"featured_media":3103,"comment_status":"open","ping_status":"closed","template":"","meta":[],"product_brand":[1377],"product_cat":[1382],"product_tag":[1503,1496,1454,1446,1502,1471,1445,1470,1474,1505,1506,1501,1465,1473,1457,1504,1497,1447,1468,1439,1500,1499,1466],"class_list":{"0":"post-1087","1":"product","2":"type-product","3":"status-publish","4":"has-post-thumbnail","6":"product_brand-souldrops","7":"product_cat-oblito","8":"product_tag-1000ml","9":"product_tag-allergiabarat","10":"product_tag-erzekeny-borre","11":"product_tag-oblito","12":"product_tag-oko-textiloblito","13":"product_tag-okohatekony","14":"product_tag-balzsamcsepp","15":"product_tag-borbarat","16":"product_tag-foszfatmentes","17":"product_tag-friss-illat","18":"product_tag-gyenged-oblito","19":"product_tag-illatos-oblito","20":"product_tag-kornyezetbarat","21":"product_tag-klormentes","22":"product_tag-kristalycsepp","23":"product_tag-lagy-ruhak","24":"product_tag-magyar-termek","25":"product_tag-sensitive","26":"product_tag-sls-mentes","27":"product_tag-souldrops","28":"product_tag-termeszetes-osszetevok","29":"product_tag-textiloblito","30":"product_tag-vegan-termek","32":"first","33":"instock","34":"taxable","35":"shipping-taxable","36":"product-type-simple"},"yoast_head":"<!-- This site is optimized with the Yoast SEO plugin v27.4 - https:\/\/yoast.com\/product\/yoast-seo-wordpress\/ -->\n<title>Souldrops Krist\u00e1lycsepp \u00d6bl\u00edt\u0151 (1000 ml) - Souldrops International<\/title>\n<meta name=\"description\" content=\"K\u00edm\u00e9letes, szenzit\u00edv textil\u00f6bl\u00edt\u0151, 1\u202f000\u202fml kiszerel\u00e9sben, amely puh\u00e1v\u00e1, antisztatikuss\u00e1 var\u00e1zsolja a ruh\u00e1kat, mik\u00f6zben hosszan tart\u00f3, diszkr\u00e9t illatot k\u00f6lcs\u00f6n\u00f6z.\" \/>\n<meta name=\"robots\" content=\"index, follow, max-snippet:-1, max-image-preview:large, max-video-preview:-1\" \/>\n<link rel=\"canonical\" href=\"https:\/\/mysouldrops.eu\/it\/prodotto\/sapone-di-cristallo-souldrops-oblito-1000-ml\/\" \/>\n<meta property=\"og:locale\" content=\"it_IT\" \/>\n<meta property=\"og:type\" content=\"article\" \/>\n<meta property=\"og:title\" content=\"Souldrops Krist\u00e1lycsepp \u00d6bl\u00edt\u0151 (1000 ml) - Souldrops International\" \/>\n<meta property=\"og:description\" content=\"K\u00edm\u00e9letes, szenzit\u00edv textil\u00f6bl\u00edt\u0151, 1\u202f000\u202fml kiszerel\u00e9sben, amely puh\u00e1v\u00e1, antisztatikuss\u00e1 var\u00e1zsolja a ruh\u00e1kat, mik\u00f6zben hosszan tart\u00f3, diszkr\u00e9t illatot k\u00f6lcs\u00f6n\u00f6z.\" \/>\n<meta property=\"og:url\" content=\"https:\/\/mysouldrops.eu\/it\/prodotto\/sapone-di-cristallo-souldrops-oblito-1000-ml\/\" \/>\n<meta property=\"og:site_name\" content=\"Souldrops International\" \/>\n<meta property=\"article:modified_time\" content=\"2026-02-25T08:40:08+00:00\" \/>\n<meta property=\"og:image\" content=\"https:\/\/mysouldrops.eu\/wp-content\/uploads\/2026\/02\/K10_EN_F-RAL4006_SZ-FEHER_NINV_v6-800x800.png?crop=1\" \/>\n\t<meta property=\"og:image:width\" content=\"800\" \/>\n\t<meta property=\"og:image:height\" content=\"800\" \/>\n\t<meta property=\"og:image:type\" content=\"image\/png\" \/>\n<meta name=\"twitter:card\" content=\"summary_large_image\" \/>\n<meta name=\"twitter:label1\" content=\"Tempo di lettura stimato\" \/>\n\t<meta name=\"twitter:data1\" content=\"2 minuti\" \/>\n<script type=\"application\/ld+json\" class=\"yoast-schema-graph\">{\"@context\":\"https:\\\/\\\/schema.org\",\"@graph\":[{\"@type\":\"WebPage\",\"@id\":\"https:\\\/\\\/mysouldrops.eu\\\/termek\\\/souldrops-kristalycsepp-oblito-1000-ml\\\/\",\"url\":\"https:\\\/\\\/mysouldrops.eu\\\/termek\\\/souldrops-kristalycsepp-oblito-1000-ml\\\/\",\"name\":\"Souldrops Krist\u00e1lycsepp \u00d6bl\u00edt\u0151 (1000 ml) - Souldrops International\",\"isPartOf\":{\"@id\":\"https:\\\/\\\/mysouldrops.eu\\\/#website\"},\"primaryImageOfPage\":{\"@id\":\"https:\\\/\\\/mysouldrops.eu\\\/termek\\\/souldrops-kristalycsepp-oblito-1000-ml\\\/#primaryimage\"},\"image\":{\"@id\":\"https:\\\/\\\/mysouldrops.eu\\\/termek\\\/souldrops-kristalycsepp-oblito-1000-ml\\\/#primaryimage\"},\"thumbnailUrl\":\"https:\\\/\\\/mysouldrops.eu\\\/wp-content\\\/uploads\\\/2026\\\/02\\\/K10_EN_F-RAL4006_SZ-FEHER_NINV_v6.png\",\"datePublished\":\"2025-07-13T18:04:12+00:00\",\"dateModified\":\"2026-02-25T08:40:08+00:00\",\"description\":\"K\u00edm\u00e9letes, szenzit\u00edv textil\u00f6bl\u00edt\u0151, 1\u202f000\u202fml kiszerel\u00e9sben, amely puh\u00e1v\u00e1, antisztatikuss\u00e1 var\u00e1zsolja a ruh\u00e1kat, mik\u00f6zben hosszan tart\u00f3, diszkr\u00e9t illatot k\u00f6lcs\u00f6n\u00f6z.\",\"breadcrumb\":{\"@id\":\"https:\\\/\\\/mysouldrops.eu\\\/termek\\\/souldrops-kristalycsepp-oblito-1000-ml\\\/#breadcrumb\"},\"inLanguage\":\"it-IT\",\"potentialAction\":[{\"@type\":\"ReadAction\",\"target\":[\"https:\\\/\\\/mysouldrops.eu\\\/termek\\\/souldrops-kristalycsepp-oblito-1000-ml\\\/\"]}]},{\"@type\":\"ImageObject\",\"inLanguage\":\"it-IT\",\"@id\":\"https:\\\/\\\/mysouldrops.eu\\\/termek\\\/souldrops-kristalycsepp-oblito-1000-ml\\\/#primaryimage\",\"url\":\"https:\\\/\\\/mysouldrops.eu\\\/wp-content\\\/uploads\\\/2026\\\/02\\\/K10_EN_F-RAL4006_SZ-FEHER_NINV_v6.png\",\"contentUrl\":\"https:\\\/\\\/mysouldrops.eu\\\/wp-content\\\/uploads\\\/2026\\\/02\\\/K10_EN_F-RAL4006_SZ-FEHER_NINV_v6.png\",\"width\":3425,\"height\":3425},{\"@type\":\"BreadcrumbList\",\"@id\":\"https:\\\/\\\/mysouldrops.eu\\\/termek\\\/souldrops-kristalycsepp-oblito-1000-ml\\\/#breadcrumb\",\"itemListElement\":[{\"@type\":\"ListItem\",\"position\":1,\"name\":\"Kezd\u0151lap\",\"item\":\"https:\\\/\\\/mysouldrops.eu\\\/\"},{\"@type\":\"ListItem\",\"position\":2,\"name\":\"Shop\",\"item\":\"https:\\\/\\\/mysouldrops.eu\\\/uzlet\\\/\"},{\"@type\":\"ListItem\",\"position\":3,\"name\":\"Souldrops Krist\u00e1lycsepp \u00d6bl\u00edt\u0151 (1000 ml)\"}]},{\"@type\":\"WebSite\",\"@id\":\"https:\\\/\\\/mysouldrops.eu\\\/#website\",\"url\":\"https:\\\/\\\/mysouldrops.eu\\\/\",\"name\":\"Souldrops International\",\"description\":\"A Souldrops egy k\u00f6rnyezettudatos tiszt\u00edt\u00f3szerm\u00e1rka, amely term\u00e9szetes \u00f6sszetev\u0151kkel \u00e9s st\u00edlusos szeml\u00e9lettel teszi tiszt\u00e1bb\u00e1 a vil\u00e1got \u2013 k\u00edv\u00fcl \u00e9s bel\u00fcl\",\"potentialAction\":[{\"@type\":\"SearchAction\",\"target\":{\"@type\":\"EntryPoint\",\"urlTemplate\":\"https:\\\/\\\/mysouldrops.eu\\\/?s={search_term_string}\"},\"query-input\":{\"@type\":\"PropertyValueSpecification\",\"valueRequired\":true,\"valueName\":\"search_term_string\"}}],\"inLanguage\":\"it-IT\"}]}<\/script>\n<!-- \/ Yoast SEO plugin. -->","yoast_head_json":{"title":"Souldrops Crystal Drip Rinse (1000 ml) - Souldrops International","description":"Risciacquo delicato per tessuti sensibili in 1 000 ml, che rende i capi morbidi e antistatici, lasciando una fragranza discreta e di lunga durata.","robots":{"index":"index","follow":"follow","max-snippet":"max-snippet:-1","max-image-preview":"max-image-preview:large","max-video-preview":"max-video-preview:-1"},"canonical":"https:\/\/mysouldrops.eu\/it\/prodotto\/sapone-di-cristallo-souldrops-oblito-1000-ml\/","og_locale":"it_IT","og_type":"article","og_title":"Souldrops Krist\u00e1lycsepp \u00d6bl\u00edt\u0151 (1000 ml) - Souldrops International","og_description":"K\u00edm\u00e9letes, szenzit\u00edv textil\u00f6bl\u00edt\u0151, 1\u202f000\u202fml kiszerel\u00e9sben, amely puh\u00e1v\u00e1, antisztatikuss\u00e1 var\u00e1zsolja a ruh\u00e1kat, mik\u00f6zben hosszan tart\u00f3, diszkr\u00e9t illatot k\u00f6lcs\u00f6n\u00f6z.","og_url":"https:\/\/mysouldrops.eu\/it\/prodotto\/sapone-di-cristallo-souldrops-oblito-1000-ml\/","og_site_name":"Souldrops International","article_modified_time":"2026-02-25T08:40:08+00:00","og_image":[{"width":800,"height":800,"url":"https:\/\/mysouldrops.eu\/wp-content\/uploads\/2026\/02\/K10_EN_F-RAL4006_SZ-FEHER_NINV_v6-800x800.png?crop=1","type":"image\/png"}],"twitter_card":"summary_large_image","twitter_misc":{"Tempo di lettura stimato":"2 minuti"},"schema":{"@context":"https:\/\/schema.org","@graph":[{"@type":"WebPage","@id":"https:\/\/mysouldrops.eu\/termek\/souldrops-kristalycsepp-oblito-1000-ml\/","url":"https:\/\/mysouldrops.eu\/termek\/souldrops-kristalycsepp-oblito-1000-ml\/","name":"Souldrops Crystal Drip Rinse (1000 ml) - Souldrops International","isPartOf":{"@id":"https:\/\/mysouldrops.eu\/#website"},"primaryImageOfPage":{"@id":"https:\/\/mysouldrops.eu\/termek\/souldrops-kristalycsepp-oblito-1000-ml\/#primaryimage"},"image":{"@id":"https:\/\/mysouldrops.eu\/termek\/souldrops-kristalycsepp-oblito-1000-ml\/#primaryimage"},"thumbnailUrl":"https:\/\/mysouldrops.eu\/wp-content\/uploads\/2026\/02\/K10_EN_F-RAL4006_SZ-FEHER_NINV_v6.png","datePublished":"2025-07-13T18:04:12+00:00","dateModified":"2026-02-25T08:40:08+00:00","description":"Risciacquo delicato per tessuti sensibili in 1 000 ml, che rende i capi morbidi e antistatici, lasciando una fragranza discreta e di lunga durata.","breadcrumb":{"@id":"https:\/\/mysouldrops.eu\/termek\/souldrops-kristalycsepp-oblito-1000-ml\/#breadcrumb"},"inLanguage":"it-IT","potentialAction":[{"@type":"ReadAction","target":["https:\/\/mysouldrops.eu\/termek\/souldrops-kristalycsepp-oblito-1000-ml\/"]}]},{"@type":"ImageObject","inLanguage":"it-IT","@id":"https:\/\/mysouldrops.eu\/termek\/souldrops-kristalycsepp-oblito-1000-ml\/#primaryimage","url":"https:\/\/mysouldrops.eu\/wp-content\/uploads\/2026\/02\/K10_EN_F-RAL4006_SZ-FEHER_NINV_v6.png","contentUrl":"https:\/\/mysouldrops.eu\/wp-content\/uploads\/2026\/02\/K10_EN_F-RAL4006_SZ-FEHER_NINV_v6.png","width":3425,"height":3425},{"@type":"BreadcrumbList","@id":"https:\/\/mysouldrops.eu\/termek\/souldrops-kristalycsepp-oblito-1000-ml\/#breadcrumb","itemListElement":[{"@type":"ListItem","position":1,"name":"Kezd\u0151lap","item":"https:\/\/mysouldrops.eu\/"},{"@type":"ListItem","position":2,"name":"Shop","item":"https:\/\/mysouldrops.eu\/uzlet\/"},{"@type":"ListItem","position":3,"name":"Souldrops Krist\u00e1lycsepp \u00d6bl\u00edt\u0151 (1000 ml)"}]},{"@type":"WebSite","@id":"https:\/\/mysouldrops.eu\/#website","url":"https:\/\/mysouldrops.eu\/","name":"Souldrops International","description":"Souldrops \u00e8 un marchio di pulizia eco-consapevole che utilizza ingredienti naturali e un approccio elegante per rendere il mondo pi\u00f9 pulito, dentro e fuori.","potentialAction":[{"@type":"SearchAction","target":{"@type":"EntryPoint","urlTemplate":"https:\/\/mysouldrops.eu\/?s={search_term_string}"},"query-input":{"@type":"PropertyValueSpecification","valueRequired":true,"valueName":"search_term_string"}}],"inLanguage":"it-IT"}]}},"jetpack_likes_enabled":true,"jetpack_sharing_enabled":true,"_links":{"self":[{"href":"https:\/\/mysouldrops.eu\/it\/wp-json\/wp\/v2\/product\/1087","targetHints":{"allow":["GET"]}}],"collection":[{"href":"https:\/\/mysouldrops.eu\/it\/wp-json\/wp\/v2\/product"}],"about":[{"href":"https:\/\/mysouldrops.eu\/it\/wp-json\/wp\/v2\/types\/product"}],"replies":[{"embeddable":true,"href":"https:\/\/mysouldrops.eu\/it\/wp-json\/wp\/v2\/comments?post=1087"}],"wp:featuredmedia":[{"embeddable":true,"href":"https:\/\/mysouldrops.eu\/it\/wp-json\/wp\/v2\/media\/3103"}],"wp:attachment":[{"href":"https:\/\/mysouldrops.eu\/it\/wp-json\/wp\/v2\/media?parent=1087"}],"wp:term":[{"taxonomy":"product_brand","embeddable":true,"href":"https:\/\/mysouldrops.eu\/it\/wp-json\/wp\/v2\/product_brand?post=1087"},{"taxonomy":"product_cat","embeddable":true,"href":"https:\/\/mysouldrops.eu\/it\/wp-json\/wp\/v2\/product_cat?post=1087"},{"taxonomy":"product_tag","embeddable":true,"href":"https:\/\/mysouldrops.eu\/it\/wp-json\/wp\/v2\/product_tag?post=1087"}],"curies":[{"name":"wp","href":"https:\/\/api.w.org\/{rel}","templated":true}]}}