{"id":879,"date":"2025-06-24T17:07:53","date_gmt":"2025-06-24T15:07:53","guid":{"rendered":"https:\/\/mysouldrops.eu\/?post_type=product&#038;p=879"},"modified":"2025-10-09T14:02:03","modified_gmt":"2025-10-09T12:02:03","slug":"souldrops-healthdrop-flytende-sape","status":"publish","type":"product","link":"https:\/\/mysouldrops.eu\/nb\/termek\/souldrops-healthdrop-folyekony-szappan\/","title":{"rendered":"Souldrops Healthdrop flytende s\u00e5pe (750 ml)"},"content":{"rendered":"<p>Renhet og naturlighet i hver eneste dr\u00e5pe<\/p>\n<p>Souldrops Healthdrop er en milj\u00f8bevisst og hudvennlig flytende s\u00e5pe som er ideell til daglig h\u00e5ndvask og hudpleie. Takket v\u00e6re de plantebaserte ingrediensene og den milde formelen t\u00f8rker den ikke ut huden, s\u00e5 den er trygg \u00e5 bruke selv for dem med sensitiv hud. Emballasjen p\u00e5 750 ml er en \u00f8konomisk l\u00f8sning for hjemmebruk og til og med kontorbruk.<\/p>\n<p>Viktige funksjoner:<\/p>\n<ul>\n<li>Laget av naturlige ingredienser<\/li>\n<li>Dermatologisk testet - anbefales ogs\u00e5 for sensitiv hud<\/li>\n<li>Sk\u00e5nsom, men effektiv rengj\u00f8ring<\/li>\n<li>Vegansk og dyrefri<\/li>\n<li>Milj\u00f8vennlig emballasje<\/li>\n<\/ul>\n<p><strong>Bruk:<\/strong><\/p>\n<p>P\u00e5f\u00f8r en liten mengde p\u00e5 v\u00e5te hender, skum opp og skyll grundig. Ogs\u00e5 ideell for hyppig bruk.<\/p>\n<p><strong>Milj\u00f8bevissthet:<\/strong><\/p>\n<p>Souldrops' filosofi er b\u00e6rekraft og et rent liv. Healthdrop flytende s\u00e5pe er ikke bare bra for kroppen din, men ogs\u00e5 for milj\u00f8et.<\/p>","protected":false},"excerpt":{"rendered":"<p>En naturbasert, sk\u00e5nsom flytende s\u00e5pe i 750 ml, ogs\u00e5 for sensitiv hud. Den hudvennlige formelen til Souldrops Healthdrop renser effektivt samtidig som den bevarer hudens naturlige fuktighet. Ideell til daglig bruk for hele familien.<\/p>","protected":false},"featured_media":100,"comment_status":"open","ping_status":"closed","template":"","meta":[],"product_brand":[1377],"product_cat":[1384],"product_tag":[1479,1509,1454,1471,1508,1449,1450,1462,1491,1511,1507,1510,1497,1513,1512,1468,1439,1500,1514,1466],"class_list":{"0":"post-879","1":"product","2":"type-product","3":"status-publish","4":"has-post-thumbnail","6":"product_brand-souldrops","7":"product_cat-folyekony-szappan","8":"product_tag-750ml","9":"product_tag-antibakterialis-hatas","10":"product_tag-erzekeny-borre","11":"product_tag-okohatekony","12":"product_tag-borbarat-szappan","13":"product_tag-folyekony-szappan","14":"product_tag-healthdrop","15":"product_tag-hipoallergen","16":"product_tag-illatmentes","17":"product_tag-kezhigienia","18":"product_tag-kezmoso","19":"product_tag-kornyezetbarat-tisztalkodas","20":"product_tag-magyar-termek","21":"product_tag-napi-hasznalatra","22":"product_tag-parabenmentes","23":"product_tag-sls-mentes","24":"product_tag-souldrops","25":"product_tag-termeszetes-osszetevok","26":"product_tag-tiszta-kez","27":"product_tag-vegan-termek","29":"first","30":"instock","31":"taxable","32":"shipping-taxable","33":"product-type-simple"},"yoast_head":"<!-- This site is optimized with the Yoast SEO plugin v27.4 - https:\/\/yoast.com\/product\/yoast-seo-wordpress\/ -->\n<title>Souldrops Healthdrop Foly\u00e9kony Szappan (750 ml) - Souldrops International<\/title>\n<meta name=\"description\" content=\"Term\u00e9szetes alap\u00fa, k\u00edm\u00e9letes foly\u00e9kony szappan 750 ml-es kiszerel\u00e9sben, \u00e9rz\u00e9keny b\u0151rre is. A Souldrops Healthdrop b\u0151rbar\u00e1t formul\u00e1ja hat\u00e9konyan tiszt\u00edt, mik\u00f6zben meg\u0151rzi a b\u0151r term\u00e9szetes hidrat\u00e1lts\u00e1g\u00e1t. Ide\u00e1lis napi haszn\u00e1latra az eg\u00e9sz csal\u00e1d sz\u00e1m\u00e1ra.\" \/>\n<meta name=\"robots\" content=\"index, follow, max-snippet:-1, max-image-preview:large, max-video-preview:-1\" \/>\n<link rel=\"canonical\" href=\"https:\/\/mysouldrops.eu\/nb\/produkt\/souldrops-healthdrop-flytende-sape\/\" \/>\n<meta property=\"og:locale\" content=\"nb_NO\" \/>\n<meta property=\"og:type\" content=\"article\" \/>\n<meta property=\"og:title\" content=\"Souldrops Healthdrop Foly\u00e9kony Szappan (750 ml) - Souldrops International\" \/>\n<meta property=\"og:description\" content=\"Term\u00e9szetes alap\u00fa, k\u00edm\u00e9letes foly\u00e9kony szappan 750 ml-es kiszerel\u00e9sben, \u00e9rz\u00e9keny b\u0151rre is. A Souldrops Healthdrop b\u0151rbar\u00e1t formul\u00e1ja hat\u00e9konyan tiszt\u00edt, mik\u00f6zben meg\u0151rzi a b\u0151r term\u00e9szetes hidrat\u00e1lts\u00e1g\u00e1t. Ide\u00e1lis napi haszn\u00e1latra az eg\u00e9sz csal\u00e1d sz\u00e1m\u00e1ra.\" \/>\n<meta property=\"og:url\" content=\"https:\/\/mysouldrops.eu\/nb\/produkt\/souldrops-healthdrop-flytende-sape\/\" \/>\n<meta property=\"og:site_name\" content=\"Souldrops International\" \/>\n<meta property=\"article:modified_time\" content=\"2025-10-09T12:02:03+00:00\" \/>\n<meta property=\"og:image\" content=\"https:\/\/mysouldrops.eu\/wp-content\/uploads\/2025\/06\/HE_450_HU_R_F-Feher_C-PAN368_v4.png\" \/>\n\t<meta property=\"og:image:width\" content=\"3425\" \/>\n\t<meta property=\"og:image:height\" content=\"3425\" \/>\n\t<meta property=\"og:image:type\" content=\"image\/png\" \/>\n<meta name=\"twitter:card\" content=\"summary_large_image\" \/>\n<meta name=\"twitter:label1\" content=\"Ansl. lesetid\" \/>\n\t<meta name=\"twitter:data1\" content=\"1 minutt\" \/>\n<script type=\"application\/ld+json\" class=\"yoast-schema-graph\">{\"@context\":\"https:\\\/\\\/schema.org\",\"@graph\":[{\"@type\":\"WebPage\",\"@id\":\"https:\\\/\\\/mysouldrops.eu\\\/termek\\\/souldrops-healthdrop-folyekony-szappan\\\/\",\"url\":\"https:\\\/\\\/mysouldrops.eu\\\/termek\\\/souldrops-healthdrop-folyekony-szappan\\\/\",\"name\":\"Souldrops Healthdrop Foly\u00e9kony Szappan (750 ml) - Souldrops International\",\"isPartOf\":{\"@id\":\"https:\\\/\\\/mysouldrops.eu\\\/#website\"},\"primaryImageOfPage\":{\"@id\":\"https:\\\/\\\/mysouldrops.eu\\\/termek\\\/souldrops-healthdrop-folyekony-szappan\\\/#primaryimage\"},\"image\":{\"@id\":\"https:\\\/\\\/mysouldrops.eu\\\/termek\\\/souldrops-healthdrop-folyekony-szappan\\\/#primaryimage\"},\"thumbnailUrl\":\"https:\\\/\\\/mysouldrops.eu\\\/wp-content\\\/uploads\\\/2025\\\/06\\\/HE_450_HU_R_F-Feher_C-PAN368_v4.png\",\"datePublished\":\"2025-06-24T15:07:53+00:00\",\"dateModified\":\"2025-10-09T12:02:03+00:00\",\"description\":\"Term\u00e9szetes alap\u00fa, k\u00edm\u00e9letes foly\u00e9kony szappan 750 ml-es kiszerel\u00e9sben, \u00e9rz\u00e9keny b\u0151rre is. A Souldrops Healthdrop b\u0151rbar\u00e1t formul\u00e1ja hat\u00e9konyan tiszt\u00edt, mik\u00f6zben meg\u0151rzi a b\u0151r term\u00e9szetes hidrat\u00e1lts\u00e1g\u00e1t. Ide\u00e1lis napi haszn\u00e1latra az eg\u00e9sz csal\u00e1d sz\u00e1m\u00e1ra.\",\"breadcrumb\":{\"@id\":\"https:\\\/\\\/mysouldrops.eu\\\/termek\\\/souldrops-healthdrop-folyekony-szappan\\\/#breadcrumb\"},\"inLanguage\":\"nb-NO\",\"potentialAction\":[{\"@type\":\"ReadAction\",\"target\":[\"https:\\\/\\\/mysouldrops.eu\\\/termek\\\/souldrops-healthdrop-folyekony-szappan\\\/\"]}]},{\"@type\":\"ImageObject\",\"inLanguage\":\"nb-NO\",\"@id\":\"https:\\\/\\\/mysouldrops.eu\\\/termek\\\/souldrops-healthdrop-folyekony-szappan\\\/#primaryimage\",\"url\":\"https:\\\/\\\/mysouldrops.eu\\\/wp-content\\\/uploads\\\/2025\\\/06\\\/HE_450_HU_R_F-Feher_C-PAN368_v4.png\",\"contentUrl\":\"https:\\\/\\\/mysouldrops.eu\\\/wp-content\\\/uploads\\\/2025\\\/06\\\/HE_450_HU_R_F-Feher_C-PAN368_v4.png\",\"width\":3425,\"height\":3425},{\"@type\":\"BreadcrumbList\",\"@id\":\"https:\\\/\\\/mysouldrops.eu\\\/termek\\\/souldrops-healthdrop-folyekony-szappan\\\/#breadcrumb\",\"itemListElement\":[{\"@type\":\"ListItem\",\"position\":1,\"name\":\"Kezd\u0151lap\",\"item\":\"https:\\\/\\\/mysouldrops.eu\\\/\"},{\"@type\":\"ListItem\",\"position\":2,\"name\":\"Shop\",\"item\":\"https:\\\/\\\/mysouldrops.eu\\\/uzlet\\\/\"},{\"@type\":\"ListItem\",\"position\":3,\"name\":\"Souldrops Healthdrop Foly\u00e9kony Szappan (750 ml)\"}]},{\"@type\":\"WebSite\",\"@id\":\"https:\\\/\\\/mysouldrops.eu\\\/#website\",\"url\":\"https:\\\/\\\/mysouldrops.eu\\\/\",\"name\":\"Souldrops International\",\"description\":\"A Souldrops egy k\u00f6rnyezettudatos tiszt\u00edt\u00f3szerm\u00e1rka, amely term\u00e9szetes \u00f6sszetev\u0151kkel \u00e9s st\u00edlusos szeml\u00e9lettel teszi tiszt\u00e1bb\u00e1 a vil\u00e1got \u2013 k\u00edv\u00fcl \u00e9s bel\u00fcl\",\"potentialAction\":[{\"@type\":\"SearchAction\",\"target\":{\"@type\":\"EntryPoint\",\"urlTemplate\":\"https:\\\/\\\/mysouldrops.eu\\\/?s={search_term_string}\"},\"query-input\":{\"@type\":\"PropertyValueSpecification\",\"valueRequired\":true,\"valueName\":\"search_term_string\"}}],\"inLanguage\":\"nb-NO\"}]}<\/script>\n<!-- \/ Yoast SEO plugin. -->","yoast_head_json":{"title":"Souldrops Healthdrop flytende s\u00e5pe (750 ml) - Souldrops International","description":"En naturbasert, sk\u00e5nsom flytende s\u00e5pe i 750 ml, ogs\u00e5 for sensitiv hud. Den hudvennlige formelen til Souldrops Healthdrop renser effektivt samtidig som den bevarer hudens naturlige fuktighet. Ideell til daglig bruk for hele familien.","robots":{"index":"index","follow":"follow","max-snippet":"max-snippet:-1","max-image-preview":"max-image-preview:large","max-video-preview":"max-video-preview:-1"},"canonical":"https:\/\/mysouldrops.eu\/nb\/produkt\/souldrops-healthdrop-flytende-sape\/","og_locale":"nb_NO","og_type":"article","og_title":"Souldrops Healthdrop Foly\u00e9kony Szappan (750 ml) - Souldrops International","og_description":"Term\u00e9szetes alap\u00fa, k\u00edm\u00e9letes foly\u00e9kony szappan 750 ml-es kiszerel\u00e9sben, \u00e9rz\u00e9keny b\u0151rre is. A Souldrops Healthdrop b\u0151rbar\u00e1t formul\u00e1ja hat\u00e9konyan tiszt\u00edt, mik\u00f6zben meg\u0151rzi a b\u0151r term\u00e9szetes hidrat\u00e1lts\u00e1g\u00e1t. Ide\u00e1lis napi haszn\u00e1latra az eg\u00e9sz csal\u00e1d sz\u00e1m\u00e1ra.","og_url":"https:\/\/mysouldrops.eu\/nb\/produkt\/souldrops-healthdrop-flytende-sape\/","og_site_name":"Souldrops International","article_modified_time":"2025-10-09T12:02:03+00:00","og_image":[{"width":3425,"height":3425,"url":"https:\/\/mysouldrops.eu\/wp-content\/uploads\/2025\/06\/HE_450_HU_R_F-Feher_C-PAN368_v4.png","type":"image\/png"}],"twitter_card":"summary_large_image","twitter_misc":{"Ansl. lesetid":"1 minutt"},"schema":{"@context":"https:\/\/schema.org","@graph":[{"@type":"WebPage","@id":"https:\/\/mysouldrops.eu\/termek\/souldrops-healthdrop-folyekony-szappan\/","url":"https:\/\/mysouldrops.eu\/termek\/souldrops-healthdrop-folyekony-szappan\/","name":"Souldrops Healthdrop flytende s\u00e5pe (750 ml) - Souldrops International","isPartOf":{"@id":"https:\/\/mysouldrops.eu\/#website"},"primaryImageOfPage":{"@id":"https:\/\/mysouldrops.eu\/termek\/souldrops-healthdrop-folyekony-szappan\/#primaryimage"},"image":{"@id":"https:\/\/mysouldrops.eu\/termek\/souldrops-healthdrop-folyekony-szappan\/#primaryimage"},"thumbnailUrl":"https:\/\/mysouldrops.eu\/wp-content\/uploads\/2025\/06\/HE_450_HU_R_F-Feher_C-PAN368_v4.png","datePublished":"2025-06-24T15:07:53+00:00","dateModified":"2025-10-09T12:02:03+00:00","description":"En naturbasert, sk\u00e5nsom flytende s\u00e5pe i 750 ml, ogs\u00e5 for sensitiv hud. Den hudvennlige formelen til Souldrops Healthdrop renser effektivt samtidig som den bevarer hudens naturlige fuktighet. Ideell til daglig bruk for hele familien.","breadcrumb":{"@id":"https:\/\/mysouldrops.eu\/termek\/souldrops-healthdrop-folyekony-szappan\/#breadcrumb"},"inLanguage":"nb-NO","potentialAction":[{"@type":"ReadAction","target":["https:\/\/mysouldrops.eu\/termek\/souldrops-healthdrop-folyekony-szappan\/"]}]},{"@type":"ImageObject","inLanguage":"nb-NO","@id":"https:\/\/mysouldrops.eu\/termek\/souldrops-healthdrop-folyekony-szappan\/#primaryimage","url":"https:\/\/mysouldrops.eu\/wp-content\/uploads\/2025\/06\/HE_450_HU_R_F-Feher_C-PAN368_v4.png","contentUrl":"https:\/\/mysouldrops.eu\/wp-content\/uploads\/2025\/06\/HE_450_HU_R_F-Feher_C-PAN368_v4.png","width":3425,"height":3425},{"@type":"BreadcrumbList","@id":"https:\/\/mysouldrops.eu\/termek\/souldrops-healthdrop-folyekony-szappan\/#breadcrumb","itemListElement":[{"@type":"ListItem","position":1,"name":"Kezd\u0151lap","item":"https:\/\/mysouldrops.eu\/"},{"@type":"ListItem","position":2,"name":"Shop","item":"https:\/\/mysouldrops.eu\/uzlet\/"},{"@type":"ListItem","position":3,"name":"Souldrops Healthdrop Foly\u00e9kony Szappan (750 ml)"}]},{"@type":"WebSite","@id":"https:\/\/mysouldrops.eu\/#website","url":"https:\/\/mysouldrops.eu\/","name":"Souldrops International","description":"Souldrops er et milj\u00f8bevisst rengj\u00f8ringsmerke som bruker naturlige ingredienser og en stilig tiln\u00e6rming for \u00e5 gj\u00f8re verden til et renere sted - b\u00e5de innvendig og utvendig","potentialAction":[{"@type":"SearchAction","target":{"@type":"EntryPoint","urlTemplate":"https:\/\/mysouldrops.eu\/?s={search_term_string}"},"query-input":{"@type":"PropertyValueSpecification","valueRequired":true,"valueName":"search_term_string"}}],"inLanguage":"nb-NO"}]}},"jetpack_likes_enabled":true,"jetpack_sharing_enabled":true,"_links":{"self":[{"href":"https:\/\/mysouldrops.eu\/nb\/wp-json\/wp\/v2\/product\/879","targetHints":{"allow":["GET"]}}],"collection":[{"href":"https:\/\/mysouldrops.eu\/nb\/wp-json\/wp\/v2\/product"}],"about":[{"href":"https:\/\/mysouldrops.eu\/nb\/wp-json\/wp\/v2\/types\/product"}],"replies":[{"embeddable":true,"href":"https:\/\/mysouldrops.eu\/nb\/wp-json\/wp\/v2\/comments?post=879"}],"wp:featuredmedia":[{"embeddable":true,"href":"https:\/\/mysouldrops.eu\/nb\/wp-json\/wp\/v2\/media\/100"}],"wp:attachment":[{"href":"https:\/\/mysouldrops.eu\/nb\/wp-json\/wp\/v2\/media?parent=879"}],"wp:term":[{"taxonomy":"product_brand","embeddable":true,"href":"https:\/\/mysouldrops.eu\/nb\/wp-json\/wp\/v2\/product_brand?post=879"},{"taxonomy":"product_cat","embeddable":true,"href":"https:\/\/mysouldrops.eu\/nb\/wp-json\/wp\/v2\/product_cat?post=879"},{"taxonomy":"product_tag","embeddable":true,"href":"https:\/\/mysouldrops.eu\/nb\/wp-json\/wp\/v2\/product_tag?post=879"}],"curies":[{"name":"wp","href":"https:\/\/api.w.org\/{rel}","templated":true}]}}