{"id":1007,"date":"2025-07-04T14:23:26","date_gmt":"2025-07-04T12:23:26","guid":{"rendered":"https:\/\/mysouldrops.eu\/?post_type=product&#038;p=1007"},"modified":"2025-12-01T10:52:31","modified_gmt":"2025-12-01T09:52:31","slug":"souldrops-baby-druppel-hypoallergene-gevoelige-wasgel-voor-babykleertjes","status":"publish","type":"product","link":"https:\/\/mysouldrops.eu\/nl\/termek\/souldrops-baby-drop-hipoallergen-szenzitiv-mosogel-babaruhakhoz\/","title":{"rendered":"Souldrops babydruppel hypoallergeen-gevoelige wasgel voor babykleertjes (1000 ml)"},"content":{"rendered":"<p><strong>De ideale keuze als je op zoek bent naar een schone en natuurlijke oplossing voor de kleertjes van je baby! De Souldrops Baby Wasgel:<\/strong><\/p>\n<p>Zachte maar effectieve formule - bevat oppervlakteactieve stoffen op suikerbasis die diep reinigen bij lage temperaturen van 20\u00b0C.<br \/>\nHypoallergeen en veganistisch, SLS\/SLES, geurstofvrij, chloorvrij en fosfaatvrij - een serieuze overweging voor de gevoelige huid.<br \/>\nMilieuvriendelijke verpakking - gerecycled HDPE plastic voering en biologisch afbreekbare ingredi\u00ebnten.<br \/>\nVeiligheidscertificeringen - dermatologisch getest, ECOGARANTIE, European Vegan Society gecertificeerd.<\/p>\n<p><strong>Gebruiksaanwijzing<\/strong><\/p>\n<ul>\n<li>Doe het in het dispensercompartiment van de wasmachine of direct op de kleding.<\/li>\n<li>Gebruik ongeveer 50 ml (1 dopje) voor een gemiddelde wassing (4-5 kg).<\/li>\n<li>Koud of gematigd (20-40\u00b0C) wassen wordt aanbevolen voor delicate kledingstukken.<\/li>\n<li>Voor handen wassen is 1 dopje gel genoeg voor ongeveer 10 liter water.<\/li>\n<\/ul>\n<p><strong>Duurzaamheidskenmerken<\/strong><\/p>\n<ul>\n<li>Natuurlijke oppervlakteactieve stoffen op basis van suiker, plantenenzymen en een formule op basis van een wateroplossing.<\/li>\n<li>Geen SLS\/SLES, fosfaten, chloor of kunstmatige geurstoffen - zacht voor de huid en het milieu.<\/li>\n<li>Veganistisch en wreedheidvrij, de ingredi\u00ebnten zijn EWG-gecertificeerd.<\/li>\n<\/ul>","protected":false},"excerpt":{"rendered":"<p>&nbsp;<\/p>\n<p>Zachte, veganistische en milieuvriendelijke babywasgel voor babykleertjes - reinigt effectief en beschermt de gevoelige huid. Chloor-, SLS- en geurvrije formule in gerecyclede verpakking.<\/p>","protected":false},"featured_media":82,"comment_status":"open","ping_status":"closed","template":"","meta":[],"product_brand":[1377],"product_cat":[1378,1385],"product_tag":[1479,1454,1480,1471,1477,1467,1463,1470,1475,1476,1474,1462,1469,1465,1473,1472,1468,1478,1464,1466],"class_list":{"0":"post-1007","1":"product","2":"type-product","3":"status-publish","4":"has-post-thumbnail","6":"product_brand-souldrops","7":"product_cat-mosogel","8":"product_cat-souldrops-baby","9":"product_tag-750ml","10":"product_tag-erzekeny-borre","11":"product_tag-erzekeny-textiliakhoz","12":"product_tag-okohatekony","13":"product_tag-ujrahasznositott-csomagolas","14":"product_tag-baba-mosogel","15":"product_tag-babamososzer","16":"product_tag-borbarat","17":"product_tag-cruelty-free","18":"product_tag-eco-mososzer","19":"product_tag-foszfatmentes","20":"product_tag-hipoallergen","21":"product_tag-illatanyagmentes","22":"product_tag-kornyezetbarat","23":"product_tag-klormentes","24":"product_tag-mosogel-babaknak","25":"product_tag-sls-mentes","26":"product_tag-souldrops-baby","27":"product_tag-termeszetes-mososzer","28":"product_tag-vegan-termek","30":"first","31":"instock","32":"taxable","33":"shipping-taxable","34":"product-type-simple"},"yoast_head":"<!-- This site is optimized with the Yoast SEO plugin v27.4 - https:\/\/yoast.com\/product\/yoast-seo-wordpress\/ -->\n<title>Souldrops baby drop hipoallerg\u00e9n-szenzit\u00edv mos\u00f3g\u00e9l babaruh\u00e1khoz (1000 ml) - Souldrops International<\/title>\n<meta name=\"description\" content=\"Hat\u00e9kony, n\u00f6v\u00e9nyi alap\u00fa mosogat\u00f3szer 750\u202fml kiszerel\u00e9sben \u2013 k\u0151olajmentes, biol\u00f3giailag leboml\u00f3 \u00e9s \u00e1llatk\u00eds\u00e9rlet-mentes formula, diszkr\u00e9t, z\u00f6ld tea illattal, amely megtartja a k\u00f6rnyezetbar\u00e1t mosogat\u00e1s \u00e9lm\u00e9ny\u00e9t.\" \/>\n<meta name=\"robots\" content=\"index, follow, max-snippet:-1, max-image-preview:large, max-video-preview:-1\" \/>\n<link rel=\"canonical\" href=\"https:\/\/mysouldrops.eu\/nl\/product\/souldrops-baby-druppel-hypoallergene-gevoelige-wasgel-voor-babykleertjes\/\" \/>\n<meta property=\"og:locale\" content=\"nl_NL\" \/>\n<meta property=\"og:type\" content=\"article\" \/>\n<meta property=\"og:title\" content=\"Souldrops baby drop hipoallerg\u00e9n-szenzit\u00edv mos\u00f3g\u00e9l babaruh\u00e1khoz (1000 ml) - Souldrops International\" \/>\n<meta property=\"og:description\" content=\"Hat\u00e9kony, n\u00f6v\u00e9nyi alap\u00fa mosogat\u00f3szer 750\u202fml kiszerel\u00e9sben \u2013 k\u0151olajmentes, biol\u00f3giailag leboml\u00f3 \u00e9s \u00e1llatk\u00eds\u00e9rlet-mentes formula, diszkr\u00e9t, z\u00f6ld tea illattal, amely megtartja a k\u00f6rnyezetbar\u00e1t mosogat\u00e1s \u00e9lm\u00e9ny\u00e9t.\" \/>\n<meta property=\"og:url\" content=\"https:\/\/mysouldrops.eu\/nl\/product\/souldrops-baby-druppel-hypoallergene-gevoelige-wasgel-voor-babykleertjes\/\" \/>\n<meta property=\"og:site_name\" content=\"Souldrops International\" \/>\n<meta property=\"article:modified_time\" content=\"2025-12-01T09:52:31+00:00\" \/>\n<meta property=\"og:image\" content=\"https:\/\/mysouldrops.eu\/wp-content\/uploads\/2025\/06\/BG10_REG_-F-PAN636_SZ-PAN2736-_NINV_v4.png\" \/>\n\t<meta property=\"og:image:width\" content=\"2000\" \/>\n\t<meta property=\"og:image:height\" content=\"2000\" \/>\n\t<meta property=\"og:image:type\" content=\"image\/png\" \/>\n<meta name=\"twitter:card\" content=\"summary_large_image\" \/>\n<meta name=\"twitter:label1\" content=\"Geschatte leestijd\" \/>\n\t<meta name=\"twitter:data1\" content=\"1 minuut\" \/>\n<script type=\"application\/ld+json\" class=\"yoast-schema-graph\">{\"@context\":\"https:\\\/\\\/schema.org\",\"@graph\":[{\"@type\":\"WebPage\",\"@id\":\"https:\\\/\\\/mysouldrops.eu\\\/termek\\\/souldrops-baby-drop-hipoallergen-szenzitiv-mosogel-babaruhakhoz\\\/\",\"url\":\"https:\\\/\\\/mysouldrops.eu\\\/termek\\\/souldrops-baby-drop-hipoallergen-szenzitiv-mosogel-babaruhakhoz\\\/\",\"name\":\"Souldrops baby drop hipoallerg\u00e9n-szenzit\u00edv mos\u00f3g\u00e9l babaruh\u00e1khoz (1000 ml) - Souldrops International\",\"isPartOf\":{\"@id\":\"https:\\\/\\\/mysouldrops.eu\\\/#website\"},\"primaryImageOfPage\":{\"@id\":\"https:\\\/\\\/mysouldrops.eu\\\/termek\\\/souldrops-baby-drop-hipoallergen-szenzitiv-mosogel-babaruhakhoz\\\/#primaryimage\"},\"image\":{\"@id\":\"https:\\\/\\\/mysouldrops.eu\\\/termek\\\/souldrops-baby-drop-hipoallergen-szenzitiv-mosogel-babaruhakhoz\\\/#primaryimage\"},\"thumbnailUrl\":\"https:\\\/\\\/mysouldrops.eu\\\/wp-content\\\/uploads\\\/2025\\\/06\\\/BG10_REG_-F-PAN636_SZ-PAN2736-_NINV_v4.png\",\"datePublished\":\"2025-07-04T12:23:26+00:00\",\"dateModified\":\"2025-12-01T09:52:31+00:00\",\"description\":\"Hat\u00e9kony, n\u00f6v\u00e9nyi alap\u00fa mosogat\u00f3szer 750\u202fml kiszerel\u00e9sben \u2013 k\u0151olajmentes, biol\u00f3giailag leboml\u00f3 \u00e9s \u00e1llatk\u00eds\u00e9rlet-mentes formula, diszkr\u00e9t, z\u00f6ld tea illattal, amely megtartja a k\u00f6rnyezetbar\u00e1t mosogat\u00e1s \u00e9lm\u00e9ny\u00e9t.\",\"breadcrumb\":{\"@id\":\"https:\\\/\\\/mysouldrops.eu\\\/termek\\\/souldrops-baby-drop-hipoallergen-szenzitiv-mosogel-babaruhakhoz\\\/#breadcrumb\"},\"inLanguage\":\"nl-NL\",\"potentialAction\":[{\"@type\":\"ReadAction\",\"target\":[\"https:\\\/\\\/mysouldrops.eu\\\/termek\\\/souldrops-baby-drop-hipoallergen-szenzitiv-mosogel-babaruhakhoz\\\/\"]}]},{\"@type\":\"ImageObject\",\"inLanguage\":\"nl-NL\",\"@id\":\"https:\\\/\\\/mysouldrops.eu\\\/termek\\\/souldrops-baby-drop-hipoallergen-szenzitiv-mosogel-babaruhakhoz\\\/#primaryimage\",\"url\":\"https:\\\/\\\/mysouldrops.eu\\\/wp-content\\\/uploads\\\/2025\\\/06\\\/BG10_REG_-F-PAN636_SZ-PAN2736-_NINV_v4.png\",\"contentUrl\":\"https:\\\/\\\/mysouldrops.eu\\\/wp-content\\\/uploads\\\/2025\\\/06\\\/BG10_REG_-F-PAN636_SZ-PAN2736-_NINV_v4.png\",\"width\":2000,\"height\":2000},{\"@type\":\"BreadcrumbList\",\"@id\":\"https:\\\/\\\/mysouldrops.eu\\\/termek\\\/souldrops-baby-drop-hipoallergen-szenzitiv-mosogel-babaruhakhoz\\\/#breadcrumb\",\"itemListElement\":[{\"@type\":\"ListItem\",\"position\":1,\"name\":\"Kezd\u0151lap\",\"item\":\"https:\\\/\\\/mysouldrops.eu\\\/\"},{\"@type\":\"ListItem\",\"position\":2,\"name\":\"Shop\",\"item\":\"https:\\\/\\\/mysouldrops.eu\\\/uzlet\\\/\"},{\"@type\":\"ListItem\",\"position\":3,\"name\":\"Souldrops baby drop hipoallerg\u00e9n-szenzit\u00edv mos\u00f3g\u00e9l babaruh\u00e1khoz (1000 ml)\"}]},{\"@type\":\"WebSite\",\"@id\":\"https:\\\/\\\/mysouldrops.eu\\\/#website\",\"url\":\"https:\\\/\\\/mysouldrops.eu\\\/\",\"name\":\"Souldrops International\",\"description\":\"A Souldrops egy k\u00f6rnyezettudatos tiszt\u00edt\u00f3szerm\u00e1rka, amely term\u00e9szetes \u00f6sszetev\u0151kkel \u00e9s st\u00edlusos szeml\u00e9lettel teszi tiszt\u00e1bb\u00e1 a vil\u00e1got \u2013 k\u00edv\u00fcl \u00e9s bel\u00fcl\",\"potentialAction\":[{\"@type\":\"SearchAction\",\"target\":{\"@type\":\"EntryPoint\",\"urlTemplate\":\"https:\\\/\\\/mysouldrops.eu\\\/?s={search_term_string}\"},\"query-input\":{\"@type\":\"PropertyValueSpecification\",\"valueRequired\":true,\"valueName\":\"search_term_string\"}}],\"inLanguage\":\"nl-NL\"}]}<\/script>\n<!-- \/ Yoast SEO plugin. -->","yoast_head_json":{"title":"Souldrops babydrop hypoallergeen-gevoelige wasgel voor babykleertjes (1000 ml) - Souldrops Nederland","description":"Een effectief afwasmiddel op plantaardige basis in 750 ml - een formule zonder petroleum, biologisch afbreekbaar en niet getest op dieren met een discrete geur van groene thee die zorgt voor een milieuvriendelijke afwaservaring.","robots":{"index":"index","follow":"follow","max-snippet":"max-snippet:-1","max-image-preview":"max-image-preview:large","max-video-preview":"max-video-preview:-1"},"canonical":"https:\/\/mysouldrops.eu\/nl\/product\/souldrops-baby-druppel-hypoallergene-gevoelige-wasgel-voor-babykleertjes\/","og_locale":"nl_NL","og_type":"article","og_title":"Souldrops baby drop hipoallerg\u00e9n-szenzit\u00edv mos\u00f3g\u00e9l babaruh\u00e1khoz (1000 ml) - Souldrops International","og_description":"Hat\u00e9kony, n\u00f6v\u00e9nyi alap\u00fa mosogat\u00f3szer 750\u202fml kiszerel\u00e9sben \u2013 k\u0151olajmentes, biol\u00f3giailag leboml\u00f3 \u00e9s \u00e1llatk\u00eds\u00e9rlet-mentes formula, diszkr\u00e9t, z\u00f6ld tea illattal, amely megtartja a k\u00f6rnyezetbar\u00e1t mosogat\u00e1s \u00e9lm\u00e9ny\u00e9t.","og_url":"https:\/\/mysouldrops.eu\/nl\/product\/souldrops-baby-druppel-hypoallergene-gevoelige-wasgel-voor-babykleertjes\/","og_site_name":"Souldrops International","article_modified_time":"2025-12-01T09:52:31+00:00","og_image":[{"width":2000,"height":2000,"url":"https:\/\/mysouldrops.eu\/wp-content\/uploads\/2025\/06\/BG10_REG_-F-PAN636_SZ-PAN2736-_NINV_v4.png","type":"image\/png"}],"twitter_card":"summary_large_image","twitter_misc":{"Geschatte leestijd":"1 minuut"},"schema":{"@context":"https:\/\/schema.org","@graph":[{"@type":"WebPage","@id":"https:\/\/mysouldrops.eu\/termek\/souldrops-baby-drop-hipoallergen-szenzitiv-mosogel-babaruhakhoz\/","url":"https:\/\/mysouldrops.eu\/termek\/souldrops-baby-drop-hipoallergen-szenzitiv-mosogel-babaruhakhoz\/","name":"Souldrops babydrop hypoallergeen-gevoelige wasgel voor babykleertjes (1000 ml) - Souldrops Nederland","isPartOf":{"@id":"https:\/\/mysouldrops.eu\/#website"},"primaryImageOfPage":{"@id":"https:\/\/mysouldrops.eu\/termek\/souldrops-baby-drop-hipoallergen-szenzitiv-mosogel-babaruhakhoz\/#primaryimage"},"image":{"@id":"https:\/\/mysouldrops.eu\/termek\/souldrops-baby-drop-hipoallergen-szenzitiv-mosogel-babaruhakhoz\/#primaryimage"},"thumbnailUrl":"https:\/\/mysouldrops.eu\/wp-content\/uploads\/2025\/06\/BG10_REG_-F-PAN636_SZ-PAN2736-_NINV_v4.png","datePublished":"2025-07-04T12:23:26+00:00","dateModified":"2025-12-01T09:52:31+00:00","description":"Een effectief afwasmiddel op plantaardige basis in 750 ml - een formule zonder petroleum, biologisch afbreekbaar en niet getest op dieren met een discrete geur van groene thee die zorgt voor een milieuvriendelijke afwaservaring.","breadcrumb":{"@id":"https:\/\/mysouldrops.eu\/termek\/souldrops-baby-drop-hipoallergen-szenzitiv-mosogel-babaruhakhoz\/#breadcrumb"},"inLanguage":"nl-NL","potentialAction":[{"@type":"ReadAction","target":["https:\/\/mysouldrops.eu\/termek\/souldrops-baby-drop-hipoallergen-szenzitiv-mosogel-babaruhakhoz\/"]}]},{"@type":"ImageObject","inLanguage":"nl-NL","@id":"https:\/\/mysouldrops.eu\/termek\/souldrops-baby-drop-hipoallergen-szenzitiv-mosogel-babaruhakhoz\/#primaryimage","url":"https:\/\/mysouldrops.eu\/wp-content\/uploads\/2025\/06\/BG10_REG_-F-PAN636_SZ-PAN2736-_NINV_v4.png","contentUrl":"https:\/\/mysouldrops.eu\/wp-content\/uploads\/2025\/06\/BG10_REG_-F-PAN636_SZ-PAN2736-_NINV_v4.png","width":2000,"height":2000},{"@type":"BreadcrumbList","@id":"https:\/\/mysouldrops.eu\/termek\/souldrops-baby-drop-hipoallergen-szenzitiv-mosogel-babaruhakhoz\/#breadcrumb","itemListElement":[{"@type":"ListItem","position":1,"name":"Kezd\u0151lap","item":"https:\/\/mysouldrops.eu\/"},{"@type":"ListItem","position":2,"name":"Shop","item":"https:\/\/mysouldrops.eu\/uzlet\/"},{"@type":"ListItem","position":3,"name":"Souldrops baby drop hipoallerg\u00e9n-szenzit\u00edv mos\u00f3g\u00e9l babaruh\u00e1khoz (1000 ml)"}]},{"@type":"WebSite","@id":"https:\/\/mysouldrops.eu\/#website","url":"https:\/\/mysouldrops.eu\/","name":"Souldrops Internationaal","description":"Souldrops is een eco-bewust schoonmaakmerk dat natuurlijke ingredi\u00ebnten en een stijlvolle aanpak gebruikt om de wereld schoner te maken - van binnen en van buiten.","potentialAction":[{"@type":"SearchAction","target":{"@type":"EntryPoint","urlTemplate":"https:\/\/mysouldrops.eu\/?s={search_term_string}"},"query-input":{"@type":"PropertyValueSpecification","valueRequired":true,"valueName":"search_term_string"}}],"inLanguage":"nl-NL"}]}},"jetpack_likes_enabled":true,"jetpack_sharing_enabled":true,"_links":{"self":[{"href":"https:\/\/mysouldrops.eu\/nl\/wp-json\/wp\/v2\/product\/1007","targetHints":{"allow":["GET"]}}],"collection":[{"href":"https:\/\/mysouldrops.eu\/nl\/wp-json\/wp\/v2\/product"}],"about":[{"href":"https:\/\/mysouldrops.eu\/nl\/wp-json\/wp\/v2\/types\/product"}],"replies":[{"embeddable":true,"href":"https:\/\/mysouldrops.eu\/nl\/wp-json\/wp\/v2\/comments?post=1007"}],"wp:featuredmedia":[{"embeddable":true,"href":"https:\/\/mysouldrops.eu\/nl\/wp-json\/wp\/v2\/media\/82"}],"wp:attachment":[{"href":"https:\/\/mysouldrops.eu\/nl\/wp-json\/wp\/v2\/media?parent=1007"}],"wp:term":[{"taxonomy":"product_brand","embeddable":true,"href":"https:\/\/mysouldrops.eu\/nl\/wp-json\/wp\/v2\/product_brand?post=1007"},{"taxonomy":"product_cat","embeddable":true,"href":"https:\/\/mysouldrops.eu\/nl\/wp-json\/wp\/v2\/product_cat?post=1007"},{"taxonomy":"product_tag","embeddable":true,"href":"https:\/\/mysouldrops.eu\/nl\/wp-json\/wp\/v2\/product_tag?post=1007"}],"curies":[{"name":"wp","href":"https:\/\/api.w.org\/{rel}","templated":true}]}}