{"id":2019,"date":"2025-08-29T13:13:09","date_gmt":"2025-08-29T11:13:09","guid":{"rendered":"https:\/\/mysouldrops.eu\/?post_type=product&#038;p=2019"},"modified":"2026-02-25T09:34:04","modified_gmt":"2026-02-25T08:34:04","slug":"souldrops-esocsepp-oblito-2000-ml","status":"publish","type":"product","link":"https:\/\/mysouldrops.eu\/nl\/termek\/souldrops-esocsepp-oblito-2000-ml\/","title":{"rendered":"Souldrops Regendruppelspoeling (2000 ml)"},"content":{"rendered":"<p data-start=\"456\" data-end=\"535\"><strong data-start=\"456\" data-end=\"533\">Souldrops Regendruppelspoeling - Lentefrisheid en natuurlijke verzorging<\/strong><\/p>\n<p data-start=\"537\" data-end=\"879\">A <strong data-start=\"539\" data-end=\"568\">Souldrops Regendruppelspoeling<\/strong> brengt de verfrissende frisheid van een lentedouche in huis. De geurnoten weerspiegelen de harmonie van verse bloemen en schone lucht, verfrissen je zintuigen na elke wasbeurt en cre\u00ebren een energieke, aangename sfeer. Kleding ruikt niet alleen heerlijk, maar blijft ook zijdezacht aanvoelen.<\/p>\n<p data-start=\"881\" data-end=\"1179\">Deze spoeling <strong data-start=\"894\" data-end=\"943\">gemaakt van milieuvriendelijke, plantaardige ingredi\u00ebnten<\/strong> en bevat geen aardoliederivaten, parabenen of SLS. Het is dus zacht voor de stoffen, de huid en het milieu, waardoor het een ideale keuze is voor wie schone, zachte kleren wil maar ook duurzaam wil zijn.<\/p>\n<p data-start=\"1181\" data-end=\"1195\"><strong data-start=\"1181\" data-end=\"1193\">Voordelen:<\/strong><\/p>\n<ul data-start=\"1196\" data-end=\"1404\">\n<li data-start=\"1196\" data-end=\"1247\">\n<p data-start=\"1198\" data-end=\"1247\">Samenstelling van frisse bloemen en schone lucht<\/p>\n<\/li>\n<li data-start=\"1248\" data-end=\"1286\">\n<p data-start=\"1250\" data-end=\"1286\">Langdurige, frisse geur op kleding<\/p>\n<\/li>\n<li data-start=\"1287\" data-end=\"1333\">\n<p data-start=\"1289\" data-end=\"1333\">Geeft textiel een zacht, aangenaam gevoel<\/p>\n<\/li>\n<li data-start=\"1334\" data-end=\"1359\">\n<p data-start=\"1336\" data-end=\"1359\">Plantaardige formule<\/p>\n<\/li>\n<li data-start=\"1360\" data-end=\"1404\">\n<p data-start=\"1362\" data-end=\"1404\">Vrij van aardoliederivaten, parabenen en SLS<\/p>\n<\/li>\n<\/ul>\n<p>&nbsp;<\/p>\n<div class=\"_tableContainer_16hzy_1\">\n<div class=\"_tableWrapper_16hzy_14 group flex w-fit flex-col-reverse\" tabindex=\"-1\">\n<table class=\"w-fit min-w-(--thread-content-width)\" data-start=\"212\" data-end=\"619\">\n<thead data-start=\"212\" data-end=\"291\">\n<tr data-start=\"212\" data-end=\"291\">\n<th data-start=\"212\" data-end=\"235\" data-col-size=\"sm\">Hoe te gebruiken<\/th>\n<th data-start=\"235\" data-end=\"266\" data-col-size=\"sm\">Hoeveelheid kleding \/ Hoeveelheid water<\/th>\n<th data-start=\"266\" data-end=\"291\" data-col-size=\"sm\">Aanbevolen dosering<\/th>\n<\/tr>\n<\/thead>\n<tbody data-start=\"374\" data-end=\"619\">\n<tr data-start=\"374\" data-end=\"455\">\n<td data-start=\"374\" data-end=\"397\" data-col-size=\"sm\"><strong data-start=\"376\" data-end=\"390\">Wassen in de wasmachine<\/strong><\/td>\n<td data-col-size=\"sm\" data-start=\"397\" data-end=\"429\">voor 4-5 kg kleding<\/td>\n<td data-col-size=\"sm\" data-start=\"429\" data-end=\"455\">1-2 capsules (25-50 ml)<\/td>\n<\/tr>\n<tr data-start=\"456\" data-end=\"537\">\n<td data-start=\"456\" data-end=\"479\" data-col-size=\"sm\"><strong data-start=\"458\" data-end=\"472\">Wassen in de wasmachine<\/strong><\/td>\n<td data-col-size=\"sm\" data-start=\"479\" data-end=\"511\">voor 7-9 kg kleding<\/td>\n<td data-col-size=\"sm\" data-start=\"511\" data-end=\"537\">3-4 capsules (75-100 ml)<\/td>\n<\/tr>\n<tr data-start=\"538\" data-end=\"619\">\n<td data-start=\"538\" data-end=\"561\" data-col-size=\"sm\"><strong data-start=\"540\" data-end=\"554\">Handen wassen<\/strong><\/td>\n<td data-col-size=\"sm\" data-start=\"561\" data-end=\"593\">10 l water<\/td>\n<td data-col-size=\"sm\" data-start=\"593\" data-end=\"619\">2 capsules (50 ml)<\/td>\n<\/tr>\n<\/tbody>\n<\/table>\n<\/div>\n<\/div>\n<p>&nbsp;<\/p>\n<p>A <strong data-start=\"1496\" data-end=\"1525\">Souldrops Regendruppelspoeling<\/strong> de perfecte keuze voor een harmonie van frisheid, zachtheid en milieubewustzijn.<\/p>","protected":false},"excerpt":{"rendered":"<p>Een frisse geur die doet denken aan een lentedouche die kleding verfrist en zacht maakt. A <strong data-start=\"264\" data-end=\"293\">Souldrops Regendruppelspoeling<\/strong> Op plantaardige basis, vrij van petroleum, parabenen en SLS, dus vriendelijk voor huid en milieu.<\/p>","protected":false},"featured_media":3098,"comment_status":"open","ping_status":"closed","template":"","meta":[],"product_brand":[1377],"product_cat":[1382],"product_tag":[1503,1496,1454,1446,1502,1471,1445,1470,1456,1474,1505,1506,1501,1465,1473,1504,1497,1447,1468,1439,1500,1499,1466],"class_list":{"0":"post-2019","1":"product","2":"type-product","3":"status-publish","4":"has-post-thumbnail","6":"product_brand-souldrops","7":"product_cat-oblito","8":"product_tag-1000ml","9":"product_tag-allergiabarat","10":"product_tag-erzekeny-borre","11":"product_tag-oblito","12":"product_tag-oko-textiloblito","13":"product_tag-okohatekony","14":"product_tag-balzsamcsepp","15":"product_tag-borbarat","16":"product_tag-esocsepp","17":"product_tag-foszfatmentes","18":"product_tag-friss-illat","19":"product_tag-gyenged-oblito","20":"product_tag-illatos-oblito","21":"product_tag-kornyezetbarat","22":"product_tag-klormentes","23":"product_tag-lagy-ruhak","24":"product_tag-magyar-termek","25":"product_tag-sensitive","26":"product_tag-sls-mentes","27":"product_tag-souldrops","28":"product_tag-termeszetes-osszetevok","29":"product_tag-textiloblito","30":"product_tag-vegan-termek","32":"first","33":"instock","34":"taxable","35":"shipping-taxable","36":"product-type-simple"},"yoast_head":"<!-- This site is optimized with the Yoast SEO plugin v27.4 - https:\/\/yoast.com\/product\/yoast-seo-wordpress\/ -->\n<title>Souldrops Es\u0151csepp \u00d6bl\u00edt\u0151 (2000 ml) - Souldrops International<\/title>\n<meta name=\"description\" content=\"K\u00edm\u00e9letes, szenzit\u00edv textil\u00f6bl\u00edt\u0151, 1\u202f000\u202fml kiszerel\u00e9sben, amely puh\u00e1v\u00e1, antisztatikuss\u00e1 var\u00e1zsolja a ruh\u00e1kat, mik\u00f6zben hosszan tart\u00f3, diszkr\u00e9t illatot k\u00f6lcs\u00f6n\u00f6z.\" \/>\n<meta name=\"robots\" content=\"index, follow, max-snippet:-1, max-image-preview:large, max-video-preview:-1\" \/>\n<link rel=\"canonical\" href=\"https:\/\/mysouldrops.eu\/nl\/product\/souldrops-esocsepp-oblito-2000-ml\/\" \/>\n<meta property=\"og:locale\" content=\"nl_NL\" \/>\n<meta property=\"og:type\" content=\"article\" \/>\n<meta property=\"og:title\" content=\"Souldrops Es\u0151csepp \u00d6bl\u00edt\u0151 (2000 ml) - Souldrops International\" \/>\n<meta property=\"og:description\" content=\"K\u00edm\u00e9letes, szenzit\u00edv textil\u00f6bl\u00edt\u0151, 1\u202f000\u202fml kiszerel\u00e9sben, amely puh\u00e1v\u00e1, antisztatikuss\u00e1 var\u00e1zsolja a ruh\u00e1kat, mik\u00f6zben hosszan tart\u00f3, diszkr\u00e9t illatot k\u00f6lcs\u00f6n\u00f6z.\" \/>\n<meta property=\"og:url\" content=\"https:\/\/mysouldrops.eu\/nl\/product\/souldrops-esocsepp-oblito-2000-ml\/\" \/>\n<meta property=\"og:site_name\" content=\"Souldrops International\" \/>\n<meta property=\"article:modified_time\" content=\"2026-02-25T08:34:04+00:00\" \/>\n<meta property=\"og:image\" content=\"https:\/\/mysouldrops.eu\/wp-content\/uploads\/2026\/02\/E20_EN_REG_F-PAN636_SZ-PAN2736_NINV_v4.png\" \/>\n\t<meta property=\"og:image:width\" content=\"3425\" \/>\n\t<meta property=\"og:image:height\" content=\"3425\" \/>\n\t<meta property=\"og:image:type\" content=\"image\/png\" \/>\n<meta name=\"twitter:card\" content=\"summary_large_image\" \/>\n<meta name=\"twitter:label1\" content=\"Geschatte leestijd\" \/>\n\t<meta name=\"twitter:data1\" content=\"1 minuut\" \/>\n<script type=\"application\/ld+json\" class=\"yoast-schema-graph\">{\"@context\":\"https:\\\/\\\/schema.org\",\"@graph\":[{\"@type\":\"WebPage\",\"@id\":\"https:\\\/\\\/mysouldrops.eu\\\/termek\\\/souldrops-esocsepp-oblito-2000-ml\\\/\",\"url\":\"https:\\\/\\\/mysouldrops.eu\\\/termek\\\/souldrops-esocsepp-oblito-2000-ml\\\/\",\"name\":\"Souldrops Es\u0151csepp \u00d6bl\u00edt\u0151 (2000 ml) - Souldrops International\",\"isPartOf\":{\"@id\":\"https:\\\/\\\/mysouldrops.eu\\\/#website\"},\"primaryImageOfPage\":{\"@id\":\"https:\\\/\\\/mysouldrops.eu\\\/termek\\\/souldrops-esocsepp-oblito-2000-ml\\\/#primaryimage\"},\"image\":{\"@id\":\"https:\\\/\\\/mysouldrops.eu\\\/termek\\\/souldrops-esocsepp-oblito-2000-ml\\\/#primaryimage\"},\"thumbnailUrl\":\"https:\\\/\\\/mysouldrops.eu\\\/wp-content\\\/uploads\\\/2026\\\/02\\\/E20_EN_REG_F-PAN636_SZ-PAN2736_NINV_v4.png\",\"datePublished\":\"2025-08-29T11:13:09+00:00\",\"dateModified\":\"2026-02-25T08:34:04+00:00\",\"description\":\"K\u00edm\u00e9letes, szenzit\u00edv textil\u00f6bl\u00edt\u0151, 1\u202f000\u202fml kiszerel\u00e9sben, amely puh\u00e1v\u00e1, antisztatikuss\u00e1 var\u00e1zsolja a ruh\u00e1kat, mik\u00f6zben hosszan tart\u00f3, diszkr\u00e9t illatot k\u00f6lcs\u00f6n\u00f6z.\",\"breadcrumb\":{\"@id\":\"https:\\\/\\\/mysouldrops.eu\\\/termek\\\/souldrops-esocsepp-oblito-2000-ml\\\/#breadcrumb\"},\"inLanguage\":\"nl-NL\",\"potentialAction\":[{\"@type\":\"ReadAction\",\"target\":[\"https:\\\/\\\/mysouldrops.eu\\\/termek\\\/souldrops-esocsepp-oblito-2000-ml\\\/\"]}]},{\"@type\":\"ImageObject\",\"inLanguage\":\"nl-NL\",\"@id\":\"https:\\\/\\\/mysouldrops.eu\\\/termek\\\/souldrops-esocsepp-oblito-2000-ml\\\/#primaryimage\",\"url\":\"https:\\\/\\\/mysouldrops.eu\\\/wp-content\\\/uploads\\\/2026\\\/02\\\/E20_EN_REG_F-PAN636_SZ-PAN2736_NINV_v4.png\",\"contentUrl\":\"https:\\\/\\\/mysouldrops.eu\\\/wp-content\\\/uploads\\\/2026\\\/02\\\/E20_EN_REG_F-PAN636_SZ-PAN2736_NINV_v4.png\",\"width\":3425,\"height\":3425},{\"@type\":\"BreadcrumbList\",\"@id\":\"https:\\\/\\\/mysouldrops.eu\\\/termek\\\/souldrops-esocsepp-oblito-2000-ml\\\/#breadcrumb\",\"itemListElement\":[{\"@type\":\"ListItem\",\"position\":1,\"name\":\"Kezd\u0151lap\",\"item\":\"https:\\\/\\\/mysouldrops.eu\\\/\"},{\"@type\":\"ListItem\",\"position\":2,\"name\":\"Shop\",\"item\":\"https:\\\/\\\/mysouldrops.eu\\\/uzlet\\\/\"},{\"@type\":\"ListItem\",\"position\":3,\"name\":\"Souldrops Es\u0151csepp \u00d6bl\u00edt\u0151 (2000 ml)\"}]},{\"@type\":\"WebSite\",\"@id\":\"https:\\\/\\\/mysouldrops.eu\\\/#website\",\"url\":\"https:\\\/\\\/mysouldrops.eu\\\/\",\"name\":\"Souldrops International\",\"description\":\"A Souldrops egy k\u00f6rnyezettudatos tiszt\u00edt\u00f3szerm\u00e1rka, amely term\u00e9szetes \u00f6sszetev\u0151kkel \u00e9s st\u00edlusos szeml\u00e9lettel teszi tiszt\u00e1bb\u00e1 a vil\u00e1got \u2013 k\u00edv\u00fcl \u00e9s bel\u00fcl\",\"potentialAction\":[{\"@type\":\"SearchAction\",\"target\":{\"@type\":\"EntryPoint\",\"urlTemplate\":\"https:\\\/\\\/mysouldrops.eu\\\/?s={search_term_string}\"},\"query-input\":{\"@type\":\"PropertyValueSpecification\",\"valueRequired\":true,\"valueName\":\"search_term_string\"}}],\"inLanguage\":\"nl-NL\"}]}<\/script>\n<!-- \/ Yoast SEO plugin. -->","yoast_head_json":{"title":"Souldrops Regendruppelspoeling (2000 ml) - Souldrops Nederland","description":"Zachte, gevoelige wasspoeling in 1000 ml, die kleding zacht en antistatisch maakt en een langdurige, discrete geur achterlaat.","robots":{"index":"index","follow":"follow","max-snippet":"max-snippet:-1","max-image-preview":"max-image-preview:large","max-video-preview":"max-video-preview:-1"},"canonical":"https:\/\/mysouldrops.eu\/nl\/product\/souldrops-esocsepp-oblito-2000-ml\/","og_locale":"nl_NL","og_type":"article","og_title":"Souldrops Es\u0151csepp \u00d6bl\u00edt\u0151 (2000 ml) - Souldrops International","og_description":"K\u00edm\u00e9letes, szenzit\u00edv textil\u00f6bl\u00edt\u0151, 1\u202f000\u202fml kiszerel\u00e9sben, amely puh\u00e1v\u00e1, antisztatikuss\u00e1 var\u00e1zsolja a ruh\u00e1kat, mik\u00f6zben hosszan tart\u00f3, diszkr\u00e9t illatot k\u00f6lcs\u00f6n\u00f6z.","og_url":"https:\/\/mysouldrops.eu\/nl\/product\/souldrops-esocsepp-oblito-2000-ml\/","og_site_name":"Souldrops International","article_modified_time":"2026-02-25T08:34:04+00:00","og_image":[{"width":3425,"height":3425,"url":"https:\/\/mysouldrops.eu\/wp-content\/uploads\/2026\/02\/E20_EN_REG_F-PAN636_SZ-PAN2736_NINV_v4.png","type":"image\/png"}],"twitter_card":"summary_large_image","twitter_misc":{"Geschatte leestijd":"1 minuut"},"schema":{"@context":"https:\/\/schema.org","@graph":[{"@type":"WebPage","@id":"https:\/\/mysouldrops.eu\/termek\/souldrops-esocsepp-oblito-2000-ml\/","url":"https:\/\/mysouldrops.eu\/termek\/souldrops-esocsepp-oblito-2000-ml\/","name":"Souldrops Regendruppelspoeling (2000 ml) - Souldrops Nederland","isPartOf":{"@id":"https:\/\/mysouldrops.eu\/#website"},"primaryImageOfPage":{"@id":"https:\/\/mysouldrops.eu\/termek\/souldrops-esocsepp-oblito-2000-ml\/#primaryimage"},"image":{"@id":"https:\/\/mysouldrops.eu\/termek\/souldrops-esocsepp-oblito-2000-ml\/#primaryimage"},"thumbnailUrl":"https:\/\/mysouldrops.eu\/wp-content\/uploads\/2026\/02\/E20_EN_REG_F-PAN636_SZ-PAN2736_NINV_v4.png","datePublished":"2025-08-29T11:13:09+00:00","dateModified":"2026-02-25T08:34:04+00:00","description":"Zachte, gevoelige wasspoeling in 1000 ml, die kleding zacht en antistatisch maakt en een langdurige, discrete geur achterlaat.","breadcrumb":{"@id":"https:\/\/mysouldrops.eu\/termek\/souldrops-esocsepp-oblito-2000-ml\/#breadcrumb"},"inLanguage":"nl-NL","potentialAction":[{"@type":"ReadAction","target":["https:\/\/mysouldrops.eu\/termek\/souldrops-esocsepp-oblito-2000-ml\/"]}]},{"@type":"ImageObject","inLanguage":"nl-NL","@id":"https:\/\/mysouldrops.eu\/termek\/souldrops-esocsepp-oblito-2000-ml\/#primaryimage","url":"https:\/\/mysouldrops.eu\/wp-content\/uploads\/2026\/02\/E20_EN_REG_F-PAN636_SZ-PAN2736_NINV_v4.png","contentUrl":"https:\/\/mysouldrops.eu\/wp-content\/uploads\/2026\/02\/E20_EN_REG_F-PAN636_SZ-PAN2736_NINV_v4.png","width":3425,"height":3425},{"@type":"BreadcrumbList","@id":"https:\/\/mysouldrops.eu\/termek\/souldrops-esocsepp-oblito-2000-ml\/#breadcrumb","itemListElement":[{"@type":"ListItem","position":1,"name":"Kezd\u0151lap","item":"https:\/\/mysouldrops.eu\/"},{"@type":"ListItem","position":2,"name":"Shop","item":"https:\/\/mysouldrops.eu\/uzlet\/"},{"@type":"ListItem","position":3,"name":"Souldrops Es\u0151csepp \u00d6bl\u00edt\u0151 (2000 ml)"}]},{"@type":"WebSite","@id":"https:\/\/mysouldrops.eu\/#website","url":"https:\/\/mysouldrops.eu\/","name":"Souldrops Internationaal","description":"Souldrops is een eco-bewust schoonmaakmerk dat natuurlijke ingredi\u00ebnten en een stijlvolle aanpak gebruikt om de wereld schoner te maken - van binnen en van buiten.","potentialAction":[{"@type":"SearchAction","target":{"@type":"EntryPoint","urlTemplate":"https:\/\/mysouldrops.eu\/?s={search_term_string}"},"query-input":{"@type":"PropertyValueSpecification","valueRequired":true,"valueName":"search_term_string"}}],"inLanguage":"nl-NL"}]}},"jetpack_likes_enabled":true,"jetpack_sharing_enabled":true,"_links":{"self":[{"href":"https:\/\/mysouldrops.eu\/nl\/wp-json\/wp\/v2\/product\/2019","targetHints":{"allow":["GET"]}}],"collection":[{"href":"https:\/\/mysouldrops.eu\/nl\/wp-json\/wp\/v2\/product"}],"about":[{"href":"https:\/\/mysouldrops.eu\/nl\/wp-json\/wp\/v2\/types\/product"}],"replies":[{"embeddable":true,"href":"https:\/\/mysouldrops.eu\/nl\/wp-json\/wp\/v2\/comments?post=2019"}],"wp:featuredmedia":[{"embeddable":true,"href":"https:\/\/mysouldrops.eu\/nl\/wp-json\/wp\/v2\/media\/3098"}],"wp:attachment":[{"href":"https:\/\/mysouldrops.eu\/nl\/wp-json\/wp\/v2\/media?parent=2019"}],"wp:term":[{"taxonomy":"product_brand","embeddable":true,"href":"https:\/\/mysouldrops.eu\/nl\/wp-json\/wp\/v2\/product_brand?post=2019"},{"taxonomy":"product_cat","embeddable":true,"href":"https:\/\/mysouldrops.eu\/nl\/wp-json\/wp\/v2\/product_cat?post=2019"},{"taxonomy":"product_tag","embeddable":true,"href":"https:\/\/mysouldrops.eu\/nl\/wp-json\/wp\/v2\/product_tag?post=2019"}],"curies":[{"name":"wp","href":"https:\/\/api.w.org\/{rel}","templated":true}]}}