{"id":2174,"date":"2025-09-08T13:10:17","date_gmt":"2025-09-08T11:10:17","guid":{"rendered":"https:\/\/mysouldrops.eu\/?post_type=product&#038;p=2174"},"modified":"2026-02-25T09:32:58","modified_gmt":"2026-02-25T08:32:58","slug":"souldrops-sea-drip-universele-wasgel-1300-ml","status":"publish","type":"product","link":"https:\/\/mysouldrops.eu\/nl\/termek\/souldrops-tengercsepp-univerzalis-mosogel-1300-ml\/","title":{"rendered":"Souldrops Zeedruppels Universele Wasgel (1300 ml)"},"content":{"rendered":"<p data-start=\"557\" data-end=\"853\">A <strong data-start=\"559\" data-end=\"592\">Souldrops Tengercsepp mos\u00f3g\u00e9l<\/strong> illata a frissess\u00e9g \u00e9s a tisztas\u00e1g \u00e9rz\u00e9s\u00e9t id\u00e9zi, mintha egy hegyi szell\u0151 vagy a tengerparti leveg\u0151 friss\u00edten\u00e9 fel \u00e9rz\u00e9keinket. A tengeri leveg\u0151re eml\u00e9keztet\u0151, \u00fcde illatjegyek revitaliz\u00e1l\u00f3 hat\u00e1st keltenek, \u00e9s hosszan megmaradnak a ruh\u00e1kon, minden mos\u00e1s ut\u00e1n.<\/p>\n<p data-start=\"855\" data-end=\"1131\">Ez a mos\u00f3g\u00e9l nemcsak hat\u00e9konyan t\u00e1vol\u00edtja el a szennyez\u0151d\u00e9seket, hanem <strong data-start=\"926\" data-end=\"950\">k\u00f6rnyezetbar\u00e1t m\u00f3don<\/strong> teszi mindezt. N\u00f6v\u00e9nyi eredet\u0171 \u00f6sszetev\u0151kkel k\u00e9sz\u00fcl, \u00e9s mentes a k\u0151olajsz\u00e1rmaz\u00e9kokt\u00f3l, parab\u00e9nekt\u0151l \u00e9s SLS-t\u0151l, \u00edgy k\u00edm\u00e9letes a text\u00edli\u00e1khoz, a b\u0151rh\u00f6z \u00e9s a term\u00e9szethez egyar\u00e1nt.<\/p>\n<p data-start=\"1133\" data-end=\"1147\"><strong data-start=\"1133\" data-end=\"1145\">El\u0151ny\u00f6k:<\/strong><\/p>\n<ul data-start=\"1148\" data-end=\"1369\">\n<li data-start=\"1148\" data-end=\"1202\">\n<p data-start=\"1150\" data-end=\"1202\">Friss, tengeri leveg\u0151s illat a tisztas\u00e1g \u00e9rzet\u00e9\u00e9rt<\/p>\n<\/li>\n<li data-start=\"1203\" data-end=\"1241\">\n<p data-start=\"1205\" data-end=\"1241\">Hosszan tart\u00f3 frissess\u00e9g a ruh\u00e1kon<\/p>\n<\/li>\n<li data-start=\"1242\" data-end=\"1283\">\n<p data-start=\"1244\" data-end=\"1283\">N\u00f6v\u00e9nyi alap\u00fa, k\u00f6rnyezetbar\u00e1t formula<\/p>\n<\/li>\n<li data-start=\"1284\" data-end=\"1328\">\n<p data-start=\"1286\" data-end=\"1328\">K\u0151olajsz\u00e1rmaz\u00e9k-, parab\u00e9n- \u00e9s SLS-mentes<\/p>\n<\/li>\n<li data-start=\"1329\" data-end=\"1369\">\n<p data-start=\"1331\" data-end=\"1369\">K\u00edm\u00e9letes a text\u00edli\u00e1khoz \u00e9s a b\u0151rh\u00f6z<\/p>\n<\/li>\n<\/ul>\n<div class=\"_tableContainer_16hzy_1\">\n<div class=\"_tableWrapper_16hzy_14 group flex w-fit flex-col-reverse\" tabindex=\"-1\">\n<table class=\"w-fit min-w-(--thread-content-width)\" data-start=\"641\" data-end=\"1379\">\n<thead data-start=\"641\" data-end=\"709\">\n<tr data-start=\"641\" data-end=\"709\">\n<th data-start=\"641\" data-end=\"662\" data-col-size=\"sm\">Mos\u00e1si mennyis\u00e9g<\/th>\n<th data-start=\"662\" data-end=\"677\" data-col-size=\"sm\">V\u00edzkem\u00e9nys\u00e9g<\/th>\n<th data-start=\"677\" data-end=\"694\" data-col-size=\"sm\">Szennyezetts\u00e9g<\/th>\n<th data-start=\"694\" data-end=\"709\" data-col-size=\"sm\">Adag (ml)<\/th>\n<\/tr>\n<\/thead>\n<tbody data-start=\"779\" data-end=\"1379\">\n<tr data-start=\"779\" data-end=\"880\">\n<td data-start=\"779\" data-end=\"833\" data-col-size=\"sm\"><span class=\"relative -mx-px my-[-0.2rem] rounded px-px py-[0.2rem] transition-colors duration-100 ease-in-out\">4\u20135\u202fkg<\/span><\/td>\n<td data-start=\"833\" data-end=\"848\" data-col-size=\"sm\">L\u00e1gy\/K\u00f6zepes<\/td>\n<td data-start=\"848\" data-end=\"865\" data-col-size=\"sm\">Norm\u00e1l<\/td>\n<td data-start=\"865\" data-end=\"880\" data-col-size=\"sm\">65\u202fml<\/td>\n<\/tr>\n<tr data-start=\"881\" data-end=\"982\">\n<td data-start=\"881\" data-end=\"935\" data-col-size=\"sm\"><span class=\"relative -mx-px my-[-0.2rem] rounded px-px py-[0.2rem] transition-colors duration-100 ease-in-out\">4\u20135\u202fkg<\/span><\/td>\n<td data-start=\"935\" data-end=\"950\" data-col-size=\"sm\">L\u00e1gy\/K\u00f6zepes<\/td>\n<td data-start=\"950\" data-end=\"967\" data-col-size=\"sm\">Er\u0151s<\/td>\n<td data-start=\"967\" data-end=\"982\" data-col-size=\"sm\">100\u202fml<\/td>\n<\/tr>\n<tr data-start=\"983\" data-end=\"1084\">\n<td data-start=\"983\" data-end=\"1037\" data-col-size=\"sm\"><span class=\"relative -mx-px my-[-0.2rem] rounded px-px py-[0.2rem] transition-colors duration-100 ease-in-out\">4\u20135\u202fkg<\/span><\/td>\n<td data-start=\"1037\" data-end=\"1052\" data-col-size=\"sm\">Kem\u00e9ny<\/td>\n<td data-start=\"1052\" data-end=\"1069\" data-col-size=\"sm\">Norm\u00e1l<\/td>\n<td data-start=\"1069\" data-end=\"1084\" data-col-size=\"sm\">75\u202fml<\/td>\n<\/tr>\n<tr data-start=\"1085\" data-end=\"1186\">\n<td data-start=\"1085\" data-end=\"1139\" data-col-size=\"sm\"><span class=\"relative -mx-px my-[-0.2rem] rounded px-px py-[0.2rem] transition-colors duration-100 ease-in-out\">4\u20135\u202fkg<\/span><\/td>\n<td data-start=\"1139\" data-end=\"1154\" data-col-size=\"sm\">Kem\u00e9ny<\/td>\n<td data-start=\"1154\" data-end=\"1171\" data-col-size=\"sm\">Er\u0151s<\/td>\n<td data-start=\"1171\" data-end=\"1186\" data-col-size=\"sm\">125\u202fml<\/td>\n<\/tr>\n<tr data-start=\"1187\" data-end=\"1288\">\n<td data-start=\"1187\" data-end=\"1241\" data-col-size=\"sm\"><span class=\"relative -mx-px my-[-0.2rem] rounded px-px py-[0.2rem] transition-colors duration-100 ease-in-out\">7\u20139\u202fkg<\/span><\/td>\n<td data-start=\"1241\" data-end=\"1256\" data-col-size=\"sm\">\u2013<\/td>\n<td data-start=\"1256\" data-end=\"1273\" data-col-size=\"sm\">\u2013<\/td>\n<td data-start=\"1273\" data-end=\"1288\" data-col-size=\"sm\">+25\u202fml<\/td>\n<\/tr>\n<tr data-start=\"1289\" data-end=\"1379\">\n<td data-start=\"1289\" data-end=\"1332\" data-col-size=\"sm\"><span class=\"relative -mx-px my-[-0.2rem] rounded px-px py-[0.2rem] transition-colors duration-100 ease-in-out\">K\u00e9zi mos\u00e1s (10\u202fl)<\/span><\/td>\n<td data-start=\"1332\" data-end=\"1347\" data-col-size=\"sm\">\u2013<\/td>\n<td data-start=\"1347\" data-end=\"1364\" data-col-size=\"sm\">\u2013<\/td>\n<td data-start=\"1364\" data-end=\"1379\" data-col-size=\"sm\">50\u202fml<\/td>\n<\/tr>\n<\/tbody>\n<\/table>\n<\/div>\n<\/div>\n<p>&nbsp;<\/p>\n<p>A <strong data-start=\"1472\" data-end=\"1505\">Souldrops Tengercsepp mos\u00f3g\u00e9l<\/strong> t\u00f6k\u00e9letes v\u00e1laszt\u00e1s, ha egyszerre v\u00e1gysz a ragyog\u00f3 tisztas\u00e1gra, a friss, \u00fcde illatra \u00e9s a k\u00f6rnyezettudatos mos\u00e1sra.<\/p>\n","protected":false},"excerpt":{"rendered":"<p>A <strong data-start=\"163\" data-end=\"196\">Souldrops Zeedruppels Wasgel<\/strong> Met zijn frisse zeeluchtgeur biedt het een schoon en revitaliserend gevoel. Een effectieve formule op plantaardige basis, vrij van petroleumderivaten, parabenen en SLS - voor stralend schone kleding en een schoner milieu.<\/p>","protected":false},"featured_media":3109,"comment_status":"open","ping_status":"closed","template":"","meta":[],"product_brand":[1377],"product_cat":[1378],"product_tag":[1494,1496,1454,1480,1471,1492,1493,1495,1474,1462,1491,1465,1473,1497,1498,1468,1439,1490,1464,1466],"class_list":{"0":"post-2174","1":"product","2":"type-product","3":"status-publish","4":"has-post-thumbnail","6":"product_brand-souldrops","7":"product_cat-mosogel","8":"product_tag-1300ml","9":"product_tag-allergiabarat","10":"product_tag-erzekeny-borre","11":"product_tag-erzekeny-textiliakhoz","12":"product_tag-okohatekony","13":"product_tag-bababarat","14":"product_tag-borbarat-mososzer","15":"product_tag-folyekony-mososzer","16":"product_tag-foszfatmentes","17":"product_tag-hipoallergen","18":"product_tag-illatmentes","19":"product_tag-kornyezetbarat","20":"product_tag-klormentes","21":"product_tag-magyar-termek","22":"product_tag-mososzer-erzekeny-borre","23":"product_tag-sls-mentes","24":"product_tag-souldrops","25":"product_tag-szenzitiv-mosogel","26":"product_tag-termeszetes-mososzer","27":"product_tag-vegan-termek","29":"first","30":"instock","31":"taxable","32":"shipping-taxable","33":"product-type-simple"},"yoast_head":"<!-- This site is optimized with the Yoast SEO plugin v27.4 - https:\/\/yoast.com\/product\/yoast-seo-wordpress\/ -->\n<title>Souldrops Tengercsepp Univerz\u00e1lis mos\u00f3g\u00e9l (1300 ml) - Souldrops International<\/title>\n<meta name=\"description\" content=\"Univerz\u00e1lis mos\u00f3g\u00e9l feh\u00e9r \u00e9s sz\u00ednes ruh\u00e1khoz \u2013 n\u00f6v\u00e9nyi eredet\u0171, k\u0151olajsz\u00e1rmaz\u00e9k-mentes, biol\u00f3giailag leboml\u00f3 \u00e9s \u00e1llatk\u00eds\u00e9rlet-mentes formula, m\u00e1r 20\u202f\u00b0C-on is hat\u00e9kony.\" \/>\n<meta name=\"robots\" content=\"index, follow, max-snippet:-1, max-image-preview:large, max-video-preview:-1\" \/>\n<link rel=\"canonical\" href=\"https:\/\/mysouldrops.eu\/nl\/product\/souldrops-sea-drip-universele-wasgel-1300-ml\/\" \/>\n<meta property=\"og:locale\" content=\"nl_NL\" \/>\n<meta property=\"og:type\" content=\"article\" \/>\n<meta property=\"og:title\" content=\"Souldrops Tengercsepp Univerz\u00e1lis mos\u00f3g\u00e9l (1300 ml) - Souldrops International\" \/>\n<meta property=\"og:description\" content=\"Univerz\u00e1lis mos\u00f3g\u00e9l feh\u00e9r \u00e9s sz\u00ednes ruh\u00e1khoz \u2013 n\u00f6v\u00e9nyi eredet\u0171, k\u0151olajsz\u00e1rmaz\u00e9k-mentes, biol\u00f3giailag leboml\u00f3 \u00e9s \u00e1llatk\u00eds\u00e9rlet-mentes formula, m\u00e1r 20\u202f\u00b0C-on is hat\u00e9kony.\" \/>\n<meta property=\"og:url\" content=\"https:\/\/mysouldrops.eu\/nl\/product\/souldrops-sea-drip-universele-wasgel-1300-ml\/\" \/>\n<meta property=\"og:site_name\" content=\"Souldrops International\" \/>\n<meta property=\"article:modified_time\" content=\"2026-02-25T08:32:58+00:00\" \/>\n<meta property=\"og:image\" content=\"https:\/\/mysouldrops.eu\/wp-content\/uploads\/2026\/02\/T13_EN_ECOLABEL_F-RAL6024_SZ-FEHER_INV_v9.png\" \/>\n\t<meta property=\"og:image:width\" content=\"2000\" \/>\n\t<meta property=\"og:image:height\" content=\"2000\" \/>\n\t<meta property=\"og:image:type\" content=\"image\/png\" \/>\n<meta name=\"twitter:card\" content=\"summary_large_image\" \/>\n<meta name=\"twitter:label1\" content=\"Geschatte leestijd\" \/>\n\t<meta name=\"twitter:data1\" content=\"1 minuut\" \/>\n<script type=\"application\/ld+json\" class=\"yoast-schema-graph\">{\"@context\":\"https:\\\/\\\/schema.org\",\"@graph\":[{\"@type\":\"WebPage\",\"@id\":\"https:\\\/\\\/mysouldrops.eu\\\/termek\\\/souldrops-tengercsepp-univerzalis-mosogel-1300-ml\\\/\",\"url\":\"https:\\\/\\\/mysouldrops.eu\\\/termek\\\/souldrops-tengercsepp-univerzalis-mosogel-1300-ml\\\/\",\"name\":\"Souldrops Tengercsepp Univerz\u00e1lis mos\u00f3g\u00e9l (1300 ml) - Souldrops International\",\"isPartOf\":{\"@id\":\"https:\\\/\\\/mysouldrops.eu\\\/#website\"},\"primaryImageOfPage\":{\"@id\":\"https:\\\/\\\/mysouldrops.eu\\\/termek\\\/souldrops-tengercsepp-univerzalis-mosogel-1300-ml\\\/#primaryimage\"},\"image\":{\"@id\":\"https:\\\/\\\/mysouldrops.eu\\\/termek\\\/souldrops-tengercsepp-univerzalis-mosogel-1300-ml\\\/#primaryimage\"},\"thumbnailUrl\":\"https:\\\/\\\/mysouldrops.eu\\\/wp-content\\\/uploads\\\/2026\\\/02\\\/T13_EN_ECOLABEL_F-RAL6024_SZ-FEHER_INV_v9.png\",\"datePublished\":\"2025-09-08T11:10:17+00:00\",\"dateModified\":\"2026-02-25T08:32:58+00:00\",\"description\":\"Univerz\u00e1lis mos\u00f3g\u00e9l feh\u00e9r \u00e9s sz\u00ednes ruh\u00e1khoz \u2013 n\u00f6v\u00e9nyi eredet\u0171, k\u0151olajsz\u00e1rmaz\u00e9k-mentes, biol\u00f3giailag leboml\u00f3 \u00e9s \u00e1llatk\u00eds\u00e9rlet-mentes formula, m\u00e1r 20\u202f\u00b0C-on is hat\u00e9kony.\",\"breadcrumb\":{\"@id\":\"https:\\\/\\\/mysouldrops.eu\\\/termek\\\/souldrops-tengercsepp-univerzalis-mosogel-1300-ml\\\/#breadcrumb\"},\"inLanguage\":\"nl-NL\",\"potentialAction\":[{\"@type\":\"ReadAction\",\"target\":[\"https:\\\/\\\/mysouldrops.eu\\\/termek\\\/souldrops-tengercsepp-univerzalis-mosogel-1300-ml\\\/\"]}]},{\"@type\":\"ImageObject\",\"inLanguage\":\"nl-NL\",\"@id\":\"https:\\\/\\\/mysouldrops.eu\\\/termek\\\/souldrops-tengercsepp-univerzalis-mosogel-1300-ml\\\/#primaryimage\",\"url\":\"https:\\\/\\\/mysouldrops.eu\\\/wp-content\\\/uploads\\\/2026\\\/02\\\/T13_EN_ECOLABEL_F-RAL6024_SZ-FEHER_INV_v9.png\",\"contentUrl\":\"https:\\\/\\\/mysouldrops.eu\\\/wp-content\\\/uploads\\\/2026\\\/02\\\/T13_EN_ECOLABEL_F-RAL6024_SZ-FEHER_INV_v9.png\",\"width\":2000,\"height\":2000},{\"@type\":\"BreadcrumbList\",\"@id\":\"https:\\\/\\\/mysouldrops.eu\\\/termek\\\/souldrops-tengercsepp-univerzalis-mosogel-1300-ml\\\/#breadcrumb\",\"itemListElement\":[{\"@type\":\"ListItem\",\"position\":1,\"name\":\"Kezd\u0151lap\",\"item\":\"https:\\\/\\\/mysouldrops.eu\\\/\"},{\"@type\":\"ListItem\",\"position\":2,\"name\":\"Shop\",\"item\":\"https:\\\/\\\/mysouldrops.eu\\\/uzlet\\\/\"},{\"@type\":\"ListItem\",\"position\":3,\"name\":\"Souldrops Tengercsepp Univerz\u00e1lis mos\u00f3g\u00e9l (1300 ml)\"}]},{\"@type\":\"WebSite\",\"@id\":\"https:\\\/\\\/mysouldrops.eu\\\/#website\",\"url\":\"https:\\\/\\\/mysouldrops.eu\\\/\",\"name\":\"Souldrops International\",\"description\":\"A Souldrops egy k\u00f6rnyezettudatos tiszt\u00edt\u00f3szerm\u00e1rka, amely term\u00e9szetes \u00f6sszetev\u0151kkel \u00e9s st\u00edlusos szeml\u00e9lettel teszi tiszt\u00e1bb\u00e1 a vil\u00e1got \u2013 k\u00edv\u00fcl \u00e9s bel\u00fcl\",\"potentialAction\":[{\"@type\":\"SearchAction\",\"target\":{\"@type\":\"EntryPoint\",\"urlTemplate\":\"https:\\\/\\\/mysouldrops.eu\\\/?s={search_term_string}\"},\"query-input\":{\"@type\":\"PropertyValueSpecification\",\"valueRequired\":true,\"valueName\":\"search_term_string\"}}],\"inLanguage\":\"nl-NL\"}]}<\/script>\n<!-- \/ Yoast SEO plugin. -->","yoast_head_json":{"title":"Souldrops Sea Drops Universele Wasgel (1300 ml) - Souldrops Nederland","description":"Universele wasgel voor witte en gekleurde kleding - plantaardige, van petroleum afgeleide, biologisch afbreekbare en niet op dieren geteste formule, effectief bij temperaturen tot 20\u00b0C.","robots":{"index":"index","follow":"follow","max-snippet":"max-snippet:-1","max-image-preview":"max-image-preview:large","max-video-preview":"max-video-preview:-1"},"canonical":"https:\/\/mysouldrops.eu\/nl\/product\/souldrops-sea-drip-universele-wasgel-1300-ml\/","og_locale":"nl_NL","og_type":"article","og_title":"Souldrops Tengercsepp Univerz\u00e1lis mos\u00f3g\u00e9l (1300 ml) - Souldrops International","og_description":"Univerz\u00e1lis mos\u00f3g\u00e9l feh\u00e9r \u00e9s sz\u00ednes ruh\u00e1khoz \u2013 n\u00f6v\u00e9nyi eredet\u0171, k\u0151olajsz\u00e1rmaz\u00e9k-mentes, biol\u00f3giailag leboml\u00f3 \u00e9s \u00e1llatk\u00eds\u00e9rlet-mentes formula, m\u00e1r 20\u202f\u00b0C-on is hat\u00e9kony.","og_url":"https:\/\/mysouldrops.eu\/nl\/product\/souldrops-sea-drip-universele-wasgel-1300-ml\/","og_site_name":"Souldrops International","article_modified_time":"2026-02-25T08:32:58+00:00","og_image":[{"width":2000,"height":2000,"url":"https:\/\/mysouldrops.eu\/wp-content\/uploads\/2026\/02\/T13_EN_ECOLABEL_F-RAL6024_SZ-FEHER_INV_v9.png","type":"image\/png"}],"twitter_card":"summary_large_image","twitter_misc":{"Geschatte leestijd":"1 minuut"},"schema":{"@context":"https:\/\/schema.org","@graph":[{"@type":"WebPage","@id":"https:\/\/mysouldrops.eu\/termek\/souldrops-tengercsepp-univerzalis-mosogel-1300-ml\/","url":"https:\/\/mysouldrops.eu\/termek\/souldrops-tengercsepp-univerzalis-mosogel-1300-ml\/","name":"Souldrops Sea Drops Universele Wasgel (1300 ml) - Souldrops Nederland","isPartOf":{"@id":"https:\/\/mysouldrops.eu\/#website"},"primaryImageOfPage":{"@id":"https:\/\/mysouldrops.eu\/termek\/souldrops-tengercsepp-univerzalis-mosogel-1300-ml\/#primaryimage"},"image":{"@id":"https:\/\/mysouldrops.eu\/termek\/souldrops-tengercsepp-univerzalis-mosogel-1300-ml\/#primaryimage"},"thumbnailUrl":"https:\/\/mysouldrops.eu\/wp-content\/uploads\/2026\/02\/T13_EN_ECOLABEL_F-RAL6024_SZ-FEHER_INV_v9.png","datePublished":"2025-09-08T11:10:17+00:00","dateModified":"2026-02-25T08:32:58+00:00","description":"Universele wasgel voor witte en gekleurde kleding - plantaardige, van petroleum afgeleide, biologisch afbreekbare en niet op dieren geteste formule, effectief bij temperaturen tot 20\u00b0C.","breadcrumb":{"@id":"https:\/\/mysouldrops.eu\/termek\/souldrops-tengercsepp-univerzalis-mosogel-1300-ml\/#breadcrumb"},"inLanguage":"nl-NL","potentialAction":[{"@type":"ReadAction","target":["https:\/\/mysouldrops.eu\/termek\/souldrops-tengercsepp-univerzalis-mosogel-1300-ml\/"]}]},{"@type":"ImageObject","inLanguage":"nl-NL","@id":"https:\/\/mysouldrops.eu\/termek\/souldrops-tengercsepp-univerzalis-mosogel-1300-ml\/#primaryimage","url":"https:\/\/mysouldrops.eu\/wp-content\/uploads\/2026\/02\/T13_EN_ECOLABEL_F-RAL6024_SZ-FEHER_INV_v9.png","contentUrl":"https:\/\/mysouldrops.eu\/wp-content\/uploads\/2026\/02\/T13_EN_ECOLABEL_F-RAL6024_SZ-FEHER_INV_v9.png","width":2000,"height":2000},{"@type":"BreadcrumbList","@id":"https:\/\/mysouldrops.eu\/termek\/souldrops-tengercsepp-univerzalis-mosogel-1300-ml\/#breadcrumb","itemListElement":[{"@type":"ListItem","position":1,"name":"Kezd\u0151lap","item":"https:\/\/mysouldrops.eu\/"},{"@type":"ListItem","position":2,"name":"Shop","item":"https:\/\/mysouldrops.eu\/uzlet\/"},{"@type":"ListItem","position":3,"name":"Souldrops Tengercsepp Univerz\u00e1lis mos\u00f3g\u00e9l (1300 ml)"}]},{"@type":"WebSite","@id":"https:\/\/mysouldrops.eu\/#website","url":"https:\/\/mysouldrops.eu\/","name":"Souldrops Internationaal","description":"Souldrops is een eco-bewust schoonmaakmerk dat natuurlijke ingredi\u00ebnten en een stijlvolle aanpak gebruikt om de wereld schoner te maken - van binnen en van buiten.","potentialAction":[{"@type":"SearchAction","target":{"@type":"EntryPoint","urlTemplate":"https:\/\/mysouldrops.eu\/?s={search_term_string}"},"query-input":{"@type":"PropertyValueSpecification","valueRequired":true,"valueName":"search_term_string"}}],"inLanguage":"nl-NL"}]}},"jetpack_likes_enabled":true,"jetpack_sharing_enabled":true,"_links":{"self":[{"href":"https:\/\/mysouldrops.eu\/nl\/wp-json\/wp\/v2\/product\/2174","targetHints":{"allow":["GET"]}}],"collection":[{"href":"https:\/\/mysouldrops.eu\/nl\/wp-json\/wp\/v2\/product"}],"about":[{"href":"https:\/\/mysouldrops.eu\/nl\/wp-json\/wp\/v2\/types\/product"}],"replies":[{"embeddable":true,"href":"https:\/\/mysouldrops.eu\/nl\/wp-json\/wp\/v2\/comments?post=2174"}],"wp:featuredmedia":[{"embeddable":true,"href":"https:\/\/mysouldrops.eu\/nl\/wp-json\/wp\/v2\/media\/3109"}],"wp:attachment":[{"href":"https:\/\/mysouldrops.eu\/nl\/wp-json\/wp\/v2\/media?parent=2174"}],"wp:term":[{"taxonomy":"product_brand","embeddable":true,"href":"https:\/\/mysouldrops.eu\/nl\/wp-json\/wp\/v2\/product_brand?post=2174"},{"taxonomy":"product_cat","embeddable":true,"href":"https:\/\/mysouldrops.eu\/nl\/wp-json\/wp\/v2\/product_cat?post=2174"},{"taxonomy":"product_tag","embeddable":true,"href":"https:\/\/mysouldrops.eu\/nl\/wp-json\/wp\/v2\/product_tag?post=2174"}],"curies":[{"name":"wp","href":"https:\/\/api.w.org\/{rel}","templated":true}]}}