{"id":1013,"date":"2025-07-04T14:35:02","date_gmt":"2025-07-04T12:35:02","guid":{"rendered":"https:\/\/mysouldrops.eu\/?post_type=product&#038;p=1013"},"modified":"2025-10-10T12:05:38","modified_gmt":"2025-10-10T10:05:38","slug":"souldrops-gota-para-bebe-menina-para-roupa-de-bebe-em-tecido-sensivel-hipoalergenico","status":"publish","type":"product","link":"https:\/\/mysouldrops.eu\/pt\/termek\/souldrops-baby-girl-drop-hipoallergen-szenzitiv-textiloblito-babaruhakhoz\/","title":{"rendered":"Souldrops gota de beb\u00e9 menina hipoalerg\u00e9nico-sens\u00edvel enxaguamento de tecidos para roupa de beb\u00e9 (1000 ml)"},"content":{"rendered":"<p>Especialmente formulado para roupa de beb\u00e9 e roupa de crian\u00e7a com pele sens\u00edvel, este amaciador hipoalerg\u00e9nico cuida suavemente da pele do beb\u00e9, protegendo as necessidades da pele mais delicada.<\/p>\n<p><strong>Principais vantagens:<\/strong><\/p>\n<ul>\n<li>F\u00f3rmula amiga da pele: n\u00e3o cont\u00e9m enzimas alerg\u00e9nicas nem fragr\u00e2ncias - seguro para as crian\u00e7as<\/li>\n<li>A fragr\u00e2ncia floral de longa dura\u00e7\u00e3o permanece na roupa, deixando uma sensa\u00e7\u00e3o agrad\u00e1vel e n\u00e3o irritante<\/li>\n<li>Torna os tecidos macios e anti-est\u00e1ticos, ideais para roupa de beb\u00e9<\/li>\n<li>Ingredientes amigos da pele do beb\u00e9 numa f\u00f3rmula cuidadosamente selecionada e dermatologicamente testada<\/li>\n<\/ul>\n<p><strong>Instru\u00e7\u00f5es de utiliza\u00e7\u00e3o:<\/strong><\/p>\n<ul>\n<li>Na m\u00e1quina de lavar roupa: deitar no compartimento do detergente ou diretamente sobre a roupa.<\/li>\n<li>Para lavar as m\u00e3os: utilizar cerca de 25 ml em 5-10 l de \u00e1gua.<\/li>\n<li>Dosagem: para uma lavagem de 4-5 kg, s\u00e3o suficientes cerca de 25 ml - o suficiente para cerca de 40 lavagens.<\/li>\n<\/ul>\n<p><strong>A quem se destina?<\/strong><\/p>\n<ul>\n<li>Para roupa de beb\u00e9 sens\u00edvel e hipoalerg\u00e9nica<\/li>\n<li>Para crian\u00e7as com alergias cut\u00e2neas ou pele at\u00f3pica<\/li>\n<li>Para fam\u00edlias com um estilo de vida sustent\u00e1vel e vegan<\/li>\n<\/ul>","protected":false},"excerpt":{"rendered":"<p>&nbsp;<\/p>\n<p>Enxaguamento suave e hipoalerg\u00e9nico com aroma floral para roupa de beb\u00e9 - torna a roupa macia, anti-est\u00e1tica, com uma f\u00f3rmula de fragr\u00e2ncia duradoura e totalmente amiga da pele.<\/p>","protected":false},"featured_media":86,"comment_status":"open","ping_status":"closed","template":"","meta":[],"product_brand":[1377],"product_cat":[1385],"product_tag":[1487,1486,1454,1484,1482,1485,1481,1478,1483,1488],"class_list":{"0":"post-1013","1":"product","2":"type-product","3":"status-publish","4":"has-post-thumbnail","6":"product_brand-souldrops","7":"product_cat-souldrops-baby","8":"product_tag-1000ml-oblito","9":"product_tag-antisztatikus-textiloblito","10":"product_tag-erzekeny-borre","11":"product_tag-baba-girl-drop","12":"product_tag-babamosas","13":"product_tag-babaruhakhoz-oblito","14":"product_tag-hipoallergen-textiloblito","15":"product_tag-souldrops-baby","16":"product_tag-vegan-textiloblito","17":"product_tag-viragos-illatu-babamoso","19":"first","20":"instock","21":"taxable","22":"shipping-taxable","23":"product-type-simple"},"yoast_head":"<!-- This site is optimized with the Yoast SEO plugin v27.4 - https:\/\/yoast.com\/product\/yoast-seo-wordpress\/ -->\n<title>Souldrops baby girl drop hipoallerg\u00e9n-szenzit\u00edv textil\u00f6bl\u00edt\u0151 babaruh\u00e1khoz (1000 ml) - Souldrops International<\/title>\n<meta name=\"description\" content=\"\u201eK\u00edm\u00e9letes, vir\u00e1gos illat\u00fa hipoallerg\u00e9n textil\u00f6bl\u00edt\u0151 babaruh\u00e1khoz \u2013 puh\u00e1v\u00e1 teszi a ruh\u00e1kat, antisztatikus, hossz\u00fa illattart\u00f3ss\u00e1g\u00fa formula, teljesen b\u0151rbar\u00e1t \u00f6sszet\u00e9tellel.\u201d\" \/>\n<meta name=\"robots\" content=\"index, follow, max-snippet:-1, max-image-preview:large, max-video-preview:-1\" \/>\n<link rel=\"canonical\" href=\"https:\/\/mysouldrops.eu\/pt\/produto\/souldrops-gota-para-bebe-menina-para-roupa-de-bebe-em-tecido-sensivel-hipoalergenico\/\" \/>\n<meta property=\"og:locale\" content=\"pt_PT\" \/>\n<meta property=\"og:type\" content=\"article\" \/>\n<meta property=\"og:title\" content=\"Souldrops baby girl drop hipoallerg\u00e9n-szenzit\u00edv textil\u00f6bl\u00edt\u0151 babaruh\u00e1khoz (1000 ml) - Souldrops International\" \/>\n<meta property=\"og:description\" content=\"\u201eK\u00edm\u00e9letes, vir\u00e1gos illat\u00fa hipoallerg\u00e9n textil\u00f6bl\u00edt\u0151 babaruh\u00e1khoz \u2013 puh\u00e1v\u00e1 teszi a ruh\u00e1kat, antisztatikus, hossz\u00fa illattart\u00f3ss\u00e1g\u00fa formula, teljesen b\u0151rbar\u00e1t \u00f6sszet\u00e9tellel.\u201d\" \/>\n<meta property=\"og:url\" content=\"https:\/\/mysouldrops.eu\/pt\/produto\/souldrops-gota-para-bebe-menina-para-roupa-de-bebe-em-tecido-sensivel-hipoalergenico\/\" \/>\n<meta property=\"og:site_name\" content=\"Souldrops International\" \/>\n<meta property=\"article:modified_time\" content=\"2025-10-10T10:05:38+00:00\" \/>\n<meta property=\"og:image\" content=\"https:\/\/mysouldrops.eu\/wp-content\/uploads\/2025\/06\/BOGIRL10_REG__F-PAN700_SZ-FEHER_NINV_v5.png\" \/>\n\t<meta property=\"og:image:width\" content=\"2000\" \/>\n\t<meta property=\"og:image:height\" content=\"2000\" \/>\n\t<meta property=\"og:image:type\" content=\"image\/png\" \/>\n<meta name=\"twitter:card\" content=\"summary_large_image\" \/>\n<meta name=\"twitter:label1\" content=\"Tempo estimado de leitura\" \/>\n\t<meta name=\"twitter:data1\" content=\"1 minuto\" \/>\n<script type=\"application\/ld+json\" class=\"yoast-schema-graph\">{\"@context\":\"https:\\\/\\\/schema.org\",\"@graph\":[{\"@type\":\"WebPage\",\"@id\":\"https:\\\/\\\/mysouldrops.eu\\\/termek\\\/souldrops-baby-girl-drop-hipoallergen-szenzitiv-textiloblito-babaruhakhoz\\\/\",\"url\":\"https:\\\/\\\/mysouldrops.eu\\\/termek\\\/souldrops-baby-girl-drop-hipoallergen-szenzitiv-textiloblito-babaruhakhoz\\\/\",\"name\":\"Souldrops baby girl drop hipoallerg\u00e9n-szenzit\u00edv textil\u00f6bl\u00edt\u0151 babaruh\u00e1khoz (1000 ml) - Souldrops International\",\"isPartOf\":{\"@id\":\"https:\\\/\\\/mysouldrops.eu\\\/#website\"},\"primaryImageOfPage\":{\"@id\":\"https:\\\/\\\/mysouldrops.eu\\\/termek\\\/souldrops-baby-girl-drop-hipoallergen-szenzitiv-textiloblito-babaruhakhoz\\\/#primaryimage\"},\"image\":{\"@id\":\"https:\\\/\\\/mysouldrops.eu\\\/termek\\\/souldrops-baby-girl-drop-hipoallergen-szenzitiv-textiloblito-babaruhakhoz\\\/#primaryimage\"},\"thumbnailUrl\":\"https:\\\/\\\/mysouldrops.eu\\\/wp-content\\\/uploads\\\/2025\\\/06\\\/BOGIRL10_REG__F-PAN700_SZ-FEHER_NINV_v5.png\",\"datePublished\":\"2025-07-04T12:35:02+00:00\",\"dateModified\":\"2025-10-10T10:05:38+00:00\",\"description\":\"\u201eK\u00edm\u00e9letes, vir\u00e1gos illat\u00fa hipoallerg\u00e9n textil\u00f6bl\u00edt\u0151 babaruh\u00e1khoz \u2013 puh\u00e1v\u00e1 teszi a ruh\u00e1kat, antisztatikus, hossz\u00fa illattart\u00f3ss\u00e1g\u00fa formula, teljesen b\u0151rbar\u00e1t \u00f6sszet\u00e9tellel.\u201d\",\"breadcrumb\":{\"@id\":\"https:\\\/\\\/mysouldrops.eu\\\/termek\\\/souldrops-baby-girl-drop-hipoallergen-szenzitiv-textiloblito-babaruhakhoz\\\/#breadcrumb\"},\"inLanguage\":\"pt-PT\",\"potentialAction\":[{\"@type\":\"ReadAction\",\"target\":[\"https:\\\/\\\/mysouldrops.eu\\\/termek\\\/souldrops-baby-girl-drop-hipoallergen-szenzitiv-textiloblito-babaruhakhoz\\\/\"]}]},{\"@type\":\"ImageObject\",\"inLanguage\":\"pt-PT\",\"@id\":\"https:\\\/\\\/mysouldrops.eu\\\/termek\\\/souldrops-baby-girl-drop-hipoallergen-szenzitiv-textiloblito-babaruhakhoz\\\/#primaryimage\",\"url\":\"https:\\\/\\\/mysouldrops.eu\\\/wp-content\\\/uploads\\\/2025\\\/06\\\/BOGIRL10_REG__F-PAN700_SZ-FEHER_NINV_v5.png\",\"contentUrl\":\"https:\\\/\\\/mysouldrops.eu\\\/wp-content\\\/uploads\\\/2025\\\/06\\\/BOGIRL10_REG__F-PAN700_SZ-FEHER_NINV_v5.png\",\"width\":2000,\"height\":2000},{\"@type\":\"BreadcrumbList\",\"@id\":\"https:\\\/\\\/mysouldrops.eu\\\/termek\\\/souldrops-baby-girl-drop-hipoallergen-szenzitiv-textiloblito-babaruhakhoz\\\/#breadcrumb\",\"itemListElement\":[{\"@type\":\"ListItem\",\"position\":1,\"name\":\"Kezd\u0151lap\",\"item\":\"https:\\\/\\\/mysouldrops.eu\\\/\"},{\"@type\":\"ListItem\",\"position\":2,\"name\":\"Shop\",\"item\":\"https:\\\/\\\/mysouldrops.eu\\\/uzlet\\\/\"},{\"@type\":\"ListItem\",\"position\":3,\"name\":\"Souldrops baby girl drop hipoallerg\u00e9n-szenzit\u00edv textil\u00f6bl\u00edt\u0151 babaruh\u00e1khoz (1000 ml)\"}]},{\"@type\":\"WebSite\",\"@id\":\"https:\\\/\\\/mysouldrops.eu\\\/#website\",\"url\":\"https:\\\/\\\/mysouldrops.eu\\\/\",\"name\":\"Souldrops International\",\"description\":\"A Souldrops egy k\u00f6rnyezettudatos tiszt\u00edt\u00f3szerm\u00e1rka, amely term\u00e9szetes \u00f6sszetev\u0151kkel \u00e9s st\u00edlusos szeml\u00e9lettel teszi tiszt\u00e1bb\u00e1 a vil\u00e1got \u2013 k\u00edv\u00fcl \u00e9s bel\u00fcl\",\"potentialAction\":[{\"@type\":\"SearchAction\",\"target\":{\"@type\":\"EntryPoint\",\"urlTemplate\":\"https:\\\/\\\/mysouldrops.eu\\\/?s={search_term_string}\"},\"query-input\":{\"@type\":\"PropertyValueSpecification\",\"valueRequired\":true,\"valueName\":\"search_term_string\"}}],\"inLanguage\":\"pt-PT\"}]}<\/script>\n<!-- \/ Yoast SEO plugin. -->","yoast_head_json":{"title":"Souldrops baby girl drop enxaguamento de tecidos sens\u00edveis hipoalerg\u00e9nico para roupa de beb\u00e9 (1000 ml) - Souldrops Portugal","description":"\u201eAmaciador hipoalerg\u00e9nico suave, com aroma floral, para roupa de beb\u00e9 - deixa a roupa suave, antiest\u00e1tico, com uma f\u00f3rmula de fragr\u00e2ncia duradoura e completamente amiga da pele.\u201d","robots":{"index":"index","follow":"follow","max-snippet":"max-snippet:-1","max-image-preview":"max-image-preview:large","max-video-preview":"max-video-preview:-1"},"canonical":"https:\/\/mysouldrops.eu\/pt\/produto\/souldrops-gota-para-bebe-menina-para-roupa-de-bebe-em-tecido-sensivel-hipoalergenico\/","og_locale":"pt_PT","og_type":"article","og_title":"Souldrops baby girl drop hipoallerg\u00e9n-szenzit\u00edv textil\u00f6bl\u00edt\u0151 babaruh\u00e1khoz (1000 ml) - Souldrops International","og_description":"\u201eK\u00edm\u00e9letes, vir\u00e1gos illat\u00fa hipoallerg\u00e9n textil\u00f6bl\u00edt\u0151 babaruh\u00e1khoz \u2013 puh\u00e1v\u00e1 teszi a ruh\u00e1kat, antisztatikus, hossz\u00fa illattart\u00f3ss\u00e1g\u00fa formula, teljesen b\u0151rbar\u00e1t \u00f6sszet\u00e9tellel.\u201d","og_url":"https:\/\/mysouldrops.eu\/pt\/produto\/souldrops-gota-para-bebe-menina-para-roupa-de-bebe-em-tecido-sensivel-hipoalergenico\/","og_site_name":"Souldrops International","article_modified_time":"2025-10-10T10:05:38+00:00","og_image":[{"width":2000,"height":2000,"url":"https:\/\/mysouldrops.eu\/wp-content\/uploads\/2025\/06\/BOGIRL10_REG__F-PAN700_SZ-FEHER_NINV_v5.png","type":"image\/png"}],"twitter_card":"summary_large_image","twitter_misc":{"Tempo estimado de leitura":"1 minuto"},"schema":{"@context":"https:\/\/schema.org","@graph":[{"@type":"WebPage","@id":"https:\/\/mysouldrops.eu\/termek\/souldrops-baby-girl-drop-hipoallergen-szenzitiv-textiloblito-babaruhakhoz\/","url":"https:\/\/mysouldrops.eu\/termek\/souldrops-baby-girl-drop-hipoallergen-szenzitiv-textiloblito-babaruhakhoz\/","name":"Souldrops baby girl drop enxaguamento de tecidos sens\u00edveis hipoalerg\u00e9nico para roupa de beb\u00e9 (1000 ml) - Souldrops Portugal","isPartOf":{"@id":"https:\/\/mysouldrops.eu\/#website"},"primaryImageOfPage":{"@id":"https:\/\/mysouldrops.eu\/termek\/souldrops-baby-girl-drop-hipoallergen-szenzitiv-textiloblito-babaruhakhoz\/#primaryimage"},"image":{"@id":"https:\/\/mysouldrops.eu\/termek\/souldrops-baby-girl-drop-hipoallergen-szenzitiv-textiloblito-babaruhakhoz\/#primaryimage"},"thumbnailUrl":"https:\/\/mysouldrops.eu\/wp-content\/uploads\/2025\/06\/BOGIRL10_REG__F-PAN700_SZ-FEHER_NINV_v5.png","datePublished":"2025-07-04T12:35:02+00:00","dateModified":"2025-10-10T10:05:38+00:00","description":"\u201eAmaciador hipoalerg\u00e9nico suave, com aroma floral, para roupa de beb\u00e9 - deixa a roupa suave, antiest\u00e1tico, com uma f\u00f3rmula de fragr\u00e2ncia duradoura e completamente amiga da pele.\u201d","breadcrumb":{"@id":"https:\/\/mysouldrops.eu\/termek\/souldrops-baby-girl-drop-hipoallergen-szenzitiv-textiloblito-babaruhakhoz\/#breadcrumb"},"inLanguage":"pt-PT","potentialAction":[{"@type":"ReadAction","target":["https:\/\/mysouldrops.eu\/termek\/souldrops-baby-girl-drop-hipoallergen-szenzitiv-textiloblito-babaruhakhoz\/"]}]},{"@type":"ImageObject","inLanguage":"pt-PT","@id":"https:\/\/mysouldrops.eu\/termek\/souldrops-baby-girl-drop-hipoallergen-szenzitiv-textiloblito-babaruhakhoz\/#primaryimage","url":"https:\/\/mysouldrops.eu\/wp-content\/uploads\/2025\/06\/BOGIRL10_REG__F-PAN700_SZ-FEHER_NINV_v5.png","contentUrl":"https:\/\/mysouldrops.eu\/wp-content\/uploads\/2025\/06\/BOGIRL10_REG__F-PAN700_SZ-FEHER_NINV_v5.png","width":2000,"height":2000},{"@type":"BreadcrumbList","@id":"https:\/\/mysouldrops.eu\/termek\/souldrops-baby-girl-drop-hipoallergen-szenzitiv-textiloblito-babaruhakhoz\/#breadcrumb","itemListElement":[{"@type":"ListItem","position":1,"name":"Kezd\u0151lap","item":"https:\/\/mysouldrops.eu\/"},{"@type":"ListItem","position":2,"name":"Shop","item":"https:\/\/mysouldrops.eu\/uzlet\/"},{"@type":"ListItem","position":3,"name":"Souldrops baby girl drop hipoallerg\u00e9n-szenzit\u00edv textil\u00f6bl\u00edt\u0151 babaruh\u00e1khoz (1000 ml)"}]},{"@type":"WebSite","@id":"https:\/\/mysouldrops.eu\/#website","url":"https:\/\/mysouldrops.eu\/","name":"Souldrops International","description":"A Souldrops \u00e9 uma marca de limpeza ecol\u00f3gica que utiliza ingredientes naturais e uma abordagem elegante para tornar o mundo um lugar mais limpo - por dentro e por fora","potentialAction":[{"@type":"SearchAction","target":{"@type":"EntryPoint","urlTemplate":"https:\/\/mysouldrops.eu\/?s={search_term_string}"},"query-input":{"@type":"PropertyValueSpecification","valueRequired":true,"valueName":"search_term_string"}}],"inLanguage":"pt-PT"}]}},"jetpack_likes_enabled":true,"jetpack_sharing_enabled":true,"_links":{"self":[{"href":"https:\/\/mysouldrops.eu\/pt\/wp-json\/wp\/v2\/product\/1013","targetHints":{"allow":["GET"]}}],"collection":[{"href":"https:\/\/mysouldrops.eu\/pt\/wp-json\/wp\/v2\/product"}],"about":[{"href":"https:\/\/mysouldrops.eu\/pt\/wp-json\/wp\/v2\/types\/product"}],"replies":[{"embeddable":true,"href":"https:\/\/mysouldrops.eu\/pt\/wp-json\/wp\/v2\/comments?post=1013"}],"wp:featuredmedia":[{"embeddable":true,"href":"https:\/\/mysouldrops.eu\/pt\/wp-json\/wp\/v2\/media\/86"}],"wp:attachment":[{"href":"https:\/\/mysouldrops.eu\/pt\/wp-json\/wp\/v2\/media?parent=1013"}],"wp:term":[{"taxonomy":"product_brand","embeddable":true,"href":"https:\/\/mysouldrops.eu\/pt\/wp-json\/wp\/v2\/product_brand?post=1013"},{"taxonomy":"product_cat","embeddable":true,"href":"https:\/\/mysouldrops.eu\/pt\/wp-json\/wp\/v2\/product_cat?post=1013"},{"taxonomy":"product_tag","embeddable":true,"href":"https:\/\/mysouldrops.eu\/pt\/wp-json\/wp\/v2\/product_tag?post=1013"}],"curies":[{"name":"wp","href":"https:\/\/api.w.org\/{rel}","templated":true}]}}