{"id":1441,"date":"2025-08-11T15:43:22","date_gmt":"2025-08-11T13:43:22","guid":{"rendered":"https:\/\/mysouldrops.eu\/?page_id=1441"},"modified":"2025-08-11T15:44:07","modified_gmt":"2025-08-11T13:44:07","slug":"cookie-tajekoztato","status":"publish","type":"page","link":"https:\/\/mysouldrops.eu\/ro\/souldrops-haztartasi-tisztitoszerek\/cookie-tajekoztato\/","title":{"rendered":"Informa\u021bii privind modulele cookie"},"content":{"rendered":"<script id=\"barat_script\">var st = document.createElement(\"script\");st.src = \"\/\/admin.fogyasztobarat.hu\/e-api.js\";st.type = \"text\/javascript\";st.setAttribute(\"data-id\", \"L9NNT1UR\");st.setAttribute(\"id\", \"fbarat-embed\");st.setAttribute(\"data-type\", \"cookie\");var s = document.getElementById(\"barat_script\");s.parentNode.insertBefore(st, s);<\/script>\n\n\n\n<p><\/p>","protected":false},"excerpt":{"rendered":"","protected":false},"author":267682164,"featured_media":0,"parent":194,"menu_order":0,"comment_status":"closed","ping_status":"closed","template":"page-blank.php","meta":{"footnotes":""},"class_list":["post-1441","page","type-page","status-publish","hentry"],"yoast_head":"<!-- This site is optimized with the Yoast SEO plugin v27.4 - https:\/\/yoast.com\/product\/yoast-seo-wordpress\/ -->\n<title>Cookie t\u00e1j\u00e9koztat\u00f3 - Souldrops International<\/title>\n<meta name=\"robots\" content=\"index, follow, max-snippet:-1, max-image-preview:large, max-video-preview:-1\" \/>\n<link rel=\"canonical\" href=\"https:\/\/mysouldrops.eu\/ro\/curatatori-de-par-souldrops\/cookie-tajekoztato\/\" \/>\n<meta property=\"og:locale\" content=\"ro_RO\" \/>\n<meta property=\"og:type\" content=\"article\" \/>\n<meta property=\"og:title\" content=\"Cookie t\u00e1j\u00e9koztat\u00f3 - Souldrops International\" \/>\n<meta property=\"og:url\" content=\"https:\/\/mysouldrops.eu\/ro\/curatatori-de-par-souldrops\/cookie-tajekoztato\/\" \/>\n<meta property=\"og:site_name\" content=\"Souldrops International\" \/>\n<meta property=\"article:modified_time\" content=\"2025-08-11T13:44:07+00:00\" \/>\n<meta name=\"twitter:card\" content=\"summary_large_image\" \/>\n<script type=\"application\/ld+json\" class=\"yoast-schema-graph\">{\"@context\":\"https:\\\/\\\/schema.org\",\"@graph\":[{\"@type\":\"WebPage\",\"@id\":\"https:\\\/\\\/mysouldrops.eu\\\/souldrops-haztartasi-tisztitoszerek\\\/cookie-tajekoztato\\\/\",\"url\":\"https:\\\/\\\/mysouldrops.eu\\\/souldrops-haztartasi-tisztitoszerek\\\/cookie-tajekoztato\\\/\",\"name\":\"Cookie t\u00e1j\u00e9koztat\u00f3 - Souldrops International\",\"isPartOf\":{\"@id\":\"https:\\\/\\\/mysouldrops.eu\\\/#website\"},\"datePublished\":\"2025-08-11T13:43:22+00:00\",\"dateModified\":\"2025-08-11T13:44:07+00:00\",\"breadcrumb\":{\"@id\":\"https:\\\/\\\/mysouldrops.eu\\\/souldrops-haztartasi-tisztitoszerek\\\/cookie-tajekoztato\\\/#breadcrumb\"},\"inLanguage\":\"ro-RO\",\"potentialAction\":[{\"@type\":\"ReadAction\",\"target\":[\"https:\\\/\\\/mysouldrops.eu\\\/souldrops-haztartasi-tisztitoszerek\\\/cookie-tajekoztato\\\/\"]}]},{\"@type\":\"BreadcrumbList\",\"@id\":\"https:\\\/\\\/mysouldrops.eu\\\/souldrops-haztartasi-tisztitoszerek\\\/cookie-tajekoztato\\\/#breadcrumb\",\"itemListElement\":[{\"@type\":\"ListItem\",\"position\":1,\"name\":\"Kezd\u0151lap\",\"item\":\"https:\\\/\\\/mysouldrops.eu\\\/\"},{\"@type\":\"ListItem\",\"position\":2,\"name\":\"Souldrops\",\"item\":\"https:\\\/\\\/mysouldrops.eu\\\/\"},{\"@type\":\"ListItem\",\"position\":3,\"name\":\"Cookie t\u00e1j\u00e9koztat\u00f3\"}]},{\"@type\":\"WebSite\",\"@id\":\"https:\\\/\\\/mysouldrops.eu\\\/#website\",\"url\":\"https:\\\/\\\/mysouldrops.eu\\\/\",\"name\":\"Souldrops International\",\"description\":\"A Souldrops egy k\u00f6rnyezettudatos tiszt\u00edt\u00f3szerm\u00e1rka, amely term\u00e9szetes \u00f6sszetev\u0151kkel \u00e9s st\u00edlusos szeml\u00e9lettel teszi tiszt\u00e1bb\u00e1 a vil\u00e1got \u2013 k\u00edv\u00fcl \u00e9s bel\u00fcl\",\"potentialAction\":[{\"@type\":\"SearchAction\",\"target\":{\"@type\":\"EntryPoint\",\"urlTemplate\":\"https:\\\/\\\/mysouldrops.eu\\\/?s={search_term_string}\"},\"query-input\":{\"@type\":\"PropertyValueSpecification\",\"valueRequired\":true,\"valueName\":\"search_term_string\"}}],\"inLanguage\":\"ro-RO\"}]}<\/script>\n<!-- \/ Yoast SEO plugin. -->","yoast_head_json":{"title":"Informa\u021bii privind modulele cookie - Souldrops International","robots":{"index":"index","follow":"follow","max-snippet":"max-snippet:-1","max-image-preview":"max-image-preview:large","max-video-preview":"max-video-preview:-1"},"canonical":"https:\/\/mysouldrops.eu\/ro\/curatatori-de-par-souldrops\/cookie-tajekoztato\/","og_locale":"ro_RO","og_type":"article","og_title":"Cookie t\u00e1j\u00e9koztat\u00f3 - Souldrops International","og_url":"https:\/\/mysouldrops.eu\/ro\/curatatori-de-par-souldrops\/cookie-tajekoztato\/","og_site_name":"Souldrops International","article_modified_time":"2025-08-11T13:44:07+00:00","twitter_card":"summary_large_image","schema":{"@context":"https:\/\/schema.org","@graph":[{"@type":"WebPage","@id":"https:\/\/mysouldrops.eu\/souldrops-haztartasi-tisztitoszerek\/cookie-tajekoztato\/","url":"https:\/\/mysouldrops.eu\/souldrops-haztartasi-tisztitoszerek\/cookie-tajekoztato\/","name":"Informa\u021bii privind modulele cookie - Souldrops International","isPartOf":{"@id":"https:\/\/mysouldrops.eu\/#website"},"datePublished":"2025-08-11T13:43:22+00:00","dateModified":"2025-08-11T13:44:07+00:00","breadcrumb":{"@id":"https:\/\/mysouldrops.eu\/souldrops-haztartasi-tisztitoszerek\/cookie-tajekoztato\/#breadcrumb"},"inLanguage":"ro-RO","potentialAction":[{"@type":"ReadAction","target":["https:\/\/mysouldrops.eu\/souldrops-haztartasi-tisztitoszerek\/cookie-tajekoztato\/"]}]},{"@type":"BreadcrumbList","@id":"https:\/\/mysouldrops.eu\/souldrops-haztartasi-tisztitoszerek\/cookie-tajekoztato\/#breadcrumb","itemListElement":[{"@type":"ListItem","position":1,"name":"Kezd\u0151lap","item":"https:\/\/mysouldrops.eu\/"},{"@type":"ListItem","position":2,"name":"Souldrops","item":"https:\/\/mysouldrops.eu\/"},{"@type":"ListItem","position":3,"name":"Cookie t\u00e1j\u00e9koztat\u00f3"}]},{"@type":"WebSite","@id":"https:\/\/mysouldrops.eu\/#website","url":"https:\/\/mysouldrops.eu\/","name":"Souldrops International","description":"Souldrops este un brand de cur\u0103\u021benie ecologic care utilizeaz\u0103 ingrediente naturale \u0219i o abordare elegant\u0103 pentru a face lumea un loc mai curat - \u00een interior \u0219i \u00een exterior","potentialAction":[{"@type":"SearchAction","target":{"@type":"EntryPoint","urlTemplate":"https:\/\/mysouldrops.eu\/?s={search_term_string}"},"query-input":{"@type":"PropertyValueSpecification","valueRequired":true,"valueName":"search_term_string"}}],"inLanguage":"ro-RO"}]}},"jetpack_likes_enabled":true,"jetpack_sharing_enabled":true,"jetpack_shortlink":"https:\/\/wp.me\/PgJ65g-nf","_links":{"self":[{"href":"https:\/\/mysouldrops.eu\/ro\/wp-json\/wp\/v2\/pages\/1441","targetHints":{"allow":["GET"]}}],"collection":[{"href":"https:\/\/mysouldrops.eu\/ro\/wp-json\/wp\/v2\/pages"}],"about":[{"href":"https:\/\/mysouldrops.eu\/ro\/wp-json\/wp\/v2\/types\/page"}],"author":[{"embeddable":true,"href":"https:\/\/mysouldrops.eu\/ro\/wp-json\/wp\/v2\/users\/267682164"}],"replies":[{"embeddable":true,"href":"https:\/\/mysouldrops.eu\/ro\/wp-json\/wp\/v2\/comments?post=1441"}],"version-history":[{"count":2,"href":"https:\/\/mysouldrops.eu\/ro\/wp-json\/wp\/v2\/pages\/1441\/revisions"}],"predecessor-version":[{"id":1443,"href":"https:\/\/mysouldrops.eu\/ro\/wp-json\/wp\/v2\/pages\/1441\/revisions\/1443"}],"up":[{"embeddable":true,"href":"https:\/\/mysouldrops.eu\/ro\/wp-json\/wp\/v2\/pages\/194"}],"wp:attachment":[{"href":"https:\/\/mysouldrops.eu\/ro\/wp-json\/wp\/v2\/media?parent=1441"}],"curies":[{"name":"wp","href":"https:\/\/api.w.org\/{rel}","templated":true}]}}