{"id":1090,"date":"2025-07-13T20:06:19","date_gmt":"2025-07-13T18:06:19","guid":{"rendered":"https:\/\/mysouldrops.eu\/?post_type=product&#038;p=1090"},"modified":"2026-02-25T09:37:18","modified_gmt":"2026-02-25T08:37:18","slug":"souldrops-nektar-kvapky-oblito-1000-ml","status":"publish","type":"product","link":"https:\/\/mysouldrops.eu\/sk\/termek\/souldrops-nektarcsepp-oblito-1000-ml\/","title":{"rendered":"Souldrops Nectar Drop Rinse (1000 ml)"},"content":{"rendered":"<p data-start=\"561\" data-end=\"867\">A <strong data-start=\"563\" data-end=\"595\">Souldrops Nectar Drop Rinse<\/strong> prin\u00e1\u0161a do v\u00e1\u0161ho domova v\u00f4\u0148u \u010distej, prirodzenej zmyselnosti. Kompoz\u00edcia parfumu je zalo\u017een\u00e1 na jemne sladk\u00fdch, ale z\u00e1rove\u0148 p\u00fadrovo \u010dist\u00fdch t\u00f3noch \u010derstvo natrhan\u00fdch kvetov bavln\u00edka - ako ke\u010f pohlad\u00edte orosen\u00e9 pl\u00e1tno schn\u00face v letnom v\u00e1nku po\u010das tepl\u00e9ho slne\u010dn\u00e9ho r\u00e1na.<\/p>\n<p data-start=\"869\" data-end=\"1165\">T\u00e1to v\u00f4\u0148a nie je krik\u013eav\u00e1 ani ok\u00e1zal\u00e1, ale sk\u00f4r <strong data-start=\"929\" data-end=\"961\">tich\u00e1, spo\u013eahliv\u00e1 pr\u00edtomnos\u0165<\/strong>, ktor\u00e1 prin\u00e1\u0161a jemnos\u0165 a harm\u00f3niu do ka\u017edodenn\u00e9ho \u017eivota. Sp\u00e1ja kr\u00e1su pr\u00edrody a \u00fatulnos\u0165 domova v \u013eahkej, vzn\u00e1\u0161aj\u00facej sa kompoz\u00edcii, ktor\u00e1 zanech\u00e1va na tkanin\u00e1ch dlhotrvaj\u00facu, jemn\u00fa v\u00f4\u0148u.<\/p>\n<p data-start=\"1167\" data-end=\"1381\">Jeho zlo\u017eenie je \u0161etrn\u00e9 aj k citlivej poko\u017eke, <strong data-start=\"1204\" data-end=\"1247\">veg\u00e1nske, bez alerg\u00e9nov a \u0161etrn\u00e9 k \u017eivotn\u00e9mu prostrediu<\/strong>, tak\u017ee z\u00edskate z\u00e1\u017eitok z \u010dist\u00e9ho prania bez kompromisov - dokonal\u00fa rovnov\u00e1hu medzi sofistikovanou v\u00f4\u0148ou a vedom\u00fdm v\u00fdberom.<\/p>\n<p data-start=\"1383\" data-end=\"1397\"><strong data-start=\"1383\" data-end=\"1395\">V\u00fdhody:<\/strong><\/p>\n<ul data-start=\"1398\" data-end=\"1613\">\n<li data-start=\"1398\" data-end=\"1440\">\n<p data-start=\"1400\" data-end=\"1440\">Jemne sladk\u00e1, p\u00fadrov\u00e1 v\u00f4\u0148a bavln\u00edkov\u00fdch kvetov<\/p>\n<\/li>\n<li data-start=\"1441\" data-end=\"1479\">\n<p data-start=\"1443\" data-end=\"1479\">Dlhotrvaj\u00faca diskr\u00e9tna svie\u017eos\u0165<\/p>\n<\/li>\n<li data-start=\"1480\" data-end=\"1519\">\n<p data-start=\"1482\" data-end=\"1519\">Jemn\u00e9 zlo\u017eenie pre citliv\u00fa poko\u017eku<\/p>\n<\/li>\n<li data-start=\"1520\" data-end=\"1563\">\n<p data-start=\"1522\" data-end=\"1563\">Veg\u00e1nske, bez alerg\u00e9nov a \u0161etrn\u00e9 k \u017eivotn\u00e9mu prostrediu<\/p>\n<\/li>\n<li data-start=\"1564\" data-end=\"1613\">\n<p data-start=\"1566\" data-end=\"1613\">Udr\u017eiavanie m\u00e4kk\u00e9ho a svie\u017eeho oble\u010denia<\/p>\n<\/li>\n<\/ul>\n<p>&nbsp;<\/p>\n<div class=\"_tableContainer_16hzy_1\">\n<div class=\"_tableWrapper_16hzy_14 group flex w-fit flex-col-reverse\" tabindex=\"-1\">\n<table class=\"w-fit min-w-(--thread-content-width)\" data-start=\"212\" data-end=\"619\">\n<thead data-start=\"212\" data-end=\"291\">\n<tr data-start=\"212\" data-end=\"291\">\n<th data-start=\"212\" data-end=\"235\" data-col-size=\"sm\">Ako pou\u017e\u00edva\u0165<\/th>\n<th data-start=\"235\" data-end=\"266\" data-col-size=\"sm\">Mno\u017estvo oble\u010denia \/ Mno\u017estvo vody<\/th>\n<th data-start=\"266\" data-end=\"291\" data-col-size=\"sm\">Odpor\u00fa\u010dan\u00e9 d\u00e1vkovanie<\/th>\n<\/tr>\n<\/thead>\n<tbody data-start=\"374\" data-end=\"619\">\n<tr data-start=\"374\" data-end=\"455\">\n<td data-start=\"374\" data-end=\"397\" data-col-size=\"sm\"><strong data-start=\"376\" data-end=\"390\">Pranie v pr\u00e1\u010dke<\/strong><\/td>\n<td data-col-size=\"sm\" data-start=\"397\" data-end=\"429\">pre 4-5 kg oble\u010denia<\/td>\n<td data-col-size=\"sm\" data-start=\"429\" data-end=\"455\">1-2 uz\u00e1very (25-50 ml)<\/td>\n<\/tr>\n<tr data-start=\"456\" data-end=\"537\">\n<td data-start=\"456\" data-end=\"479\" data-col-size=\"sm\"><strong data-start=\"458\" data-end=\"472\">Pranie v pr\u00e1\u010dke<\/strong><\/td>\n<td data-col-size=\"sm\" data-start=\"479\" data-end=\"511\">pre 7-9 kg oble\u010denia<\/td>\n<td data-col-size=\"sm\" data-start=\"511\" data-end=\"537\">3-4 uz\u00e1very (75-100 ml)<\/td>\n<\/tr>\n<tr data-start=\"538\" data-end=\"619\">\n<td data-start=\"538\" data-end=\"561\" data-col-size=\"sm\"><strong data-start=\"540\" data-end=\"554\">Um\u00fdvanie r\u00fak<\/strong><\/td>\n<td data-col-size=\"sm\" data-start=\"561\" data-end=\"593\">10 l vody<\/td>\n<td data-col-size=\"sm\" data-start=\"593\" data-end=\"619\">2 uz\u00e1very (50 ml)<\/td>\n<\/tr>\n<\/tbody>\n<\/table>\n<\/div>\n<\/div>\n<p>&nbsp;<\/p>\n<p>A <strong data-start=\"1705\" data-end=\"1737\">Souldrops Nectar Drop Rinse<\/strong> ka\u017edodenn\u00fd luxus - jemnos\u0165, svie\u017eos\u0165 a harm\u00f3nia po ka\u017edom pran\u00ed.<\/p>","protected":false},"excerpt":{"rendered":"<p>A <strong data-start=\"162\" data-end=\"194\">Souldrops Nectar Drop Rinse<\/strong> s jemne sladkou, p\u00fadrovou v\u00f4\u0148ou \u010dist\u00fdch kvetov bavlny pon\u00faka z\u00e1\u017eitok prirodzenej jemnosti a harm\u00f3nie. Jemn\u00fd k citlivej poko\u017eke, jeho veg\u00e1nske a bezalerg\u00e9nne zlo\u017eenie dod\u00e1va text\u00edli\u00e1m jemnos\u0165, svie\u017eos\u0165 a dlhotrvaj\u00facu v\u00f4\u0148u.<\/p>","protected":false},"featured_media":3107,"comment_status":"open","ping_status":"closed","template":"","meta":[],"product_brand":[1377],"product_cat":[1382],"product_tag":[1503,1496,1454,1446,1502,1471,1445,1470,1474,1505,1506,1501,1465,1473,1504,1497,1458,1447,1468,1439,1500,1499,1466],"class_list":{"0":"post-1090","1":"product","2":"type-product","3":"status-publish","4":"has-post-thumbnail","6":"product_brand-souldrops","7":"product_cat-oblito","8":"product_tag-1000ml","9":"product_tag-allergiabarat","10":"product_tag-erzekeny-borre","11":"product_tag-oblito","12":"product_tag-oko-textiloblito","13":"product_tag-okohatekony","14":"product_tag-balzsamcsepp","15":"product_tag-borbarat","16":"product_tag-foszfatmentes","17":"product_tag-friss-illat","18":"product_tag-gyenged-oblito","19":"product_tag-illatos-oblito","20":"product_tag-kornyezetbarat","21":"product_tag-klormentes","22":"product_tag-lagy-ruhak","23":"product_tag-magyar-termek","24":"product_tag-nektarcsepp","25":"product_tag-sensitive","26":"product_tag-sls-mentes","27":"product_tag-souldrops","28":"product_tag-termeszetes-osszetevok","29":"product_tag-textiloblito","30":"product_tag-vegan-termek","32":"first","33":"instock","34":"taxable","35":"shipping-taxable","36":"product-type-simple"},"yoast_head":"<!-- This site is optimized with the Yoast SEO plugin v27.4 - https:\/\/yoast.com\/product\/yoast-seo-wordpress\/ -->\n<title>Souldrops Nekt\u00e1rcsepp \u00d6bl\u00edt\u0151 (1000 ml) - Souldrops International<\/title>\n<meta name=\"description\" content=\"K\u00edm\u00e9letes, szenzit\u00edv textil\u00f6bl\u00edt\u0151, 1\u202f000\u202fml kiszerel\u00e9sben, amely puh\u00e1v\u00e1, antisztatikuss\u00e1 var\u00e1zsolja a ruh\u00e1kat, mik\u00f6zben hosszan tart\u00f3, diszkr\u00e9t illatot k\u00f6lcs\u00f6n\u00f6z.\" \/>\n<meta name=\"robots\" content=\"index, follow, max-snippet:-1, max-image-preview:large, max-video-preview:-1\" \/>\n<link rel=\"canonical\" href=\"https:\/\/mysouldrops.eu\/sk\/produkt\/souldrops-nektar-kvapky-oblito-1000-ml\/\" \/>\n<meta property=\"og:locale\" content=\"sk_SK\" \/>\n<meta property=\"og:type\" content=\"article\" \/>\n<meta property=\"og:title\" content=\"Souldrops Nekt\u00e1rcsepp \u00d6bl\u00edt\u0151 (1000 ml) - Souldrops International\" \/>\n<meta property=\"og:description\" content=\"K\u00edm\u00e9letes, szenzit\u00edv textil\u00f6bl\u00edt\u0151, 1\u202f000\u202fml kiszerel\u00e9sben, amely puh\u00e1v\u00e1, antisztatikuss\u00e1 var\u00e1zsolja a ruh\u00e1kat, mik\u00f6zben hosszan tart\u00f3, diszkr\u00e9t illatot k\u00f6lcs\u00f6n\u00f6z.\" \/>\n<meta property=\"og:url\" content=\"https:\/\/mysouldrops.eu\/sk\/produkt\/souldrops-nektar-kvapky-oblito-1000-ml\/\" \/>\n<meta property=\"og:site_name\" content=\"Souldrops International\" \/>\n<meta property=\"article:modified_time\" content=\"2026-02-25T08:37:18+00:00\" \/>\n<meta property=\"og:image\" content=\"https:\/\/mysouldrops.eu\/wp-content\/uploads\/2026\/02\/N10_EN_F-RAL4009_SZ-FEHER_INV_v6.png\" \/>\n\t<meta property=\"og:image:width\" content=\"3425\" \/>\n\t<meta property=\"og:image:height\" content=\"3425\" \/>\n\t<meta property=\"og:image:type\" content=\"image\/png\" \/>\n<meta name=\"twitter:card\" content=\"summary_large_image\" \/>\n<meta name=\"twitter:label1\" content=\"Predpokladan\u00fd \u010das \u010d\u00edtania\" \/>\n\t<meta name=\"twitter:data1\" content=\"1 min\u00fata\" \/>\n<script type=\"application\/ld+json\" class=\"yoast-schema-graph\">{\"@context\":\"https:\\\/\\\/schema.org\",\"@graph\":[{\"@type\":\"WebPage\",\"@id\":\"https:\\\/\\\/mysouldrops.eu\\\/termek\\\/souldrops-nektarcsepp-oblito-1000-ml\\\/\",\"url\":\"https:\\\/\\\/mysouldrops.eu\\\/termek\\\/souldrops-nektarcsepp-oblito-1000-ml\\\/\",\"name\":\"Souldrops Nekt\u00e1rcsepp \u00d6bl\u00edt\u0151 (1000 ml) - Souldrops International\",\"isPartOf\":{\"@id\":\"https:\\\/\\\/mysouldrops.eu\\\/#website\"},\"primaryImageOfPage\":{\"@id\":\"https:\\\/\\\/mysouldrops.eu\\\/termek\\\/souldrops-nektarcsepp-oblito-1000-ml\\\/#primaryimage\"},\"image\":{\"@id\":\"https:\\\/\\\/mysouldrops.eu\\\/termek\\\/souldrops-nektarcsepp-oblito-1000-ml\\\/#primaryimage\"},\"thumbnailUrl\":\"https:\\\/\\\/mysouldrops.eu\\\/wp-content\\\/uploads\\\/2026\\\/02\\\/N10_EN_F-RAL4009_SZ-FEHER_INV_v6.png\",\"datePublished\":\"2025-07-13T18:06:19+00:00\",\"dateModified\":\"2026-02-25T08:37:18+00:00\",\"description\":\"K\u00edm\u00e9letes, szenzit\u00edv textil\u00f6bl\u00edt\u0151, 1\u202f000\u202fml kiszerel\u00e9sben, amely puh\u00e1v\u00e1, antisztatikuss\u00e1 var\u00e1zsolja a ruh\u00e1kat, mik\u00f6zben hosszan tart\u00f3, diszkr\u00e9t illatot k\u00f6lcs\u00f6n\u00f6z.\",\"breadcrumb\":{\"@id\":\"https:\\\/\\\/mysouldrops.eu\\\/termek\\\/souldrops-nektarcsepp-oblito-1000-ml\\\/#breadcrumb\"},\"inLanguage\":\"sk-SK\",\"potentialAction\":[{\"@type\":\"ReadAction\",\"target\":[\"https:\\\/\\\/mysouldrops.eu\\\/termek\\\/souldrops-nektarcsepp-oblito-1000-ml\\\/\"]}]},{\"@type\":\"ImageObject\",\"inLanguage\":\"sk-SK\",\"@id\":\"https:\\\/\\\/mysouldrops.eu\\\/termek\\\/souldrops-nektarcsepp-oblito-1000-ml\\\/#primaryimage\",\"url\":\"https:\\\/\\\/mysouldrops.eu\\\/wp-content\\\/uploads\\\/2026\\\/02\\\/N10_EN_F-RAL4009_SZ-FEHER_INV_v6.png\",\"contentUrl\":\"https:\\\/\\\/mysouldrops.eu\\\/wp-content\\\/uploads\\\/2026\\\/02\\\/N10_EN_F-RAL4009_SZ-FEHER_INV_v6.png\",\"width\":3425,\"height\":3425},{\"@type\":\"BreadcrumbList\",\"@id\":\"https:\\\/\\\/mysouldrops.eu\\\/termek\\\/souldrops-nektarcsepp-oblito-1000-ml\\\/#breadcrumb\",\"itemListElement\":[{\"@type\":\"ListItem\",\"position\":1,\"name\":\"Kezd\u0151lap\",\"item\":\"https:\\\/\\\/mysouldrops.eu\\\/\"},{\"@type\":\"ListItem\",\"position\":2,\"name\":\"Shop\",\"item\":\"https:\\\/\\\/mysouldrops.eu\\\/uzlet\\\/\"},{\"@type\":\"ListItem\",\"position\":3,\"name\":\"Souldrops Nekt\u00e1rcsepp \u00d6bl\u00edt\u0151 (1000 ml)\"}]},{\"@type\":\"WebSite\",\"@id\":\"https:\\\/\\\/mysouldrops.eu\\\/#website\",\"url\":\"https:\\\/\\\/mysouldrops.eu\\\/\",\"name\":\"Souldrops International\",\"description\":\"A Souldrops egy k\u00f6rnyezettudatos tiszt\u00edt\u00f3szerm\u00e1rka, amely term\u00e9szetes \u00f6sszetev\u0151kkel \u00e9s st\u00edlusos szeml\u00e9lettel teszi tiszt\u00e1bb\u00e1 a vil\u00e1got \u2013 k\u00edv\u00fcl \u00e9s bel\u00fcl\",\"potentialAction\":[{\"@type\":\"SearchAction\",\"target\":{\"@type\":\"EntryPoint\",\"urlTemplate\":\"https:\\\/\\\/mysouldrops.eu\\\/?s={search_term_string}\"},\"query-input\":{\"@type\":\"PropertyValueSpecification\",\"valueRequired\":true,\"valueName\":\"search_term_string\"}}],\"inLanguage\":\"sk-SK\"}]}<\/script>\n<!-- \/ Yoast SEO plugin. -->","yoast_head_json":{"title":"Souldrops Nectar Drops Rinse (1000 ml) - Souldrops International","description":"Jemn\u00fd, citliv\u00fd aviv\u00e1\u017eny prostriedok na tkaniny s objemom 1 000 ml, ktor\u00fd dod\u00e1va oble\u010deniu jemnos\u0165 a antistatick\u00fd \u00fa\u010dinok a z\u00e1rove\u0148 zanech\u00e1va dlhotrvaj\u00facu, diskr\u00e9tnu v\u00f4\u0148u.","robots":{"index":"index","follow":"follow","max-snippet":"max-snippet:-1","max-image-preview":"max-image-preview:large","max-video-preview":"max-video-preview:-1"},"canonical":"https:\/\/mysouldrops.eu\/sk\/produkt\/souldrops-nektar-kvapky-oblito-1000-ml\/","og_locale":"sk_SK","og_type":"article","og_title":"Souldrops Nekt\u00e1rcsepp \u00d6bl\u00edt\u0151 (1000 ml) - Souldrops International","og_description":"K\u00edm\u00e9letes, szenzit\u00edv textil\u00f6bl\u00edt\u0151, 1\u202f000\u202fml kiszerel\u00e9sben, amely puh\u00e1v\u00e1, antisztatikuss\u00e1 var\u00e1zsolja a ruh\u00e1kat, mik\u00f6zben hosszan tart\u00f3, diszkr\u00e9t illatot k\u00f6lcs\u00f6n\u00f6z.","og_url":"https:\/\/mysouldrops.eu\/sk\/produkt\/souldrops-nektar-kvapky-oblito-1000-ml\/","og_site_name":"Souldrops International","article_modified_time":"2026-02-25T08:37:18+00:00","og_image":[{"width":3425,"height":3425,"url":"https:\/\/mysouldrops.eu\/wp-content\/uploads\/2026\/02\/N10_EN_F-RAL4009_SZ-FEHER_INV_v6.png","type":"image\/png"}],"twitter_card":"summary_large_image","twitter_misc":{"Predpokladan\u00fd \u010das \u010d\u00edtania":"1 min\u00fata"},"schema":{"@context":"https:\/\/schema.org","@graph":[{"@type":"WebPage","@id":"https:\/\/mysouldrops.eu\/termek\/souldrops-nektarcsepp-oblito-1000-ml\/","url":"https:\/\/mysouldrops.eu\/termek\/souldrops-nektarcsepp-oblito-1000-ml\/","name":"Souldrops Nectar Drops Rinse (1000 ml) - Souldrops International","isPartOf":{"@id":"https:\/\/mysouldrops.eu\/#website"},"primaryImageOfPage":{"@id":"https:\/\/mysouldrops.eu\/termek\/souldrops-nektarcsepp-oblito-1000-ml\/#primaryimage"},"image":{"@id":"https:\/\/mysouldrops.eu\/termek\/souldrops-nektarcsepp-oblito-1000-ml\/#primaryimage"},"thumbnailUrl":"https:\/\/mysouldrops.eu\/wp-content\/uploads\/2026\/02\/N10_EN_F-RAL4009_SZ-FEHER_INV_v6.png","datePublished":"2025-07-13T18:06:19+00:00","dateModified":"2026-02-25T08:37:18+00:00","description":"Jemn\u00fd, citliv\u00fd aviv\u00e1\u017eny prostriedok na tkaniny s objemom 1 000 ml, ktor\u00fd dod\u00e1va oble\u010deniu jemnos\u0165 a antistatick\u00fd \u00fa\u010dinok a z\u00e1rove\u0148 zanech\u00e1va dlhotrvaj\u00facu, diskr\u00e9tnu v\u00f4\u0148u.","breadcrumb":{"@id":"https:\/\/mysouldrops.eu\/termek\/souldrops-nektarcsepp-oblito-1000-ml\/#breadcrumb"},"inLanguage":"sk-SK","potentialAction":[{"@type":"ReadAction","target":["https:\/\/mysouldrops.eu\/termek\/souldrops-nektarcsepp-oblito-1000-ml\/"]}]},{"@type":"ImageObject","inLanguage":"sk-SK","@id":"https:\/\/mysouldrops.eu\/termek\/souldrops-nektarcsepp-oblito-1000-ml\/#primaryimage","url":"https:\/\/mysouldrops.eu\/wp-content\/uploads\/2026\/02\/N10_EN_F-RAL4009_SZ-FEHER_INV_v6.png","contentUrl":"https:\/\/mysouldrops.eu\/wp-content\/uploads\/2026\/02\/N10_EN_F-RAL4009_SZ-FEHER_INV_v6.png","width":3425,"height":3425},{"@type":"BreadcrumbList","@id":"https:\/\/mysouldrops.eu\/termek\/souldrops-nektarcsepp-oblito-1000-ml\/#breadcrumb","itemListElement":[{"@type":"ListItem","position":1,"name":"Kezd\u0151lap","item":"https:\/\/mysouldrops.eu\/"},{"@type":"ListItem","position":2,"name":"Shop","item":"https:\/\/mysouldrops.eu\/uzlet\/"},{"@type":"ListItem","position":3,"name":"Souldrops Nekt\u00e1rcsepp \u00d6bl\u00edt\u0151 (1000 ml)"}]},{"@type":"WebSite","@id":"https:\/\/mysouldrops.eu\/#website","url":"https:\/\/mysouldrops.eu\/","name":"Souldrops International","description":"Souldrops je ekologick\u00e1 zna\u010dka \u010distiacich prostriedkov, ktor\u00e1 vyu\u017e\u00edva pr\u00edrodn\u00e9 zlo\u017eky a \u0161t\u00fdlov\u00fd pr\u00edstup, aby bol svet \u010distej\u0161\u00ed - zvn\u00fatra aj zvonku.","potentialAction":[{"@type":"SearchAction","target":{"@type":"EntryPoint","urlTemplate":"https:\/\/mysouldrops.eu\/?s={search_term_string}"},"query-input":{"@type":"PropertyValueSpecification","valueRequired":true,"valueName":"search_term_string"}}],"inLanguage":"sk-SK"}]}},"jetpack_likes_enabled":true,"jetpack_sharing_enabled":true,"_links":{"self":[{"href":"https:\/\/mysouldrops.eu\/sk\/wp-json\/wp\/v2\/product\/1090","targetHints":{"allow":["GET"]}}],"collection":[{"href":"https:\/\/mysouldrops.eu\/sk\/wp-json\/wp\/v2\/product"}],"about":[{"href":"https:\/\/mysouldrops.eu\/sk\/wp-json\/wp\/v2\/types\/product"}],"replies":[{"embeddable":true,"href":"https:\/\/mysouldrops.eu\/sk\/wp-json\/wp\/v2\/comments?post=1090"}],"wp:featuredmedia":[{"embeddable":true,"href":"https:\/\/mysouldrops.eu\/sk\/wp-json\/wp\/v2\/media\/3107"}],"wp:attachment":[{"href":"https:\/\/mysouldrops.eu\/sk\/wp-json\/wp\/v2\/media?parent=1090"}],"wp:term":[{"taxonomy":"product_brand","embeddable":true,"href":"https:\/\/mysouldrops.eu\/sk\/wp-json\/wp\/v2\/product_brand?post=1090"},{"taxonomy":"product_cat","embeddable":true,"href":"https:\/\/mysouldrops.eu\/sk\/wp-json\/wp\/v2\/product_cat?post=1090"},{"taxonomy":"product_tag","embeddable":true,"href":"https:\/\/mysouldrops.eu\/sk\/wp-json\/wp\/v2\/product_tag?post=1090"}],"curies":[{"name":"wp","href":"https:\/\/api.w.org\/{rel}","templated":true}]}}