{"id":1077,"date":"2025-07-13T19:36:36","date_gmt":"2025-07-13T17:36:36","guid":{"rendered":"https:\/\/mysouldrops.eu\/?post_type=product&#038;p=1077"},"modified":"2026-02-25T14:05:08","modified_gmt":"2026-02-25T13:05:08","slug":"souldrops-koralna-kapljica-za-pranje-pisanih-oblacil-1300-ml","status":"publish","type":"product","link":"https:\/\/mysouldrops.eu\/sl\/termek\/souldrops-korallcsepp-mosogel-szines-ruhakhoz-1300-ml\/","title":{"rendered":"Souldrops Coral drop pralni gel za barvna obla\u010dila (1300 ml)"},"content":{"rendered":"<p data-start=\"690\" data-end=\"783\"><strong data-start=\"690\" data-end=\"781\">Souldrops Coral Drop Gel za umivanje - tropska sve\u017eina in ne\u017ena \u010disto\u010da v eni stekleni\u010dki<\/strong><\/p>\n<p data-start=\"785\" data-end=\"1074\">A <strong data-start=\"787\" data-end=\"820\">Souldrops Koralni gel za pranje kapljic<\/strong> prina\u0161a \u010darobnost tropskih paradi\u017enikov v va\u0161 dom. Popolna harmonija sve\u017eih citrusov, sladkega sadja in ne\u017enih cvetli\u010dnih akordov bo poskrbela, da se boste z vsakim pranjem po\u010dutili sve\u017ee, po\u017eivljeno in polni energije - kot bi se spro\u0161\u010dali na son\u010dnem karibskem otoku.<\/p>\n<p data-start=\"1076\" data-end=\"1374\">Ta pralni gel vrhunske kakovosti ne le u\u010dinkovito o\u010disti va\u0161a obla\u010dila, temve\u010d tudi <strong data-start=\"1150\" data-end=\"1193\">ohranja \u017eivahne barve barvnih tkanin.<\/strong> hkrati pa je ne\u017een do vlaken in ko\u017ee. Po uporabi bodo imela va\u0161a obla\u010dila dolgotrajen, prijeten vonj, ki bo v va\u0161i okolici ustvaril sve\u017ee in navdihujo\u010de vzdu\u0161je.<\/p>\n<p data-start=\"1376\" data-end=\"1390\"><strong data-start=\"1376\" data-end=\"1388\">Prednosti:<\/strong><\/p>\n<ul data-start=\"1391\" data-end=\"1650\">\n<li data-start=\"1391\" data-end=\"1446\">\n<p data-start=\"1393\" data-end=\"1446\">Tropska citrusno-sadno-cvetli\u010dna di\u0161avna kompozicija<\/p>\n<\/li>\n<li data-start=\"1391\" data-end=\"1446\">\n<p data-start=\"1393\" data-end=\"1446\">Ohranja \u017eivahnost barvitih obla\u010dil<\/p>\n<\/li>\n<li data-start=\"1391\" data-end=\"1446\">\n<p data-start=\"1393\" data-end=\"1446\">U\u010dinkovito odstranjevanje made\u017eev in ne\u017eno \u010di\u0161\u010denje<\/p>\n<\/li>\n<li data-start=\"1391\" data-end=\"1446\">\n<p data-start=\"1393\" data-end=\"1446\">Dolgotrajna sve\u017eina v obla\u010dilih in zraku<\/p>\n<\/li>\n<li data-start=\"1391\" data-end=\"1446\">\n<p data-start=\"1393\" data-end=\"1446\">Okolju prijazna, veganska in \u017eivalim prijazna formula*<\/p>\n<\/li>\n<\/ul>\n<p data-start=\"1066\" data-end=\"1135\"><strong data-start=\"1066\" data-end=\"1135\">prostornina pranja - trdota vode - onesna\u017eenost - odmerek (ml):<\/strong><\/p>\n<div class=\"_tableContainer_16hzy_1\">\n<div class=\"_tableWrapper_16hzy_14 group flex w-fit flex-col-reverse\" tabindex=\"-1\">\n<table class=\"w-fit min-w-(--thread-content-width)\" data-start=\"1137\" data-end=\"1680\">\n<thead data-start=\"1137\" data-end=\"1204\">\n<tr data-start=\"1137\" data-end=\"1204\">\n<th data-start=\"1137\" data-end=\"1156\" data-col-size=\"sm\">Obseg pranja<\/th>\n<th data-start=\"1156\" data-end=\"1175\" data-col-size=\"sm\">Trdota vode<\/th>\n<th data-start=\"1175\" data-end=\"1192\" data-col-size=\"sm\">Kontaminacija<\/th>\n<th data-start=\"1192\" data-end=\"1204\" data-col-size=\"sm\">Odmerjanje<\/th>\n<\/tr>\n<\/thead>\n<tbody data-start=\"1273\" data-end=\"1680\">\n<tr data-start=\"1273\" data-end=\"1340\">\n<td data-start=\"1273\" data-end=\"1292\" data-col-size=\"sm\">4-5 kg<\/td>\n<td data-col-size=\"sm\" data-start=\"1292\" data-end=\"1311\">Mehka\/srednja<\/td>\n<td data-col-size=\"sm\" data-start=\"1311\" data-end=\"1328\">Normalno<\/td>\n<td data-col-size=\"sm\" data-start=\"1328\" data-end=\"1340\">65 ml<\/td>\n<\/tr>\n<tr data-start=\"1341\" data-end=\"1408\">\n<td data-start=\"1341\" data-end=\"1360\" data-col-size=\"sm\">4-5 kg<\/td>\n<td data-col-size=\"sm\" data-start=\"1360\" data-end=\"1379\">Mehka\/srednja<\/td>\n<td data-col-size=\"sm\" data-start=\"1379\" data-end=\"1396\">Mo\u010dan<\/td>\n<td data-col-size=\"sm\" data-start=\"1396\" data-end=\"1408\">100 ml<\/td>\n<\/tr>\n<tr data-start=\"1409\" data-end=\"1476\">\n<td data-start=\"1409\" data-end=\"1428\" data-col-size=\"sm\">4-5 kg<\/td>\n<td data-col-size=\"sm\" data-start=\"1428\" data-end=\"1447\">Hard<\/td>\n<td data-col-size=\"sm\" data-start=\"1447\" data-end=\"1464\">Normalno<\/td>\n<td data-col-size=\"sm\" data-start=\"1464\" data-end=\"1476\">75 ml<\/td>\n<\/tr>\n<tr data-start=\"1477\" data-end=\"1544\">\n<td data-start=\"1477\" data-end=\"1496\" data-col-size=\"sm\">4-5 kg<\/td>\n<td data-col-size=\"sm\" data-start=\"1496\" data-end=\"1515\">Hard<\/td>\n<td data-col-size=\"sm\" data-start=\"1515\" data-end=\"1532\">Mo\u010dan<\/td>\n<td data-col-size=\"sm\" data-start=\"1532\" data-end=\"1544\">125 ml<\/td>\n<\/tr>\n<tr data-start=\"1545\" data-end=\"1612\">\n<td data-start=\"1545\" data-end=\"1564\" data-col-size=\"sm\">7-9 kg<\/td>\n<td data-col-size=\"sm\" data-start=\"1564\" data-end=\"1583\">\u2014<\/td>\n<td data-col-size=\"sm\" data-start=\"1583\" data-end=\"1600\">\u2014<\/td>\n<td data-col-size=\"sm\" data-start=\"1600\" data-end=\"1612\">+25 ml<\/td>\n<\/tr>\n<tr data-start=\"1613\" data-end=\"1680\">\n<td data-start=\"1613\" data-end=\"1632\" data-col-size=\"sm\">Ro\u010dno pranje (10 l)<\/td>\n<td data-col-size=\"sm\" data-start=\"1632\" data-end=\"1651\">\u2014<\/td>\n<td data-col-size=\"sm\" data-start=\"1651\" data-end=\"1668\">\u2014<\/td>\n<td data-col-size=\"sm\" data-start=\"1668\" data-end=\"1680\">50 ml<\/td>\n<\/tr>\n<\/tbody>\n<\/table>\n<div class=\"sticky end-(--thread-content-margin) h-0 self-end select-none\">\n<div class=\"absolute end-0 flex items-end\"><\/div>\n<\/div>\n<\/div>\n<\/div>\n<p data-start=\"1764\" data-end=\"1941\">A <strong data-start=\"1766\" data-end=\"1799\">Souldrops Koralni gel za pranje kapljic<\/strong> je odli\u010dna izbira za vse, ki \u017eelijo, da njihova obla\u010dila niso le \u010dista, ampak da imajo tudi sve\u017e in tropski vonj.<\/p>","protected":false},"excerpt":{"rendered":"<p data-start=\"297\" data-end=\"605\">Odkrijte <strong data-start=\"310\" data-end=\"343\">Souldrops Koralni gel za pranje kapljic<\/strong> tropska sve\u017eina! Z notami citrusov, sladkega sadja in cvetja se boste po\u010dutili, kot da se spro\u0161\u010date na karibski pla\u017ei. Ne\u017eno \u010disti, ohranja \u017eivahnost barvitih obla\u010dil ter poskrbi za dolgotrajen sve\u017e vonj va\u0161ih obla\u010dil in doma.<\/p>","protected":false},"featured_media":3104,"comment_status":"open","ping_status":"closed","template":"","meta":[],"product_brand":[1377],"product_cat":[1378],"product_tag":[1494,1496,1454,1480,1471,1492,1493,1495,1474,1462,1491,1465,1473,1497,1498,1468,1439,1490,1464,1466],"class_list":{"0":"post-1077","1":"product","2":"type-product","3":"status-publish","4":"has-post-thumbnail","6":"product_brand-souldrops","7":"product_cat-mosogel","8":"product_tag-1300ml","9":"product_tag-allergiabarat","10":"product_tag-erzekeny-borre","11":"product_tag-erzekeny-textiliakhoz","12":"product_tag-okohatekony","13":"product_tag-bababarat","14":"product_tag-borbarat-mososzer","15":"product_tag-folyekony-mososzer","16":"product_tag-foszfatmentes","17":"product_tag-hipoallergen","18":"product_tag-illatmentes","19":"product_tag-kornyezetbarat","20":"product_tag-klormentes","21":"product_tag-magyar-termek","22":"product_tag-mososzer-erzekeny-borre","23":"product_tag-sls-mentes","24":"product_tag-souldrops","25":"product_tag-szenzitiv-mosogel","26":"product_tag-termeszetes-mososzer","27":"product_tag-vegan-termek","29":"first","30":"instock","31":"taxable","32":"shipping-taxable","33":"product-type-simple"},"yoast_head":"<!-- This site is optimized with the Yoast SEO plugin v27.4 - https:\/\/yoast.com\/product\/yoast-seo-wordpress\/ -->\n<title>Souldrops Korallcsepp mos\u00f3g\u00e9l sz\u00ednes ruh\u00e1khoz (1300 ml) - Souldrops International<\/title>\n<meta name=\"description\" content=\"A Souldrops Felh\u0151csepp mos\u00f3g\u00e9l \u00e9rz\u00e9keny b\u0151rre k\u00e9sz\u00fclt, dermatol\u00f3giailag tesztelt formula. N\u00f6v\u00e9nyi eredet\u0171, term\u00e9szetesen leboml\u00f3 \u00f6sszetev\u0151i k\u00edm\u00e9letesek a b\u0151rh\u00f6z \u00e9s a k\u00f6rnyezethez.\" \/>\n<meta name=\"robots\" content=\"index, follow, max-snippet:-1, max-image-preview:large, max-video-preview:-1\" \/>\n<link rel=\"canonical\" href=\"https:\/\/mysouldrops.eu\/sl\/izdelek\/souldrops-koralna-kapljica-za-pranje-pisanih-oblacil-1300-ml\/\" \/>\n<meta property=\"og:locale\" content=\"sl_SI\" \/>\n<meta property=\"og:type\" content=\"article\" \/>\n<meta property=\"og:title\" content=\"Souldrops Korallcsepp mos\u00f3g\u00e9l sz\u00ednes ruh\u00e1khoz (1300 ml) - Souldrops International\" \/>\n<meta property=\"og:description\" content=\"A Souldrops Felh\u0151csepp mos\u00f3g\u00e9l \u00e9rz\u00e9keny b\u0151rre k\u00e9sz\u00fclt, dermatol\u00f3giailag tesztelt formula. N\u00f6v\u00e9nyi eredet\u0171, term\u00e9szetesen leboml\u00f3 \u00f6sszetev\u0151i k\u00edm\u00e9letesek a b\u0151rh\u00f6z \u00e9s a k\u00f6rnyezethez.\" \/>\n<meta property=\"og:url\" content=\"https:\/\/mysouldrops.eu\/sl\/izdelek\/souldrops-koralna-kapljica-za-pranje-pisanih-oblacil-1300-ml\/\" \/>\n<meta property=\"og:site_name\" content=\"Souldrops International\" \/>\n<meta property=\"article:modified_time\" content=\"2026-02-25T13:05:08+00:00\" \/>\n<meta property=\"og:image\" content=\"https:\/\/mysouldrops.eu\/wp-content\/uploads\/2026\/02\/K13_EN_ECOLABEL_F-RAL6024_SZ-FEHER_INV_v9.png\" \/>\n\t<meta property=\"og:image:width\" content=\"2000\" \/>\n\t<meta property=\"og:image:height\" content=\"2000\" \/>\n\t<meta property=\"og:image:type\" content=\"image\/png\" \/>\n<meta name=\"twitter:card\" content=\"summary_large_image\" \/>\n<meta name=\"twitter:label1\" content=\"Est. reading time\" \/>\n\t<meta name=\"twitter:data1\" content=\"2 minuti\" \/>\n<script type=\"application\/ld+json\" class=\"yoast-schema-graph\">{\"@context\":\"https:\\\/\\\/schema.org\",\"@graph\":[{\"@type\":\"WebPage\",\"@id\":\"https:\\\/\\\/mysouldrops.eu\\\/termek\\\/souldrops-korallcsepp-mosogel-szines-ruhakhoz-1300-ml\\\/\",\"url\":\"https:\\\/\\\/mysouldrops.eu\\\/termek\\\/souldrops-korallcsepp-mosogel-szines-ruhakhoz-1300-ml\\\/\",\"name\":\"Souldrops Korallcsepp mos\u00f3g\u00e9l sz\u00ednes ruh\u00e1khoz (1300 ml) - Souldrops International\",\"isPartOf\":{\"@id\":\"https:\\\/\\\/mysouldrops.eu\\\/#website\"},\"primaryImageOfPage\":{\"@id\":\"https:\\\/\\\/mysouldrops.eu\\\/termek\\\/souldrops-korallcsepp-mosogel-szines-ruhakhoz-1300-ml\\\/#primaryimage\"},\"image\":{\"@id\":\"https:\\\/\\\/mysouldrops.eu\\\/termek\\\/souldrops-korallcsepp-mosogel-szines-ruhakhoz-1300-ml\\\/#primaryimage\"},\"thumbnailUrl\":\"https:\\\/\\\/mysouldrops.eu\\\/wp-content\\\/uploads\\\/2026\\\/02\\\/K13_EN_ECOLABEL_F-RAL6024_SZ-FEHER_INV_v9.png\",\"datePublished\":\"2025-07-13T17:36:36+00:00\",\"dateModified\":\"2026-02-25T13:05:08+00:00\",\"description\":\"A Souldrops Felh\u0151csepp mos\u00f3g\u00e9l \u00e9rz\u00e9keny b\u0151rre k\u00e9sz\u00fclt, dermatol\u00f3giailag tesztelt formula. N\u00f6v\u00e9nyi eredet\u0171, term\u00e9szetesen leboml\u00f3 \u00f6sszetev\u0151i k\u00edm\u00e9letesek a b\u0151rh\u00f6z \u00e9s a k\u00f6rnyezethez.\",\"breadcrumb\":{\"@id\":\"https:\\\/\\\/mysouldrops.eu\\\/termek\\\/souldrops-korallcsepp-mosogel-szines-ruhakhoz-1300-ml\\\/#breadcrumb\"},\"inLanguage\":\"sl-SI\",\"potentialAction\":[{\"@type\":\"ReadAction\",\"target\":[\"https:\\\/\\\/mysouldrops.eu\\\/termek\\\/souldrops-korallcsepp-mosogel-szines-ruhakhoz-1300-ml\\\/\"]}]},{\"@type\":\"ImageObject\",\"inLanguage\":\"sl-SI\",\"@id\":\"https:\\\/\\\/mysouldrops.eu\\\/termek\\\/souldrops-korallcsepp-mosogel-szines-ruhakhoz-1300-ml\\\/#primaryimage\",\"url\":\"https:\\\/\\\/mysouldrops.eu\\\/wp-content\\\/uploads\\\/2026\\\/02\\\/K13_EN_ECOLABEL_F-RAL6024_SZ-FEHER_INV_v9.png\",\"contentUrl\":\"https:\\\/\\\/mysouldrops.eu\\\/wp-content\\\/uploads\\\/2026\\\/02\\\/K13_EN_ECOLABEL_F-RAL6024_SZ-FEHER_INV_v9.png\",\"width\":2000,\"height\":2000},{\"@type\":\"BreadcrumbList\",\"@id\":\"https:\\\/\\\/mysouldrops.eu\\\/termek\\\/souldrops-korallcsepp-mosogel-szines-ruhakhoz-1300-ml\\\/#breadcrumb\",\"itemListElement\":[{\"@type\":\"ListItem\",\"position\":1,\"name\":\"Kezd\u0151lap\",\"item\":\"https:\\\/\\\/mysouldrops.eu\\\/\"},{\"@type\":\"ListItem\",\"position\":2,\"name\":\"Shop\",\"item\":\"https:\\\/\\\/mysouldrops.eu\\\/uzlet\\\/\"},{\"@type\":\"ListItem\",\"position\":3,\"name\":\"Souldrops Korallcsepp mos\u00f3g\u00e9l sz\u00ednes ruh\u00e1khoz (1300 ml)\"}]},{\"@type\":\"WebSite\",\"@id\":\"https:\\\/\\\/mysouldrops.eu\\\/#website\",\"url\":\"https:\\\/\\\/mysouldrops.eu\\\/\",\"name\":\"Souldrops International\",\"description\":\"A Souldrops egy k\u00f6rnyezettudatos tiszt\u00edt\u00f3szerm\u00e1rka, amely term\u00e9szetes \u00f6sszetev\u0151kkel \u00e9s st\u00edlusos szeml\u00e9lettel teszi tiszt\u00e1bb\u00e1 a vil\u00e1got \u2013 k\u00edv\u00fcl \u00e9s bel\u00fcl\",\"potentialAction\":[{\"@type\":\"SearchAction\",\"target\":{\"@type\":\"EntryPoint\",\"urlTemplate\":\"https:\\\/\\\/mysouldrops.eu\\\/?s={search_term_string}\"},\"query-input\":{\"@type\":\"PropertyValueSpecification\",\"valueRequired\":true,\"valueName\":\"search_term_string\"}}],\"inLanguage\":\"sl-SI\"}]}<\/script>\n<!-- \/ Yoast SEO plugin. -->","yoast_head_json":{"title":"Souldrops Coral Drop Gel za pranje barvnih obla\u010dil (1300 ml) - Souldrops International","description":"Gel za umivanje Souldrops Clouddrop je dermatolo\u0161ko testirana formula za ob\u010dutljivo ko\u017eo. Njegove naravno razgradljive sestavine rastlinskega izvora so ne\u017ene do ko\u017ee in okolja.","robots":{"index":"index","follow":"follow","max-snippet":"max-snippet:-1","max-image-preview":"max-image-preview:large","max-video-preview":"max-video-preview:-1"},"canonical":"https:\/\/mysouldrops.eu\/sl\/izdelek\/souldrops-koralna-kapljica-za-pranje-pisanih-oblacil-1300-ml\/","og_locale":"sl_SI","og_type":"article","og_title":"Souldrops Korallcsepp mos\u00f3g\u00e9l sz\u00ednes ruh\u00e1khoz (1300 ml) - Souldrops International","og_description":"A Souldrops Felh\u0151csepp mos\u00f3g\u00e9l \u00e9rz\u00e9keny b\u0151rre k\u00e9sz\u00fclt, dermatol\u00f3giailag tesztelt formula. N\u00f6v\u00e9nyi eredet\u0171, term\u00e9szetesen leboml\u00f3 \u00f6sszetev\u0151i k\u00edm\u00e9letesek a b\u0151rh\u00f6z \u00e9s a k\u00f6rnyezethez.","og_url":"https:\/\/mysouldrops.eu\/sl\/izdelek\/souldrops-koralna-kapljica-za-pranje-pisanih-oblacil-1300-ml\/","og_site_name":"Souldrops International","article_modified_time":"2026-02-25T13:05:08+00:00","og_image":[{"width":2000,"height":2000,"url":"https:\/\/mysouldrops.eu\/wp-content\/uploads\/2026\/02\/K13_EN_ECOLABEL_F-RAL6024_SZ-FEHER_INV_v9.png","type":"image\/png"}],"twitter_card":"summary_large_image","twitter_misc":{"Est. reading time":"2 minuti"},"schema":{"@context":"https:\/\/schema.org","@graph":[{"@type":"WebPage","@id":"https:\/\/mysouldrops.eu\/termek\/souldrops-korallcsepp-mosogel-szines-ruhakhoz-1300-ml\/","url":"https:\/\/mysouldrops.eu\/termek\/souldrops-korallcsepp-mosogel-szines-ruhakhoz-1300-ml\/","name":"Souldrops Coral Drop Gel za pranje barvnih obla\u010dil (1300 ml) - Souldrops International","isPartOf":{"@id":"https:\/\/mysouldrops.eu\/#website"},"primaryImageOfPage":{"@id":"https:\/\/mysouldrops.eu\/termek\/souldrops-korallcsepp-mosogel-szines-ruhakhoz-1300-ml\/#primaryimage"},"image":{"@id":"https:\/\/mysouldrops.eu\/termek\/souldrops-korallcsepp-mosogel-szines-ruhakhoz-1300-ml\/#primaryimage"},"thumbnailUrl":"https:\/\/mysouldrops.eu\/wp-content\/uploads\/2026\/02\/K13_EN_ECOLABEL_F-RAL6024_SZ-FEHER_INV_v9.png","datePublished":"2025-07-13T17:36:36+00:00","dateModified":"2026-02-25T13:05:08+00:00","description":"Gel za umivanje Souldrops Clouddrop je dermatolo\u0161ko testirana formula za ob\u010dutljivo ko\u017eo. Njegove naravno razgradljive sestavine rastlinskega izvora so ne\u017ene do ko\u017ee in okolja.","breadcrumb":{"@id":"https:\/\/mysouldrops.eu\/termek\/souldrops-korallcsepp-mosogel-szines-ruhakhoz-1300-ml\/#breadcrumb"},"inLanguage":"sl-SI","potentialAction":[{"@type":"ReadAction","target":["https:\/\/mysouldrops.eu\/termek\/souldrops-korallcsepp-mosogel-szines-ruhakhoz-1300-ml\/"]}]},{"@type":"ImageObject","inLanguage":"sl-SI","@id":"https:\/\/mysouldrops.eu\/termek\/souldrops-korallcsepp-mosogel-szines-ruhakhoz-1300-ml\/#primaryimage","url":"https:\/\/mysouldrops.eu\/wp-content\/uploads\/2026\/02\/K13_EN_ECOLABEL_F-RAL6024_SZ-FEHER_INV_v9.png","contentUrl":"https:\/\/mysouldrops.eu\/wp-content\/uploads\/2026\/02\/K13_EN_ECOLABEL_F-RAL6024_SZ-FEHER_INV_v9.png","width":2000,"height":2000},{"@type":"BreadcrumbList","@id":"https:\/\/mysouldrops.eu\/termek\/souldrops-korallcsepp-mosogel-szines-ruhakhoz-1300-ml\/#breadcrumb","itemListElement":[{"@type":"ListItem","position":1,"name":"Kezd\u0151lap","item":"https:\/\/mysouldrops.eu\/"},{"@type":"ListItem","position":2,"name":"Shop","item":"https:\/\/mysouldrops.eu\/uzlet\/"},{"@type":"ListItem","position":3,"name":"Souldrops Korallcsepp mos\u00f3g\u00e9l sz\u00ednes ruh\u00e1khoz (1300 ml)"}]},{"@type":"WebSite","@id":"https:\/\/mysouldrops.eu\/#website","url":"https:\/\/mysouldrops.eu\/","name":"Souldrops International","description":"Souldrops je ekolo\u0161ko ozave\u0161\u010dena blagovna znamka za \u010di\u0161\u010denje, ki uporablja naravne sestavine in stilski pristop, da bi naredila svet \u010distej\u0161i - znotraj in zunaj.","potentialAction":[{"@type":"SearchAction","target":{"@type":"EntryPoint","urlTemplate":"https:\/\/mysouldrops.eu\/?s={search_term_string}"},"query-input":{"@type":"PropertyValueSpecification","valueRequired":true,"valueName":"search_term_string"}}],"inLanguage":"sl-SI"}]}},"jetpack_likes_enabled":true,"jetpack_sharing_enabled":true,"_links":{"self":[{"href":"https:\/\/mysouldrops.eu\/sl\/wp-json\/wp\/v2\/product\/1077","targetHints":{"allow":["GET"]}}],"collection":[{"href":"https:\/\/mysouldrops.eu\/sl\/wp-json\/wp\/v2\/product"}],"about":[{"href":"https:\/\/mysouldrops.eu\/sl\/wp-json\/wp\/v2\/types\/product"}],"replies":[{"embeddable":true,"href":"https:\/\/mysouldrops.eu\/sl\/wp-json\/wp\/v2\/comments?post=1077"}],"wp:featuredmedia":[{"embeddable":true,"href":"https:\/\/mysouldrops.eu\/sl\/wp-json\/wp\/v2\/media\/3104"}],"wp:attachment":[{"href":"https:\/\/mysouldrops.eu\/sl\/wp-json\/wp\/v2\/media?parent=1077"}],"wp:term":[{"taxonomy":"product_brand","embeddable":true,"href":"https:\/\/mysouldrops.eu\/sl\/wp-json\/wp\/v2\/product_brand?post=1077"},{"taxonomy":"product_cat","embeddable":true,"href":"https:\/\/mysouldrops.eu\/sl\/wp-json\/wp\/v2\/product_cat?post=1077"},{"taxonomy":"product_tag","embeddable":true,"href":"https:\/\/mysouldrops.eu\/sl\/wp-json\/wp\/v2\/product_tag?post=1077"}],"curies":[{"name":"wp","href":"https:\/\/api.w.org\/{rel}","templated":true}]}}