{"id":1152,"date":"2025-07-26T15:00:54","date_gmt":"2025-07-26T13:00:54","guid":{"rendered":"https:\/\/mysouldrops.eu\/?page_id=1152"},"modified":"2025-07-26T16:26:51","modified_gmt":"2025-07-26T14:26:51","slug":"peta-godkand-vegan-tanusitvany","status":"publish","type":"page","link":"https:\/\/mysouldrops.eu\/sv\/a-souldrops-rol\/peta-approved-vegan-tanusitvany\/","title":{"rendered":"PETA-godk\u00e4nt veganskt certifikat"},"content":{"rendered":"<section class=\"section has-parallax\" id=\"section_975617569\">\n\t\t<div class=\"section-bg fill\" data-parallax-container=\".section\" data-parallax-background data-parallax=\"-1\">\n\t\t\t<img loading=\"lazy\" decoding=\"async\" width=\"2500\" height=\"1667\" src=\"https:\/\/mysouldrops.eu\/wp-content\/uploads\/2025\/07\/veterinarian-performing-a-checkup-on-a-large-white-2025-04-04-12-43-49-utc.jpg\" class=\"bg attachment- size-\" alt=\"\" data-attachment-id=\"1168\" data-permalink=\"https:\/\/mysouldrops.eu\/sv\/a-souldrops-rol\/peta-approved-vegan-tanusitvany\/veterinarian-performing-a-checkup-on-a-large-white-rabbit\/#main\" data-orig-file=\"https:\/\/mysouldrops.eu\/wp-content\/uploads\/2025\/07\/veterinarian-performing-a-checkup-on-a-large-white-2025-04-04-12-43-49-utc.jpg\" data-orig-size=\"2500,1667\" data-comments-opened=\"1\" data-image-meta=\"{&quot;aperture&quot;:&quot;0&quot;,&quot;credit&quot;:&quot;Stuart Pearce&quot;,&quot;camera&quot;:&quot;&quot;,&quot;caption&quot;:&quot;Veterinarian performing a checkup on a large white rabbit&quot;,&quot;created_timestamp&quot;:&quot;1516842000&quot;,&quot;copyright&quot;:&quot;ImageSource&quot;,&quot;focal_length&quot;:&quot;0&quot;,&quot;iso&quot;:&quot;0&quot;,&quot;shutter_speed&quot;:&quot;0&quot;,&quot;title&quot;:&quot;Veterinarian performing a checkup on a large white rabbit&quot;,&quot;orientation&quot;:&quot;1&quot;}\" data-image-title=\"Veterinarian performing a checkup on a large white rabbit\" data-image-description=\"\" data-image-caption=\"&lt;p&gt;Veterinarian performing a checkup on a large white rabbit&lt;\/p&gt;\" data-large-file=\"https:\/\/mysouldrops.eu\/wp-content\/uploads\/2025\/07\/veterinarian-performing-a-checkup-on-a-large-white-2025-04-04-12-43-49-utc-1200x800.jpg\" \/>\t\t\t\t\t\t<div class=\"section-bg-overlay absolute fill\"><\/div>\n\t\t\t\n\n\t\t<\/div>\n\n\t\t\n\n\t\t<div class=\"section-content relative\">\n\t\t\t\n\n<div class=\"row\"  id=\"row-1642954971\">\n\n\n\t<div id=\"col-1986039642\" class=\"col small-12 large-12\"  >\n\t\t\t\t<div class=\"col-inner text-center\"  >\n\t\t\t\n\t\t\t\n\n\t<div class=\"img has-hover x md-x lg-x y md-y lg-y\" id=\"image_1032263916\">\n\t\t\t\t\t\t<div data-animate=\"fadeInUp\">\t\t<div class=\"img-inner dark\" style=\"margin:0px 0px 20% 0px;\">\n\t\t\t<img loading=\"lazy\" decoding=\"async\" width=\"1020\" height=\"348\" src=\"https:\/\/mysouldrops.eu\/wp-content\/uploads\/2025\/06\/peta_logo-1400x478.png\" class=\"attachment-large size-large\" alt=\"\" srcset=\"https:\/\/mysouldrops.eu\/wp-content\/uploads\/2025\/06\/peta_logo-1400x478.png 1400w, https:\/\/mysouldrops.eu\/wp-content\/uploads\/2025\/06\/peta_logo-800x273.png 800w, https:\/\/mysouldrops.eu\/wp-content\/uploads\/2025\/06\/peta_logo-768x262.png 768w, https:\/\/mysouldrops.eu\/wp-content\/uploads\/2025\/06\/peta_logo-1536x524.png 1536w, https:\/\/mysouldrops.eu\/wp-content\/uploads\/2025\/06\/peta_logo-510x174.png 510w, https:\/\/mysouldrops.eu\/wp-content\/uploads\/2025\/06\/peta_logo.png 1940w\" sizes=\"auto, (max-width: 1020px) 100vw, 1020px\" data-attachment-id=\"885\" data-permalink=\"https:\/\/mysouldrops.eu\/sv\/souldrops-haztartasi-tisztitoszerek\/peta_logo\/#main\" data-orig-file=\"https:\/\/mysouldrops.eu\/wp-content\/uploads\/2025\/06\/peta_logo.png\" data-orig-size=\"1940,662\" data-comments-opened=\"1\" data-image-meta=\"{&quot;aperture&quot;:&quot;0&quot;,&quot;credit&quot;:&quot;&quot;,&quot;camera&quot;:&quot;&quot;,&quot;caption&quot;:&quot;&quot;,&quot;created_timestamp&quot;:&quot;0&quot;,&quot;copyright&quot;:&quot;&quot;,&quot;focal_length&quot;:&quot;0&quot;,&quot;iso&quot;:&quot;0&quot;,&quot;shutter_speed&quot;:&quot;0&quot;,&quot;title&quot;:&quot;&quot;,&quot;orientation&quot;:&quot;0&quot;}\" data-image-title=\"peta_logo\" data-image-description=\"\" data-image-caption=\"\" data-large-file=\"https:\/\/mysouldrops.eu\/wp-content\/uploads\/2025\/06\/peta_logo-1400x478.png\" \/>\t\t\t\t\t\t\n\t\t\t\t\t<\/div>\n\t\t<\/div>\t\t\t\t\t\t\n<style>\n#image_1032263916 {\n  width: 36%;\n}\n<\/style>\n\t<\/div>\n\t\n\n\n\t\t<\/div>\n\t\t\t\t\t<\/div>\n\n\t\n\n<\/div>\n\n\t\t<\/div>\n\n\t\t\n<style>\n#section_975617569 {\n  padding-top: 30px;\n  padding-bottom: 30px;\n  min-height: 400px;\n}\n#section_975617569 .section-bg-overlay {\n  background-color: rgba(255, 255, 255, 0.174);\n}\n@media (min-width:550px) {\n  #section_975617569 {\n    min-height: 600px;\n  }\n}\n<\/style>\n\t<\/section>\n\t\n\n\t<section class=\"section\" id=\"section_1681599955\">\n\t\t<div class=\"section-bg fill\" >\n\t\t\t\t\t\t\t\t\t\n\t\t\t\n\n\t\t<\/div>\n\n\t\t\n\n\t\t<div class=\"section-content relative\">\n\t\t\t\n\n<div class=\"row row-collapse row-full-width\"  id=\"row-135860441\">\n\n\n\t<div id=\"col-2051575008\" class=\"col medium-10 small-12 large-6\"  >\n\t\t\t\t<div class=\"col-inner\" style=\"background-color:rgba(246, 219, 232, 0.988);\" >\n\t\t\t\n\t\t\t\n\n\t<div id=\"gap-200924136\" class=\"gap-element clearfix\" style=\"display:block; height:auto;\">\n\t\t\n<style>\n#gap-200924136 {\n  padding-top: 700px;\n}\n<\/style>\n\t<\/div>\n\t\n\n\n\t\t<\/div>\n\t\t\t\t\n<style>\n#col-2051575008 > .col-inner {\n  margin: -100px 0px 0px 0px;\n  border-radius: 23px;\n}\n@media (min-width:550px) {\n  #col-2051575008 > .col-inner {\n    margin: -260px 0px 0px 20px;\n  }\n}\n<\/style>\n\t<\/div>\n\n\t\n\n<\/div>\n<div class=\"row\" style=\"max-width:1300px\" id=\"row-35938105\">\n\n\n\t<div id=\"col-774362819\" class=\"col medium-8 small-12 large-5\"  >\n\t\t\t\t<div class=\"col-inner\"  >\n\t\t\t\n\t\t\t\n\n\t<div id=\"text-2916600486\" class=\"text\">\n\t\t\n\n<h3>Vad inneb\u00e4r status som PETA-godk\u00e4nd vegan?<\/h3>\n\t\t\n<style>\n#text-2916600486 {\n  font-size: 1.75rem;\n}\n<\/style>\n\t<\/div>\n\t\n<p class=\"lead\">A <strong>Souldrops<\/strong> produkter \u00e4r nu officiellt <strong>PETA-godk\u00e4nd Vegan-certifierad<\/strong> - Detta inneb\u00e4r att <strong>v\u00e5ra reng\u00f6ringsprodukter \u00e4r helt veganska och testade utan djurf\u00f6rs\u00f6k<\/strong>. Det \u00e4r inte bara ett certifikat - det \u00e4r ett v\u00e4rdeval i linje med varum\u00e4rkets mission: renhet utan kompromisser.<\/p>\n\n\t\t<\/div>\n\t\t\t\t\n<style>\n#col-774362819 > .col-inner {\n  margin: -600px 0px 0px 0px;\n}\n<\/style>\n\t<\/div>\n\n\t\n\n\t<div id=\"col-1924868663\" class=\"col medium-9 small-12 large-6\"  >\n\t\t\t\t<div class=\"col-inner\"  >\n\t\t\t\n\t\t\t\n\n\t<div id=\"text-1997393334\" class=\"text\">\n\t\t\n\n<h3>K\u00e4rnan i PETA-godk\u00e4nd vegansk certifiering<\/h3>\n\t\t\n<style>\n#text-1997393334 {\n  font-size: 1.75rem;\n}\n<\/style>\n\t<\/div>\n\t\n<p><span style=\"font-size: 120%;\">PETA (People for the Ethical Treatment of Animals) \u00e4r en globalt erk\u00e4nd djurr\u00e4ttsorganisation. Logotypen \u201ePETA-Approved Vegan\u201d garanterar detta:<br \/><\/span><\/p>\n<ul>\n<li><strong><span style=\"font-size: 120%;\">Inga ingredienser av animaliskt ursprung i produkterna<\/span><\/strong><\/li>\n<li><strong><span style=\"font-size: 120%;\">Inga djurf\u00f6rs\u00f6k under utveckling och produktion<\/span><\/strong><\/li>\n<li><strong><span style=\"font-size: 120%;\">Hela produktionsprocessen \u00e4r etisk och ansvarsfull<\/span><\/strong><\/li>\n<\/ul>\n<p><span style=\"font-size: 120%;\">Denna logotyp \u00e4r din f\u00f6rs\u00e4kran om att du g\u00f6r ett v\u00e4lgrundat val n\u00e4r du v\u00e4ljer Souldrops.<\/span><\/p>\n<p>\u00a0<\/p>\n\n\t\t<\/div>\n\t\t\t\t\n<style>\n#col-1924868663 > .col-inner {\n  margin: -400px 0px 0px 0px;\n}\n@media (min-width:850px) {\n  #col-1924868663 > .col-inner {\n    margin: -450px 0px 0px 150px;\n  }\n}\n<\/style>\n\t<\/div>\n\n\t\n\n<\/div>\n\n\t\t<\/div>\n\n\t\t\n<style>\n#section_1681599955 {\n  padding-top: 30px;\n  padding-bottom: 30px;\n}\n<\/style>\n\t<\/section>\n\t\n\n\t<section class=\"section\" id=\"section_851868436\">\n\t\t<div class=\"section-bg fill\" >\n\t\t\t\t\t\t\t\t\t\n\t\t\t\n\n\t\t<\/div>\n\n\t\t\n\n\t\t<div class=\"section-content relative\">\n\t\t\t\n\n\t<div id=\"text-3924023125\" class=\"text\">\n\t\t\n\n<h3>Vad inneb\u00e4r status som PETA-godk\u00e4nd vegan?<\/h3>\n\t\t\n<style>\n#text-3924023125 {\n  font-size: 1.75rem;\n}\n<\/style>\n\t<\/div>\n\t\n<div class=\"row row-collapse row-full-width\"  id=\"row-1918951946\">\n\n\n\t<div id=\"col-1965540558\" class=\"col small-12 large-12\"  >\n\t\t\t\t<div class=\"col-inner\"  >\n\t\t\t\n\t\t\t\n\n\n  <div class=\"banner has-hover has-video has-parallax\" id=\"banner-2125557260\">\n          <div class=\"banner-inner fill\">\n        <div class=\"banner-bg fill\" data-parallax=\"-10\" data-parallax-container=\".banner\" data-parallax-background>\n            <img loading=\"lazy\" decoding=\"async\" width=\"1020\" height=\"653\" src=\"https:\/\/mysouldrops.eu\/wp-content\/uploads\/2025\/07\/boy-are-stand-holding-seedlings-are-in-dry-land-in-2025-01-16-15-44-16-utc-1250x800.jpg\" class=\"bg attachment-large size-large\" alt=\"\" data-attachment-id=\"1170\" data-permalink=\"https:\/\/mysouldrops.eu\/sv\/a-souldrops-rol\/peta-approved-vegan-tanusitvany\/boy-are-stand-holding-seedlings-are-in-dry-land-in-a-warming-world\/#main\" data-orig-file=\"https:\/\/mysouldrops.eu\/wp-content\/uploads\/2025\/07\/boy-are-stand-holding-seedlings-are-in-dry-land-in-2025-01-16-15-44-16-utc.jpg\" data-orig-size=\"2500,1600\" data-comments-opened=\"1\" data-image-meta=\"{&quot;aperture&quot;:&quot;2.8&quot;,&quot;credit&quot;:&quot;&quot;,&quot;camera&quot;:&quot;NIKON Z 6&quot;,&quot;caption&quot;:&quot;boy are stand holding seedlings are in dry land in a warming world.&quot;,&quot;created_timestamp&quot;:&quot;1529427315&quot;,&quot;copyright&quot;:&quot;&quot;,&quot;focal_length&quot;:&quot;28&quot;,&quot;iso&quot;:&quot;100&quot;,&quot;shutter_speed&quot;:&quot;0.00125&quot;,&quot;title&quot;:&quot;boy are stand holding seedlings are in dry land in a warming world.&quot;,&quot;orientation&quot;:&quot;1&quot;}\" data-image-title=\"boy are stand holding seedlings are in dry land in a warming world.\" data-image-description=\"\" data-image-caption=\"&lt;p&gt;boy are stand holding seedlings are in dry land in a warming world.&lt;\/p&gt;\" data-large-file=\"https:\/\/mysouldrops.eu\/wp-content\/uploads\/2025\/07\/boy-are-stand-holding-seedlings-are-in-dry-land-in-2025-01-16-15-44-16-utc-1250x800.jpg\" \/>            \t<div class=\"video-overlay no-click fill visible\"><\/div>\n\t<video class=\"video-bg fill visible\" preload playsinline autoplay muted loop>\n\t\t<source src=\"https:\/\/videos.files.wordpress.com\/p2gQm53C\/agriculture-and-seedling-concept-female-hand-water-2023-12-28-16-20-42-utc.mp4\" type=\"video\/mp4\">\t<\/video>\n            <div class=\"overlay\"><\/div>            \n\t<div class=\"is-border\"\n\t\tstyle=\"border-width:0px 0px 0px 0px;margin:0px 0px 0px 0px;\">\n\t<\/div>\n                    <\/div>\n\t\t\n        <div class=\"banner-layers container\">\n            <div class=\"fill banner-link\"><\/div>            \n\n   <div id=\"text-box-1447683215\" class=\"text-box banner-layer x50 md-x50 lg-x50 y50 md-y50 lg-y50 res-text\">\n                                <div class=\"text-box-content text dark\">\n              \n              <div class=\"text-inner text-center\">\n                  \n\n\t<div id=\"text-1440936475\" class=\"text\">\n\t\t\n\n<h3 style=\"text-align: center;\"><strong>Varf\u00f6r \u00e4r detta viktigt f\u00f6r Souldrops?<\/strong><\/h3>\n\t\t\n<style>\n#text-1440936475 {\n  text-align: center;\n  color: rgb(255,255,255);\n}\n#text-1440936475 > * {\n  color: rgb(255,255,255);\n}\n<\/style>\n\t<\/div>\n\t\n\t<div id=\"text-78438212\" class=\"text\">\n\t\t\n\n<p style=\"text-align: center;\">F\u00f6r oss \u00e4r etisk och milj\u00f6m\u00e4ssigt ansvarsfull verksamhet inte ett alternativ, utan en princip. PETA-godk\u00e4nd status bekr\u00e4ftar detta:<\/p>\n<p style=\"text-align: center;\"><strong>Vi skyddar inte bara milj\u00f6n utan \u00e4ven djuren<\/strong><\/p>\n<p style=\"text-align: center;\"><strong>Du kan anv\u00e4nda alla v\u00e5ra produkter utan d\u00e5ligt samvete<\/strong><\/p>\n<p style=\"text-align: center;\"><strong>Vi \u00e4r engagerade i en h\u00e5llbar och grymhetsfri framtid<\/strong><\/p>\n<p style=\"text-align: center;\">F\u00f6r oss \u00e4r vegancertifiering ytterligare ett steg mot en b\u00e4ttre v\u00e4rld - d\u00e4r renhet inte \u00e4ventyras.<\/p>\n<p style=\"text-align: center;\">\u00a0<\/p>\n\t\t\n<style>\n#text-78438212 {\n  color: rgb(255,255,255);\n}\n#text-78438212 > * {\n  color: rgb(255,255,255);\n}\n<\/style>\n\t<\/div>\n\t\n\n              <\/div>\n           <\/div>\n                            \n<style>\n#text-box-1447683215 {\n  width: 60%;\n}\n#text-box-1447683215 .text-box-content {\n  font-size: 100%;\n}\n@media (min-width:550px) {\n  #text-box-1447683215 {\n    width: 80%;\n  }\n}\n<\/style>\n    <\/div>\n \n\n        <\/div>\n      <\/div>\n\n            \n<style>\n#banner-2125557260 {\n  padding-top: 300px;\n  background-color: rgb(255, 255, 255);\n}\n#banner-2125557260 .overlay {\n  background-color: rgba(0,0,0,.5);\n}\n@media (min-width:550px) {\n  #banner-2125557260 {\n    padding-top: 500px;\n  }\n}\n<\/style>\n  <\/div>\n\n\n\n\t\t<\/div>\n\t\t\t\t\n<style>\n#col-1965540558 > .col-inner {\n  margin: -130px 0px 0px 0px;\n}\n@media (min-width:850px) {\n  #col-1965540558 > .col-inner {\n    margin: -100px 0px 0px 0px;\n  }\n}\n<\/style>\n\t<\/div>\n\n\t\n\n<\/div>\n\n\t\t<\/div>\n\n\t\t\n<style>\n#section_851868436 {\n  padding-top: 30px;\n  padding-bottom: 30px;\n}\n<\/style>\n\t<\/section>\n\t\n\n\t<section class=\"section\" id=\"section_1221221734\">\n\t\t<div class=\"section-bg fill\" >\n\t\t\t\t\t\t\t\t\t\n\t\t\t\n\n\t\t<\/div>\n\n\t\t\n\n\t\t<div class=\"section-content relative\">\n\t\t\t\n\n\t<div id=\"gap-825688317\" class=\"gap-element clearfix\" style=\"display:block; height:auto;\">\n\t\t\n<style>\n#gap-825688317 {\n  padding-top: 30px;\n}\n<\/style>\n\t<\/div>\n\t\n\n<div class=\"row\"  id=\"row-1755184870\">\n\n\n\t<div id=\"col-510645936\" class=\"col medium-4 small-12 large-4\"  >\n\t\t\t\t<div class=\"col-inner\"  >\n\t\t\t\n\t\t\t\n\n\t<div id=\"text-3243887582\" class=\"text\">\n\t\t\n\n<h3>Varf\u00f6r \u00e4r det viktigt f\u00f6r dig?<\/h3>\n\t\t\n<style>\n#text-3243887582 {\n  font-size: 1.75rem;\n}\n<\/style>\n\t<\/div>\n\t\n\n\t\t<\/div>\n\t\t\t\t\t<\/div>\n\n\t\n\n\t<div id=\"col-626668839\" class=\"col medium-8 small-12 large-8\"  >\n\t\t\t\t<div class=\"col-inner\"  >\n\t\t\t\n\t\t\t\n\n<p>PETA-Approved Vegan-logotypen hj\u00e4lper dig att navigera i en v\u00e4rld av medveten shopping. Om det \u00e4r viktigt f\u00f6r dig:<\/p>\n<ul>\n<li><strong>Den veganska livsstilen<\/strong><\/li>\n<li><strong>Djurskydd<\/strong><\/li>\n<li><strong>Ett medvetet och ansvarsfullt hush\u00e5ll<\/strong><\/li>\n<\/ul>\n<p>A <strong>Souldrops<\/strong> produkter uppfyller dessa krav. Du beh\u00f6ver inte v\u00e4lja mellan effektivitet och etik - vi ger dig b\u00e5da.<\/p>\n\n\t\t<\/div>\n\t\t\t\t\t<\/div>\n\n\t\n\n<\/div>\n<p style=\"text-align: center;\" data-start=\"2082\" data-end=\"2165\">Detta certifikat ligger bakom m\u00e5nga av <strong data-start=\"2115\" data-end=\"2158\">arbete, medvetenhet och ansvar<\/strong> tillg\u00e4ngliga:<\/p>\n<p style=\"text-align: center;\" data-start=\"2168\" data-end=\"2214\"><strong>Noggrant utvalda, djurfria ingredienser, en transparent produktionsprocess och ett engagemang f\u00f6r en v\u00e4rld d\u00e4r renhet kommer fr\u00e5n respekt f\u00f6r naturen<\/strong><\/p>\n<div class=\"row\"  id=\"row-1271171047\">\n\n\n\t<div id=\"col-17929369\" class=\"col small-12 large-12\"  >\n\t\t\t\t<div class=\"col-inner text-center\"  >\n\t\t\t\n\t\t\t\n\n\t<div class=\"img has-hover x md-x lg-x y md-y lg-y\" id=\"image_77455506\">\n\t\t\t\t<div data-parallax-fade=\"true\" data-parallax=\"-1\">\t\t<div data-animate=\"fadeInUp\">\t\t<div class=\"img-inner dark\" style=\"margin:50px 0px 0px 0px;\">\n\t\t\t<img loading=\"lazy\" decoding=\"async\" width=\"1020\" height=\"574\" src=\"https:\/\/mysouldrops.eu\/wp-content\/uploads\/2025\/06\/souldrops_logo_black-1400x788.png\" class=\"attachment-large size-large\" alt=\"\" srcset=\"https:\/\/mysouldrops.eu\/wp-content\/uploads\/2025\/06\/souldrops_logo_black-1400x788.png 1400w, https:\/\/mysouldrops.eu\/wp-content\/uploads\/2025\/06\/souldrops_logo_black-510x287.png 510w, https:\/\/mysouldrops.eu\/wp-content\/uploads\/2025\/06\/souldrops_logo_black-711x400.png 711w, https:\/\/mysouldrops.eu\/wp-content\/uploads\/2025\/06\/souldrops_logo_black-768x432.png 768w, https:\/\/mysouldrops.eu\/wp-content\/uploads\/2025\/06\/souldrops_logo_black-1536x864.png 1536w, https:\/\/mysouldrops.eu\/wp-content\/uploads\/2025\/06\/souldrops_logo_black-18x10.png 18w, https:\/\/mysouldrops.eu\/wp-content\/uploads\/2025\/06\/souldrops_logo_black-1200x675.png 1200w, https:\/\/mysouldrops.eu\/wp-content\/uploads\/2025\/06\/souldrops_logo_black.png 1920w\" sizes=\"auto, (max-width: 1020px) 100vw, 1020px\" data-attachment-id=\"132\" data-permalink=\"https:\/\/mysouldrops.eu\/sv\/souldrops_logo_black\/\" data-orig-file=\"https:\/\/mysouldrops.eu\/wp-content\/uploads\/2025\/06\/souldrops_logo_black.png\" data-orig-size=\"1920,1080\" data-comments-opened=\"1\" data-image-meta=\"{&quot;aperture&quot;:&quot;0&quot;,&quot;credit&quot;:&quot;&quot;,&quot;camera&quot;:&quot;&quot;,&quot;caption&quot;:&quot;&quot;,&quot;created_timestamp&quot;:&quot;0&quot;,&quot;copyright&quot;:&quot;&quot;,&quot;focal_length&quot;:&quot;0&quot;,&quot;iso&quot;:&quot;0&quot;,&quot;shutter_speed&quot;:&quot;0&quot;,&quot;title&quot;:&quot;&quot;,&quot;orientation&quot;:&quot;0&quot;}\" data-image-title=\"souldrops_logo_black\" data-image-description=\"\" data-image-caption=\"\" data-large-file=\"https:\/\/mysouldrops.eu\/wp-content\/uploads\/2025\/06\/souldrops_logo_black-1400x788.png\" \/>\t\t\t\t\t\t\n\t\t\t\t\t<\/div>\n\t\t<\/div>\t\t<\/div>\t\t\t\t\n<style>\n#image_77455506 {\n  width: 13%;\n}\n<\/style>\n\t<\/div>\n\t\n\n\n\t\t<\/div>\n\t\t\t\t\t<\/div>\n\n\t\n\n<\/div>\n\n\t\t<\/div>\n\n\t\t\n<style>\n#section_1221221734 {\n  padding-top: 30px;\n  padding-bottom: 30px;\n}\n<\/style>\n\t<\/section>","protected":false},"excerpt":{"rendered":"","protected":false},"author":267682164,"featured_media":0,"parent":820,"menu_order":0,"comment_status":"closed","ping_status":"closed","template":"page-blank.php","meta":{"footnotes":""},"class_list":["post-1152","page","type-page","status-publish","hentry"],"yoast_head":"<!-- This site is optimized with the Yoast SEO plugin v27.4 - https:\/\/yoast.com\/product\/yoast-seo-wordpress\/ -->\n<title>PETA-Approved Vegan tan\u00fas\u00edtv\u00e1ny - Souldrops International<\/title>\n<meta name=\"robots\" content=\"index, follow, max-snippet:-1, max-image-preview:large, max-video-preview:-1\" \/>\n<link rel=\"canonical\" href=\"https:\/\/mysouldrops.eu\/sv\/en-souldrop-rullning\/peta-godkand-vegan-tanusitvany\/\" \/>\n<meta property=\"og:locale\" content=\"sv_SE\" \/>\n<meta property=\"og:type\" content=\"article\" \/>\n<meta property=\"og:title\" content=\"PETA-Approved Vegan tan\u00fas\u00edtv\u00e1ny - Souldrops International\" \/>\n<meta property=\"og:url\" content=\"https:\/\/mysouldrops.eu\/sv\/en-souldrop-rullning\/peta-godkand-vegan-tanusitvany\/\" \/>\n<meta property=\"og:site_name\" content=\"Souldrops International\" \/>\n<meta property=\"article:modified_time\" content=\"2025-07-26T14:26:51+00:00\" \/>\n<meta name=\"twitter:card\" content=\"summary_large_image\" \/>\n<meta name=\"twitter:label1\" content=\"Ber\u00e4knad l\u00e4stid\" \/>\n\t<meta name=\"twitter:data1\" content=\"4 minuter\" \/>\n<script type=\"application\/ld+json\" class=\"yoast-schema-graph\">{\"@context\":\"https:\\\/\\\/schema.org\",\"@graph\":[{\"@type\":\"WebPage\",\"@id\":\"https:\\\/\\\/mysouldrops.eu\\\/a-souldrops-rol\\\/peta-approved-vegan-tanusitvany\\\/\",\"url\":\"https:\\\/\\\/mysouldrops.eu\\\/a-souldrops-rol\\\/peta-approved-vegan-tanusitvany\\\/\",\"name\":\"PETA-Approved Vegan tan\u00fas\u00edtv\u00e1ny - Souldrops International\",\"isPartOf\":{\"@id\":\"https:\\\/\\\/mysouldrops.eu\\\/#website\"},\"datePublished\":\"2025-07-26T13:00:54+00:00\",\"dateModified\":\"2025-07-26T14:26:51+00:00\",\"breadcrumb\":{\"@id\":\"https:\\\/\\\/mysouldrops.eu\\\/a-souldrops-rol\\\/peta-approved-vegan-tanusitvany\\\/#breadcrumb\"},\"inLanguage\":\"sv-SE\",\"potentialAction\":[{\"@type\":\"ReadAction\",\"target\":[\"https:\\\/\\\/mysouldrops.eu\\\/a-souldrops-rol\\\/peta-approved-vegan-tanusitvany\\\/\"]}]},{\"@type\":\"BreadcrumbList\",\"@id\":\"https:\\\/\\\/mysouldrops.eu\\\/a-souldrops-rol\\\/peta-approved-vegan-tanusitvany\\\/#breadcrumb\",\"itemListElement\":[{\"@type\":\"ListItem\",\"position\":1,\"name\":\"Kezd\u0151lap\",\"item\":\"https:\\\/\\\/mysouldrops.eu\\\/\"},{\"@type\":\"ListItem\",\"position\":2,\"name\":\"A Souldrops-r\u00f3l\",\"item\":\"https:\\\/\\\/mysouldrops.eu\\\/a-souldrops-rol\\\/\"},{\"@type\":\"ListItem\",\"position\":3,\"name\":\"PETA-Approved Vegan tan\u00fas\u00edtv\u00e1ny\"}]},{\"@type\":\"WebSite\",\"@id\":\"https:\\\/\\\/mysouldrops.eu\\\/#website\",\"url\":\"https:\\\/\\\/mysouldrops.eu\\\/\",\"name\":\"Souldrops International\",\"description\":\"A Souldrops egy k\u00f6rnyezettudatos tiszt\u00edt\u00f3szerm\u00e1rka, amely term\u00e9szetes \u00f6sszetev\u0151kkel \u00e9s st\u00edlusos szeml\u00e9lettel teszi tiszt\u00e1bb\u00e1 a vil\u00e1got \u2013 k\u00edv\u00fcl \u00e9s bel\u00fcl\",\"potentialAction\":[{\"@type\":\"SearchAction\",\"target\":{\"@type\":\"EntryPoint\",\"urlTemplate\":\"https:\\\/\\\/mysouldrops.eu\\\/?s={search_term_string}\"},\"query-input\":{\"@type\":\"PropertyValueSpecification\",\"valueRequired\":true,\"valueName\":\"search_term_string\"}}],\"inLanguage\":\"sv-SE\"}]}<\/script>\n<!-- \/ Yoast SEO plugin. -->","yoast_head_json":{"title":"PETA-godk\u00e4nt vegancertifikat - Souldrops International","robots":{"index":"index","follow":"follow","max-snippet":"max-snippet:-1","max-image-preview":"max-image-preview:large","max-video-preview":"max-video-preview:-1"},"canonical":"https:\/\/mysouldrops.eu\/sv\/en-souldrop-rullning\/peta-godkand-vegan-tanusitvany\/","og_locale":"sv_SE","og_type":"article","og_title":"PETA-Approved Vegan tan\u00fas\u00edtv\u00e1ny - Souldrops International","og_url":"https:\/\/mysouldrops.eu\/sv\/en-souldrop-rullning\/peta-godkand-vegan-tanusitvany\/","og_site_name":"Souldrops International","article_modified_time":"2025-07-26T14:26:51+00:00","twitter_card":"summary_large_image","twitter_misc":{"Ber\u00e4knad l\u00e4stid":"4 minuter"},"schema":{"@context":"https:\/\/schema.org","@graph":[{"@type":"WebPage","@id":"https:\/\/mysouldrops.eu\/a-souldrops-rol\/peta-approved-vegan-tanusitvany\/","url":"https:\/\/mysouldrops.eu\/a-souldrops-rol\/peta-approved-vegan-tanusitvany\/","name":"PETA-godk\u00e4nt vegancertifikat - Souldrops International","isPartOf":{"@id":"https:\/\/mysouldrops.eu\/#website"},"datePublished":"2025-07-26T13:00:54+00:00","dateModified":"2025-07-26T14:26:51+00:00","breadcrumb":{"@id":"https:\/\/mysouldrops.eu\/a-souldrops-rol\/peta-approved-vegan-tanusitvany\/#breadcrumb"},"inLanguage":"sv-SE","potentialAction":[{"@type":"ReadAction","target":["https:\/\/mysouldrops.eu\/a-souldrops-rol\/peta-approved-vegan-tanusitvany\/"]}]},{"@type":"BreadcrumbList","@id":"https:\/\/mysouldrops.eu\/a-souldrops-rol\/peta-approved-vegan-tanusitvany\/#breadcrumb","itemListElement":[{"@type":"ListItem","position":1,"name":"Kezd\u0151lap","item":"https:\/\/mysouldrops.eu\/"},{"@type":"ListItem","position":2,"name":"A Souldrops-r\u00f3l","item":"https:\/\/mysouldrops.eu\/a-souldrops-rol\/"},{"@type":"ListItem","position":3,"name":"PETA-Approved Vegan tan\u00fas\u00edtv\u00e1ny"}]},{"@type":"WebSite","@id":"https:\/\/mysouldrops.eu\/#website","url":"https:\/\/mysouldrops.eu\/","name":"Souldrops International","description":"Souldrops \u00e4r ett milj\u00f6medvetet reng\u00f6ringsvarum\u00e4rke som anv\u00e4nder naturliga ingredienser och ett stilfullt tillv\u00e4gag\u00e5ngss\u00e4tt f\u00f6r att g\u00f6ra v\u00e4rlden till en renare plats - b\u00e5de p\u00e5 insidan och utsidan","potentialAction":[{"@type":"SearchAction","target":{"@type":"EntryPoint","urlTemplate":"https:\/\/mysouldrops.eu\/?s={search_term_string}"},"query-input":{"@type":"PropertyValueSpecification","valueRequired":true,"valueName":"search_term_string"}}],"inLanguage":"sv-SE"}]}},"jetpack_likes_enabled":true,"jetpack_sharing_enabled":true,"jetpack_shortlink":"https:\/\/wp.me\/PgJ65g-iA","_links":{"self":[{"href":"https:\/\/mysouldrops.eu\/sv\/wp-json\/wp\/v2\/pages\/1152","targetHints":{"allow":["GET"]}}],"collection":[{"href":"https:\/\/mysouldrops.eu\/sv\/wp-json\/wp\/v2\/pages"}],"about":[{"href":"https:\/\/mysouldrops.eu\/sv\/wp-json\/wp\/v2\/types\/page"}],"author":[{"embeddable":true,"href":"https:\/\/mysouldrops.eu\/sv\/wp-json\/wp\/v2\/users\/267682164"}],"replies":[{"embeddable":true,"href":"https:\/\/mysouldrops.eu\/sv\/wp-json\/wp\/v2\/comments?post=1152"}],"version-history":[{"count":19,"href":"https:\/\/mysouldrops.eu\/sv\/wp-json\/wp\/v2\/pages\/1152\/revisions"}],"predecessor-version":[{"id":1179,"href":"https:\/\/mysouldrops.eu\/sv\/wp-json\/wp\/v2\/pages\/1152\/revisions\/1179"}],"up":[{"embeddable":true,"href":"https:\/\/mysouldrops.eu\/sv\/wp-json\/wp\/v2\/pages\/820"}],"wp:attachment":[{"href":"https:\/\/mysouldrops.eu\/sv\/wp-json\/wp\/v2\/media?parent=1152"}],"curies":[{"name":"wp","href":"https:\/\/api.w.org\/{rel}","templated":true}]}}