{"id":1007,"date":"2025-07-04T14:23:26","date_gmt":"2025-07-04T12:23:26","guid":{"rendered":"https:\/\/mysouldrops.eu\/?post_type=product&#038;p=1007"},"modified":"2025-12-01T10:52:31","modified_gmt":"2025-12-01T09:52:31","slug":"%d0%b3%d0%b5%d0%bb%d1%8c-%d0%b4%d0%bb%d1%8f-%d0%bf%d1%80%d0%b0%d0%bd%d0%bd%d1%8f-%d0%b4%d0%b8%d1%82%d1%8f%d1%87%d0%be%d1%97-%d0%b1%d1%96%d0%bb%d0%b8%d0%b7%d0%bd%d0%b8-souldrops-baby-drop-%d0%b3%d1%96","status":"publish","type":"product","link":"https:\/\/mysouldrops.eu\/ukr\/termek\/souldrops-baby-drop-hipoallergen-szenzitiv-mosogel-babaruhakhoz\/","title":{"rendered":"\u0413\u0456\u043f\u043e\u0430\u043b\u0435\u0440\u0433\u0435\u043d\u043d\u0438\u0439 \u0434\u0435\u043b\u0456\u043a\u0430\u0442\u043d\u0438\u0439 \u0433\u0435\u043b\u044c \u0434\u043b\u044f \u043f\u0440\u0430\u043d\u043d\u044f \u0434\u0438\u0442\u044f\u0447\u043e\u0457 \u0431\u0456\u043b\u0438\u0437\u043d\u0438 Souldrops baby drop (1000 \u043c\u043b)"},"content":{"rendered":"<p><strong>\u0406\u0434\u0435\u0430\u043b\u044c\u043d\u0438\u0439 \u0432\u0438\u0431\u0456\u0440, \u044f\u043a\u0449\u043e \u0432\u0438 \u0448\u0443\u043a\u0430\u0454\u0442\u0435 \u0447\u0438\u0441\u0442\u0435 \u0442\u0430 \u043d\u0430\u0442\u0443\u0440\u0430\u043b\u044c\u043d\u0435 \u0440\u0456\u0448\u0435\u043d\u043d\u044f \u0434\u043b\u044f \u043f\u0440\u0430\u043d\u043d\u044f \u0434\u0438\u0442\u044f\u0447\u0438\u0445 \u0440\u0435\u0447\u0435\u0439! \u0413\u0435\u043b\u044c \u0434\u043b\u044f \u043f\u0440\u0430\u043d\u043d\u044f \u0434\u0438\u0442\u044f\u0447\u0438\u0445 \u0440\u0435\u0447\u0435\u0439 Souldrops:<\/strong><\/p>\n<p>\u041c'\u044f\u043a\u0430, \u0430\u043b\u0435 \u0435\u0444\u0435\u043a\u0442\u0438\u0432\u043d\u0430 \u0444\u043e\u0440\u043c\u0443\u043b\u0430 - \u043c\u0456\u0441\u0442\u0438\u0442\u044c \u043f\u043e\u0432\u0435\u0440\u0445\u043d\u0435\u0432\u043e-\u0430\u043a\u0442\u0438\u0432\u043d\u0456 \u0440\u0435\u0447\u043e\u0432\u0438\u043d\u0438 \u043d\u0430 \u043e\u0441\u043d\u043e\u0432\u0456 \u0446\u0443\u043a\u0440\u0443, \u044f\u043a\u0456 \u0433\u043b\u0438\u0431\u043e\u043a\u043e \u043e\u0447\u0438\u0449\u0430\u044e\u0442\u044c \u043f\u0440\u0438 \u043d\u0438\u0437\u044c\u043a\u0438\u0445 \u0442\u0435\u043c\u043f\u0435\u0440\u0430\u0442\u0443\u0440\u0430\u0445 \u0434\u043e 20\u00b0C.<br \/>\n\u0413\u0456\u043f\u043e\u0430\u043b\u0435\u0440\u0433\u0435\u043d\u043d\u0438\u0439 \u0456 \u0432\u0435\u0433\u0430\u043d\u0441\u044c\u043a\u0438\u0439, \u0431\u0435\u0437 SLS\/SLES, \u0431\u0435\u0437 \u0430\u0440\u043e\u043c\u0430\u0442\u0438\u0437\u0430\u0442\u043e\u0440\u0456\u0432, \u0431\u0435\u0437 \u0445\u043b\u043e\u0440\u0443 \u0456 \u0444\u043e\u0441\u0444\u0430\u0442\u0456\u0432 - \u0441\u0435\u0440\u0439\u043e\u0437\u043d\u0430 \u0442\u0443\u0440\u0431\u043e\u0442\u0430 \u043f\u0440\u043e \u0447\u0443\u0442\u043b\u0438\u0432\u0443 \u0448\u043a\u0456\u0440\u0443.<br \/>\n\u0415\u043a\u043e\u043b\u043e\u0433\u0456\u0447\u043d\u043e \u0447\u0438\u0441\u0442\u0430 \u0443\u043f\u0430\u043a\u043e\u0432\u043a\u0430 - \u0432\u043a\u043b\u0430\u0434\u0438\u0448 \u0437 \u043f\u0435\u0440\u0435\u0440\u043e\u0431\u043b\u0435\u043d\u043e\u0433\u043e \u043f\u043b\u0430\u0441\u0442\u0438\u043a\u0443 HDPE \u0442\u0430 \u0456\u043d\u0433\u0440\u0435\u0434\u0456\u0454\u043d\u0442\u0438, \u0449\u043e \u0431\u0456\u043e\u043b\u043e\u0433\u0456\u0447\u043d\u043e \u0440\u043e\u0437\u043a\u043b\u0430\u0434\u0430\u044e\u0442\u044c\u0441\u044f.<br \/>\n\u0421\u0435\u0440\u0442\u0438\u0444\u0456\u043a\u0430\u0442\u0438 \u0431\u0435\u0437\u043f\u0435\u043a\u0438 - \u0434\u0435\u0440\u043c\u0430\u0442\u043e\u043b\u043e\u0433\u0456\u0447\u043d\u0435 \u0442\u0435\u0441\u0442\u0443\u0432\u0430\u043d\u043d\u044f, ECOGARANTIE, \u0441\u0435\u0440\u0442\u0438\u0444\u0456\u043a\u0430\u0442 \u0404\u0432\u0440\u043e\u043f\u0435\u0439\u0441\u044c\u043a\u043e\u0433\u043e \u0432\u0435\u0433\u0430\u043d\u0441\u044c\u043a\u043e\u0433\u043e \u0442\u043e\u0432\u0430\u0440\u0438\u0441\u0442\u0432\u0430.<\/p>\n<p><strong>\u0406\u043d\u0441\u0442\u0440\u0443\u043a\u0446\u0456\u044f \u0456\u0437 \u0437\u0430\u0441\u0442\u043e\u0441\u0443\u0432\u0430\u043d\u043d\u044f<\/strong><\/p>\n<ul>\n<li>\u0417\u0430\u0432\u0430\u043d\u0442\u0430\u0436\u0442\u0435 \u0439\u043e\u0433\u043e \u0443 \u0432\u0456\u0434\u0441\u0456\u043a \u0434\u043e\u0437\u0430\u0442\u043e\u0440\u0430 \u043f\u0440\u0430\u043b\u044c\u043d\u043e\u0457 \u043c\u0430\u0448\u0438\u043d\u0438 \u0430\u0431\u043e \u0431\u0435\u0437\u043f\u043e\u0441\u0435\u0440\u0435\u0434\u043d\u044c\u043e \u043d\u0430 \u043e\u0434\u044f\u0433.<\/li>\n<li>\u0412\u0438\u043a\u043e\u0440\u0438\u0441\u0442\u043e\u0432\u0443\u0439\u0442\u0435 \u043f\u0440\u0438\u0431\u043b\u0438\u0437\u043d\u043e 50 \u043c\u043b (1 \u043a\u043e\u0432\u043f\u0430\u0447\u043e\u043a) \u0434\u043b\u044f \u0441\u0435\u0440\u0435\u0434\u043d\u044c\u043e\u0433\u043e \u043f\u0440\u0430\u043d\u043d\u044f (4-5 \u043a\u0433).<\/li>\n<li>\u0414\u043b\u044f \u0434\u0435\u043b\u0456\u043a\u0430\u0442\u043d\u0438\u0445 \u0440\u0435\u0447\u0435\u0439 \u0440\u0435\u043a\u043e\u043c\u0435\u043d\u0434\u0443\u0454\u0442\u044c\u0441\u044f \u0445\u043e\u043b\u043e\u0434\u043d\u0435 \u0430\u0431\u043e \u043f\u043e\u043c\u0456\u0440\u043d\u0435 (20-40 \u00b0C) \u043f\u0440\u0430\u043d\u043d\u044f.<\/li>\n<li>\u0414\u043b\u044f \u043c\u0438\u0442\u0442\u044f \u0440\u0443\u043a \u0434\u043e\u0441\u0442\u0430\u0442\u043d\u044c\u043e 1 \u043a\u043e\u0432\u043f\u0430\u0447\u043a\u0430 \u0433\u0435\u043b\u044e \u043d\u0430 10 \u043b\u0456\u0442\u0440\u0456\u0432 \u0432\u043e\u0434\u0438.<\/li>\n<\/ul>\n<p><strong>\u041e\u0441\u043e\u0431\u043b\u0438\u0432\u043e\u0441\u0442\u0456 \u0441\u0442\u0430\u043b\u043e\u0433\u043e \u0440\u043e\u0437\u0432\u0438\u0442\u043a\u0443<\/strong><\/p>\n<ul>\n<li>\u041d\u0430\u0442\u0443\u0440\u0430\u043b\u044c\u043d\u0456 \u043f\u043e\u0432\u0435\u0440\u0445\u043d\u0435\u0432\u043e-\u0430\u043a\u0442\u0438\u0432\u043d\u0456 \u0440\u0435\u0447\u043e\u0432\u0438\u043d\u0438 \u043d\u0430 \u043e\u0441\u043d\u043e\u0432\u0456 \u0446\u0443\u043a\u0440\u0443, \u0440\u043e\u0441\u043b\u0438\u043d\u043d\u0438\u0445 \u0435\u043d\u0437\u0438\u043c\u0456\u0432 \u0442\u0430 \u0432\u043e\u0434\u043d\u043e\u0433\u043e \u0440\u043e\u0437\u0447\u0438\u043d\u0443.<\/li>\n<li>\u0411\u0435\u0437 SLS\/SLES, \u0444\u043e\u0441\u0444\u0430\u0442\u0456\u0432, \u0445\u043b\u043e\u0440\u0443 \u0442\u0430 \u0448\u0442\u0443\u0447\u043d\u0438\u0445 \u0430\u0440\u043e\u043c\u0430\u0442\u0438\u0437\u0430\u0442\u043e\u0440\u0456\u0432 - \u0434\u0431\u0430\u0439\u043b\u0438\u0432\u0435 \u0441\u0442\u0430\u0432\u043b\u0435\u043d\u043d\u044f \u0434\u043e \u0448\u043a\u0456\u0440\u0438 \u0442\u0430 \u0434\u043e\u0432\u043a\u0456\u043b\u043b\u044f.<\/li>\n<li>\u0406\u043d\u0433\u0440\u0435\u0434\u0456\u0454\u043d\u0442\u0438 \u0432\u0435\u0433\u0430\u043d\u0441\u044c\u043a\u0456 \u0442\u0430 \u043d\u0435 \u043c\u0456\u0441\u0442\u044f\u0442\u044c \u0436\u043e\u0440\u0441\u0442\u043e\u043a\u043e\u0441\u0442\u0456, \u0441\u0435\u0440\u0442\u0438\u0444\u0456\u043a\u043e\u0432\u0430\u043d\u0456 EWG.<\/li>\n<\/ul>","protected":false},"excerpt":{"rendered":"<p>&nbsp;<\/p>\n<p>\u041c'\u044f\u043a\u0438\u0439, \u0432\u0435\u0433\u0430\u043d\u0441\u044c\u043a\u0438\u0439 \u0442\u0430 \u0435\u043a\u043e\u043b\u043e\u0433\u0456\u0447\u043d\u043e \u0447\u0438\u0441\u0442\u0438\u0439 \u0433\u0435\u043b\u044c \u0434\u043b\u044f \u043f\u0440\u0430\u043d\u043d\u044f \u0434\u0438\u0442\u044f\u0447\u0438\u0445 \u0440\u0435\u0447\u0435\u0439 - \u0435\u0444\u0435\u043a\u0442\u0438\u0432\u043d\u043e \u0432\u0456\u0434\u043f\u0438\u0440\u0430\u0454, \u0437\u0430\u0445\u0438\u0449\u0430\u044e\u0447\u0438 \u0447\u0443\u0442\u043b\u0438\u0432\u0443 \u0448\u043a\u0456\u0440\u0443. \u0424\u043e\u0440\u043c\u0443\u043b\u0430 \u0431\u0435\u0437 \u0445\u043b\u043e\u0440\u0443, SLS \u0442\u0430 \u0430\u0440\u043e\u043c\u0430\u0442\u0438\u0437\u0430\u0442\u043e\u0440\u0456\u0432 \u0443 \u043f\u0435\u0440\u0435\u0440\u043e\u0431\u043b\u0435\u043d\u0456\u0439 \u0443\u043f\u0430\u043a\u043e\u0432\u0446\u0456.<\/p>","protected":false},"featured_media":82,"comment_status":"open","ping_status":"closed","template":"","meta":[],"product_brand":[1377],"product_cat":[1378,1385],"product_tag":[1479,1454,1480,1471,1477,1467,1463,1470,1475,1476,1474,1462,1469,1465,1473,1472,1468,1478,1464,1466],"class_list":{"0":"post-1007","1":"product","2":"type-product","3":"status-publish","4":"has-post-thumbnail","6":"product_brand-souldrops","7":"product_cat-mosogel","8":"product_cat-souldrops-baby","9":"product_tag-750ml","10":"product_tag-erzekeny-borre","11":"product_tag-erzekeny-textiliakhoz","12":"product_tag-okohatekony","13":"product_tag-ujrahasznositott-csomagolas","14":"product_tag-baba-mosogel","15":"product_tag-babamososzer","16":"product_tag-borbarat","17":"product_tag-cruelty-free","18":"product_tag-eco-mososzer","19":"product_tag-foszfatmentes","20":"product_tag-hipoallergen","21":"product_tag-illatanyagmentes","22":"product_tag-kornyezetbarat","23":"product_tag-klormentes","24":"product_tag-mosogel-babaknak","25":"product_tag-sls-mentes","26":"product_tag-souldrops-baby","27":"product_tag-termeszetes-mososzer","28":"product_tag-vegan-termek","30":"first","31":"instock","32":"taxable","33":"shipping-taxable","34":"product-type-simple"},"yoast_head":"<!-- This site is optimized with the Yoast SEO plugin v27.4 - https:\/\/yoast.com\/product\/yoast-seo-wordpress\/ -->\n<title>Souldrops baby drop hipoallerg\u00e9n-szenzit\u00edv mos\u00f3g\u00e9l babaruh\u00e1khoz (1000 ml) - Souldrops International<\/title>\n<meta name=\"description\" content=\"Hat\u00e9kony, n\u00f6v\u00e9nyi alap\u00fa mosogat\u00f3szer 750\u202fml kiszerel\u00e9sben \u2013 k\u0151olajmentes, biol\u00f3giailag leboml\u00f3 \u00e9s \u00e1llatk\u00eds\u00e9rlet-mentes formula, diszkr\u00e9t, z\u00f6ld tea illattal, amely megtartja a k\u00f6rnyezetbar\u00e1t mosogat\u00e1s \u00e9lm\u00e9ny\u00e9t.\" \/>\n<meta name=\"robots\" content=\"index, follow, max-snippet:-1, max-image-preview:large, max-video-preview:-1\" \/>\n<link rel=\"canonical\" href=\"https:\/\/mysouldrops.eu\/ukr\/product\/\u0433\u0435\u043b\u044c-\u0434\u043b\u044f-\u043f\u0440\u0430\u043d\u043d\u044f-\u0434\u0438\u0442\u044f\u0447\u043e\u0457-\u0431\u0456\u043b\u0438\u0437\u043d\u0438-souldrops-baby-drop-\u0433\u0456\/\" \/>\n<meta property=\"og:locale\" content=\"uk_UA\" \/>\n<meta property=\"og:type\" content=\"article\" \/>\n<meta property=\"og:title\" content=\"Souldrops baby drop hipoallerg\u00e9n-szenzit\u00edv mos\u00f3g\u00e9l babaruh\u00e1khoz (1000 ml) - Souldrops International\" \/>\n<meta property=\"og:description\" content=\"Hat\u00e9kony, n\u00f6v\u00e9nyi alap\u00fa mosogat\u00f3szer 750\u202fml kiszerel\u00e9sben \u2013 k\u0151olajmentes, biol\u00f3giailag leboml\u00f3 \u00e9s \u00e1llatk\u00eds\u00e9rlet-mentes formula, diszkr\u00e9t, z\u00f6ld tea illattal, amely megtartja a k\u00f6rnyezetbar\u00e1t mosogat\u00e1s \u00e9lm\u00e9ny\u00e9t.\" \/>\n<meta property=\"og:url\" content=\"https:\/\/mysouldrops.eu\/ukr\/product\/\u0433\u0435\u043b\u044c-\u0434\u043b\u044f-\u043f\u0440\u0430\u043d\u043d\u044f-\u0434\u0438\u0442\u044f\u0447\u043e\u0457-\u0431\u0456\u043b\u0438\u0437\u043d\u0438-souldrops-baby-drop-\u0433\u0456\/\" \/>\n<meta property=\"og:site_name\" content=\"Souldrops International\" \/>\n<meta property=\"article:modified_time\" content=\"2025-12-01T09:52:31+00:00\" \/>\n<meta property=\"og:image\" content=\"https:\/\/mysouldrops.eu\/wp-content\/uploads\/2025\/06\/BG10_REG_-F-PAN636_SZ-PAN2736-_NINV_v4.png\" \/>\n\t<meta property=\"og:image:width\" content=\"2000\" \/>\n\t<meta property=\"og:image:height\" content=\"2000\" \/>\n\t<meta property=\"og:image:type\" content=\"image\/png\" \/>\n<meta name=\"twitter:card\" content=\"summary_large_image\" \/>\n<meta name=\"twitter:label1\" content=\"\u041f\u0440\u0438\u0431\u043b. \u0447\u0430\u0441 \u0447\u0438\u0442\u0430\u043d\u043d\u044f\" \/>\n\t<meta name=\"twitter:data1\" content=\"1 \u0445\u0432\u0438\u043b\u0438\u043d\u0430\" \/>\n<script type=\"application\/ld+json\" class=\"yoast-schema-graph\">{\"@context\":\"https:\\\/\\\/schema.org\",\"@graph\":[{\"@type\":\"WebPage\",\"@id\":\"https:\\\/\\\/mysouldrops.eu\\\/termek\\\/souldrops-baby-drop-hipoallergen-szenzitiv-mosogel-babaruhakhoz\\\/\",\"url\":\"https:\\\/\\\/mysouldrops.eu\\\/termek\\\/souldrops-baby-drop-hipoallergen-szenzitiv-mosogel-babaruhakhoz\\\/\",\"name\":\"Souldrops baby drop hipoallerg\u00e9n-szenzit\u00edv mos\u00f3g\u00e9l babaruh\u00e1khoz (1000 ml) - Souldrops International\",\"isPartOf\":{\"@id\":\"https:\\\/\\\/mysouldrops.eu\\\/#website\"},\"primaryImageOfPage\":{\"@id\":\"https:\\\/\\\/mysouldrops.eu\\\/termek\\\/souldrops-baby-drop-hipoallergen-szenzitiv-mosogel-babaruhakhoz\\\/#primaryimage\"},\"image\":{\"@id\":\"https:\\\/\\\/mysouldrops.eu\\\/termek\\\/souldrops-baby-drop-hipoallergen-szenzitiv-mosogel-babaruhakhoz\\\/#primaryimage\"},\"thumbnailUrl\":\"https:\\\/\\\/mysouldrops.eu\\\/wp-content\\\/uploads\\\/2025\\\/06\\\/BG10_REG_-F-PAN636_SZ-PAN2736-_NINV_v4.png\",\"datePublished\":\"2025-07-04T12:23:26+00:00\",\"dateModified\":\"2025-12-01T09:52:31+00:00\",\"description\":\"Hat\u00e9kony, n\u00f6v\u00e9nyi alap\u00fa mosogat\u00f3szer 750\u202fml kiszerel\u00e9sben \u2013 k\u0151olajmentes, biol\u00f3giailag leboml\u00f3 \u00e9s \u00e1llatk\u00eds\u00e9rlet-mentes formula, diszkr\u00e9t, z\u00f6ld tea illattal, amely megtartja a k\u00f6rnyezetbar\u00e1t mosogat\u00e1s \u00e9lm\u00e9ny\u00e9t.\",\"breadcrumb\":{\"@id\":\"https:\\\/\\\/mysouldrops.eu\\\/termek\\\/souldrops-baby-drop-hipoallergen-szenzitiv-mosogel-babaruhakhoz\\\/#breadcrumb\"},\"inLanguage\":\"uk\",\"potentialAction\":[{\"@type\":\"ReadAction\",\"target\":[\"https:\\\/\\\/mysouldrops.eu\\\/termek\\\/souldrops-baby-drop-hipoallergen-szenzitiv-mosogel-babaruhakhoz\\\/\"]}]},{\"@type\":\"ImageObject\",\"inLanguage\":\"uk\",\"@id\":\"https:\\\/\\\/mysouldrops.eu\\\/termek\\\/souldrops-baby-drop-hipoallergen-szenzitiv-mosogel-babaruhakhoz\\\/#primaryimage\",\"url\":\"https:\\\/\\\/mysouldrops.eu\\\/wp-content\\\/uploads\\\/2025\\\/06\\\/BG10_REG_-F-PAN636_SZ-PAN2736-_NINV_v4.png\",\"contentUrl\":\"https:\\\/\\\/mysouldrops.eu\\\/wp-content\\\/uploads\\\/2025\\\/06\\\/BG10_REG_-F-PAN636_SZ-PAN2736-_NINV_v4.png\",\"width\":2000,\"height\":2000},{\"@type\":\"BreadcrumbList\",\"@id\":\"https:\\\/\\\/mysouldrops.eu\\\/termek\\\/souldrops-baby-drop-hipoallergen-szenzitiv-mosogel-babaruhakhoz\\\/#breadcrumb\",\"itemListElement\":[{\"@type\":\"ListItem\",\"position\":1,\"name\":\"Kezd\u0151lap\",\"item\":\"https:\\\/\\\/mysouldrops.eu\\\/\"},{\"@type\":\"ListItem\",\"position\":2,\"name\":\"Shop\",\"item\":\"https:\\\/\\\/mysouldrops.eu\\\/uzlet\\\/\"},{\"@type\":\"ListItem\",\"position\":3,\"name\":\"Souldrops baby drop hipoallerg\u00e9n-szenzit\u00edv mos\u00f3g\u00e9l babaruh\u00e1khoz (1000 ml)\"}]},{\"@type\":\"WebSite\",\"@id\":\"https:\\\/\\\/mysouldrops.eu\\\/#website\",\"url\":\"https:\\\/\\\/mysouldrops.eu\\\/\",\"name\":\"Souldrops International\",\"description\":\"A Souldrops egy k\u00f6rnyezettudatos tiszt\u00edt\u00f3szerm\u00e1rka, amely term\u00e9szetes \u00f6sszetev\u0151kkel \u00e9s st\u00edlusos szeml\u00e9lettel teszi tiszt\u00e1bb\u00e1 a vil\u00e1got \u2013 k\u00edv\u00fcl \u00e9s bel\u00fcl\",\"potentialAction\":[{\"@type\":\"SearchAction\",\"target\":{\"@type\":\"EntryPoint\",\"urlTemplate\":\"https:\\\/\\\/mysouldrops.eu\\\/?s={search_term_string}\"},\"query-input\":{\"@type\":\"PropertyValueSpecification\",\"valueRequired\":true,\"valueName\":\"search_term_string\"}}],\"inLanguage\":\"uk\"}]}<\/script>\n<!-- \/ Yoast SEO plugin. -->","yoast_head_json":{"title":"\u0413\u0456\u043f\u043e\u0430\u043b\u0435\u0440\u0433\u0435\u043d\u043d\u0438\u0439 \u0434\u0435\u043b\u0456\u043a\u0430\u0442\u043d\u0438\u0439 \u0433\u0435\u043b\u044c \u0434\u043b\u044f \u043f\u0440\u0430\u043d\u043d\u044f \u0434\u0438\u0442\u044f\u0447\u043e\u0457 \u0431\u0456\u043b\u0438\u0437\u043d\u0438 Souldrops baby drop (1000 \u043c\u043b) - Souldrops International","description":"\u0415\u0444\u0435\u043a\u0442\u0438\u0432\u043d\u0438\u0439 \u0437\u0430\u0441\u0456\u0431 \u0434\u043b\u044f \u043c\u0438\u0442\u0442\u044f \u043f\u043e\u0441\u0443\u0434\u0443 \u043d\u0430 \u0440\u043e\u0441\u043b\u0438\u043d\u043d\u0456\u0439 \u043e\u0441\u043d\u043e\u0432\u0456 \u043e\u0431'\u0454\u043c\u043e\u043c 750 \u043c\u043b, \u0449\u043e \u043d\u0435 \u043c\u0456\u0441\u0442\u0438\u0442\u044c \u043d\u0430\u0444\u0442\u043e\u043f\u0440\u043e\u0434\u0443\u043a\u0442\u0456\u0432, \u0431\u0456\u043e\u043b\u043e\u0433\u0456\u0447\u043d\u043e \u0440\u043e\u0437\u043a\u043b\u0430\u0434\u0430\u0454\u0442\u044c\u0441\u044f \u0442\u0430 \u043d\u0435 \u0442\u0435\u0441\u0442\u0443\u0454\u0442\u044c\u0441\u044f \u043d\u0430 \u0442\u0432\u0430\u0440\u0438\u043d\u0430\u0445, \u0437 \u043d\u0435\u043f\u043e\u043c\u0456\u0442\u043d\u0438\u043c \u0430\u0440\u043e\u043c\u0430\u0442\u043e\u043c \u0437\u0435\u043b\u0435\u043d\u043e\u0433\u043e \u0447\u0430\u044e, \u044f\u043a\u0438\u0439 \u0437\u0431\u0435\u0440\u0456\u0433\u0430\u0454 \u0432\u0456\u0434\u0447\u0443\u0442\u0442\u044f \u0435\u043a\u043e\u043b\u043e\u0433\u0456\u0447\u043d\u043e \u0447\u0438\u0441\u0442\u043e\u0433\u043e \u043c\u0438\u0442\u0442\u044f \u043f\u043e\u0441\u0443\u0434\u0443.","robots":{"index":"index","follow":"follow","max-snippet":"max-snippet:-1","max-image-preview":"max-image-preview:large","max-video-preview":"max-video-preview:-1"},"canonical":"https:\/\/mysouldrops.eu\/ukr\/product\/\u0433\u0435\u043b\u044c-\u0434\u043b\u044f-\u043f\u0440\u0430\u043d\u043d\u044f-\u0434\u0438\u0442\u044f\u0447\u043e\u0457-\u0431\u0456\u043b\u0438\u0437\u043d\u0438-souldrops-baby-drop-\u0433\u0456\/","og_locale":"uk_UA","og_type":"article","og_title":"Souldrops baby drop hipoallerg\u00e9n-szenzit\u00edv mos\u00f3g\u00e9l babaruh\u00e1khoz (1000 ml) - Souldrops International","og_description":"Hat\u00e9kony, n\u00f6v\u00e9nyi alap\u00fa mosogat\u00f3szer 750\u202fml kiszerel\u00e9sben \u2013 k\u0151olajmentes, biol\u00f3giailag leboml\u00f3 \u00e9s \u00e1llatk\u00eds\u00e9rlet-mentes formula, diszkr\u00e9t, z\u00f6ld tea illattal, amely megtartja a k\u00f6rnyezetbar\u00e1t mosogat\u00e1s \u00e9lm\u00e9ny\u00e9t.","og_url":"https:\/\/mysouldrops.eu\/ukr\/product\/\u0433\u0435\u043b\u044c-\u0434\u043b\u044f-\u043f\u0440\u0430\u043d\u043d\u044f-\u0434\u0438\u0442\u044f\u0447\u043e\u0457-\u0431\u0456\u043b\u0438\u0437\u043d\u0438-souldrops-baby-drop-\u0433\u0456\/","og_site_name":"Souldrops International","article_modified_time":"2025-12-01T09:52:31+00:00","og_image":[{"width":2000,"height":2000,"url":"https:\/\/mysouldrops.eu\/wp-content\/uploads\/2025\/06\/BG10_REG_-F-PAN636_SZ-PAN2736-_NINV_v4.png","type":"image\/png"}],"twitter_card":"summary_large_image","twitter_misc":{"\u041f\u0440\u0438\u0431\u043b. \u0447\u0430\u0441 \u0447\u0438\u0442\u0430\u043d\u043d\u044f":"1 \u0445\u0432\u0438\u043b\u0438\u043d\u0430"},"schema":{"@context":"https:\/\/schema.org","@graph":[{"@type":"WebPage","@id":"https:\/\/mysouldrops.eu\/termek\/souldrops-baby-drop-hipoallergen-szenzitiv-mosogel-babaruhakhoz\/","url":"https:\/\/mysouldrops.eu\/termek\/souldrops-baby-drop-hipoallergen-szenzitiv-mosogel-babaruhakhoz\/","name":"\u0413\u0456\u043f\u043e\u0430\u043b\u0435\u0440\u0433\u0435\u043d\u043d\u0438\u0439 \u0434\u0435\u043b\u0456\u043a\u0430\u0442\u043d\u0438\u0439 \u0433\u0435\u043b\u044c \u0434\u043b\u044f \u043f\u0440\u0430\u043d\u043d\u044f \u0434\u0438\u0442\u044f\u0447\u043e\u0457 \u0431\u0456\u043b\u0438\u0437\u043d\u0438 Souldrops baby drop (1000 \u043c\u043b) - Souldrops International","isPartOf":{"@id":"https:\/\/mysouldrops.eu\/#website"},"primaryImageOfPage":{"@id":"https:\/\/mysouldrops.eu\/termek\/souldrops-baby-drop-hipoallergen-szenzitiv-mosogel-babaruhakhoz\/#primaryimage"},"image":{"@id":"https:\/\/mysouldrops.eu\/termek\/souldrops-baby-drop-hipoallergen-szenzitiv-mosogel-babaruhakhoz\/#primaryimage"},"thumbnailUrl":"https:\/\/mysouldrops.eu\/wp-content\/uploads\/2025\/06\/BG10_REG_-F-PAN636_SZ-PAN2736-_NINV_v4.png","datePublished":"2025-07-04T12:23:26+00:00","dateModified":"2025-12-01T09:52:31+00:00","description":"\u0415\u0444\u0435\u043a\u0442\u0438\u0432\u043d\u0438\u0439 \u0437\u0430\u0441\u0456\u0431 \u0434\u043b\u044f \u043c\u0438\u0442\u0442\u044f \u043f\u043e\u0441\u0443\u0434\u0443 \u043d\u0430 \u0440\u043e\u0441\u043b\u0438\u043d\u043d\u0456\u0439 \u043e\u0441\u043d\u043e\u0432\u0456 \u043e\u0431'\u0454\u043c\u043e\u043c 750 \u043c\u043b, \u0449\u043e \u043d\u0435 \u043c\u0456\u0441\u0442\u0438\u0442\u044c \u043d\u0430\u0444\u0442\u043e\u043f\u0440\u043e\u0434\u0443\u043a\u0442\u0456\u0432, \u0431\u0456\u043e\u043b\u043e\u0433\u0456\u0447\u043d\u043e \u0440\u043e\u0437\u043a\u043b\u0430\u0434\u0430\u0454\u0442\u044c\u0441\u044f \u0442\u0430 \u043d\u0435 \u0442\u0435\u0441\u0442\u0443\u0454\u0442\u044c\u0441\u044f \u043d\u0430 \u0442\u0432\u0430\u0440\u0438\u043d\u0430\u0445, \u0437 \u043d\u0435\u043f\u043e\u043c\u0456\u0442\u043d\u0438\u043c \u0430\u0440\u043e\u043c\u0430\u0442\u043e\u043c \u0437\u0435\u043b\u0435\u043d\u043e\u0433\u043e \u0447\u0430\u044e, \u044f\u043a\u0438\u0439 \u0437\u0431\u0435\u0440\u0456\u0433\u0430\u0454 \u0432\u0456\u0434\u0447\u0443\u0442\u0442\u044f \u0435\u043a\u043e\u043b\u043e\u0433\u0456\u0447\u043d\u043e \u0447\u0438\u0441\u0442\u043e\u0433\u043e \u043c\u0438\u0442\u0442\u044f \u043f\u043e\u0441\u0443\u0434\u0443.","breadcrumb":{"@id":"https:\/\/mysouldrops.eu\/termek\/souldrops-baby-drop-hipoallergen-szenzitiv-mosogel-babaruhakhoz\/#breadcrumb"},"inLanguage":"uk","potentialAction":[{"@type":"ReadAction","target":["https:\/\/mysouldrops.eu\/termek\/souldrops-baby-drop-hipoallergen-szenzitiv-mosogel-babaruhakhoz\/"]}]},{"@type":"ImageObject","inLanguage":"uk","@id":"https:\/\/mysouldrops.eu\/termek\/souldrops-baby-drop-hipoallergen-szenzitiv-mosogel-babaruhakhoz\/#primaryimage","url":"https:\/\/mysouldrops.eu\/wp-content\/uploads\/2025\/06\/BG10_REG_-F-PAN636_SZ-PAN2736-_NINV_v4.png","contentUrl":"https:\/\/mysouldrops.eu\/wp-content\/uploads\/2025\/06\/BG10_REG_-F-PAN636_SZ-PAN2736-_NINV_v4.png","width":2000,"height":2000},{"@type":"BreadcrumbList","@id":"https:\/\/mysouldrops.eu\/termek\/souldrops-baby-drop-hipoallergen-szenzitiv-mosogel-babaruhakhoz\/#breadcrumb","itemListElement":[{"@type":"ListItem","position":1,"name":"Kezd\u0151lap","item":"https:\/\/mysouldrops.eu\/"},{"@type":"ListItem","position":2,"name":"Shop","item":"https:\/\/mysouldrops.eu\/uzlet\/"},{"@type":"ListItem","position":3,"name":"Souldrops baby drop hipoallerg\u00e9n-szenzit\u00edv mos\u00f3g\u00e9l babaruh\u00e1khoz (1000 ml)"}]},{"@type":"WebSite","@id":"https:\/\/mysouldrops.eu\/#website","url":"https:\/\/mysouldrops.eu\/","name":"Souldrops International","description":"Souldrops - \u0446\u0435 \u0435\u043a\u043e\u043b\u043e\u0433\u0456\u0447\u043d\u0438\u0439 \u0431\u0440\u0435\u043d\u0434, \u044f\u043a\u0438\u0439 \u0432\u0438\u043a\u043e\u0440\u0438\u0441\u0442\u043e\u0432\u0443\u0454 \u043d\u0430\u0442\u0443\u0440\u0430\u043b\u044c\u043d\u0456 \u0456\u043d\u0433\u0440\u0435\u0434\u0456\u0454\u043d\u0442\u0438 \u0442\u0430 \u0441\u0442\u0438\u043b\u044c\u043d\u0438\u0439 \u043f\u0456\u0434\u0445\u0456\u0434, \u0449\u043e\u0431 \u0437\u0440\u043e\u0431\u0438\u0442\u0438 \u0441\u0432\u0456\u0442 \u0447\u0438\u0441\u0442\u0456\u0448\u0438\u043c - \u0432\u0441\u0435\u0440\u0435\u0434\u0438\u043d\u0456 \u0442\u0430 \u0437\u043e\u0432\u043d\u0456.","potentialAction":[{"@type":"SearchAction","target":{"@type":"EntryPoint","urlTemplate":"https:\/\/mysouldrops.eu\/?s={search_term_string}"},"query-input":{"@type":"PropertyValueSpecification","valueRequired":true,"valueName":"search_term_string"}}],"inLanguage":"uk"}]}},"jetpack_likes_enabled":true,"jetpack_sharing_enabled":true,"_links":{"self":[{"href":"https:\/\/mysouldrops.eu\/ukr\/wp-json\/wp\/v2\/product\/1007","targetHints":{"allow":["GET"]}}],"collection":[{"href":"https:\/\/mysouldrops.eu\/ukr\/wp-json\/wp\/v2\/product"}],"about":[{"href":"https:\/\/mysouldrops.eu\/ukr\/wp-json\/wp\/v2\/types\/product"}],"replies":[{"embeddable":true,"href":"https:\/\/mysouldrops.eu\/ukr\/wp-json\/wp\/v2\/comments?post=1007"}],"wp:featuredmedia":[{"embeddable":true,"href":"https:\/\/mysouldrops.eu\/ukr\/wp-json\/wp\/v2\/media\/82"}],"wp:attachment":[{"href":"https:\/\/mysouldrops.eu\/ukr\/wp-json\/wp\/v2\/media?parent=1007"}],"wp:term":[{"taxonomy":"product_brand","embeddable":true,"href":"https:\/\/mysouldrops.eu\/ukr\/wp-json\/wp\/v2\/product_brand?post=1007"},{"taxonomy":"product_cat","embeddable":true,"href":"https:\/\/mysouldrops.eu\/ukr\/wp-json\/wp\/v2\/product_cat?post=1007"},{"taxonomy":"product_tag","embeddable":true,"href":"https:\/\/mysouldrops.eu\/ukr\/wp-json\/wp\/v2\/product_tag?post=1007"}],"curies":[{"name":"wp","href":"https:\/\/api.w.org\/{rel}","templated":true}]}}