{"id":1013,"date":"2025-07-04T14:35:02","date_gmt":"2025-07-04T12:35:02","guid":{"rendered":"https:\/\/mysouldrops.eu\/?post_type=product&#038;p=1013"},"modified":"2025-10-10T12:05:38","modified_gmt":"2025-10-10T10:05:38","slug":"%d0%ba%d1%80%d0%b0%d0%bf%d0%bb%d1%96-%d0%b4%d0%bb%d1%8f-%d0%b4%d0%b8%d1%82%d1%8f%d1%87%d0%be%d0%b3%d0%be-%d0%be%d0%b4%d1%8f%d0%b3%d1%83-%d0%b7-%d0%b3%d1%96%d0%bf%d0%be%d0%b0%d0%bb%d0%b5%d1%80%d0%b3","status":"publish","type":"product","link":"https:\/\/mysouldrops.eu\/ukr\/termek\/souldrops-baby-girl-drop-hipoallergen-szenzitiv-textiloblito-babaruhakhoz\/","title":{"rendered":"\u0413\u0456\u043f\u043e\u0430\u043b\u0435\u0440\u0433\u0435\u043d\u043d\u0438\u0439 \u043e\u043f\u043e\u043b\u0456\u0441\u043a\u0443\u0432\u0430\u0447 \u0434\u043b\u044f \u0434\u0438\u0442\u044f\u0447\u043e\u0457 \u0431\u0456\u043b\u0438\u0437\u043d\u0438 Souldrops baby girl \u043a\u0440\u0430\u043f\u0435\u043b\u044c\u043d\u0438\u0439 \u0433\u0456\u043f\u043e\u0430\u043b\u0435\u0440\u0433\u0435\u043d\u043d\u0438\u0439 \u0434\u043b\u044f \u0447\u0443\u0442\u043b\u0438\u0432\u0438\u0445 \u0442\u043a\u0430\u043d\u0438\u043d (1000 \u043c\u043b)"},"content":{"rendered":"<p>\u0421\u043f\u0435\u0446\u0456\u0430\u043b\u044c\u043d\u043e \u0440\u043e\u0437\u0440\u043e\u0431\u043b\u0435\u043d\u0438\u0439 \u0434\u043b\u044f \u0434\u0438\u0442\u044f\u0447\u043e\u0433\u043e \u043e\u0434\u044f\u0433\u0443 \u0442\u0430 \u043e\u0434\u044f\u0433\u0443 \u0434\u043b\u044f \u0434\u0456\u0442\u0435\u0439 \u0437 \u0447\u0443\u0442\u043b\u0438\u0432\u043e\u044e \u0448\u043a\u0456\u0440\u043e\u044e, \u0446\u0435\u0439 \u0433\u0456\u043f\u043e\u0430\u043b\u0435\u0440\u0433\u0435\u043d\u043d\u0438\u0439 \u043a\u043e\u043d\u0434\u0438\u0446\u0456\u043e\u043d\u0435\u0440 \u0434\u043b\u044f \u0431\u0456\u043b\u0438\u0437\u043d\u0438 \u0434\u0431\u0430\u0439\u043b\u0438\u0432\u043e \u0434\u043e\u0433\u043b\u044f\u0434\u0430\u0454 \u0437\u0430 \u0448\u043a\u0456\u0440\u043e\u044e \u0434\u0438\u0442\u0438\u043d\u0438, \u0437\u0430\u0445\u0438\u0449\u0430\u044e\u0447\u0438 \u043f\u043e\u0442\u0440\u0435\u0431\u0438 \u043d\u0430\u0439\u043d\u0456\u0436\u043d\u0456\u0448\u043e\u0457 \u0448\u043a\u0456\u0440\u0438.<\/p>\n<p><strong>\u041e\u0441\u043d\u043e\u0432\u043d\u0456 \u043f\u0435\u0440\u0435\u0432\u0430\u0433\u0438:<\/strong><\/p>\n<ul>\n<li>\u0424\u043e\u0440\u043c\u0443\u043b\u0430, \u0431\u0435\u0437\u043f\u0435\u0447\u043d\u0430 \u0434\u043b\u044f \u0448\u043a\u0456\u0440\u0438: \u043d\u0435 \u043c\u0456\u0441\u0442\u0438\u0442\u044c \u0430\u043b\u0435\u0440\u0433\u0435\u043d\u043d\u0438\u0445 \u0435\u043d\u0437\u0438\u043c\u0456\u0432 \u0442\u0430 \u0430\u0440\u043e\u043c\u0430\u0442\u0438\u0437\u0430\u0442\u043e\u0440\u0456\u0432 - \u0431\u0435\u0437\u043f\u0435\u0447\u043d\u0430 \u0434\u043b\u044f \u0434\u0456\u0442\u0435\u0439<\/li>\n<li>\u0421\u0442\u0456\u0439\u043a\u0438\u0439, \u043a\u0432\u0456\u0442\u043a\u043e\u0432\u0438\u0439 \u0430\u0440\u043e\u043c\u0430\u0442 \u0437\u0430\u043b\u0438\u0448\u0430\u0454\u0442\u044c\u0441\u044f \u043d\u0430 \u043e\u0434\u044f\u0437\u0456, \u0437\u0430\u043b\u0438\u0448\u0430\u044e\u0447\u0438 \u043f\u0440\u0438\u0454\u043c\u043d\u0435 \u0456 \u043d\u0435 \u043f\u043e\u0434\u0440\u0430\u0437\u043d\u044e\u044e\u0447\u0435 \u0432\u0456\u0434\u0447\u0443\u0442\u0442\u044f<\/li>\n<li>\u0420\u043e\u0431\u0438\u0442\u044c \u0442\u043a\u0430\u043d\u0438\u043d\u0438 \u043c'\u044f\u043a\u0438\u043c\u0438 \u0442\u0430 \u0430\u043d\u0442\u0438\u0441\u0442\u0430\u0442\u0438\u0447\u043d\u0438\u043c\u0438, \u0456\u0434\u0435\u0430\u043b\u044c\u043d\u043e \u043f\u0456\u0434\u0445\u043e\u0434\u0438\u0442\u044c \u0434\u043b\u044f \u0434\u0438\u0442\u044f\u0447\u043e\u0433\u043e \u043e\u0434\u044f\u0433\u0443<\/li>\n<li>\u0406\u043d\u0433\u0440\u0435\u0434\u0456\u0454\u043d\u0442\u0438, \u0431\u0435\u0437\u043f\u0435\u0447\u043d\u0456 \u0434\u043b\u044f \u0434\u0438\u0442\u044f\u0447\u043e\u0457 \u0448\u043a\u0456\u0440\u0438, \u0443 \u0440\u0435\u0442\u0435\u043b\u044c\u043d\u043e \u043f\u0456\u0434\u0456\u0431\u0440\u0430\u043d\u0456\u0439, \u0434\u0435\u0440\u043c\u0430\u0442\u043e\u043b\u043e\u0433\u0456\u0447\u043d\u043e \u043f\u0440\u043e\u0442\u0435\u0441\u0442\u043e\u0432\u0430\u043d\u0456\u0439 \u0444\u043e\u0440\u043c\u0443\u043b\u0456<\/li>\n<\/ul>\n<p><strong>\u0406\u043d\u0441\u0442\u0440\u0443\u043a\u0446\u0456\u044f \u043f\u043e \u0437\u0430\u0441\u0442\u043e\u0441\u0443\u0432\u0430\u043d\u043d\u044e:<\/strong><\/p>\n<ul>\n<li>\u0423 \u043f\u0440\u0430\u043b\u044c\u043d\u0456\u0439 \u043c\u0430\u0448\u0438\u043d\u0456: \u043d\u0430\u043b\u0438\u0439\u0442\u0435 \u0443 \u0432\u0456\u0434\u0434\u0456\u043b\u0435\u043d\u043d\u044f \u0434\u043b\u044f \u043c\u0438\u044e\u0447\u0438\u0445 \u0437\u0430\u0441\u043e\u0431\u0456\u0432 \u0430\u0431\u043e \u0431\u0435\u0437\u043f\u043e\u0441\u0435\u0440\u0435\u0434\u043d\u044c\u043e \u043d\u0430 \u0431\u0456\u043b\u0438\u0437\u043d\u0443.<\/li>\n<li>\u0414\u043b\u044f \u043c\u0438\u0442\u0442\u044f \u0440\u0443\u043a: \u0432\u0438\u043a\u043e\u0440\u0438\u0441\u0442\u043e\u0432\u0443\u0439\u0442\u0435 \u0431\u043b\u0438\u0437\u044c\u043a\u043e 25 \u043c\u043b \u043d\u0430 5-10 \u043b \u0432\u043e\u0434\u0438.<\/li>\n<li>\u0414\u043e\u0437\u0443\u0432\u0430\u043d\u043d\u044f: \u0434\u043b\u044f \u043f\u0440\u0430\u043d\u043d\u044f 4-5 \u043a\u0433 \u0431\u0456\u043b\u0438\u0437\u043d\u0438 \u0434\u043e\u0441\u0442\u0430\u0442\u043d\u044c\u043e \u0431\u043b\u0438\u0437\u044c\u043a\u043e 25 \u043c\u043b - \u0432\u0438\u0441\u0442\u0430\u0447\u0438\u0442\u044c \u043f\u0440\u0438\u0431\u043b\u0438\u0437\u043d\u043e \u043d\u0430 40 \u043f\u0440\u0430\u043d\u044c.<\/li>\n<\/ul>\n<p><strong>\u0414\u043b\u044f \u043a\u043e\u0433\u043e \u0446\u0435?<\/strong><\/p>\n<ul>\n<li>\u0414\u043b\u044f \u0447\u0443\u0442\u043b\u0438\u0432\u043e\u0433\u043e, \u0433\u0456\u043f\u043e\u0430\u043b\u0435\u0440\u0433\u0435\u043d\u043d\u043e\u0433\u043e \u0434\u0438\u0442\u044f\u0447\u043e\u0433\u043e \u043e\u0434\u044f\u0433\u0443<\/li>\n<li>\u0414\u043b\u044f \u0434\u0456\u0442\u0435\u0439 \u0437 \u0448\u043a\u0456\u0440\u043d\u043e\u044e \u0430\u043b\u0435\u0440\u0433\u0456\u0454\u044e \u0430\u0431\u043e \u0430\u0442\u043e\u043f\u0456\u0447\u043d\u043e\u044e \u0448\u043a\u0456\u0440\u043e\u044e<\/li>\n<li>\u0414\u043b\u044f \u0441\u0456\u043c\u0435\u0439 \u0437\u0456 \u0441\u0442\u0430\u043b\u0438\u043c \u0432\u0435\u0433\u0430\u043d\u0441\u044c\u043a\u0438\u043c \u0441\u043f\u043e\u0441\u043e\u0431\u043e\u043c \u0436\u0438\u0442\u0442\u044f<\/li>\n<\/ul>","protected":false},"excerpt":{"rendered":"<p>&nbsp;<\/p>\n<p>\u041d\u0456\u0436\u043d\u0438\u0439 \u0433\u0456\u043f\u043e\u0430\u043b\u0435\u0440\u0433\u0435\u043d\u043d\u0438\u0439 \u043e\u043f\u043e\u043b\u0456\u0441\u043a\u0443\u0432\u0430\u0447 \u0434\u043b\u044f \u0434\u0438\u0442\u044f\u0447\u0438\u0445 \u0440\u0435\u0447\u0435\u0439 \u0437 \u043a\u0432\u0456\u0442\u043a\u043e\u0432\u0438\u043c \u0430\u0440\u043e\u043c\u0430\u0442\u043e\u043c - \u0440\u043e\u0431\u0438\u0442\u044c \u043e\u0434\u044f\u0433 \u043c'\u044f\u043a\u0438\u043c, \u0430\u043d\u0442\u0438\u0441\u0442\u0430\u0442\u0438\u0447\u043d\u0438\u0439, \u0437\u0456 \u0441\u0442\u0456\u0439\u043a\u0438\u043c \u0430\u0440\u043e\u043c\u0430\u0442\u043e\u043c \u0456 \u043f\u043e\u0432\u043d\u0456\u0441\u0442\u044e \u0431\u0435\u0437\u043f\u0435\u0447\u043d\u043e\u044e \u0434\u043b\u044f \u0448\u043a\u0456\u0440\u0438 \u0444\u043e\u0440\u043c\u0443\u043b\u043e\u044e.<\/p>","protected":false},"featured_media":86,"comment_status":"open","ping_status":"closed","template":"","meta":[],"product_brand":[1377],"product_cat":[1385],"product_tag":[1487,1486,1454,1484,1482,1485,1481,1478,1483,1488],"class_list":{"0":"post-1013","1":"product","2":"type-product","3":"status-publish","4":"has-post-thumbnail","6":"product_brand-souldrops","7":"product_cat-souldrops-baby","8":"product_tag-1000ml-oblito","9":"product_tag-antisztatikus-textiloblito","10":"product_tag-erzekeny-borre","11":"product_tag-baba-girl-drop","12":"product_tag-babamosas","13":"product_tag-babaruhakhoz-oblito","14":"product_tag-hipoallergen-textiloblito","15":"product_tag-souldrops-baby","16":"product_tag-vegan-textiloblito","17":"product_tag-viragos-illatu-babamoso","19":"first","20":"instock","21":"taxable","22":"shipping-taxable","23":"product-type-simple"},"yoast_head":"<!-- This site is optimized with the Yoast SEO plugin v27.4 - https:\/\/yoast.com\/product\/yoast-seo-wordpress\/ -->\n<title>Souldrops baby girl drop hipoallerg\u00e9n-szenzit\u00edv textil\u00f6bl\u00edt\u0151 babaruh\u00e1khoz (1000 ml) - Souldrops International<\/title>\n<meta name=\"description\" content=\"\u201eK\u00edm\u00e9letes, vir\u00e1gos illat\u00fa hipoallerg\u00e9n textil\u00f6bl\u00edt\u0151 babaruh\u00e1khoz \u2013 puh\u00e1v\u00e1 teszi a ruh\u00e1kat, antisztatikus, hossz\u00fa illattart\u00f3ss\u00e1g\u00fa formula, teljesen b\u0151rbar\u00e1t \u00f6sszet\u00e9tellel.\u201d\" \/>\n<meta name=\"robots\" content=\"index, follow, max-snippet:-1, max-image-preview:large, max-video-preview:-1\" \/>\n<link rel=\"canonical\" href=\"https:\/\/mysouldrops.eu\/ukr\/product\/\u043a\u0440\u0430\u043f\u043b\u0456-\u0434\u043b\u044f-\u0434\u0438\u0442\u044f\u0447\u043e\u0433\u043e-\u043e\u0434\u044f\u0433\u0443-\u0437-\u0433\u0456\u043f\u043e\u0430\u043b\u0435\u0440\u0433\/\" \/>\n<meta property=\"og:locale\" content=\"uk_UA\" \/>\n<meta property=\"og:type\" content=\"article\" \/>\n<meta property=\"og:title\" content=\"Souldrops baby girl drop hipoallerg\u00e9n-szenzit\u00edv textil\u00f6bl\u00edt\u0151 babaruh\u00e1khoz (1000 ml) - Souldrops International\" \/>\n<meta property=\"og:description\" content=\"\u201eK\u00edm\u00e9letes, vir\u00e1gos illat\u00fa hipoallerg\u00e9n textil\u00f6bl\u00edt\u0151 babaruh\u00e1khoz \u2013 puh\u00e1v\u00e1 teszi a ruh\u00e1kat, antisztatikus, hossz\u00fa illattart\u00f3ss\u00e1g\u00fa formula, teljesen b\u0151rbar\u00e1t \u00f6sszet\u00e9tellel.\u201d\" \/>\n<meta property=\"og:url\" content=\"https:\/\/mysouldrops.eu\/ukr\/product\/\u043a\u0440\u0430\u043f\u043b\u0456-\u0434\u043b\u044f-\u0434\u0438\u0442\u044f\u0447\u043e\u0433\u043e-\u043e\u0434\u044f\u0433\u0443-\u0437-\u0433\u0456\u043f\u043e\u0430\u043b\u0435\u0440\u0433\/\" \/>\n<meta property=\"og:site_name\" content=\"Souldrops International\" \/>\n<meta property=\"article:modified_time\" content=\"2025-10-10T10:05:38+00:00\" \/>\n<meta property=\"og:image\" content=\"https:\/\/mysouldrops.eu\/wp-content\/uploads\/2025\/06\/BOGIRL10_REG__F-PAN700_SZ-FEHER_NINV_v5.png\" \/>\n\t<meta property=\"og:image:width\" content=\"2000\" \/>\n\t<meta property=\"og:image:height\" content=\"2000\" \/>\n\t<meta property=\"og:image:type\" content=\"image\/png\" \/>\n<meta name=\"twitter:card\" content=\"summary_large_image\" \/>\n<meta name=\"twitter:label1\" content=\"\u041f\u0440\u0438\u0431\u043b. \u0447\u0430\u0441 \u0447\u0438\u0442\u0430\u043d\u043d\u044f\" \/>\n\t<meta name=\"twitter:data1\" content=\"1 \u0445\u0432\u0438\u043b\u0438\u043d\u0430\" \/>\n<script type=\"application\/ld+json\" class=\"yoast-schema-graph\">{\"@context\":\"https:\\\/\\\/schema.org\",\"@graph\":[{\"@type\":\"WebPage\",\"@id\":\"https:\\\/\\\/mysouldrops.eu\\\/termek\\\/souldrops-baby-girl-drop-hipoallergen-szenzitiv-textiloblito-babaruhakhoz\\\/\",\"url\":\"https:\\\/\\\/mysouldrops.eu\\\/termek\\\/souldrops-baby-girl-drop-hipoallergen-szenzitiv-textiloblito-babaruhakhoz\\\/\",\"name\":\"Souldrops baby girl drop hipoallerg\u00e9n-szenzit\u00edv textil\u00f6bl\u00edt\u0151 babaruh\u00e1khoz (1000 ml) - Souldrops International\",\"isPartOf\":{\"@id\":\"https:\\\/\\\/mysouldrops.eu\\\/#website\"},\"primaryImageOfPage\":{\"@id\":\"https:\\\/\\\/mysouldrops.eu\\\/termek\\\/souldrops-baby-girl-drop-hipoallergen-szenzitiv-textiloblito-babaruhakhoz\\\/#primaryimage\"},\"image\":{\"@id\":\"https:\\\/\\\/mysouldrops.eu\\\/termek\\\/souldrops-baby-girl-drop-hipoallergen-szenzitiv-textiloblito-babaruhakhoz\\\/#primaryimage\"},\"thumbnailUrl\":\"https:\\\/\\\/mysouldrops.eu\\\/wp-content\\\/uploads\\\/2025\\\/06\\\/BOGIRL10_REG__F-PAN700_SZ-FEHER_NINV_v5.png\",\"datePublished\":\"2025-07-04T12:35:02+00:00\",\"dateModified\":\"2025-10-10T10:05:38+00:00\",\"description\":\"\u201eK\u00edm\u00e9letes, vir\u00e1gos illat\u00fa hipoallerg\u00e9n textil\u00f6bl\u00edt\u0151 babaruh\u00e1khoz \u2013 puh\u00e1v\u00e1 teszi a ruh\u00e1kat, antisztatikus, hossz\u00fa illattart\u00f3ss\u00e1g\u00fa formula, teljesen b\u0151rbar\u00e1t \u00f6sszet\u00e9tellel.\u201d\",\"breadcrumb\":{\"@id\":\"https:\\\/\\\/mysouldrops.eu\\\/termek\\\/souldrops-baby-girl-drop-hipoallergen-szenzitiv-textiloblito-babaruhakhoz\\\/#breadcrumb\"},\"inLanguage\":\"uk\",\"potentialAction\":[{\"@type\":\"ReadAction\",\"target\":[\"https:\\\/\\\/mysouldrops.eu\\\/termek\\\/souldrops-baby-girl-drop-hipoallergen-szenzitiv-textiloblito-babaruhakhoz\\\/\"]}]},{\"@type\":\"ImageObject\",\"inLanguage\":\"uk\",\"@id\":\"https:\\\/\\\/mysouldrops.eu\\\/termek\\\/souldrops-baby-girl-drop-hipoallergen-szenzitiv-textiloblito-babaruhakhoz\\\/#primaryimage\",\"url\":\"https:\\\/\\\/mysouldrops.eu\\\/wp-content\\\/uploads\\\/2025\\\/06\\\/BOGIRL10_REG__F-PAN700_SZ-FEHER_NINV_v5.png\",\"contentUrl\":\"https:\\\/\\\/mysouldrops.eu\\\/wp-content\\\/uploads\\\/2025\\\/06\\\/BOGIRL10_REG__F-PAN700_SZ-FEHER_NINV_v5.png\",\"width\":2000,\"height\":2000},{\"@type\":\"BreadcrumbList\",\"@id\":\"https:\\\/\\\/mysouldrops.eu\\\/termek\\\/souldrops-baby-girl-drop-hipoallergen-szenzitiv-textiloblito-babaruhakhoz\\\/#breadcrumb\",\"itemListElement\":[{\"@type\":\"ListItem\",\"position\":1,\"name\":\"Kezd\u0151lap\",\"item\":\"https:\\\/\\\/mysouldrops.eu\\\/\"},{\"@type\":\"ListItem\",\"position\":2,\"name\":\"Shop\",\"item\":\"https:\\\/\\\/mysouldrops.eu\\\/uzlet\\\/\"},{\"@type\":\"ListItem\",\"position\":3,\"name\":\"Souldrops baby girl drop hipoallerg\u00e9n-szenzit\u00edv textil\u00f6bl\u00edt\u0151 babaruh\u00e1khoz (1000 ml)\"}]},{\"@type\":\"WebSite\",\"@id\":\"https:\\\/\\\/mysouldrops.eu\\\/#website\",\"url\":\"https:\\\/\\\/mysouldrops.eu\\\/\",\"name\":\"Souldrops International\",\"description\":\"A Souldrops egy k\u00f6rnyezettudatos tiszt\u00edt\u00f3szerm\u00e1rka, amely term\u00e9szetes \u00f6sszetev\u0151kkel \u00e9s st\u00edlusos szeml\u00e9lettel teszi tiszt\u00e1bb\u00e1 a vil\u00e1got \u2013 k\u00edv\u00fcl \u00e9s bel\u00fcl\",\"potentialAction\":[{\"@type\":\"SearchAction\",\"target\":{\"@type\":\"EntryPoint\",\"urlTemplate\":\"https:\\\/\\\/mysouldrops.eu\\\/?s={search_term_string}\"},\"query-input\":{\"@type\":\"PropertyValueSpecification\",\"valueRequired\":true,\"valueName\":\"search_term_string\"}}],\"inLanguage\":\"uk\"}]}<\/script>\n<!-- \/ Yoast SEO plugin. -->","yoast_head_json":{"title":"\u0413\u0456\u043f\u043e\u0430\u043b\u0435\u0440\u0433\u0435\u043d\u043d\u0438\u0439 \u043e\u043f\u043e\u043b\u0456\u0441\u043a\u0443\u0432\u0430\u0447 \u0434\u043b\u044f \u0447\u0443\u0442\u043b\u0438\u0432\u0438\u0445 \u0442\u043a\u0430\u043d\u0438\u043d Souldrops baby girl \u043a\u0440\u0430\u043f\u0435\u043b\u044c\u043d\u0438\u0439 \u0434\u043b\u044f \u0434\u0438\u0442\u044f\u0447\u043e\u0457 \u0431\u0456\u043b\u0438\u0437\u043d\u0438 (1000 \u043c\u043b) - Souldrops International","description":"\u201e\u041d\u0456\u0436\u043d\u0438\u0439 \u0433\u0456\u043f\u043e\u0430\u043b\u0435\u0440\u0433\u0435\u043d\u043d\u0438\u0439 \u043a\u043e\u043d\u0434\u0438\u0446\u0456\u043e\u043d\u0435\u0440 \u0434\u043b\u044f \u0434\u0438\u0442\u044f\u0447\u043e\u0433\u043e \u043e\u0434\u044f\u0433\u0443 \u0437 \u043a\u0432\u0456\u0442\u043a\u043e\u0432\u0438\u043c \u0430\u0440\u043e\u043c\u0430\u0442\u043e\u043c - \u0437\u0430\u043b\u0438\u0448\u0430\u0454 \u043e\u0434\u044f\u0433 \u043c'\u044f\u043a\u0438\u043c, \u0430\u043d\u0442\u0438\u0441\u0442\u0430\u0442\u0438\u0447\u043d\u0438\u0439, \u0437\u0456 \u0441\u0442\u0456\u0439\u043a\u0438\u043c \u0430\u0440\u043e\u043c\u0430\u0442\u043e\u043c \u0456 \u043f\u043e\u0432\u043d\u0456\u0441\u0442\u044e \u0431\u0435\u0437\u043f\u0435\u0447\u043d\u043e\u044e \u0434\u043b\u044f \u0448\u043a\u0456\u0440\u0438 \u0444\u043e\u0440\u043c\u0443\u043b\u043e\u044e\u201d.\u201d","robots":{"index":"index","follow":"follow","max-snippet":"max-snippet:-1","max-image-preview":"max-image-preview:large","max-video-preview":"max-video-preview:-1"},"canonical":"https:\/\/mysouldrops.eu\/ukr\/product\/\u043a\u0440\u0430\u043f\u043b\u0456-\u0434\u043b\u044f-\u0434\u0438\u0442\u044f\u0447\u043e\u0433\u043e-\u043e\u0434\u044f\u0433\u0443-\u0437-\u0433\u0456\u043f\u043e\u0430\u043b\u0435\u0440\u0433\/","og_locale":"uk_UA","og_type":"article","og_title":"Souldrops baby girl drop hipoallerg\u00e9n-szenzit\u00edv textil\u00f6bl\u00edt\u0151 babaruh\u00e1khoz (1000 ml) - Souldrops International","og_description":"\u201eK\u00edm\u00e9letes, vir\u00e1gos illat\u00fa hipoallerg\u00e9n textil\u00f6bl\u00edt\u0151 babaruh\u00e1khoz \u2013 puh\u00e1v\u00e1 teszi a ruh\u00e1kat, antisztatikus, hossz\u00fa illattart\u00f3ss\u00e1g\u00fa formula, teljesen b\u0151rbar\u00e1t \u00f6sszet\u00e9tellel.\u201d","og_url":"https:\/\/mysouldrops.eu\/ukr\/product\/\u043a\u0440\u0430\u043f\u043b\u0456-\u0434\u043b\u044f-\u0434\u0438\u0442\u044f\u0447\u043e\u0433\u043e-\u043e\u0434\u044f\u0433\u0443-\u0437-\u0433\u0456\u043f\u043e\u0430\u043b\u0435\u0440\u0433\/","og_site_name":"Souldrops International","article_modified_time":"2025-10-10T10:05:38+00:00","og_image":[{"width":2000,"height":2000,"url":"https:\/\/mysouldrops.eu\/wp-content\/uploads\/2025\/06\/BOGIRL10_REG__F-PAN700_SZ-FEHER_NINV_v5.png","type":"image\/png"}],"twitter_card":"summary_large_image","twitter_misc":{"\u041f\u0440\u0438\u0431\u043b. \u0447\u0430\u0441 \u0447\u0438\u0442\u0430\u043d\u043d\u044f":"1 \u0445\u0432\u0438\u043b\u0438\u043d\u0430"},"schema":{"@context":"https:\/\/schema.org","@graph":[{"@type":"WebPage","@id":"https:\/\/mysouldrops.eu\/termek\/souldrops-baby-girl-drop-hipoallergen-szenzitiv-textiloblito-babaruhakhoz\/","url":"https:\/\/mysouldrops.eu\/termek\/souldrops-baby-girl-drop-hipoallergen-szenzitiv-textiloblito-babaruhakhoz\/","name":"\u0413\u0456\u043f\u043e\u0430\u043b\u0435\u0440\u0433\u0435\u043d\u043d\u0438\u0439 \u043e\u043f\u043e\u043b\u0456\u0441\u043a\u0443\u0432\u0430\u0447 \u0434\u043b\u044f \u0447\u0443\u0442\u043b\u0438\u0432\u0438\u0445 \u0442\u043a\u0430\u043d\u0438\u043d Souldrops baby girl \u043a\u0440\u0430\u043f\u0435\u043b\u044c\u043d\u0438\u0439 \u0434\u043b\u044f \u0434\u0438\u0442\u044f\u0447\u043e\u0457 \u0431\u0456\u043b\u0438\u0437\u043d\u0438 (1000 \u043c\u043b) - Souldrops International","isPartOf":{"@id":"https:\/\/mysouldrops.eu\/#website"},"primaryImageOfPage":{"@id":"https:\/\/mysouldrops.eu\/termek\/souldrops-baby-girl-drop-hipoallergen-szenzitiv-textiloblito-babaruhakhoz\/#primaryimage"},"image":{"@id":"https:\/\/mysouldrops.eu\/termek\/souldrops-baby-girl-drop-hipoallergen-szenzitiv-textiloblito-babaruhakhoz\/#primaryimage"},"thumbnailUrl":"https:\/\/mysouldrops.eu\/wp-content\/uploads\/2025\/06\/BOGIRL10_REG__F-PAN700_SZ-FEHER_NINV_v5.png","datePublished":"2025-07-04T12:35:02+00:00","dateModified":"2025-10-10T10:05:38+00:00","description":"\u201e\u041d\u0456\u0436\u043d\u0438\u0439 \u0433\u0456\u043f\u043e\u0430\u043b\u0435\u0440\u0433\u0435\u043d\u043d\u0438\u0439 \u043a\u043e\u043d\u0434\u0438\u0446\u0456\u043e\u043d\u0435\u0440 \u0434\u043b\u044f \u0434\u0438\u0442\u044f\u0447\u043e\u0433\u043e \u043e\u0434\u044f\u0433\u0443 \u0437 \u043a\u0432\u0456\u0442\u043a\u043e\u0432\u0438\u043c \u0430\u0440\u043e\u043c\u0430\u0442\u043e\u043c - \u0437\u0430\u043b\u0438\u0448\u0430\u0454 \u043e\u0434\u044f\u0433 \u043c'\u044f\u043a\u0438\u043c, \u0430\u043d\u0442\u0438\u0441\u0442\u0430\u0442\u0438\u0447\u043d\u0438\u0439, \u0437\u0456 \u0441\u0442\u0456\u0439\u043a\u0438\u043c \u0430\u0440\u043e\u043c\u0430\u0442\u043e\u043c \u0456 \u043f\u043e\u0432\u043d\u0456\u0441\u0442\u044e \u0431\u0435\u0437\u043f\u0435\u0447\u043d\u043e\u044e \u0434\u043b\u044f \u0448\u043a\u0456\u0440\u0438 \u0444\u043e\u0440\u043c\u0443\u043b\u043e\u044e\u201d.\u201d","breadcrumb":{"@id":"https:\/\/mysouldrops.eu\/termek\/souldrops-baby-girl-drop-hipoallergen-szenzitiv-textiloblito-babaruhakhoz\/#breadcrumb"},"inLanguage":"uk","potentialAction":[{"@type":"ReadAction","target":["https:\/\/mysouldrops.eu\/termek\/souldrops-baby-girl-drop-hipoallergen-szenzitiv-textiloblito-babaruhakhoz\/"]}]},{"@type":"ImageObject","inLanguage":"uk","@id":"https:\/\/mysouldrops.eu\/termek\/souldrops-baby-girl-drop-hipoallergen-szenzitiv-textiloblito-babaruhakhoz\/#primaryimage","url":"https:\/\/mysouldrops.eu\/wp-content\/uploads\/2025\/06\/BOGIRL10_REG__F-PAN700_SZ-FEHER_NINV_v5.png","contentUrl":"https:\/\/mysouldrops.eu\/wp-content\/uploads\/2025\/06\/BOGIRL10_REG__F-PAN700_SZ-FEHER_NINV_v5.png","width":2000,"height":2000},{"@type":"BreadcrumbList","@id":"https:\/\/mysouldrops.eu\/termek\/souldrops-baby-girl-drop-hipoallergen-szenzitiv-textiloblito-babaruhakhoz\/#breadcrumb","itemListElement":[{"@type":"ListItem","position":1,"name":"Kezd\u0151lap","item":"https:\/\/mysouldrops.eu\/"},{"@type":"ListItem","position":2,"name":"Shop","item":"https:\/\/mysouldrops.eu\/uzlet\/"},{"@type":"ListItem","position":3,"name":"Souldrops baby girl drop hipoallerg\u00e9n-szenzit\u00edv textil\u00f6bl\u00edt\u0151 babaruh\u00e1khoz (1000 ml)"}]},{"@type":"WebSite","@id":"https:\/\/mysouldrops.eu\/#website","url":"https:\/\/mysouldrops.eu\/","name":"Souldrops International","description":"Souldrops - \u0446\u0435 \u0435\u043a\u043e\u043b\u043e\u0433\u0456\u0447\u043d\u0438\u0439 \u0431\u0440\u0435\u043d\u0434, \u044f\u043a\u0438\u0439 \u0432\u0438\u043a\u043e\u0440\u0438\u0441\u0442\u043e\u0432\u0443\u0454 \u043d\u0430\u0442\u0443\u0440\u0430\u043b\u044c\u043d\u0456 \u0456\u043d\u0433\u0440\u0435\u0434\u0456\u0454\u043d\u0442\u0438 \u0442\u0430 \u0441\u0442\u0438\u043b\u044c\u043d\u0438\u0439 \u043f\u0456\u0434\u0445\u0456\u0434, \u0449\u043e\u0431 \u0437\u0440\u043e\u0431\u0438\u0442\u0438 \u0441\u0432\u0456\u0442 \u0447\u0438\u0441\u0442\u0456\u0448\u0438\u043c - \u0432\u0441\u0435\u0440\u0435\u0434\u0438\u043d\u0456 \u0442\u0430 \u0437\u043e\u0432\u043d\u0456.","potentialAction":[{"@type":"SearchAction","target":{"@type":"EntryPoint","urlTemplate":"https:\/\/mysouldrops.eu\/?s={search_term_string}"},"query-input":{"@type":"PropertyValueSpecification","valueRequired":true,"valueName":"search_term_string"}}],"inLanguage":"uk"}]}},"jetpack_likes_enabled":true,"jetpack_sharing_enabled":true,"_links":{"self":[{"href":"https:\/\/mysouldrops.eu\/ukr\/wp-json\/wp\/v2\/product\/1013","targetHints":{"allow":["GET"]}}],"collection":[{"href":"https:\/\/mysouldrops.eu\/ukr\/wp-json\/wp\/v2\/product"}],"about":[{"href":"https:\/\/mysouldrops.eu\/ukr\/wp-json\/wp\/v2\/types\/product"}],"replies":[{"embeddable":true,"href":"https:\/\/mysouldrops.eu\/ukr\/wp-json\/wp\/v2\/comments?post=1013"}],"wp:featuredmedia":[{"embeddable":true,"href":"https:\/\/mysouldrops.eu\/ukr\/wp-json\/wp\/v2\/media\/86"}],"wp:attachment":[{"href":"https:\/\/mysouldrops.eu\/ukr\/wp-json\/wp\/v2\/media?parent=1013"}],"wp:term":[{"taxonomy":"product_brand","embeddable":true,"href":"https:\/\/mysouldrops.eu\/ukr\/wp-json\/wp\/v2\/product_brand?post=1013"},{"taxonomy":"product_cat","embeddable":true,"href":"https:\/\/mysouldrops.eu\/ukr\/wp-json\/wp\/v2\/product_cat?post=1013"},{"taxonomy":"product_tag","embeddable":true,"href":"https:\/\/mysouldrops.eu\/ukr\/wp-json\/wp\/v2\/product_tag?post=1013"}],"curies":[{"name":"wp","href":"https:\/\/api.w.org\/{rel}","templated":true}]}}