{"id":1090,"date":"2025-07-13T20:06:19","date_gmt":"2025-07-13T18:06:19","guid":{"rendered":"https:\/\/mysouldrops.eu\/?post_type=product&#038;p=1090"},"modified":"2026-02-25T09:37:18","modified_gmt":"2026-02-25T08:37:18","slug":"%d0%ba%d1%80%d0%b0%d0%bf%d0%bb%d1%96-%d0%bd%d0%b5%d0%ba%d1%82%d0%b0%d1%80%d0%bd%d1%96-%d0%ba%d1%80%d0%b0%d0%bf%d0%bb%d1%96-%d0%be%d0%b1%d0%bb%d1%96%d1%82%d0%be-1000-%d0%bc%d0%bb","status":"publish","type":"product","link":"https:\/\/mysouldrops.eu\/ukr\/termek\/souldrops-nektarcsepp-oblito-1000-ml\/","title":{"rendered":"Souldrops \u041d\u0435\u043a\u0442\u0430\u0440\u043d\u0438\u0439 \u043e\u043f\u043e\u043b\u0456\u0441\u043a\u0443\u0432\u0430\u0447 (1000 \u043c\u043b)"},"content":{"rendered":"<p data-start=\"561\" data-end=\"867\">A <strong data-start=\"563\" data-end=\"595\">\u041e\u043f\u043e\u043b\u0456\u0441\u043a\u0443\u0432\u0430\u0447 Souldrops \u041d\u0435\u043a\u0442\u0430\u0440\u043d\u0456 \u043a\u0440\u0430\u043f\u043b\u0456<\/strong> \u043f\u0440\u0438\u043d\u0435\u0441\u0435 \u0443 \u0432\u0430\u0448\u0443 \u043e\u0441\u0435\u043b\u044e \u0430\u0440\u043e\u043c\u0430\u0442 \u0447\u0438\u0441\u0442\u043e\u0457, \u043f\u0440\u0438\u0440\u043e\u0434\u043d\u043e\u0457 \u0447\u0443\u0442\u0442\u0454\u0432\u043e\u0441\u0442\u0456. \u041f\u0430\u0440\u0444\u0443\u043c\u0435\u0440\u043d\u0430 \u043a\u043e\u043c\u043f\u043e\u0437\u0438\u0446\u0456\u044f \u0437\u0430\u0441\u043d\u043e\u0432\u0430\u043d\u0430 \u043d\u0430 \u0434\u0435\u043b\u0456\u043a\u0430\u0442\u043d\u043e-\u0441\u043e\u043b\u043e\u0434\u043a\u0438\u0445 \u0456 \u0432\u043e\u0434\u043d\u043e\u0447\u0430\u0441 \u043f\u0443\u0434\u0440\u043e\u0432\u043e-\u0447\u0438\u0441\u0442\u0438\u0445 \u043d\u043e\u0442\u0430\u0445 \u0441\u0432\u0456\u0436\u043e\u0437\u0456\u0431\u0440\u0430\u043d\u0438\u0445 \u043a\u0432\u0456\u0442\u0456\u0432 \u0431\u0430\u0432\u043e\u0432\u043d\u0438 - \u043d\u0435\u043c\u043e\u0432 \u043f\u043e\u0433\u043b\u0430\u0434\u0436\u0443\u0432\u0430\u043d\u043d\u044f \u0440\u043e\u0441\u044f\u043d\u043e\u0433\u043e \u043f\u043e\u043b\u043e\u0442\u043d\u0430, \u0449\u043e \u0441\u043e\u0445\u043d\u0435 \u043d\u0430 \u043b\u0456\u0442\u043d\u044c\u043e\u043c\u0443 \u0432\u0456\u0442\u0435\u0440\u0446\u0456 \u0442\u0435\u043f\u043b\u0438\u043c \u0441\u043e\u043d\u044f\u0447\u043d\u0438\u043c \u0440\u0430\u043d\u043a\u043e\u043c.<\/p>\n<p data-start=\"869\" data-end=\"1165\">\u0426\u0435\u0439 \u0430\u0440\u043e\u043c\u0430\u0442 \u043d\u0435 \u0454 \u043d\u0456 \u043a\u0440\u0438\u0447\u0443\u0449\u0438\u043c, \u043d\u0456 \u043f\u043e\u043a\u0430\u0437\u043d\u0438\u043c, \u0430 \u0441\u043a\u043e\u0440\u0456\u0448\u0435 <strong data-start=\"929\" data-end=\"961\">\u0442\u0438\u0445\u0430, \u043d\u0430\u0434\u0456\u0439\u043d\u0430 \u043f\u0440\u0438\u0441\u0443\u0442\u043d\u0456\u0441\u0442\u044c<\/strong>, \u0410\u0440\u043e\u043c\u0430\u0442, \u0449\u043e \u043f\u0440\u0438\u043d\u043e\u0441\u0438\u0442\u044c \u043c'\u044f\u043a\u0456\u0441\u0442\u044c \u0456 \u0433\u0430\u0440\u043c\u043e\u043d\u0456\u044e \u0432 \u043f\u043e\u0432\u0441\u044f\u043a\u0434\u0435\u043d\u043d\u0435 \u0436\u0438\u0442\u0442\u044f. \u041f\u043e\u0454\u0434\u043d\u0443\u0454 \u043a\u0440\u0430\u0441\u0443 \u043f\u0440\u0438\u0440\u043e\u0434\u0438 \u0442\u0430 \u0434\u043e\u043c\u0430\u0448\u043d\u0456\u0439 \u0437\u0430\u0442\u0438\u0448\u043e\u043a \u0443 \u043b\u0435\u0433\u043a\u0456\u0439, \u043d\u0435\u0432\u0430\u0433\u043e\u043c\u0456\u0439 \u043a\u043e\u043c\u043f\u043e\u0437\u0438\u0446\u0456\u0457, \u0449\u043e \u0437\u0430\u043b\u0438\u0448\u0430\u0454 \u043d\u0430 \u0442\u043a\u0430\u043d\u0438\u043d\u0430\u0445 \u0441\u0442\u0456\u0439\u043a\u0438\u0439, \u043d\u0456\u0436\u043d\u0438\u0439 \u0430\u0440\u043e\u043c\u0430\u0442.<\/p>\n<p data-start=\"1167\" data-end=\"1381\">\u0419\u043e\u0433\u043e \u0444\u043e\u0440\u043c\u0443\u043b\u0430 \u043d\u0456\u0436\u043d\u0430 \u043d\u0430\u0432\u0456\u0442\u044c \u0434\u043b\u044f \u0447\u0443\u0442\u043b\u0438\u0432\u043e\u0457 \u0448\u043a\u0456\u0440\u0438, <strong data-start=\"1204\" data-end=\"1247\">\u0432\u0435\u0433\u0430\u043d\u0441\u044c\u043a\u0456, \u0431\u0435\u0437 \u0430\u043b\u0435\u0440\u0433\u0435\u043d\u0456\u0432 \u0442\u0430 \u0435\u043a\u043e\u043b\u043e\u0433\u0456\u0447\u043d\u043e \u0447\u0438\u0441\u0442\u0456<\/strong>, \u0437\u0430\u0432\u0434\u044f\u043a\u0438 \u0447\u043e\u043c\u0443 \u0432\u0438 \u043e\u0442\u0440\u0438\u043c\u0443\u0454\u0442\u0435 \u0447\u0438\u0441\u0442\u0435 \u043f\u0440\u0430\u043d\u043d\u044f \u0431\u0435\u0437 \u043a\u043e\u043c\u043f\u0440\u043e\u043c\u0456\u0441\u0456\u0432 - \u0456\u0434\u0435\u0430\u043b\u044c\u043d\u0438\u0439 \u0431\u0430\u043b\u0430\u043d\u0441 \u0432\u0438\u0448\u0443\u043a\u0430\u043d\u043e\u0433\u043e \u0430\u0440\u043e\u043c\u0430\u0442\u0443 \u0442\u0430 \u0441\u0432\u0456\u0434\u043e\u043c\u043e\u0433\u043e \u0432\u0438\u0431\u043e\u0440\u0443.<\/p>\n<p data-start=\"1383\" data-end=\"1397\"><strong data-start=\"1383\" data-end=\"1395\">\u0412\u0438\u0433\u043e\u0434\u0438:<\/strong><\/p>\n<ul data-start=\"1398\" data-end=\"1613\">\n<li data-start=\"1398\" data-end=\"1440\">\n<p data-start=\"1400\" data-end=\"1440\">\u041d\u0456\u0436\u043d\u043e-\u0441\u043e\u043b\u043e\u0434\u043a\u0438\u0439, \u043f\u0443\u0434\u0440\u043e\u0432\u0438\u0439 \u043a\u0432\u0456\u0442\u043a\u043e\u0432\u0438\u0439 \u0430\u0440\u043e\u043c\u0430\u0442 \u0431\u0430\u0432\u043e\u0432\u043d\u0438<\/p>\n<\/li>\n<li data-start=\"1441\" data-end=\"1479\">\n<p data-start=\"1443\" data-end=\"1479\">\u0422\u0440\u0438\u0432\u0430\u043b\u0430, \u043d\u0435\u043f\u043e\u043c\u0456\u0442\u043d\u0430 \u0441\u0432\u0456\u0436\u0456\u0441\u0442\u044c<\/p>\n<\/li>\n<li data-start=\"1480\" data-end=\"1519\">\n<p data-start=\"1482\" data-end=\"1519\">\u041d\u0456\u0436\u043d\u0430 \u0444\u043e\u0440\u043c\u0443\u043b\u0430 \u0434\u043b\u044f \u0447\u0443\u0442\u043b\u0438\u0432\u043e\u0457 \u0448\u043a\u0456\u0440\u0438<\/p>\n<\/li>\n<li data-start=\"1520\" data-end=\"1563\">\n<p data-start=\"1522\" data-end=\"1563\">\u0412\u0435\u0433\u0430\u043d\u0441\u044c\u043a\u0456, \u0431\u0435\u0437 \u0430\u043b\u0435\u0440\u0433\u0435\u043d\u0456\u0432 \u0442\u0430 \u0435\u043a\u043e\u043b\u043e\u0433\u0456\u0447\u043d\u043e \u0447\u0438\u0441\u0442\u0456<\/p>\n<\/li>\n<li data-start=\"1564\" data-end=\"1613\">\n<p data-start=\"1566\" data-end=\"1613\">\u0417\u0431\u0435\u0440\u0456\u0433\u0430\u0454 \u043e\u0434\u044f\u0433 \u043c'\u044f\u043a\u0438\u043c \u0456 \u0441\u0432\u0456\u0436\u0438\u043c<\/p>\n<\/li>\n<\/ul>\n<p>&nbsp;<\/p>\n<div class=\"_tableContainer_16hzy_1\">\n<div class=\"_tableWrapper_16hzy_14 group flex w-fit flex-col-reverse\" tabindex=\"-1\">\n<table class=\"w-fit min-w-(--thread-content-width)\" data-start=\"212\" data-end=\"619\">\n<thead data-start=\"212\" data-end=\"291\">\n<tr data-start=\"212\" data-end=\"291\">\n<th data-start=\"212\" data-end=\"235\" data-col-size=\"sm\">\u042f\u043a \u043a\u043e\u0440\u0438\u0441\u0442\u0443\u0432\u0430\u0442\u0438\u0441\u044f<\/th>\n<th data-start=\"235\" data-end=\"266\" data-col-size=\"sm\">\u041a\u0456\u043b\u044c\u043a\u0456\u0441\u0442\u044c \u043e\u0434\u044f\u0433\u0443 \/ \u041a\u0456\u043b\u044c\u043a\u0456\u0441\u0442\u044c \u0432\u043e\u0434\u0438<\/th>\n<th data-start=\"266\" data-end=\"291\" data-col-size=\"sm\">\u0420\u0435\u043a\u043e\u043c\u0435\u043d\u0434\u043e\u0432\u0430\u043d\u0435 \u0434\u043e\u0437\u0443\u0432\u0430\u043d\u043d\u044f<\/th>\n<\/tr>\n<\/thead>\n<tbody data-start=\"374\" data-end=\"619\">\n<tr data-start=\"374\" data-end=\"455\">\n<td data-start=\"374\" data-end=\"397\" data-col-size=\"sm\"><strong data-start=\"376\" data-end=\"390\">\u041c\u0430\u0448\u0438\u043d\u043d\u0435 \u043f\u0440\u0430\u043d\u043d\u044f<\/strong><\/td>\n<td data-col-size=\"sm\" data-start=\"397\" data-end=\"429\">\u043d\u0430 4-5 \u043a\u0433 \u043e\u0434\u044f\u0433\u0443<\/td>\n<td data-col-size=\"sm\" data-start=\"429\" data-end=\"455\">1-2 \u043a\u043e\u0432\u043f\u0430\u0447\u043a\u0438 (25-50 \u043c\u043b)<\/td>\n<\/tr>\n<tr data-start=\"456\" data-end=\"537\">\n<td data-start=\"456\" data-end=\"479\" data-col-size=\"sm\"><strong data-start=\"458\" data-end=\"472\">\u041c\u0430\u0448\u0438\u043d\u043d\u0435 \u043f\u0440\u0430\u043d\u043d\u044f<\/strong><\/td>\n<td data-col-size=\"sm\" data-start=\"479\" data-end=\"511\">\u0434\u043b\u044f 7-9 \u043a\u0433 \u043e\u0434\u044f\u0433\u0443<\/td>\n<td data-col-size=\"sm\" data-start=\"511\" data-end=\"537\">3-4 \u043a\u0440\u0438\u0448\u0435\u0447\u043a\u0438 (75-100 \u043c\u043b)<\/td>\n<\/tr>\n<tr data-start=\"538\" data-end=\"619\">\n<td data-start=\"538\" data-end=\"561\" data-col-size=\"sm\"><strong data-start=\"540\" data-end=\"554\">\u0420\u0443\u0447\u043d\u0435 \u043f\u0440\u0430\u043d\u043d\u044f<\/strong><\/td>\n<td data-col-size=\"sm\" data-start=\"561\" data-end=\"593\">10 \u043b \u0432\u043e\u0434\u0438<\/td>\n<td data-col-size=\"sm\" data-start=\"593\" data-end=\"619\">2 \u043a\u043e\u0432\u043f\u0430\u0447\u043a\u0438 (50 \u043c\u043b)<\/td>\n<\/tr>\n<\/tbody>\n<\/table>\n<\/div>\n<\/div>\n<p>&nbsp;<\/p>\n<p>A <strong data-start=\"1705\" data-end=\"1737\">\u041e\u043f\u043e\u043b\u0456\u0441\u043a\u0443\u0432\u0430\u0447 Souldrops \u041d\u0435\u043a\u0442\u0430\u0440\u043d\u0456 \u043a\u0440\u0430\u043f\u043b\u0456<\/strong> \u0449\u043e\u0434\u0435\u043d\u043d\u0430 \u0440\u043e\u0437\u043a\u0456\u0448 - \u043c'\u044f\u043a\u0456\u0441\u0442\u044c, \u0441\u0432\u0456\u0436\u0456\u0441\u0442\u044c \u0456 \u0433\u0430\u0440\u043c\u043e\u043d\u0456\u044f \u043f\u0456\u0441\u043b\u044f \u043a\u043e\u0436\u043d\u043e\u0433\u043e \u043f\u0440\u0430\u043d\u043d\u044f.<\/p>","protected":false},"excerpt":{"rendered":"<p>A <strong data-start=\"162\" data-end=\"194\">\u041e\u043f\u043e\u043b\u0456\u0441\u043a\u0443\u0432\u0430\u0447 Souldrops \u041d\u0435\u043a\u0442\u0430\u0440\u043d\u0456 \u043a\u0440\u0430\u043f\u043b\u0456<\/strong> \u0437 \u0439\u043e\u0433\u043e \u0434\u0435\u043b\u0456\u043a\u0430\u0442\u043d\u043e-\u0441\u043e\u043b\u043e\u0434\u043a\u0438\u043c, \u043f\u0443\u0434\u0440\u043e\u0432\u0438\u043c \u0430\u0440\u043e\u043c\u0430\u0442\u043e\u043c \u0447\u0438\u0441\u0442\u043e\u0457 \u0431\u0430\u0432\u043e\u0432\u043d\u044f\u043d\u043e\u0457 \u043a\u0432\u0456\u0442\u043a\u0438 \u0434\u0430\u0440\u0443\u0454 \u0432\u0456\u0434\u0447\u0443\u0442\u0442\u044f \u043f\u0440\u0438\u0440\u043e\u0434\u043d\u043e\u0457 \u043c'\u044f\u043a\u043e\u0441\u0442\u0456 \u0442\u0430 \u0433\u0430\u0440\u043c\u043e\u043d\u0456\u0457. \u041b\u0430\u0433\u0456\u0434\u043d\u0430 \u0434\u043e \u043d\u0456\u0436\u043d\u043e\u0457 \u0448\u043a\u0456\u0440\u0438, \u0432\u0435\u0433\u0430\u043d\u0441\u044c\u043a\u0430 \u0444\u043e\u0440\u043c\u0443\u043b\u0430, \u0449\u043e \u043d\u0435 \u043c\u0456\u0441\u0442\u0438\u0442\u044c \u0430\u043b\u0435\u0440\u0433\u0435\u043d\u0456\u0432, \u0434\u043e\u0434\u0430\u0454 \u0442\u0435\u043a\u0441\u0442\u0438\u043b\u044e \u043c'\u044f\u043a\u043e\u0441\u0442\u0456, \u0441\u0432\u0456\u0436\u043e\u0441\u0442\u0456 \u0442\u0430 \u0441\u0442\u0456\u0439\u043a\u043e\u0433\u043e \u0430\u0440\u043e\u043c\u0430\u0442\u0443.<\/p>","protected":false},"featured_media":3107,"comment_status":"open","ping_status":"closed","template":"","meta":[],"product_brand":[1377],"product_cat":[1382],"product_tag":[1503,1496,1454,1446,1502,1471,1445,1470,1474,1505,1506,1501,1465,1473,1504,1497,1458,1447,1468,1439,1500,1499,1466],"class_list":{"0":"post-1090","1":"product","2":"type-product","3":"status-publish","4":"has-post-thumbnail","6":"product_brand-souldrops","7":"product_cat-oblito","8":"product_tag-1000ml","9":"product_tag-allergiabarat","10":"product_tag-erzekeny-borre","11":"product_tag-oblito","12":"product_tag-oko-textiloblito","13":"product_tag-okohatekony","14":"product_tag-balzsamcsepp","15":"product_tag-borbarat","16":"product_tag-foszfatmentes","17":"product_tag-friss-illat","18":"product_tag-gyenged-oblito","19":"product_tag-illatos-oblito","20":"product_tag-kornyezetbarat","21":"product_tag-klormentes","22":"product_tag-lagy-ruhak","23":"product_tag-magyar-termek","24":"product_tag-nektarcsepp","25":"product_tag-sensitive","26":"product_tag-sls-mentes","27":"product_tag-souldrops","28":"product_tag-termeszetes-osszetevok","29":"product_tag-textiloblito","30":"product_tag-vegan-termek","32":"first","33":"instock","34":"taxable","35":"shipping-taxable","36":"product-type-simple"},"yoast_head":"<!-- This site is optimized with the Yoast SEO plugin v27.4 - https:\/\/yoast.com\/product\/yoast-seo-wordpress\/ -->\n<title>Souldrops Nekt\u00e1rcsepp \u00d6bl\u00edt\u0151 (1000 ml) - Souldrops International<\/title>\n<meta name=\"description\" content=\"K\u00edm\u00e9letes, szenzit\u00edv textil\u00f6bl\u00edt\u0151, 1\u202f000\u202fml kiszerel\u00e9sben, amely puh\u00e1v\u00e1, antisztatikuss\u00e1 var\u00e1zsolja a ruh\u00e1kat, mik\u00f6zben hosszan tart\u00f3, diszkr\u00e9t illatot k\u00f6lcs\u00f6n\u00f6z.\" \/>\n<meta name=\"robots\" content=\"index, follow, max-snippet:-1, max-image-preview:large, max-video-preview:-1\" \/>\n<link rel=\"canonical\" href=\"https:\/\/mysouldrops.eu\/ukr\/product\/\u043a\u0440\u0430\u043f\u043b\u0456-\u043d\u0435\u043a\u0442\u0430\u0440\u043d\u0456-\u043a\u0440\u0430\u043f\u043b\u0456-\u043e\u0431\u043b\u0456\u0442\u043e-1000-\u043c\u043b\/\" \/>\n<meta property=\"og:locale\" content=\"uk_UA\" \/>\n<meta property=\"og:type\" content=\"article\" \/>\n<meta property=\"og:title\" content=\"Souldrops Nekt\u00e1rcsepp \u00d6bl\u00edt\u0151 (1000 ml) - Souldrops International\" \/>\n<meta property=\"og:description\" content=\"K\u00edm\u00e9letes, szenzit\u00edv textil\u00f6bl\u00edt\u0151, 1\u202f000\u202fml kiszerel\u00e9sben, amely puh\u00e1v\u00e1, antisztatikuss\u00e1 var\u00e1zsolja a ruh\u00e1kat, mik\u00f6zben hosszan tart\u00f3, diszkr\u00e9t illatot k\u00f6lcs\u00f6n\u00f6z.\" \/>\n<meta property=\"og:url\" content=\"https:\/\/mysouldrops.eu\/ukr\/product\/\u043a\u0440\u0430\u043f\u043b\u0456-\u043d\u0435\u043a\u0442\u0430\u0440\u043d\u0456-\u043a\u0440\u0430\u043f\u043b\u0456-\u043e\u0431\u043b\u0456\u0442\u043e-1000-\u043c\u043b\/\" \/>\n<meta property=\"og:site_name\" content=\"Souldrops International\" \/>\n<meta property=\"article:modified_time\" content=\"2026-02-25T08:37:18+00:00\" \/>\n<meta property=\"og:image\" content=\"https:\/\/mysouldrops.eu\/wp-content\/uploads\/2026\/02\/N10_EN_F-RAL4009_SZ-FEHER_INV_v6.png\" \/>\n\t<meta property=\"og:image:width\" content=\"3425\" \/>\n\t<meta property=\"og:image:height\" content=\"3425\" \/>\n\t<meta property=\"og:image:type\" content=\"image\/png\" \/>\n<meta name=\"twitter:card\" content=\"summary_large_image\" \/>\n<meta name=\"twitter:label1\" content=\"\u041f\u0440\u0438\u0431\u043b. \u0447\u0430\u0441 \u0447\u0438\u0442\u0430\u043d\u043d\u044f\" \/>\n\t<meta name=\"twitter:data1\" content=\"1 \u0445\u0432\u0438\u043b\u0438\u043d\u0430\" \/>\n<script type=\"application\/ld+json\" class=\"yoast-schema-graph\">{\"@context\":\"https:\\\/\\\/schema.org\",\"@graph\":[{\"@type\":\"WebPage\",\"@id\":\"https:\\\/\\\/mysouldrops.eu\\\/termek\\\/souldrops-nektarcsepp-oblito-1000-ml\\\/\",\"url\":\"https:\\\/\\\/mysouldrops.eu\\\/termek\\\/souldrops-nektarcsepp-oblito-1000-ml\\\/\",\"name\":\"Souldrops Nekt\u00e1rcsepp \u00d6bl\u00edt\u0151 (1000 ml) - Souldrops International\",\"isPartOf\":{\"@id\":\"https:\\\/\\\/mysouldrops.eu\\\/#website\"},\"primaryImageOfPage\":{\"@id\":\"https:\\\/\\\/mysouldrops.eu\\\/termek\\\/souldrops-nektarcsepp-oblito-1000-ml\\\/#primaryimage\"},\"image\":{\"@id\":\"https:\\\/\\\/mysouldrops.eu\\\/termek\\\/souldrops-nektarcsepp-oblito-1000-ml\\\/#primaryimage\"},\"thumbnailUrl\":\"https:\\\/\\\/mysouldrops.eu\\\/wp-content\\\/uploads\\\/2026\\\/02\\\/N10_EN_F-RAL4009_SZ-FEHER_INV_v6.png\",\"datePublished\":\"2025-07-13T18:06:19+00:00\",\"dateModified\":\"2026-02-25T08:37:18+00:00\",\"description\":\"K\u00edm\u00e9letes, szenzit\u00edv textil\u00f6bl\u00edt\u0151, 1\u202f000\u202fml kiszerel\u00e9sben, amely puh\u00e1v\u00e1, antisztatikuss\u00e1 var\u00e1zsolja a ruh\u00e1kat, mik\u00f6zben hosszan tart\u00f3, diszkr\u00e9t illatot k\u00f6lcs\u00f6n\u00f6z.\",\"breadcrumb\":{\"@id\":\"https:\\\/\\\/mysouldrops.eu\\\/termek\\\/souldrops-nektarcsepp-oblito-1000-ml\\\/#breadcrumb\"},\"inLanguage\":\"uk\",\"potentialAction\":[{\"@type\":\"ReadAction\",\"target\":[\"https:\\\/\\\/mysouldrops.eu\\\/termek\\\/souldrops-nektarcsepp-oblito-1000-ml\\\/\"]}]},{\"@type\":\"ImageObject\",\"inLanguage\":\"uk\",\"@id\":\"https:\\\/\\\/mysouldrops.eu\\\/termek\\\/souldrops-nektarcsepp-oblito-1000-ml\\\/#primaryimage\",\"url\":\"https:\\\/\\\/mysouldrops.eu\\\/wp-content\\\/uploads\\\/2026\\\/02\\\/N10_EN_F-RAL4009_SZ-FEHER_INV_v6.png\",\"contentUrl\":\"https:\\\/\\\/mysouldrops.eu\\\/wp-content\\\/uploads\\\/2026\\\/02\\\/N10_EN_F-RAL4009_SZ-FEHER_INV_v6.png\",\"width\":3425,\"height\":3425},{\"@type\":\"BreadcrumbList\",\"@id\":\"https:\\\/\\\/mysouldrops.eu\\\/termek\\\/souldrops-nektarcsepp-oblito-1000-ml\\\/#breadcrumb\",\"itemListElement\":[{\"@type\":\"ListItem\",\"position\":1,\"name\":\"Kezd\u0151lap\",\"item\":\"https:\\\/\\\/mysouldrops.eu\\\/\"},{\"@type\":\"ListItem\",\"position\":2,\"name\":\"Shop\",\"item\":\"https:\\\/\\\/mysouldrops.eu\\\/uzlet\\\/\"},{\"@type\":\"ListItem\",\"position\":3,\"name\":\"Souldrops Nekt\u00e1rcsepp \u00d6bl\u00edt\u0151 (1000 ml)\"}]},{\"@type\":\"WebSite\",\"@id\":\"https:\\\/\\\/mysouldrops.eu\\\/#website\",\"url\":\"https:\\\/\\\/mysouldrops.eu\\\/\",\"name\":\"Souldrops International\",\"description\":\"A Souldrops egy k\u00f6rnyezettudatos tiszt\u00edt\u00f3szerm\u00e1rka, amely term\u00e9szetes \u00f6sszetev\u0151kkel \u00e9s st\u00edlusos szeml\u00e9lettel teszi tiszt\u00e1bb\u00e1 a vil\u00e1got \u2013 k\u00edv\u00fcl \u00e9s bel\u00fcl\",\"potentialAction\":[{\"@type\":\"SearchAction\",\"target\":{\"@type\":\"EntryPoint\",\"urlTemplate\":\"https:\\\/\\\/mysouldrops.eu\\\/?s={search_term_string}\"},\"query-input\":{\"@type\":\"PropertyValueSpecification\",\"valueRequired\":true,\"valueName\":\"search_term_string\"}}],\"inLanguage\":\"uk\"}]}<\/script>\n<!-- \/ Yoast SEO plugin. -->","yoast_head_json":{"title":"Souldrops \u041d\u0435\u043a\u0442\u0430\u0440\u043d\u0456 \u043a\u0440\u0430\u043f\u043b\u0456 \u0434\u043b\u044f \u043f\u043e\u043b\u043e\u0441\u043a\u0430\u043d\u043d\u044f (1000 \u043c\u043b) - Souldrops International","description":"\u041c'\u044f\u043a\u0438\u0439, \u0434\u0435\u043b\u0456\u043a\u0430\u0442\u043d\u0438\u0439 \u043e\u043f\u043e\u043b\u0456\u0441\u043a\u0443\u0432\u0430\u0447 \u0434\u043b\u044f \u0442\u043a\u0430\u043d\u0438\u043d \u043e\u0431'\u0454\u043c\u043e\u043c 1 000 \u043c\u043b, \u044f\u043a\u0438\u0439 \u0440\u043e\u0431\u0438\u0442\u044c \u043e\u0434\u044f\u0433 \u043c'\u044f\u043a\u0438\u043c \u0456 \u0430\u043d\u0442\u0438\u0441\u0442\u0430\u0442\u0438\u0447\u043d\u0438\u043c, \u0437\u0430\u043b\u0438\u0448\u0430\u044e\u0447\u0438 \u043f\u0440\u0438 \u0446\u044c\u043e\u043c\u0443 \u0441\u0442\u0456\u0439\u043a\u0438\u0439, \u0441\u0442\u0440\u0438\u043c\u0430\u043d\u0438\u0439 \u0430\u0440\u043e\u043c\u0430\u0442.","robots":{"index":"index","follow":"follow","max-snippet":"max-snippet:-1","max-image-preview":"max-image-preview:large","max-video-preview":"max-video-preview:-1"},"canonical":"https:\/\/mysouldrops.eu\/ukr\/product\/\u043a\u0440\u0430\u043f\u043b\u0456-\u043d\u0435\u043a\u0442\u0430\u0440\u043d\u0456-\u043a\u0440\u0430\u043f\u043b\u0456-\u043e\u0431\u043b\u0456\u0442\u043e-1000-\u043c\u043b\/","og_locale":"uk_UA","og_type":"article","og_title":"Souldrops Nekt\u00e1rcsepp \u00d6bl\u00edt\u0151 (1000 ml) - Souldrops International","og_description":"K\u00edm\u00e9letes, szenzit\u00edv textil\u00f6bl\u00edt\u0151, 1\u202f000\u202fml kiszerel\u00e9sben, amely puh\u00e1v\u00e1, antisztatikuss\u00e1 var\u00e1zsolja a ruh\u00e1kat, mik\u00f6zben hosszan tart\u00f3, diszkr\u00e9t illatot k\u00f6lcs\u00f6n\u00f6z.","og_url":"https:\/\/mysouldrops.eu\/ukr\/product\/\u043a\u0440\u0430\u043f\u043b\u0456-\u043d\u0435\u043a\u0442\u0430\u0440\u043d\u0456-\u043a\u0440\u0430\u043f\u043b\u0456-\u043e\u0431\u043b\u0456\u0442\u043e-1000-\u043c\u043b\/","og_site_name":"Souldrops International","article_modified_time":"2026-02-25T08:37:18+00:00","og_image":[{"width":3425,"height":3425,"url":"https:\/\/mysouldrops.eu\/wp-content\/uploads\/2026\/02\/N10_EN_F-RAL4009_SZ-FEHER_INV_v6.png","type":"image\/png"}],"twitter_card":"summary_large_image","twitter_misc":{"\u041f\u0440\u0438\u0431\u043b. \u0447\u0430\u0441 \u0447\u0438\u0442\u0430\u043d\u043d\u044f":"1 \u0445\u0432\u0438\u043b\u0438\u043d\u0430"},"schema":{"@context":"https:\/\/schema.org","@graph":[{"@type":"WebPage","@id":"https:\/\/mysouldrops.eu\/termek\/souldrops-nektarcsepp-oblito-1000-ml\/","url":"https:\/\/mysouldrops.eu\/termek\/souldrops-nektarcsepp-oblito-1000-ml\/","name":"Souldrops \u041d\u0435\u043a\u0442\u0430\u0440\u043d\u0456 \u043a\u0440\u0430\u043f\u043b\u0456 \u0434\u043b\u044f \u043f\u043e\u043b\u043e\u0441\u043a\u0430\u043d\u043d\u044f (1000 \u043c\u043b) - Souldrops International","isPartOf":{"@id":"https:\/\/mysouldrops.eu\/#website"},"primaryImageOfPage":{"@id":"https:\/\/mysouldrops.eu\/termek\/souldrops-nektarcsepp-oblito-1000-ml\/#primaryimage"},"image":{"@id":"https:\/\/mysouldrops.eu\/termek\/souldrops-nektarcsepp-oblito-1000-ml\/#primaryimage"},"thumbnailUrl":"https:\/\/mysouldrops.eu\/wp-content\/uploads\/2026\/02\/N10_EN_F-RAL4009_SZ-FEHER_INV_v6.png","datePublished":"2025-07-13T18:06:19+00:00","dateModified":"2026-02-25T08:37:18+00:00","description":"\u041c'\u044f\u043a\u0438\u0439, \u0434\u0435\u043b\u0456\u043a\u0430\u0442\u043d\u0438\u0439 \u043e\u043f\u043e\u043b\u0456\u0441\u043a\u0443\u0432\u0430\u0447 \u0434\u043b\u044f \u0442\u043a\u0430\u043d\u0438\u043d \u043e\u0431'\u0454\u043c\u043e\u043c 1 000 \u043c\u043b, \u044f\u043a\u0438\u0439 \u0440\u043e\u0431\u0438\u0442\u044c \u043e\u0434\u044f\u0433 \u043c'\u044f\u043a\u0438\u043c \u0456 \u0430\u043d\u0442\u0438\u0441\u0442\u0430\u0442\u0438\u0447\u043d\u0438\u043c, \u0437\u0430\u043b\u0438\u0448\u0430\u044e\u0447\u0438 \u043f\u0440\u0438 \u0446\u044c\u043e\u043c\u0443 \u0441\u0442\u0456\u0439\u043a\u0438\u0439, \u0441\u0442\u0440\u0438\u043c\u0430\u043d\u0438\u0439 \u0430\u0440\u043e\u043c\u0430\u0442.","breadcrumb":{"@id":"https:\/\/mysouldrops.eu\/termek\/souldrops-nektarcsepp-oblito-1000-ml\/#breadcrumb"},"inLanguage":"uk","potentialAction":[{"@type":"ReadAction","target":["https:\/\/mysouldrops.eu\/termek\/souldrops-nektarcsepp-oblito-1000-ml\/"]}]},{"@type":"ImageObject","inLanguage":"uk","@id":"https:\/\/mysouldrops.eu\/termek\/souldrops-nektarcsepp-oblito-1000-ml\/#primaryimage","url":"https:\/\/mysouldrops.eu\/wp-content\/uploads\/2026\/02\/N10_EN_F-RAL4009_SZ-FEHER_INV_v6.png","contentUrl":"https:\/\/mysouldrops.eu\/wp-content\/uploads\/2026\/02\/N10_EN_F-RAL4009_SZ-FEHER_INV_v6.png","width":3425,"height":3425},{"@type":"BreadcrumbList","@id":"https:\/\/mysouldrops.eu\/termek\/souldrops-nektarcsepp-oblito-1000-ml\/#breadcrumb","itemListElement":[{"@type":"ListItem","position":1,"name":"Kezd\u0151lap","item":"https:\/\/mysouldrops.eu\/"},{"@type":"ListItem","position":2,"name":"Shop","item":"https:\/\/mysouldrops.eu\/uzlet\/"},{"@type":"ListItem","position":3,"name":"Souldrops Nekt\u00e1rcsepp \u00d6bl\u00edt\u0151 (1000 ml)"}]},{"@type":"WebSite","@id":"https:\/\/mysouldrops.eu\/#website","url":"https:\/\/mysouldrops.eu\/","name":"Souldrops International","description":"Souldrops - \u0446\u0435 \u0435\u043a\u043e\u043b\u043e\u0433\u0456\u0447\u043d\u0438\u0439 \u0431\u0440\u0435\u043d\u0434, \u044f\u043a\u0438\u0439 \u0432\u0438\u043a\u043e\u0440\u0438\u0441\u0442\u043e\u0432\u0443\u0454 \u043d\u0430\u0442\u0443\u0440\u0430\u043b\u044c\u043d\u0456 \u0456\u043d\u0433\u0440\u0435\u0434\u0456\u0454\u043d\u0442\u0438 \u0442\u0430 \u0441\u0442\u0438\u043b\u044c\u043d\u0438\u0439 \u043f\u0456\u0434\u0445\u0456\u0434, \u0449\u043e\u0431 \u0437\u0440\u043e\u0431\u0438\u0442\u0438 \u0441\u0432\u0456\u0442 \u0447\u0438\u0441\u0442\u0456\u0448\u0438\u043c - \u0432\u0441\u0435\u0440\u0435\u0434\u0438\u043d\u0456 \u0442\u0430 \u0437\u043e\u0432\u043d\u0456.","potentialAction":[{"@type":"SearchAction","target":{"@type":"EntryPoint","urlTemplate":"https:\/\/mysouldrops.eu\/?s={search_term_string}"},"query-input":{"@type":"PropertyValueSpecification","valueRequired":true,"valueName":"search_term_string"}}],"inLanguage":"uk"}]}},"jetpack_likes_enabled":true,"jetpack_sharing_enabled":true,"_links":{"self":[{"href":"https:\/\/mysouldrops.eu\/ukr\/wp-json\/wp\/v2\/product\/1090","targetHints":{"allow":["GET"]}}],"collection":[{"href":"https:\/\/mysouldrops.eu\/ukr\/wp-json\/wp\/v2\/product"}],"about":[{"href":"https:\/\/mysouldrops.eu\/ukr\/wp-json\/wp\/v2\/types\/product"}],"replies":[{"embeddable":true,"href":"https:\/\/mysouldrops.eu\/ukr\/wp-json\/wp\/v2\/comments?post=1090"}],"wp:featuredmedia":[{"embeddable":true,"href":"https:\/\/mysouldrops.eu\/ukr\/wp-json\/wp\/v2\/media\/3107"}],"wp:attachment":[{"href":"https:\/\/mysouldrops.eu\/ukr\/wp-json\/wp\/v2\/media?parent=1090"}],"wp:term":[{"taxonomy":"product_brand","embeddable":true,"href":"https:\/\/mysouldrops.eu\/ukr\/wp-json\/wp\/v2\/product_brand?post=1090"},{"taxonomy":"product_cat","embeddable":true,"href":"https:\/\/mysouldrops.eu\/ukr\/wp-json\/wp\/v2\/product_cat?post=1090"},{"taxonomy":"product_tag","embeddable":true,"href":"https:\/\/mysouldrops.eu\/ukr\/wp-json\/wp\/v2\/product_tag?post=1090"}],"curies":[{"name":"wp","href":"https:\/\/api.w.org\/{rel}","templated":true}]}}