{"id":991,"date":"2025-07-04T13:26:15","date_gmt":"2025-07-04T11:26:15","guid":{"rendered":"https:\/\/mysouldrops.eu\/?post_type=product&#038;p=991"},"modified":"2026-02-25T14:31:18","modified_gmt":"2026-02-25T13:31:18","slug":"%d0%bf%d0%be%d1%81%d1%83%d0%b4%d0%be%d0%bc%d0%b8%d0%b9%d0%bd%d0%b0-%d0%bc%d0%b0%d1%88%d0%b8%d0%bd%d0%b0-souldrops-holdcsepp","status":"publish","type":"product","link":"https:\/\/mysouldrops.eu\/ukr\/termek\/souldrops-holdcsepp-mosogatoszer\/","title":{"rendered":"\u0420\u0456\u0434\u0438\u043d\u0430 \u0434\u043b\u044f \u043c\u0438\u0442\u0442\u044f \u043f\u043e\u0441\u0443\u0434\u0443 Souldrops Holddrop (750 \u043c\u043b)"},"content":{"rendered":"<p data-start=\"385\" data-end=\"875\">A <strong data-start=\"387\" data-end=\"432\">\u0417\u0430\u0441\u0456\u0431 \u0434\u043b\u044f \u043c\u0438\u0442\u0442\u044f \u043f\u043e\u0441\u0443\u0434\u0443 Souldrops Earth Drop <\/strong>\u0454 \u043e\u0434\u043d\u043e\u0447\u0430\u0441\u043d\u043e \u043c'\u044f\u043a\u0438\u043c \u0442\u0430 \u0435\u0444\u0435\u043a\u0442\u0438\u0432\u043d\u0438\u043c, \u0456\u0434\u0435\u0430\u043b\u044c\u043d\u043e \u043f\u0456\u0434\u0445\u043e\u0434\u0438\u0442\u044c \u0434\u043b\u044f \u0435\u043a\u043e\u043b\u043e\u0433\u0456\u0447\u043d\u043e \u0441\u0432\u0456\u0434\u043e\u043c\u0438\u0445 \u0434\u043e\u043c\u043e\u0433\u043e\u0441\u043f\u043e\u0434\u0430\u0440\u0441\u0442\u0432. \u041c\u0456\u0441\u0442\u0438\u0442\u044c \u0430\u043d\u0456\u043e\u043d\u043d\u0456 \u0442\u0430 \u0430\u043c\u0444\u043e\u0442\u0435\u0440\u043d\u0456 \u043f\u043e\u0432\u0435\u0440\u0445\u043d\u0435\u0432\u043e-\u0430\u043a\u0442\u0438\u0432\u043d\u0456 \u0440\u0435\u0447\u043e\u0432\u0438\u043d\u0438 \u0440\u043e\u0441\u043b\u0438\u043d\u043d\u043e\u0433\u043e \u043f\u043e\u0445\u043e\u0434\u0436\u0435\u043d\u043d\u044f, \u044f\u043a\u0456 \u0448\u0432\u0438\u0434\u043a\u043e \u0456 \u0440\u0435\u0442\u0435\u043b\u044c\u043d\u043e \u0432\u0438\u0434\u0430\u043b\u044f\u044e\u0442\u044c \u0436\u0438\u0440\u043d\u0438\u0439 \u0431\u0440\u0443\u0434, \u0437\u0430\u0445\u0438\u0449\u0430\u044e\u0447\u0438 \u0448\u043a\u0456\u0440\u0443 \u0442\u0430 \u043d\u0430\u0432\u043a\u043e\u043b\u0438\u0448\u043d\u0454 \u0441\u0435\u0440\u0435\u0434\u043e\u0432\u0438\u0449\u0435 \u0432\u0456\u0434 \u0448\u043a\u0456\u0434\u043b\u0438\u0432\u0438\u0445 \u0440\u0435\u0447\u043e\u0432\u0438\u043d. \u0419\u043e\u0433\u043e \u0444\u043e\u0440\u043c\u0443\u043b\u0430, \u0449\u043e \u043d\u0435 \u043c\u0456\u0441\u0442\u0438\u0442\u044c \u043d\u0430\u0444\u0442\u043e\u043f\u0440\u043e\u0434\u0443\u043a\u0442\u0456\u0432, \u0444\u043e\u0441\u0444\u043e\u0440\u0443 \u0442\u0430 \u043f\u043e\u043b\u0456\u043c\u0435\u0440\u0456\u0432, \u0440\u0435\u0442\u0435\u043b\u044c\u043d\u043e \u043f\u0456\u0434\u0456\u0431\u0440\u0430\u043d\u0430 \u0437 \u0430\u0440\u043e\u043c\u0430\u0442\u043e\u043c \u0437\u0435\u043b\u0435\u043d\u043e\u0433\u043e \u0447\u0430\u044e, \u0449\u043e \u043d\u0435 \u0443\u0442\u0432\u043e\u0440\u044e\u0454 \u0442\u0443\u043c\u0430\u043d\u0443, \u0449\u043e\u0431 \u0437\u0440\u043e\u0431\u0438\u0442\u0438 \u043c\u0438\u0442\u0442\u044f \u043f\u043e\u0441\u0443\u0434\u0443 \u043e\u0441\u0432\u0456\u0436\u0430\u044e\u0447\u0438\u043c.<\/p>\n<p data-start=\"877\" data-end=\"896\"><strong data-start=\"877\" data-end=\"896\">\u041e\u0441\u043d\u043e\u0432\u043d\u0456 \u0445\u0430\u0440\u0430\u043a\u0442\u0435\u0440\u0438\u0441\u0442\u0438\u043a\u0438:<\/strong><\/p>\n<ul>\n<li data-start=\"899\" data-end=\"946\">&lt; 5 \u0430\u043d\u0456\u043e\u043d\u043d\u0438\u0445 \u0442\u0430 \u0430\u043c\u0444\u043e\u0442\u0435\u0440\u043d\u0438\u0445 \u043f\u043e\u0432\u0435\u0440\u0445\u043d\u0435\u0432\u043e-\u0430\u043a\u0442\u0438\u0432\u043d\u0438\u0445 \u0440\u0435\u0447\u043e\u0432\u0438\u043d %<\/li>\n<li data-start=\"899\" data-end=\"946\">\u0410\u0440\u043e\u043c\u0430\u0442: \u0437\u0435\u043b\u0435\u043d\u043e\u0433\u043e \u0447\u0430\u044e<\/li>\n<li data-start=\"899\" data-end=\"946\">\u041a\u043e\u043d\u0441\u0435\u0440\u0432\u0430\u043d\u0442\u0438: \u0431\u0435\u043d\u0437\u043e\u0430\u0442 \u043d\u0430\u0442\u0440\u0456\u044e, \u0441\u043e\u0440\u0431\u0430\u0442 \u043a\u0430\u043b\u0456\u044e<\/li>\n<li data-start=\"899\" data-end=\"946\">\u0411\u0456\u043e\u0440\u043e\u0437\u043a\u043b\u0430\u0434\u043d\u0438\u0439, \u0432\u0435\u0433\u0430\u043d\u0441\u044c\u043a\u0438\u0439, \u0431\u0435\u0437 \u0442\u0435\u0441\u0442\u0443\u0432\u0430\u043d\u043d\u044f \u043d\u0430 \u0442\u0432\u0430\u0440\u0438\u043d\u0430\u0445<\/li>\n<\/ul>\n<p data-start=\"1074\" data-end=\"1100\"><strong data-start=\"1074\" data-end=\"1098\">\u0406\u043d\u0441\u0442\u0440\u0443\u043a\u0446\u0456\u044f \u043f\u043e \u0437\u0430\u0441\u0442\u043e\u0441\u0443\u0432\u0430\u043d\u043d\u044e:<\/strong><\/p>\n<ul>\n<li data-start=\"1103\" data-end=\"1157\">\u0414\u043b\u044f \u0441\u0435\u0440\u0435\u0434\u043d\u0456\u0445 \u0437\u0430\u0431\u0440\u0443\u0434\u043d\u0435\u043d\u044c: 2 \u043c\u043b \u0437\u0430\u0441\u043e\u0431\u0443 \u0434\u043b\u044f \u043c\u0438\u0442\u0442\u044f \u043f\u043e\u0441\u0443\u0434\u0443 \/ 1 \u043b \u0432\u043e\u0434\u0438<\/li>\n<li data-start=\"1103\" data-end=\"1157\">\u0414\u043b\u044f \u0441\u0438\u043b\u044c\u043d\u0438\u0445 \u0437\u0430\u0431\u0440\u0443\u0434\u043d\u0435\u043d\u044c: 4 \u043c\u043b \u0437\u0430\u0441\u043e\u0431\u0443 \u0434\u043b\u044f \u043c\u0438\u0442\u0442\u044f \u043f\u043e\u0441\u0443\u0434\u0443 \/ 1 \u043b \u0432\u043e\u0434\u0438<\/li>\n<\/ul>\n<p data-start=\"1213\" data-end=\"1312\"><em>\u041f\u0440\u0430\u0432\u0438\u043b\u044c\u043d\u0435 \u0434\u043e\u0437\u0443\u0432\u0430\u043d\u043d\u044f \u0434\u043e\u043f\u043e\u043c\u0430\u0433\u0430\u0454 \u0435\u043a\u043e\u043d\u043e\u043c\u0438\u0442\u0438 \u0432\u043e\u0434\u0443 \u0442\u0430 \u0435\u043d\u0435\u0440\u0433\u0456\u044e, \u0430 \u0442\u0430\u043a\u043e\u0436 \u0437\u043c\u0435\u043d\u0448\u0443\u0454 \u0432\u043f\u043b\u0438\u0432 \u043d\u0430 \u043d\u0430\u0432\u043a\u043e\u043b\u0438\u0448\u043d\u0454 \u0441\u0435\u0440\u0435\u0434\u043e\u0432\u0438\u0449\u0435.<\/em><\/p>\n<p data-start=\"1314\" data-end=\"1341\"><strong data-start=\"1314\" data-end=\"1339\">\u0411\u0435\u0437\u043f\u0435\u043a\u0430 \u0442\u0430 \u0437\u0431\u0435\u0440\u0456\u0433\u0430\u043d\u043d\u044f:<\/strong><\/p>\n<ul>\n<li data-start=\"1344\" data-end=\"1376\">\u0417\u0431\u0435\u0440\u0456\u0433\u0430\u0442\u0438 \u0432 \u043d\u0435\u0434\u043e\u0441\u0442\u0443\u043f\u043d\u043e\u043c\u0443 \u0434\u043b\u044f \u0434\u0456\u0442\u0435\u0439 \u043c\u0456\u0441\u0446\u0456.<\/li>\n<li data-start=\"1344\" data-end=\"1376\">\u0423 \u0440\u0430\u0437\u0456 \u043f\u043e\u0442\u0440\u0430\u043f\u043b\u044f\u043d\u043d\u044f \u043d\u0430 \u0448\u043a\u0456\u0440\u0443 \u043d\u0435\u0433\u0430\u0439\u043d\u043e \u043f\u0440\u043e\u043c\u0438\u0442\u0438 \u0457\u0457 \u0432\u0435\u043b\u0438\u043a\u043e\u044e \u043a\u0456\u043b\u044c\u043a\u0456\u0441\u0442\u044e \u0432\u043e\u0434\u0438.<\/li>\n<li data-start=\"1344\" data-end=\"1376\">\u0422\u0435\u043c\u043f\u0435\u0440\u0430\u0442\u0443\u0440\u0430 \u0437\u0431\u0435\u0440\u0456\u0433\u0430\u043d\u043d\u044f: 5-25 \u00b0C<\/li>\n<li data-start=\"1344\" data-end=\"1376\">\u0423\u043f\u0430\u043a\u043e\u0432\u043a\u0430 \u0432\u0438\u0433\u043e\u0442\u043e\u0432\u043b\u0435\u043d\u0430 \u0437 \u043f\u043b\u0430\u0441\u0442\u0438\u043a\u0443, \u0449\u043e \u043f\u0456\u0434\u043b\u044f\u0433\u0430\u0454 \u0432\u0442\u043e\u0440\u0438\u043d\u043d\u0456\u0439 \u043f\u0435\u0440\u0435\u0440\u043e\u0431\u0446\u0456, \u0456 \u0437 \u043d\u0435\u044e \u0441\u043b\u0456\u0434 \u043f\u043e\u0432\u043e\u0434\u0438\u0442\u0438\u0441\u044f \u0432\u0456\u0434\u043f\u043e\u0432\u0456\u0434\u043d\u043e \u0434\u043e \u043c\u0456\u0441\u0446\u0435\u0432\u0438\u0445 \u043f\u0440\u0430\u0432\u0438\u043b \u043f\u043e\u0432\u043e\u0434\u0436\u0435\u043d\u043d\u044f \u0437 \u0432\u0456\u0434\u0445\u043e\u0434\u0430\u043c\u0438.<\/li>\n<\/ul>","protected":false},"excerpt":{"rendered":"<p>\u0415\u0444\u0435\u043a\u0442\u0438\u0432\u043d\u0438\u0439 \u0437\u0430\u0441\u0456\u0431 \u0434\u043b\u044f \u043c\u0438\u0442\u0442\u044f \u043f\u043e\u0441\u0443\u0434\u0443 \u043d\u0430 \u0440\u043e\u0441\u043b\u0438\u043d\u043d\u0456\u0439 \u043e\u0441\u043d\u043e\u0432\u0456 \u043e\u0431'\u0454\u043c\u043e\u043c 750 \u043c\u043b, \u0449\u043e \u043d\u0435 \u043c\u0456\u0441\u0442\u0438\u0442\u044c \u043d\u0430\u0444\u0442\u043e\u043f\u0440\u043e\u0434\u0443\u043a\u0442\u0456\u0432, \u0431\u0456\u043e\u043b\u043e\u0433\u0456\u0447\u043d\u043e \u0440\u043e\u0437\u043a\u043b\u0430\u0434\u0430\u0454\u0442\u044c\u0441\u044f \u0442\u0430 \u043d\u0435 \u0442\u0435\u0441\u0442\u0443\u0454\u0442\u044c\u0441\u044f \u043d\u0430 \u0442\u0432\u0430\u0440\u0438\u043d\u0430\u0445, \u0437 \u043d\u0435\u043f\u043e\u043c\u0456\u0442\u043d\u0438\u043c \u0430\u0440\u043e\u043c\u0430\u0442\u043e\u043c \u0437\u0435\u043b\u0435\u043d\u043e\u0433\u043e \u0447\u0430\u044e, \u044f\u043a\u0438\u0439 \u0437\u0431\u0435\u0440\u0456\u0433\u0430\u0454 \u0432\u0456\u0434\u0447\u0443\u0442\u0442\u044f \u0435\u043a\u043e\u043b\u043e\u0433\u0456\u0447\u043d\u043e \u0447\u0438\u0441\u0442\u043e\u0433\u043e \u043c\u0438\u0442\u0442\u044f \u043f\u043e\u0441\u0443\u0434\u0443.<\/p>","protected":false},"featured_media":2326,"comment_status":"open","ping_status":"closed","template":"","meta":[],"product_brand":[1377],"product_cat":[1383],"product_tag":[1479,1454,1471,1470,1474,1462,1461,1491,1516,1515,1519,1473,1497,1460,1468,1439,1500,1466,1518,1517],"class_list":{"0":"post-991","1":"product","2":"type-product","3":"status-publish","4":"has-post-thumbnail","6":"product_brand-souldrops","7":"product_cat-mosogatoszer","8":"product_tag-750ml","9":"product_tag-erzekeny-borre","10":"product_tag-okohatekony","11":"product_tag-borbarat","12":"product_tag-foszfatmentes","13":"product_tag-hipoallergen","14":"product_tag-holdcsepp","15":"product_tag-illatmentes","16":"product_tag-kezkimelo-mosogatoszer","17":"product_tag-kornyezetbarat-tisztitoszer","18":"product_tag-kornyezetkimelo-haztartas","19":"product_tag-klormentes","20":"product_tag-magyar-termek","21":"product_tag-mosogatoszer","22":"product_tag-sls-mentes","23":"product_tag-souldrops","24":"product_tag-termeszetes-osszetevok","25":"product_tag-vegan-termek","26":"product_tag-vegyszermentes","27":"product_tag-zsiroldo-hatas","29":"first","30":"instock","31":"taxable","32":"shipping-taxable","33":"product-type-simple"},"yoast_head":"<!-- This site is optimized with the Yoast SEO plugin v27.4 - https:\/\/yoast.com\/product\/yoast-seo-wordpress\/ -->\n<title>Souldrops Holdcsepp Mosogat\u00f3szer (750 ml) - Souldrops International<\/title>\n<meta name=\"description\" content=\"Hat\u00e9kony, n\u00f6v\u00e9nyi alap\u00fa mosogat\u00f3szer 750\u202fml kiszerel\u00e9sben \u2013 k\u0151olajmentes, biol\u00f3giailag leboml\u00f3 \u00e9s \u00e1llatk\u00eds\u00e9rlet-mentes formula, diszkr\u00e9t, z\u00f6ld tea illattal, amely megtartja a k\u00f6rnyezetbar\u00e1t mosogat\u00e1s \u00e9lm\u00e9ny\u00e9t.\" \/>\n<meta name=\"robots\" content=\"index, follow, max-snippet:-1, max-image-preview:large, max-video-preview:-1\" \/>\n<link rel=\"canonical\" href=\"https:\/\/mysouldrops.eu\/ukr\/product\/\u043f\u043e\u0441\u0443\u0434\u043e\u043c\u0438\u0439\u043d\u0430-\u043c\u0430\u0448\u0438\u043d\u0430-souldrops-holdcsepp\/\" \/>\n<meta property=\"og:locale\" content=\"uk_UA\" \/>\n<meta property=\"og:type\" content=\"article\" \/>\n<meta property=\"og:title\" content=\"Souldrops Holdcsepp Mosogat\u00f3szer (750 ml) - Souldrops International\" \/>\n<meta property=\"og:description\" content=\"Hat\u00e9kony, n\u00f6v\u00e9nyi alap\u00fa mosogat\u00f3szer 750\u202fml kiszerel\u00e9sben \u2013 k\u0151olajmentes, biol\u00f3giailag leboml\u00f3 \u00e9s \u00e1llatk\u00eds\u00e9rlet-mentes formula, diszkr\u00e9t, z\u00f6ld tea illattal, amely megtartja a k\u00f6rnyezetbar\u00e1t mosogat\u00e1s \u00e9lm\u00e9ny\u00e9t.\" \/>\n<meta property=\"og:url\" content=\"https:\/\/mysouldrops.eu\/ukr\/product\/\u043f\u043e\u0441\u0443\u0434\u043e\u043c\u0438\u0439\u043d\u0430-\u043c\u0430\u0448\u0438\u043d\u0430-souldrops-holdcsepp\/\" \/>\n<meta property=\"og:site_name\" content=\"Souldrops International\" \/>\n<meta property=\"article:modified_time\" content=\"2026-02-25T13:31:18+00:00\" \/>\n<meta property=\"og:image\" content=\"https:\/\/mysouldrops.eu\/wp-content\/uploads\/2025\/09\/H075_REG-ECOLABEL_F-PAN317_SZ-PANBlack7_NINV_v6.png\" \/>\n\t<meta property=\"og:image:width\" content=\"3425\" \/>\n\t<meta property=\"og:image:height\" content=\"3425\" \/>\n\t<meta property=\"og:image:type\" content=\"image\/png\" \/>\n<meta name=\"twitter:card\" content=\"summary_large_image\" \/>\n<meta name=\"twitter:label1\" content=\"\u041f\u0440\u0438\u0431\u043b. \u0447\u0430\u0441 \u0447\u0438\u0442\u0430\u043d\u043d\u044f\" \/>\n\t<meta name=\"twitter:data1\" content=\"1 \u0445\u0432\u0438\u043b\u0438\u043d\u0430\" \/>\n<script type=\"application\/ld+json\" class=\"yoast-schema-graph\">{\"@context\":\"https:\\\/\\\/schema.org\",\"@graph\":[{\"@type\":\"WebPage\",\"@id\":\"https:\\\/\\\/mysouldrops.eu\\\/termek\\\/souldrops-holdcsepp-mosogatoszer\\\/\",\"url\":\"https:\\\/\\\/mysouldrops.eu\\\/termek\\\/souldrops-holdcsepp-mosogatoszer\\\/\",\"name\":\"Souldrops Holdcsepp Mosogat\u00f3szer (750 ml) - Souldrops International\",\"isPartOf\":{\"@id\":\"https:\\\/\\\/mysouldrops.eu\\\/#website\"},\"primaryImageOfPage\":{\"@id\":\"https:\\\/\\\/mysouldrops.eu\\\/termek\\\/souldrops-holdcsepp-mosogatoszer\\\/#primaryimage\"},\"image\":{\"@id\":\"https:\\\/\\\/mysouldrops.eu\\\/termek\\\/souldrops-holdcsepp-mosogatoszer\\\/#primaryimage\"},\"thumbnailUrl\":\"https:\\\/\\\/mysouldrops.eu\\\/wp-content\\\/uploads\\\/2025\\\/09\\\/H075_REG-ECOLABEL_F-PAN317_SZ-PANBlack7_NINV_v6.png\",\"datePublished\":\"2025-07-04T11:26:15+00:00\",\"dateModified\":\"2026-02-25T13:31:18+00:00\",\"description\":\"Hat\u00e9kony, n\u00f6v\u00e9nyi alap\u00fa mosogat\u00f3szer 750\u202fml kiszerel\u00e9sben \u2013 k\u0151olajmentes, biol\u00f3giailag leboml\u00f3 \u00e9s \u00e1llatk\u00eds\u00e9rlet-mentes formula, diszkr\u00e9t, z\u00f6ld tea illattal, amely megtartja a k\u00f6rnyezetbar\u00e1t mosogat\u00e1s \u00e9lm\u00e9ny\u00e9t.\",\"breadcrumb\":{\"@id\":\"https:\\\/\\\/mysouldrops.eu\\\/termek\\\/souldrops-holdcsepp-mosogatoszer\\\/#breadcrumb\"},\"inLanguage\":\"uk\",\"potentialAction\":[{\"@type\":\"ReadAction\",\"target\":[\"https:\\\/\\\/mysouldrops.eu\\\/termek\\\/souldrops-holdcsepp-mosogatoszer\\\/\"]}]},{\"@type\":\"ImageObject\",\"inLanguage\":\"uk\",\"@id\":\"https:\\\/\\\/mysouldrops.eu\\\/termek\\\/souldrops-holdcsepp-mosogatoszer\\\/#primaryimage\",\"url\":\"https:\\\/\\\/mysouldrops.eu\\\/wp-content\\\/uploads\\\/2025\\\/09\\\/H075_REG-ECOLABEL_F-PAN317_SZ-PANBlack7_NINV_v6.png\",\"contentUrl\":\"https:\\\/\\\/mysouldrops.eu\\\/wp-content\\\/uploads\\\/2025\\\/09\\\/H075_REG-ECOLABEL_F-PAN317_SZ-PANBlack7_NINV_v6.png\",\"width\":3425,\"height\":3425},{\"@type\":\"BreadcrumbList\",\"@id\":\"https:\\\/\\\/mysouldrops.eu\\\/termek\\\/souldrops-holdcsepp-mosogatoszer\\\/#breadcrumb\",\"itemListElement\":[{\"@type\":\"ListItem\",\"position\":1,\"name\":\"Kezd\u0151lap\",\"item\":\"https:\\\/\\\/mysouldrops.eu\\\/\"},{\"@type\":\"ListItem\",\"position\":2,\"name\":\"Shop\",\"item\":\"https:\\\/\\\/mysouldrops.eu\\\/uzlet\\\/\"},{\"@type\":\"ListItem\",\"position\":3,\"name\":\"Souldrops Holdcsepp Mosogat\u00f3szer (750 ml)\"}]},{\"@type\":\"WebSite\",\"@id\":\"https:\\\/\\\/mysouldrops.eu\\\/#website\",\"url\":\"https:\\\/\\\/mysouldrops.eu\\\/\",\"name\":\"Souldrops International\",\"description\":\"A Souldrops egy k\u00f6rnyezettudatos tiszt\u00edt\u00f3szerm\u00e1rka, amely term\u00e9szetes \u00f6sszetev\u0151kkel \u00e9s st\u00edlusos szeml\u00e9lettel teszi tiszt\u00e1bb\u00e1 a vil\u00e1got \u2013 k\u00edv\u00fcl \u00e9s bel\u00fcl\",\"potentialAction\":[{\"@type\":\"SearchAction\",\"target\":{\"@type\":\"EntryPoint\",\"urlTemplate\":\"https:\\\/\\\/mysouldrops.eu\\\/?s={search_term_string}\"},\"query-input\":{\"@type\":\"PropertyValueSpecification\",\"valueRequired\":true,\"valueName\":\"search_term_string\"}}],\"inLanguage\":\"uk\"}]}<\/script>\n<!-- \/ Yoast SEO plugin. -->","yoast_head_json":{"title":"\u0420\u0456\u0434\u0438\u043d\u0430 \u0434\u043b\u044f \u043c\u0438\u0442\u0442\u044f \u043f\u043e\u0441\u0443\u0434\u0443 Souldrops Holddrop (750 \u043c\u043b) - Souldrops International","description":"\u0415\u0444\u0435\u043a\u0442\u0438\u0432\u043d\u0438\u0439 \u0437\u0430\u0441\u0456\u0431 \u0434\u043b\u044f \u043c\u0438\u0442\u0442\u044f \u043f\u043e\u0441\u0443\u0434\u0443 \u043d\u0430 \u0440\u043e\u0441\u043b\u0438\u043d\u043d\u0456\u0439 \u043e\u0441\u043d\u043e\u0432\u0456 \u043e\u0431'\u0454\u043c\u043e\u043c 750 \u043c\u043b, \u0449\u043e \u043d\u0435 \u043c\u0456\u0441\u0442\u0438\u0442\u044c \u043d\u0430\u0444\u0442\u043e\u043f\u0440\u043e\u0434\u0443\u043a\u0442\u0456\u0432, \u0431\u0456\u043e\u043b\u043e\u0433\u0456\u0447\u043d\u043e \u0440\u043e\u0437\u043a\u043b\u0430\u0434\u0430\u0454\u0442\u044c\u0441\u044f \u0442\u0430 \u043d\u0435 \u0442\u0435\u0441\u0442\u0443\u0454\u0442\u044c\u0441\u044f \u043d\u0430 \u0442\u0432\u0430\u0440\u0438\u043d\u0430\u0445, \u0437 \u043d\u0435\u043f\u043e\u043c\u0456\u0442\u043d\u0438\u043c \u0430\u0440\u043e\u043c\u0430\u0442\u043e\u043c \u0437\u0435\u043b\u0435\u043d\u043e\u0433\u043e \u0447\u0430\u044e, \u044f\u043a\u0438\u0439 \u0437\u0431\u0435\u0440\u0456\u0433\u0430\u0454 \u0432\u0456\u0434\u0447\u0443\u0442\u0442\u044f \u0435\u043a\u043e\u043b\u043e\u0433\u0456\u0447\u043d\u043e \u0447\u0438\u0441\u0442\u043e\u0433\u043e \u043c\u0438\u0442\u0442\u044f \u043f\u043e\u0441\u0443\u0434\u0443.","robots":{"index":"index","follow":"follow","max-snippet":"max-snippet:-1","max-image-preview":"max-image-preview:large","max-video-preview":"max-video-preview:-1"},"canonical":"https:\/\/mysouldrops.eu\/ukr\/product\/\u043f\u043e\u0441\u0443\u0434\u043e\u043c\u0438\u0439\u043d\u0430-\u043c\u0430\u0448\u0438\u043d\u0430-souldrops-holdcsepp\/","og_locale":"uk_UA","og_type":"article","og_title":"Souldrops Holdcsepp Mosogat\u00f3szer (750 ml) - Souldrops International","og_description":"Hat\u00e9kony, n\u00f6v\u00e9nyi alap\u00fa mosogat\u00f3szer 750\u202fml kiszerel\u00e9sben \u2013 k\u0151olajmentes, biol\u00f3giailag leboml\u00f3 \u00e9s \u00e1llatk\u00eds\u00e9rlet-mentes formula, diszkr\u00e9t, z\u00f6ld tea illattal, amely megtartja a k\u00f6rnyezetbar\u00e1t mosogat\u00e1s \u00e9lm\u00e9ny\u00e9t.","og_url":"https:\/\/mysouldrops.eu\/ukr\/product\/\u043f\u043e\u0441\u0443\u0434\u043e\u043c\u0438\u0439\u043d\u0430-\u043c\u0430\u0448\u0438\u043d\u0430-souldrops-holdcsepp\/","og_site_name":"Souldrops International","article_modified_time":"2026-02-25T13:31:18+00:00","og_image":[{"width":3425,"height":3425,"url":"https:\/\/mysouldrops.eu\/wp-content\/uploads\/2025\/09\/H075_REG-ECOLABEL_F-PAN317_SZ-PANBlack7_NINV_v6.png","type":"image\/png"}],"twitter_card":"summary_large_image","twitter_misc":{"\u041f\u0440\u0438\u0431\u043b. \u0447\u0430\u0441 \u0447\u0438\u0442\u0430\u043d\u043d\u044f":"1 \u0445\u0432\u0438\u043b\u0438\u043d\u0430"},"schema":{"@context":"https:\/\/schema.org","@graph":[{"@type":"WebPage","@id":"https:\/\/mysouldrops.eu\/termek\/souldrops-holdcsepp-mosogatoszer\/","url":"https:\/\/mysouldrops.eu\/termek\/souldrops-holdcsepp-mosogatoszer\/","name":"\u0420\u0456\u0434\u0438\u043d\u0430 \u0434\u043b\u044f \u043c\u0438\u0442\u0442\u044f \u043f\u043e\u0441\u0443\u0434\u0443 Souldrops Holddrop (750 \u043c\u043b) - Souldrops International","isPartOf":{"@id":"https:\/\/mysouldrops.eu\/#website"},"primaryImageOfPage":{"@id":"https:\/\/mysouldrops.eu\/termek\/souldrops-holdcsepp-mosogatoszer\/#primaryimage"},"image":{"@id":"https:\/\/mysouldrops.eu\/termek\/souldrops-holdcsepp-mosogatoszer\/#primaryimage"},"thumbnailUrl":"https:\/\/mysouldrops.eu\/wp-content\/uploads\/2025\/09\/H075_REG-ECOLABEL_F-PAN317_SZ-PANBlack7_NINV_v6.png","datePublished":"2025-07-04T11:26:15+00:00","dateModified":"2026-02-25T13:31:18+00:00","description":"\u0415\u0444\u0435\u043a\u0442\u0438\u0432\u043d\u0438\u0439 \u0437\u0430\u0441\u0456\u0431 \u0434\u043b\u044f \u043c\u0438\u0442\u0442\u044f \u043f\u043e\u0441\u0443\u0434\u0443 \u043d\u0430 \u0440\u043e\u0441\u043b\u0438\u043d\u043d\u0456\u0439 \u043e\u0441\u043d\u043e\u0432\u0456 \u043e\u0431'\u0454\u043c\u043e\u043c 750 \u043c\u043b, \u0449\u043e \u043d\u0435 \u043c\u0456\u0441\u0442\u0438\u0442\u044c \u043d\u0430\u0444\u0442\u043e\u043f\u0440\u043e\u0434\u0443\u043a\u0442\u0456\u0432, \u0431\u0456\u043e\u043b\u043e\u0433\u0456\u0447\u043d\u043e \u0440\u043e\u0437\u043a\u043b\u0430\u0434\u0430\u0454\u0442\u044c\u0441\u044f \u0442\u0430 \u043d\u0435 \u0442\u0435\u0441\u0442\u0443\u0454\u0442\u044c\u0441\u044f \u043d\u0430 \u0442\u0432\u0430\u0440\u0438\u043d\u0430\u0445, \u0437 \u043d\u0435\u043f\u043e\u043c\u0456\u0442\u043d\u0438\u043c \u0430\u0440\u043e\u043c\u0430\u0442\u043e\u043c \u0437\u0435\u043b\u0435\u043d\u043e\u0433\u043e \u0447\u0430\u044e, \u044f\u043a\u0438\u0439 \u0437\u0431\u0435\u0440\u0456\u0433\u0430\u0454 \u0432\u0456\u0434\u0447\u0443\u0442\u0442\u044f \u0435\u043a\u043e\u043b\u043e\u0433\u0456\u0447\u043d\u043e \u0447\u0438\u0441\u0442\u043e\u0433\u043e \u043c\u0438\u0442\u0442\u044f \u043f\u043e\u0441\u0443\u0434\u0443.","breadcrumb":{"@id":"https:\/\/mysouldrops.eu\/termek\/souldrops-holdcsepp-mosogatoszer\/#breadcrumb"},"inLanguage":"uk","potentialAction":[{"@type":"ReadAction","target":["https:\/\/mysouldrops.eu\/termek\/souldrops-holdcsepp-mosogatoszer\/"]}]},{"@type":"ImageObject","inLanguage":"uk","@id":"https:\/\/mysouldrops.eu\/termek\/souldrops-holdcsepp-mosogatoszer\/#primaryimage","url":"https:\/\/mysouldrops.eu\/wp-content\/uploads\/2025\/09\/H075_REG-ECOLABEL_F-PAN317_SZ-PANBlack7_NINV_v6.png","contentUrl":"https:\/\/mysouldrops.eu\/wp-content\/uploads\/2025\/09\/H075_REG-ECOLABEL_F-PAN317_SZ-PANBlack7_NINV_v6.png","width":3425,"height":3425},{"@type":"BreadcrumbList","@id":"https:\/\/mysouldrops.eu\/termek\/souldrops-holdcsepp-mosogatoszer\/#breadcrumb","itemListElement":[{"@type":"ListItem","position":1,"name":"Kezd\u0151lap","item":"https:\/\/mysouldrops.eu\/"},{"@type":"ListItem","position":2,"name":"Shop","item":"https:\/\/mysouldrops.eu\/uzlet\/"},{"@type":"ListItem","position":3,"name":"Souldrops Holdcsepp Mosogat\u00f3szer (750 ml)"}]},{"@type":"WebSite","@id":"https:\/\/mysouldrops.eu\/#website","url":"https:\/\/mysouldrops.eu\/","name":"Souldrops International","description":"Souldrops - \u0446\u0435 \u0435\u043a\u043e\u043b\u043e\u0433\u0456\u0447\u043d\u0438\u0439 \u0431\u0440\u0435\u043d\u0434, \u044f\u043a\u0438\u0439 \u0432\u0438\u043a\u043e\u0440\u0438\u0441\u0442\u043e\u0432\u0443\u0454 \u043d\u0430\u0442\u0443\u0440\u0430\u043b\u044c\u043d\u0456 \u0456\u043d\u0433\u0440\u0435\u0434\u0456\u0454\u043d\u0442\u0438 \u0442\u0430 \u0441\u0442\u0438\u043b\u044c\u043d\u0438\u0439 \u043f\u0456\u0434\u0445\u0456\u0434, \u0449\u043e\u0431 \u0437\u0440\u043e\u0431\u0438\u0442\u0438 \u0441\u0432\u0456\u0442 \u0447\u0438\u0441\u0442\u0456\u0448\u0438\u043c - \u0432\u0441\u0435\u0440\u0435\u0434\u0438\u043d\u0456 \u0442\u0430 \u0437\u043e\u0432\u043d\u0456.","potentialAction":[{"@type":"SearchAction","target":{"@type":"EntryPoint","urlTemplate":"https:\/\/mysouldrops.eu\/?s={search_term_string}"},"query-input":{"@type":"PropertyValueSpecification","valueRequired":true,"valueName":"search_term_string"}}],"inLanguage":"uk"}]}},"jetpack_likes_enabled":true,"jetpack_sharing_enabled":true,"_links":{"self":[{"href":"https:\/\/mysouldrops.eu\/ukr\/wp-json\/wp\/v2\/product\/991","targetHints":{"allow":["GET"]}}],"collection":[{"href":"https:\/\/mysouldrops.eu\/ukr\/wp-json\/wp\/v2\/product"}],"about":[{"href":"https:\/\/mysouldrops.eu\/ukr\/wp-json\/wp\/v2\/types\/product"}],"replies":[{"embeddable":true,"href":"https:\/\/mysouldrops.eu\/ukr\/wp-json\/wp\/v2\/comments?post=991"}],"wp:featuredmedia":[{"embeddable":true,"href":"https:\/\/mysouldrops.eu\/ukr\/wp-json\/wp\/v2\/media\/2326"}],"wp:attachment":[{"href":"https:\/\/mysouldrops.eu\/ukr\/wp-json\/wp\/v2\/media?parent=991"}],"wp:term":[{"taxonomy":"product_brand","embeddable":true,"href":"https:\/\/mysouldrops.eu\/ukr\/wp-json\/wp\/v2\/product_brand?post=991"},{"taxonomy":"product_cat","embeddable":true,"href":"https:\/\/mysouldrops.eu\/ukr\/wp-json\/wp\/v2\/product_cat?post=991"},{"taxonomy":"product_tag","embeddable":true,"href":"https:\/\/mysouldrops.eu\/ukr\/wp-json\/wp\/v2\/product_tag?post=991"}],"curies":[{"name":"wp","href":"https:\/\/api.w.org\/{rel}","templated":true}]}}